{"id":53247,"date":"2024-05-07T11:45:59","date_gmt":"2024-05-07T08:45:59","guid":{"rendered":"https:\/\/gohike.lv\/produkts\/naturehike-xs01-kosmetiska-soma-kokvilna\/"},"modified":"2025-12-30T17:10:20","modified_gmt":"2025-12-30T14:10:20","slug":"naturehike-xs01-kosmetiska-soma-kokvilna","status":"publish","type":"product","link":"https:\/\/gohike.lv\/ru\/produkts\/naturehike-xs01-kosmetiska-soma-kokvilna\/","title":{"rendered":"Naturehike &#8212; XS01 kokvilnas kosm\u0113tikas soma"},"content":{"rendered":"<p>Paredz\u0113ta dekorat\u012bv\u0101s kosm\u0113tikas, k\u0101 ar\u012b person\u012bg\u0101s higi\u0113nas pre\u010du uzglab\u0101\u0161anai.<br \/>\nIetilp\u012bga un \u0113rta.<br \/>\nKosm\u0113tikas somi\u0146ai ir viens nodal\u012bjums, k\u0101 ar\u012b siksni\u0146a \u0113rtai p\u0101rn\u0113s\u0101\u0161anai.<br \/>\nIzgatavota no poliestera un kokvilnas, kas ir \u016bdensnecaurlaid\u012bgs. Viegli attais\u0101ma.<br \/>\nAugstas kvalit\u0101tes YKK r\u0101v\u0113jsl\u0113dz\u0113js.<br \/>\nKosm\u0113tikas somi\u0146a ir maza, t\u0101p\u0113c to var viegli ievietot ce\u013cojumu som\u0101.<br \/>\nRaksturlielumi:<br \/>\nTilpums: 3 l;<br \/>\nIzm\u0113ri: 10 x 13 x 23 cm;<br \/>\nMateri\u0101ls: poliesters, kokvilna;<br \/>\nKr\u0101sa: ol\u012bvu;<br \/>\nSvars: 110 g.<\/p>\n","protected":false},"excerpt":{"rendered":"<p>Viegla un kompakta Naturehike kosm\u0113tikas soma ir lieliski piem\u0113rota ce\u013co\u0161anai. To var izmantot person\u012bg\u0101s higi\u0113nas l\u012bdzek\u013cu uzglab\u0101\u0161anai. Izgatavota no \u016bdeni atgr\u016bdo\u0161a materi\u0101la. Paredz\u0113ta ikdienas lieto\u0161anai. Tilpums 3l.<\/p>\n","protected":false},"featured_media":33696,"template":"","meta":[],"product_brand":[167],"product_cat":[1380],"product_tag":[],"class_list":{"0":"post-53247","1":"product","2":"type-product","3":"status-publish","4":"has-post-thumbnail","6":"product_brand-naturehike-lv","7":"product_cat-higiena","8":"pa_izmeriscm-10134","9":"pa_materiali-poliestera-kokvilna","10":"pa_materiali-ykk","11":"pa_produkta-tips-kosmetikas-sominas","12":"pa_spalva-armijas-zals","13":"pa_spalva-haki","14":"pa_spalva-melns","16":"first","17":"instock","18":"taxable","19":"shipping-taxable","20":"purchasable","21":"product-type-variable"},"raw_content":{"name":"Naturehike - XS01 kokvilnas kosm\u0113tikas soma","description":"Paredz\u0113ta dekorat\u012bv\u0101s kosm\u0113tikas, k\u0101 ar\u012b person\u012bg\u0101s higi\u0113nas pre\u010du uzglab\u0101\u0161anai.\nIetilp\u012bga un \u0113rta.\nKosm\u0113tikas somi\u0146ai ir viens nodal\u012bjums, k\u0101 ar\u012b siksni\u0146a \u0113rtai p\u0101rn\u0113s\u0101\u0161anai.\nIzgatavota no poliestera un kokvilnas, kas ir \u016bdensnecaurlaid\u012bgs. Viegli attais\u0101ma.\nAugstas kvalit\u0101tes YKK r\u0101v\u0113jsl\u0113dz\u0113js.\nKosm\u0113tikas somi\u0146a ir maza, t\u0101p\u0113c to var viegli ievietot ce\u013cojumu som\u0101.\nRaksturlielumi:\nTilpums: 3 l;\nIzm\u0113ri: 10 x 13 x 23 cm;\nMateri\u0101ls: poliesters, kokvilna;\nKr\u0101sa: ol\u012bvu;\nSvars: 110 g.","short_description":"Viegla un kompakta Naturehike kosm\u0113tikas soma ir lieliski piem\u0113rota ce\u013co\u0161anai. To var izmantot person\u012bg\u0101s higi\u0113nas l\u012bdzek\u013cu uzglab\u0101\u0161anai. Izgatavota no \u016bdeni atgr\u016bdo\u0161a materi\u0101la. Paredz\u0113ta ikdienas lieto\u0161anai. Tilpums 3l.","status":"publish","sku":"nature4456","original":53247},"wpml":{"translation_type":1,"has_translations":true,"original":53247,"duplicates":[],"translations":{"lv":53247,"en":67930,"ru":null}},"supplier_id":null,"supplier_sku":"","barcode":null,"atum_controlled":true,"out_stock_date":null,"out_stock_threshold":null,"inheritable":true,"inbound_stock":0,"stock_on_hold":0,"sold_today":0,"sales_last_days":0,"reserved_stock":0,"customer_returns":0,"warehouse_damage":0,"lost_in_post":0,"other_logs":0,"out_stock_days":0,"lost_sales":0,"has_location":false,"update_date":"2025-12-30T14:13:28","atum_locations":[],"atum_stock_status":"instock","restock_status":false,"low_stock_amount":"","sales_update_date":"2025-11-13T14:07:24","calc_backorders":null,"yoast_head":"<!-- This site is optimized with the Yoast SEO plugin v27.3 - https:\/\/yoast.com\/product\/yoast-seo-wordpress\/ -->\n<title>Naturehike - XS01 kokvilnas kosm\u0113tikas soma<\/title>\n<meta name=\"description\" content=\"Viegla un kompakta Naturehike kosm\u0113tikas soma ir lieliski piem\u0113rota ce\u013co\u0161anai. To var izmantot person\u012bg\u0101s higi\u0113nas l\u012bdzek\u013cu uzglab\u0101\u0161anai.\" \/>\n<meta name=\"robots\" content=\"index, follow, max-snippet:-1, max-image-preview:large, max-video-preview:-1\" \/>\n<link rel=\"canonical\" href=\"https:\/\/gohike.lv\/ru\/produkts\/naturehike-xs01-kosmetiska-soma-kokvilna\/\" \/>\n<meta property=\"og:locale\" content=\"ru_RU\" \/>\n<meta property=\"og:type\" content=\"article\" \/>\n<meta property=\"og:title\" content=\"Naturehike - Kosm\u0113tika somi\u0146a\" \/>\n<meta property=\"og:description\" content=\"Viegla un kompakta Naturehike kosm\u0113tikas soma ir lieliski piem\u0113rota ce\u013co\u0161anai. To var izmantot person\u012bg\u0101s higi\u0113nas l\u012bdzek\u013cu uzglab\u0101\u0161anai.\" \/>\n<meta property=\"og:url\" content=\"https:\/\/gohike.lv\/ru\/produkts\/naturehike-xs01-kosmetiska-soma-kokvilna\/\" \/>\n<meta property=\"og:site_name\" content=\"GoHike\" \/>\n<meta property=\"article:publisher\" content=\"https:\/\/www.facebook.com\/gohike.shop\/\" \/>\n<meta property=\"article:modified_time\" content=\"2025-12-30T14:10:20+00:00\" \/>\n<meta property=\"og:image\" content=\"https:\/\/gohike.lv\/wp-content\/uploads\/2024\/04\/XS01cotton_green-1.webp\" \/>\n\t<meta property=\"og:image:width\" content=\"800\" \/>\n\t<meta property=\"og:image:height\" content=\"800\" \/>\n\t<meta property=\"og:image:type\" content=\"image\/webp\" \/>\n<meta name=\"twitter:card\" content=\"summary_large_image\" \/>\n<meta name=\"twitter:title\" content=\"Naturehike - Kosm\u0113tika somi\u0146a\" \/>\n<meta name=\"twitter:label1\" content=\"\u041f\u0440\u0438\u043c\u0435\u0440\u043d\u043e\u0435 \u0432\u0440\u0435\u043c\u044f \u0434\u043b\u044f \u0447\u0442\u0435\u043d\u0438\u044f\" \/>\n\t<meta name=\"twitter:data1\" content=\"1 \u043c\u0438\u043d\u0443\u0442\u0430\" \/>\n<script type=\"application\/ld+json\" class=\"yoast-schema-graph\">{\"@context\":\"https:\\\/\\\/schema.org\",\"@graph\":[{\"@type\":[\"WebPage\",\"ItemPage\"],\"@id\":\"https:\\\/\\\/gohike.lv\\\/ru\\\/produkts\\\/naturehike-xs01-kosmetiska-soma-kokvilna\\\/\",\"url\":\"https:\\\/\\\/gohike.lv\\\/ru\\\/produkts\\\/naturehike-xs01-kosmetiska-soma-kokvilna\\\/\",\"name\":\"Naturehike - XS01 kokvilnas kosm\u0113tikas soma\",\"isPartOf\":{\"@id\":\"https:\\\/\\\/gohike.lv\\\/ru\\\/#website\"},\"primaryImageOfPage\":{\"@id\":\"https:\\\/\\\/gohike.lv\\\/ru\\\/produkts\\\/naturehike-xs01-kosmetiska-soma-kokvilna\\\/#primaryimage\"},\"image\":{\"@id\":\"https:\\\/\\\/gohike.lv\\\/ru\\\/produkts\\\/naturehike-xs01-kosmetiska-soma-kokvilna\\\/#primaryimage\"},\"thumbnailUrl\":\"https:\\\/\\\/gohike.lv\\\/wp-content\\\/uploads\\\/2024\\\/04\\\/XS01cotton_green-1.webp\",\"datePublished\":\"2024-05-07T08:45:59+00:00\",\"dateModified\":\"2025-12-30T14:10:20+00:00\",\"description\":\"Viegla un kompakta Naturehike kosm\u0113tikas soma ir lieliski piem\u0113rota ce\u013co\u0161anai. To var izmantot person\u012bg\u0101s higi\u0113nas l\u012bdzek\u013cu uzglab\u0101\u0161anai.\",\"breadcrumb\":{\"@id\":\"https:\\\/\\\/gohike.lv\\\/ru\\\/produkts\\\/naturehike-xs01-kosmetiska-soma-kokvilna\\\/#breadcrumb\"},\"inLanguage\":\"ru-RU\",\"potentialAction\":[{\"@type\":\"ReadAction\",\"target\":[\"https:\\\/\\\/gohike.lv\\\/ru\\\/produkts\\\/naturehike-xs01-kosmetiska-soma-kokvilna\\\/\"]}]},{\"@type\":\"ImageObject\",\"inLanguage\":\"ru-RU\",\"@id\":\"https:\\\/\\\/gohike.lv\\\/ru\\\/produkts\\\/naturehike-xs01-kosmetiska-soma-kokvilna\\\/#primaryimage\",\"url\":\"https:\\\/\\\/gohike.lv\\\/wp-content\\\/uploads\\\/2024\\\/04\\\/XS01cotton_green-1.webp\",\"contentUrl\":\"https:\\\/\\\/gohike.lv\\\/wp-content\\\/uploads\\\/2024\\\/04\\\/XS01cotton_green-1.webp\",\"width\":800,\"height\":800},{\"@type\":\"BreadcrumbList\",\"@id\":\"https:\\\/\\\/gohike.lv\\\/ru\\\/produkts\\\/naturehike-xs01-kosmetiska-soma-kokvilna\\\/#breadcrumb\",\"itemListElement\":[{\"@type\":\"ListItem\",\"position\":1,\"name\":\"\u0413\u043b\u0430\u0432\u043d\u0430\u044f\",\"item\":\"https:\\\/\\\/gohike.lv\\\/ru\\\/\"},{\"@type\":\"ListItem\",\"position\":2,\"name\":\"\u041a\u0430\u0442\u0435\u0433\u043e\u0440\u0438\u0438 \u0442\u043e\u0432\u0430\u0440\u043e\u0432\",\"item\":\"https:\\\/\\\/gohike.lv\\\/%d0%ba%d0%b0%d1%82%d0%b5%d0%b3%d0%be%d1%80%d0%b8%d0%b8-%d1%82%d0%be%d0%b2%d0%b0%d1%80%d0%be%d0%b2\\\/\"},{\"@type\":\"ListItem\",\"position\":3,\"name\":\"Naturehike &#8211; XS01 kokvilnas kosm\u0113tikas soma\"}]},{\"@type\":\"WebSite\",\"@id\":\"https:\\\/\\\/gohike.lv\\\/ru\\\/#website\",\"url\":\"https:\\\/\\\/gohike.lv\\\/ru\\\/\",\"name\":\"GoHike\",\"description\":\"\",\"publisher\":{\"@id\":\"https:\\\/\\\/gohike.lv\\\/ru\\\/#organization\"},\"potentialAction\":[{\"@type\":\"SearchAction\",\"target\":{\"@type\":\"EntryPoint\",\"urlTemplate\":\"https:\\\/\\\/gohike.lv\\\/ru\\\/?s={search_term_string}\"},\"query-input\":{\"@type\":\"PropertyValueSpecification\",\"valueRequired\":true,\"valueName\":\"search_term_string\"}}],\"inLanguage\":\"ru-RU\"},{\"@type\":\"Organization\",\"@id\":\"https:\\\/\\\/gohike.lv\\\/ru\\\/#organization\",\"name\":\"GoHike\",\"url\":\"https:\\\/\\\/gohike.lv\\\/ru\\\/\",\"logo\":{\"@type\":\"ImageObject\",\"inLanguage\":\"ru-RU\",\"@id\":\"https:\\\/\\\/gohike.lv\\\/ru\\\/#\\\/schema\\\/logo\\\/image\\\/\",\"url\":\"https:\\\/\\\/gohike.lv\\\/wp-content\\\/uploads\\\/2023\\\/08\\\/Logo_GoHike.webp\",\"contentUrl\":\"https:\\\/\\\/gohike.lv\\\/wp-content\\\/uploads\\\/2023\\\/08\\\/Logo_GoHike.webp\",\"width\":512,\"height\":512,\"caption\":\"GoHike\"},\"image\":{\"@id\":\"https:\\\/\\\/gohike.lv\\\/ru\\\/#\\\/schema\\\/logo\\\/image\\\/\"},\"sameAs\":[\"https:\\\/\\\/www.facebook.com\\\/gohike.shop\\\/\",\"https:\\\/\\\/www.instagram.com\\\/gohike.shop\\\/\"]}]}<\/script>\n<!-- \/ Yoast SEO plugin. -->","yoast_head_json":{"title":"Naturehike - XS01 kokvilnas kosm\u0113tikas soma","description":"Viegla un kompakta Naturehike kosm\u0113tikas soma ir lieliski piem\u0113rota ce\u013co\u0161anai. To var izmantot person\u012bg\u0101s higi\u0113nas l\u012bdzek\u013cu uzglab\u0101\u0161anai.","robots":{"index":"index","follow":"follow","max-snippet":"max-snippet:-1","max-image-preview":"max-image-preview:large","max-video-preview":"max-video-preview:-1"},"canonical":"https:\/\/gohike.lv\/ru\/produkts\/naturehike-xs01-kosmetiska-soma-kokvilna\/","og_locale":"ru_RU","og_type":"article","og_title":"Naturehike - Kosm\u0113tika somi\u0146a","og_description":"Viegla un kompakta Naturehike kosm\u0113tikas soma ir lieliski piem\u0113rota ce\u013co\u0161anai. To var izmantot person\u012bg\u0101s higi\u0113nas l\u012bdzek\u013cu uzglab\u0101\u0161anai.","og_url":"https:\/\/gohike.lv\/ru\/produkts\/naturehike-xs01-kosmetiska-soma-kokvilna\/","og_site_name":"GoHike","article_publisher":"https:\/\/www.facebook.com\/gohike.shop\/","article_modified_time":"2025-12-30T14:10:20+00:00","og_image":[{"width":800,"height":800,"url":"https:\/\/gohike.lv\/wp-content\/uploads\/2024\/04\/XS01cotton_green-1.webp","type":"image\/webp"}],"twitter_card":"summary_large_image","twitter_title":"Naturehike - Kosm\u0113tika somi\u0146a","twitter_misc":{"\u041f\u0440\u0438\u043c\u0435\u0440\u043d\u043e\u0435 \u0432\u0440\u0435\u043c\u044f \u0434\u043b\u044f \u0447\u0442\u0435\u043d\u0438\u044f":"1 \u043c\u0438\u043d\u0443\u0442\u0430"},"schema":{"@context":"https:\/\/schema.org","@graph":[{"@type":["WebPage","ItemPage"],"@id":"https:\/\/gohike.lv\/ru\/produkts\/naturehike-xs01-kosmetiska-soma-kokvilna\/","url":"https:\/\/gohike.lv\/ru\/produkts\/naturehike-xs01-kosmetiska-soma-kokvilna\/","name":"Naturehike - XS01 kokvilnas kosm\u0113tikas soma","isPartOf":{"@id":"https:\/\/gohike.lv\/ru\/#website"},"primaryImageOfPage":{"@id":"https:\/\/gohike.lv\/ru\/produkts\/naturehike-xs01-kosmetiska-soma-kokvilna\/#primaryimage"},"image":{"@id":"https:\/\/gohike.lv\/ru\/produkts\/naturehike-xs01-kosmetiska-soma-kokvilna\/#primaryimage"},"thumbnailUrl":"https:\/\/gohike.lv\/wp-content\/uploads\/2024\/04\/XS01cotton_green-1.webp","datePublished":"2024-05-07T08:45:59+00:00","dateModified":"2025-12-30T14:10:20+00:00","description":"Viegla un kompakta Naturehike kosm\u0113tikas soma ir lieliski piem\u0113rota ce\u013co\u0161anai. To var izmantot person\u012bg\u0101s higi\u0113nas l\u012bdzek\u013cu uzglab\u0101\u0161anai.","breadcrumb":{"@id":"https:\/\/gohike.lv\/ru\/produkts\/naturehike-xs01-kosmetiska-soma-kokvilna\/#breadcrumb"},"inLanguage":"ru-RU","potentialAction":[{"@type":"ReadAction","target":["https:\/\/gohike.lv\/ru\/produkts\/naturehike-xs01-kosmetiska-soma-kokvilna\/"]}]},{"@type":"ImageObject","inLanguage":"ru-RU","@id":"https:\/\/gohike.lv\/ru\/produkts\/naturehike-xs01-kosmetiska-soma-kokvilna\/#primaryimage","url":"https:\/\/gohike.lv\/wp-content\/uploads\/2024\/04\/XS01cotton_green-1.webp","contentUrl":"https:\/\/gohike.lv\/wp-content\/uploads\/2024\/04\/XS01cotton_green-1.webp","width":800,"height":800},{"@type":"BreadcrumbList","@id":"https:\/\/gohike.lv\/ru\/produkts\/naturehike-xs01-kosmetiska-soma-kokvilna\/#breadcrumb","itemListElement":[{"@type":"ListItem","position":1,"name":"\u0413\u043b\u0430\u0432\u043d\u0430\u044f","item":"https:\/\/gohike.lv\/ru\/"},{"@type":"ListItem","position":2,"name":"\u041a\u0430\u0442\u0435\u0433\u043e\u0440\u0438\u0438 \u0442\u043e\u0432\u0430\u0440\u043e\u0432","item":"https:\/\/gohike.lv\/%d0%ba%d0%b0%d1%82%d0%b5%d0%b3%d0%be%d1%80%d0%b8%d0%b8-%d1%82%d0%be%d0%b2%d0%b0%d1%80%d0%be%d0%b2\/"},{"@type":"ListItem","position":3,"name":"Naturehike &#8211; XS01 kokvilnas kosm\u0113tikas soma"}]},{"@type":"WebSite","@id":"https:\/\/gohike.lv\/ru\/#website","url":"https:\/\/gohike.lv\/ru\/","name":"GoHike","description":"","publisher":{"@id":"https:\/\/gohike.lv\/ru\/#organization"},"potentialAction":[{"@type":"SearchAction","target":{"@type":"EntryPoint","urlTemplate":"https:\/\/gohike.lv\/ru\/?s={search_term_string}"},"query-input":{"@type":"PropertyValueSpecification","valueRequired":true,"valueName":"search_term_string"}}],"inLanguage":"ru-RU"},{"@type":"Organization","@id":"https:\/\/gohike.lv\/ru\/#organization","name":"GoHike","url":"https:\/\/gohike.lv\/ru\/","logo":{"@type":"ImageObject","inLanguage":"ru-RU","@id":"https:\/\/gohike.lv\/ru\/#\/schema\/logo\/image\/","url":"https:\/\/gohike.lv\/wp-content\/uploads\/2023\/08\/Logo_GoHike.webp","contentUrl":"https:\/\/gohike.lv\/wp-content\/uploads\/2023\/08\/Logo_GoHike.webp","width":512,"height":512,"caption":"GoHike"},"image":{"@id":"https:\/\/gohike.lv\/ru\/#\/schema\/logo\/image\/"},"sameAs":["https:\/\/www.facebook.com\/gohike.shop\/","https:\/\/www.instagram.com\/gohike.shop\/"]}]}},"jetpack_sharing_enabled":true,"_links":{"self":[{"href":"https:\/\/gohike.lv\/ru\/wp-json\/wp\/v2\/product\/53247","targetHints":{"allow":["GET"]}}],"collection":[{"href":"https:\/\/gohike.lv\/ru\/wp-json\/wp\/v2\/product"}],"about":[{"href":"https:\/\/gohike.lv\/ru\/wp-json\/wp\/v2\/types\/product"}],"version-history":[{"count":0,"href":"https:\/\/gohike.lv\/ru\/wp-json\/wp\/v2\/product\/53247\/revisions"}],"wp:featuredmedia":[{"embeddable":true,"href":"https:\/\/gohike.lv\/ru\/wp-json\/wp\/v2\/media\/33696"}],"wp:attachment":[{"href":"https:\/\/gohike.lv\/ru\/wp-json\/wp\/v2\/media?parent=53247"}],"wp:term":[{"taxonomy":"product_brand","embeddable":true,"href":"https:\/\/gohike.lv\/ru\/wp-json\/wp\/v2\/product_brand?post=53247"},{"taxonomy":"product_cat","embeddable":true,"href":"https:\/\/gohike.lv\/ru\/wp-json\/wp\/v2\/product_cat?post=53247"},{"taxonomy":"product_tag","embeddable":true,"href":"https:\/\/gohike.lv\/ru\/wp-json\/wp\/v2\/product_tag?post=53247"}],"curies":[{"name":"wp","href":"https:\/\/api.w.org\/{rel}","templated":true}]}}