{"id":53241,"date":"2024-05-07T11:45:43","date_gmt":"2024-05-07T08:45:43","guid":{"rendered":"https:\/\/gohike.lv\/produkts\/naturehike-dc-c09-piepusamais-supultikls\/"},"modified":"2025-12-30T17:24:42","modified_gmt":"2025-12-30T14:24:42","slug":"naturehike-dc-c09-piepusamais-supultikls","status":"publish","type":"product","link":"https:\/\/gohike.lv\/ru\/produkts\/naturehike-dc-c09-piepusamais-supultikls\/","title":{"rendered":"Naturehike &#8212; DC-C09 Piep\u016b\u0161amais \u0161\u016bpu\u013ct\u012bkls"},"content":{"rendered":"<p>TPU piep\u016b\u0161am\u0101 caurule stabili atbalsta galvu, t\u0101 \u0113rti, stabili piegu\u013c kaklam un nov\u0113r\u0161 apg\u0101\u0161anos.<br \/>\nPreces svara iztur\u012bba ir l\u012bdz 400 kg, piem\u0113rota da\u017e\u0101diem \u0137erme\u0146a tipiem.<br \/>\nAudums ir m\u012bksts un iztur\u012bgs, izgatavots no 210T augstas \u0161\u0137iedras neilona, \u200b\u200biztur\u012bgs pret pl\u012bsumiem.<\/p>\n","protected":false},"excerpt":{"rendered":"<p>\u012apa\u0161i viegls, augstas iztur\u012bbas dubultais \u0161\u016bpu\u013ct\u012bkls.<\/p>\n","protected":false},"featured_media":61794,"template":"","meta":[],"product_brand":[167],"product_cat":[4526],"product_tag":[],"class_list":{"0":"post-53241","1":"product","2":"type-product","3":"status-publish","4":"has-post-thumbnail","6":"product_brand-naturehike-lv","7":"product_cat-supultikli","8":"pa_izturiba-lidz-200-kg","9":"pa_izversts-izmers-240x173cm","10":"pa_materiali-210t-augstas-skiedras-neilons","11":"pa_produkta-tips-supultikli","12":"pa_spalva-dzeltens","14":"first","15":"instock","16":"taxable","17":"shipping-taxable","18":"purchasable","19":"product-type-simple"},"raw_content":{"name":"Naturehike - DC-C09 Piep\u016b\u0161amais \u0161\u016bpu\u013ct\u012bkls","description":"TPU piep\u016b\u0161am\u0101 caurule stabili atbalsta galvu, t\u0101 \u0113rti, stabili piegu\u013c kaklam un nov\u0113r\u0161 apg\u0101\u0161anos.\nPreces svara iztur\u012bba ir l\u012bdz 400 kg, piem\u0113rota da\u017e\u0101diem \u0137erme\u0146a tipiem.\nAudums ir m\u012bksts un iztur\u012bgs, izgatavots no 210T augstas \u0161\u0137iedras neilona, \u200b\u200biztur\u012bgs pret pl\u012bsumiem.","short_description":"\u012apa\u0161i viegls, augstas iztur\u012bbas dubultais \u0161\u016bpu\u013ct\u012bkls.","status":"publish","sku":"6927595777367","original":53241},"wpml":{"translation_type":1,"has_translations":true,"original":53241,"duplicates":[],"translations":{"lv":53241,"en":67933,"ru":null}},"supplier_id":null,"supplier_sku":"","barcode":null,"atum_controlled":true,"out_stock_date":null,"out_stock_threshold":null,"inheritable":false,"inbound_stock":null,"stock_on_hold":0,"sold_today":0,"sales_last_days":0,"reserved_stock":null,"customer_returns":null,"warehouse_damage":null,"lost_in_post":null,"other_logs":null,"out_stock_days":0,"lost_sales":0,"has_location":null,"update_date":"2025-12-30T14:30:38","atum_locations":[],"atum_stock_status":"instock","restock_status":false,"low_stock_amount":"","sales_update_date":"2025-11-13T14:07:49","calc_backorders":null,"yoast_head":"<!-- This site is optimized with the Yoast SEO plugin v27.3 - https:\/\/yoast.com\/product\/yoast-seo-wordpress\/ -->\n<title>Naturehike - DC-C09 Piep\u016b\u0161amais \u0161\u016bpu\u013ct\u012bkls<\/title>\n<meta name=\"description\" content=\"\u012apa\u0161i viegls, augstas iztur\u012bbas dubultais \u0161\u016bpu\u013ct\u012bkls.\" \/>\n<meta name=\"robots\" content=\"index, follow, max-snippet:-1, max-image-preview:large, max-video-preview:-1\" \/>\n<link rel=\"canonical\" href=\"https:\/\/gohike.lv\/ru\/produkts\/naturehike-dc-c09-piepusamais-supultikls\/\" \/>\n<meta property=\"og:locale\" content=\"ru_RU\" \/>\n<meta property=\"og:type\" content=\"article\" \/>\n<meta property=\"og:title\" content=\"Naturehike - \u0160\u016bpu\u013ct\u012bkls\" \/>\n<meta property=\"og:description\" content=\"\u012apa\u0161i viegls, augstas iztur\u012bbas dubultais \u0161\u016bpu\u013ct\u012bkls.\" \/>\n<meta property=\"og:url\" content=\"https:\/\/gohike.lv\/ru\/produkts\/naturehike-dc-c09-piepusamais-supultikls\/\" \/>\n<meta property=\"og:site_name\" content=\"GoHike\" \/>\n<meta property=\"article:publisher\" content=\"https:\/\/www.facebook.com\/gohike.shop\/\" \/>\n<meta property=\"article:modified_time\" content=\"2025-12-30T14:24:42+00:00\" \/>\n<meta property=\"og:image\" content=\"https:\/\/gohike.lv\/wp-content\/uploads\/2024\/05\/156127.970x970.png.webp\" \/>\n\t<meta property=\"og:image:width\" content=\"970\" \/>\n\t<meta property=\"og:image:height\" content=\"970\" \/>\n\t<meta property=\"og:image:type\" content=\"image\/webp\" \/>\n<meta name=\"twitter:card\" content=\"summary_large_image\" \/>\n<meta name=\"twitter:title\" content=\"Naturehike - \u0160\u016bpu\u013ct\u012bkls\" \/>\n<meta name=\"twitter:label1\" content=\"\u041f\u0440\u0438\u043c\u0435\u0440\u043d\u043e\u0435 \u0432\u0440\u0435\u043c\u044f \u0434\u043b\u044f \u0447\u0442\u0435\u043d\u0438\u044f\" \/>\n\t<meta name=\"twitter:data1\" content=\"1 \u043c\u0438\u043d\u0443\u0442\u0430\" \/>\n<script type=\"application\/ld+json\" class=\"yoast-schema-graph\">{\"@context\":\"https:\\\/\\\/schema.org\",\"@graph\":[{\"@type\":[\"WebPage\",\"ItemPage\"],\"@id\":\"https:\\\/\\\/gohike.lv\\\/ru\\\/produkts\\\/naturehike-dc-c09-piepusamais-supultikls\\\/\",\"url\":\"https:\\\/\\\/gohike.lv\\\/ru\\\/produkts\\\/naturehike-dc-c09-piepusamais-supultikls\\\/\",\"name\":\"Naturehike - DC-C09 Piep\u016b\u0161amais \u0161\u016bpu\u013ct\u012bkls\",\"isPartOf\":{\"@id\":\"https:\\\/\\\/gohike.lv\\\/ru\\\/#website\"},\"primaryImageOfPage\":{\"@id\":\"https:\\\/\\\/gohike.lv\\\/ru\\\/produkts\\\/naturehike-dc-c09-piepusamais-supultikls\\\/#primaryimage\"},\"image\":{\"@id\":\"https:\\\/\\\/gohike.lv\\\/ru\\\/produkts\\\/naturehike-dc-c09-piepusamais-supultikls\\\/#primaryimage\"},\"thumbnailUrl\":\"https:\\\/\\\/gohike.lv\\\/wp-content\\\/uploads\\\/2024\\\/05\\\/156127.970x970.png.webp\",\"datePublished\":\"2024-05-07T08:45:43+00:00\",\"dateModified\":\"2025-12-30T14:24:42+00:00\",\"description\":\"\u012apa\u0161i viegls, augstas iztur\u012bbas dubultais \u0161\u016bpu\u013ct\u012bkls.\",\"breadcrumb\":{\"@id\":\"https:\\\/\\\/gohike.lv\\\/ru\\\/produkts\\\/naturehike-dc-c09-piepusamais-supultikls\\\/#breadcrumb\"},\"inLanguage\":\"ru-RU\",\"potentialAction\":[{\"@type\":\"ReadAction\",\"target\":[\"https:\\\/\\\/gohike.lv\\\/ru\\\/produkts\\\/naturehike-dc-c09-piepusamais-supultikls\\\/\"]}]},{\"@type\":\"ImageObject\",\"inLanguage\":\"ru-RU\",\"@id\":\"https:\\\/\\\/gohike.lv\\\/ru\\\/produkts\\\/naturehike-dc-c09-piepusamais-supultikls\\\/#primaryimage\",\"url\":\"https:\\\/\\\/gohike.lv\\\/wp-content\\\/uploads\\\/2024\\\/05\\\/156127.970x970.png.webp\",\"contentUrl\":\"https:\\\/\\\/gohike.lv\\\/wp-content\\\/uploads\\\/2024\\\/05\\\/156127.970x970.png.webp\",\"width\":970,\"height\":970},{\"@type\":\"BreadcrumbList\",\"@id\":\"https:\\\/\\\/gohike.lv\\\/ru\\\/produkts\\\/naturehike-dc-c09-piepusamais-supultikls\\\/#breadcrumb\",\"itemListElement\":[{\"@type\":\"ListItem\",\"position\":1,\"name\":\"\u0413\u043b\u0430\u0432\u043d\u0430\u044f\",\"item\":\"https:\\\/\\\/gohike.lv\\\/ru\\\/\"},{\"@type\":\"ListItem\",\"position\":2,\"name\":\"\u041a\u0430\u0442\u0435\u0433\u043e\u0440\u0438\u0438 \u0442\u043e\u0432\u0430\u0440\u043e\u0432\",\"item\":\"https:\\\/\\\/gohike.lv\\\/%d0%ba%d0%b0%d1%82%d0%b5%d0%b3%d0%be%d1%80%d0%b8%d0%b8-%d1%82%d0%be%d0%b2%d0%b0%d1%80%d0%be%d0%b2\\\/\"},{\"@type\":\"ListItem\",\"position\":3,\"name\":\"Naturehike &#8211; DC-C09 Piep\u016b\u0161amais \u0161\u016bpu\u013ct\u012bkls\"}]},{\"@type\":\"WebSite\",\"@id\":\"https:\\\/\\\/gohike.lv\\\/ru\\\/#website\",\"url\":\"https:\\\/\\\/gohike.lv\\\/ru\\\/\",\"name\":\"GoHike\",\"description\":\"\",\"publisher\":{\"@id\":\"https:\\\/\\\/gohike.lv\\\/ru\\\/#organization\"},\"potentialAction\":[{\"@type\":\"SearchAction\",\"target\":{\"@type\":\"EntryPoint\",\"urlTemplate\":\"https:\\\/\\\/gohike.lv\\\/ru\\\/?s={search_term_string}\"},\"query-input\":{\"@type\":\"PropertyValueSpecification\",\"valueRequired\":true,\"valueName\":\"search_term_string\"}}],\"inLanguage\":\"ru-RU\"},{\"@type\":\"Organization\",\"@id\":\"https:\\\/\\\/gohike.lv\\\/ru\\\/#organization\",\"name\":\"GoHike\",\"url\":\"https:\\\/\\\/gohike.lv\\\/ru\\\/\",\"logo\":{\"@type\":\"ImageObject\",\"inLanguage\":\"ru-RU\",\"@id\":\"https:\\\/\\\/gohike.lv\\\/ru\\\/#\\\/schema\\\/logo\\\/image\\\/\",\"url\":\"https:\\\/\\\/gohike.lv\\\/wp-content\\\/uploads\\\/2023\\\/08\\\/Logo_GoHike.webp\",\"contentUrl\":\"https:\\\/\\\/gohike.lv\\\/wp-content\\\/uploads\\\/2023\\\/08\\\/Logo_GoHike.webp\",\"width\":512,\"height\":512,\"caption\":\"GoHike\"},\"image\":{\"@id\":\"https:\\\/\\\/gohike.lv\\\/ru\\\/#\\\/schema\\\/logo\\\/image\\\/\"},\"sameAs\":[\"https:\\\/\\\/www.facebook.com\\\/gohike.shop\\\/\",\"https:\\\/\\\/www.instagram.com\\\/gohike.shop\\\/\"]}]}<\/script>\n<!-- \/ Yoast SEO plugin. -->","yoast_head_json":{"title":"Naturehike - DC-C09 Piep\u016b\u0161amais \u0161\u016bpu\u013ct\u012bkls","description":"\u012apa\u0161i viegls, augstas iztur\u012bbas dubultais \u0161\u016bpu\u013ct\u012bkls.","robots":{"index":"index","follow":"follow","max-snippet":"max-snippet:-1","max-image-preview":"max-image-preview:large","max-video-preview":"max-video-preview:-1"},"canonical":"https:\/\/gohike.lv\/ru\/produkts\/naturehike-dc-c09-piepusamais-supultikls\/","og_locale":"ru_RU","og_type":"article","og_title":"Naturehike - \u0160\u016bpu\u013ct\u012bkls","og_description":"\u012apa\u0161i viegls, augstas iztur\u012bbas dubultais \u0161\u016bpu\u013ct\u012bkls.","og_url":"https:\/\/gohike.lv\/ru\/produkts\/naturehike-dc-c09-piepusamais-supultikls\/","og_site_name":"GoHike","article_publisher":"https:\/\/www.facebook.com\/gohike.shop\/","article_modified_time":"2025-12-30T14:24:42+00:00","og_image":[{"width":970,"height":970,"url":"https:\/\/gohike.lv\/wp-content\/uploads\/2024\/05\/156127.970x970.png.webp","type":"image\/webp"}],"twitter_card":"summary_large_image","twitter_title":"Naturehike - \u0160\u016bpu\u013ct\u012bkls","twitter_misc":{"\u041f\u0440\u0438\u043c\u0435\u0440\u043d\u043e\u0435 \u0432\u0440\u0435\u043c\u044f \u0434\u043b\u044f \u0447\u0442\u0435\u043d\u0438\u044f":"1 \u043c\u0438\u043d\u0443\u0442\u0430"},"schema":{"@context":"https:\/\/schema.org","@graph":[{"@type":["WebPage","ItemPage"],"@id":"https:\/\/gohike.lv\/ru\/produkts\/naturehike-dc-c09-piepusamais-supultikls\/","url":"https:\/\/gohike.lv\/ru\/produkts\/naturehike-dc-c09-piepusamais-supultikls\/","name":"Naturehike - DC-C09 Piep\u016b\u0161amais \u0161\u016bpu\u013ct\u012bkls","isPartOf":{"@id":"https:\/\/gohike.lv\/ru\/#website"},"primaryImageOfPage":{"@id":"https:\/\/gohike.lv\/ru\/produkts\/naturehike-dc-c09-piepusamais-supultikls\/#primaryimage"},"image":{"@id":"https:\/\/gohike.lv\/ru\/produkts\/naturehike-dc-c09-piepusamais-supultikls\/#primaryimage"},"thumbnailUrl":"https:\/\/gohike.lv\/wp-content\/uploads\/2024\/05\/156127.970x970.png.webp","datePublished":"2024-05-07T08:45:43+00:00","dateModified":"2025-12-30T14:24:42+00:00","description":"\u012apa\u0161i viegls, augstas iztur\u012bbas dubultais \u0161\u016bpu\u013ct\u012bkls.","breadcrumb":{"@id":"https:\/\/gohike.lv\/ru\/produkts\/naturehike-dc-c09-piepusamais-supultikls\/#breadcrumb"},"inLanguage":"ru-RU","potentialAction":[{"@type":"ReadAction","target":["https:\/\/gohike.lv\/ru\/produkts\/naturehike-dc-c09-piepusamais-supultikls\/"]}]},{"@type":"ImageObject","inLanguage":"ru-RU","@id":"https:\/\/gohike.lv\/ru\/produkts\/naturehike-dc-c09-piepusamais-supultikls\/#primaryimage","url":"https:\/\/gohike.lv\/wp-content\/uploads\/2024\/05\/156127.970x970.png.webp","contentUrl":"https:\/\/gohike.lv\/wp-content\/uploads\/2024\/05\/156127.970x970.png.webp","width":970,"height":970},{"@type":"BreadcrumbList","@id":"https:\/\/gohike.lv\/ru\/produkts\/naturehike-dc-c09-piepusamais-supultikls\/#breadcrumb","itemListElement":[{"@type":"ListItem","position":1,"name":"\u0413\u043b\u0430\u0432\u043d\u0430\u044f","item":"https:\/\/gohike.lv\/ru\/"},{"@type":"ListItem","position":2,"name":"\u041a\u0430\u0442\u0435\u0433\u043e\u0440\u0438\u0438 \u0442\u043e\u0432\u0430\u0440\u043e\u0432","item":"https:\/\/gohike.lv\/%d0%ba%d0%b0%d1%82%d0%b5%d0%b3%d0%be%d1%80%d0%b8%d0%b8-%d1%82%d0%be%d0%b2%d0%b0%d1%80%d0%be%d0%b2\/"},{"@type":"ListItem","position":3,"name":"Naturehike &#8211; DC-C09 Piep\u016b\u0161amais \u0161\u016bpu\u013ct\u012bkls"}]},{"@type":"WebSite","@id":"https:\/\/gohike.lv\/ru\/#website","url":"https:\/\/gohike.lv\/ru\/","name":"GoHike","description":"","publisher":{"@id":"https:\/\/gohike.lv\/ru\/#organization"},"potentialAction":[{"@type":"SearchAction","target":{"@type":"EntryPoint","urlTemplate":"https:\/\/gohike.lv\/ru\/?s={search_term_string}"},"query-input":{"@type":"PropertyValueSpecification","valueRequired":true,"valueName":"search_term_string"}}],"inLanguage":"ru-RU"},{"@type":"Organization","@id":"https:\/\/gohike.lv\/ru\/#organization","name":"GoHike","url":"https:\/\/gohike.lv\/ru\/","logo":{"@type":"ImageObject","inLanguage":"ru-RU","@id":"https:\/\/gohike.lv\/ru\/#\/schema\/logo\/image\/","url":"https:\/\/gohike.lv\/wp-content\/uploads\/2023\/08\/Logo_GoHike.webp","contentUrl":"https:\/\/gohike.lv\/wp-content\/uploads\/2023\/08\/Logo_GoHike.webp","width":512,"height":512,"caption":"GoHike"},"image":{"@id":"https:\/\/gohike.lv\/ru\/#\/schema\/logo\/image\/"},"sameAs":["https:\/\/www.facebook.com\/gohike.shop\/","https:\/\/www.instagram.com\/gohike.shop\/"]}]}},"jetpack_sharing_enabled":true,"_links":{"self":[{"href":"https:\/\/gohike.lv\/ru\/wp-json\/wp\/v2\/product\/53241","targetHints":{"allow":["GET"]}}],"collection":[{"href":"https:\/\/gohike.lv\/ru\/wp-json\/wp\/v2\/product"}],"about":[{"href":"https:\/\/gohike.lv\/ru\/wp-json\/wp\/v2\/types\/product"}],"version-history":[{"count":0,"href":"https:\/\/gohike.lv\/ru\/wp-json\/wp\/v2\/product\/53241\/revisions"}],"wp:featuredmedia":[{"embeddable":true,"href":"https:\/\/gohike.lv\/ru\/wp-json\/wp\/v2\/media\/61794"}],"wp:attachment":[{"href":"https:\/\/gohike.lv\/ru\/wp-json\/wp\/v2\/media?parent=53241"}],"wp:term":[{"taxonomy":"product_brand","embeddable":true,"href":"https:\/\/gohike.lv\/ru\/wp-json\/wp\/v2\/product_brand?post=53241"},{"taxonomy":"product_cat","embeddable":true,"href":"https:\/\/gohike.lv\/ru\/wp-json\/wp\/v2\/product_cat?post=53241"},{"taxonomy":"product_tag","embeddable":true,"href":"https:\/\/gohike.lv\/ru\/wp-json\/wp\/v2\/product_tag?post=53241"}],"curies":[{"name":"wp","href":"https:\/\/api.w.org\/{rel}","templated":true}]}}