{"id":53239,"date":"2024-05-07T11:45:43","date_gmt":"2024-05-07T08:45:43","guid":{"rendered":"https:\/\/gohike.lv\/produkts\/naturehike-universals-supultikla-tikls-dc03vaks\/"},"modified":"2025-12-30T17:24:42","modified_gmt":"2025-12-30T14:24:42","slug":"naturehike-universals-supultikla-tikls-dc03vaks","status":"publish","type":"product","link":"https:\/\/gohike.lv\/ru\/produkts\/naturehike-universals-supultikla-tikls-dc03vaks\/","title":{"rendered":"Naturehike &#8212; DC03 Univers\u0101ls \u0161\u016bpu\u013ct\u012bkla t\u012bkls"},"content":{"rendered":"<p>T\u012bklam ir iegarena forma, kas aizsarg\u0101 cilv\u0113ka \u0137ermeni vis\u0101 \u0161\u016bpu\u013ct\u012bkla garum\u0101.<br \/>\nT\u012bkla uzst\u0101d\u012b\u0161anai uz sait\u0113m ir virves, kas ir piestiprin\u0101tas pie balstiem un \u0161\u016bpu\u013ct\u012bkla, veidojot iegarenu telpu.<br \/>\nApak\u0161\u0101 ir p\u0101ris elast\u012bg\u0101s lentes.<br \/>\nLai lietot\u0101jam b\u016btu \u0113rti apgulties un piecelties no \u0161\u016bpu\u013ct\u012bkla, siets ir papildin\u0101ts ar diviem divvirzienu r\u0101v\u0113jsl\u0113dz\u0113jiem, kas, attaisot r\u0101v\u0113jsl\u0113dz\u0113ju, veido pla\u0161u ieeju.<br \/>\nSaloc\u012bt\u0101 veid\u0101 t\u012bklam ir minim\u0101li izm\u0113ri, kas \u013cauj to n\u0113s\u0101t mugursomas kabat\u0101.<br \/>\nSvars: 383 grami.<\/p>\n","protected":false},"excerpt":{"rendered":"<p>Mosk\u012btu t\u012bkls \u0161\u016bpu\u013ct\u012bklam Naturehike \u0113rtai atp\u016btai un gul\u0113\u0161anai. Ce\u013cojumu \u0161\u016bpu\u013ct\u012bklu ieteicams lietot kop\u0101 ar Naturehike mosk\u012btu t\u012bklu NH18D003-C. \u0160is aksesu\u0101rs ir izgatavots no \u012bpa\u0161i viegla un elpojo\u0161a sint\u0113tiska materi\u0101la.<\/p>\n","protected":false},"featured_media":34923,"template":"","meta":[],"product_brand":[167],"product_cat":[4526],"product_tag":[],"class_list":{"0":"post-53239","1":"product","2":"type-product","3":"status-publish","4":"has-post-thumbnail","6":"product_brand-naturehike-lv","7":"product_cat-supultikli","8":"pa_izversts-izmers-garums-255cm","9":"pa_materiali-sesstura-siets","10":"pa_produkta-tips-supultiklu-piederumi","11":"pa_spalva-balts","13":"first","14":"outofstock","15":"taxable","16":"shipping-taxable","17":"purchasable","18":"product-type-simple"},"raw_content":{"name":"Naturehike - DC03 Univers\u0101ls \u0161\u016bpu\u013ct\u012bkla t\u012bkls","description":"T\u012bklam ir iegarena forma, kas aizsarg\u0101 cilv\u0113ka \u0137ermeni vis\u0101 \u0161\u016bpu\u013ct\u012bkla garum\u0101.\nT\u012bkla uzst\u0101d\u012b\u0161anai uz sait\u0113m ir virves, kas ir piestiprin\u0101tas pie balstiem un \u0161\u016bpu\u013ct\u012bkla, veidojot iegarenu telpu.\nApak\u0161\u0101 ir p\u0101ris elast\u012bg\u0101s lentes.\nLai lietot\u0101jam b\u016btu \u0113rti apgulties un piecelties no \u0161\u016bpu\u013ct\u012bkla, siets ir papildin\u0101ts ar diviem divvirzienu r\u0101v\u0113jsl\u0113dz\u0113jiem, kas, attaisot r\u0101v\u0113jsl\u0113dz\u0113ju, veido pla\u0161u ieeju.\nSaloc\u012bt\u0101 veid\u0101 t\u012bklam ir minim\u0101li izm\u0113ri, kas \u013cauj to n\u0113s\u0101t mugursomas kabat\u0101.\nSvars: 383 grami.","short_description":"Mosk\u012btu t\u012bkls \u0161\u016bpu\u013ct\u012bklam Naturehike \u0113rtai atp\u016btai un gul\u0113\u0161anai. Ce\u013cojumu \u0161\u016bpu\u013ct\u012bklu ieteicams lietot kop\u0101 ar Naturehike mosk\u012btu t\u012bklu NH18D003-C. \u0160is aksesu\u0101rs ir izgatavots no \u012bpa\u0161i viegla un elpojo\u0161a sint\u0113tiska materi\u0101la.","status":"publish","sku":"6927595728093","original":53239},"wpml":{"translation_type":1,"has_translations":true,"original":53239,"duplicates":[],"translations":{"lv":53239,"en":67935,"ru":null}},"supplier_id":null,"supplier_sku":"","barcode":null,"atum_controlled":true,"out_stock_date":null,"out_stock_threshold":null,"inheritable":false,"inbound_stock":null,"stock_on_hold":0,"sold_today":0,"sales_last_days":0,"reserved_stock":null,"customer_returns":null,"warehouse_damage":null,"lost_in_post":null,"other_logs":null,"out_stock_days":0,"lost_sales":0,"has_location":null,"update_date":"2025-12-30T14:30:38","atum_locations":[],"atum_stock_status":"outofstock","restock_status":false,"low_stock_amount":"","sales_update_date":"2025-11-13T14:08:59","calc_backorders":null,"yoast_head":"<!-- This site is optimized with the Yoast SEO plugin v27.3 - https:\/\/yoast.com\/product\/yoast-seo-wordpress\/ -->\n<title>Naturehike - DC03 Univers\u0101ls \u0161\u016bpu\u013ct\u012bkla t\u012bkls<\/title>\n<meta name=\"description\" content=\"Mosk\u012btu t\u012bkls \u0161\u016bpu\u013ct\u012bklam Naturehike \u0113rtai atp\u016btai un gul\u0113\u0161anai. Ce\u013cojumu \u0161\u016bpu\u013ct\u012bklu ieteicams lietot kop\u0101 ar Naturehike mosk\u012btu t\u012bklu NH18D003-C. \u0160is aksesu\u0101rs ir izgatavots no \u012bpa\u0161i viegla un elpojo\u0161a sint\u0113tiska materi\u0101la.\" \/>\n<meta name=\"robots\" content=\"index, follow, max-snippet:-1, max-image-preview:large, max-video-preview:-1\" \/>\n<link rel=\"canonical\" href=\"https:\/\/gohike.lv\/ru\/produkts\/naturehike-universals-supultikla-tikls-dc03vaks\/\" \/>\n<meta property=\"og:locale\" content=\"ru_RU\" \/>\n<meta property=\"og:type\" content=\"article\" \/>\n<meta property=\"og:title\" content=\"Naturehike - \u0160\u016bpu\u013ct\u012bkla t\u012bkls\" \/>\n<meta property=\"og:description\" content=\"Mosk\u012btu t\u012bkls \u0161\u016bpu\u013ct\u012bklam Naturehike \u0113rtai atp\u016btai un gul\u0113\u0161anai. Ce\u013cojumu \u0161\u016bpu\u013ct\u012bklu ieteicams lietot kop\u0101 ar Naturehike mosk\u012btu t\u012bklu NH18D003-C. \u0160is aksesu\u0101rs ir izgatavots no \u012bpa\u0161i viegla un elpojo\u0161a sint\u0113tiska materi\u0101la.\" \/>\n<meta property=\"og:url\" content=\"https:\/\/gohike.lv\/ru\/produkts\/naturehike-universals-supultikla-tikls-dc03vaks\/\" \/>\n<meta property=\"og:site_name\" content=\"GoHike\" \/>\n<meta property=\"article:publisher\" content=\"https:\/\/www.facebook.com\/gohike.shop\/\" \/>\n<meta property=\"article:modified_time\" content=\"2025-12-30T14:24:42+00:00\" \/>\n<meta property=\"og:image\" content=\"https:\/\/gohike.lv\/wp-content\/uploads\/2024\/04\/DC03_hammock_cover_-1.webp\" \/>\n\t<meta property=\"og:image:width\" content=\"864\" \/>\n\t<meta property=\"og:image:height\" content=\"864\" \/>\n\t<meta property=\"og:image:type\" content=\"image\/webp\" \/>\n<meta name=\"twitter:card\" content=\"summary_large_image\" \/>\n<meta name=\"twitter:title\" content=\"Naturehike - \u0160\u016bpu\u013ct\u012bkla t\u012bkls\" \/>\n<meta name=\"twitter:label1\" content=\"\u041f\u0440\u0438\u043c\u0435\u0440\u043d\u043e\u0435 \u0432\u0440\u0435\u043c\u044f \u0434\u043b\u044f \u0447\u0442\u0435\u043d\u0438\u044f\" \/>\n\t<meta name=\"twitter:data1\" content=\"1 \u043c\u0438\u043d\u0443\u0442\u0430\" \/>\n<script type=\"application\/ld+json\" class=\"yoast-schema-graph\">{\"@context\":\"https:\\\/\\\/schema.org\",\"@graph\":[{\"@type\":[\"WebPage\",\"ItemPage\"],\"@id\":\"https:\\\/\\\/gohike.lv\\\/ru\\\/produkts\\\/naturehike-universals-supultikla-tikls-dc03vaks\\\/\",\"url\":\"https:\\\/\\\/gohike.lv\\\/ru\\\/produkts\\\/naturehike-universals-supultikla-tikls-dc03vaks\\\/\",\"name\":\"Naturehike - DC03 Univers\u0101ls \u0161\u016bpu\u013ct\u012bkla t\u012bkls\",\"isPartOf\":{\"@id\":\"https:\\\/\\\/gohike.lv\\\/ru\\\/#website\"},\"primaryImageOfPage\":{\"@id\":\"https:\\\/\\\/gohike.lv\\\/ru\\\/produkts\\\/naturehike-universals-supultikla-tikls-dc03vaks\\\/#primaryimage\"},\"image\":{\"@id\":\"https:\\\/\\\/gohike.lv\\\/ru\\\/produkts\\\/naturehike-universals-supultikla-tikls-dc03vaks\\\/#primaryimage\"},\"thumbnailUrl\":\"https:\\\/\\\/gohike.lv\\\/wp-content\\\/uploads\\\/2024\\\/04\\\/DC03_hammock_cover_-1.webp\",\"datePublished\":\"2024-05-07T08:45:43+00:00\",\"dateModified\":\"2025-12-30T14:24:42+00:00\",\"description\":\"Mosk\u012btu t\u012bkls \u0161\u016bpu\u013ct\u012bklam Naturehike \u0113rtai atp\u016btai un gul\u0113\u0161anai. Ce\u013cojumu \u0161\u016bpu\u013ct\u012bklu ieteicams lietot kop\u0101 ar Naturehike mosk\u012btu t\u012bklu NH18D003-C. \u0160is aksesu\u0101rs ir izgatavots no \u012bpa\u0161i viegla un elpojo\u0161a sint\u0113tiska materi\u0101la.\",\"breadcrumb\":{\"@id\":\"https:\\\/\\\/gohike.lv\\\/ru\\\/produkts\\\/naturehike-universals-supultikla-tikls-dc03vaks\\\/#breadcrumb\"},\"inLanguage\":\"ru-RU\",\"potentialAction\":[{\"@type\":\"ReadAction\",\"target\":[\"https:\\\/\\\/gohike.lv\\\/ru\\\/produkts\\\/naturehike-universals-supultikla-tikls-dc03vaks\\\/\"]}]},{\"@type\":\"ImageObject\",\"inLanguage\":\"ru-RU\",\"@id\":\"https:\\\/\\\/gohike.lv\\\/ru\\\/produkts\\\/naturehike-universals-supultikla-tikls-dc03vaks\\\/#primaryimage\",\"url\":\"https:\\\/\\\/gohike.lv\\\/wp-content\\\/uploads\\\/2024\\\/04\\\/DC03_hammock_cover_-1.webp\",\"contentUrl\":\"https:\\\/\\\/gohike.lv\\\/wp-content\\\/uploads\\\/2024\\\/04\\\/DC03_hammock_cover_-1.webp\",\"width\":864,\"height\":864},{\"@type\":\"BreadcrumbList\",\"@id\":\"https:\\\/\\\/gohike.lv\\\/ru\\\/produkts\\\/naturehike-universals-supultikla-tikls-dc03vaks\\\/#breadcrumb\",\"itemListElement\":[{\"@type\":\"ListItem\",\"position\":1,\"name\":\"\u0413\u043b\u0430\u0432\u043d\u0430\u044f\",\"item\":\"https:\\\/\\\/gohike.lv\\\/ru\\\/\"},{\"@type\":\"ListItem\",\"position\":2,\"name\":\"\u041a\u0430\u0442\u0435\u0433\u043e\u0440\u0438\u0438 \u0442\u043e\u0432\u0430\u0440\u043e\u0432\",\"item\":\"https:\\\/\\\/gohike.lv\\\/%d0%ba%d0%b0%d1%82%d0%b5%d0%b3%d0%be%d1%80%d0%b8%d0%b8-%d1%82%d0%be%d0%b2%d0%b0%d1%80%d0%be%d0%b2\\\/\"},{\"@type\":\"ListItem\",\"position\":3,\"name\":\"Naturehike &#8211; DC03 Univers\u0101ls \u0161\u016bpu\u013ct\u012bkla t\u012bkls\"}]},{\"@type\":\"WebSite\",\"@id\":\"https:\\\/\\\/gohike.lv\\\/ru\\\/#website\",\"url\":\"https:\\\/\\\/gohike.lv\\\/ru\\\/\",\"name\":\"GoHike\",\"description\":\"\",\"publisher\":{\"@id\":\"https:\\\/\\\/gohike.lv\\\/ru\\\/#organization\"},\"potentialAction\":[{\"@type\":\"SearchAction\",\"target\":{\"@type\":\"EntryPoint\",\"urlTemplate\":\"https:\\\/\\\/gohike.lv\\\/ru\\\/?s={search_term_string}\"},\"query-input\":{\"@type\":\"PropertyValueSpecification\",\"valueRequired\":true,\"valueName\":\"search_term_string\"}}],\"inLanguage\":\"ru-RU\"},{\"@type\":\"Organization\",\"@id\":\"https:\\\/\\\/gohike.lv\\\/ru\\\/#organization\",\"name\":\"GoHike\",\"url\":\"https:\\\/\\\/gohike.lv\\\/ru\\\/\",\"logo\":{\"@type\":\"ImageObject\",\"inLanguage\":\"ru-RU\",\"@id\":\"https:\\\/\\\/gohike.lv\\\/ru\\\/#\\\/schema\\\/logo\\\/image\\\/\",\"url\":\"https:\\\/\\\/gohike.lv\\\/wp-content\\\/uploads\\\/2023\\\/08\\\/Logo_GoHike.webp\",\"contentUrl\":\"https:\\\/\\\/gohike.lv\\\/wp-content\\\/uploads\\\/2023\\\/08\\\/Logo_GoHike.webp\",\"width\":512,\"height\":512,\"caption\":\"GoHike\"},\"image\":{\"@id\":\"https:\\\/\\\/gohike.lv\\\/ru\\\/#\\\/schema\\\/logo\\\/image\\\/\"},\"sameAs\":[\"https:\\\/\\\/www.facebook.com\\\/gohike.shop\\\/\",\"https:\\\/\\\/www.instagram.com\\\/gohike.shop\\\/\"]}]}<\/script>\n<!-- \/ Yoast SEO plugin. -->","yoast_head_json":{"title":"Naturehike - DC03 Univers\u0101ls \u0161\u016bpu\u013ct\u012bkla t\u012bkls","description":"Mosk\u012btu t\u012bkls \u0161\u016bpu\u013ct\u012bklam Naturehike \u0113rtai atp\u016btai un gul\u0113\u0161anai. Ce\u013cojumu \u0161\u016bpu\u013ct\u012bklu ieteicams lietot kop\u0101 ar Naturehike mosk\u012btu t\u012bklu NH18D003-C. \u0160is aksesu\u0101rs ir izgatavots no \u012bpa\u0161i viegla un elpojo\u0161a sint\u0113tiska materi\u0101la.","robots":{"index":"index","follow":"follow","max-snippet":"max-snippet:-1","max-image-preview":"max-image-preview:large","max-video-preview":"max-video-preview:-1"},"canonical":"https:\/\/gohike.lv\/ru\/produkts\/naturehike-universals-supultikla-tikls-dc03vaks\/","og_locale":"ru_RU","og_type":"article","og_title":"Naturehike - \u0160\u016bpu\u013ct\u012bkla t\u012bkls","og_description":"Mosk\u012btu t\u012bkls \u0161\u016bpu\u013ct\u012bklam Naturehike \u0113rtai atp\u016btai un gul\u0113\u0161anai. Ce\u013cojumu \u0161\u016bpu\u013ct\u012bklu ieteicams lietot kop\u0101 ar Naturehike mosk\u012btu t\u012bklu NH18D003-C. \u0160is aksesu\u0101rs ir izgatavots no \u012bpa\u0161i viegla un elpojo\u0161a sint\u0113tiska materi\u0101la.","og_url":"https:\/\/gohike.lv\/ru\/produkts\/naturehike-universals-supultikla-tikls-dc03vaks\/","og_site_name":"GoHike","article_publisher":"https:\/\/www.facebook.com\/gohike.shop\/","article_modified_time":"2025-12-30T14:24:42+00:00","og_image":[{"width":864,"height":864,"url":"https:\/\/gohike.lv\/wp-content\/uploads\/2024\/04\/DC03_hammock_cover_-1.webp","type":"image\/webp"}],"twitter_card":"summary_large_image","twitter_title":"Naturehike - \u0160\u016bpu\u013ct\u012bkla t\u012bkls","twitter_misc":{"\u041f\u0440\u0438\u043c\u0435\u0440\u043d\u043e\u0435 \u0432\u0440\u0435\u043c\u044f \u0434\u043b\u044f \u0447\u0442\u0435\u043d\u0438\u044f":"1 \u043c\u0438\u043d\u0443\u0442\u0430"},"schema":{"@context":"https:\/\/schema.org","@graph":[{"@type":["WebPage","ItemPage"],"@id":"https:\/\/gohike.lv\/ru\/produkts\/naturehike-universals-supultikla-tikls-dc03vaks\/","url":"https:\/\/gohike.lv\/ru\/produkts\/naturehike-universals-supultikla-tikls-dc03vaks\/","name":"Naturehike - DC03 Univers\u0101ls \u0161\u016bpu\u013ct\u012bkla t\u012bkls","isPartOf":{"@id":"https:\/\/gohike.lv\/ru\/#website"},"primaryImageOfPage":{"@id":"https:\/\/gohike.lv\/ru\/produkts\/naturehike-universals-supultikla-tikls-dc03vaks\/#primaryimage"},"image":{"@id":"https:\/\/gohike.lv\/ru\/produkts\/naturehike-universals-supultikla-tikls-dc03vaks\/#primaryimage"},"thumbnailUrl":"https:\/\/gohike.lv\/wp-content\/uploads\/2024\/04\/DC03_hammock_cover_-1.webp","datePublished":"2024-05-07T08:45:43+00:00","dateModified":"2025-12-30T14:24:42+00:00","description":"Mosk\u012btu t\u012bkls \u0161\u016bpu\u013ct\u012bklam Naturehike \u0113rtai atp\u016btai un gul\u0113\u0161anai. Ce\u013cojumu \u0161\u016bpu\u013ct\u012bklu ieteicams lietot kop\u0101 ar Naturehike mosk\u012btu t\u012bklu NH18D003-C. \u0160is aksesu\u0101rs ir izgatavots no \u012bpa\u0161i viegla un elpojo\u0161a sint\u0113tiska materi\u0101la.","breadcrumb":{"@id":"https:\/\/gohike.lv\/ru\/produkts\/naturehike-universals-supultikla-tikls-dc03vaks\/#breadcrumb"},"inLanguage":"ru-RU","potentialAction":[{"@type":"ReadAction","target":["https:\/\/gohike.lv\/ru\/produkts\/naturehike-universals-supultikla-tikls-dc03vaks\/"]}]},{"@type":"ImageObject","inLanguage":"ru-RU","@id":"https:\/\/gohike.lv\/ru\/produkts\/naturehike-universals-supultikla-tikls-dc03vaks\/#primaryimage","url":"https:\/\/gohike.lv\/wp-content\/uploads\/2024\/04\/DC03_hammock_cover_-1.webp","contentUrl":"https:\/\/gohike.lv\/wp-content\/uploads\/2024\/04\/DC03_hammock_cover_-1.webp","width":864,"height":864},{"@type":"BreadcrumbList","@id":"https:\/\/gohike.lv\/ru\/produkts\/naturehike-universals-supultikla-tikls-dc03vaks\/#breadcrumb","itemListElement":[{"@type":"ListItem","position":1,"name":"\u0413\u043b\u0430\u0432\u043d\u0430\u044f","item":"https:\/\/gohike.lv\/ru\/"},{"@type":"ListItem","position":2,"name":"\u041a\u0430\u0442\u0435\u0433\u043e\u0440\u0438\u0438 \u0442\u043e\u0432\u0430\u0440\u043e\u0432","item":"https:\/\/gohike.lv\/%d0%ba%d0%b0%d1%82%d0%b5%d0%b3%d0%be%d1%80%d0%b8%d0%b8-%d1%82%d0%be%d0%b2%d0%b0%d1%80%d0%be%d0%b2\/"},{"@type":"ListItem","position":3,"name":"Naturehike &#8211; DC03 Univers\u0101ls \u0161\u016bpu\u013ct\u012bkla t\u012bkls"}]},{"@type":"WebSite","@id":"https:\/\/gohike.lv\/ru\/#website","url":"https:\/\/gohike.lv\/ru\/","name":"GoHike","description":"","publisher":{"@id":"https:\/\/gohike.lv\/ru\/#organization"},"potentialAction":[{"@type":"SearchAction","target":{"@type":"EntryPoint","urlTemplate":"https:\/\/gohike.lv\/ru\/?s={search_term_string}"},"query-input":{"@type":"PropertyValueSpecification","valueRequired":true,"valueName":"search_term_string"}}],"inLanguage":"ru-RU"},{"@type":"Organization","@id":"https:\/\/gohike.lv\/ru\/#organization","name":"GoHike","url":"https:\/\/gohike.lv\/ru\/","logo":{"@type":"ImageObject","inLanguage":"ru-RU","@id":"https:\/\/gohike.lv\/ru\/#\/schema\/logo\/image\/","url":"https:\/\/gohike.lv\/wp-content\/uploads\/2023\/08\/Logo_GoHike.webp","contentUrl":"https:\/\/gohike.lv\/wp-content\/uploads\/2023\/08\/Logo_GoHike.webp","width":512,"height":512,"caption":"GoHike"},"image":{"@id":"https:\/\/gohike.lv\/ru\/#\/schema\/logo\/image\/"},"sameAs":["https:\/\/www.facebook.com\/gohike.shop\/","https:\/\/www.instagram.com\/gohike.shop\/"]}]}},"jetpack_sharing_enabled":true,"_links":{"self":[{"href":"https:\/\/gohike.lv\/ru\/wp-json\/wp\/v2\/product\/53239","targetHints":{"allow":["GET"]}}],"collection":[{"href":"https:\/\/gohike.lv\/ru\/wp-json\/wp\/v2\/product"}],"about":[{"href":"https:\/\/gohike.lv\/ru\/wp-json\/wp\/v2\/types\/product"}],"version-history":[{"count":1,"href":"https:\/\/gohike.lv\/ru\/wp-json\/wp\/v2\/product\/53239\/revisions"}],"predecessor-version":[{"id":118952,"href":"https:\/\/gohike.lv\/ru\/wp-json\/wp\/v2\/product\/53239\/revisions\/118952"}],"wp:featuredmedia":[{"embeddable":true,"href":"https:\/\/gohike.lv\/ru\/wp-json\/wp\/v2\/media\/34923"}],"wp:attachment":[{"href":"https:\/\/gohike.lv\/ru\/wp-json\/wp\/v2\/media?parent=53239"}],"wp:term":[{"taxonomy":"product_brand","embeddable":true,"href":"https:\/\/gohike.lv\/ru\/wp-json\/wp\/v2\/product_brand?post=53239"},{"taxonomy":"product_cat","embeddable":true,"href":"https:\/\/gohike.lv\/ru\/wp-json\/wp\/v2\/product_cat?post=53239"},{"taxonomy":"product_tag","embeddable":true,"href":"https:\/\/gohike.lv\/ru\/wp-json\/wp\/v2\/product_tag?post=53239"}],"curies":[{"name":"wp","href":"https:\/\/api.w.org\/{rel}","templated":true}]}}