{"id":53235,"date":"2024-05-07T11:45:29","date_gmt":"2024-05-07T08:45:29","guid":{"rendered":"https:\/\/gohike.lv\/produkts\/naturehike-uzlabots-ipasi-vieglis-supultikls-dubults\/"},"modified":"2025-12-30T17:24:43","modified_gmt":"2025-12-30T14:24:43","slug":"naturehike-uzlabots-ipasi-vieglis-supultikls-dubults","status":"publish","type":"product","link":"https:\/\/gohike.lv\/ru\/produkts\/naturehike-uzlabots-ipasi-vieglis-supultikls-dubults\/","title":{"rendered":"Naturehike &#8212; Ultralight \u0161\u016bpu\u013ct\u012bkls (uzlabota versija) \u2013 divviet\u012bgs"},"content":{"rendered":"<p>\u0160\u016bpu\u013ct\u012bkla dizainam ir \u012bpa\u0161a forma, pateicoties kurai cilv\u0113ks tiek tur\u0113ts noteikt\u0101 st\u0101vokl\u012b un nevar apg\u0101zties.<br \/>\nAudums ir m\u012bksts un pat\u012bkams uz tausti, un \u013cauj gaisam cirkul\u0113t.<br \/>\nKomplekt\u0101 ietilpst virve, 2 karab\u012bnes un futr\u0101lis.<\/p>\n","protected":false},"excerpt":{"rendered":"<p>Naturehike 340T poliestera \u0161\u016bpu\u013ct\u012bkls ir izgatavots no iztur\u012bga sint\u0113tiska materi\u0101la.<\/p>\n","protected":false},"featured_media":34909,"template":"","meta":[],"product_brand":[167],"product_cat":[4526],"product_tag":[],"class_list":{"0":"post-53235","1":"product","2":"type-product","3":"status-publish","4":"has-post-thumbnail","6":"product_brand-naturehike-lv","7":"product_cat-supultikli","8":"pa_izturiba-180kg","9":"pa_izversts-izmers-290x180cm","10":"pa_materiali-izturigs-pret-plisumiem","11":"pa_materiali-suklis-340t","12":"pa_produkta-tips-supultikli","13":"pa_spalva-zils","15":"first","16":"outofstock","17":"taxable","18":"shipping-taxable","19":"purchasable","20":"product-type-simple"},"raw_content":{"name":"Naturehike - Ultralight \u0161\u016bpu\u013ct\u012bkls (uzlabota versija) \u2013 divviet\u012bgs","description":"\u0160\u016bpu\u013ct\u012bkla dizainam ir \u012bpa\u0161a forma, pateicoties kurai cilv\u0113ks tiek tur\u0113ts noteikt\u0101 st\u0101vokl\u012b un nevar apg\u0101zties.\nAudums ir m\u012bksts un pat\u012bkams uz tausti, un \u013cauj gaisam cirkul\u0113t.\nKomplekt\u0101 ietilpst virve, 2 karab\u012bnes un futr\u0101lis.","short_description":"Naturehike 340T poliestera \u0161\u016bpu\u013ct\u012bkls ir izgatavots no iztur\u012bga sint\u0113tiska materi\u0101la.","status":"publish","sku":"6927595713594","original":53235},"wpml":{"translation_type":1,"has_translations":true,"original":53235,"duplicates":[],"translations":{"lv":53235,"en":67502,"ru":null}},"supplier_id":null,"supplier_sku":"","barcode":null,"atum_controlled":true,"out_stock_date":"2025-06-10 11:58:42","out_stock_threshold":null,"inheritable":false,"inbound_stock":null,"stock_on_hold":0,"sold_today":0,"sales_last_days":0,"reserved_stock":null,"customer_returns":null,"warehouse_damage":null,"lost_in_post":null,"other_logs":null,"out_stock_days":156,"lost_sales":0,"has_location":null,"update_date":"2025-12-30T14:30:38","atum_locations":[],"atum_stock_status":"outofstock","restock_status":false,"low_stock_amount":"","sales_update_date":"2025-11-13T14:09:00","calc_backorders":null,"yoast_head":"<!-- This site is optimized with the Yoast SEO plugin v27.3 - https:\/\/yoast.com\/product\/yoast-seo-wordpress\/ -->\n<title>Naturehike - Ultralight \u0161\u016bpu\u013ct\u012bkls (uzlabota versija)<\/title>\n<meta name=\"description\" content=\"Naturehike 340T poliestera \u0161\u016bpu\u013ct\u012bkls ir izgatavots no iztur\u012bga sint\u0113tiska materi\u0101la.\" \/>\n<meta name=\"robots\" content=\"index, follow, max-snippet:-1, max-image-preview:large, max-video-preview:-1\" \/>\n<link rel=\"canonical\" href=\"https:\/\/gohike.lv\/ru\/produkts\/naturehike-uzlabots-ipasi-vieglis-supultikls-dubults\/\" \/>\n<meta property=\"og:locale\" content=\"ru_RU\" \/>\n<meta property=\"og:type\" content=\"article\" \/>\n<meta property=\"og:title\" content=\"Naturehike - \u0160\u016bpu\u013ct\u012bkls\" \/>\n<meta property=\"og:description\" content=\"Naturehike 340T poliestera \u0161\u016bpu\u013ct\u012bkls ir izgatavots no iztur\u012bga sint\u0113tiska materi\u0101la.\" \/>\n<meta property=\"og:url\" content=\"https:\/\/gohike.lv\/ru\/produkts\/naturehike-uzlabots-ipasi-vieglis-supultikls-dubults\/\" \/>\n<meta property=\"og:site_name\" content=\"GoHike\" \/>\n<meta property=\"article:publisher\" content=\"https:\/\/www.facebook.com\/gohike.shop\/\" \/>\n<meta property=\"article:modified_time\" content=\"2025-12-30T14:24:43+00:00\" \/>\n<meta property=\"og:image\" content=\"https:\/\/gohike.lv\/wp-content\/uploads\/2024\/04\/Ultralight_hammock_blue-1.png\" \/>\n\t<meta property=\"og:image:width\" content=\"420\" \/>\n\t<meta property=\"og:image:height\" content=\"420\" \/>\n\t<meta property=\"og:image:type\" content=\"image\/png\" \/>\n<meta name=\"twitter:card\" content=\"summary_large_image\" \/>\n<meta name=\"twitter:title\" content=\"Naturehike - \u0160\u016bpu\u013ct\u012bkls\" \/>\n<meta name=\"twitter:label1\" content=\"\u041f\u0440\u0438\u043c\u0435\u0440\u043d\u043e\u0435 \u0432\u0440\u0435\u043c\u044f \u0434\u043b\u044f \u0447\u0442\u0435\u043d\u0438\u044f\" \/>\n\t<meta name=\"twitter:data1\" content=\"1 \u043c\u0438\u043d\u0443\u0442\u0430\" \/>\n<script type=\"application\/ld+json\" class=\"yoast-schema-graph\">{\"@context\":\"https:\\\/\\\/schema.org\",\"@graph\":[{\"@type\":[\"WebPage\",\"ItemPage\"],\"@id\":\"https:\\\/\\\/gohike.lv\\\/ru\\\/produkts\\\/naturehike-uzlabots-ipasi-vieglis-supultikls-dubults\\\/\",\"url\":\"https:\\\/\\\/gohike.lv\\\/ru\\\/produkts\\\/naturehike-uzlabots-ipasi-vieglis-supultikls-dubults\\\/\",\"name\":\"Naturehike - Ultralight \u0161\u016bpu\u013ct\u012bkls (uzlabota versija)\",\"isPartOf\":{\"@id\":\"https:\\\/\\\/gohike.lv\\\/ru\\\/#website\"},\"primaryImageOfPage\":{\"@id\":\"https:\\\/\\\/gohike.lv\\\/ru\\\/produkts\\\/naturehike-uzlabots-ipasi-vieglis-supultikls-dubults\\\/#primaryimage\"},\"image\":{\"@id\":\"https:\\\/\\\/gohike.lv\\\/ru\\\/produkts\\\/naturehike-uzlabots-ipasi-vieglis-supultikls-dubults\\\/#primaryimage\"},\"thumbnailUrl\":\"https:\\\/\\\/gohike.lv\\\/wp-content\\\/uploads\\\/2024\\\/04\\\/Ultralight_hammock_blue-1.png\",\"datePublished\":\"2024-05-07T08:45:29+00:00\",\"dateModified\":\"2025-12-30T14:24:43+00:00\",\"description\":\"Naturehike 340T poliestera \u0161\u016bpu\u013ct\u012bkls ir izgatavots no iztur\u012bga sint\u0113tiska materi\u0101la.\",\"breadcrumb\":{\"@id\":\"https:\\\/\\\/gohike.lv\\\/ru\\\/produkts\\\/naturehike-uzlabots-ipasi-vieglis-supultikls-dubults\\\/#breadcrumb\"},\"inLanguage\":\"ru-RU\",\"potentialAction\":[{\"@type\":\"ReadAction\",\"target\":[\"https:\\\/\\\/gohike.lv\\\/ru\\\/produkts\\\/naturehike-uzlabots-ipasi-vieglis-supultikls-dubults\\\/\"]}]},{\"@type\":\"ImageObject\",\"inLanguage\":\"ru-RU\",\"@id\":\"https:\\\/\\\/gohike.lv\\\/ru\\\/produkts\\\/naturehike-uzlabots-ipasi-vieglis-supultikls-dubults\\\/#primaryimage\",\"url\":\"https:\\\/\\\/gohike.lv\\\/wp-content\\\/uploads\\\/2024\\\/04\\\/Ultralight_hammock_blue-1.png\",\"contentUrl\":\"https:\\\/\\\/gohike.lv\\\/wp-content\\\/uploads\\\/2024\\\/04\\\/Ultralight_hammock_blue-1.png\",\"width\":420,\"height\":420},{\"@type\":\"BreadcrumbList\",\"@id\":\"https:\\\/\\\/gohike.lv\\\/ru\\\/produkts\\\/naturehike-uzlabots-ipasi-vieglis-supultikls-dubults\\\/#breadcrumb\",\"itemListElement\":[{\"@type\":\"ListItem\",\"position\":1,\"name\":\"\u0413\u043b\u0430\u0432\u043d\u0430\u044f\",\"item\":\"https:\\\/\\\/gohike.lv\\\/ru\\\/\"},{\"@type\":\"ListItem\",\"position\":2,\"name\":\"\u041a\u0430\u0442\u0435\u0433\u043e\u0440\u0438\u0438 \u0442\u043e\u0432\u0430\u0440\u043e\u0432\",\"item\":\"https:\\\/\\\/gohike.lv\\\/%d0%ba%d0%b0%d1%82%d0%b5%d0%b3%d0%be%d1%80%d0%b8%d0%b8-%d1%82%d0%be%d0%b2%d0%b0%d1%80%d0%be%d0%b2\\\/\"},{\"@type\":\"ListItem\",\"position\":3,\"name\":\"Naturehike &#8211; Ultralight \u0161\u016bpu\u013ct\u012bkls (uzlabota versija) \u2013 divviet\u012bgs\"}]},{\"@type\":\"WebSite\",\"@id\":\"https:\\\/\\\/gohike.lv\\\/ru\\\/#website\",\"url\":\"https:\\\/\\\/gohike.lv\\\/ru\\\/\",\"name\":\"GoHike\",\"description\":\"\",\"publisher\":{\"@id\":\"https:\\\/\\\/gohike.lv\\\/ru\\\/#organization\"},\"potentialAction\":[{\"@type\":\"SearchAction\",\"target\":{\"@type\":\"EntryPoint\",\"urlTemplate\":\"https:\\\/\\\/gohike.lv\\\/ru\\\/?s={search_term_string}\"},\"query-input\":{\"@type\":\"PropertyValueSpecification\",\"valueRequired\":true,\"valueName\":\"search_term_string\"}}],\"inLanguage\":\"ru-RU\"},{\"@type\":\"Organization\",\"@id\":\"https:\\\/\\\/gohike.lv\\\/ru\\\/#organization\",\"name\":\"GoHike\",\"url\":\"https:\\\/\\\/gohike.lv\\\/ru\\\/\",\"logo\":{\"@type\":\"ImageObject\",\"inLanguage\":\"ru-RU\",\"@id\":\"https:\\\/\\\/gohike.lv\\\/ru\\\/#\\\/schema\\\/logo\\\/image\\\/\",\"url\":\"https:\\\/\\\/gohike.lv\\\/wp-content\\\/uploads\\\/2023\\\/08\\\/Logo_GoHike.webp\",\"contentUrl\":\"https:\\\/\\\/gohike.lv\\\/wp-content\\\/uploads\\\/2023\\\/08\\\/Logo_GoHike.webp\",\"width\":512,\"height\":512,\"caption\":\"GoHike\"},\"image\":{\"@id\":\"https:\\\/\\\/gohike.lv\\\/ru\\\/#\\\/schema\\\/logo\\\/image\\\/\"},\"sameAs\":[\"https:\\\/\\\/www.facebook.com\\\/gohike.shop\\\/\",\"https:\\\/\\\/www.instagram.com\\\/gohike.shop\\\/\"]}]}<\/script>\n<!-- \/ Yoast SEO plugin. -->","yoast_head_json":{"title":"Naturehike - Ultralight \u0161\u016bpu\u013ct\u012bkls (uzlabota versija)","description":"Naturehike 340T poliestera \u0161\u016bpu\u013ct\u012bkls ir izgatavots no iztur\u012bga sint\u0113tiska materi\u0101la.","robots":{"index":"index","follow":"follow","max-snippet":"max-snippet:-1","max-image-preview":"max-image-preview:large","max-video-preview":"max-video-preview:-1"},"canonical":"https:\/\/gohike.lv\/ru\/produkts\/naturehike-uzlabots-ipasi-vieglis-supultikls-dubults\/","og_locale":"ru_RU","og_type":"article","og_title":"Naturehike - \u0160\u016bpu\u013ct\u012bkls","og_description":"Naturehike 340T poliestera \u0161\u016bpu\u013ct\u012bkls ir izgatavots no iztur\u012bga sint\u0113tiska materi\u0101la.","og_url":"https:\/\/gohike.lv\/ru\/produkts\/naturehike-uzlabots-ipasi-vieglis-supultikls-dubults\/","og_site_name":"GoHike","article_publisher":"https:\/\/www.facebook.com\/gohike.shop\/","article_modified_time":"2025-12-30T14:24:43+00:00","og_image":[{"width":420,"height":420,"url":"https:\/\/gohike.lv\/wp-content\/uploads\/2024\/04\/Ultralight_hammock_blue-1.png","type":"image\/png"}],"twitter_card":"summary_large_image","twitter_title":"Naturehike - \u0160\u016bpu\u013ct\u012bkls","twitter_misc":{"\u041f\u0440\u0438\u043c\u0435\u0440\u043d\u043e\u0435 \u0432\u0440\u0435\u043c\u044f \u0434\u043b\u044f \u0447\u0442\u0435\u043d\u0438\u044f":"1 \u043c\u0438\u043d\u0443\u0442\u0430"},"schema":{"@context":"https:\/\/schema.org","@graph":[{"@type":["WebPage","ItemPage"],"@id":"https:\/\/gohike.lv\/ru\/produkts\/naturehike-uzlabots-ipasi-vieglis-supultikls-dubults\/","url":"https:\/\/gohike.lv\/ru\/produkts\/naturehike-uzlabots-ipasi-vieglis-supultikls-dubults\/","name":"Naturehike - Ultralight \u0161\u016bpu\u013ct\u012bkls (uzlabota versija)","isPartOf":{"@id":"https:\/\/gohike.lv\/ru\/#website"},"primaryImageOfPage":{"@id":"https:\/\/gohike.lv\/ru\/produkts\/naturehike-uzlabots-ipasi-vieglis-supultikls-dubults\/#primaryimage"},"image":{"@id":"https:\/\/gohike.lv\/ru\/produkts\/naturehike-uzlabots-ipasi-vieglis-supultikls-dubults\/#primaryimage"},"thumbnailUrl":"https:\/\/gohike.lv\/wp-content\/uploads\/2024\/04\/Ultralight_hammock_blue-1.png","datePublished":"2024-05-07T08:45:29+00:00","dateModified":"2025-12-30T14:24:43+00:00","description":"Naturehike 340T poliestera \u0161\u016bpu\u013ct\u012bkls ir izgatavots no iztur\u012bga sint\u0113tiska materi\u0101la.","breadcrumb":{"@id":"https:\/\/gohike.lv\/ru\/produkts\/naturehike-uzlabots-ipasi-vieglis-supultikls-dubults\/#breadcrumb"},"inLanguage":"ru-RU","potentialAction":[{"@type":"ReadAction","target":["https:\/\/gohike.lv\/ru\/produkts\/naturehike-uzlabots-ipasi-vieglis-supultikls-dubults\/"]}]},{"@type":"ImageObject","inLanguage":"ru-RU","@id":"https:\/\/gohike.lv\/ru\/produkts\/naturehike-uzlabots-ipasi-vieglis-supultikls-dubults\/#primaryimage","url":"https:\/\/gohike.lv\/wp-content\/uploads\/2024\/04\/Ultralight_hammock_blue-1.png","contentUrl":"https:\/\/gohike.lv\/wp-content\/uploads\/2024\/04\/Ultralight_hammock_blue-1.png","width":420,"height":420},{"@type":"BreadcrumbList","@id":"https:\/\/gohike.lv\/ru\/produkts\/naturehike-uzlabots-ipasi-vieglis-supultikls-dubults\/#breadcrumb","itemListElement":[{"@type":"ListItem","position":1,"name":"\u0413\u043b\u0430\u0432\u043d\u0430\u044f","item":"https:\/\/gohike.lv\/ru\/"},{"@type":"ListItem","position":2,"name":"\u041a\u0430\u0442\u0435\u0433\u043e\u0440\u0438\u0438 \u0442\u043e\u0432\u0430\u0440\u043e\u0432","item":"https:\/\/gohike.lv\/%d0%ba%d0%b0%d1%82%d0%b5%d0%b3%d0%be%d1%80%d0%b8%d0%b8-%d1%82%d0%be%d0%b2%d0%b0%d1%80%d0%be%d0%b2\/"},{"@type":"ListItem","position":3,"name":"Naturehike &#8211; Ultralight \u0161\u016bpu\u013ct\u012bkls (uzlabota versija) \u2013 divviet\u012bgs"}]},{"@type":"WebSite","@id":"https:\/\/gohike.lv\/ru\/#website","url":"https:\/\/gohike.lv\/ru\/","name":"GoHike","description":"","publisher":{"@id":"https:\/\/gohike.lv\/ru\/#organization"},"potentialAction":[{"@type":"SearchAction","target":{"@type":"EntryPoint","urlTemplate":"https:\/\/gohike.lv\/ru\/?s={search_term_string}"},"query-input":{"@type":"PropertyValueSpecification","valueRequired":true,"valueName":"search_term_string"}}],"inLanguage":"ru-RU"},{"@type":"Organization","@id":"https:\/\/gohike.lv\/ru\/#organization","name":"GoHike","url":"https:\/\/gohike.lv\/ru\/","logo":{"@type":"ImageObject","inLanguage":"ru-RU","@id":"https:\/\/gohike.lv\/ru\/#\/schema\/logo\/image\/","url":"https:\/\/gohike.lv\/wp-content\/uploads\/2023\/08\/Logo_GoHike.webp","contentUrl":"https:\/\/gohike.lv\/wp-content\/uploads\/2023\/08\/Logo_GoHike.webp","width":512,"height":512,"caption":"GoHike"},"image":{"@id":"https:\/\/gohike.lv\/ru\/#\/schema\/logo\/image\/"},"sameAs":["https:\/\/www.facebook.com\/gohike.shop\/","https:\/\/www.instagram.com\/gohike.shop\/"]}]}},"jetpack_sharing_enabled":true,"_links":{"self":[{"href":"https:\/\/gohike.lv\/ru\/wp-json\/wp\/v2\/product\/53235","targetHints":{"allow":["GET"]}}],"collection":[{"href":"https:\/\/gohike.lv\/ru\/wp-json\/wp\/v2\/product"}],"about":[{"href":"https:\/\/gohike.lv\/ru\/wp-json\/wp\/v2\/types\/product"}],"version-history":[{"count":1,"href":"https:\/\/gohike.lv\/ru\/wp-json\/wp\/v2\/product\/53235\/revisions"}],"predecessor-version":[{"id":118916,"href":"https:\/\/gohike.lv\/ru\/wp-json\/wp\/v2\/product\/53235\/revisions\/118916"}],"wp:featuredmedia":[{"embeddable":true,"href":"https:\/\/gohike.lv\/ru\/wp-json\/wp\/v2\/media\/34909"}],"wp:attachment":[{"href":"https:\/\/gohike.lv\/ru\/wp-json\/wp\/v2\/media?parent=53235"}],"wp:term":[{"taxonomy":"product_brand","embeddable":true,"href":"https:\/\/gohike.lv\/ru\/wp-json\/wp\/v2\/product_brand?post=53235"},{"taxonomy":"product_cat","embeddable":true,"href":"https:\/\/gohike.lv\/ru\/wp-json\/wp\/v2\/product_cat?post=53235"},{"taxonomy":"product_tag","embeddable":true,"href":"https:\/\/gohike.lv\/ru\/wp-json\/wp\/v2\/product_tag?post=53235"}],"curies":[{"name":"wp","href":"https:\/\/api.w.org\/{rel}","templated":true}]}}