{"id":53231,"date":"2024-05-07T11:45:29","date_gmt":"2024-05-07T08:45:29","guid":{"rendered":"https:\/\/gohike.lv\/produkts\/naturehike-lampini-teltim-ar-saules-bateriju\/"},"modified":"2025-12-30T17:10:01","modified_gmt":"2025-12-30T14:10:01","slug":"naturehike-lampini-teltim-ar-saules-bateriju","status":"publish","type":"product","link":"https:\/\/gohike.lv\/ru\/produkts\/naturehike-lampini-teltim-ar-saules-bateriju\/","title":{"rendered":"Naturehike &#8212; Lampi\u0146as telt\u012bm ar saules bateriju"},"content":{"rendered":"<p>Produkta \u012bpa\u0161\u012bbas:<br \/>\nApr\u012bkotas ar 8 p\u0101rsl\u0113g\u0161anas re\u017e\u012bmiem.<br \/>\nSaules un USB uzl\u0101des re\u017e\u012bmi;<br \/>\nUzglab\u0101\u0161anas soma \u0113rtai transport\u0113\u0161anai;<br \/>\nProdukta \u012bpa\u0161\u012bbas:<br \/>\nIzm\u0113rs: 20m \u00b15%;<br \/>\nSvars: 950 g;<br \/>\nSaules panelis: 4.5V\/270mAh;<br \/>\nUzl\u0101des laiks: 4-5 stundas;<br \/>\n\u016adensiztur\u012bbas pak\u0101pe: IPX4;<br \/>\nMateri\u0101ls: ABS+PS+PVC materi\u0101ls+vara stieple;<br \/>\nT\u0101lvad\u012bbas pults att\u0101lums: 5-7m.<\/p>\n","protected":false},"excerpt":{"rendered":"<p>Autom\u0101tiski iedegas, kad k\u013c\u016bst tum\u0161s.<br \/>\nKad saules panelis uztver noteiktu gaismas daudzumu, kv\u0113lspuldzes autom\u0101tiski izsl\u0113dzas, un otr\u0101di, kv\u0113lspuldzes autom\u0101tiski iesl\u0113dzas, kad paliek tum\u0161s.<\/p>\n","protected":false},"featured_media":34580,"template":"","meta":[],"product_brand":[167],"product_cat":[1643],"product_tag":[],"class_list":{"0":"post-53231","1":"product","2":"type-product","3":"status-publish","4":"has-post-thumbnail","6":"product_brand-naturehike-lv","7":"product_cat-elektronika","8":"pa_ipx-standarts-ip44","9":"pa_izmeriscm-10126","10":"pa_materiali-c3-putas","11":"pa_materiali-eva","12":"pa_produkta-tips-telts-apgaismojums","14":"first","15":"instock","16":"taxable","17":"shipping-taxable","18":"purchasable","19":"product-type-simple"},"raw_content":{"name":"Naturehike - Lampi\u0146as telt\u012bm ar saules bateriju","description":"Produkta \u012bpa\u0161\u012bbas:\nApr\u012bkotas ar 8 p\u0101rsl\u0113g\u0161anas re\u017e\u012bmiem.\nSaules un USB uzl\u0101des re\u017e\u012bmi;\nUzglab\u0101\u0161anas soma \u0113rtai transport\u0113\u0161anai;\nProdukta \u012bpa\u0161\u012bbas:\nIzm\u0113rs: 20m \u00b15%;\nSvars: 950 g;\nSaules panelis: 4.5V\/270mAh;\nUzl\u0101des laiks: 4-5 stundas;\n\u016adensiztur\u012bbas pak\u0101pe: IPX4;\nMateri\u0101ls: ABS+PS+PVC materi\u0101ls+vara stieple;\nT\u0101lvad\u012bbas pults att\u0101lums: 5-7m.","short_description":"Autom\u0101tiski iedegas, kad k\u013c\u016bst tum\u0161s.\r\nKad saules panelis uztver noteiktu gaismas daudzumu, kv\u0113lspuldzes autom\u0101tiski izsl\u0113dzas, un otr\u0101di, kv\u0113lspuldzes autom\u0101tiski iesl\u0113dzas, kad paliek tum\u0161s.","status":"publish","sku":"6975641886280","original":53231},"wpml":{"translation_type":1,"has_translations":true,"original":53231,"duplicates":[],"translations":{"lv":53231,"en":67504,"ru":null}},"supplier_id":null,"supplier_sku":"","barcode":null,"atum_controlled":true,"out_stock_date":null,"out_stock_threshold":null,"inheritable":false,"inbound_stock":null,"stock_on_hold":0,"sold_today":0,"sales_last_days":0,"reserved_stock":null,"customer_returns":null,"warehouse_damage":null,"lost_in_post":null,"other_logs":null,"out_stock_days":0,"lost_sales":0,"has_location":null,"update_date":"2025-12-30T14:13:28","atum_locations":[],"atum_stock_status":"instock","restock_status":false,"low_stock_amount":"","sales_update_date":"2025-11-13T14:08:08","calc_backorders":null,"yoast_head":"<!-- This site is optimized with the Yoast SEO plugin v27.3 - https:\/\/yoast.com\/product\/yoast-seo-wordpress\/ -->\n<title>Naturehike - Lampi\u0146as telt\u012bm ar saules bateriju<\/title>\n<meta name=\"description\" content=\"Autom\u0101tiski iedegas, kad k\u013c\u016bst tum\u0161s. Kad saules panelis uztver noteiktu gaismas daudzumu, kv\u0113lspuldzes autom\u0101tiski izsl\u0113dzas, un otr\u0101di, kv\u0113lspuldzes autom\u0101tiski iesl\u0113dzas, kad paliek tum\u0161s.\" \/>\n<meta name=\"robots\" content=\"index, follow, max-snippet:-1, max-image-preview:large, max-video-preview:-1\" \/>\n<link rel=\"canonical\" href=\"https:\/\/gohike.lv\/ru\/produkts\/naturehike-lampini-teltim-ar-saules-bateriju\/\" \/>\n<meta property=\"og:locale\" content=\"ru_RU\" \/>\n<meta property=\"og:type\" content=\"article\" \/>\n<meta property=\"og:title\" content=\"Naturehike - Lampi\u0146i telt\u012bm\" \/>\n<meta property=\"og:description\" content=\"Autom\u0101tiski iedegas, kad k\u013c\u016bst tum\u0161s. Kad saules panelis uztver noteiktu gaismas daudzumu, kv\u0113lspuldzes autom\u0101tiski izsl\u0113dzas, un otr\u0101di, kv\u0113lspuldzes autom\u0101tiski iesl\u0113dzas, kad paliek tum\u0161s.\" \/>\n<meta property=\"og:url\" content=\"https:\/\/gohike.lv\/ru\/produkts\/naturehike-lampini-teltim-ar-saules-bateriju\/\" \/>\n<meta property=\"og:site_name\" content=\"GoHike\" \/>\n<meta property=\"article:publisher\" content=\"https:\/\/www.facebook.com\/gohike.shop\/\" \/>\n<meta property=\"article:modified_time\" content=\"2025-12-30T14:10:01+00:00\" \/>\n<meta property=\"og:image\" content=\"https:\/\/gohike.lv\/wp-content\/uploads\/2024\/04\/SolarString_white-1.jpeg\" \/>\n\t<meta property=\"og:image:width\" content=\"800\" \/>\n\t<meta property=\"og:image:height\" content=\"800\" \/>\n\t<meta property=\"og:image:type\" content=\"image\/jpeg\" \/>\n<meta name=\"twitter:card\" content=\"summary_large_image\" \/>\n<meta name=\"twitter:title\" content=\"Naturehike - Lampi\u0146i telt\u012bm\" \/>\n<meta name=\"twitter:label1\" content=\"\u041f\u0440\u0438\u043c\u0435\u0440\u043d\u043e\u0435 \u0432\u0440\u0435\u043c\u044f \u0434\u043b\u044f \u0447\u0442\u0435\u043d\u0438\u044f\" \/>\n\t<meta name=\"twitter:data1\" content=\"1 \u043c\u0438\u043d\u0443\u0442\u0430\" \/>\n<script type=\"application\/ld+json\" class=\"yoast-schema-graph\">{\"@context\":\"https:\\\/\\\/schema.org\",\"@graph\":[{\"@type\":[\"WebPage\",\"ItemPage\"],\"@id\":\"https:\\\/\\\/gohike.lv\\\/ru\\\/produkts\\\/naturehike-lampini-teltim-ar-saules-bateriju\\\/\",\"url\":\"https:\\\/\\\/gohike.lv\\\/ru\\\/produkts\\\/naturehike-lampini-teltim-ar-saules-bateriju\\\/\",\"name\":\"Naturehike - Lampi\u0146as telt\u012bm ar saules bateriju\",\"isPartOf\":{\"@id\":\"https:\\\/\\\/gohike.lv\\\/ru\\\/#website\"},\"primaryImageOfPage\":{\"@id\":\"https:\\\/\\\/gohike.lv\\\/ru\\\/produkts\\\/naturehike-lampini-teltim-ar-saules-bateriju\\\/#primaryimage\"},\"image\":{\"@id\":\"https:\\\/\\\/gohike.lv\\\/ru\\\/produkts\\\/naturehike-lampini-teltim-ar-saules-bateriju\\\/#primaryimage\"},\"thumbnailUrl\":\"https:\\\/\\\/gohike.lv\\\/wp-content\\\/uploads\\\/2024\\\/04\\\/SolarString_white-1.jpeg\",\"datePublished\":\"2024-05-07T08:45:29+00:00\",\"dateModified\":\"2025-12-30T14:10:01+00:00\",\"description\":\"Autom\u0101tiski iedegas, kad k\u013c\u016bst tum\u0161s. Kad saules panelis uztver noteiktu gaismas daudzumu, kv\u0113lspuldzes autom\u0101tiski izsl\u0113dzas, un otr\u0101di, kv\u0113lspuldzes autom\u0101tiski iesl\u0113dzas, kad paliek tum\u0161s.\",\"breadcrumb\":{\"@id\":\"https:\\\/\\\/gohike.lv\\\/ru\\\/produkts\\\/naturehike-lampini-teltim-ar-saules-bateriju\\\/#breadcrumb\"},\"inLanguage\":\"ru-RU\",\"potentialAction\":[{\"@type\":\"ReadAction\",\"target\":[\"https:\\\/\\\/gohike.lv\\\/ru\\\/produkts\\\/naturehike-lampini-teltim-ar-saules-bateriju\\\/\"]}]},{\"@type\":\"ImageObject\",\"inLanguage\":\"ru-RU\",\"@id\":\"https:\\\/\\\/gohike.lv\\\/ru\\\/produkts\\\/naturehike-lampini-teltim-ar-saules-bateriju\\\/#primaryimage\",\"url\":\"https:\\\/\\\/gohike.lv\\\/wp-content\\\/uploads\\\/2024\\\/04\\\/SolarString_white-1.jpeg\",\"contentUrl\":\"https:\\\/\\\/gohike.lv\\\/wp-content\\\/uploads\\\/2024\\\/04\\\/SolarString_white-1.jpeg\",\"width\":800,\"height\":800},{\"@type\":\"BreadcrumbList\",\"@id\":\"https:\\\/\\\/gohike.lv\\\/ru\\\/produkts\\\/naturehike-lampini-teltim-ar-saules-bateriju\\\/#breadcrumb\",\"itemListElement\":[{\"@type\":\"ListItem\",\"position\":1,\"name\":\"\u0413\u043b\u0430\u0432\u043d\u0430\u044f\",\"item\":\"https:\\\/\\\/gohike.lv\\\/ru\\\/\"},{\"@type\":\"ListItem\",\"position\":2,\"name\":\"\u041a\u0430\u0442\u0435\u0433\u043e\u0440\u0438\u0438 \u0442\u043e\u0432\u0430\u0440\u043e\u0432\",\"item\":\"https:\\\/\\\/gohike.lv\\\/%d0%ba%d0%b0%d1%82%d0%b5%d0%b3%d0%be%d1%80%d0%b8%d0%b8-%d1%82%d0%be%d0%b2%d0%b0%d1%80%d0%be%d0%b2\\\/\"},{\"@type\":\"ListItem\",\"position\":3,\"name\":\"Naturehike &#8211; Lampi\u0146as telt\u012bm ar saules bateriju\"}]},{\"@type\":\"WebSite\",\"@id\":\"https:\\\/\\\/gohike.lv\\\/ru\\\/#website\",\"url\":\"https:\\\/\\\/gohike.lv\\\/ru\\\/\",\"name\":\"GoHike\",\"description\":\"\",\"publisher\":{\"@id\":\"https:\\\/\\\/gohike.lv\\\/ru\\\/#organization\"},\"potentialAction\":[{\"@type\":\"SearchAction\",\"target\":{\"@type\":\"EntryPoint\",\"urlTemplate\":\"https:\\\/\\\/gohike.lv\\\/ru\\\/?s={search_term_string}\"},\"query-input\":{\"@type\":\"PropertyValueSpecification\",\"valueRequired\":true,\"valueName\":\"search_term_string\"}}],\"inLanguage\":\"ru-RU\"},{\"@type\":\"Organization\",\"@id\":\"https:\\\/\\\/gohike.lv\\\/ru\\\/#organization\",\"name\":\"GoHike\",\"url\":\"https:\\\/\\\/gohike.lv\\\/ru\\\/\",\"logo\":{\"@type\":\"ImageObject\",\"inLanguage\":\"ru-RU\",\"@id\":\"https:\\\/\\\/gohike.lv\\\/ru\\\/#\\\/schema\\\/logo\\\/image\\\/\",\"url\":\"https:\\\/\\\/gohike.lv\\\/wp-content\\\/uploads\\\/2023\\\/08\\\/Logo_GoHike.webp\",\"contentUrl\":\"https:\\\/\\\/gohike.lv\\\/wp-content\\\/uploads\\\/2023\\\/08\\\/Logo_GoHike.webp\",\"width\":512,\"height\":512,\"caption\":\"GoHike\"},\"image\":{\"@id\":\"https:\\\/\\\/gohike.lv\\\/ru\\\/#\\\/schema\\\/logo\\\/image\\\/\"},\"sameAs\":[\"https:\\\/\\\/www.facebook.com\\\/gohike.shop\\\/\",\"https:\\\/\\\/www.instagram.com\\\/gohike.shop\\\/\"]}]}<\/script>\n<!-- \/ Yoast SEO plugin. -->","yoast_head_json":{"title":"Naturehike - Lampi\u0146as telt\u012bm ar saules bateriju","description":"Autom\u0101tiski iedegas, kad k\u013c\u016bst tum\u0161s. Kad saules panelis uztver noteiktu gaismas daudzumu, kv\u0113lspuldzes autom\u0101tiski izsl\u0113dzas, un otr\u0101di, kv\u0113lspuldzes autom\u0101tiski iesl\u0113dzas, kad paliek tum\u0161s.","robots":{"index":"index","follow":"follow","max-snippet":"max-snippet:-1","max-image-preview":"max-image-preview:large","max-video-preview":"max-video-preview:-1"},"canonical":"https:\/\/gohike.lv\/ru\/produkts\/naturehike-lampini-teltim-ar-saules-bateriju\/","og_locale":"ru_RU","og_type":"article","og_title":"Naturehike - Lampi\u0146i telt\u012bm","og_description":"Autom\u0101tiski iedegas, kad k\u013c\u016bst tum\u0161s. Kad saules panelis uztver noteiktu gaismas daudzumu, kv\u0113lspuldzes autom\u0101tiski izsl\u0113dzas, un otr\u0101di, kv\u0113lspuldzes autom\u0101tiski iesl\u0113dzas, kad paliek tum\u0161s.","og_url":"https:\/\/gohike.lv\/ru\/produkts\/naturehike-lampini-teltim-ar-saules-bateriju\/","og_site_name":"GoHike","article_publisher":"https:\/\/www.facebook.com\/gohike.shop\/","article_modified_time":"2025-12-30T14:10:01+00:00","og_image":[{"width":800,"height":800,"url":"https:\/\/gohike.lv\/wp-content\/uploads\/2024\/04\/SolarString_white-1.jpeg","type":"image\/jpeg"}],"twitter_card":"summary_large_image","twitter_title":"Naturehike - Lampi\u0146i telt\u012bm","twitter_misc":{"\u041f\u0440\u0438\u043c\u0435\u0440\u043d\u043e\u0435 \u0432\u0440\u0435\u043c\u044f \u0434\u043b\u044f \u0447\u0442\u0435\u043d\u0438\u044f":"1 \u043c\u0438\u043d\u0443\u0442\u0430"},"schema":{"@context":"https:\/\/schema.org","@graph":[{"@type":["WebPage","ItemPage"],"@id":"https:\/\/gohike.lv\/ru\/produkts\/naturehike-lampini-teltim-ar-saules-bateriju\/","url":"https:\/\/gohike.lv\/ru\/produkts\/naturehike-lampini-teltim-ar-saules-bateriju\/","name":"Naturehike - Lampi\u0146as telt\u012bm ar saules bateriju","isPartOf":{"@id":"https:\/\/gohike.lv\/ru\/#website"},"primaryImageOfPage":{"@id":"https:\/\/gohike.lv\/ru\/produkts\/naturehike-lampini-teltim-ar-saules-bateriju\/#primaryimage"},"image":{"@id":"https:\/\/gohike.lv\/ru\/produkts\/naturehike-lampini-teltim-ar-saules-bateriju\/#primaryimage"},"thumbnailUrl":"https:\/\/gohike.lv\/wp-content\/uploads\/2024\/04\/SolarString_white-1.jpeg","datePublished":"2024-05-07T08:45:29+00:00","dateModified":"2025-12-30T14:10:01+00:00","description":"Autom\u0101tiski iedegas, kad k\u013c\u016bst tum\u0161s. Kad saules panelis uztver noteiktu gaismas daudzumu, kv\u0113lspuldzes autom\u0101tiski izsl\u0113dzas, un otr\u0101di, kv\u0113lspuldzes autom\u0101tiski iesl\u0113dzas, kad paliek tum\u0161s.","breadcrumb":{"@id":"https:\/\/gohike.lv\/ru\/produkts\/naturehike-lampini-teltim-ar-saules-bateriju\/#breadcrumb"},"inLanguage":"ru-RU","potentialAction":[{"@type":"ReadAction","target":["https:\/\/gohike.lv\/ru\/produkts\/naturehike-lampini-teltim-ar-saules-bateriju\/"]}]},{"@type":"ImageObject","inLanguage":"ru-RU","@id":"https:\/\/gohike.lv\/ru\/produkts\/naturehike-lampini-teltim-ar-saules-bateriju\/#primaryimage","url":"https:\/\/gohike.lv\/wp-content\/uploads\/2024\/04\/SolarString_white-1.jpeg","contentUrl":"https:\/\/gohike.lv\/wp-content\/uploads\/2024\/04\/SolarString_white-1.jpeg","width":800,"height":800},{"@type":"BreadcrumbList","@id":"https:\/\/gohike.lv\/ru\/produkts\/naturehike-lampini-teltim-ar-saules-bateriju\/#breadcrumb","itemListElement":[{"@type":"ListItem","position":1,"name":"\u0413\u043b\u0430\u0432\u043d\u0430\u044f","item":"https:\/\/gohike.lv\/ru\/"},{"@type":"ListItem","position":2,"name":"\u041a\u0430\u0442\u0435\u0433\u043e\u0440\u0438\u0438 \u0442\u043e\u0432\u0430\u0440\u043e\u0432","item":"https:\/\/gohike.lv\/%d0%ba%d0%b0%d1%82%d0%b5%d0%b3%d0%be%d1%80%d0%b8%d0%b8-%d1%82%d0%be%d0%b2%d0%b0%d1%80%d0%be%d0%b2\/"},{"@type":"ListItem","position":3,"name":"Naturehike &#8211; Lampi\u0146as telt\u012bm ar saules bateriju"}]},{"@type":"WebSite","@id":"https:\/\/gohike.lv\/ru\/#website","url":"https:\/\/gohike.lv\/ru\/","name":"GoHike","description":"","publisher":{"@id":"https:\/\/gohike.lv\/ru\/#organization"},"potentialAction":[{"@type":"SearchAction","target":{"@type":"EntryPoint","urlTemplate":"https:\/\/gohike.lv\/ru\/?s={search_term_string}"},"query-input":{"@type":"PropertyValueSpecification","valueRequired":true,"valueName":"search_term_string"}}],"inLanguage":"ru-RU"},{"@type":"Organization","@id":"https:\/\/gohike.lv\/ru\/#organization","name":"GoHike","url":"https:\/\/gohike.lv\/ru\/","logo":{"@type":"ImageObject","inLanguage":"ru-RU","@id":"https:\/\/gohike.lv\/ru\/#\/schema\/logo\/image\/","url":"https:\/\/gohike.lv\/wp-content\/uploads\/2023\/08\/Logo_GoHike.webp","contentUrl":"https:\/\/gohike.lv\/wp-content\/uploads\/2023\/08\/Logo_GoHike.webp","width":512,"height":512,"caption":"GoHike"},"image":{"@id":"https:\/\/gohike.lv\/ru\/#\/schema\/logo\/image\/"},"sameAs":["https:\/\/www.facebook.com\/gohike.shop\/","https:\/\/www.instagram.com\/gohike.shop\/"]}]}},"jetpack_sharing_enabled":true,"_links":{"self":[{"href":"https:\/\/gohike.lv\/ru\/wp-json\/wp\/v2\/product\/53231","targetHints":{"allow":["GET"]}}],"collection":[{"href":"https:\/\/gohike.lv\/ru\/wp-json\/wp\/v2\/product"}],"about":[{"href":"https:\/\/gohike.lv\/ru\/wp-json\/wp\/v2\/types\/product"}],"version-history":[{"count":0,"href":"https:\/\/gohike.lv\/ru\/wp-json\/wp\/v2\/product\/53231\/revisions"}],"wp:featuredmedia":[{"embeddable":true,"href":"https:\/\/gohike.lv\/ru\/wp-json\/wp\/v2\/media\/34580"}],"wp:attachment":[{"href":"https:\/\/gohike.lv\/ru\/wp-json\/wp\/v2\/media?parent=53231"}],"wp:term":[{"taxonomy":"product_brand","embeddable":true,"href":"https:\/\/gohike.lv\/ru\/wp-json\/wp\/v2\/product_brand?post=53231"},{"taxonomy":"product_cat","embeddable":true,"href":"https:\/\/gohike.lv\/ru\/wp-json\/wp\/v2\/product_cat?post=53231"},{"taxonomy":"product_tag","embeddable":true,"href":"https:\/\/gohike.lv\/ru\/wp-json\/wp\/v2\/product_tag?post=53231"}],"curies":[{"name":"wp","href":"https:\/\/api.w.org\/{rel}","templated":true}]}}