{"id":53227,"date":"2024-05-07T11:45:29","date_gmt":"2024-05-07T08:45:29","guid":{"rendered":"https:\/\/gohike.lv\/produkts\/naturehike-mushroom-kempinga-lampa\/"},"modified":"2025-12-30T17:10:01","modified_gmt":"2025-12-30T14:10:01","slug":"naturehike-mushroom-kempinga-lampa","status":"publish","type":"product","link":"https:\/\/gohike.lv\/ru\/produkts\/naturehike-mushroom-kempinga-lampa\/","title":{"rendered":"Naturehike &#8212; Mushroom Kempinga lampa"},"content":{"rendered":"<p>Luktura aug\u0161\u0113j\u0101 un apak\u0161\u0113j\u0101 da\u013ca ir izgatavota no meln\u0101 met\u0101la, kas nodro\u0161ina lab\u0101ku iztur\u012bbu pret triecieniem.<br \/>\nMonol\u012bt\u0101s izliekt\u0101s met\u0101la pl\u0101ksnes nodro\u0161ina papildu iztur\u012bbu. Tas ar\u012b palielina lampas IPX4 \u016bdensiztur\u012bbas pak\u0101pi.<br \/>\nJ\u0101\u0146em v\u0113r\u0101, ka ir divas atsevi\u0161\u0137as LED sist\u0113mas, kas nodro\u0161ina balto un dzelteno gaismu.<br \/>\nTas pal\u012bdz optimiz\u0113t akumulatora darb\u012bbas laiku, ja to lieto atsevi\u0161\u0137i vai kop\u0101 ar div\u0101m apgaismojuma sist\u0113m\u0101m. Vienk\u0101r\u0161i pagrieziet sl\u0113dzi, lai piel\u0101gotu spilgtumu katram apgaismojuma re\u017e\u012bmam.<br \/>\nRaksturlielumi:<br \/>\nMaksim\u0101lais spilgtums &#8212; 350 lm;<br \/>\nSvars: 350 g;<br \/>\nMateri\u0101ls: dzelzs (\u0101r\u0113jais aizsargr\u0101mis), ABS plastmasa (iek\u0161puse);<br \/>\nIzm\u0113ri: 10,2 x 17 cm (bez roktura), 10,2 x 23,5 cm (ar rokturi);<br \/>\nIepakojums: 12,5 x 18 cm;<br \/>\nJauda: 4500 mAh;<br \/>\nLieto\u0161anas laiks: no 7 l\u012bdz 70 stund\u0101m<br \/>\nUzl\u0101des laiks: 3 stundas;<br \/>\nUSB-C uzl\u0101des ports<br \/>\nAizsardz\u012bbas pak\u0101pe: IPX4.<\/p>\n","protected":false},"excerpt":{"rendered":"<p>LED apgaismojums ar unik\u0101lu un skaistu apgaismojuma efektu romantiskai atmosf\u0113rai.<\/p>\n","protected":false},"featured_media":34522,"template":"","meta":[],"product_brand":[167],"product_cat":[1643],"product_tag":[],"class_list":{"0":"post-53227","1":"product","2":"type-product","3":"status-publish","4":"has-post-thumbnail","6":"product_brand-naturehike-lv","7":"product_cat-elektronika","8":"pa_darba-laiks-apmeram-7-70-stundas","9":"pa_energijas-avots-4500mah","10":"pa_ipx-standarts-ipx4","11":"pa_izmeriscm-10-222-5","12":"pa_materiali-abs","13":"pa_materiali-dzelzs","14":"pa_materiali-plastmasa","15":"pa_produkta-tips-kempinga-lukturi","16":"pa_spalva-zals","18":"first","19":"outofstock","20":"taxable","21":"shipping-taxable","22":"purchasable","23":"product-type-simple"},"raw_content":{"name":"Naturehike - Mushroom Kempinga lampa","description":"Luktura aug\u0161\u0113j\u0101 un apak\u0161\u0113j\u0101 da\u013ca ir izgatavota no meln\u0101 met\u0101la, kas nodro\u0161ina lab\u0101ku iztur\u012bbu pret triecieniem.\nMonol\u012bt\u0101s izliekt\u0101s met\u0101la pl\u0101ksnes nodro\u0161ina papildu iztur\u012bbu. Tas ar\u012b palielina lampas IPX4 \u016bdensiztur\u012bbas pak\u0101pi.\nJ\u0101\u0146em v\u0113r\u0101, ka ir divas atsevi\u0161\u0137as LED sist\u0113mas, kas nodro\u0161ina balto un dzelteno gaismu.\nTas pal\u012bdz optimiz\u0113t akumulatora darb\u012bbas laiku, ja to lieto atsevi\u0161\u0137i vai kop\u0101 ar div\u0101m apgaismojuma sist\u0113m\u0101m. Vienk\u0101r\u0161i pagrieziet sl\u0113dzi, lai piel\u0101gotu spilgtumu katram apgaismojuma re\u017e\u012bmam.\nRaksturlielumi:\nMaksim\u0101lais spilgtums - 350 lm;\nSvars: 350 g;\nMateri\u0101ls: dzelzs (\u0101r\u0113jais aizsargr\u0101mis), ABS plastmasa (iek\u0161puse);\nIzm\u0113ri: 10,2 x 17 cm (bez roktura), 10,2 x 23,5 cm (ar rokturi);\nIepakojums: 12,5 x 18 cm;\nJauda: 4500 mAh;\nLieto\u0161anas laiks: no 7 l\u012bdz 70 stund\u0101m\nUzl\u0101des laiks: 3 stundas;\nUSB-C uzl\u0101des ports\nAizsardz\u012bbas pak\u0101pe: IPX4.","short_description":"LED apgaismojums ar unik\u0101lu un skaistu apgaismojuma efektu romantiskai atmosf\u0113rai.","status":"publish","sku":"6927595710630","original":53227},"wpml":{"translation_type":1,"has_translations":true,"original":53227,"duplicates":[],"translations":{"lv":53227,"en":67506,"ru":null}},"supplier_id":null,"supplier_sku":"","barcode":null,"atum_controlled":true,"out_stock_date":null,"out_stock_threshold":null,"inheritable":false,"inbound_stock":null,"stock_on_hold":0,"sold_today":0,"sales_last_days":0,"reserved_stock":null,"customer_returns":null,"warehouse_damage":null,"lost_in_post":null,"other_logs":null,"out_stock_days":0,"lost_sales":0,"has_location":null,"update_date":"2025-12-30T14:13:29","atum_locations":[],"atum_stock_status":"outofstock","restock_status":false,"low_stock_amount":"","sales_update_date":"2025-11-13T14:08:08","calc_backorders":null,"yoast_head":"<!-- This site is optimized with the Yoast SEO plugin v27.3 - https:\/\/yoast.com\/product\/yoast-seo-wordpress\/ -->\n<title>Naturehike - Mushroom Kempinga lampa<\/title>\n<meta name=\"description\" content=\"LED apgaismojums ar unik\u0101lu un skaistu apgaismojuma efektu romantiskai atmosf\u0113rai. IPX4 \u016bdensiztur\u012bbas pak\u0101pe.\" \/>\n<meta name=\"robots\" content=\"index, follow, max-snippet:-1, max-image-preview:large, max-video-preview:-1\" \/>\n<link rel=\"canonical\" href=\"https:\/\/gohike.lv\/ru\/produkts\/naturehike-mushroom-kempinga-lampa\/\" \/>\n<meta property=\"og:locale\" content=\"ru_RU\" \/>\n<meta property=\"og:type\" content=\"article\" \/>\n<meta property=\"og:title\" content=\"Naturehike - Kempinga lukturi\" \/>\n<meta property=\"og:description\" content=\"LED apgaismojums ar unik\u0101lu un skaistu apgaismojuma efektu romantiskai atmosf\u0113rai. IPX4 \u016bdensiztur\u012bbas pak\u0101pe.\" \/>\n<meta property=\"og:url\" content=\"https:\/\/gohike.lv\/ru\/produkts\/naturehike-mushroom-kempinga-lampa\/\" \/>\n<meta property=\"og:site_name\" content=\"GoHike\" \/>\n<meta property=\"article:publisher\" content=\"https:\/\/www.facebook.com\/gohike.shop\/\" \/>\n<meta property=\"article:modified_time\" content=\"2025-12-30T14:10:01+00:00\" \/>\n<meta property=\"og:image\" content=\"https:\/\/gohike.lv\/wp-content\/uploads\/2024\/04\/MuchroomCampingLamp_green-1.webp\" \/>\n\t<meta property=\"og:image:width\" content=\"800\" \/>\n\t<meta property=\"og:image:height\" content=\"800\" \/>\n\t<meta property=\"og:image:type\" content=\"image\/webp\" \/>\n<meta name=\"twitter:card\" content=\"summary_large_image\" \/>\n<meta name=\"twitter:title\" content=\"Naturehike - Kempinga lukturi\" \/>\n<meta name=\"twitter:label1\" content=\"\u041f\u0440\u0438\u043c\u0435\u0440\u043d\u043e\u0435 \u0432\u0440\u0435\u043c\u044f \u0434\u043b\u044f \u0447\u0442\u0435\u043d\u0438\u044f\" \/>\n\t<meta name=\"twitter:data1\" content=\"1 \u043c\u0438\u043d\u0443\u0442\u0430\" \/>\n<script type=\"application\/ld+json\" class=\"yoast-schema-graph\">{\"@context\":\"https:\\\/\\\/schema.org\",\"@graph\":[{\"@type\":[\"WebPage\",\"ItemPage\"],\"@id\":\"https:\\\/\\\/gohike.lv\\\/ru\\\/produkts\\\/naturehike-mushroom-kempinga-lampa\\\/\",\"url\":\"https:\\\/\\\/gohike.lv\\\/ru\\\/produkts\\\/naturehike-mushroom-kempinga-lampa\\\/\",\"name\":\"Naturehike - Mushroom Kempinga lampa\",\"isPartOf\":{\"@id\":\"https:\\\/\\\/gohike.lv\\\/ru\\\/#website\"},\"primaryImageOfPage\":{\"@id\":\"https:\\\/\\\/gohike.lv\\\/ru\\\/produkts\\\/naturehike-mushroom-kempinga-lampa\\\/#primaryimage\"},\"image\":{\"@id\":\"https:\\\/\\\/gohike.lv\\\/ru\\\/produkts\\\/naturehike-mushroom-kempinga-lampa\\\/#primaryimage\"},\"thumbnailUrl\":\"https:\\\/\\\/gohike.lv\\\/wp-content\\\/uploads\\\/2024\\\/04\\\/MuchroomCampingLamp_green-1.webp\",\"datePublished\":\"2024-05-07T08:45:29+00:00\",\"dateModified\":\"2025-12-30T14:10:01+00:00\",\"description\":\"LED apgaismojums ar unik\u0101lu un skaistu apgaismojuma efektu romantiskai atmosf\u0113rai. IPX4 \u016bdensiztur\u012bbas pak\u0101pe.\",\"breadcrumb\":{\"@id\":\"https:\\\/\\\/gohike.lv\\\/ru\\\/produkts\\\/naturehike-mushroom-kempinga-lampa\\\/#breadcrumb\"},\"inLanguage\":\"ru-RU\",\"potentialAction\":[{\"@type\":\"ReadAction\",\"target\":[\"https:\\\/\\\/gohike.lv\\\/ru\\\/produkts\\\/naturehike-mushroom-kempinga-lampa\\\/\"]}]},{\"@type\":\"ImageObject\",\"inLanguage\":\"ru-RU\",\"@id\":\"https:\\\/\\\/gohike.lv\\\/ru\\\/produkts\\\/naturehike-mushroom-kempinga-lampa\\\/#primaryimage\",\"url\":\"https:\\\/\\\/gohike.lv\\\/wp-content\\\/uploads\\\/2024\\\/04\\\/MuchroomCampingLamp_green-1.webp\",\"contentUrl\":\"https:\\\/\\\/gohike.lv\\\/wp-content\\\/uploads\\\/2024\\\/04\\\/MuchroomCampingLamp_green-1.webp\",\"width\":800,\"height\":800},{\"@type\":\"BreadcrumbList\",\"@id\":\"https:\\\/\\\/gohike.lv\\\/ru\\\/produkts\\\/naturehike-mushroom-kempinga-lampa\\\/#breadcrumb\",\"itemListElement\":[{\"@type\":\"ListItem\",\"position\":1,\"name\":\"\u0413\u043b\u0430\u0432\u043d\u0430\u044f\",\"item\":\"https:\\\/\\\/gohike.lv\\\/ru\\\/\"},{\"@type\":\"ListItem\",\"position\":2,\"name\":\"\u041a\u0430\u0442\u0435\u0433\u043e\u0440\u0438\u0438 \u0442\u043e\u0432\u0430\u0440\u043e\u0432\",\"item\":\"https:\\\/\\\/gohike.lv\\\/%d0%ba%d0%b0%d1%82%d0%b5%d0%b3%d0%be%d1%80%d0%b8%d0%b8-%d1%82%d0%be%d0%b2%d0%b0%d1%80%d0%be%d0%b2\\\/\"},{\"@type\":\"ListItem\",\"position\":3,\"name\":\"Naturehike &#8211; Mushroom Kempinga lampa\"}]},{\"@type\":\"WebSite\",\"@id\":\"https:\\\/\\\/gohike.lv\\\/ru\\\/#website\",\"url\":\"https:\\\/\\\/gohike.lv\\\/ru\\\/\",\"name\":\"GoHike\",\"description\":\"\",\"publisher\":{\"@id\":\"https:\\\/\\\/gohike.lv\\\/ru\\\/#organization\"},\"potentialAction\":[{\"@type\":\"SearchAction\",\"target\":{\"@type\":\"EntryPoint\",\"urlTemplate\":\"https:\\\/\\\/gohike.lv\\\/ru\\\/?s={search_term_string}\"},\"query-input\":{\"@type\":\"PropertyValueSpecification\",\"valueRequired\":true,\"valueName\":\"search_term_string\"}}],\"inLanguage\":\"ru-RU\"},{\"@type\":\"Organization\",\"@id\":\"https:\\\/\\\/gohike.lv\\\/ru\\\/#organization\",\"name\":\"GoHike\",\"url\":\"https:\\\/\\\/gohike.lv\\\/ru\\\/\",\"logo\":{\"@type\":\"ImageObject\",\"inLanguage\":\"ru-RU\",\"@id\":\"https:\\\/\\\/gohike.lv\\\/ru\\\/#\\\/schema\\\/logo\\\/image\\\/\",\"url\":\"https:\\\/\\\/gohike.lv\\\/wp-content\\\/uploads\\\/2023\\\/08\\\/Logo_GoHike.webp\",\"contentUrl\":\"https:\\\/\\\/gohike.lv\\\/wp-content\\\/uploads\\\/2023\\\/08\\\/Logo_GoHike.webp\",\"width\":512,\"height\":512,\"caption\":\"GoHike\"},\"image\":{\"@id\":\"https:\\\/\\\/gohike.lv\\\/ru\\\/#\\\/schema\\\/logo\\\/image\\\/\"},\"sameAs\":[\"https:\\\/\\\/www.facebook.com\\\/gohike.shop\\\/\",\"https:\\\/\\\/www.instagram.com\\\/gohike.shop\\\/\"]}]}<\/script>\n<!-- \/ Yoast SEO plugin. -->","yoast_head_json":{"title":"Naturehike - Mushroom Kempinga lampa","description":"LED apgaismojums ar unik\u0101lu un skaistu apgaismojuma efektu romantiskai atmosf\u0113rai. IPX4 \u016bdensiztur\u012bbas pak\u0101pe.","robots":{"index":"index","follow":"follow","max-snippet":"max-snippet:-1","max-image-preview":"max-image-preview:large","max-video-preview":"max-video-preview:-1"},"canonical":"https:\/\/gohike.lv\/ru\/produkts\/naturehike-mushroom-kempinga-lampa\/","og_locale":"ru_RU","og_type":"article","og_title":"Naturehike - Kempinga lukturi","og_description":"LED apgaismojums ar unik\u0101lu un skaistu apgaismojuma efektu romantiskai atmosf\u0113rai. IPX4 \u016bdensiztur\u012bbas pak\u0101pe.","og_url":"https:\/\/gohike.lv\/ru\/produkts\/naturehike-mushroom-kempinga-lampa\/","og_site_name":"GoHike","article_publisher":"https:\/\/www.facebook.com\/gohike.shop\/","article_modified_time":"2025-12-30T14:10:01+00:00","og_image":[{"width":800,"height":800,"url":"https:\/\/gohike.lv\/wp-content\/uploads\/2024\/04\/MuchroomCampingLamp_green-1.webp","type":"image\/webp"}],"twitter_card":"summary_large_image","twitter_title":"Naturehike - Kempinga lukturi","twitter_misc":{"\u041f\u0440\u0438\u043c\u0435\u0440\u043d\u043e\u0435 \u0432\u0440\u0435\u043c\u044f \u0434\u043b\u044f \u0447\u0442\u0435\u043d\u0438\u044f":"1 \u043c\u0438\u043d\u0443\u0442\u0430"},"schema":{"@context":"https:\/\/schema.org","@graph":[{"@type":["WebPage","ItemPage"],"@id":"https:\/\/gohike.lv\/ru\/produkts\/naturehike-mushroom-kempinga-lampa\/","url":"https:\/\/gohike.lv\/ru\/produkts\/naturehike-mushroom-kempinga-lampa\/","name":"Naturehike - Mushroom Kempinga lampa","isPartOf":{"@id":"https:\/\/gohike.lv\/ru\/#website"},"primaryImageOfPage":{"@id":"https:\/\/gohike.lv\/ru\/produkts\/naturehike-mushroom-kempinga-lampa\/#primaryimage"},"image":{"@id":"https:\/\/gohike.lv\/ru\/produkts\/naturehike-mushroom-kempinga-lampa\/#primaryimage"},"thumbnailUrl":"https:\/\/gohike.lv\/wp-content\/uploads\/2024\/04\/MuchroomCampingLamp_green-1.webp","datePublished":"2024-05-07T08:45:29+00:00","dateModified":"2025-12-30T14:10:01+00:00","description":"LED apgaismojums ar unik\u0101lu un skaistu apgaismojuma efektu romantiskai atmosf\u0113rai. IPX4 \u016bdensiztur\u012bbas pak\u0101pe.","breadcrumb":{"@id":"https:\/\/gohike.lv\/ru\/produkts\/naturehike-mushroom-kempinga-lampa\/#breadcrumb"},"inLanguage":"ru-RU","potentialAction":[{"@type":"ReadAction","target":["https:\/\/gohike.lv\/ru\/produkts\/naturehike-mushroom-kempinga-lampa\/"]}]},{"@type":"ImageObject","inLanguage":"ru-RU","@id":"https:\/\/gohike.lv\/ru\/produkts\/naturehike-mushroom-kempinga-lampa\/#primaryimage","url":"https:\/\/gohike.lv\/wp-content\/uploads\/2024\/04\/MuchroomCampingLamp_green-1.webp","contentUrl":"https:\/\/gohike.lv\/wp-content\/uploads\/2024\/04\/MuchroomCampingLamp_green-1.webp","width":800,"height":800},{"@type":"BreadcrumbList","@id":"https:\/\/gohike.lv\/ru\/produkts\/naturehike-mushroom-kempinga-lampa\/#breadcrumb","itemListElement":[{"@type":"ListItem","position":1,"name":"\u0413\u043b\u0430\u0432\u043d\u0430\u044f","item":"https:\/\/gohike.lv\/ru\/"},{"@type":"ListItem","position":2,"name":"\u041a\u0430\u0442\u0435\u0433\u043e\u0440\u0438\u0438 \u0442\u043e\u0432\u0430\u0440\u043e\u0432","item":"https:\/\/gohike.lv\/%d0%ba%d0%b0%d1%82%d0%b5%d0%b3%d0%be%d1%80%d0%b8%d0%b8-%d1%82%d0%be%d0%b2%d0%b0%d1%80%d0%be%d0%b2\/"},{"@type":"ListItem","position":3,"name":"Naturehike &#8211; Mushroom Kempinga lampa"}]},{"@type":"WebSite","@id":"https:\/\/gohike.lv\/ru\/#website","url":"https:\/\/gohike.lv\/ru\/","name":"GoHike","description":"","publisher":{"@id":"https:\/\/gohike.lv\/ru\/#organization"},"potentialAction":[{"@type":"SearchAction","target":{"@type":"EntryPoint","urlTemplate":"https:\/\/gohike.lv\/ru\/?s={search_term_string}"},"query-input":{"@type":"PropertyValueSpecification","valueRequired":true,"valueName":"search_term_string"}}],"inLanguage":"ru-RU"},{"@type":"Organization","@id":"https:\/\/gohike.lv\/ru\/#organization","name":"GoHike","url":"https:\/\/gohike.lv\/ru\/","logo":{"@type":"ImageObject","inLanguage":"ru-RU","@id":"https:\/\/gohike.lv\/ru\/#\/schema\/logo\/image\/","url":"https:\/\/gohike.lv\/wp-content\/uploads\/2023\/08\/Logo_GoHike.webp","contentUrl":"https:\/\/gohike.lv\/wp-content\/uploads\/2023\/08\/Logo_GoHike.webp","width":512,"height":512,"caption":"GoHike"},"image":{"@id":"https:\/\/gohike.lv\/ru\/#\/schema\/logo\/image\/"},"sameAs":["https:\/\/www.facebook.com\/gohike.shop\/","https:\/\/www.instagram.com\/gohike.shop\/"]}]}},"jetpack_sharing_enabled":true,"_links":{"self":[{"href":"https:\/\/gohike.lv\/ru\/wp-json\/wp\/v2\/product\/53227","targetHints":{"allow":["GET"]}}],"collection":[{"href":"https:\/\/gohike.lv\/ru\/wp-json\/wp\/v2\/product"}],"about":[{"href":"https:\/\/gohike.lv\/ru\/wp-json\/wp\/v2\/types\/product"}],"version-history":[{"count":0,"href":"https:\/\/gohike.lv\/ru\/wp-json\/wp\/v2\/product\/53227\/revisions"}],"wp:featuredmedia":[{"embeddable":true,"href":"https:\/\/gohike.lv\/ru\/wp-json\/wp\/v2\/media\/34522"}],"wp:attachment":[{"href":"https:\/\/gohike.lv\/ru\/wp-json\/wp\/v2\/media?parent=53227"}],"wp:term":[{"taxonomy":"product_brand","embeddable":true,"href":"https:\/\/gohike.lv\/ru\/wp-json\/wp\/v2\/product_brand?post=53227"},{"taxonomy":"product_cat","embeddable":true,"href":"https:\/\/gohike.lv\/ru\/wp-json\/wp\/v2\/product_cat?post=53227"},{"taxonomy":"product_tag","embeddable":true,"href":"https:\/\/gohike.lv\/ru\/wp-json\/wp\/v2\/product_tag?post=53227"}],"curies":[{"name":"wp","href":"https:\/\/api.w.org\/{rel}","templated":true}]}}