{"id":53223,"date":"2024-05-07T11:45:12","date_gmt":"2024-05-07T08:45:12","guid":{"rendered":"https:\/\/gohike.lv\/produkts\/naturehike-kempinga-lampa\/"},"modified":"2025-12-30T17:10:01","modified_gmt":"2025-12-30T14:10:01","slug":"naturehike-kempinga-lampa","status":"publish","type":"product","link":"https:\/\/gohike.lv\/ru\/produkts\/naturehike-kempinga-lampa\/","title":{"rendered":"Naturehike &#8212; Kempinga lampa"},"content":{"rendered":"<p>Ar m\u0113renu gaismas l\u012bmeni 130 l\u016bmenu jauda pie\u0161\u0137ir siltumu un maigumu.<br \/>\nLukturi var izmantot liet\u016b, pateicoties t\u0101 IPX4 \u016bdensiztur\u012bgajam dizainam.<br \/>\nLaterna ir funkcion\u0101la un est\u0113tiska.<br \/>\nLuktura pamatne ir apr\u012bkota ar pretsl\u012bdes materi\u0101lu.<br \/>\nIeteicams izmantot MID LED re\u017e\u012bmu, kad luktur\u012btis darbojas k\u0101 galda lampa. TOP LED &#8212; novietojot luktur\u012bti telt\u012b.<br \/>\nDivas spuldzes vienlaikus netiek izmantotas, iesl\u0113dzot MID LED, autom\u0101tiski izsl\u0113dzas TOP LED un otr\u0101di.<br \/>\nRaksturlielumi:<br \/>\nDarb\u012bbas laiks: 6-24 stundas atkar\u012bb\u0101 no izv\u0113l\u0113t\u0101 spilgtuma.<br \/>\nNodro\u0161ina pla\u0161u apgaismojuma le\u0146\u0137i;<br \/>\nMateri\u0101ls: dzelzs + ABS;<br \/>\nSpilgtums: 0-130 l\u016bmeni, regul\u0113jams;<br \/>\nIzm\u0113rs: 10,8 cm x 17 cm;<br \/>\nRoktura augstums: 3,7 cm;<br \/>\nSvars: 600g;<br \/>\nUzl\u0101des laiks: 6 stundas;<br \/>\nUzglab\u0101\u0161anas soma: 20,5 x 11 cm.<\/p>\n","protected":false},"excerpt":{"rendered":"<p>Viena no liel\u0101kaj\u0101m priek\u0161roc\u012bb\u0101m ir ilgs akumulatora darb\u012bbas laiks un iesp\u0113ja uzl\u0101d\u0113t mobil\u0101s ier\u012bces, izmantojot Type-C portu.<\/p>\n","protected":false},"featured_media":34482,"template":"","meta":[],"product_brand":[167],"product_cat":[1643],"product_tag":[],"class_list":{"0":"post-53223","1":"product","2":"type-product","3":"status-publish","4":"has-post-thumbnail","6":"product_brand-naturehike-lv","7":"product_cat-elektronika","8":"pa_darba-laiks-apmeram-15-40-stundas","9":"pa_energijas-avots-18650-5000mah","10":"pa_ipx-standarts-ipx4","11":"pa_izmeriscm-10-817","12":"pa_materiali-abs","13":"pa_materiali-dzelzs","14":"pa_produkta-tips-kempinga-lukturi","15":"pa_spalva-zils","17":"first","18":"outofstock","19":"taxable","20":"shipping-taxable","21":"purchasable","22":"product-type-simple"},"raw_content":{"name":"Naturehike - Kempinga lampa","description":"Ar m\u0113renu gaismas l\u012bmeni 130 l\u016bmenu jauda pie\u0161\u0137ir siltumu un maigumu.\nLukturi var izmantot liet\u016b, pateicoties t\u0101 IPX4 \u016bdensiztur\u012bgajam dizainam.\nLaterna ir funkcion\u0101la un est\u0113tiska.\nLuktura pamatne ir apr\u012bkota ar pretsl\u012bdes materi\u0101lu.\nIeteicams izmantot MID LED re\u017e\u012bmu, kad luktur\u012btis darbojas k\u0101 galda lampa. TOP LED - novietojot luktur\u012bti telt\u012b.\nDivas spuldzes vienlaikus netiek izmantotas, iesl\u0113dzot MID LED, autom\u0101tiski izsl\u0113dzas TOP LED un otr\u0101di.\nRaksturlielumi:\nDarb\u012bbas laiks: 6-24 stundas atkar\u012bb\u0101 no izv\u0113l\u0113t\u0101 spilgtuma.\nNodro\u0161ina pla\u0161u apgaismojuma le\u0146\u0137i;\nMateri\u0101ls: dzelzs + ABS;\nSpilgtums: 0-130 l\u016bmeni, regul\u0113jams;\nIzm\u0113rs: 10,8 cm x 17 cm;\nRoktura augstums: 3,7 cm;\nSvars: 600g;\nUzl\u0101des laiks: 6 stundas;\nUzglab\u0101\u0161anas soma: 20,5 x 11 cm.","short_description":"Viena no liel\u0101kaj\u0101m priek\u0161roc\u012bb\u0101m ir ilgs akumulatora darb\u012bbas laiks un iesp\u0113ja uzl\u0101d\u0113t mobil\u0101s ier\u012bces, izmantojot Type-C portu.","status":"publish","sku":"6927595754900","original":53223},"wpml":{"translation_type":1,"has_translations":true,"original":53223,"duplicates":[],"translations":{"lv":53223,"en":67495,"ru":null}},"supplier_id":null,"supplier_sku":"","barcode":null,"atum_controlled":true,"out_stock_date":null,"out_stock_threshold":null,"inheritable":false,"inbound_stock":null,"stock_on_hold":0,"sold_today":0,"sales_last_days":0,"reserved_stock":null,"customer_returns":null,"warehouse_damage":null,"lost_in_post":null,"other_logs":null,"out_stock_days":0,"lost_sales":0,"has_location":null,"update_date":"2025-12-30T14:13:29","atum_locations":[],"atum_stock_status":"outofstock","restock_status":false,"low_stock_amount":"","sales_update_date":"2025-11-13T14:08:08","calc_backorders":null,"yoast_head":"<!-- This site is optimized with the Yoast SEO plugin v27.3 - https:\/\/yoast.com\/product\/yoast-seo-wordpress\/ -->\n<title>Naturehike - Kempinga lampa<\/title>\n<meta name=\"description\" content=\"Viena no liel\u0101kaj\u0101m priek\u0161roc\u012bb\u0101m ir ilgs akumulatora darb\u012bbas laiks un iesp\u0113ja uzl\u0101d\u0113t mobil\u0101s ier\u012bces, izmantojot Type-C portu.\" \/>\n<meta name=\"robots\" content=\"index, follow, max-snippet:-1, max-image-preview:large, max-video-preview:-1\" \/>\n<link rel=\"canonical\" href=\"https:\/\/gohike.lv\/ru\/produkts\/naturehike-kempinga-lampa\/\" \/>\n<meta property=\"og:locale\" content=\"ru_RU\" \/>\n<meta property=\"og:type\" content=\"article\" \/>\n<meta property=\"og:title\" content=\"Naturehike - Kempinga lukturi\" \/>\n<meta property=\"og:description\" content=\"Viena no liel\u0101kaj\u0101m priek\u0161roc\u012bb\u0101m ir ilgs akumulatora darb\u012bbas laiks un iesp\u0113ja uzl\u0101d\u0113t mobil\u0101s ier\u012bces, izmantojot Type-C portu.\" \/>\n<meta property=\"og:url\" content=\"https:\/\/gohike.lv\/ru\/produkts\/naturehike-kempinga-lampa\/\" \/>\n<meta property=\"og:site_name\" content=\"GoHike\" \/>\n<meta property=\"article:publisher\" content=\"https:\/\/www.facebook.com\/gohike.shop\/\" \/>\n<meta property=\"article:modified_time\" content=\"2025-12-30T14:10:01+00:00\" \/>\n<meta property=\"og:image\" content=\"https:\/\/gohike.lv\/wp-content\/uploads\/2024\/04\/MoodLamp_blue-1.jpg\" \/>\n\t<meta property=\"og:image:width\" content=\"530\" \/>\n\t<meta property=\"og:image:height\" content=\"552\" \/>\n\t<meta property=\"og:image:type\" content=\"image\/jpeg\" \/>\n<meta name=\"twitter:card\" content=\"summary_large_image\" \/>\n<meta name=\"twitter:title\" content=\"Naturehike - Kempinga lukturi\" \/>\n<meta name=\"twitter:label1\" content=\"\u041f\u0440\u0438\u043c\u0435\u0440\u043d\u043e\u0435 \u0432\u0440\u0435\u043c\u044f \u0434\u043b\u044f \u0447\u0442\u0435\u043d\u0438\u044f\" \/>\n\t<meta name=\"twitter:data1\" content=\"1 \u043c\u0438\u043d\u0443\u0442\u0430\" \/>\n<script type=\"application\/ld+json\" class=\"yoast-schema-graph\">{\"@context\":\"https:\\\/\\\/schema.org\",\"@graph\":[{\"@type\":[\"WebPage\",\"ItemPage\"],\"@id\":\"https:\\\/\\\/gohike.lv\\\/ru\\\/produkts\\\/naturehike-kempinga-lampa\\\/\",\"url\":\"https:\\\/\\\/gohike.lv\\\/ru\\\/produkts\\\/naturehike-kempinga-lampa\\\/\",\"name\":\"Naturehike - Kempinga lampa\",\"isPartOf\":{\"@id\":\"https:\\\/\\\/gohike.lv\\\/ru\\\/#website\"},\"primaryImageOfPage\":{\"@id\":\"https:\\\/\\\/gohike.lv\\\/ru\\\/produkts\\\/naturehike-kempinga-lampa\\\/#primaryimage\"},\"image\":{\"@id\":\"https:\\\/\\\/gohike.lv\\\/ru\\\/produkts\\\/naturehike-kempinga-lampa\\\/#primaryimage\"},\"thumbnailUrl\":\"https:\\\/\\\/gohike.lv\\\/wp-content\\\/uploads\\\/2024\\\/04\\\/MoodLamp_blue-1.jpg\",\"datePublished\":\"2024-05-07T08:45:12+00:00\",\"dateModified\":\"2025-12-30T14:10:01+00:00\",\"description\":\"Viena no liel\u0101kaj\u0101m priek\u0161roc\u012bb\u0101m ir ilgs akumulatora darb\u012bbas laiks un iesp\u0113ja uzl\u0101d\u0113t mobil\u0101s ier\u012bces, izmantojot Type-C portu.\",\"breadcrumb\":{\"@id\":\"https:\\\/\\\/gohike.lv\\\/ru\\\/produkts\\\/naturehike-kempinga-lampa\\\/#breadcrumb\"},\"inLanguage\":\"ru-RU\",\"potentialAction\":[{\"@type\":\"ReadAction\",\"target\":[\"https:\\\/\\\/gohike.lv\\\/ru\\\/produkts\\\/naturehike-kempinga-lampa\\\/\"]}]},{\"@type\":\"ImageObject\",\"inLanguage\":\"ru-RU\",\"@id\":\"https:\\\/\\\/gohike.lv\\\/ru\\\/produkts\\\/naturehike-kempinga-lampa\\\/#primaryimage\",\"url\":\"https:\\\/\\\/gohike.lv\\\/wp-content\\\/uploads\\\/2024\\\/04\\\/MoodLamp_blue-1.jpg\",\"contentUrl\":\"https:\\\/\\\/gohike.lv\\\/wp-content\\\/uploads\\\/2024\\\/04\\\/MoodLamp_blue-1.jpg\",\"width\":530,\"height\":552},{\"@type\":\"BreadcrumbList\",\"@id\":\"https:\\\/\\\/gohike.lv\\\/ru\\\/produkts\\\/naturehike-kempinga-lampa\\\/#breadcrumb\",\"itemListElement\":[{\"@type\":\"ListItem\",\"position\":1,\"name\":\"\u0413\u043b\u0430\u0432\u043d\u0430\u044f\",\"item\":\"https:\\\/\\\/gohike.lv\\\/ru\\\/\"},{\"@type\":\"ListItem\",\"position\":2,\"name\":\"\u041a\u0430\u0442\u0435\u0433\u043e\u0440\u0438\u0438 \u0442\u043e\u0432\u0430\u0440\u043e\u0432\",\"item\":\"https:\\\/\\\/gohike.lv\\\/%d0%ba%d0%b0%d1%82%d0%b5%d0%b3%d0%be%d1%80%d0%b8%d0%b8-%d1%82%d0%be%d0%b2%d0%b0%d1%80%d0%be%d0%b2\\\/\"},{\"@type\":\"ListItem\",\"position\":3,\"name\":\"Naturehike &#8211; Kempinga lampa\"}]},{\"@type\":\"WebSite\",\"@id\":\"https:\\\/\\\/gohike.lv\\\/ru\\\/#website\",\"url\":\"https:\\\/\\\/gohike.lv\\\/ru\\\/\",\"name\":\"GoHike\",\"description\":\"\",\"publisher\":{\"@id\":\"https:\\\/\\\/gohike.lv\\\/ru\\\/#organization\"},\"potentialAction\":[{\"@type\":\"SearchAction\",\"target\":{\"@type\":\"EntryPoint\",\"urlTemplate\":\"https:\\\/\\\/gohike.lv\\\/ru\\\/?s={search_term_string}\"},\"query-input\":{\"@type\":\"PropertyValueSpecification\",\"valueRequired\":true,\"valueName\":\"search_term_string\"}}],\"inLanguage\":\"ru-RU\"},{\"@type\":\"Organization\",\"@id\":\"https:\\\/\\\/gohike.lv\\\/ru\\\/#organization\",\"name\":\"GoHike\",\"url\":\"https:\\\/\\\/gohike.lv\\\/ru\\\/\",\"logo\":{\"@type\":\"ImageObject\",\"inLanguage\":\"ru-RU\",\"@id\":\"https:\\\/\\\/gohike.lv\\\/ru\\\/#\\\/schema\\\/logo\\\/image\\\/\",\"url\":\"https:\\\/\\\/gohike.lv\\\/wp-content\\\/uploads\\\/2023\\\/08\\\/Logo_GoHike.webp\",\"contentUrl\":\"https:\\\/\\\/gohike.lv\\\/wp-content\\\/uploads\\\/2023\\\/08\\\/Logo_GoHike.webp\",\"width\":512,\"height\":512,\"caption\":\"GoHike\"},\"image\":{\"@id\":\"https:\\\/\\\/gohike.lv\\\/ru\\\/#\\\/schema\\\/logo\\\/image\\\/\"},\"sameAs\":[\"https:\\\/\\\/www.facebook.com\\\/gohike.shop\\\/\",\"https:\\\/\\\/www.instagram.com\\\/gohike.shop\\\/\"]}]}<\/script>\n<!-- \/ Yoast SEO plugin. -->","yoast_head_json":{"title":"Naturehike - Kempinga lampa","description":"Viena no liel\u0101kaj\u0101m priek\u0161roc\u012bb\u0101m ir ilgs akumulatora darb\u012bbas laiks un iesp\u0113ja uzl\u0101d\u0113t mobil\u0101s ier\u012bces, izmantojot Type-C portu.","robots":{"index":"index","follow":"follow","max-snippet":"max-snippet:-1","max-image-preview":"max-image-preview:large","max-video-preview":"max-video-preview:-1"},"canonical":"https:\/\/gohike.lv\/ru\/produkts\/naturehike-kempinga-lampa\/","og_locale":"ru_RU","og_type":"article","og_title":"Naturehike - Kempinga lukturi","og_description":"Viena no liel\u0101kaj\u0101m priek\u0161roc\u012bb\u0101m ir ilgs akumulatora darb\u012bbas laiks un iesp\u0113ja uzl\u0101d\u0113t mobil\u0101s ier\u012bces, izmantojot Type-C portu.","og_url":"https:\/\/gohike.lv\/ru\/produkts\/naturehike-kempinga-lampa\/","og_site_name":"GoHike","article_publisher":"https:\/\/www.facebook.com\/gohike.shop\/","article_modified_time":"2025-12-30T14:10:01+00:00","og_image":[{"width":530,"height":552,"url":"https:\/\/gohike.lv\/wp-content\/uploads\/2024\/04\/MoodLamp_blue-1.jpg","type":"image\/jpeg"}],"twitter_card":"summary_large_image","twitter_title":"Naturehike - Kempinga lukturi","twitter_misc":{"\u041f\u0440\u0438\u043c\u0435\u0440\u043d\u043e\u0435 \u0432\u0440\u0435\u043c\u044f \u0434\u043b\u044f \u0447\u0442\u0435\u043d\u0438\u044f":"1 \u043c\u0438\u043d\u0443\u0442\u0430"},"schema":{"@context":"https:\/\/schema.org","@graph":[{"@type":["WebPage","ItemPage"],"@id":"https:\/\/gohike.lv\/ru\/produkts\/naturehike-kempinga-lampa\/","url":"https:\/\/gohike.lv\/ru\/produkts\/naturehike-kempinga-lampa\/","name":"Naturehike - Kempinga lampa","isPartOf":{"@id":"https:\/\/gohike.lv\/ru\/#website"},"primaryImageOfPage":{"@id":"https:\/\/gohike.lv\/ru\/produkts\/naturehike-kempinga-lampa\/#primaryimage"},"image":{"@id":"https:\/\/gohike.lv\/ru\/produkts\/naturehike-kempinga-lampa\/#primaryimage"},"thumbnailUrl":"https:\/\/gohike.lv\/wp-content\/uploads\/2024\/04\/MoodLamp_blue-1.jpg","datePublished":"2024-05-07T08:45:12+00:00","dateModified":"2025-12-30T14:10:01+00:00","description":"Viena no liel\u0101kaj\u0101m priek\u0161roc\u012bb\u0101m ir ilgs akumulatora darb\u012bbas laiks un iesp\u0113ja uzl\u0101d\u0113t mobil\u0101s ier\u012bces, izmantojot Type-C portu.","breadcrumb":{"@id":"https:\/\/gohike.lv\/ru\/produkts\/naturehike-kempinga-lampa\/#breadcrumb"},"inLanguage":"ru-RU","potentialAction":[{"@type":"ReadAction","target":["https:\/\/gohike.lv\/ru\/produkts\/naturehike-kempinga-lampa\/"]}]},{"@type":"ImageObject","inLanguage":"ru-RU","@id":"https:\/\/gohike.lv\/ru\/produkts\/naturehike-kempinga-lampa\/#primaryimage","url":"https:\/\/gohike.lv\/wp-content\/uploads\/2024\/04\/MoodLamp_blue-1.jpg","contentUrl":"https:\/\/gohike.lv\/wp-content\/uploads\/2024\/04\/MoodLamp_blue-1.jpg","width":530,"height":552},{"@type":"BreadcrumbList","@id":"https:\/\/gohike.lv\/ru\/produkts\/naturehike-kempinga-lampa\/#breadcrumb","itemListElement":[{"@type":"ListItem","position":1,"name":"\u0413\u043b\u0430\u0432\u043d\u0430\u044f","item":"https:\/\/gohike.lv\/ru\/"},{"@type":"ListItem","position":2,"name":"\u041a\u0430\u0442\u0435\u0433\u043e\u0440\u0438\u0438 \u0442\u043e\u0432\u0430\u0440\u043e\u0432","item":"https:\/\/gohike.lv\/%d0%ba%d0%b0%d1%82%d0%b5%d0%b3%d0%be%d1%80%d0%b8%d0%b8-%d1%82%d0%be%d0%b2%d0%b0%d1%80%d0%be%d0%b2\/"},{"@type":"ListItem","position":3,"name":"Naturehike &#8211; Kempinga lampa"}]},{"@type":"WebSite","@id":"https:\/\/gohike.lv\/ru\/#website","url":"https:\/\/gohike.lv\/ru\/","name":"GoHike","description":"","publisher":{"@id":"https:\/\/gohike.lv\/ru\/#organization"},"potentialAction":[{"@type":"SearchAction","target":{"@type":"EntryPoint","urlTemplate":"https:\/\/gohike.lv\/ru\/?s={search_term_string}"},"query-input":{"@type":"PropertyValueSpecification","valueRequired":true,"valueName":"search_term_string"}}],"inLanguage":"ru-RU"},{"@type":"Organization","@id":"https:\/\/gohike.lv\/ru\/#organization","name":"GoHike","url":"https:\/\/gohike.lv\/ru\/","logo":{"@type":"ImageObject","inLanguage":"ru-RU","@id":"https:\/\/gohike.lv\/ru\/#\/schema\/logo\/image\/","url":"https:\/\/gohike.lv\/wp-content\/uploads\/2023\/08\/Logo_GoHike.webp","contentUrl":"https:\/\/gohike.lv\/wp-content\/uploads\/2023\/08\/Logo_GoHike.webp","width":512,"height":512,"caption":"GoHike"},"image":{"@id":"https:\/\/gohike.lv\/ru\/#\/schema\/logo\/image\/"},"sameAs":["https:\/\/www.facebook.com\/gohike.shop\/","https:\/\/www.instagram.com\/gohike.shop\/"]}]}},"jetpack_sharing_enabled":true,"_links":{"self":[{"href":"https:\/\/gohike.lv\/ru\/wp-json\/wp\/v2\/product\/53223","targetHints":{"allow":["GET"]}}],"collection":[{"href":"https:\/\/gohike.lv\/ru\/wp-json\/wp\/v2\/product"}],"about":[{"href":"https:\/\/gohike.lv\/ru\/wp-json\/wp\/v2\/types\/product"}],"version-history":[{"count":0,"href":"https:\/\/gohike.lv\/ru\/wp-json\/wp\/v2\/product\/53223\/revisions"}],"wp:featuredmedia":[{"embeddable":true,"href":"https:\/\/gohike.lv\/ru\/wp-json\/wp\/v2\/media\/34482"}],"wp:attachment":[{"href":"https:\/\/gohike.lv\/ru\/wp-json\/wp\/v2\/media?parent=53223"}],"wp:term":[{"taxonomy":"product_brand","embeddable":true,"href":"https:\/\/gohike.lv\/ru\/wp-json\/wp\/v2\/product_brand?post=53223"},{"taxonomy":"product_cat","embeddable":true,"href":"https:\/\/gohike.lv\/ru\/wp-json\/wp\/v2\/product_cat?post=53223"},{"taxonomy":"product_tag","embeddable":true,"href":"https:\/\/gohike.lv\/ru\/wp-json\/wp\/v2\/product_tag?post=53223"}],"curies":[{"name":"wp","href":"https:\/\/api.w.org\/{rel}","templated":true}]}}