{"id":53219,"date":"2024-05-07T11:45:12","date_gmt":"2024-05-07T08:45:12","guid":{"rendered":"https:\/\/gohike.lv\/produkts\/naturehike-kempinga-lukturis-moonlight\/"},"modified":"2026-01-15T20:30:14","modified_gmt":"2026-01-15T17:30:14","slug":"naturehike-kempinga-lukturis-moonlight","status":"publish","type":"product","link":"https:\/\/gohike.lv\/ru\/produkts\/naturehike-kempinga-lukturis-moonlight\/","title":{"rendered":"Naturehike &#8212; Kempinga lukturis Moonlight"},"content":{"rendered":"<p>Lukturim ir siksni\u0146a, lai to var\u0113tu \u0113rti piekarin\u0101t.<br \/>\nLukturi var izmantot ar\u012b k\u0101 apgaismojuma piederumu fotograf\u0113\u0161anas laik\u0101.<br \/>\nIr vair\u0101ki gaismas padeves re\u017e\u012bmi un SOS sign\u0101ls.<br \/>\nKempinga lukturis ir \u013coti praktisks lieto\u0161an\u0101.<br \/>\nPie maksim\u0101l\u0101s jaudas tas var darboties bez uzl\u0101d\u0113\u0161anas aptuveni 8 stundas, bet ar minim\u0101lo jaudu \u2013 l\u012bdz 180 stund\u0101m.<br \/>\nPateicoties \u0161\u012bm \u012bpa\u0161\u012bb\u0101m, Naturehike luktur\u012bti var pa\u0146emt l\u012bdzi pat \u013coti garos p\u0101rg\u0101jienos.<br \/>\nLukturi var izmantot k\u0101 Powerbank ar jaudu 9000 MA un uzl\u0101d\u0113t t\u0101lruni.<br \/>\nKomplekt\u0101 ietilpst futr\u0101lis \u0113rtai uzglab\u0101\u0161anai un aizsardz\u012bbai pret meh\u0101niskiem boj\u0101jumiem.<br \/>\nRaksturlielumi:<br \/>\nJauda: 1300 lm;<br \/>\nIzm\u0113ri: 86x86x26 mm;<br \/>\nUzl\u0101des laiks: 5-6 stundas;<br \/>\nJauda: 9000 MA;<br \/>\nJauda: 12W;<br \/>\nRe\u017e\u012bmu skaits: 3;<br \/>\nSvars: 235 g.<\/p>\n","protected":false},"excerpt":{"rendered":"<p>Naturehike lukturis ir piem\u0113rots kempingiem un p\u0101rg\u0101jieniem.<\/p>\n","protected":false},"featured_media":34444,"template":"","meta":[],"product_brand":[167],"product_cat":[1643],"product_tag":[],"class_list":{"0":"post-53219","1":"product","2":"type-product","3":"status-publish","4":"has-post-thumbnail","6":"product_brand-naturehike-lv","7":"product_cat-elektronika","8":"pa_darba-laiks-apmeram-8-180-stundas","9":"pa_energijas-avots-9000mah","10":"pa_izmeriscm-8-68-62-6","11":"pa_materiali-lampas-forma-pc-ab-materials","12":"pa_produkta-tips-kempinga-lukturi","13":"pa_produkta-tips-telts-lukturi","14":"pa_spalva-balts","16":"first","17":"outofstock","18":"taxable","19":"shipping-taxable","20":"purchasable","21":"product-type-simple"},"raw_content":{"name":"Naturehike - Kempinga lukturis Moonlight","description":"Lukturim ir siksni\u0146a, lai to var\u0113tu \u0113rti piekarin\u0101t.\nLukturi var izmantot ar\u012b k\u0101 apgaismojuma piederumu fotograf\u0113\u0161anas laik\u0101.\nIr vair\u0101ki gaismas padeves re\u017e\u012bmi un SOS sign\u0101ls.\nKempinga lukturis ir \u013coti praktisks lieto\u0161an\u0101.\nPie maksim\u0101l\u0101s jaudas tas var darboties bez uzl\u0101d\u0113\u0161anas aptuveni 8 stundas, bet ar minim\u0101lo jaudu \u2013 l\u012bdz 180 stund\u0101m.\nPateicoties \u0161\u012bm \u012bpa\u0161\u012bb\u0101m, Naturehike luktur\u012bti var pa\u0146emt l\u012bdzi pat \u013coti garos p\u0101rg\u0101jienos.\nLukturi var izmantot k\u0101 Powerbank ar jaudu 9000 MA un uzl\u0101d\u0113t t\u0101lruni.\nKomplekt\u0101 ietilpst futr\u0101lis \u0113rtai uzglab\u0101\u0161anai un aizsardz\u012bbai pret meh\u0101niskiem boj\u0101jumiem.\nRaksturlielumi:\nJauda: 1300 lm;\nIzm\u0113ri: 86x86x26 mm;\nUzl\u0101des laiks: 5-6 stundas;\nJauda: 9000 MA;\nJauda: 12W;\nRe\u017e\u012bmu skaits: 3;\nSvars: 235 g.","short_description":"Naturehike lukturis ir piem\u0113rots kempingiem un p\u0101rg\u0101jieniem.","status":"publish","sku":"6927595735107","original":53219},"wpml":{"translation_type":1,"has_translations":true,"original":53219,"duplicates":[],"translations":{"lv":53219,"en":67499,"ru":null}},"supplier_id":null,"supplier_sku":"","barcode":null,"atum_controlled":true,"out_stock_date":"2026-01-15 14:09:39","out_stock_threshold":null,"inheritable":false,"inbound_stock":null,"stock_on_hold":0,"sold_today":0,"sales_last_days":0,"reserved_stock":null,"customer_returns":null,"warehouse_damage":null,"lost_in_post":null,"other_logs":null,"out_stock_days":0,"lost_sales":0,"has_location":null,"update_date":"2026-01-15T17:30:16","atum_locations":[],"atum_stock_status":"outofstock","restock_status":false,"low_stock_amount":"","sales_update_date":"2025-11-13T14:08:08","calc_backorders":null,"yoast_head":"<!-- This site is optimized with the Yoast SEO plugin v27.3 - https:\/\/yoast.com\/product\/yoast-seo-wordpress\/ -->\n<title>Naturehike - Kempinga lukturis Moonlight<\/title>\n<meta name=\"description\" content=\"Naturehike lukturis ir piem\u0113rots kempingiem un p\u0101rg\u0101jieniem. Lukturi var izmantot k\u0101 Powerbank ar jaudu 9000 MA un uzl\u0101d\u0113t t\u0101lruni.\" \/>\n<meta name=\"robots\" content=\"index, follow, max-snippet:-1, max-image-preview:large, max-video-preview:-1\" \/>\n<link rel=\"canonical\" href=\"https:\/\/gohike.lv\/ru\/produkts\/naturehike-kempinga-lukturis-moonlight\/\" \/>\n<meta property=\"og:locale\" content=\"ru_RU\" \/>\n<meta property=\"og:type\" content=\"article\" \/>\n<meta property=\"og:title\" content=\"Naturehike - Kempinga lukturi\" \/>\n<meta property=\"og:description\" content=\"Naturehike lukturis ir piem\u0113rots kempingiem un p\u0101rg\u0101jieniem. Lukturi var izmantot k\u0101 Powerbank ar jaudu 9000 MA un uzl\u0101d\u0113t t\u0101lruni.\" \/>\n<meta property=\"og:url\" content=\"https:\/\/gohike.lv\/ru\/produkts\/naturehike-kempinga-lukturis-moonlight\/\" \/>\n<meta property=\"og:site_name\" content=\"GoHike\" \/>\n<meta property=\"article:publisher\" content=\"https:\/\/www.facebook.com\/gohike.shop\/\" \/>\n<meta property=\"article:modified_time\" content=\"2026-01-15T17:30:14+00:00\" \/>\n<meta property=\"og:image\" content=\"https:\/\/gohike.lv\/wp-content\/uploads\/2024\/04\/MoonlightCampingLight_white-1.webp\" \/>\n\t<meta property=\"og:image:width\" content=\"720\" \/>\n\t<meta property=\"og:image:height\" content=\"720\" \/>\n\t<meta property=\"og:image:type\" content=\"image\/webp\" \/>\n<meta name=\"twitter:card\" content=\"summary_large_image\" \/>\n<meta name=\"twitter:title\" content=\"Naturehike - Kempinga lukturi\" \/>\n<meta name=\"twitter:label1\" content=\"\u041f\u0440\u0438\u043c\u0435\u0440\u043d\u043e\u0435 \u0432\u0440\u0435\u043c\u044f \u0434\u043b\u044f \u0447\u0442\u0435\u043d\u0438\u044f\" \/>\n\t<meta name=\"twitter:data1\" content=\"1 \u043c\u0438\u043d\u0443\u0442\u0430\" \/>\n<script type=\"application\/ld+json\" class=\"yoast-schema-graph\">{\"@context\":\"https:\\\/\\\/schema.org\",\"@graph\":[{\"@type\":[\"WebPage\",\"ItemPage\"],\"@id\":\"https:\\\/\\\/gohike.lv\\\/ru\\\/produkts\\\/naturehike-kempinga-lukturis-moonlight\\\/\",\"url\":\"https:\\\/\\\/gohike.lv\\\/ru\\\/produkts\\\/naturehike-kempinga-lukturis-moonlight\\\/\",\"name\":\"Naturehike - Kempinga lukturis Moonlight\",\"isPartOf\":{\"@id\":\"https:\\\/\\\/gohike.lv\\\/ru\\\/#website\"},\"primaryImageOfPage\":{\"@id\":\"https:\\\/\\\/gohike.lv\\\/ru\\\/produkts\\\/naturehike-kempinga-lukturis-moonlight\\\/#primaryimage\"},\"image\":{\"@id\":\"https:\\\/\\\/gohike.lv\\\/ru\\\/produkts\\\/naturehike-kempinga-lukturis-moonlight\\\/#primaryimage\"},\"thumbnailUrl\":\"https:\\\/\\\/gohike.lv\\\/wp-content\\\/uploads\\\/2024\\\/04\\\/MoonlightCampingLight_white-1.webp\",\"datePublished\":\"2024-05-07T08:45:12+00:00\",\"dateModified\":\"2026-01-15T17:30:14+00:00\",\"description\":\"Naturehike lukturis ir piem\u0113rots kempingiem un p\u0101rg\u0101jieniem. Lukturi var izmantot k\u0101 Powerbank ar jaudu 9000 MA un uzl\u0101d\u0113t t\u0101lruni.\",\"breadcrumb\":{\"@id\":\"https:\\\/\\\/gohike.lv\\\/ru\\\/produkts\\\/naturehike-kempinga-lukturis-moonlight\\\/#breadcrumb\"},\"inLanguage\":\"ru-RU\",\"potentialAction\":[{\"@type\":\"ReadAction\",\"target\":[\"https:\\\/\\\/gohike.lv\\\/ru\\\/produkts\\\/naturehike-kempinga-lukturis-moonlight\\\/\"]}]},{\"@type\":\"ImageObject\",\"inLanguage\":\"ru-RU\",\"@id\":\"https:\\\/\\\/gohike.lv\\\/ru\\\/produkts\\\/naturehike-kempinga-lukturis-moonlight\\\/#primaryimage\",\"url\":\"https:\\\/\\\/gohike.lv\\\/wp-content\\\/uploads\\\/2024\\\/04\\\/MoonlightCampingLight_white-1.webp\",\"contentUrl\":\"https:\\\/\\\/gohike.lv\\\/wp-content\\\/uploads\\\/2024\\\/04\\\/MoonlightCampingLight_white-1.webp\",\"width\":720,\"height\":720},{\"@type\":\"BreadcrumbList\",\"@id\":\"https:\\\/\\\/gohike.lv\\\/ru\\\/produkts\\\/naturehike-kempinga-lukturis-moonlight\\\/#breadcrumb\",\"itemListElement\":[{\"@type\":\"ListItem\",\"position\":1,\"name\":\"\u0413\u043b\u0430\u0432\u043d\u0430\u044f\",\"item\":\"https:\\\/\\\/gohike.lv\\\/ru\\\/\"},{\"@type\":\"ListItem\",\"position\":2,\"name\":\"\u041a\u0430\u0442\u0435\u0433\u043e\u0440\u0438\u0438 \u0442\u043e\u0432\u0430\u0440\u043e\u0432\",\"item\":\"https:\\\/\\\/gohike.lv\\\/%d0%ba%d0%b0%d1%82%d0%b5%d0%b3%d0%be%d1%80%d0%b8%d0%b8-%d1%82%d0%be%d0%b2%d0%b0%d1%80%d0%be%d0%b2\\\/\"},{\"@type\":\"ListItem\",\"position\":3,\"name\":\"Naturehike &#8211; Kempinga lukturis Moonlight\"}]},{\"@type\":\"WebSite\",\"@id\":\"https:\\\/\\\/gohike.lv\\\/ru\\\/#website\",\"url\":\"https:\\\/\\\/gohike.lv\\\/ru\\\/\",\"name\":\"GoHike\",\"description\":\"\",\"publisher\":{\"@id\":\"https:\\\/\\\/gohike.lv\\\/ru\\\/#organization\"},\"potentialAction\":[{\"@type\":\"SearchAction\",\"target\":{\"@type\":\"EntryPoint\",\"urlTemplate\":\"https:\\\/\\\/gohike.lv\\\/ru\\\/?s={search_term_string}\"},\"query-input\":{\"@type\":\"PropertyValueSpecification\",\"valueRequired\":true,\"valueName\":\"search_term_string\"}}],\"inLanguage\":\"ru-RU\"},{\"@type\":\"Organization\",\"@id\":\"https:\\\/\\\/gohike.lv\\\/ru\\\/#organization\",\"name\":\"GoHike\",\"url\":\"https:\\\/\\\/gohike.lv\\\/ru\\\/\",\"logo\":{\"@type\":\"ImageObject\",\"inLanguage\":\"ru-RU\",\"@id\":\"https:\\\/\\\/gohike.lv\\\/ru\\\/#\\\/schema\\\/logo\\\/image\\\/\",\"url\":\"https:\\\/\\\/gohike.lv\\\/wp-content\\\/uploads\\\/2023\\\/08\\\/Logo_GoHike.webp\",\"contentUrl\":\"https:\\\/\\\/gohike.lv\\\/wp-content\\\/uploads\\\/2023\\\/08\\\/Logo_GoHike.webp\",\"width\":512,\"height\":512,\"caption\":\"GoHike\"},\"image\":{\"@id\":\"https:\\\/\\\/gohike.lv\\\/ru\\\/#\\\/schema\\\/logo\\\/image\\\/\"},\"sameAs\":[\"https:\\\/\\\/www.facebook.com\\\/gohike.shop\\\/\",\"https:\\\/\\\/www.instagram.com\\\/gohike.shop\\\/\"]}]}<\/script>\n<!-- \/ Yoast SEO plugin. -->","yoast_head_json":{"title":"Naturehike - Kempinga lukturis Moonlight","description":"Naturehike lukturis ir piem\u0113rots kempingiem un p\u0101rg\u0101jieniem. Lukturi var izmantot k\u0101 Powerbank ar jaudu 9000 MA un uzl\u0101d\u0113t t\u0101lruni.","robots":{"index":"index","follow":"follow","max-snippet":"max-snippet:-1","max-image-preview":"max-image-preview:large","max-video-preview":"max-video-preview:-1"},"canonical":"https:\/\/gohike.lv\/ru\/produkts\/naturehike-kempinga-lukturis-moonlight\/","og_locale":"ru_RU","og_type":"article","og_title":"Naturehike - Kempinga lukturi","og_description":"Naturehike lukturis ir piem\u0113rots kempingiem un p\u0101rg\u0101jieniem. Lukturi var izmantot k\u0101 Powerbank ar jaudu 9000 MA un uzl\u0101d\u0113t t\u0101lruni.","og_url":"https:\/\/gohike.lv\/ru\/produkts\/naturehike-kempinga-lukturis-moonlight\/","og_site_name":"GoHike","article_publisher":"https:\/\/www.facebook.com\/gohike.shop\/","article_modified_time":"2026-01-15T17:30:14+00:00","og_image":[{"width":720,"height":720,"url":"https:\/\/gohike.lv\/wp-content\/uploads\/2024\/04\/MoonlightCampingLight_white-1.webp","type":"image\/webp"}],"twitter_card":"summary_large_image","twitter_title":"Naturehike - Kempinga lukturi","twitter_misc":{"\u041f\u0440\u0438\u043c\u0435\u0440\u043d\u043e\u0435 \u0432\u0440\u0435\u043c\u044f \u0434\u043b\u044f \u0447\u0442\u0435\u043d\u0438\u044f":"1 \u043c\u0438\u043d\u0443\u0442\u0430"},"schema":{"@context":"https:\/\/schema.org","@graph":[{"@type":["WebPage","ItemPage"],"@id":"https:\/\/gohike.lv\/ru\/produkts\/naturehike-kempinga-lukturis-moonlight\/","url":"https:\/\/gohike.lv\/ru\/produkts\/naturehike-kempinga-lukturis-moonlight\/","name":"Naturehike - Kempinga lukturis Moonlight","isPartOf":{"@id":"https:\/\/gohike.lv\/ru\/#website"},"primaryImageOfPage":{"@id":"https:\/\/gohike.lv\/ru\/produkts\/naturehike-kempinga-lukturis-moonlight\/#primaryimage"},"image":{"@id":"https:\/\/gohike.lv\/ru\/produkts\/naturehike-kempinga-lukturis-moonlight\/#primaryimage"},"thumbnailUrl":"https:\/\/gohike.lv\/wp-content\/uploads\/2024\/04\/MoonlightCampingLight_white-1.webp","datePublished":"2024-05-07T08:45:12+00:00","dateModified":"2026-01-15T17:30:14+00:00","description":"Naturehike lukturis ir piem\u0113rots kempingiem un p\u0101rg\u0101jieniem. Lukturi var izmantot k\u0101 Powerbank ar jaudu 9000 MA un uzl\u0101d\u0113t t\u0101lruni.","breadcrumb":{"@id":"https:\/\/gohike.lv\/ru\/produkts\/naturehike-kempinga-lukturis-moonlight\/#breadcrumb"},"inLanguage":"ru-RU","potentialAction":[{"@type":"ReadAction","target":["https:\/\/gohike.lv\/ru\/produkts\/naturehike-kempinga-lukturis-moonlight\/"]}]},{"@type":"ImageObject","inLanguage":"ru-RU","@id":"https:\/\/gohike.lv\/ru\/produkts\/naturehike-kempinga-lukturis-moonlight\/#primaryimage","url":"https:\/\/gohike.lv\/wp-content\/uploads\/2024\/04\/MoonlightCampingLight_white-1.webp","contentUrl":"https:\/\/gohike.lv\/wp-content\/uploads\/2024\/04\/MoonlightCampingLight_white-1.webp","width":720,"height":720},{"@type":"BreadcrumbList","@id":"https:\/\/gohike.lv\/ru\/produkts\/naturehike-kempinga-lukturis-moonlight\/#breadcrumb","itemListElement":[{"@type":"ListItem","position":1,"name":"\u0413\u043b\u0430\u0432\u043d\u0430\u044f","item":"https:\/\/gohike.lv\/ru\/"},{"@type":"ListItem","position":2,"name":"\u041a\u0430\u0442\u0435\u0433\u043e\u0440\u0438\u0438 \u0442\u043e\u0432\u0430\u0440\u043e\u0432","item":"https:\/\/gohike.lv\/%d0%ba%d0%b0%d1%82%d0%b5%d0%b3%d0%be%d1%80%d0%b8%d0%b8-%d1%82%d0%be%d0%b2%d0%b0%d1%80%d0%be%d0%b2\/"},{"@type":"ListItem","position":3,"name":"Naturehike &#8211; Kempinga lukturis Moonlight"}]},{"@type":"WebSite","@id":"https:\/\/gohike.lv\/ru\/#website","url":"https:\/\/gohike.lv\/ru\/","name":"GoHike","description":"","publisher":{"@id":"https:\/\/gohike.lv\/ru\/#organization"},"potentialAction":[{"@type":"SearchAction","target":{"@type":"EntryPoint","urlTemplate":"https:\/\/gohike.lv\/ru\/?s={search_term_string}"},"query-input":{"@type":"PropertyValueSpecification","valueRequired":true,"valueName":"search_term_string"}}],"inLanguage":"ru-RU"},{"@type":"Organization","@id":"https:\/\/gohike.lv\/ru\/#organization","name":"GoHike","url":"https:\/\/gohike.lv\/ru\/","logo":{"@type":"ImageObject","inLanguage":"ru-RU","@id":"https:\/\/gohike.lv\/ru\/#\/schema\/logo\/image\/","url":"https:\/\/gohike.lv\/wp-content\/uploads\/2023\/08\/Logo_GoHike.webp","contentUrl":"https:\/\/gohike.lv\/wp-content\/uploads\/2023\/08\/Logo_GoHike.webp","width":512,"height":512,"caption":"GoHike"},"image":{"@id":"https:\/\/gohike.lv\/ru\/#\/schema\/logo\/image\/"},"sameAs":["https:\/\/www.facebook.com\/gohike.shop\/","https:\/\/www.instagram.com\/gohike.shop\/"]}]}},"jetpack_sharing_enabled":true,"_links":{"self":[{"href":"https:\/\/gohike.lv\/ru\/wp-json\/wp\/v2\/product\/53219","targetHints":{"allow":["GET"]}}],"collection":[{"href":"https:\/\/gohike.lv\/ru\/wp-json\/wp\/v2\/product"}],"about":[{"href":"https:\/\/gohike.lv\/ru\/wp-json\/wp\/v2\/types\/product"}],"version-history":[{"count":0,"href":"https:\/\/gohike.lv\/ru\/wp-json\/wp\/v2\/product\/53219\/revisions"}],"wp:featuredmedia":[{"embeddable":true,"href":"https:\/\/gohike.lv\/ru\/wp-json\/wp\/v2\/media\/34444"}],"wp:attachment":[{"href":"https:\/\/gohike.lv\/ru\/wp-json\/wp\/v2\/media?parent=53219"}],"wp:term":[{"taxonomy":"product_brand","embeddable":true,"href":"https:\/\/gohike.lv\/ru\/wp-json\/wp\/v2\/product_brand?post=53219"},{"taxonomy":"product_cat","embeddable":true,"href":"https:\/\/gohike.lv\/ru\/wp-json\/wp\/v2\/product_cat?post=53219"},{"taxonomy":"product_tag","embeddable":true,"href":"https:\/\/gohike.lv\/ru\/wp-json\/wp\/v2\/product_tag?post=53219"}],"curies":[{"name":"wp","href":"https:\/\/api.w.org\/{rel}","templated":true}]}}