{"id":53211,"date":"2024-05-07T11:44:46","date_gmt":"2024-05-07T08:44:46","guid":{"rendered":"https:\/\/gohike.lv\/produkts\/naturehike-virtuves-uzglabasanas-soma\/"},"modified":"2025-12-30T17:24:43","modified_gmt":"2025-12-30T14:24:43","slug":"naturehike-virtuves-uzglabasanas-soma","status":"publish","type":"product","link":"https:\/\/gohike.lv\/ru\/produkts\/naturehike-virtuves-uzglabasanas-soma\/","title":{"rendered":"Naturehike &#8212; Virtuves uzglab\u0101\u0161anas soma"},"content":{"rendered":"<p>Soma ir izgatavota no bl\u012bva un nodilumiztur\u012bga 600D Oxford auduma, kas pasarg\u0101 lietas no skr\u0101p\u0113jumiem.<br \/>\nReversa puse ir p\u0101rkl\u0101ta ar PU impregn\u0113\u0161anu, kas materi\u0101lam pie\u0161\u0137ir \u016bdeni atgr\u016bdo\u0161as \u012bpa\u0161\u012bbas.<br \/>\n8 mm biezajam p\u0113r\u013cu kokvilnas polster\u0113jumam ir triecienu absorb\u0113jo\u0161s efekts.<br \/>\n\u0160is kokvilnas veids ir elast\u012bgs, nov\u0113r\u0161 meh\u0101niskus apr\u012bkojuma boj\u0101jumus trieciena gad\u012bjum\u0101 transport\u0113\u0161anas laik\u0101.<br \/>\nT\u0101s iek\u0161\u0113jo telpu var sadal\u012bt vair\u0101k\u0101s da\u013c\u0101s, izmantojot komplekt\u0101cij\u0101 iek\u013caut\u0101s starpsienas.<br \/>\nSomas \u0101rpus\u0113 ir vair\u0101kas cilpas instrumentu, galda piederumu un citu s\u012bku priek\u0161metu piestiprin\u0101\u0161anai.<br \/>\nP\u0113das somas apak\u0161pus\u0113 ne\u013cauj t\u0101s apak\u0161ai samirkt, novietojot to uz mitras virsmas.<br \/>\nSomu var n\u0113s\u0101t vair\u0101kos veidos: ar \u012bsu s\u0101nu rokturu pal\u012bdz\u012bbu ar m\u012bkstiem poliuret\u0101na ielikt\u0146iem, vai ar garu rokturu pal\u012bdz\u012bbu, kurus var viegli uzmest p\u0101r plecu.<br \/>\nRaksturlielumi:<br \/>\nMateri\u0101li \u2013 Oxford audums 600D ar \u016bdeni atgr\u016bdo\u0161u PU impregn\u0113\u0161anu + perlamutra kokvilnas bl\u012bv\u0113jums 8 mm biezs;<br \/>\nKomplekt\u0101 ietilpst 2 starpsienas 30 x 28 cm, lai sadal\u012btu somas iek\u0161\u0113jo telpu vair\u0101k\u0101s da\u013c\u0101s;<br \/>\nSoma aiztais\u0101ma ar Jap\u0101n\u0101 ra\u017eotu YKK r\u0101v\u0113jsl\u0113dz\u0113ju;<br \/>\nIzm\u0113ri: 40 x 30 x 30 cm;<br \/>\nKr\u0101sa: melna;<br \/>\nTilpums: 35 l;<br \/>\nKravnes\u012bba: 15 kg;<br \/>\nSvars: 977 g.<\/p>\n","protected":false},"excerpt":{"rendered":"<p>Auduma soma ir paredz\u0113ta ce\u013cojumu piederumu, piem\u0113ram, kempinga piederumu, g\u0101zes deg\u013ca ar balonu, kempinga laternas u.c. glab\u0101\u0161anai.<\/p>\n","protected":false},"featured_media":35777,"template":"","meta":[],"product_brand":[167],"product_cat":[1463],"product_tag":[],"class_list":{"0":"post-53211","1":"product","2":"type-product","3":"status-publish","4":"has-post-thumbnail","6":"product_brand-naturehike-lv","7":"product_cat-somas-un-maki","8":"pa_izmeriscm-10202","9":"pa_materiali-600d-oxford","10":"pa_materiali-arctic-fox-audums","11":"pa_produkta-tips-sapakojamas-somas","12":"pa_spalva-melns","14":"first","15":"outofstock","16":"taxable","17":"shipping-taxable","18":"purchasable","19":"product-type-simple"},"raw_content":{"name":"Naturehike - Virtuves uzglab\u0101\u0161anas soma","description":"Soma ir izgatavota no bl\u012bva un nodilumiztur\u012bga 600D Oxford auduma, kas pasarg\u0101 lietas no skr\u0101p\u0113jumiem.\nReversa puse ir p\u0101rkl\u0101ta ar PU impregn\u0113\u0161anu, kas materi\u0101lam pie\u0161\u0137ir \u016bdeni atgr\u016bdo\u0161as \u012bpa\u0161\u012bbas.\n8 mm biezajam p\u0113r\u013cu kokvilnas polster\u0113jumam ir triecienu absorb\u0113jo\u0161s efekts.\n\u0160is kokvilnas veids ir elast\u012bgs, nov\u0113r\u0161 meh\u0101niskus apr\u012bkojuma boj\u0101jumus trieciena gad\u012bjum\u0101 transport\u0113\u0161anas laik\u0101.\nT\u0101s iek\u0161\u0113jo telpu var sadal\u012bt vair\u0101k\u0101s da\u013c\u0101s, izmantojot komplekt\u0101cij\u0101 iek\u013caut\u0101s starpsienas.\nSomas \u0101rpus\u0113 ir vair\u0101kas cilpas instrumentu, galda piederumu un citu s\u012bku priek\u0161metu piestiprin\u0101\u0161anai.\nP\u0113das somas apak\u0161pus\u0113 ne\u013cauj t\u0101s apak\u0161ai samirkt, novietojot to uz mitras virsmas.\nSomu var n\u0113s\u0101t vair\u0101kos veidos: ar \u012bsu s\u0101nu rokturu pal\u012bdz\u012bbu ar m\u012bkstiem poliuret\u0101na ielikt\u0146iem, vai ar garu rokturu pal\u012bdz\u012bbu, kurus var viegli uzmest p\u0101r plecu.\nRaksturlielumi:\nMateri\u0101li \u2013 Oxford audums 600D ar \u016bdeni atgr\u016bdo\u0161u PU impregn\u0113\u0161anu + perlamutra kokvilnas bl\u012bv\u0113jums 8 mm biezs;\nKomplekt\u0101 ietilpst 2 starpsienas 30 x 28 cm, lai sadal\u012btu somas iek\u0161\u0113jo telpu vair\u0101k\u0101s da\u013c\u0101s;\nSoma aiztais\u0101ma ar Jap\u0101n\u0101 ra\u017eotu YKK r\u0101v\u0113jsl\u0113dz\u0113ju;\nIzm\u0113ri: 40 x 30 x 30 cm;\nKr\u0101sa: melna;\nTilpums: 35 l;\nKravnes\u012bba: 15 kg;\nSvars: 977 g.","short_description":"Auduma soma ir paredz\u0113ta ce\u013cojumu piederumu, piem\u0113ram, kempinga piederumu, g\u0101zes deg\u013ca ar balonu, kempinga laternas u.c. glab\u0101\u0161anai.","status":"publish","sku":"6927595714379","original":53211},"wpml":{"translation_type":1,"has_translations":true,"original":53211,"duplicates":[],"translations":{"lv":53211,"en":67496,"ru":null}},"supplier_id":null,"supplier_sku":"","barcode":null,"atum_controlled":true,"out_stock_date":"2025-04-23 14:36:11","out_stock_threshold":null,"inheritable":false,"inbound_stock":0,"stock_on_hold":0,"sold_today":0,"sales_last_days":0,"reserved_stock":0,"customer_returns":0,"warehouse_damage":0,"lost_in_post":0,"other_logs":0,"out_stock_days":203,"lost_sales":0,"has_location":false,"update_date":"2025-12-30T14:30:38","atum_locations":[],"atum_stock_status":"outofstock","restock_status":false,"low_stock_amount":"","sales_update_date":"2025-11-13T14:08:00","calc_backorders":null,"yoast_head":"<!-- This site is optimized with the Yoast SEO plugin v27.3 - https:\/\/yoast.com\/product\/yoast-seo-wordpress\/ -->\n<title>Naturehike - Virtuves uzglab\u0101\u0161anas soma<\/title>\n<meta name=\"description\" content=\"Auduma soma ir paredz\u0113ta ce\u013cojumu piederumu, piem\u0113ram, kempinga piederumu, g\u0101zes deg\u013ca ar balonu, kempinga laternas u.c. glab\u0101\u0161anai.\" \/>\n<meta name=\"robots\" content=\"index, follow, max-snippet:-1, max-image-preview:large, max-video-preview:-1\" \/>\n<link rel=\"canonical\" href=\"https:\/\/gohike.lv\/ru\/produkts\/naturehike-virtuves-uzglabasanas-soma\/\" \/>\n<meta property=\"og:locale\" content=\"ru_RU\" \/>\n<meta property=\"og:type\" content=\"article\" \/>\n<meta property=\"og:title\" content=\"Naturehike - Virtuves uzglab\u0101\u0161anas soma\" \/>\n<meta property=\"og:description\" content=\"Auduma soma ir paredz\u0113ta ce\u013cojumu piederumu, piem\u0113ram, kempinga piederumu, g\u0101zes deg\u013ca ar balonu, kempinga laternas u.c. glab\u0101\u0161anai.\" \/>\n<meta property=\"og:url\" content=\"https:\/\/gohike.lv\/ru\/produkts\/naturehike-virtuves-uzglabasanas-soma\/\" \/>\n<meta property=\"og:site_name\" content=\"GoHike\" \/>\n<meta property=\"article:publisher\" content=\"https:\/\/www.facebook.com\/gohike.shop\/\" \/>\n<meta property=\"article:modified_time\" content=\"2025-12-30T14:24:43+00:00\" \/>\n<meta property=\"og:image\" content=\"https:\/\/gohike.lv\/wp-content\/uploads\/2024\/04\/KitchenStorageBag_-1.webp\" \/>\n\t<meta property=\"og:image:width\" content=\"800\" \/>\n\t<meta property=\"og:image:height\" content=\"800\" \/>\n\t<meta property=\"og:image:type\" content=\"image\/webp\" \/>\n<meta name=\"twitter:card\" content=\"summary_large_image\" \/>\n<meta name=\"twitter:title\" content=\"Naturehike - Virtuves uzglab\u0101\u0161anas soma\" \/>\n<meta name=\"twitter:label1\" content=\"\u041f\u0440\u0438\u043c\u0435\u0440\u043d\u043e\u0435 \u0432\u0440\u0435\u043c\u044f \u0434\u043b\u044f \u0447\u0442\u0435\u043d\u0438\u044f\" \/>\n\t<meta name=\"twitter:data1\" content=\"2 \u043c\u0438\u043d\u0443\u0442\u0430\" \/>\n<script type=\"application\/ld+json\" class=\"yoast-schema-graph\">{\"@context\":\"https:\\\/\\\/schema.org\",\"@graph\":[{\"@type\":[\"WebPage\",\"ItemPage\"],\"@id\":\"https:\\\/\\\/gohike.lv\\\/ru\\\/produkts\\\/naturehike-virtuves-uzglabasanas-soma\\\/\",\"url\":\"https:\\\/\\\/gohike.lv\\\/ru\\\/produkts\\\/naturehike-virtuves-uzglabasanas-soma\\\/\",\"name\":\"Naturehike - Virtuves uzglab\u0101\u0161anas soma\",\"isPartOf\":{\"@id\":\"https:\\\/\\\/gohike.lv\\\/ru\\\/#website\"},\"primaryImageOfPage\":{\"@id\":\"https:\\\/\\\/gohike.lv\\\/ru\\\/produkts\\\/naturehike-virtuves-uzglabasanas-soma\\\/#primaryimage\"},\"image\":{\"@id\":\"https:\\\/\\\/gohike.lv\\\/ru\\\/produkts\\\/naturehike-virtuves-uzglabasanas-soma\\\/#primaryimage\"},\"thumbnailUrl\":\"https:\\\/\\\/gohike.lv\\\/wp-content\\\/uploads\\\/2024\\\/04\\\/KitchenStorageBag_-1.webp\",\"datePublished\":\"2024-05-07T08:44:46+00:00\",\"dateModified\":\"2025-12-30T14:24:43+00:00\",\"description\":\"Auduma soma ir paredz\u0113ta ce\u013cojumu piederumu, piem\u0113ram, kempinga piederumu, g\u0101zes deg\u013ca ar balonu, kempinga laternas u.c. glab\u0101\u0161anai.\",\"breadcrumb\":{\"@id\":\"https:\\\/\\\/gohike.lv\\\/ru\\\/produkts\\\/naturehike-virtuves-uzglabasanas-soma\\\/#breadcrumb\"},\"inLanguage\":\"ru-RU\",\"potentialAction\":[{\"@type\":\"ReadAction\",\"target\":[\"https:\\\/\\\/gohike.lv\\\/ru\\\/produkts\\\/naturehike-virtuves-uzglabasanas-soma\\\/\"]}]},{\"@type\":\"ImageObject\",\"inLanguage\":\"ru-RU\",\"@id\":\"https:\\\/\\\/gohike.lv\\\/ru\\\/produkts\\\/naturehike-virtuves-uzglabasanas-soma\\\/#primaryimage\",\"url\":\"https:\\\/\\\/gohike.lv\\\/wp-content\\\/uploads\\\/2024\\\/04\\\/KitchenStorageBag_-1.webp\",\"contentUrl\":\"https:\\\/\\\/gohike.lv\\\/wp-content\\\/uploads\\\/2024\\\/04\\\/KitchenStorageBag_-1.webp\",\"width\":800,\"height\":800},{\"@type\":\"BreadcrumbList\",\"@id\":\"https:\\\/\\\/gohike.lv\\\/ru\\\/produkts\\\/naturehike-virtuves-uzglabasanas-soma\\\/#breadcrumb\",\"itemListElement\":[{\"@type\":\"ListItem\",\"position\":1,\"name\":\"\u0413\u043b\u0430\u0432\u043d\u0430\u044f\",\"item\":\"https:\\\/\\\/gohike.lv\\\/ru\\\/\"},{\"@type\":\"ListItem\",\"position\":2,\"name\":\"\u041a\u0430\u0442\u0435\u0433\u043e\u0440\u0438\u0438 \u0442\u043e\u0432\u0430\u0440\u043e\u0432\",\"item\":\"https:\\\/\\\/gohike.lv\\\/%d0%ba%d0%b0%d1%82%d0%b5%d0%b3%d0%be%d1%80%d0%b8%d0%b8-%d1%82%d0%be%d0%b2%d0%b0%d1%80%d0%be%d0%b2\\\/\"},{\"@type\":\"ListItem\",\"position\":3,\"name\":\"Naturehike &#8211; Virtuves uzglab\u0101\u0161anas soma\"}]},{\"@type\":\"WebSite\",\"@id\":\"https:\\\/\\\/gohike.lv\\\/ru\\\/#website\",\"url\":\"https:\\\/\\\/gohike.lv\\\/ru\\\/\",\"name\":\"GoHike\",\"description\":\"\",\"publisher\":{\"@id\":\"https:\\\/\\\/gohike.lv\\\/ru\\\/#organization\"},\"potentialAction\":[{\"@type\":\"SearchAction\",\"target\":{\"@type\":\"EntryPoint\",\"urlTemplate\":\"https:\\\/\\\/gohike.lv\\\/ru\\\/?s={search_term_string}\"},\"query-input\":{\"@type\":\"PropertyValueSpecification\",\"valueRequired\":true,\"valueName\":\"search_term_string\"}}],\"inLanguage\":\"ru-RU\"},{\"@type\":\"Organization\",\"@id\":\"https:\\\/\\\/gohike.lv\\\/ru\\\/#organization\",\"name\":\"GoHike\",\"url\":\"https:\\\/\\\/gohike.lv\\\/ru\\\/\",\"logo\":{\"@type\":\"ImageObject\",\"inLanguage\":\"ru-RU\",\"@id\":\"https:\\\/\\\/gohike.lv\\\/ru\\\/#\\\/schema\\\/logo\\\/image\\\/\",\"url\":\"https:\\\/\\\/gohike.lv\\\/wp-content\\\/uploads\\\/2023\\\/08\\\/Logo_GoHike.webp\",\"contentUrl\":\"https:\\\/\\\/gohike.lv\\\/wp-content\\\/uploads\\\/2023\\\/08\\\/Logo_GoHike.webp\",\"width\":512,\"height\":512,\"caption\":\"GoHike\"},\"image\":{\"@id\":\"https:\\\/\\\/gohike.lv\\\/ru\\\/#\\\/schema\\\/logo\\\/image\\\/\"},\"sameAs\":[\"https:\\\/\\\/www.facebook.com\\\/gohike.shop\\\/\",\"https:\\\/\\\/www.instagram.com\\\/gohike.shop\\\/\"]}]}<\/script>\n<!-- \/ Yoast SEO plugin. -->","yoast_head_json":{"title":"Naturehike - Virtuves uzglab\u0101\u0161anas soma","description":"Auduma soma ir paredz\u0113ta ce\u013cojumu piederumu, piem\u0113ram, kempinga piederumu, g\u0101zes deg\u013ca ar balonu, kempinga laternas u.c. glab\u0101\u0161anai.","robots":{"index":"index","follow":"follow","max-snippet":"max-snippet:-1","max-image-preview":"max-image-preview:large","max-video-preview":"max-video-preview:-1"},"canonical":"https:\/\/gohike.lv\/ru\/produkts\/naturehike-virtuves-uzglabasanas-soma\/","og_locale":"ru_RU","og_type":"article","og_title":"Naturehike - Virtuves uzglab\u0101\u0161anas soma","og_description":"Auduma soma ir paredz\u0113ta ce\u013cojumu piederumu, piem\u0113ram, kempinga piederumu, g\u0101zes deg\u013ca ar balonu, kempinga laternas u.c. glab\u0101\u0161anai.","og_url":"https:\/\/gohike.lv\/ru\/produkts\/naturehike-virtuves-uzglabasanas-soma\/","og_site_name":"GoHike","article_publisher":"https:\/\/www.facebook.com\/gohike.shop\/","article_modified_time":"2025-12-30T14:24:43+00:00","og_image":[{"width":800,"height":800,"url":"https:\/\/gohike.lv\/wp-content\/uploads\/2024\/04\/KitchenStorageBag_-1.webp","type":"image\/webp"}],"twitter_card":"summary_large_image","twitter_title":"Naturehike - Virtuves uzglab\u0101\u0161anas soma","twitter_misc":{"\u041f\u0440\u0438\u043c\u0435\u0440\u043d\u043e\u0435 \u0432\u0440\u0435\u043c\u044f \u0434\u043b\u044f \u0447\u0442\u0435\u043d\u0438\u044f":"2 \u043c\u0438\u043d\u0443\u0442\u0430"},"schema":{"@context":"https:\/\/schema.org","@graph":[{"@type":["WebPage","ItemPage"],"@id":"https:\/\/gohike.lv\/ru\/produkts\/naturehike-virtuves-uzglabasanas-soma\/","url":"https:\/\/gohike.lv\/ru\/produkts\/naturehike-virtuves-uzglabasanas-soma\/","name":"Naturehike - Virtuves uzglab\u0101\u0161anas soma","isPartOf":{"@id":"https:\/\/gohike.lv\/ru\/#website"},"primaryImageOfPage":{"@id":"https:\/\/gohike.lv\/ru\/produkts\/naturehike-virtuves-uzglabasanas-soma\/#primaryimage"},"image":{"@id":"https:\/\/gohike.lv\/ru\/produkts\/naturehike-virtuves-uzglabasanas-soma\/#primaryimage"},"thumbnailUrl":"https:\/\/gohike.lv\/wp-content\/uploads\/2024\/04\/KitchenStorageBag_-1.webp","datePublished":"2024-05-07T08:44:46+00:00","dateModified":"2025-12-30T14:24:43+00:00","description":"Auduma soma ir paredz\u0113ta ce\u013cojumu piederumu, piem\u0113ram, kempinga piederumu, g\u0101zes deg\u013ca ar balonu, kempinga laternas u.c. glab\u0101\u0161anai.","breadcrumb":{"@id":"https:\/\/gohike.lv\/ru\/produkts\/naturehike-virtuves-uzglabasanas-soma\/#breadcrumb"},"inLanguage":"ru-RU","potentialAction":[{"@type":"ReadAction","target":["https:\/\/gohike.lv\/ru\/produkts\/naturehike-virtuves-uzglabasanas-soma\/"]}]},{"@type":"ImageObject","inLanguage":"ru-RU","@id":"https:\/\/gohike.lv\/ru\/produkts\/naturehike-virtuves-uzglabasanas-soma\/#primaryimage","url":"https:\/\/gohike.lv\/wp-content\/uploads\/2024\/04\/KitchenStorageBag_-1.webp","contentUrl":"https:\/\/gohike.lv\/wp-content\/uploads\/2024\/04\/KitchenStorageBag_-1.webp","width":800,"height":800},{"@type":"BreadcrumbList","@id":"https:\/\/gohike.lv\/ru\/produkts\/naturehike-virtuves-uzglabasanas-soma\/#breadcrumb","itemListElement":[{"@type":"ListItem","position":1,"name":"\u0413\u043b\u0430\u0432\u043d\u0430\u044f","item":"https:\/\/gohike.lv\/ru\/"},{"@type":"ListItem","position":2,"name":"\u041a\u0430\u0442\u0435\u0433\u043e\u0440\u0438\u0438 \u0442\u043e\u0432\u0430\u0440\u043e\u0432","item":"https:\/\/gohike.lv\/%d0%ba%d0%b0%d1%82%d0%b5%d0%b3%d0%be%d1%80%d0%b8%d0%b8-%d1%82%d0%be%d0%b2%d0%b0%d1%80%d0%be%d0%b2\/"},{"@type":"ListItem","position":3,"name":"Naturehike &#8211; Virtuves uzglab\u0101\u0161anas soma"}]},{"@type":"WebSite","@id":"https:\/\/gohike.lv\/ru\/#website","url":"https:\/\/gohike.lv\/ru\/","name":"GoHike","description":"","publisher":{"@id":"https:\/\/gohike.lv\/ru\/#organization"},"potentialAction":[{"@type":"SearchAction","target":{"@type":"EntryPoint","urlTemplate":"https:\/\/gohike.lv\/ru\/?s={search_term_string}"},"query-input":{"@type":"PropertyValueSpecification","valueRequired":true,"valueName":"search_term_string"}}],"inLanguage":"ru-RU"},{"@type":"Organization","@id":"https:\/\/gohike.lv\/ru\/#organization","name":"GoHike","url":"https:\/\/gohike.lv\/ru\/","logo":{"@type":"ImageObject","inLanguage":"ru-RU","@id":"https:\/\/gohike.lv\/ru\/#\/schema\/logo\/image\/","url":"https:\/\/gohike.lv\/wp-content\/uploads\/2023\/08\/Logo_GoHike.webp","contentUrl":"https:\/\/gohike.lv\/wp-content\/uploads\/2023\/08\/Logo_GoHike.webp","width":512,"height":512,"caption":"GoHike"},"image":{"@id":"https:\/\/gohike.lv\/ru\/#\/schema\/logo\/image\/"},"sameAs":["https:\/\/www.facebook.com\/gohike.shop\/","https:\/\/www.instagram.com\/gohike.shop\/"]}]}},"jetpack_sharing_enabled":true,"_links":{"self":[{"href":"https:\/\/gohike.lv\/ru\/wp-json\/wp\/v2\/product\/53211","targetHints":{"allow":["GET"]}}],"collection":[{"href":"https:\/\/gohike.lv\/ru\/wp-json\/wp\/v2\/product"}],"about":[{"href":"https:\/\/gohike.lv\/ru\/wp-json\/wp\/v2\/types\/product"}],"version-history":[{"count":0,"href":"https:\/\/gohike.lv\/ru\/wp-json\/wp\/v2\/product\/53211\/revisions"}],"wp:featuredmedia":[{"embeddable":true,"href":"https:\/\/gohike.lv\/ru\/wp-json\/wp\/v2\/media\/35777"}],"wp:attachment":[{"href":"https:\/\/gohike.lv\/ru\/wp-json\/wp\/v2\/media?parent=53211"}],"wp:term":[{"taxonomy":"product_brand","embeddable":true,"href":"https:\/\/gohike.lv\/ru\/wp-json\/wp\/v2\/product_brand?post=53211"},{"taxonomy":"product_cat","embeddable":true,"href":"https:\/\/gohike.lv\/ru\/wp-json\/wp\/v2\/product_cat?post=53211"},{"taxonomy":"product_tag","embeddable":true,"href":"https:\/\/gohike.lv\/ru\/wp-json\/wp\/v2\/product_tag?post=53211"}],"curies":[{"name":"wp","href":"https:\/\/api.w.org\/{rel}","templated":true}]}}