{"id":53201,"date":"2024-05-07T11:44:26","date_gmt":"2024-05-07T08:44:26","guid":{"rendered":"https:\/\/gohike.lv\/produkts\/naturehike-qingfeng-oglekla-skiedras-trekinga-nuja\/"},"modified":"2026-01-01T07:42:58","modified_gmt":"2026-01-01T04:42:58","slug":"naturehike-qingfeng-oglekla-skiedras-trekinga-nuja","status":"publish","type":"product","link":"https:\/\/gohike.lv\/ru\/produkts\/naturehike-qingfeng-oglekla-skiedras-trekinga-nuja\/","title":{"rendered":"Naturehike &#8212; (Qingfeng) Karbona trekinga n\u016bja (1 gb.)"},"content":{"rendered":"<p>N\u016bjas samazina slodzi uz ce\u013ciem un muguru, vienm\u0113r\u012bgi sadalot to pa visu \u0137ermeni.<br \/>\nStabu dizains sast\u0101v no 3 sekcij\u0101m, kas kompakti salok\u0101s viena otr\u0101 \u0113rtai transport\u0113\u0161anai.<br \/>\nIzstr\u0101d\u0101jumu garums regul\u0113jams 51-100 cm robe\u017e\u0101s un nostiprin\u0101ts ar fiksatoriem.<br \/>\nRokturi izgatavoti no EVA put\u0101m, kas uzs\u016bc sviedrus no plaukst\u0101m un tiem ir nesl\u012bdo\u0161a virsma, kas veicina stingru satv\u0113rienu.<br \/>\nRokturiem ir siksnas, kas nostiprina plaukstas, lai nov\u0113rstu n\u016bju izsl\u012bd\u0113\u0161anu no rok\u0101m.<br \/>\nSiksnu garumu var regul\u0113t.<br \/>\nMateri\u0101ls: volframa t\u0113rauds.<br \/>\nKomplekt\u0101 ietilpst uzga\u013ciem uzliekamie v\u0101ci\u0146i staig\u0101\u0161anai pa ciet\u0101m virsm\u0101m vai dro\u0161ai stabu transport\u0113\u0161anai.<br \/>\nKomplekt\u0101 ietilpst ar\u012b 2 da\u017e\u0101du formu stiprin\u0101jumu p\u0101ri &#8212; tie paredz\u0113ti sniegotiem un purvainiem apvidiem.<br \/>\nRaksturlielumi:<br \/>\nP\u0101rg\u0101jienu n\u016bjas ar volframa t\u0113rauda uzga\u013ciem;<br \/>\nDzeltena kr\u0101sa;<br \/>\nSekciju skaits \u2013 3 gab;<br \/>\nCaurules materi\u0101ls \u2013 ogleklis;<br \/>\nRoktura materi\u0101ls \u2013 EVA putas;<br \/>\nRegul\u0113jams garums 51-100 cm robe\u017e\u0101s;<br \/>\nRokturiem ir rokas siksnas;<br \/>\nVienas n\u016bjas svars \u2013 149 g;<br \/>\nGarantija &#8212; 1 gads.<\/p>\n","protected":false},"excerpt":{"rendered":"<p>Pateicoties oglek\u013ca \u0161\u0137iedras caurul\u0113m, produkti ir iztur\u012bgi pret deform\u0101ciju un saglab\u0101 savu s\u0101kotn\u0113jo formu.<\/p>\n","protected":false},"featured_media":34650,"template":"","meta":[],"product_brand":[167],"product_cat":[9459,4393],"product_tag":[],"class_list":{"0":"post-53201","1":"product","2":"type-product","3":"status-publish","4":"has-post-thumbnail","6":"product_brand-naturehike-lv","7":"product_cat-berniem","8":"product_cat-trekinga-nujas","9":"pa_izmeriscm-51-100","10":"pa_materiali-karbona-skiedra","11":"pa_produkta-tips-trekinga-nujas","12":"pa_saliktas-preces-izmerscm-7637","13":"pa_spalva-dzeltens","15":"first","16":"outofstock","17":"taxable","18":"shipping-taxable","19":"purchasable","20":"product-type-simple"},"raw_content":{"name":"Naturehike - (Qingfeng) Karbona trekinga n\u016bja (1 gb.)","description":"N\u016bjas samazina slodzi uz ce\u013ciem un muguru, vienm\u0113r\u012bgi sadalot to pa visu \u0137ermeni.\nStabu dizains sast\u0101v no 3 sekcij\u0101m, kas kompakti salok\u0101s viena otr\u0101 \u0113rtai transport\u0113\u0161anai.\nIzstr\u0101d\u0101jumu garums regul\u0113jams 51-100 cm robe\u017e\u0101s un nostiprin\u0101ts ar fiksatoriem.\nRokturi izgatavoti no EVA put\u0101m, kas uzs\u016bc sviedrus no plaukst\u0101m un tiem ir nesl\u012bdo\u0161a virsma, kas veicina stingru satv\u0113rienu.\nRokturiem ir siksnas, kas nostiprina plaukstas, lai nov\u0113rstu n\u016bju izsl\u012bd\u0113\u0161anu no rok\u0101m.\nSiksnu garumu var regul\u0113t.\nMateri\u0101ls: volframa t\u0113rauds.\nKomplekt\u0101 ietilpst uzga\u013ciem uzliekamie v\u0101ci\u0146i staig\u0101\u0161anai pa ciet\u0101m virsm\u0101m vai dro\u0161ai stabu transport\u0113\u0161anai.\nKomplekt\u0101 ietilpst ar\u012b 2 da\u017e\u0101du formu stiprin\u0101jumu p\u0101ri - tie paredz\u0113ti sniegotiem un purvainiem apvidiem.\nRaksturlielumi:\nP\u0101rg\u0101jienu n\u016bjas ar volframa t\u0113rauda uzga\u013ciem;\nDzeltena kr\u0101sa;\nSekciju skaits \u2013 3 gab;\nCaurules materi\u0101ls \u2013 ogleklis;\nRoktura materi\u0101ls \u2013 EVA putas;\nRegul\u0113jams garums 51-100 cm robe\u017e\u0101s;\nRokturiem ir rokas siksnas;\nVienas n\u016bjas svars \u2013 149 g;\nGarantija - 1 gads.","short_description":"Pateicoties oglek\u013ca \u0161\u0137iedras caurul\u0113m, produkti ir iztur\u012bgi pret deform\u0101ciju un saglab\u0101 savu s\u0101kotn\u0113jo formu.","status":"publish","sku":"6976023923524","original":53201},"wpml":{"translation_type":1,"has_translations":true,"original":53201,"duplicates":[],"translations":{"lv":53201,"en":67486,"ru":null}},"supplier_id":null,"supplier_sku":"","barcode":null,"atum_controlled":true,"out_stock_date":"2025-04-17 19:04:46","out_stock_threshold":null,"inheritable":false,"inbound_stock":null,"stock_on_hold":0,"sold_today":0,"sales_last_days":0,"reserved_stock":null,"customer_returns":null,"warehouse_damage":null,"lost_in_post":null,"other_logs":null,"out_stock_days":209,"lost_sales":0,"has_location":null,"update_date":"2026-01-01T04:43:00","atum_locations":[],"atum_stock_status":"outofstock","restock_status":false,"low_stock_amount":"","sales_update_date":"2025-11-13T14:07:31","calc_backorders":null,"yoast_head":"<!-- This site is optimized with the Yoast SEO plugin v27.3 - https:\/\/yoast.com\/product\/yoast-seo-wordpress\/ -->\n<title>Naturehike - (Qingfeng) Karbona trekinga n\u016bja<\/title>\n<meta name=\"description\" content=\"Pateicoties oglek\u013ca \u0161\u0137iedras caurul\u0113m, produkti ir iztur\u012bgi pret deform\u0101ciju un saglab\u0101 savu s\u0101kotn\u0113jo formu.\" \/>\n<meta name=\"robots\" content=\"index, follow, max-snippet:-1, max-image-preview:large, max-video-preview:-1\" \/>\n<link rel=\"canonical\" href=\"https:\/\/gohike.lv\/ru\/produkts\/naturehike-qingfeng-oglekla-skiedras-trekinga-nuja\/\" \/>\n<meta property=\"og:locale\" content=\"ru_RU\" \/>\n<meta property=\"og:type\" content=\"article\" \/>\n<meta property=\"og:title\" content=\"Naturehike - Karbona saliekamie trekinga n\u016bjas\" \/>\n<meta property=\"og:description\" content=\"Pateicoties oglek\u013ca \u0161\u0137iedras caurul\u0113m, produkti ir iztur\u012bgi pret deform\u0101ciju un saglab\u0101 savu s\u0101kotn\u0113jo formu.\" \/>\n<meta property=\"og:url\" content=\"https:\/\/gohike.lv\/ru\/produkts\/naturehike-qingfeng-oglekla-skiedras-trekinga-nuja\/\" \/>\n<meta property=\"og:site_name\" content=\"GoHike\" \/>\n<meta property=\"article:publisher\" content=\"https:\/\/www.facebook.com\/gohike.shop\/\" \/>\n<meta property=\"article:modified_time\" content=\"2026-01-01T04:42:58+00:00\" \/>\n<meta property=\"og:image\" content=\"https:\/\/gohike.lv\/wp-content\/uploads\/2024\/04\/QingfengPoles_yellow-1.webp\" \/>\n\t<meta property=\"og:image:width\" content=\"800\" \/>\n\t<meta property=\"og:image:height\" content=\"800\" \/>\n\t<meta property=\"og:image:type\" content=\"image\/webp\" \/>\n<meta name=\"twitter:card\" content=\"summary_large_image\" \/>\n<meta name=\"twitter:title\" content=\"Naturehike - Karbona saliekamie trekinga n\u016bjas\" \/>\n<meta name=\"twitter:label1\" content=\"\u041f\u0440\u0438\u043c\u0435\u0440\u043d\u043e\u0435 \u0432\u0440\u0435\u043c\u044f \u0434\u043b\u044f \u0447\u0442\u0435\u043d\u0438\u044f\" \/>\n\t<meta name=\"twitter:data1\" content=\"1 \u043c\u0438\u043d\u0443\u0442\u0430\" \/>\n<script type=\"application\/ld+json\" class=\"yoast-schema-graph\">{\"@context\":\"https:\\\/\\\/schema.org\",\"@graph\":[{\"@type\":[\"WebPage\",\"ItemPage\"],\"@id\":\"https:\\\/\\\/gohike.lv\\\/ru\\\/produkts\\\/naturehike-qingfeng-oglekla-skiedras-trekinga-nuja\\\/\",\"url\":\"https:\\\/\\\/gohike.lv\\\/ru\\\/produkts\\\/naturehike-qingfeng-oglekla-skiedras-trekinga-nuja\\\/\",\"name\":\"Naturehike - (Qingfeng) Karbona trekinga n\u016bja\",\"isPartOf\":{\"@id\":\"https:\\\/\\\/gohike.lv\\\/ru\\\/#website\"},\"primaryImageOfPage\":{\"@id\":\"https:\\\/\\\/gohike.lv\\\/ru\\\/produkts\\\/naturehike-qingfeng-oglekla-skiedras-trekinga-nuja\\\/#primaryimage\"},\"image\":{\"@id\":\"https:\\\/\\\/gohike.lv\\\/ru\\\/produkts\\\/naturehike-qingfeng-oglekla-skiedras-trekinga-nuja\\\/#primaryimage\"},\"thumbnailUrl\":\"https:\\\/\\\/gohike.lv\\\/wp-content\\\/uploads\\\/2024\\\/04\\\/QingfengPoles_yellow-1.webp\",\"datePublished\":\"2024-05-07T08:44:26+00:00\",\"dateModified\":\"2026-01-01T04:42:58+00:00\",\"description\":\"Pateicoties oglek\u013ca \u0161\u0137iedras caurul\u0113m, produkti ir iztur\u012bgi pret deform\u0101ciju un saglab\u0101 savu s\u0101kotn\u0113jo formu.\",\"breadcrumb\":{\"@id\":\"https:\\\/\\\/gohike.lv\\\/ru\\\/produkts\\\/naturehike-qingfeng-oglekla-skiedras-trekinga-nuja\\\/#breadcrumb\"},\"inLanguage\":\"ru-RU\",\"potentialAction\":[{\"@type\":\"ReadAction\",\"target\":[\"https:\\\/\\\/gohike.lv\\\/ru\\\/produkts\\\/naturehike-qingfeng-oglekla-skiedras-trekinga-nuja\\\/\"]}]},{\"@type\":\"ImageObject\",\"inLanguage\":\"ru-RU\",\"@id\":\"https:\\\/\\\/gohike.lv\\\/ru\\\/produkts\\\/naturehike-qingfeng-oglekla-skiedras-trekinga-nuja\\\/#primaryimage\",\"url\":\"https:\\\/\\\/gohike.lv\\\/wp-content\\\/uploads\\\/2024\\\/04\\\/QingfengPoles_yellow-1.webp\",\"contentUrl\":\"https:\\\/\\\/gohike.lv\\\/wp-content\\\/uploads\\\/2024\\\/04\\\/QingfengPoles_yellow-1.webp\",\"width\":800,\"height\":800},{\"@type\":\"BreadcrumbList\",\"@id\":\"https:\\\/\\\/gohike.lv\\\/ru\\\/produkts\\\/naturehike-qingfeng-oglekla-skiedras-trekinga-nuja\\\/#breadcrumb\",\"itemListElement\":[{\"@type\":\"ListItem\",\"position\":1,\"name\":\"\u0413\u043b\u0430\u0432\u043d\u0430\u044f\",\"item\":\"https:\\\/\\\/gohike.lv\\\/ru\\\/\"},{\"@type\":\"ListItem\",\"position\":2,\"name\":\"\u041a\u0430\u0442\u0435\u0433\u043e\u0440\u0438\u0438 \u0442\u043e\u0432\u0430\u0440\u043e\u0432\",\"item\":\"https:\\\/\\\/gohike.lv\\\/%d0%ba%d0%b0%d1%82%d0%b5%d0%b3%d0%be%d1%80%d0%b8%d0%b8-%d1%82%d0%be%d0%b2%d0%b0%d1%80%d0%be%d0%b2\\\/\"},{\"@type\":\"ListItem\",\"position\":3,\"name\":\"Naturehike &#8211; (Qingfeng) Karbona trekinga n\u016bja (1 gb.)\"}]},{\"@type\":\"WebSite\",\"@id\":\"https:\\\/\\\/gohike.lv\\\/ru\\\/#website\",\"url\":\"https:\\\/\\\/gohike.lv\\\/ru\\\/\",\"name\":\"GoHike\",\"description\":\"\",\"publisher\":{\"@id\":\"https:\\\/\\\/gohike.lv\\\/ru\\\/#organization\"},\"potentialAction\":[{\"@type\":\"SearchAction\",\"target\":{\"@type\":\"EntryPoint\",\"urlTemplate\":\"https:\\\/\\\/gohike.lv\\\/ru\\\/?s={search_term_string}\"},\"query-input\":{\"@type\":\"PropertyValueSpecification\",\"valueRequired\":true,\"valueName\":\"search_term_string\"}}],\"inLanguage\":\"ru-RU\"},{\"@type\":\"Organization\",\"@id\":\"https:\\\/\\\/gohike.lv\\\/ru\\\/#organization\",\"name\":\"GoHike\",\"url\":\"https:\\\/\\\/gohike.lv\\\/ru\\\/\",\"logo\":{\"@type\":\"ImageObject\",\"inLanguage\":\"ru-RU\",\"@id\":\"https:\\\/\\\/gohike.lv\\\/ru\\\/#\\\/schema\\\/logo\\\/image\\\/\",\"url\":\"https:\\\/\\\/gohike.lv\\\/wp-content\\\/uploads\\\/2023\\\/08\\\/Logo_GoHike.webp\",\"contentUrl\":\"https:\\\/\\\/gohike.lv\\\/wp-content\\\/uploads\\\/2023\\\/08\\\/Logo_GoHike.webp\",\"width\":512,\"height\":512,\"caption\":\"GoHike\"},\"image\":{\"@id\":\"https:\\\/\\\/gohike.lv\\\/ru\\\/#\\\/schema\\\/logo\\\/image\\\/\"},\"sameAs\":[\"https:\\\/\\\/www.facebook.com\\\/gohike.shop\\\/\",\"https:\\\/\\\/www.instagram.com\\\/gohike.shop\\\/\"]}]}<\/script>\n<!-- \/ Yoast SEO plugin. -->","yoast_head_json":{"title":"Naturehike - (Qingfeng) Karbona trekinga n\u016bja","description":"Pateicoties oglek\u013ca \u0161\u0137iedras caurul\u0113m, produkti ir iztur\u012bgi pret deform\u0101ciju un saglab\u0101 savu s\u0101kotn\u0113jo formu.","robots":{"index":"index","follow":"follow","max-snippet":"max-snippet:-1","max-image-preview":"max-image-preview:large","max-video-preview":"max-video-preview:-1"},"canonical":"https:\/\/gohike.lv\/ru\/produkts\/naturehike-qingfeng-oglekla-skiedras-trekinga-nuja\/","og_locale":"ru_RU","og_type":"article","og_title":"Naturehike - Karbona saliekamie trekinga n\u016bjas","og_description":"Pateicoties oglek\u013ca \u0161\u0137iedras caurul\u0113m, produkti ir iztur\u012bgi pret deform\u0101ciju un saglab\u0101 savu s\u0101kotn\u0113jo formu.","og_url":"https:\/\/gohike.lv\/ru\/produkts\/naturehike-qingfeng-oglekla-skiedras-trekinga-nuja\/","og_site_name":"GoHike","article_publisher":"https:\/\/www.facebook.com\/gohike.shop\/","article_modified_time":"2026-01-01T04:42:58+00:00","og_image":[{"width":800,"height":800,"url":"https:\/\/gohike.lv\/wp-content\/uploads\/2024\/04\/QingfengPoles_yellow-1.webp","type":"image\/webp"}],"twitter_card":"summary_large_image","twitter_title":"Naturehike - Karbona saliekamie trekinga n\u016bjas","twitter_misc":{"\u041f\u0440\u0438\u043c\u0435\u0440\u043d\u043e\u0435 \u0432\u0440\u0435\u043c\u044f \u0434\u043b\u044f \u0447\u0442\u0435\u043d\u0438\u044f":"1 \u043c\u0438\u043d\u0443\u0442\u0430"},"schema":{"@context":"https:\/\/schema.org","@graph":[{"@type":["WebPage","ItemPage"],"@id":"https:\/\/gohike.lv\/ru\/produkts\/naturehike-qingfeng-oglekla-skiedras-trekinga-nuja\/","url":"https:\/\/gohike.lv\/ru\/produkts\/naturehike-qingfeng-oglekla-skiedras-trekinga-nuja\/","name":"Naturehike - (Qingfeng) Karbona trekinga n\u016bja","isPartOf":{"@id":"https:\/\/gohike.lv\/ru\/#website"},"primaryImageOfPage":{"@id":"https:\/\/gohike.lv\/ru\/produkts\/naturehike-qingfeng-oglekla-skiedras-trekinga-nuja\/#primaryimage"},"image":{"@id":"https:\/\/gohike.lv\/ru\/produkts\/naturehike-qingfeng-oglekla-skiedras-trekinga-nuja\/#primaryimage"},"thumbnailUrl":"https:\/\/gohike.lv\/wp-content\/uploads\/2024\/04\/QingfengPoles_yellow-1.webp","datePublished":"2024-05-07T08:44:26+00:00","dateModified":"2026-01-01T04:42:58+00:00","description":"Pateicoties oglek\u013ca \u0161\u0137iedras caurul\u0113m, produkti ir iztur\u012bgi pret deform\u0101ciju un saglab\u0101 savu s\u0101kotn\u0113jo formu.","breadcrumb":{"@id":"https:\/\/gohike.lv\/ru\/produkts\/naturehike-qingfeng-oglekla-skiedras-trekinga-nuja\/#breadcrumb"},"inLanguage":"ru-RU","potentialAction":[{"@type":"ReadAction","target":["https:\/\/gohike.lv\/ru\/produkts\/naturehike-qingfeng-oglekla-skiedras-trekinga-nuja\/"]}]},{"@type":"ImageObject","inLanguage":"ru-RU","@id":"https:\/\/gohike.lv\/ru\/produkts\/naturehike-qingfeng-oglekla-skiedras-trekinga-nuja\/#primaryimage","url":"https:\/\/gohike.lv\/wp-content\/uploads\/2024\/04\/QingfengPoles_yellow-1.webp","contentUrl":"https:\/\/gohike.lv\/wp-content\/uploads\/2024\/04\/QingfengPoles_yellow-1.webp","width":800,"height":800},{"@type":"BreadcrumbList","@id":"https:\/\/gohike.lv\/ru\/produkts\/naturehike-qingfeng-oglekla-skiedras-trekinga-nuja\/#breadcrumb","itemListElement":[{"@type":"ListItem","position":1,"name":"\u0413\u043b\u0430\u0432\u043d\u0430\u044f","item":"https:\/\/gohike.lv\/ru\/"},{"@type":"ListItem","position":2,"name":"\u041a\u0430\u0442\u0435\u0433\u043e\u0440\u0438\u0438 \u0442\u043e\u0432\u0430\u0440\u043e\u0432","item":"https:\/\/gohike.lv\/%d0%ba%d0%b0%d1%82%d0%b5%d0%b3%d0%be%d1%80%d0%b8%d0%b8-%d1%82%d0%be%d0%b2%d0%b0%d1%80%d0%be%d0%b2\/"},{"@type":"ListItem","position":3,"name":"Naturehike &#8211; (Qingfeng) Karbona trekinga n\u016bja (1 gb.)"}]},{"@type":"WebSite","@id":"https:\/\/gohike.lv\/ru\/#website","url":"https:\/\/gohike.lv\/ru\/","name":"GoHike","description":"","publisher":{"@id":"https:\/\/gohike.lv\/ru\/#organization"},"potentialAction":[{"@type":"SearchAction","target":{"@type":"EntryPoint","urlTemplate":"https:\/\/gohike.lv\/ru\/?s={search_term_string}"},"query-input":{"@type":"PropertyValueSpecification","valueRequired":true,"valueName":"search_term_string"}}],"inLanguage":"ru-RU"},{"@type":"Organization","@id":"https:\/\/gohike.lv\/ru\/#organization","name":"GoHike","url":"https:\/\/gohike.lv\/ru\/","logo":{"@type":"ImageObject","inLanguage":"ru-RU","@id":"https:\/\/gohike.lv\/ru\/#\/schema\/logo\/image\/","url":"https:\/\/gohike.lv\/wp-content\/uploads\/2023\/08\/Logo_GoHike.webp","contentUrl":"https:\/\/gohike.lv\/wp-content\/uploads\/2023\/08\/Logo_GoHike.webp","width":512,"height":512,"caption":"GoHike"},"image":{"@id":"https:\/\/gohike.lv\/ru\/#\/schema\/logo\/image\/"},"sameAs":["https:\/\/www.facebook.com\/gohike.shop\/","https:\/\/www.instagram.com\/gohike.shop\/"]}]}},"jetpack_sharing_enabled":true,"_links":{"self":[{"href":"https:\/\/gohike.lv\/ru\/wp-json\/wp\/v2\/product\/53201","targetHints":{"allow":["GET"]}}],"collection":[{"href":"https:\/\/gohike.lv\/ru\/wp-json\/wp\/v2\/product"}],"about":[{"href":"https:\/\/gohike.lv\/ru\/wp-json\/wp\/v2\/types\/product"}],"version-history":[{"count":0,"href":"https:\/\/gohike.lv\/ru\/wp-json\/wp\/v2\/product\/53201\/revisions"}],"wp:featuredmedia":[{"embeddable":true,"href":"https:\/\/gohike.lv\/ru\/wp-json\/wp\/v2\/media\/34650"}],"wp:attachment":[{"href":"https:\/\/gohike.lv\/ru\/wp-json\/wp\/v2\/media?parent=53201"}],"wp:term":[{"taxonomy":"product_brand","embeddable":true,"href":"https:\/\/gohike.lv\/ru\/wp-json\/wp\/v2\/product_brand?post=53201"},{"taxonomy":"product_cat","embeddable":true,"href":"https:\/\/gohike.lv\/ru\/wp-json\/wp\/v2\/product_cat?post=53201"},{"taxonomy":"product_tag","embeddable":true,"href":"https:\/\/gohike.lv\/ru\/wp-json\/wp\/v2\/product_tag?post=53201"}],"curies":[{"name":"wp","href":"https:\/\/api.w.org\/{rel}","templated":true}]}}