{"id":53199,"date":"2024-05-07T11:44:26","date_gmt":"2024-05-07T08:44:26","guid":{"rendered":"https:\/\/gohike.lv\/produkts\/naturehike-aluminija-trisdaligi-trekinga-nujas-2-gab\/"},"modified":"2025-12-30T17:24:43","modified_gmt":"2025-12-30T14:24:43","slug":"naturehike-aluminija-trisdaligi-trekinga-nujas-2-gab","status":"publish","type":"product","link":"https:\/\/gohike.lv\/ru\/produkts\/naturehike-aluminija-trisdaligi-trekinga-nujas-2-gab\/","title":{"rendered":"Naturehike &#8212; Lingfeng Alum\u012bnija trekinga n\u016bjas (2 gb.)"},"content":{"rendered":"<p>Garumu var regul\u0113t starp 61,5-135 cm un fiks\u0113t ar neilona aizb\u012bd\u0146iem.<br \/>\nLai \u0101tri un \u0113rti iestat\u012btu vajadz\u012bgo garumu, stabu virsmai tiek uzlikta centimetru skala.<br \/>\nArmat\u016bras galven\u0101 da\u013ca ir izgatavota no alum\u012bnija sakaus\u0113juma 7075.<br \/>\nAlum\u012bnijs ir ner\u016bs\u0113jo\u0161s un uz virsmas ir pl\u0101na oks\u012bda pl\u0113ve, kas nov\u0113r\u0161 oksid\u0113\u0161anos.<br \/>\nCietie volframa t\u0113rauda uzga\u013ci ir iztur\u012bgi pret nodilumu un pagarina kalpo\u0161anas laiku.<br \/>\nStabu rokturi ir izgatavoti no EVA un kor\u0137a materi\u0101la kombin\u0101cijas, kas ir iztur\u012bgs pret \u0137imik\u0101lij\u0101m un neuzbriest mitr\u0101 vid\u0113.<br \/>\nRokturu forma atbilst cilv\u0113ka plaukstas izliekumiem un nodro\u0161ina \u0113rtu satv\u0113rienu.<br \/>\nRokturiem ir regul\u0113jamas siksnas.<br \/>\nKomplekt\u0101 ietilpst 2 trekinga n\u016bjas, savienot\u0101js, 2 plakani stiprin\u0101jumi staig\u0101\u0161anai pa cietu zemi, 2 \u200b\u200bstaig\u0101\u0161anai pa nestabilu zemi un 2 \u200b\u200bstaig\u0101\u0161anai pa sniegu.<br \/>\nGredzeni ir izgatavoti no polipropil\u0113na.<br \/>\nKomplekt\u0101 ietilpst ar\u012b glab\u0101\u0161anas soma (66 x 15 cm) ar fiks\u0113jo\u0161u savilk\u0161anas auklu un p\u0101rn\u0113s\u0101\u0161anas rokturi.<br \/>\nKatra trekinga n\u016bja sver 260 gramus.<br \/>\nRaksturlielumi:<br \/>\nBalta kr\u0101sa;<br \/>\nMinim\u0101lais garums \u2013 61,5 cm;<br \/>\nMaksim\u0101lais garums \u2013 135 cm.<\/p>\n","protected":false},"excerpt":{"rendered":"<p>P\u0101rg\u0101jienu n\u016bjas sniedz atbalstu pastaigas laik\u0101 un padara staig\u0101\u0161anu pa nel\u012bdzenu reljefu dro\u0161\u0101ku.<\/p>\n","protected":false},"featured_media":34623,"template":"","meta":[],"product_brand":[167],"product_cat":[4393],"product_tag":[],"class_list":{"0":"post-53199","1":"product","2":"type-product","3":"status-publish","4":"has-post-thumbnail","6":"product_brand-naturehike-lv","7":"product_cat-trekinga-nujas","8":"pa_izmeriscm-61-5-135","9":"pa_materiali-7075-aluminija-sakausejums","10":"pa_produkta-tips-trekinga-nujas","11":"pa_saliktas-preces-izmerscm-7956","12":"pa_spalva-balts","14":"first","15":"outofstock","16":"taxable","17":"shipping-taxable","18":"purchasable","19":"product-type-simple"},"raw_content":{"name":"Naturehike - Lingfeng Alum\u012bnija trekinga n\u016bjas (2 gb.)","description":"Garumu var regul\u0113t starp 61,5-135 cm un fiks\u0113t ar neilona aizb\u012bd\u0146iem.\nLai \u0101tri un \u0113rti iestat\u012btu vajadz\u012bgo garumu, stabu virsmai tiek uzlikta centimetru skala.\nArmat\u016bras galven\u0101 da\u013ca ir izgatavota no alum\u012bnija sakaus\u0113juma 7075.\nAlum\u012bnijs ir ner\u016bs\u0113jo\u0161s un uz virsmas ir pl\u0101na oks\u012bda pl\u0113ve, kas nov\u0113r\u0161 oksid\u0113\u0161anos.\nCietie volframa t\u0113rauda uzga\u013ci ir iztur\u012bgi pret nodilumu un pagarina kalpo\u0161anas laiku.\nStabu rokturi ir izgatavoti no EVA un kor\u0137a materi\u0101la kombin\u0101cijas, kas ir iztur\u012bgs pret \u0137imik\u0101lij\u0101m un neuzbriest mitr\u0101 vid\u0113.\nRokturu forma atbilst cilv\u0113ka plaukstas izliekumiem un nodro\u0161ina \u0113rtu satv\u0113rienu.\nRokturiem ir regul\u0113jamas siksnas.\nKomplekt\u0101 ietilpst 2 trekinga n\u016bjas, savienot\u0101js, 2 plakani stiprin\u0101jumi staig\u0101\u0161anai pa cietu zemi, 2 \u200b\u200bstaig\u0101\u0161anai pa nestabilu zemi un 2 \u200b\u200bstaig\u0101\u0161anai pa sniegu.\nGredzeni ir izgatavoti no polipropil\u0113na.\nKomplekt\u0101 ietilpst ar\u012b glab\u0101\u0161anas soma (66 x 15 cm) ar fiks\u0113jo\u0161u savilk\u0161anas auklu un p\u0101rn\u0113s\u0101\u0161anas rokturi.\nKatra trekinga n\u016bja sver 260 gramus.\nRaksturlielumi:\nBalta kr\u0101sa;\nMinim\u0101lais garums \u2013 61,5 cm;\nMaksim\u0101lais garums \u2013 135 cm.","short_description":"P\u0101rg\u0101jienu n\u016bjas sniedz atbalstu pastaigas laik\u0101 un padara staig\u0101\u0161anu pa nel\u012bdzenu reljefu dro\u0161\u0101ku.","status":"publish","sku":"6975641886259","original":53199},"wpml":{"translation_type":1,"has_translations":true,"original":53199,"duplicates":[],"translations":{"lv":53199,"en":67488,"ru":null}},"supplier_id":null,"supplier_sku":"","barcode":null,"atum_controlled":true,"out_stock_date":null,"out_stock_threshold":null,"inheritable":false,"inbound_stock":null,"stock_on_hold":0,"sold_today":0,"sales_last_days":0,"reserved_stock":null,"customer_returns":null,"warehouse_damage":null,"lost_in_post":null,"other_logs":null,"out_stock_days":0,"lost_sales":0,"has_location":null,"update_date":"2025-12-30T14:30:38","atum_locations":[],"atum_stock_status":"outofstock","restock_status":false,"low_stock_amount":"","sales_update_date":"2025-11-13T14:09:02","calc_backorders":null,"yoast_head":"<!-- This site is optimized with the Yoast SEO plugin v27.3 - https:\/\/yoast.com\/product\/yoast-seo-wordpress\/ -->\n<title>Naturehike - Lingfeng Alum\u012bnija trekinga n\u016bjas (2 gab.)<\/title>\n<meta name=\"description\" content=\"P\u0101rg\u0101jienu n\u016bjas sniedz atbalstu pastaigas laik\u0101 un padara staig\u0101\u0161anu pa nel\u012bdzenu reljefu dro\u0161\u0101ku.\" \/>\n<meta name=\"robots\" content=\"index, follow, max-snippet:-1, max-image-preview:large, max-video-preview:-1\" \/>\n<link rel=\"canonical\" href=\"https:\/\/gohike.lv\/ru\/produkts\/naturehike-aluminija-trisdaligi-trekinga-nujas-2-gab\/\" \/>\n<meta property=\"og:locale\" content=\"ru_RU\" \/>\n<meta property=\"og:type\" content=\"article\" \/>\n<meta property=\"og:title\" content=\"Naturehike - Alum\u012bnija trekinga n\u016bjas\" \/>\n<meta property=\"og:description\" content=\"P\u0101rg\u0101jienu n\u016bjas sniedz atbalstu pastaigas laik\u0101 un padara staig\u0101\u0161anu pa nel\u012bdzenu reljefu dro\u0161\u0101ku.\" \/>\n<meta property=\"og:url\" content=\"https:\/\/gohike.lv\/ru\/produkts\/naturehike-aluminija-trisdaligi-trekinga-nujas-2-gab\/\" \/>\n<meta property=\"og:site_name\" content=\"GoHike\" \/>\n<meta property=\"article:publisher\" content=\"https:\/\/www.facebook.com\/gohike.shop\/\" \/>\n<meta property=\"article:modified_time\" content=\"2025-12-30T14:24:43+00:00\" \/>\n<meta property=\"og:image\" content=\"https:\/\/gohike.lv\/wp-content\/uploads\/2024\/04\/3secAluminiumPoles_-1.webp\" \/>\n\t<meta property=\"og:image:width\" content=\"720\" \/>\n\t<meta property=\"og:image:height\" content=\"720\" \/>\n\t<meta property=\"og:image:type\" content=\"image\/webp\" \/>\n<meta name=\"twitter:card\" content=\"summary_large_image\" \/>\n<meta name=\"twitter:title\" content=\"Naturehike - Alum\u012bnija trekinga n\u016bjas\" \/>\n<meta name=\"twitter:label1\" content=\"\u041f\u0440\u0438\u043c\u0435\u0440\u043d\u043e\u0435 \u0432\u0440\u0435\u043c\u044f \u0434\u043b\u044f \u0447\u0442\u0435\u043d\u0438\u044f\" \/>\n\t<meta name=\"twitter:data1\" content=\"2 \u043c\u0438\u043d\u0443\u0442\u0430\" \/>\n<script type=\"application\/ld+json\" class=\"yoast-schema-graph\">{\"@context\":\"https:\\\/\\\/schema.org\",\"@graph\":[{\"@type\":[\"WebPage\",\"ItemPage\"],\"@id\":\"https:\\\/\\\/gohike.lv\\\/ru\\\/produkts\\\/naturehike-aluminija-trisdaligi-trekinga-nujas-2-gab\\\/\",\"url\":\"https:\\\/\\\/gohike.lv\\\/ru\\\/produkts\\\/naturehike-aluminija-trisdaligi-trekinga-nujas-2-gab\\\/\",\"name\":\"Naturehike - Lingfeng Alum\u012bnija trekinga n\u016bjas (2 gab.)\",\"isPartOf\":{\"@id\":\"https:\\\/\\\/gohike.lv\\\/ru\\\/#website\"},\"primaryImageOfPage\":{\"@id\":\"https:\\\/\\\/gohike.lv\\\/ru\\\/produkts\\\/naturehike-aluminija-trisdaligi-trekinga-nujas-2-gab\\\/#primaryimage\"},\"image\":{\"@id\":\"https:\\\/\\\/gohike.lv\\\/ru\\\/produkts\\\/naturehike-aluminija-trisdaligi-trekinga-nujas-2-gab\\\/#primaryimage\"},\"thumbnailUrl\":\"https:\\\/\\\/gohike.lv\\\/wp-content\\\/uploads\\\/2024\\\/04\\\/3secAluminiumPoles_-1.webp\",\"datePublished\":\"2024-05-07T08:44:26+00:00\",\"dateModified\":\"2025-12-30T14:24:43+00:00\",\"description\":\"P\u0101rg\u0101jienu n\u016bjas sniedz atbalstu pastaigas laik\u0101 un padara staig\u0101\u0161anu pa nel\u012bdzenu reljefu dro\u0161\u0101ku.\",\"breadcrumb\":{\"@id\":\"https:\\\/\\\/gohike.lv\\\/ru\\\/produkts\\\/naturehike-aluminija-trisdaligi-trekinga-nujas-2-gab\\\/#breadcrumb\"},\"inLanguage\":\"ru-RU\",\"potentialAction\":[{\"@type\":\"ReadAction\",\"target\":[\"https:\\\/\\\/gohike.lv\\\/ru\\\/produkts\\\/naturehike-aluminija-trisdaligi-trekinga-nujas-2-gab\\\/\"]}]},{\"@type\":\"ImageObject\",\"inLanguage\":\"ru-RU\",\"@id\":\"https:\\\/\\\/gohike.lv\\\/ru\\\/produkts\\\/naturehike-aluminija-trisdaligi-trekinga-nujas-2-gab\\\/#primaryimage\",\"url\":\"https:\\\/\\\/gohike.lv\\\/wp-content\\\/uploads\\\/2024\\\/04\\\/3secAluminiumPoles_-1.webp\",\"contentUrl\":\"https:\\\/\\\/gohike.lv\\\/wp-content\\\/uploads\\\/2024\\\/04\\\/3secAluminiumPoles_-1.webp\",\"width\":720,\"height\":720},{\"@type\":\"BreadcrumbList\",\"@id\":\"https:\\\/\\\/gohike.lv\\\/ru\\\/produkts\\\/naturehike-aluminija-trisdaligi-trekinga-nujas-2-gab\\\/#breadcrumb\",\"itemListElement\":[{\"@type\":\"ListItem\",\"position\":1,\"name\":\"\u0413\u043b\u0430\u0432\u043d\u0430\u044f\",\"item\":\"https:\\\/\\\/gohike.lv\\\/ru\\\/\"},{\"@type\":\"ListItem\",\"position\":2,\"name\":\"\u041a\u0430\u0442\u0435\u0433\u043e\u0440\u0438\u0438 \u0442\u043e\u0432\u0430\u0440\u043e\u0432\",\"item\":\"https:\\\/\\\/gohike.lv\\\/%d0%ba%d0%b0%d1%82%d0%b5%d0%b3%d0%be%d1%80%d0%b8%d0%b8-%d1%82%d0%be%d0%b2%d0%b0%d1%80%d0%be%d0%b2\\\/\"},{\"@type\":\"ListItem\",\"position\":3,\"name\":\"Naturehike &#8211; Lingfeng Alum\u012bnija trekinga n\u016bjas (2 gb.)\"}]},{\"@type\":\"WebSite\",\"@id\":\"https:\\\/\\\/gohike.lv\\\/ru\\\/#website\",\"url\":\"https:\\\/\\\/gohike.lv\\\/ru\\\/\",\"name\":\"GoHike\",\"description\":\"\",\"publisher\":{\"@id\":\"https:\\\/\\\/gohike.lv\\\/ru\\\/#organization\"},\"potentialAction\":[{\"@type\":\"SearchAction\",\"target\":{\"@type\":\"EntryPoint\",\"urlTemplate\":\"https:\\\/\\\/gohike.lv\\\/ru\\\/?s={search_term_string}\"},\"query-input\":{\"@type\":\"PropertyValueSpecification\",\"valueRequired\":true,\"valueName\":\"search_term_string\"}}],\"inLanguage\":\"ru-RU\"},{\"@type\":\"Organization\",\"@id\":\"https:\\\/\\\/gohike.lv\\\/ru\\\/#organization\",\"name\":\"GoHike\",\"url\":\"https:\\\/\\\/gohike.lv\\\/ru\\\/\",\"logo\":{\"@type\":\"ImageObject\",\"inLanguage\":\"ru-RU\",\"@id\":\"https:\\\/\\\/gohike.lv\\\/ru\\\/#\\\/schema\\\/logo\\\/image\\\/\",\"url\":\"https:\\\/\\\/gohike.lv\\\/wp-content\\\/uploads\\\/2023\\\/08\\\/Logo_GoHike.webp\",\"contentUrl\":\"https:\\\/\\\/gohike.lv\\\/wp-content\\\/uploads\\\/2023\\\/08\\\/Logo_GoHike.webp\",\"width\":512,\"height\":512,\"caption\":\"GoHike\"},\"image\":{\"@id\":\"https:\\\/\\\/gohike.lv\\\/ru\\\/#\\\/schema\\\/logo\\\/image\\\/\"},\"sameAs\":[\"https:\\\/\\\/www.facebook.com\\\/gohike.shop\\\/\",\"https:\\\/\\\/www.instagram.com\\\/gohike.shop\\\/\"]}]}<\/script>\n<!-- \/ Yoast SEO plugin. -->","yoast_head_json":{"title":"Naturehike - Lingfeng Alum\u012bnija trekinga n\u016bjas (2 gab.)","description":"P\u0101rg\u0101jienu n\u016bjas sniedz atbalstu pastaigas laik\u0101 un padara staig\u0101\u0161anu pa nel\u012bdzenu reljefu dro\u0161\u0101ku.","robots":{"index":"index","follow":"follow","max-snippet":"max-snippet:-1","max-image-preview":"max-image-preview:large","max-video-preview":"max-video-preview:-1"},"canonical":"https:\/\/gohike.lv\/ru\/produkts\/naturehike-aluminija-trisdaligi-trekinga-nujas-2-gab\/","og_locale":"ru_RU","og_type":"article","og_title":"Naturehike - Alum\u012bnija trekinga n\u016bjas","og_description":"P\u0101rg\u0101jienu n\u016bjas sniedz atbalstu pastaigas laik\u0101 un padara staig\u0101\u0161anu pa nel\u012bdzenu reljefu dro\u0161\u0101ku.","og_url":"https:\/\/gohike.lv\/ru\/produkts\/naturehike-aluminija-trisdaligi-trekinga-nujas-2-gab\/","og_site_name":"GoHike","article_publisher":"https:\/\/www.facebook.com\/gohike.shop\/","article_modified_time":"2025-12-30T14:24:43+00:00","og_image":[{"width":720,"height":720,"url":"https:\/\/gohike.lv\/wp-content\/uploads\/2024\/04\/3secAluminiumPoles_-1.webp","type":"image\/webp"}],"twitter_card":"summary_large_image","twitter_title":"Naturehike - Alum\u012bnija trekinga n\u016bjas","twitter_misc":{"\u041f\u0440\u0438\u043c\u0435\u0440\u043d\u043e\u0435 \u0432\u0440\u0435\u043c\u044f \u0434\u043b\u044f \u0447\u0442\u0435\u043d\u0438\u044f":"2 \u043c\u0438\u043d\u0443\u0442\u0430"},"schema":{"@context":"https:\/\/schema.org","@graph":[{"@type":["WebPage","ItemPage"],"@id":"https:\/\/gohike.lv\/ru\/produkts\/naturehike-aluminija-trisdaligi-trekinga-nujas-2-gab\/","url":"https:\/\/gohike.lv\/ru\/produkts\/naturehike-aluminija-trisdaligi-trekinga-nujas-2-gab\/","name":"Naturehike - Lingfeng Alum\u012bnija trekinga n\u016bjas (2 gab.)","isPartOf":{"@id":"https:\/\/gohike.lv\/ru\/#website"},"primaryImageOfPage":{"@id":"https:\/\/gohike.lv\/ru\/produkts\/naturehike-aluminija-trisdaligi-trekinga-nujas-2-gab\/#primaryimage"},"image":{"@id":"https:\/\/gohike.lv\/ru\/produkts\/naturehike-aluminija-trisdaligi-trekinga-nujas-2-gab\/#primaryimage"},"thumbnailUrl":"https:\/\/gohike.lv\/wp-content\/uploads\/2024\/04\/3secAluminiumPoles_-1.webp","datePublished":"2024-05-07T08:44:26+00:00","dateModified":"2025-12-30T14:24:43+00:00","description":"P\u0101rg\u0101jienu n\u016bjas sniedz atbalstu pastaigas laik\u0101 un padara staig\u0101\u0161anu pa nel\u012bdzenu reljefu dro\u0161\u0101ku.","breadcrumb":{"@id":"https:\/\/gohike.lv\/ru\/produkts\/naturehike-aluminija-trisdaligi-trekinga-nujas-2-gab\/#breadcrumb"},"inLanguage":"ru-RU","potentialAction":[{"@type":"ReadAction","target":["https:\/\/gohike.lv\/ru\/produkts\/naturehike-aluminija-trisdaligi-trekinga-nujas-2-gab\/"]}]},{"@type":"ImageObject","inLanguage":"ru-RU","@id":"https:\/\/gohike.lv\/ru\/produkts\/naturehike-aluminija-trisdaligi-trekinga-nujas-2-gab\/#primaryimage","url":"https:\/\/gohike.lv\/wp-content\/uploads\/2024\/04\/3secAluminiumPoles_-1.webp","contentUrl":"https:\/\/gohike.lv\/wp-content\/uploads\/2024\/04\/3secAluminiumPoles_-1.webp","width":720,"height":720},{"@type":"BreadcrumbList","@id":"https:\/\/gohike.lv\/ru\/produkts\/naturehike-aluminija-trisdaligi-trekinga-nujas-2-gab\/#breadcrumb","itemListElement":[{"@type":"ListItem","position":1,"name":"\u0413\u043b\u0430\u0432\u043d\u0430\u044f","item":"https:\/\/gohike.lv\/ru\/"},{"@type":"ListItem","position":2,"name":"\u041a\u0430\u0442\u0435\u0433\u043e\u0440\u0438\u0438 \u0442\u043e\u0432\u0430\u0440\u043e\u0432","item":"https:\/\/gohike.lv\/%d0%ba%d0%b0%d1%82%d0%b5%d0%b3%d0%be%d1%80%d0%b8%d0%b8-%d1%82%d0%be%d0%b2%d0%b0%d1%80%d0%be%d0%b2\/"},{"@type":"ListItem","position":3,"name":"Naturehike &#8211; Lingfeng Alum\u012bnija trekinga n\u016bjas (2 gb.)"}]},{"@type":"WebSite","@id":"https:\/\/gohike.lv\/ru\/#website","url":"https:\/\/gohike.lv\/ru\/","name":"GoHike","description":"","publisher":{"@id":"https:\/\/gohike.lv\/ru\/#organization"},"potentialAction":[{"@type":"SearchAction","target":{"@type":"EntryPoint","urlTemplate":"https:\/\/gohike.lv\/ru\/?s={search_term_string}"},"query-input":{"@type":"PropertyValueSpecification","valueRequired":true,"valueName":"search_term_string"}}],"inLanguage":"ru-RU"},{"@type":"Organization","@id":"https:\/\/gohike.lv\/ru\/#organization","name":"GoHike","url":"https:\/\/gohike.lv\/ru\/","logo":{"@type":"ImageObject","inLanguage":"ru-RU","@id":"https:\/\/gohike.lv\/ru\/#\/schema\/logo\/image\/","url":"https:\/\/gohike.lv\/wp-content\/uploads\/2023\/08\/Logo_GoHike.webp","contentUrl":"https:\/\/gohike.lv\/wp-content\/uploads\/2023\/08\/Logo_GoHike.webp","width":512,"height":512,"caption":"GoHike"},"image":{"@id":"https:\/\/gohike.lv\/ru\/#\/schema\/logo\/image\/"},"sameAs":["https:\/\/www.facebook.com\/gohike.shop\/","https:\/\/www.instagram.com\/gohike.shop\/"]}]}},"jetpack_sharing_enabled":true,"_links":{"self":[{"href":"https:\/\/gohike.lv\/ru\/wp-json\/wp\/v2\/product\/53199","targetHints":{"allow":["GET"]}}],"collection":[{"href":"https:\/\/gohike.lv\/ru\/wp-json\/wp\/v2\/product"}],"about":[{"href":"https:\/\/gohike.lv\/ru\/wp-json\/wp\/v2\/types\/product"}],"version-history":[{"count":1,"href":"https:\/\/gohike.lv\/ru\/wp-json\/wp\/v2\/product\/53199\/revisions"}],"predecessor-version":[{"id":118855,"href":"https:\/\/gohike.lv\/ru\/wp-json\/wp\/v2\/product\/53199\/revisions\/118855"}],"wp:featuredmedia":[{"embeddable":true,"href":"https:\/\/gohike.lv\/ru\/wp-json\/wp\/v2\/media\/34623"}],"wp:attachment":[{"href":"https:\/\/gohike.lv\/ru\/wp-json\/wp\/v2\/media?parent=53199"}],"wp:term":[{"taxonomy":"product_brand","embeddable":true,"href":"https:\/\/gohike.lv\/ru\/wp-json\/wp\/v2\/product_brand?post=53199"},{"taxonomy":"product_cat","embeddable":true,"href":"https:\/\/gohike.lv\/ru\/wp-json\/wp\/v2\/product_cat?post=53199"},{"taxonomy":"product_tag","embeddable":true,"href":"https:\/\/gohike.lv\/ru\/wp-json\/wp\/v2\/product_tag?post=53199"}],"curies":[{"name":"wp","href":"https:\/\/api.w.org\/{rel}","templated":true}]}}