{"id":53197,"date":"2024-05-07T11:44:26","date_gmt":"2024-05-07T08:44:26","guid":{"rendered":"https:\/\/gohike.lv\/produkts\/naturehike-3-node-oglekla-skiedras-teleskopiskais-pargajiena-nuja\/"},"modified":"2026-01-02T20:09:31","modified_gmt":"2026-01-02T17:09:31","slug":"naturehike-3-node-oglekla-skiedras-teleskopiskais-pargajiena-nuja","status":"publish","type":"product","link":"https:\/\/gohike.lv\/ru\/produkts\/naturehike-3-node-oglekla-skiedras-teleskopiskais-pargajiena-nuja\/","title":{"rendered":"Naturehike &#8212; Ultralight saliekama karbona trekinga n\u016bja (1 gb.)"},"content":{"rendered":"<p>Katra n\u016bja sast\u0101v no trim sekcij\u0101m, t\u0101s garumu var regul\u0113t pa posmiem no 62 cm l\u012bdz 135 cm un nostiprin\u0101t ar skav\u0101m.<br \/>\nPateicoties salok\u0101majam dizainam, n\u016bjas ir piem\u0113rotas gan pieaugu\u0161ajiem, gan b\u0113rniem.<br \/>\nN\u016bjas var izmantot, p\u0101rvietojoties pa jebkuru reljefu.<br \/>\nTo uzga\u013ci ir izgatavoti no iztur\u012bga volframa karb\u012bda, kas ir iztur\u012bgs pret nodilumu.<br \/>\nGalven\u0101s da\u013cas materi\u0101ls ir oglek\u013ca \u0161\u0137iedra.<br \/>\nIztur\u012bba pret koroziju un vieglums, Katras n\u016bjas svars nep\u0101rsniedz 200 gramus.<br \/>\nKor\u0137is ir galvenais roktura materi\u0101ls. Tam ir cirtaina forma, t\u0101p\u0113c tas nesl\u012bd \u0101r\u0101 no plaukstas.<br \/>\nOtr\u0101 roktura da\u013ca ir izgatavota no EVA put\u0101m.<br \/>\nCilpas uz rokturiem aptin ap plaukstu loc\u012btav\u0101m, lai ne\u013cautu lietot\u0101jam nejau\u0161i nomest n\u016bju kust\u012bbas laik\u0101.<br \/>\nNaturehike komplekt\u0101 ietilpst 2 p\u0101rg\u0101jienu n\u016bjas un 4 da\u017e\u0101da veida stiprin\u0101jumu p\u0101ri: p\u0101rvieto\u0161anai pa akme\u0146ain\u0101m vai nestabil\u0101m virsm\u0101m, pa z\u0101li vai sniegu.<br \/>\nKomponenti ir ievietoti som\u0101, kas ar\u012b ir iek\u013cauta komplekt\u0101. V\u0101ks aizveras ar r\u0101v\u0113jsl\u0113dz\u0113ju un aizb\u012bdni.<br \/>\nRaksturlielumi:<br \/>\nTrekinga n\u016bjas p\u0101rg\u0101jienam;<br \/>\nKr\u0101sa &#8212; melna\/sarkana;<br \/>\nMateri\u0101ls \u2013 oglek\u013ca \u0161\u0137iedra;<br \/>\nRoktura materi\u0101ls \u2013 kor\u0137is + EVA;<br \/>\nMateri\u0101la veids \u2013 volframa karb\u012bds;<br \/>\nIr rokas siksnas;<br \/>\nViena n\u016bja sver 200 g.<\/p>\n","protected":false},"excerpt":{"rendered":"<p>Ide\u0101li piem\u0113rotas garam p\u0101rg\u0101jienam.<\/p>\n","protected":false},"featured_media":34601,"template":"","meta":[],"product_brand":[167],"product_cat":[4393],"product_tag":[],"class_list":{"0":"post-53197","1":"product","2":"type-product","3":"status-publish","4":"has-post-thumbnail","6":"product_brand-naturehike-lv","7":"product_cat-trekinga-nujas","8":"pa_izmeriscm-62-135","9":"pa_materiali-karbona-skiedra","10":"pa_produkta-tips-trekinga-nujas","11":"pa_saliktas-preces-izmerscm-7628","12":"pa_spalva-sarkans","14":"first","15":"outofstock","16":"taxable","17":"shipping-taxable","18":"purchasable","19":"product-type-simple"},"raw_content":{"name":"Naturehike - Ultralight saliekama karbona trekinga n\u016bja (1 gb.)","description":"Katra n\u016bja sast\u0101v no trim sekcij\u0101m, t\u0101s garumu var regul\u0113t pa posmiem no 62 cm l\u012bdz 135 cm un nostiprin\u0101t ar skav\u0101m.\nPateicoties salok\u0101majam dizainam, n\u016bjas ir piem\u0113rotas gan pieaugu\u0161ajiem, gan b\u0113rniem.\nN\u016bjas var izmantot, p\u0101rvietojoties pa jebkuru reljefu.\nTo uzga\u013ci ir izgatavoti no iztur\u012bga volframa karb\u012bda, kas ir iztur\u012bgs pret nodilumu.\nGalven\u0101s da\u013cas materi\u0101ls ir oglek\u013ca \u0161\u0137iedra.\nIztur\u012bba pret koroziju un vieglums, Katras n\u016bjas svars nep\u0101rsniedz 200 gramus.\nKor\u0137is ir galvenais roktura materi\u0101ls. Tam ir cirtaina forma, t\u0101p\u0113c tas nesl\u012bd \u0101r\u0101 no plaukstas.\nOtr\u0101 roktura da\u013ca ir izgatavota no EVA put\u0101m.\nCilpas uz rokturiem aptin ap plaukstu loc\u012btav\u0101m, lai ne\u013cautu lietot\u0101jam nejau\u0161i nomest n\u016bju kust\u012bbas laik\u0101.\nNaturehike komplekt\u0101 ietilpst 2 p\u0101rg\u0101jienu n\u016bjas un 4 da\u017e\u0101da veida stiprin\u0101jumu p\u0101ri: p\u0101rvieto\u0161anai pa akme\u0146ain\u0101m vai nestabil\u0101m virsm\u0101m, pa z\u0101li vai sniegu.\nKomponenti ir ievietoti som\u0101, kas ar\u012b ir iek\u013cauta komplekt\u0101. V\u0101ks aizveras ar r\u0101v\u0113jsl\u0113dz\u0113ju un aizb\u012bdni.\nRaksturlielumi:\nTrekinga n\u016bjas p\u0101rg\u0101jienam;\nKr\u0101sa - melna\/sarkana;\nMateri\u0101ls \u2013 oglek\u013ca \u0161\u0137iedra;\nRoktura materi\u0101ls \u2013 kor\u0137is + EVA;\nMateri\u0101la veids \u2013 volframa karb\u012bds;\nIr rokas siksnas;\nViena n\u016bja sver 200 g.","short_description":"Ide\u0101li piem\u0113rotas garam p\u0101rg\u0101jienam.","status":"publish","sku":"6976023924699","original":53197},"wpml":{"translation_type":1,"has_translations":true,"original":53197,"duplicates":[],"translations":{"lv":53197,"en":67490,"ru":null}},"supplier_id":null,"supplier_sku":"","barcode":null,"atum_controlled":true,"out_stock_date":"2025-10-02 13:53:04","out_stock_threshold":null,"inheritable":false,"inbound_stock":0,"stock_on_hold":0,"sold_today":0,"sales_last_days":0,"reserved_stock":0,"customer_returns":0,"warehouse_damage":0,"lost_in_post":0,"other_logs":0,"out_stock_days":42,"lost_sales":0,"has_location":false,"update_date":"2026-01-02T17:09:34","atum_locations":[],"atum_stock_status":"outofstock","restock_status":false,"low_stock_amount":"","sales_update_date":"2025-11-13T14:08:56","calc_backorders":null,"yoast_head":"<!-- This site is optimized with the Yoast SEO plugin v27.3 - https:\/\/yoast.com\/product\/yoast-seo-wordpress\/ -->\n<title>Naturehike - Ultralight saliekama karbona trekinga n\u016bja<\/title>\n<meta name=\"description\" content=\"Ide\u0101li piem\u0113rotas garam p\u0101rg\u0101jienam.\" \/>\n<meta name=\"robots\" content=\"index, follow, max-snippet:-1, max-image-preview:large, max-video-preview:-1\" \/>\n<link rel=\"canonical\" href=\"https:\/\/gohike.lv\/ru\/produkts\/naturehike-3-node-oglekla-skiedras-teleskopiskais-pargajiena-nuja\/\" \/>\n<meta property=\"og:locale\" content=\"ru_RU\" \/>\n<meta property=\"og:type\" content=\"article\" \/>\n<meta property=\"og:title\" content=\"Naturehike - Karbona saliekamie trekinga n\u016bjas\" \/>\n<meta property=\"og:description\" content=\"Ide\u0101li piem\u0113rotas garam p\u0101rg\u0101jienam.\" \/>\n<meta property=\"og:url\" content=\"https:\/\/gohike.lv\/ru\/produkts\/naturehike-3-node-oglekla-skiedras-teleskopiskais-pargajiena-nuja\/\" \/>\n<meta property=\"og:site_name\" content=\"GoHike\" \/>\n<meta property=\"article:publisher\" content=\"https:\/\/www.facebook.com\/gohike.shop\/\" \/>\n<meta property=\"article:modified_time\" content=\"2026-01-02T17:09:31+00:00\" \/>\n<meta property=\"og:image\" content=\"https:\/\/gohike.lv\/wp-content\/uploads\/2024\/04\/3nodeCarbonPole_-1.webp\" \/>\n\t<meta property=\"og:image:width\" content=\"800\" \/>\n\t<meta property=\"og:image:height\" content=\"800\" \/>\n\t<meta property=\"og:image:type\" content=\"image\/webp\" \/>\n<meta name=\"twitter:card\" content=\"summary_large_image\" \/>\n<meta name=\"twitter:title\" content=\"Naturehike - Karbona saliekamie trekinga n\u016bjas\" \/>\n<meta name=\"twitter:label1\" content=\"\u041f\u0440\u0438\u043c\u0435\u0440\u043d\u043e\u0435 \u0432\u0440\u0435\u043c\u044f \u0434\u043b\u044f \u0447\u0442\u0435\u043d\u0438\u044f\" \/>\n\t<meta name=\"twitter:data1\" content=\"2 \u043c\u0438\u043d\u0443\u0442\u0430\" \/>\n<script type=\"application\/ld+json\" class=\"yoast-schema-graph\">{\"@context\":\"https:\\\/\\\/schema.org\",\"@graph\":[{\"@type\":[\"WebPage\",\"ItemPage\"],\"@id\":\"https:\\\/\\\/gohike.lv\\\/ru\\\/produkts\\\/naturehike-3-node-oglekla-skiedras-teleskopiskais-pargajiena-nuja\\\/\",\"url\":\"https:\\\/\\\/gohike.lv\\\/ru\\\/produkts\\\/naturehike-3-node-oglekla-skiedras-teleskopiskais-pargajiena-nuja\\\/\",\"name\":\"Naturehike - Ultralight saliekama karbona trekinga n\u016bja\",\"isPartOf\":{\"@id\":\"https:\\\/\\\/gohike.lv\\\/ru\\\/#website\"},\"primaryImageOfPage\":{\"@id\":\"https:\\\/\\\/gohike.lv\\\/ru\\\/produkts\\\/naturehike-3-node-oglekla-skiedras-teleskopiskais-pargajiena-nuja\\\/#primaryimage\"},\"image\":{\"@id\":\"https:\\\/\\\/gohike.lv\\\/ru\\\/produkts\\\/naturehike-3-node-oglekla-skiedras-teleskopiskais-pargajiena-nuja\\\/#primaryimage\"},\"thumbnailUrl\":\"https:\\\/\\\/gohike.lv\\\/wp-content\\\/uploads\\\/2024\\\/04\\\/3nodeCarbonPole_-1.webp\",\"datePublished\":\"2024-05-07T08:44:26+00:00\",\"dateModified\":\"2026-01-02T17:09:31+00:00\",\"description\":\"Ide\u0101li piem\u0113rotas garam p\u0101rg\u0101jienam.\",\"breadcrumb\":{\"@id\":\"https:\\\/\\\/gohike.lv\\\/ru\\\/produkts\\\/naturehike-3-node-oglekla-skiedras-teleskopiskais-pargajiena-nuja\\\/#breadcrumb\"},\"inLanguage\":\"ru-RU\",\"potentialAction\":[{\"@type\":\"ReadAction\",\"target\":[\"https:\\\/\\\/gohike.lv\\\/ru\\\/produkts\\\/naturehike-3-node-oglekla-skiedras-teleskopiskais-pargajiena-nuja\\\/\"]}]},{\"@type\":\"ImageObject\",\"inLanguage\":\"ru-RU\",\"@id\":\"https:\\\/\\\/gohike.lv\\\/ru\\\/produkts\\\/naturehike-3-node-oglekla-skiedras-teleskopiskais-pargajiena-nuja\\\/#primaryimage\",\"url\":\"https:\\\/\\\/gohike.lv\\\/wp-content\\\/uploads\\\/2024\\\/04\\\/3nodeCarbonPole_-1.webp\",\"contentUrl\":\"https:\\\/\\\/gohike.lv\\\/wp-content\\\/uploads\\\/2024\\\/04\\\/3nodeCarbonPole_-1.webp\",\"width\":800,\"height\":800},{\"@type\":\"BreadcrumbList\",\"@id\":\"https:\\\/\\\/gohike.lv\\\/ru\\\/produkts\\\/naturehike-3-node-oglekla-skiedras-teleskopiskais-pargajiena-nuja\\\/#breadcrumb\",\"itemListElement\":[{\"@type\":\"ListItem\",\"position\":1,\"name\":\"\u0413\u043b\u0430\u0432\u043d\u0430\u044f\",\"item\":\"https:\\\/\\\/gohike.lv\\\/ru\\\/\"},{\"@type\":\"ListItem\",\"position\":2,\"name\":\"\u041a\u0430\u0442\u0435\u0433\u043e\u0440\u0438\u0438 \u0442\u043e\u0432\u0430\u0440\u043e\u0432\",\"item\":\"https:\\\/\\\/gohike.lv\\\/%d0%ba%d0%b0%d1%82%d0%b5%d0%b3%d0%be%d1%80%d0%b8%d0%b8-%d1%82%d0%be%d0%b2%d0%b0%d1%80%d0%be%d0%b2\\\/\"},{\"@type\":\"ListItem\",\"position\":3,\"name\":\"Naturehike &#8211; Ultralight saliekama karbona trekinga n\u016bja (1 gb.)\"}]},{\"@type\":\"WebSite\",\"@id\":\"https:\\\/\\\/gohike.lv\\\/ru\\\/#website\",\"url\":\"https:\\\/\\\/gohike.lv\\\/ru\\\/\",\"name\":\"GoHike\",\"description\":\"\",\"publisher\":{\"@id\":\"https:\\\/\\\/gohike.lv\\\/ru\\\/#organization\"},\"potentialAction\":[{\"@type\":\"SearchAction\",\"target\":{\"@type\":\"EntryPoint\",\"urlTemplate\":\"https:\\\/\\\/gohike.lv\\\/ru\\\/?s={search_term_string}\"},\"query-input\":{\"@type\":\"PropertyValueSpecification\",\"valueRequired\":true,\"valueName\":\"search_term_string\"}}],\"inLanguage\":\"ru-RU\"},{\"@type\":\"Organization\",\"@id\":\"https:\\\/\\\/gohike.lv\\\/ru\\\/#organization\",\"name\":\"GoHike\",\"url\":\"https:\\\/\\\/gohike.lv\\\/ru\\\/\",\"logo\":{\"@type\":\"ImageObject\",\"inLanguage\":\"ru-RU\",\"@id\":\"https:\\\/\\\/gohike.lv\\\/ru\\\/#\\\/schema\\\/logo\\\/image\\\/\",\"url\":\"https:\\\/\\\/gohike.lv\\\/wp-content\\\/uploads\\\/2023\\\/08\\\/Logo_GoHike.webp\",\"contentUrl\":\"https:\\\/\\\/gohike.lv\\\/wp-content\\\/uploads\\\/2023\\\/08\\\/Logo_GoHike.webp\",\"width\":512,\"height\":512,\"caption\":\"GoHike\"},\"image\":{\"@id\":\"https:\\\/\\\/gohike.lv\\\/ru\\\/#\\\/schema\\\/logo\\\/image\\\/\"},\"sameAs\":[\"https:\\\/\\\/www.facebook.com\\\/gohike.shop\\\/\",\"https:\\\/\\\/www.instagram.com\\\/gohike.shop\\\/\"]}]}<\/script>\n<!-- \/ Yoast SEO plugin. -->","yoast_head_json":{"title":"Naturehike - Ultralight saliekama karbona trekinga n\u016bja","description":"Ide\u0101li piem\u0113rotas garam p\u0101rg\u0101jienam.","robots":{"index":"index","follow":"follow","max-snippet":"max-snippet:-1","max-image-preview":"max-image-preview:large","max-video-preview":"max-video-preview:-1"},"canonical":"https:\/\/gohike.lv\/ru\/produkts\/naturehike-3-node-oglekla-skiedras-teleskopiskais-pargajiena-nuja\/","og_locale":"ru_RU","og_type":"article","og_title":"Naturehike - Karbona saliekamie trekinga n\u016bjas","og_description":"Ide\u0101li piem\u0113rotas garam p\u0101rg\u0101jienam.","og_url":"https:\/\/gohike.lv\/ru\/produkts\/naturehike-3-node-oglekla-skiedras-teleskopiskais-pargajiena-nuja\/","og_site_name":"GoHike","article_publisher":"https:\/\/www.facebook.com\/gohike.shop\/","article_modified_time":"2026-01-02T17:09:31+00:00","og_image":[{"width":800,"height":800,"url":"https:\/\/gohike.lv\/wp-content\/uploads\/2024\/04\/3nodeCarbonPole_-1.webp","type":"image\/webp"}],"twitter_card":"summary_large_image","twitter_title":"Naturehike - Karbona saliekamie trekinga n\u016bjas","twitter_misc":{"\u041f\u0440\u0438\u043c\u0435\u0440\u043d\u043e\u0435 \u0432\u0440\u0435\u043c\u044f \u0434\u043b\u044f \u0447\u0442\u0435\u043d\u0438\u044f":"2 \u043c\u0438\u043d\u0443\u0442\u0430"},"schema":{"@context":"https:\/\/schema.org","@graph":[{"@type":["WebPage","ItemPage"],"@id":"https:\/\/gohike.lv\/ru\/produkts\/naturehike-3-node-oglekla-skiedras-teleskopiskais-pargajiena-nuja\/","url":"https:\/\/gohike.lv\/ru\/produkts\/naturehike-3-node-oglekla-skiedras-teleskopiskais-pargajiena-nuja\/","name":"Naturehike - Ultralight saliekama karbona trekinga n\u016bja","isPartOf":{"@id":"https:\/\/gohike.lv\/ru\/#website"},"primaryImageOfPage":{"@id":"https:\/\/gohike.lv\/ru\/produkts\/naturehike-3-node-oglekla-skiedras-teleskopiskais-pargajiena-nuja\/#primaryimage"},"image":{"@id":"https:\/\/gohike.lv\/ru\/produkts\/naturehike-3-node-oglekla-skiedras-teleskopiskais-pargajiena-nuja\/#primaryimage"},"thumbnailUrl":"https:\/\/gohike.lv\/wp-content\/uploads\/2024\/04\/3nodeCarbonPole_-1.webp","datePublished":"2024-05-07T08:44:26+00:00","dateModified":"2026-01-02T17:09:31+00:00","description":"Ide\u0101li piem\u0113rotas garam p\u0101rg\u0101jienam.","breadcrumb":{"@id":"https:\/\/gohike.lv\/ru\/produkts\/naturehike-3-node-oglekla-skiedras-teleskopiskais-pargajiena-nuja\/#breadcrumb"},"inLanguage":"ru-RU","potentialAction":[{"@type":"ReadAction","target":["https:\/\/gohike.lv\/ru\/produkts\/naturehike-3-node-oglekla-skiedras-teleskopiskais-pargajiena-nuja\/"]}]},{"@type":"ImageObject","inLanguage":"ru-RU","@id":"https:\/\/gohike.lv\/ru\/produkts\/naturehike-3-node-oglekla-skiedras-teleskopiskais-pargajiena-nuja\/#primaryimage","url":"https:\/\/gohike.lv\/wp-content\/uploads\/2024\/04\/3nodeCarbonPole_-1.webp","contentUrl":"https:\/\/gohike.lv\/wp-content\/uploads\/2024\/04\/3nodeCarbonPole_-1.webp","width":800,"height":800},{"@type":"BreadcrumbList","@id":"https:\/\/gohike.lv\/ru\/produkts\/naturehike-3-node-oglekla-skiedras-teleskopiskais-pargajiena-nuja\/#breadcrumb","itemListElement":[{"@type":"ListItem","position":1,"name":"\u0413\u043b\u0430\u0432\u043d\u0430\u044f","item":"https:\/\/gohike.lv\/ru\/"},{"@type":"ListItem","position":2,"name":"\u041a\u0430\u0442\u0435\u0433\u043e\u0440\u0438\u0438 \u0442\u043e\u0432\u0430\u0440\u043e\u0432","item":"https:\/\/gohike.lv\/%d0%ba%d0%b0%d1%82%d0%b5%d0%b3%d0%be%d1%80%d0%b8%d0%b8-%d1%82%d0%be%d0%b2%d0%b0%d1%80%d0%be%d0%b2\/"},{"@type":"ListItem","position":3,"name":"Naturehike &#8211; Ultralight saliekama karbona trekinga n\u016bja (1 gb.)"}]},{"@type":"WebSite","@id":"https:\/\/gohike.lv\/ru\/#website","url":"https:\/\/gohike.lv\/ru\/","name":"GoHike","description":"","publisher":{"@id":"https:\/\/gohike.lv\/ru\/#organization"},"potentialAction":[{"@type":"SearchAction","target":{"@type":"EntryPoint","urlTemplate":"https:\/\/gohike.lv\/ru\/?s={search_term_string}"},"query-input":{"@type":"PropertyValueSpecification","valueRequired":true,"valueName":"search_term_string"}}],"inLanguage":"ru-RU"},{"@type":"Organization","@id":"https:\/\/gohike.lv\/ru\/#organization","name":"GoHike","url":"https:\/\/gohike.lv\/ru\/","logo":{"@type":"ImageObject","inLanguage":"ru-RU","@id":"https:\/\/gohike.lv\/ru\/#\/schema\/logo\/image\/","url":"https:\/\/gohike.lv\/wp-content\/uploads\/2023\/08\/Logo_GoHike.webp","contentUrl":"https:\/\/gohike.lv\/wp-content\/uploads\/2023\/08\/Logo_GoHike.webp","width":512,"height":512,"caption":"GoHike"},"image":{"@id":"https:\/\/gohike.lv\/ru\/#\/schema\/logo\/image\/"},"sameAs":["https:\/\/www.facebook.com\/gohike.shop\/","https:\/\/www.instagram.com\/gohike.shop\/"]}]}},"jetpack_sharing_enabled":true,"_links":{"self":[{"href":"https:\/\/gohike.lv\/ru\/wp-json\/wp\/v2\/product\/53197","targetHints":{"allow":["GET"]}}],"collection":[{"href":"https:\/\/gohike.lv\/ru\/wp-json\/wp\/v2\/product"}],"about":[{"href":"https:\/\/gohike.lv\/ru\/wp-json\/wp\/v2\/types\/product"}],"version-history":[{"count":1,"href":"https:\/\/gohike.lv\/ru\/wp-json\/wp\/v2\/product\/53197\/revisions"}],"predecessor-version":[{"id":118870,"href":"https:\/\/gohike.lv\/ru\/wp-json\/wp\/v2\/product\/53197\/revisions\/118870"}],"wp:featuredmedia":[{"embeddable":true,"href":"https:\/\/gohike.lv\/ru\/wp-json\/wp\/v2\/media\/34601"}],"wp:attachment":[{"href":"https:\/\/gohike.lv\/ru\/wp-json\/wp\/v2\/media?parent=53197"}],"wp:term":[{"taxonomy":"product_brand","embeddable":true,"href":"https:\/\/gohike.lv\/ru\/wp-json\/wp\/v2\/product_brand?post=53197"},{"taxonomy":"product_cat","embeddable":true,"href":"https:\/\/gohike.lv\/ru\/wp-json\/wp\/v2\/product_cat?post=53197"},{"taxonomy":"product_tag","embeddable":true,"href":"https:\/\/gohike.lv\/ru\/wp-json\/wp\/v2\/product_tag?post=53197"}],"curies":[{"name":"wp","href":"https:\/\/api.w.org\/{rel}","templated":true}]}}