{"id":53189,"date":"2024-05-07T11:44:12","date_gmt":"2024-05-07T08:44:12","guid":{"rendered":"https:\/\/gohike.lv\/produkts\/naturehike-kempinga-ledusskapis-rotomolding\/"},"modified":"2025-12-30T17:10:01","modified_gmt":"2025-12-30T14:10:01","slug":"naturehike-kempinga-ledusskapis-rotomolding","status":"publish","type":"product","link":"https:\/\/gohike.lv\/ru\/produkts\/naturehike-kempinga-ledusskapis-rotomolding\/","title":{"rendered":"Naturehike &#8212; Kempinga ledusskapis &#8212; Rotomolding"},"content":{"rendered":"<p>Lielas ietilp\u012bbas ledusskapis piem\u0113rots kempingam br\u012bv\u0101 dab\u0101.<br \/>\nLedusskapis sp\u0113j notur\u0113t temperat\u016bru l\u012bdz pat 80 stund\u0101m.<br \/>\nIzmantojot ledus pakas vai ledus gabali\u0146us &#8212; l\u012bdz 120 stund\u0101m.<br \/>\nIlgu aukstuma notur\u012bbu nodro\u0161ina poliuret\u0101na putu izol\u0101cijas sl\u0101nis.<br \/>\nRa\u017eots no videi draudz\u012bgiem materi\u0101liem.<br \/>\nV\u0101ks ir univers\u0101ls un to var izmantot k\u0101 galda virsmu.<br \/>\nModelis: NH20SJ024;<br \/>\nKomplekt\u0101:<br \/>\nMet\u0101la izvelkamais separators;<br \/>\nNer\u016bs\u0113jo\u0161\u0101 t\u0113rauda pude\u013cu attais\u0101mais;<br \/>\nPolipropil\u0113na \u016bdens v\u0101ci\u0146\u0161.<br \/>\nKr\u0101sa: pel\u0113ka, haki;<br \/>\nTilpums: 25l;<br \/>\n\u0100r\u0113jie izm\u0113ri: 63,5 x 35 x 33,5 cm;<br \/>\nIek\u0161\u0113jie izm\u0113ri: 46,5 x 23,5 x 23,5 cm.<\/p>\n","protected":false},"excerpt":{"rendered":"<p><span style=\"font-family: Poppins, Arial, Helvetica, sans-serif; font-size: 14px;\">Lielas ietilp\u012bbas kempinga aukstumkaste, kas sp\u0113j uztur\u0113t temperat\u016bru l\u012bdz pat 80 stund\u0101m.<\/span><\/p>\n","protected":false},"featured_media":34172,"template":"","meta":[],"product_brand":[167],"product_cat":[4345],"product_tag":[],"class_list":{"0":"post-53189","1":"product","2":"type-product","3":"status-publish","4":"has-post-thumbnail","6":"product_brand-naturehike-lv","7":"product_cat-aukstumkastes-un-somas","8":"pa_izmeriscm-10136","9":"pa_izmeriscm-10137","10":"pa_izmeriscm-6-iekseja-kaste-47-23","11":"pa_izmeriscm-7-23","12":"pa_izmeriscm-areja-kaste-63","13":"pa_materiali-lldpe-putas-304-nerusejosais-terauds-eva-rokturis-gumijas-spradze-udensnecaurlaidigs-pp","14":"pa_produkta-tips-aukstumkastes-un-somas","15":"pa_spalva-bess","17":"first","18":"instock","19":"taxable","20":"shipping-taxable","21":"purchasable","22":"product-type-simple"},"raw_content":{"name":"Naturehike - Kempinga ledusskapis - Rotomolding","description":"Lielas ietilp\u012bbas ledusskapis piem\u0113rots kempingam br\u012bv\u0101 dab\u0101.\nLedusskapis sp\u0113j notur\u0113t temperat\u016bru l\u012bdz pat 80 stund\u0101m.\nIzmantojot ledus pakas vai ledus gabali\u0146us - l\u012bdz 120 stund\u0101m.\nIlgu aukstuma notur\u012bbu nodro\u0161ina poliuret\u0101na putu izol\u0101cijas sl\u0101nis.\nRa\u017eots no videi draudz\u012bgiem materi\u0101liem.\nV\u0101ks ir univers\u0101ls un to var izmantot k\u0101 galda virsmu.\nModelis: NH20SJ024;\nKomplekt\u0101:\nMet\u0101la izvelkamais separators;\nNer\u016bs\u0113jo\u0161\u0101 t\u0113rauda pude\u013cu attais\u0101mais;\nPolipropil\u0113na \u016bdens v\u0101ci\u0146\u0161.\nKr\u0101sa: pel\u0113ka, haki;\nTilpums: 25l;\n\u0100r\u0113jie izm\u0113ri: 63,5 x 35 x 33,5 cm;\nIek\u0161\u0113jie izm\u0113ri: 46,5 x 23,5 x 23,5 cm.","short_description":"<span style=\"font-family: Poppins, Arial, Helvetica, sans-serif; font-size: 14px;\">Lielas ietilp\u012bbas kempinga aukstumkaste, kas sp\u0113j uztur\u0113t temperat\u016bru l\u012bdz pat 80 stund\u0101m.<\/span>","status":"publish","sku":"6927595784952","original":53189},"wpml":{"translation_type":1,"has_translations":true,"original":53189,"duplicates":[],"translations":{"lv":53189,"en":67489,"ru":null}},"supplier_id":null,"supplier_sku":"","barcode":null,"atum_controlled":true,"out_stock_date":null,"out_stock_threshold":null,"inheritable":false,"inbound_stock":null,"stock_on_hold":0,"sold_today":0,"sales_last_days":0,"reserved_stock":null,"customer_returns":null,"warehouse_damage":null,"lost_in_post":null,"other_logs":null,"out_stock_days":0,"lost_sales":0,"has_location":null,"update_date":"2025-12-30T14:13:29","atum_locations":[],"atum_stock_status":"instock","restock_status":false,"low_stock_amount":"","sales_update_date":"2025-11-13T14:09:04","calc_backorders":null,"yoast_head":"<!-- This site is optimized with the Yoast SEO plugin v27.3 - https:\/\/yoast.com\/product\/yoast-seo-wordpress\/ -->\n<title>Naturehike - Kempinga ledusskapis - Rotomolding<\/title>\n<meta name=\"description\" content=\"Lielas ietilp\u012bbas kempinga aukstumkaste, kas sp\u0113j uztur\u0113t temperat\u016bru l\u012bdz pat 80 stund\u0101m.\" \/>\n<meta name=\"robots\" content=\"index, follow, max-snippet:-1, max-image-preview:large, max-video-preview:-1\" \/>\n<link rel=\"canonical\" href=\"https:\/\/gohike.lv\/ru\/produkts\/naturehike-kempinga-ledusskapis-rotomolding\/\" \/>\n<meta property=\"og:locale\" content=\"ru_RU\" \/>\n<meta property=\"og:type\" content=\"article\" \/>\n<meta property=\"og:title\" content=\"Naturehike - Ce\u013cojumu ledusskapis\" \/>\n<meta property=\"og:description\" content=\"Lielas ietilp\u012bbas kempinga aukstumkaste, kas sp\u0113j uztur\u0113t temperat\u016bru l\u012bdz pat 80 stund\u0101m.\" \/>\n<meta property=\"og:url\" content=\"https:\/\/gohike.lv\/ru\/produkts\/naturehike-kempinga-ledusskapis-rotomolding\/\" \/>\n<meta property=\"og:site_name\" content=\"GoHike\" \/>\n<meta property=\"article:publisher\" content=\"https:\/\/www.facebook.com\/gohike.shop\/\" \/>\n<meta property=\"article:modified_time\" content=\"2025-12-30T14:10:01+00:00\" \/>\n<meta property=\"og:image\" content=\"https:\/\/gohike.lv\/wp-content\/uploads\/2024\/04\/25LcoolerBox_-1.webp\" \/>\n\t<meta property=\"og:image:width\" content=\"1200\" \/>\n\t<meta property=\"og:image:height\" content=\"1200\" \/>\n\t<meta property=\"og:image:type\" content=\"image\/webp\" \/>\n<meta name=\"twitter:card\" content=\"summary_large_image\" \/>\n<meta name=\"twitter:title\" content=\"Naturehike - Ce\u013cojumu ledusskapis\" \/>\n<meta name=\"twitter:label1\" content=\"\u041f\u0440\u0438\u043c\u0435\u0440\u043d\u043e\u0435 \u0432\u0440\u0435\u043c\u044f \u0434\u043b\u044f \u0447\u0442\u0435\u043d\u0438\u044f\" \/>\n\t<meta name=\"twitter:data1\" content=\"1 \u043c\u0438\u043d\u0443\u0442\u0430\" \/>\n<script type=\"application\/ld+json\" class=\"yoast-schema-graph\">{\"@context\":\"https:\\\/\\\/schema.org\",\"@graph\":[{\"@type\":[\"WebPage\",\"ItemPage\"],\"@id\":\"https:\\\/\\\/gohike.lv\\\/ru\\\/produkts\\\/naturehike-kempinga-ledusskapis-rotomolding\\\/\",\"url\":\"https:\\\/\\\/gohike.lv\\\/ru\\\/produkts\\\/naturehike-kempinga-ledusskapis-rotomolding\\\/\",\"name\":\"Naturehike - Kempinga ledusskapis - Rotomolding\",\"isPartOf\":{\"@id\":\"https:\\\/\\\/gohike.lv\\\/ru\\\/#website\"},\"primaryImageOfPage\":{\"@id\":\"https:\\\/\\\/gohike.lv\\\/ru\\\/produkts\\\/naturehike-kempinga-ledusskapis-rotomolding\\\/#primaryimage\"},\"image\":{\"@id\":\"https:\\\/\\\/gohike.lv\\\/ru\\\/produkts\\\/naturehike-kempinga-ledusskapis-rotomolding\\\/#primaryimage\"},\"thumbnailUrl\":\"https:\\\/\\\/gohike.lv\\\/wp-content\\\/uploads\\\/2024\\\/04\\\/25LcoolerBox_-1.webp\",\"datePublished\":\"2024-05-07T08:44:12+00:00\",\"dateModified\":\"2025-12-30T14:10:01+00:00\",\"description\":\"Lielas ietilp\u012bbas kempinga aukstumkaste, kas sp\u0113j uztur\u0113t temperat\u016bru l\u012bdz pat 80 stund\u0101m.\",\"breadcrumb\":{\"@id\":\"https:\\\/\\\/gohike.lv\\\/ru\\\/produkts\\\/naturehike-kempinga-ledusskapis-rotomolding\\\/#breadcrumb\"},\"inLanguage\":\"ru-RU\",\"potentialAction\":[{\"@type\":\"ReadAction\",\"target\":[\"https:\\\/\\\/gohike.lv\\\/ru\\\/produkts\\\/naturehike-kempinga-ledusskapis-rotomolding\\\/\"]}]},{\"@type\":\"ImageObject\",\"inLanguage\":\"ru-RU\",\"@id\":\"https:\\\/\\\/gohike.lv\\\/ru\\\/produkts\\\/naturehike-kempinga-ledusskapis-rotomolding\\\/#primaryimage\",\"url\":\"https:\\\/\\\/gohike.lv\\\/wp-content\\\/uploads\\\/2024\\\/04\\\/25LcoolerBox_-1.webp\",\"contentUrl\":\"https:\\\/\\\/gohike.lv\\\/wp-content\\\/uploads\\\/2024\\\/04\\\/25LcoolerBox_-1.webp\",\"width\":1200,\"height\":1200},{\"@type\":\"BreadcrumbList\",\"@id\":\"https:\\\/\\\/gohike.lv\\\/ru\\\/produkts\\\/naturehike-kempinga-ledusskapis-rotomolding\\\/#breadcrumb\",\"itemListElement\":[{\"@type\":\"ListItem\",\"position\":1,\"name\":\"\u0413\u043b\u0430\u0432\u043d\u0430\u044f\",\"item\":\"https:\\\/\\\/gohike.lv\\\/ru\\\/\"},{\"@type\":\"ListItem\",\"position\":2,\"name\":\"\u041a\u0430\u0442\u0435\u0433\u043e\u0440\u0438\u0438 \u0442\u043e\u0432\u0430\u0440\u043e\u0432\",\"item\":\"https:\\\/\\\/gohike.lv\\\/%d0%ba%d0%b0%d1%82%d0%b5%d0%b3%d0%be%d1%80%d0%b8%d0%b8-%d1%82%d0%be%d0%b2%d0%b0%d1%80%d0%be%d0%b2\\\/\"},{\"@type\":\"ListItem\",\"position\":3,\"name\":\"Naturehike &#8211; Kempinga ledusskapis &#8211; Rotomolding\"}]},{\"@type\":\"WebSite\",\"@id\":\"https:\\\/\\\/gohike.lv\\\/ru\\\/#website\",\"url\":\"https:\\\/\\\/gohike.lv\\\/ru\\\/\",\"name\":\"GoHike\",\"description\":\"\",\"publisher\":{\"@id\":\"https:\\\/\\\/gohike.lv\\\/ru\\\/#organization\"},\"potentialAction\":[{\"@type\":\"SearchAction\",\"target\":{\"@type\":\"EntryPoint\",\"urlTemplate\":\"https:\\\/\\\/gohike.lv\\\/ru\\\/?s={search_term_string}\"},\"query-input\":{\"@type\":\"PropertyValueSpecification\",\"valueRequired\":true,\"valueName\":\"search_term_string\"}}],\"inLanguage\":\"ru-RU\"},{\"@type\":\"Organization\",\"@id\":\"https:\\\/\\\/gohike.lv\\\/ru\\\/#organization\",\"name\":\"GoHike\",\"url\":\"https:\\\/\\\/gohike.lv\\\/ru\\\/\",\"logo\":{\"@type\":\"ImageObject\",\"inLanguage\":\"ru-RU\",\"@id\":\"https:\\\/\\\/gohike.lv\\\/ru\\\/#\\\/schema\\\/logo\\\/image\\\/\",\"url\":\"https:\\\/\\\/gohike.lv\\\/wp-content\\\/uploads\\\/2023\\\/08\\\/Logo_GoHike.webp\",\"contentUrl\":\"https:\\\/\\\/gohike.lv\\\/wp-content\\\/uploads\\\/2023\\\/08\\\/Logo_GoHike.webp\",\"width\":512,\"height\":512,\"caption\":\"GoHike\"},\"image\":{\"@id\":\"https:\\\/\\\/gohike.lv\\\/ru\\\/#\\\/schema\\\/logo\\\/image\\\/\"},\"sameAs\":[\"https:\\\/\\\/www.facebook.com\\\/gohike.shop\\\/\",\"https:\\\/\\\/www.instagram.com\\\/gohike.shop\\\/\"]}]}<\/script>\n<!-- \/ Yoast SEO plugin. -->","yoast_head_json":{"title":"Naturehike - Kempinga ledusskapis - Rotomolding","description":"Lielas ietilp\u012bbas kempinga aukstumkaste, kas sp\u0113j uztur\u0113t temperat\u016bru l\u012bdz pat 80 stund\u0101m.","robots":{"index":"index","follow":"follow","max-snippet":"max-snippet:-1","max-image-preview":"max-image-preview:large","max-video-preview":"max-video-preview:-1"},"canonical":"https:\/\/gohike.lv\/ru\/produkts\/naturehike-kempinga-ledusskapis-rotomolding\/","og_locale":"ru_RU","og_type":"article","og_title":"Naturehike - Ce\u013cojumu ledusskapis","og_description":"Lielas ietilp\u012bbas kempinga aukstumkaste, kas sp\u0113j uztur\u0113t temperat\u016bru l\u012bdz pat 80 stund\u0101m.","og_url":"https:\/\/gohike.lv\/ru\/produkts\/naturehike-kempinga-ledusskapis-rotomolding\/","og_site_name":"GoHike","article_publisher":"https:\/\/www.facebook.com\/gohike.shop\/","article_modified_time":"2025-12-30T14:10:01+00:00","og_image":[{"width":1200,"height":1200,"url":"https:\/\/gohike.lv\/wp-content\/uploads\/2024\/04\/25LcoolerBox_-1.webp","type":"image\/webp"}],"twitter_card":"summary_large_image","twitter_title":"Naturehike - Ce\u013cojumu ledusskapis","twitter_misc":{"\u041f\u0440\u0438\u043c\u0435\u0440\u043d\u043e\u0435 \u0432\u0440\u0435\u043c\u044f \u0434\u043b\u044f \u0447\u0442\u0435\u043d\u0438\u044f":"1 \u043c\u0438\u043d\u0443\u0442\u0430"},"schema":{"@context":"https:\/\/schema.org","@graph":[{"@type":["WebPage","ItemPage"],"@id":"https:\/\/gohike.lv\/ru\/produkts\/naturehike-kempinga-ledusskapis-rotomolding\/","url":"https:\/\/gohike.lv\/ru\/produkts\/naturehike-kempinga-ledusskapis-rotomolding\/","name":"Naturehike - Kempinga ledusskapis - Rotomolding","isPartOf":{"@id":"https:\/\/gohike.lv\/ru\/#website"},"primaryImageOfPage":{"@id":"https:\/\/gohike.lv\/ru\/produkts\/naturehike-kempinga-ledusskapis-rotomolding\/#primaryimage"},"image":{"@id":"https:\/\/gohike.lv\/ru\/produkts\/naturehike-kempinga-ledusskapis-rotomolding\/#primaryimage"},"thumbnailUrl":"https:\/\/gohike.lv\/wp-content\/uploads\/2024\/04\/25LcoolerBox_-1.webp","datePublished":"2024-05-07T08:44:12+00:00","dateModified":"2025-12-30T14:10:01+00:00","description":"Lielas ietilp\u012bbas kempinga aukstumkaste, kas sp\u0113j uztur\u0113t temperat\u016bru l\u012bdz pat 80 stund\u0101m.","breadcrumb":{"@id":"https:\/\/gohike.lv\/ru\/produkts\/naturehike-kempinga-ledusskapis-rotomolding\/#breadcrumb"},"inLanguage":"ru-RU","potentialAction":[{"@type":"ReadAction","target":["https:\/\/gohike.lv\/ru\/produkts\/naturehike-kempinga-ledusskapis-rotomolding\/"]}]},{"@type":"ImageObject","inLanguage":"ru-RU","@id":"https:\/\/gohike.lv\/ru\/produkts\/naturehike-kempinga-ledusskapis-rotomolding\/#primaryimage","url":"https:\/\/gohike.lv\/wp-content\/uploads\/2024\/04\/25LcoolerBox_-1.webp","contentUrl":"https:\/\/gohike.lv\/wp-content\/uploads\/2024\/04\/25LcoolerBox_-1.webp","width":1200,"height":1200},{"@type":"BreadcrumbList","@id":"https:\/\/gohike.lv\/ru\/produkts\/naturehike-kempinga-ledusskapis-rotomolding\/#breadcrumb","itemListElement":[{"@type":"ListItem","position":1,"name":"\u0413\u043b\u0430\u0432\u043d\u0430\u044f","item":"https:\/\/gohike.lv\/ru\/"},{"@type":"ListItem","position":2,"name":"\u041a\u0430\u0442\u0435\u0433\u043e\u0440\u0438\u0438 \u0442\u043e\u0432\u0430\u0440\u043e\u0432","item":"https:\/\/gohike.lv\/%d0%ba%d0%b0%d1%82%d0%b5%d0%b3%d0%be%d1%80%d0%b8%d0%b8-%d1%82%d0%be%d0%b2%d0%b0%d1%80%d0%be%d0%b2\/"},{"@type":"ListItem","position":3,"name":"Naturehike &#8211; Kempinga ledusskapis &#8211; Rotomolding"}]},{"@type":"WebSite","@id":"https:\/\/gohike.lv\/ru\/#website","url":"https:\/\/gohike.lv\/ru\/","name":"GoHike","description":"","publisher":{"@id":"https:\/\/gohike.lv\/ru\/#organization"},"potentialAction":[{"@type":"SearchAction","target":{"@type":"EntryPoint","urlTemplate":"https:\/\/gohike.lv\/ru\/?s={search_term_string}"},"query-input":{"@type":"PropertyValueSpecification","valueRequired":true,"valueName":"search_term_string"}}],"inLanguage":"ru-RU"},{"@type":"Organization","@id":"https:\/\/gohike.lv\/ru\/#organization","name":"GoHike","url":"https:\/\/gohike.lv\/ru\/","logo":{"@type":"ImageObject","inLanguage":"ru-RU","@id":"https:\/\/gohike.lv\/ru\/#\/schema\/logo\/image\/","url":"https:\/\/gohike.lv\/wp-content\/uploads\/2023\/08\/Logo_GoHike.webp","contentUrl":"https:\/\/gohike.lv\/wp-content\/uploads\/2023\/08\/Logo_GoHike.webp","width":512,"height":512,"caption":"GoHike"},"image":{"@id":"https:\/\/gohike.lv\/ru\/#\/schema\/logo\/image\/"},"sameAs":["https:\/\/www.facebook.com\/gohike.shop\/","https:\/\/www.instagram.com\/gohike.shop\/"]}]}},"jetpack_sharing_enabled":true,"_links":{"self":[{"href":"https:\/\/gohike.lv\/ru\/wp-json\/wp\/v2\/product\/53189","targetHints":{"allow":["GET"]}}],"collection":[{"href":"https:\/\/gohike.lv\/ru\/wp-json\/wp\/v2\/product"}],"about":[{"href":"https:\/\/gohike.lv\/ru\/wp-json\/wp\/v2\/types\/product"}],"version-history":[{"count":1,"href":"https:\/\/gohike.lv\/ru\/wp-json\/wp\/v2\/product\/53189\/revisions"}],"predecessor-version":[{"id":118797,"href":"https:\/\/gohike.lv\/ru\/wp-json\/wp\/v2\/product\/53189\/revisions\/118797"}],"wp:featuredmedia":[{"embeddable":true,"href":"https:\/\/gohike.lv\/ru\/wp-json\/wp\/v2\/media\/34172"}],"wp:attachment":[{"href":"https:\/\/gohike.lv\/ru\/wp-json\/wp\/v2\/media?parent=53189"}],"wp:term":[{"taxonomy":"product_brand","embeddable":true,"href":"https:\/\/gohike.lv\/ru\/wp-json\/wp\/v2\/product_brand?post=53189"},{"taxonomy":"product_cat","embeddable":true,"href":"https:\/\/gohike.lv\/ru\/wp-json\/wp\/v2\/product_cat?post=53189"},{"taxonomy":"product_tag","embeddable":true,"href":"https:\/\/gohike.lv\/ru\/wp-json\/wp\/v2\/product_tag?post=53189"}],"curies":[{"name":"wp","href":"https:\/\/api.w.org\/{rel}","templated":true}]}}