{"id":53177,"date":"2024-05-07T11:43:52","date_gmt":"2024-05-07T08:43:52","guid":{"rendered":"https:\/\/gohike.lv\/produkts\/naturehike-atri-zustosi-bezsuvju-bokserbikses-silver-3gab\/"},"modified":"2025-12-30T17:10:01","modified_gmt":"2025-12-30T14:10:01","slug":"naturehike-atri-zustosi-bezsuvju-boksersorti-silver-3gab","status":"publish","type":"product","link":"https:\/\/gohike.lv\/ru\/produkts\/naturehike-atri-zustosi-bezsuvju-boksersorti-silver-3gab\/","title":{"rendered":"Naturehike &#8212; \u0100tri \u017e\u016bsto\u0161i bez\u0161uvju bokser\u0161orti Silver &#8212; 3gab"},"content":{"rendered":"<p>Praktiska un \u0113rta v\u012brie\u0161u apak\u0161ve\u013ca ar antibakteri\u0101l\u0101m un \u0101tri \u017e\u016bsto\u0161\u0101m \u012bpa\u0161\u012bb\u0101m.<br \/>\nApak\u0161bikses var izmantot gan akt\u012bvam sportam, gan ikdienai.<br \/>\nPateicoties materi\u0101la kvalit\u0101tei, audums lieto\u0161anas laik\u0101 nezaud\u0113 formu un nepl\u012bst.<br \/>\n\u0112rts apak\u0161ve\u013cas modelis neierobe\u017eos pat visakt\u012bv\u0101k\u0101s kust\u012bbas.<br \/>\nMod\u0101ls materi\u0101ls tiek uzskat\u012bts par videi draudz\u012bgu, jo tas ir izgatavots no 100% koksnes masas.<br \/>\nMod\u0101l\u0101s \u0161\u0137iedras ir \u013coti pl\u0101nas, vieglas un sp\u0113c\u012bgas.<br \/>\nMateri\u0101ls sp\u0113j absorb\u0113t \u0161\u0137idrumu pusotru reizi vair\u0101k nek\u0101 kokvilna.<br \/>\nRaksturlielumi:<br \/>\nMateri\u0101ls: 50% mod\u0101l\u0101 \u0161\u0137iedra, 45% poliesters, 5% spandekss.<\/p>\n","protected":false},"excerpt":{"rendered":"<p>\u0100tri \u017e\u016bsto\u0161i, antibakteri\u0101li bez\u0161uvju bokser\u0161orti.<\/p>\n","protected":false},"featured_media":34044,"template":"","meta":[],"product_brand":[167],"product_cat":[1419],"product_tag":[],"class_list":{"0":"post-53177","1":"product","2":"type-product","3":"status-publish","4":"has-post-thumbnail","6":"product_brand-naturehike-lv","7":"product_cat-apgerbs","8":"pa_materiali-audums-50-modals-45-poliestera-skiedra-5-poliuretana-skiedra","9":"pa_produkta-tips-apaksvela","10":"pa_saliktas-preces-izmerscm-10-619-65","11":"pa_spalva-armijas-zals","12":"pa_spalva-zals","13":"pa_spalva-zils","15":"first","16":"outofstock","17":"taxable","18":"shipping-taxable","19":"purchasable","20":"product-type-simple"},"raw_content":{"name":"Naturehike - \u0100tri \u017e\u016bsto\u0161i bez\u0161uvju bokser\u0161orti Silver - 3gab","description":"Praktiska un \u0113rta v\u012brie\u0161u apak\u0161ve\u013ca ar antibakteri\u0101l\u0101m un \u0101tri \u017e\u016bsto\u0161\u0101m \u012bpa\u0161\u012bb\u0101m.\nApak\u0161bikses var izmantot gan akt\u012bvam sportam, gan ikdienai.\nPateicoties materi\u0101la kvalit\u0101tei, audums lieto\u0161anas laik\u0101 nezaud\u0113 formu un nepl\u012bst.\n\u0112rts apak\u0161ve\u013cas modelis neierobe\u017eos pat visakt\u012bv\u0101k\u0101s kust\u012bbas.\nMod\u0101ls materi\u0101ls tiek uzskat\u012bts par videi draudz\u012bgu, jo tas ir izgatavots no 100% koksnes masas.\nMod\u0101l\u0101s \u0161\u0137iedras ir \u013coti pl\u0101nas, vieglas un sp\u0113c\u012bgas.\nMateri\u0101ls sp\u0113j absorb\u0113t \u0161\u0137idrumu pusotru reizi vair\u0101k nek\u0101 kokvilna.\nRaksturlielumi:\nMateri\u0101ls: 50% mod\u0101l\u0101 \u0161\u0137iedra, 45% poliesters, 5% spandekss.","short_description":"\u0100tri \u017e\u016bsto\u0161i, antibakteri\u0101li bez\u0161uvju bokser\u0161orti.","status":"publish","sku":"6927595782361","original":53177},"wpml":{"translation_type":1,"has_translations":true,"original":53177,"duplicates":[],"translations":{"lv":53177,"en":67928,"ru":null}},"supplier_id":null,"supplier_sku":"","barcode":null,"atum_controlled":true,"out_stock_date":"2025-05-17 15:49:16","out_stock_threshold":null,"inheritable":false,"inbound_stock":null,"stock_on_hold":0,"sold_today":0,"sales_last_days":0,"reserved_stock":null,"customer_returns":null,"warehouse_damage":null,"lost_in_post":null,"other_logs":null,"out_stock_days":179,"lost_sales":0,"has_location":null,"update_date":"2025-12-30T14:13:29","atum_locations":[],"atum_stock_status":"outofstock","restock_status":false,"low_stock_amount":"","sales_update_date":"2025-11-13T14:08:18","calc_backorders":null,"yoast_head":"<!-- This site is optimized with the Yoast SEO plugin v27.3 - https:\/\/yoast.com\/product\/yoast-seo-wordpress\/ -->\n<title>Naturehike - \u0100tri \u017e\u016bsto\u0161i bez\u0161uvju bokser\u0161orti Silver - 3gab<\/title>\n<meta name=\"description\" content=\"\u0100tri \u017e\u016bsto\u0161i, antibakteri\u0101li bez\u0161uvju bokser\u0161orti. Praktiska un \u0113rta v\u012brie\u0161u apak\u0161ve\u013ca ar antibakteri\u0101l\u0101m un \u0101tri \u017e\u016bsto\u0161\u0101m \u012bpa\u0161\u012bb\u0101m.\" \/>\n<meta name=\"robots\" content=\"index, follow, max-snippet:-1, max-image-preview:large, max-video-preview:-1\" \/>\n<link rel=\"canonical\" href=\"https:\/\/gohike.lv\/ru\/produkts\/naturehike-atri-zustosi-bezsuvju-boksersorti-silver-3gab\/\" \/>\n<meta property=\"og:locale\" content=\"ru_RU\" \/>\n<meta property=\"og:type\" content=\"article\" \/>\n<meta property=\"og:title\" content=\"Naturehike - Apak\u0161bikses\" \/>\n<meta property=\"og:description\" content=\"\u0100tri \u017e\u016bsto\u0161i, antibakteri\u0101li bez\u0161uvju bokser\u0161orti. Praktiska un \u0113rta v\u012brie\u0161u apak\u0161ve\u013ca ar antibakteri\u0101l\u0101m un \u0101tri \u017e\u016bsto\u0161\u0101m \u012bpa\u0161\u012bb\u0101m.\" \/>\n<meta property=\"og:url\" content=\"https:\/\/gohike.lv\/ru\/produkts\/naturehike-atri-zustosi-bezsuvju-boksersorti-silver-3gab\/\" \/>\n<meta property=\"og:site_name\" content=\"GoHike\" \/>\n<meta property=\"article:publisher\" content=\"https:\/\/www.facebook.com\/gohike.shop\/\" \/>\n<meta property=\"article:modified_time\" content=\"2025-12-30T14:10:01+00:00\" \/>\n<meta property=\"og:image\" content=\"https:\/\/gohike.lv\/wp-content\/uploads\/2024\/04\/QuickDryBriefs_-1.webp\" \/>\n\t<meta property=\"og:image:width\" content=\"756\" \/>\n\t<meta property=\"og:image:height\" content=\"639\" \/>\n\t<meta property=\"og:image:type\" content=\"image\/webp\" \/>\n<meta name=\"twitter:card\" content=\"summary_large_image\" \/>\n<meta name=\"twitter:title\" content=\"Naturehike - Apak\u0161bikses\" \/>\n<meta name=\"twitter:label1\" content=\"\u041f\u0440\u0438\u043c\u0435\u0440\u043d\u043e\u0435 \u0432\u0440\u0435\u043c\u044f \u0434\u043b\u044f \u0447\u0442\u0435\u043d\u0438\u044f\" \/>\n\t<meta name=\"twitter:data1\" content=\"1 \u043c\u0438\u043d\u0443\u0442\u0430\" \/>\n<script type=\"application\/ld+json\" class=\"yoast-schema-graph\">{\"@context\":\"https:\\\/\\\/schema.org\",\"@graph\":[{\"@type\":[\"WebPage\",\"ItemPage\"],\"@id\":\"https:\\\/\\\/gohike.lv\\\/ru\\\/produkts\\\/naturehike-atri-zustosi-bezsuvju-boksersorti-silver-3gab\\\/\",\"url\":\"https:\\\/\\\/gohike.lv\\\/ru\\\/produkts\\\/naturehike-atri-zustosi-bezsuvju-boksersorti-silver-3gab\\\/\",\"name\":\"Naturehike - \u0100tri \u017e\u016bsto\u0161i bez\u0161uvju bokser\u0161orti Silver - 3gab\",\"isPartOf\":{\"@id\":\"https:\\\/\\\/gohike.lv\\\/ru\\\/#website\"},\"primaryImageOfPage\":{\"@id\":\"https:\\\/\\\/gohike.lv\\\/ru\\\/produkts\\\/naturehike-atri-zustosi-bezsuvju-boksersorti-silver-3gab\\\/#primaryimage\"},\"image\":{\"@id\":\"https:\\\/\\\/gohike.lv\\\/ru\\\/produkts\\\/naturehike-atri-zustosi-bezsuvju-boksersorti-silver-3gab\\\/#primaryimage\"},\"thumbnailUrl\":\"https:\\\/\\\/gohike.lv\\\/wp-content\\\/uploads\\\/2024\\\/04\\\/QuickDryBriefs_-1.webp\",\"datePublished\":\"2024-05-07T08:43:52+00:00\",\"dateModified\":\"2025-12-30T14:10:01+00:00\",\"description\":\"\u0100tri \u017e\u016bsto\u0161i, antibakteri\u0101li bez\u0161uvju bokser\u0161orti. Praktiska un \u0113rta v\u012brie\u0161u apak\u0161ve\u013ca ar antibakteri\u0101l\u0101m un \u0101tri \u017e\u016bsto\u0161\u0101m \u012bpa\u0161\u012bb\u0101m.\",\"breadcrumb\":{\"@id\":\"https:\\\/\\\/gohike.lv\\\/ru\\\/produkts\\\/naturehike-atri-zustosi-bezsuvju-boksersorti-silver-3gab\\\/#breadcrumb\"},\"inLanguage\":\"ru-RU\",\"potentialAction\":[{\"@type\":\"ReadAction\",\"target\":[\"https:\\\/\\\/gohike.lv\\\/ru\\\/produkts\\\/naturehike-atri-zustosi-bezsuvju-boksersorti-silver-3gab\\\/\"]}]},{\"@type\":\"ImageObject\",\"inLanguage\":\"ru-RU\",\"@id\":\"https:\\\/\\\/gohike.lv\\\/ru\\\/produkts\\\/naturehike-atri-zustosi-bezsuvju-boksersorti-silver-3gab\\\/#primaryimage\",\"url\":\"https:\\\/\\\/gohike.lv\\\/wp-content\\\/uploads\\\/2024\\\/04\\\/QuickDryBriefs_-1.webp\",\"contentUrl\":\"https:\\\/\\\/gohike.lv\\\/wp-content\\\/uploads\\\/2024\\\/04\\\/QuickDryBriefs_-1.webp\",\"width\":756,\"height\":639},{\"@type\":\"BreadcrumbList\",\"@id\":\"https:\\\/\\\/gohike.lv\\\/ru\\\/produkts\\\/naturehike-atri-zustosi-bezsuvju-boksersorti-silver-3gab\\\/#breadcrumb\",\"itemListElement\":[{\"@type\":\"ListItem\",\"position\":1,\"name\":\"\u0413\u043b\u0430\u0432\u043d\u0430\u044f\",\"item\":\"https:\\\/\\\/gohike.lv\\\/ru\\\/\"},{\"@type\":\"ListItem\",\"position\":2,\"name\":\"\u041a\u0430\u0442\u0435\u0433\u043e\u0440\u0438\u0438 \u0442\u043e\u0432\u0430\u0440\u043e\u0432\",\"item\":\"https:\\\/\\\/gohike.lv\\\/%d0%ba%d0%b0%d1%82%d0%b5%d0%b3%d0%be%d1%80%d0%b8%d0%b8-%d1%82%d0%be%d0%b2%d0%b0%d1%80%d0%be%d0%b2\\\/\"},{\"@type\":\"ListItem\",\"position\":3,\"name\":\"Naturehike &#8211; \u0100tri \u017e\u016bsto\u0161i bez\u0161uvju bokser\u0161orti Silver &#8211; 3gab\"}]},{\"@type\":\"WebSite\",\"@id\":\"https:\\\/\\\/gohike.lv\\\/ru\\\/#website\",\"url\":\"https:\\\/\\\/gohike.lv\\\/ru\\\/\",\"name\":\"GoHike\",\"description\":\"\",\"publisher\":{\"@id\":\"https:\\\/\\\/gohike.lv\\\/ru\\\/#organization\"},\"potentialAction\":[{\"@type\":\"SearchAction\",\"target\":{\"@type\":\"EntryPoint\",\"urlTemplate\":\"https:\\\/\\\/gohike.lv\\\/ru\\\/?s={search_term_string}\"},\"query-input\":{\"@type\":\"PropertyValueSpecification\",\"valueRequired\":true,\"valueName\":\"search_term_string\"}}],\"inLanguage\":\"ru-RU\"},{\"@type\":\"Organization\",\"@id\":\"https:\\\/\\\/gohike.lv\\\/ru\\\/#organization\",\"name\":\"GoHike\",\"url\":\"https:\\\/\\\/gohike.lv\\\/ru\\\/\",\"logo\":{\"@type\":\"ImageObject\",\"inLanguage\":\"ru-RU\",\"@id\":\"https:\\\/\\\/gohike.lv\\\/ru\\\/#\\\/schema\\\/logo\\\/image\\\/\",\"url\":\"https:\\\/\\\/gohike.lv\\\/wp-content\\\/uploads\\\/2023\\\/08\\\/Logo_GoHike.webp\",\"contentUrl\":\"https:\\\/\\\/gohike.lv\\\/wp-content\\\/uploads\\\/2023\\\/08\\\/Logo_GoHike.webp\",\"width\":512,\"height\":512,\"caption\":\"GoHike\"},\"image\":{\"@id\":\"https:\\\/\\\/gohike.lv\\\/ru\\\/#\\\/schema\\\/logo\\\/image\\\/\"},\"sameAs\":[\"https:\\\/\\\/www.facebook.com\\\/gohike.shop\\\/\",\"https:\\\/\\\/www.instagram.com\\\/gohike.shop\\\/\"]}]}<\/script>\n<!-- \/ Yoast SEO plugin. -->","yoast_head_json":{"title":"Naturehike - \u0100tri \u017e\u016bsto\u0161i bez\u0161uvju bokser\u0161orti Silver - 3gab","description":"\u0100tri \u017e\u016bsto\u0161i, antibakteri\u0101li bez\u0161uvju bokser\u0161orti. Praktiska un \u0113rta v\u012brie\u0161u apak\u0161ve\u013ca ar antibakteri\u0101l\u0101m un \u0101tri \u017e\u016bsto\u0161\u0101m \u012bpa\u0161\u012bb\u0101m.","robots":{"index":"index","follow":"follow","max-snippet":"max-snippet:-1","max-image-preview":"max-image-preview:large","max-video-preview":"max-video-preview:-1"},"canonical":"https:\/\/gohike.lv\/ru\/produkts\/naturehike-atri-zustosi-bezsuvju-boksersorti-silver-3gab\/","og_locale":"ru_RU","og_type":"article","og_title":"Naturehike - Apak\u0161bikses","og_description":"\u0100tri \u017e\u016bsto\u0161i, antibakteri\u0101li bez\u0161uvju bokser\u0161orti. Praktiska un \u0113rta v\u012brie\u0161u apak\u0161ve\u013ca ar antibakteri\u0101l\u0101m un \u0101tri \u017e\u016bsto\u0161\u0101m \u012bpa\u0161\u012bb\u0101m.","og_url":"https:\/\/gohike.lv\/ru\/produkts\/naturehike-atri-zustosi-bezsuvju-boksersorti-silver-3gab\/","og_site_name":"GoHike","article_publisher":"https:\/\/www.facebook.com\/gohike.shop\/","article_modified_time":"2025-12-30T14:10:01+00:00","og_image":[{"width":756,"height":639,"url":"https:\/\/gohike.lv\/wp-content\/uploads\/2024\/04\/QuickDryBriefs_-1.webp","type":"image\/webp"}],"twitter_card":"summary_large_image","twitter_title":"Naturehike - Apak\u0161bikses","twitter_misc":{"\u041f\u0440\u0438\u043c\u0435\u0440\u043d\u043e\u0435 \u0432\u0440\u0435\u043c\u044f \u0434\u043b\u044f \u0447\u0442\u0435\u043d\u0438\u044f":"1 \u043c\u0438\u043d\u0443\u0442\u0430"},"schema":{"@context":"https:\/\/schema.org","@graph":[{"@type":["WebPage","ItemPage"],"@id":"https:\/\/gohike.lv\/ru\/produkts\/naturehike-atri-zustosi-bezsuvju-boksersorti-silver-3gab\/","url":"https:\/\/gohike.lv\/ru\/produkts\/naturehike-atri-zustosi-bezsuvju-boksersorti-silver-3gab\/","name":"Naturehike - \u0100tri \u017e\u016bsto\u0161i bez\u0161uvju bokser\u0161orti Silver - 3gab","isPartOf":{"@id":"https:\/\/gohike.lv\/ru\/#website"},"primaryImageOfPage":{"@id":"https:\/\/gohike.lv\/ru\/produkts\/naturehike-atri-zustosi-bezsuvju-boksersorti-silver-3gab\/#primaryimage"},"image":{"@id":"https:\/\/gohike.lv\/ru\/produkts\/naturehike-atri-zustosi-bezsuvju-boksersorti-silver-3gab\/#primaryimage"},"thumbnailUrl":"https:\/\/gohike.lv\/wp-content\/uploads\/2024\/04\/QuickDryBriefs_-1.webp","datePublished":"2024-05-07T08:43:52+00:00","dateModified":"2025-12-30T14:10:01+00:00","description":"\u0100tri \u017e\u016bsto\u0161i, antibakteri\u0101li bez\u0161uvju bokser\u0161orti. Praktiska un \u0113rta v\u012brie\u0161u apak\u0161ve\u013ca ar antibakteri\u0101l\u0101m un \u0101tri \u017e\u016bsto\u0161\u0101m \u012bpa\u0161\u012bb\u0101m.","breadcrumb":{"@id":"https:\/\/gohike.lv\/ru\/produkts\/naturehike-atri-zustosi-bezsuvju-boksersorti-silver-3gab\/#breadcrumb"},"inLanguage":"ru-RU","potentialAction":[{"@type":"ReadAction","target":["https:\/\/gohike.lv\/ru\/produkts\/naturehike-atri-zustosi-bezsuvju-boksersorti-silver-3gab\/"]}]},{"@type":"ImageObject","inLanguage":"ru-RU","@id":"https:\/\/gohike.lv\/ru\/produkts\/naturehike-atri-zustosi-bezsuvju-boksersorti-silver-3gab\/#primaryimage","url":"https:\/\/gohike.lv\/wp-content\/uploads\/2024\/04\/QuickDryBriefs_-1.webp","contentUrl":"https:\/\/gohike.lv\/wp-content\/uploads\/2024\/04\/QuickDryBriefs_-1.webp","width":756,"height":639},{"@type":"BreadcrumbList","@id":"https:\/\/gohike.lv\/ru\/produkts\/naturehike-atri-zustosi-bezsuvju-boksersorti-silver-3gab\/#breadcrumb","itemListElement":[{"@type":"ListItem","position":1,"name":"\u0413\u043b\u0430\u0432\u043d\u0430\u044f","item":"https:\/\/gohike.lv\/ru\/"},{"@type":"ListItem","position":2,"name":"\u041a\u0430\u0442\u0435\u0433\u043e\u0440\u0438\u0438 \u0442\u043e\u0432\u0430\u0440\u043e\u0432","item":"https:\/\/gohike.lv\/%d0%ba%d0%b0%d1%82%d0%b5%d0%b3%d0%be%d1%80%d0%b8%d0%b8-%d1%82%d0%be%d0%b2%d0%b0%d1%80%d0%be%d0%b2\/"},{"@type":"ListItem","position":3,"name":"Naturehike &#8211; \u0100tri \u017e\u016bsto\u0161i bez\u0161uvju bokser\u0161orti Silver &#8211; 3gab"}]},{"@type":"WebSite","@id":"https:\/\/gohike.lv\/ru\/#website","url":"https:\/\/gohike.lv\/ru\/","name":"GoHike","description":"","publisher":{"@id":"https:\/\/gohike.lv\/ru\/#organization"},"potentialAction":[{"@type":"SearchAction","target":{"@type":"EntryPoint","urlTemplate":"https:\/\/gohike.lv\/ru\/?s={search_term_string}"},"query-input":{"@type":"PropertyValueSpecification","valueRequired":true,"valueName":"search_term_string"}}],"inLanguage":"ru-RU"},{"@type":"Organization","@id":"https:\/\/gohike.lv\/ru\/#organization","name":"GoHike","url":"https:\/\/gohike.lv\/ru\/","logo":{"@type":"ImageObject","inLanguage":"ru-RU","@id":"https:\/\/gohike.lv\/ru\/#\/schema\/logo\/image\/","url":"https:\/\/gohike.lv\/wp-content\/uploads\/2023\/08\/Logo_GoHike.webp","contentUrl":"https:\/\/gohike.lv\/wp-content\/uploads\/2023\/08\/Logo_GoHike.webp","width":512,"height":512,"caption":"GoHike"},"image":{"@id":"https:\/\/gohike.lv\/ru\/#\/schema\/logo\/image\/"},"sameAs":["https:\/\/www.facebook.com\/gohike.shop\/","https:\/\/www.instagram.com\/gohike.shop\/"]}]}},"jetpack_sharing_enabled":true,"_links":{"self":[{"href":"https:\/\/gohike.lv\/ru\/wp-json\/wp\/v2\/product\/53177","targetHints":{"allow":["GET"]}}],"collection":[{"href":"https:\/\/gohike.lv\/ru\/wp-json\/wp\/v2\/product"}],"about":[{"href":"https:\/\/gohike.lv\/ru\/wp-json\/wp\/v2\/types\/product"}],"version-history":[{"count":0,"href":"https:\/\/gohike.lv\/ru\/wp-json\/wp\/v2\/product\/53177\/revisions"}],"wp:featuredmedia":[{"embeddable":true,"href":"https:\/\/gohike.lv\/ru\/wp-json\/wp\/v2\/media\/34044"}],"wp:attachment":[{"href":"https:\/\/gohike.lv\/ru\/wp-json\/wp\/v2\/media?parent=53177"}],"wp:term":[{"taxonomy":"product_brand","embeddable":true,"href":"https:\/\/gohike.lv\/ru\/wp-json\/wp\/v2\/product_brand?post=53177"},{"taxonomy":"product_cat","embeddable":true,"href":"https:\/\/gohike.lv\/ru\/wp-json\/wp\/v2\/product_cat?post=53177"},{"taxonomy":"product_tag","embeddable":true,"href":"https:\/\/gohike.lv\/ru\/wp-json\/wp\/v2\/product_tag?post=53177"}],"curies":[{"name":"wp","href":"https:\/\/api.w.org\/{rel}","templated":true}]}}