{"id":53173,"date":"2024-05-07T11:43:16","date_gmt":"2024-05-07T08:43:16","guid":{"rendered":"https:\/\/gohike.lv\/produkts\/naturehike-vasaras-cepure-ar-uv-aizsardzibu\/"},"modified":"2025-12-30T17:10:02","modified_gmt":"2025-12-30T14:10:02","slug":"naturehike-vasaras-cepure-ar-uv-aizsardzibu","status":"publish","type":"product","link":"https:\/\/gohike.lv\/ru\/produkts\/naturehike-vasaras-cepure-ar-uv-aizsardzibu\/","title":{"rendered":"Naturehike &#8212; Vasaras cepure ar UV aizsardz\u012bbu"},"content":{"rendered":"<p>Pasarg\u0101 galvu, seju un kaklu no saules stariem.<br \/>\nCepure ir viegli salok\u0101ma, elast\u012bga, kompakta un \u0101tri \u017e\u016bsto\u0161a.<br \/>\nPiem\u0113rota mak\u0161\u0137er\u0113\u0161anai, d\u0101rza darbiem, p\u0101rg\u0101jieniem, kempingiem, piknikiem, cit\u0101m \u0101ra aktivit\u0101t\u0113m un ikdienas lieto\u0161anai.<br \/>\nRaksturlielumi:<br \/>\nModelis: NH17M005-A;<br \/>\nApk\u0101rtm\u0113rs: 58cm (piem\u0113rots galvas apk\u0101rtm\u0113ram aptuveni 56-63cm);<br \/>\nAugstums: 10 cm;<br \/>\nPlatums (cepures mala): 6 cm priek\u0161\u0101 un 10 cm aizmugur\u0113;<br \/>\nSvars: 60 g;<br \/>\nMateri\u0101ls: 95% poliam\u012bds, 5% spandekss, poliestera siets.<\/p>\n","protected":false},"excerpt":{"rendered":"<p>Plat\u0101ka mala aizsarg\u0101 pakau\u0161a da\u013cu no saules stariem. Materi\u0101ls ir elpojo\u0161s, \u016bdensnecaurlaid\u012bgs un aizsarg\u0101ts pret UV stariem.<\/p>\n","protected":false},"featured_media":34020,"template":"","meta":[],"product_brand":[167],"product_cat":[1419],"product_tag":[],"class_list":{"0":"post-53173","1":"product","2":"type-product","3":"status-publish","4":"has-post-thumbnail","6":"product_brand-naturehike-lv","7":"product_cat-apgerbs","8":"pa_materiali-5-spandekss","9":"pa_materiali-95-poliamids","10":"pa_materiali-poliestera-siets","11":"pa_produkta-tips-cepures","12":"pa_spalva-peleks","14":"first","15":"outofstock","16":"taxable","17":"shipping-taxable","18":"purchasable","19":"product-type-simple"},"raw_content":{"name":"Naturehike - Vasaras cepure ar UV aizsardz\u012bbu","description":"Pasarg\u0101 galvu, seju un kaklu no saules stariem.\nCepure ir viegli salok\u0101ma, elast\u012bga, kompakta un \u0101tri \u017e\u016bsto\u0161a.\nPiem\u0113rota mak\u0161\u0137er\u0113\u0161anai, d\u0101rza darbiem, p\u0101rg\u0101jieniem, kempingiem, piknikiem, cit\u0101m \u0101ra aktivit\u0101t\u0113m un ikdienas lieto\u0161anai.\nRaksturlielumi:\nModelis: NH17M005-A;\nApk\u0101rtm\u0113rs: 58cm (piem\u0113rots galvas apk\u0101rtm\u0113ram aptuveni 56-63cm);\nAugstums: 10 cm;\nPlatums (cepures mala): 6 cm priek\u0161\u0101 un 10 cm aizmugur\u0113;\nSvars: 60 g;\nMateri\u0101ls: 95% poliam\u012bds, 5% spandekss, poliestera siets.","short_description":"Plat\u0101ka mala aizsarg\u0101 pakau\u0161a da\u013cu no saules stariem. Materi\u0101ls ir elpojo\u0161s, \u016bdensnecaurlaid\u012bgs un aizsarg\u0101ts pret UV stariem.","status":"publish","sku":"6927595725177","original":53173},"wpml":{"translation_type":1,"has_translations":true,"original":53173,"duplicates":[],"translations":{"lv":53173,"en":67922,"ru":null}},"supplier_id":null,"supplier_sku":"","barcode":null,"atum_controlled":true,"out_stock_date":null,"out_stock_threshold":null,"inheritable":false,"inbound_stock":null,"stock_on_hold":0,"sold_today":0,"sales_last_days":0,"reserved_stock":null,"customer_returns":null,"warehouse_damage":null,"lost_in_post":null,"other_logs":null,"out_stock_days":0,"lost_sales":0,"has_location":null,"update_date":"2025-12-30T14:13:29","atum_locations":[],"atum_stock_status":"outofstock","restock_status":false,"low_stock_amount":"","sales_update_date":"2025-11-13T14:08:18","calc_backorders":null,"yoast_head":"<!-- This site is optimized with the Yoast SEO plugin v27.3 - https:\/\/yoast.com\/product\/yoast-seo-wordpress\/ -->\n<title>Naturehike - Vasaras cepure ar UV aizsardz\u012bbu<\/title>\n<meta name=\"description\" content=\"Plat\u0101ka mala aizsarg\u0101 pakau\u0161a da\u013cu no saules stariem. Materi\u0101ls ir elpojo\u0161s, \u016bdensnecaurlaid\u012bgs un aizsarg\u0101ts pret UV stariem.\" \/>\n<meta name=\"robots\" content=\"index, follow, max-snippet:-1, max-image-preview:large, max-video-preview:-1\" \/>\n<link rel=\"canonical\" href=\"https:\/\/gohike.lv\/ru\/produkts\/naturehike-vasaras-cepure-ar-uv-aizsardzibu\/\" \/>\n<meta property=\"og:locale\" content=\"ru_RU\" \/>\n<meta property=\"og:type\" content=\"article\" \/>\n<meta property=\"og:title\" content=\"Naturehike - Zvejnieka cepure\" \/>\n<meta property=\"og:description\" content=\"Plat\u0101ka mala aizsarg\u0101 pakau\u0161a da\u013cu no saules stariem. Materi\u0101ls ir elpojo\u0161s, \u016bdensnecaurlaid\u012bgs un aizsarg\u0101ts pret UV stariem.\" \/>\n<meta property=\"og:url\" content=\"https:\/\/gohike.lv\/ru\/produkts\/naturehike-vasaras-cepure-ar-uv-aizsardzibu\/\" \/>\n<meta property=\"og:site_name\" content=\"GoHike\" \/>\n<meta property=\"article:publisher\" content=\"https:\/\/www.facebook.com\/gohike.shop\/\" \/>\n<meta property=\"article:modified_time\" content=\"2025-12-30T14:10:02+00:00\" \/>\n<meta property=\"og:image\" content=\"https:\/\/gohike.lv\/wp-content\/uploads\/2024\/04\/AntiUvHat_grey-1.webp\" \/>\n\t<meta property=\"og:image:width\" content=\"720\" \/>\n\t<meta property=\"og:image:height\" content=\"720\" \/>\n\t<meta property=\"og:image:type\" content=\"image\/webp\" \/>\n<meta name=\"twitter:card\" content=\"summary_large_image\" \/>\n<meta name=\"twitter:title\" content=\"Naturehike - Zvejnieka cepure\" \/>\n<meta name=\"twitter:label1\" content=\"\u041f\u0440\u0438\u043c\u0435\u0440\u043d\u043e\u0435 \u0432\u0440\u0435\u043c\u044f \u0434\u043b\u044f \u0447\u0442\u0435\u043d\u0438\u044f\" \/>\n\t<meta name=\"twitter:data1\" content=\"1 \u043c\u0438\u043d\u0443\u0442\u0430\" \/>\n<script type=\"application\/ld+json\" class=\"yoast-schema-graph\">{\"@context\":\"https:\\\/\\\/schema.org\",\"@graph\":[{\"@type\":[\"WebPage\",\"ItemPage\"],\"@id\":\"https:\\\/\\\/gohike.lv\\\/ru\\\/produkts\\\/naturehike-vasaras-cepure-ar-uv-aizsardzibu\\\/\",\"url\":\"https:\\\/\\\/gohike.lv\\\/ru\\\/produkts\\\/naturehike-vasaras-cepure-ar-uv-aizsardzibu\\\/\",\"name\":\"Naturehike - Vasaras cepure ar UV aizsardz\u012bbu\",\"isPartOf\":{\"@id\":\"https:\\\/\\\/gohike.lv\\\/ru\\\/#website\"},\"primaryImageOfPage\":{\"@id\":\"https:\\\/\\\/gohike.lv\\\/ru\\\/produkts\\\/naturehike-vasaras-cepure-ar-uv-aizsardzibu\\\/#primaryimage\"},\"image\":{\"@id\":\"https:\\\/\\\/gohike.lv\\\/ru\\\/produkts\\\/naturehike-vasaras-cepure-ar-uv-aizsardzibu\\\/#primaryimage\"},\"thumbnailUrl\":\"https:\\\/\\\/gohike.lv\\\/wp-content\\\/uploads\\\/2024\\\/04\\\/AntiUvHat_grey-1.webp\",\"datePublished\":\"2024-05-07T08:43:16+00:00\",\"dateModified\":\"2025-12-30T14:10:02+00:00\",\"description\":\"Plat\u0101ka mala aizsarg\u0101 pakau\u0161a da\u013cu no saules stariem. Materi\u0101ls ir elpojo\u0161s, \u016bdensnecaurlaid\u012bgs un aizsarg\u0101ts pret UV stariem.\",\"breadcrumb\":{\"@id\":\"https:\\\/\\\/gohike.lv\\\/ru\\\/produkts\\\/naturehike-vasaras-cepure-ar-uv-aizsardzibu\\\/#breadcrumb\"},\"inLanguage\":\"ru-RU\",\"potentialAction\":[{\"@type\":\"ReadAction\",\"target\":[\"https:\\\/\\\/gohike.lv\\\/ru\\\/produkts\\\/naturehike-vasaras-cepure-ar-uv-aizsardzibu\\\/\"]}]},{\"@type\":\"ImageObject\",\"inLanguage\":\"ru-RU\",\"@id\":\"https:\\\/\\\/gohike.lv\\\/ru\\\/produkts\\\/naturehike-vasaras-cepure-ar-uv-aizsardzibu\\\/#primaryimage\",\"url\":\"https:\\\/\\\/gohike.lv\\\/wp-content\\\/uploads\\\/2024\\\/04\\\/AntiUvHat_grey-1.webp\",\"contentUrl\":\"https:\\\/\\\/gohike.lv\\\/wp-content\\\/uploads\\\/2024\\\/04\\\/AntiUvHat_grey-1.webp\",\"width\":720,\"height\":720},{\"@type\":\"BreadcrumbList\",\"@id\":\"https:\\\/\\\/gohike.lv\\\/ru\\\/produkts\\\/naturehike-vasaras-cepure-ar-uv-aizsardzibu\\\/#breadcrumb\",\"itemListElement\":[{\"@type\":\"ListItem\",\"position\":1,\"name\":\"\u0413\u043b\u0430\u0432\u043d\u0430\u044f\",\"item\":\"https:\\\/\\\/gohike.lv\\\/ru\\\/\"},{\"@type\":\"ListItem\",\"position\":2,\"name\":\"\u041a\u0430\u0442\u0435\u0433\u043e\u0440\u0438\u0438 \u0442\u043e\u0432\u0430\u0440\u043e\u0432\",\"item\":\"https:\\\/\\\/gohike.lv\\\/%d0%ba%d0%b0%d1%82%d0%b5%d0%b3%d0%be%d1%80%d0%b8%d0%b8-%d1%82%d0%be%d0%b2%d0%b0%d1%80%d0%be%d0%b2\\\/\"},{\"@type\":\"ListItem\",\"position\":3,\"name\":\"Naturehike &#8211; Vasaras cepure ar UV aizsardz\u012bbu\"}]},{\"@type\":\"WebSite\",\"@id\":\"https:\\\/\\\/gohike.lv\\\/ru\\\/#website\",\"url\":\"https:\\\/\\\/gohike.lv\\\/ru\\\/\",\"name\":\"GoHike\",\"description\":\"\",\"publisher\":{\"@id\":\"https:\\\/\\\/gohike.lv\\\/ru\\\/#organization\"},\"potentialAction\":[{\"@type\":\"SearchAction\",\"target\":{\"@type\":\"EntryPoint\",\"urlTemplate\":\"https:\\\/\\\/gohike.lv\\\/ru\\\/?s={search_term_string}\"},\"query-input\":{\"@type\":\"PropertyValueSpecification\",\"valueRequired\":true,\"valueName\":\"search_term_string\"}}],\"inLanguage\":\"ru-RU\"},{\"@type\":\"Organization\",\"@id\":\"https:\\\/\\\/gohike.lv\\\/ru\\\/#organization\",\"name\":\"GoHike\",\"url\":\"https:\\\/\\\/gohike.lv\\\/ru\\\/\",\"logo\":{\"@type\":\"ImageObject\",\"inLanguage\":\"ru-RU\",\"@id\":\"https:\\\/\\\/gohike.lv\\\/ru\\\/#\\\/schema\\\/logo\\\/image\\\/\",\"url\":\"https:\\\/\\\/gohike.lv\\\/wp-content\\\/uploads\\\/2023\\\/08\\\/Logo_GoHike.webp\",\"contentUrl\":\"https:\\\/\\\/gohike.lv\\\/wp-content\\\/uploads\\\/2023\\\/08\\\/Logo_GoHike.webp\",\"width\":512,\"height\":512,\"caption\":\"GoHike\"},\"image\":{\"@id\":\"https:\\\/\\\/gohike.lv\\\/ru\\\/#\\\/schema\\\/logo\\\/image\\\/\"},\"sameAs\":[\"https:\\\/\\\/www.facebook.com\\\/gohike.shop\\\/\",\"https:\\\/\\\/www.instagram.com\\\/gohike.shop\\\/\"]}]}<\/script>\n<!-- \/ Yoast SEO plugin. -->","yoast_head_json":{"title":"Naturehike - Vasaras cepure ar UV aizsardz\u012bbu","description":"Plat\u0101ka mala aizsarg\u0101 pakau\u0161a da\u013cu no saules stariem. Materi\u0101ls ir elpojo\u0161s, \u016bdensnecaurlaid\u012bgs un aizsarg\u0101ts pret UV stariem.","robots":{"index":"index","follow":"follow","max-snippet":"max-snippet:-1","max-image-preview":"max-image-preview:large","max-video-preview":"max-video-preview:-1"},"canonical":"https:\/\/gohike.lv\/ru\/produkts\/naturehike-vasaras-cepure-ar-uv-aizsardzibu\/","og_locale":"ru_RU","og_type":"article","og_title":"Naturehike - Zvejnieka cepure","og_description":"Plat\u0101ka mala aizsarg\u0101 pakau\u0161a da\u013cu no saules stariem. Materi\u0101ls ir elpojo\u0161s, \u016bdensnecaurlaid\u012bgs un aizsarg\u0101ts pret UV stariem.","og_url":"https:\/\/gohike.lv\/ru\/produkts\/naturehike-vasaras-cepure-ar-uv-aizsardzibu\/","og_site_name":"GoHike","article_publisher":"https:\/\/www.facebook.com\/gohike.shop\/","article_modified_time":"2025-12-30T14:10:02+00:00","og_image":[{"width":720,"height":720,"url":"https:\/\/gohike.lv\/wp-content\/uploads\/2024\/04\/AntiUvHat_grey-1.webp","type":"image\/webp"}],"twitter_card":"summary_large_image","twitter_title":"Naturehike - Zvejnieka cepure","twitter_misc":{"\u041f\u0440\u0438\u043c\u0435\u0440\u043d\u043e\u0435 \u0432\u0440\u0435\u043c\u044f \u0434\u043b\u044f \u0447\u0442\u0435\u043d\u0438\u044f":"1 \u043c\u0438\u043d\u0443\u0442\u0430"},"schema":{"@context":"https:\/\/schema.org","@graph":[{"@type":["WebPage","ItemPage"],"@id":"https:\/\/gohike.lv\/ru\/produkts\/naturehike-vasaras-cepure-ar-uv-aizsardzibu\/","url":"https:\/\/gohike.lv\/ru\/produkts\/naturehike-vasaras-cepure-ar-uv-aizsardzibu\/","name":"Naturehike - Vasaras cepure ar UV aizsardz\u012bbu","isPartOf":{"@id":"https:\/\/gohike.lv\/ru\/#website"},"primaryImageOfPage":{"@id":"https:\/\/gohike.lv\/ru\/produkts\/naturehike-vasaras-cepure-ar-uv-aizsardzibu\/#primaryimage"},"image":{"@id":"https:\/\/gohike.lv\/ru\/produkts\/naturehike-vasaras-cepure-ar-uv-aizsardzibu\/#primaryimage"},"thumbnailUrl":"https:\/\/gohike.lv\/wp-content\/uploads\/2024\/04\/AntiUvHat_grey-1.webp","datePublished":"2024-05-07T08:43:16+00:00","dateModified":"2025-12-30T14:10:02+00:00","description":"Plat\u0101ka mala aizsarg\u0101 pakau\u0161a da\u013cu no saules stariem. Materi\u0101ls ir elpojo\u0161s, \u016bdensnecaurlaid\u012bgs un aizsarg\u0101ts pret UV stariem.","breadcrumb":{"@id":"https:\/\/gohike.lv\/ru\/produkts\/naturehike-vasaras-cepure-ar-uv-aizsardzibu\/#breadcrumb"},"inLanguage":"ru-RU","potentialAction":[{"@type":"ReadAction","target":["https:\/\/gohike.lv\/ru\/produkts\/naturehike-vasaras-cepure-ar-uv-aizsardzibu\/"]}]},{"@type":"ImageObject","inLanguage":"ru-RU","@id":"https:\/\/gohike.lv\/ru\/produkts\/naturehike-vasaras-cepure-ar-uv-aizsardzibu\/#primaryimage","url":"https:\/\/gohike.lv\/wp-content\/uploads\/2024\/04\/AntiUvHat_grey-1.webp","contentUrl":"https:\/\/gohike.lv\/wp-content\/uploads\/2024\/04\/AntiUvHat_grey-1.webp","width":720,"height":720},{"@type":"BreadcrumbList","@id":"https:\/\/gohike.lv\/ru\/produkts\/naturehike-vasaras-cepure-ar-uv-aizsardzibu\/#breadcrumb","itemListElement":[{"@type":"ListItem","position":1,"name":"\u0413\u043b\u0430\u0432\u043d\u0430\u044f","item":"https:\/\/gohike.lv\/ru\/"},{"@type":"ListItem","position":2,"name":"\u041a\u0430\u0442\u0435\u0433\u043e\u0440\u0438\u0438 \u0442\u043e\u0432\u0430\u0440\u043e\u0432","item":"https:\/\/gohike.lv\/%d0%ba%d0%b0%d1%82%d0%b5%d0%b3%d0%be%d1%80%d0%b8%d0%b8-%d1%82%d0%be%d0%b2%d0%b0%d1%80%d0%be%d0%b2\/"},{"@type":"ListItem","position":3,"name":"Naturehike &#8211; Vasaras cepure ar UV aizsardz\u012bbu"}]},{"@type":"WebSite","@id":"https:\/\/gohike.lv\/ru\/#website","url":"https:\/\/gohike.lv\/ru\/","name":"GoHike","description":"","publisher":{"@id":"https:\/\/gohike.lv\/ru\/#organization"},"potentialAction":[{"@type":"SearchAction","target":{"@type":"EntryPoint","urlTemplate":"https:\/\/gohike.lv\/ru\/?s={search_term_string}"},"query-input":{"@type":"PropertyValueSpecification","valueRequired":true,"valueName":"search_term_string"}}],"inLanguage":"ru-RU"},{"@type":"Organization","@id":"https:\/\/gohike.lv\/ru\/#organization","name":"GoHike","url":"https:\/\/gohike.lv\/ru\/","logo":{"@type":"ImageObject","inLanguage":"ru-RU","@id":"https:\/\/gohike.lv\/ru\/#\/schema\/logo\/image\/","url":"https:\/\/gohike.lv\/wp-content\/uploads\/2023\/08\/Logo_GoHike.webp","contentUrl":"https:\/\/gohike.lv\/wp-content\/uploads\/2023\/08\/Logo_GoHike.webp","width":512,"height":512,"caption":"GoHike"},"image":{"@id":"https:\/\/gohike.lv\/ru\/#\/schema\/logo\/image\/"},"sameAs":["https:\/\/www.facebook.com\/gohike.shop\/","https:\/\/www.instagram.com\/gohike.shop\/"]}]}},"jetpack_sharing_enabled":true,"_links":{"self":[{"href":"https:\/\/gohike.lv\/ru\/wp-json\/wp\/v2\/product\/53173","targetHints":{"allow":["GET"]}}],"collection":[{"href":"https:\/\/gohike.lv\/ru\/wp-json\/wp\/v2\/product"}],"about":[{"href":"https:\/\/gohike.lv\/ru\/wp-json\/wp\/v2\/types\/product"}],"version-history":[{"count":0,"href":"https:\/\/gohike.lv\/ru\/wp-json\/wp\/v2\/product\/53173\/revisions"}],"wp:featuredmedia":[{"embeddable":true,"href":"https:\/\/gohike.lv\/ru\/wp-json\/wp\/v2\/media\/34020"}],"wp:attachment":[{"href":"https:\/\/gohike.lv\/ru\/wp-json\/wp\/v2\/media?parent=53173"}],"wp:term":[{"taxonomy":"product_brand","embeddable":true,"href":"https:\/\/gohike.lv\/ru\/wp-json\/wp\/v2\/product_brand?post=53173"},{"taxonomy":"product_cat","embeddable":true,"href":"https:\/\/gohike.lv\/ru\/wp-json\/wp\/v2\/product_cat?post=53173"},{"taxonomy":"product_tag","embeddable":true,"href":"https:\/\/gohike.lv\/ru\/wp-json\/wp\/v2\/product_tag?post=53173"}],"curies":[{"name":"wp","href":"https:\/\/api.w.org\/{rel}","templated":true}]}}