{"id":53167,"date":"2024-05-07T11:43:16","date_gmt":"2024-05-07T08:43:16","guid":{"rendered":"https:\/\/gohike.lv\/produkts\/naturehike-viegla-cepure-panama-ar-saules-aizsardzibu-berniem\/"},"modified":"2026-01-23T20:22:13","modified_gmt":"2026-01-23T17:22:13","slug":"naturehike-viegla-cepure-panama-ar-saules-aizsardzibu-berniem","status":"publish","type":"product","link":"https:\/\/gohike.lv\/ru\/produkts\/naturehike-viegla-cepure-panama-ar-saules-aizsardzibu-berniem\/","title":{"rendered":"Naturehike &#8212; Viegla cepure panama ar saules aizsardz\u012bbu (b\u0113rniem)"},"content":{"rendered":"<p>Nodro\u0161ina \u013coti labu aizsardz\u012bbu pret sauli.<br \/>\nCepure ir izgatavota no elpojo\u0161a un viegla materi\u0101la. T\u0101 ir elast\u012bga, kompakta un \u0101tri \u017e\u016bst.<br \/>\nRaksturlielumi:<br \/>\nModelis: NH22MZ003;<br \/>\nSvars: 88 g;<br \/>\nMateri\u0101ls: 100% poliam\u012bds.<\/p>\n","protected":false},"excerpt":{"rendered":"<p>B\u0113rnu p\u0101rg\u0101jienu cepure. Elpojo\u0161s materi\u0101ls nodro\u0161ina liel\u0101ku komfortu.<\/p>\n","protected":false},"featured_media":33962,"template":"","meta":[],"product_brand":[167],"product_cat":[1419,9459],"product_tag":[],"class_list":{"0":"post-53167","1":"product","2":"type-product","3":"status-publish","4":"has-post-thumbnail","6":"product_brand-naturehike-lv","7":"product_cat-apgerbs","8":"product_cat-berniem","9":"pa_materiali-100-poliamids","10":"pa_produkta-tips-cepures","12":"first","13":"instock","14":"taxable","15":"shipping-taxable","16":"purchasable","17":"product-type-simple"},"raw_content":{"name":"Naturehike - Viegla cepure panama ar saules aizsardz\u012bbu (b\u0113rniem)","description":"Nodro\u0161ina \u013coti labu aizsardz\u012bbu pret sauli.\nCepure ir izgatavota no elpojo\u0161a un viegla materi\u0101la. T\u0101 ir elast\u012bga, kompakta un \u0101tri \u017e\u016bst.\nRaksturlielumi:\nModelis: NH22MZ003;\nSvars: 88 g;\nMateri\u0101ls: 100% poliam\u012bds.","short_description":"B\u0113rnu p\u0101rg\u0101jienu cepure. Elpojo\u0161s materi\u0101ls nodro\u0161ina liel\u0101ku komfortu.","status":"publish","sku":"6927595711514","original":53167},"wpml":{"translation_type":1,"has_translations":true,"original":53167,"duplicates":[],"translations":{"lv":53167,"en":67927,"ru":null}},"supplier_id":null,"supplier_sku":"","barcode":null,"atum_controlled":true,"out_stock_date":null,"out_stock_threshold":null,"inheritable":false,"inbound_stock":0,"stock_on_hold":0,"sold_today":0,"sales_last_days":0,"reserved_stock":0,"customer_returns":0,"warehouse_damage":0,"lost_in_post":0,"other_logs":0,"out_stock_days":0,"lost_sales":0,"has_location":false,"update_date":"2026-01-23T17:22:14","atum_locations":[],"atum_stock_status":"instock","restock_status":false,"low_stock_amount":"","sales_update_date":"2025-11-13T14:08:18","calc_backorders":null,"yoast_head":"<!-- This site is optimized with the Yoast SEO plugin v27.3 - https:\/\/yoast.com\/product\/yoast-seo-wordpress\/ -->\n<title>Naturehike - Viegla cepure panama ar saules aizsardz\u012bbu (b\u0113rniem)<\/title>\n<meta name=\"description\" content=\"B\u0113rnu p\u0101rg\u0101jienu cepure. Elpojo\u0161s materi\u0101ls nodro\u0161ina liel\u0101ku komfortu. Cepure ir izgatavota no elpojo\u0161a un viegla materi\u0101la.\" \/>\n<meta name=\"robots\" content=\"index, follow, max-snippet:-1, max-image-preview:large, max-video-preview:-1\" \/>\n<link rel=\"canonical\" href=\"https:\/\/gohike.lv\/ru\/produkts\/naturehike-viegla-cepure-panama-ar-saules-aizsardzibu-berniem\/\" \/>\n<meta property=\"og:locale\" content=\"ru_RU\" \/>\n<meta property=\"og:type\" content=\"article\" \/>\n<meta property=\"og:title\" content=\"Naturehike - B\u0113rnu Panamas cepure\" \/>\n<meta property=\"og:description\" content=\"B\u0113rnu p\u0101rg\u0101jienu cepure. Elpojo\u0161s materi\u0101ls nodro\u0161ina liel\u0101ku komfortu. Cepure ir izgatavota no elpojo\u0161a un viegla materi\u0101la.\" \/>\n<meta property=\"og:url\" content=\"https:\/\/gohike.lv\/ru\/produkts\/naturehike-viegla-cepure-panama-ar-saules-aizsardzibu-berniem\/\" \/>\n<meta property=\"og:site_name\" content=\"GoHike\" \/>\n<meta property=\"article:publisher\" content=\"https:\/\/www.facebook.com\/gohike.shop\/\" \/>\n<meta property=\"article:modified_time\" content=\"2026-01-23T17:22:13+00:00\" \/>\n<meta property=\"og:image\" content=\"https:\/\/gohike.lv\/wp-content\/uploads\/2024\/04\/BucketHatKids_-1.jpg\" \/>\n\t<meta property=\"og:image:width\" content=\"800\" \/>\n\t<meta property=\"og:image:height\" content=\"800\" \/>\n\t<meta property=\"og:image:type\" content=\"image\/jpeg\" \/>\n<meta name=\"twitter:card\" content=\"summary_large_image\" \/>\n<meta name=\"twitter:title\" content=\"Naturehike - B\u0113rnu Panamas cepure\" \/>\n<meta name=\"twitter:label1\" content=\"\u041f\u0440\u0438\u043c\u0435\u0440\u043d\u043e\u0435 \u0432\u0440\u0435\u043c\u044f \u0434\u043b\u044f \u0447\u0442\u0435\u043d\u0438\u044f\" \/>\n\t<meta name=\"twitter:data1\" content=\"1 \u043c\u0438\u043d\u0443\u0442\u0430\" \/>\n<script type=\"application\/ld+json\" class=\"yoast-schema-graph\">{\"@context\":\"https:\\\/\\\/schema.org\",\"@graph\":[{\"@type\":[\"WebPage\",\"ItemPage\"],\"@id\":\"https:\\\/\\\/gohike.lv\\\/ru\\\/produkts\\\/naturehike-viegla-cepure-panama-ar-saules-aizsardzibu-berniem\\\/\",\"url\":\"https:\\\/\\\/gohike.lv\\\/ru\\\/produkts\\\/naturehike-viegla-cepure-panama-ar-saules-aizsardzibu-berniem\\\/\",\"name\":\"Naturehike - Viegla cepure panama ar saules aizsardz\u012bbu (b\u0113rniem)\",\"isPartOf\":{\"@id\":\"https:\\\/\\\/gohike.lv\\\/ru\\\/#website\"},\"primaryImageOfPage\":{\"@id\":\"https:\\\/\\\/gohike.lv\\\/ru\\\/produkts\\\/naturehike-viegla-cepure-panama-ar-saules-aizsardzibu-berniem\\\/#primaryimage\"},\"image\":{\"@id\":\"https:\\\/\\\/gohike.lv\\\/ru\\\/produkts\\\/naturehike-viegla-cepure-panama-ar-saules-aizsardzibu-berniem\\\/#primaryimage\"},\"thumbnailUrl\":\"https:\\\/\\\/gohike.lv\\\/wp-content\\\/uploads\\\/2024\\\/04\\\/BucketHatKids_-1.jpg\",\"datePublished\":\"2024-05-07T08:43:16+00:00\",\"dateModified\":\"2026-01-23T17:22:13+00:00\",\"description\":\"B\u0113rnu p\u0101rg\u0101jienu cepure. Elpojo\u0161s materi\u0101ls nodro\u0161ina liel\u0101ku komfortu. Cepure ir izgatavota no elpojo\u0161a un viegla materi\u0101la.\",\"breadcrumb\":{\"@id\":\"https:\\\/\\\/gohike.lv\\\/ru\\\/produkts\\\/naturehike-viegla-cepure-panama-ar-saules-aizsardzibu-berniem\\\/#breadcrumb\"},\"inLanguage\":\"ru-RU\",\"potentialAction\":[{\"@type\":\"ReadAction\",\"target\":[\"https:\\\/\\\/gohike.lv\\\/ru\\\/produkts\\\/naturehike-viegla-cepure-panama-ar-saules-aizsardzibu-berniem\\\/\"]}]},{\"@type\":\"ImageObject\",\"inLanguage\":\"ru-RU\",\"@id\":\"https:\\\/\\\/gohike.lv\\\/ru\\\/produkts\\\/naturehike-viegla-cepure-panama-ar-saules-aizsardzibu-berniem\\\/#primaryimage\",\"url\":\"https:\\\/\\\/gohike.lv\\\/wp-content\\\/uploads\\\/2024\\\/04\\\/BucketHatKids_-1.jpg\",\"contentUrl\":\"https:\\\/\\\/gohike.lv\\\/wp-content\\\/uploads\\\/2024\\\/04\\\/BucketHatKids_-1.jpg\",\"width\":800,\"height\":800},{\"@type\":\"BreadcrumbList\",\"@id\":\"https:\\\/\\\/gohike.lv\\\/ru\\\/produkts\\\/naturehike-viegla-cepure-panama-ar-saules-aizsardzibu-berniem\\\/#breadcrumb\",\"itemListElement\":[{\"@type\":\"ListItem\",\"position\":1,\"name\":\"\u0413\u043b\u0430\u0432\u043d\u0430\u044f\",\"item\":\"https:\\\/\\\/gohike.lv\\\/ru\\\/\"},{\"@type\":\"ListItem\",\"position\":2,\"name\":\"\u041a\u0430\u0442\u0435\u0433\u043e\u0440\u0438\u0438 \u0442\u043e\u0432\u0430\u0440\u043e\u0432\",\"item\":\"https:\\\/\\\/gohike.lv\\\/%d0%ba%d0%b0%d1%82%d0%b5%d0%b3%d0%be%d1%80%d0%b8%d0%b8-%d1%82%d0%be%d0%b2%d0%b0%d1%80%d0%be%d0%b2\\\/\"},{\"@type\":\"ListItem\",\"position\":3,\"name\":\"Naturehike &#8211; Viegla cepure panama ar saules aizsardz\u012bbu (b\u0113rniem)\"}]},{\"@type\":\"WebSite\",\"@id\":\"https:\\\/\\\/gohike.lv\\\/ru\\\/#website\",\"url\":\"https:\\\/\\\/gohike.lv\\\/ru\\\/\",\"name\":\"GoHike\",\"description\":\"\",\"publisher\":{\"@id\":\"https:\\\/\\\/gohike.lv\\\/ru\\\/#organization\"},\"potentialAction\":[{\"@type\":\"SearchAction\",\"target\":{\"@type\":\"EntryPoint\",\"urlTemplate\":\"https:\\\/\\\/gohike.lv\\\/ru\\\/?s={search_term_string}\"},\"query-input\":{\"@type\":\"PropertyValueSpecification\",\"valueRequired\":true,\"valueName\":\"search_term_string\"}}],\"inLanguage\":\"ru-RU\"},{\"@type\":\"Organization\",\"@id\":\"https:\\\/\\\/gohike.lv\\\/ru\\\/#organization\",\"name\":\"GoHike\",\"url\":\"https:\\\/\\\/gohike.lv\\\/ru\\\/\",\"logo\":{\"@type\":\"ImageObject\",\"inLanguage\":\"ru-RU\",\"@id\":\"https:\\\/\\\/gohike.lv\\\/ru\\\/#\\\/schema\\\/logo\\\/image\\\/\",\"url\":\"https:\\\/\\\/gohike.lv\\\/wp-content\\\/uploads\\\/2023\\\/08\\\/Logo_GoHike.webp\",\"contentUrl\":\"https:\\\/\\\/gohike.lv\\\/wp-content\\\/uploads\\\/2023\\\/08\\\/Logo_GoHike.webp\",\"width\":512,\"height\":512,\"caption\":\"GoHike\"},\"image\":{\"@id\":\"https:\\\/\\\/gohike.lv\\\/ru\\\/#\\\/schema\\\/logo\\\/image\\\/\"},\"sameAs\":[\"https:\\\/\\\/www.facebook.com\\\/gohike.shop\\\/\",\"https:\\\/\\\/www.instagram.com\\\/gohike.shop\\\/\"]}]}<\/script>\n<!-- \/ Yoast SEO plugin. -->","yoast_head_json":{"title":"Naturehike - Viegla cepure panama ar saules aizsardz\u012bbu (b\u0113rniem)","description":"B\u0113rnu p\u0101rg\u0101jienu cepure. Elpojo\u0161s materi\u0101ls nodro\u0161ina liel\u0101ku komfortu. Cepure ir izgatavota no elpojo\u0161a un viegla materi\u0101la.","robots":{"index":"index","follow":"follow","max-snippet":"max-snippet:-1","max-image-preview":"max-image-preview:large","max-video-preview":"max-video-preview:-1"},"canonical":"https:\/\/gohike.lv\/ru\/produkts\/naturehike-viegla-cepure-panama-ar-saules-aizsardzibu-berniem\/","og_locale":"ru_RU","og_type":"article","og_title":"Naturehike - B\u0113rnu Panamas cepure","og_description":"B\u0113rnu p\u0101rg\u0101jienu cepure. Elpojo\u0161s materi\u0101ls nodro\u0161ina liel\u0101ku komfortu. Cepure ir izgatavota no elpojo\u0161a un viegla materi\u0101la.","og_url":"https:\/\/gohike.lv\/ru\/produkts\/naturehike-viegla-cepure-panama-ar-saules-aizsardzibu-berniem\/","og_site_name":"GoHike","article_publisher":"https:\/\/www.facebook.com\/gohike.shop\/","article_modified_time":"2026-01-23T17:22:13+00:00","og_image":[{"width":800,"height":800,"url":"https:\/\/gohike.lv\/wp-content\/uploads\/2024\/04\/BucketHatKids_-1.jpg","type":"image\/jpeg"}],"twitter_card":"summary_large_image","twitter_title":"Naturehike - B\u0113rnu Panamas cepure","twitter_misc":{"\u041f\u0440\u0438\u043c\u0435\u0440\u043d\u043e\u0435 \u0432\u0440\u0435\u043c\u044f \u0434\u043b\u044f \u0447\u0442\u0435\u043d\u0438\u044f":"1 \u043c\u0438\u043d\u0443\u0442\u0430"},"schema":{"@context":"https:\/\/schema.org","@graph":[{"@type":["WebPage","ItemPage"],"@id":"https:\/\/gohike.lv\/ru\/produkts\/naturehike-viegla-cepure-panama-ar-saules-aizsardzibu-berniem\/","url":"https:\/\/gohike.lv\/ru\/produkts\/naturehike-viegla-cepure-panama-ar-saules-aizsardzibu-berniem\/","name":"Naturehike - Viegla cepure panama ar saules aizsardz\u012bbu (b\u0113rniem)","isPartOf":{"@id":"https:\/\/gohike.lv\/ru\/#website"},"primaryImageOfPage":{"@id":"https:\/\/gohike.lv\/ru\/produkts\/naturehike-viegla-cepure-panama-ar-saules-aizsardzibu-berniem\/#primaryimage"},"image":{"@id":"https:\/\/gohike.lv\/ru\/produkts\/naturehike-viegla-cepure-panama-ar-saules-aizsardzibu-berniem\/#primaryimage"},"thumbnailUrl":"https:\/\/gohike.lv\/wp-content\/uploads\/2024\/04\/BucketHatKids_-1.jpg","datePublished":"2024-05-07T08:43:16+00:00","dateModified":"2026-01-23T17:22:13+00:00","description":"B\u0113rnu p\u0101rg\u0101jienu cepure. Elpojo\u0161s materi\u0101ls nodro\u0161ina liel\u0101ku komfortu. Cepure ir izgatavota no elpojo\u0161a un viegla materi\u0101la.","breadcrumb":{"@id":"https:\/\/gohike.lv\/ru\/produkts\/naturehike-viegla-cepure-panama-ar-saules-aizsardzibu-berniem\/#breadcrumb"},"inLanguage":"ru-RU","potentialAction":[{"@type":"ReadAction","target":["https:\/\/gohike.lv\/ru\/produkts\/naturehike-viegla-cepure-panama-ar-saules-aizsardzibu-berniem\/"]}]},{"@type":"ImageObject","inLanguage":"ru-RU","@id":"https:\/\/gohike.lv\/ru\/produkts\/naturehike-viegla-cepure-panama-ar-saules-aizsardzibu-berniem\/#primaryimage","url":"https:\/\/gohike.lv\/wp-content\/uploads\/2024\/04\/BucketHatKids_-1.jpg","contentUrl":"https:\/\/gohike.lv\/wp-content\/uploads\/2024\/04\/BucketHatKids_-1.jpg","width":800,"height":800},{"@type":"BreadcrumbList","@id":"https:\/\/gohike.lv\/ru\/produkts\/naturehike-viegla-cepure-panama-ar-saules-aizsardzibu-berniem\/#breadcrumb","itemListElement":[{"@type":"ListItem","position":1,"name":"\u0413\u043b\u0430\u0432\u043d\u0430\u044f","item":"https:\/\/gohike.lv\/ru\/"},{"@type":"ListItem","position":2,"name":"\u041a\u0430\u0442\u0435\u0433\u043e\u0440\u0438\u0438 \u0442\u043e\u0432\u0430\u0440\u043e\u0432","item":"https:\/\/gohike.lv\/%d0%ba%d0%b0%d1%82%d0%b5%d0%b3%d0%be%d1%80%d0%b8%d0%b8-%d1%82%d0%be%d0%b2%d0%b0%d1%80%d0%be%d0%b2\/"},{"@type":"ListItem","position":3,"name":"Naturehike &#8211; Viegla cepure panama ar saules aizsardz\u012bbu (b\u0113rniem)"}]},{"@type":"WebSite","@id":"https:\/\/gohike.lv\/ru\/#website","url":"https:\/\/gohike.lv\/ru\/","name":"GoHike","description":"","publisher":{"@id":"https:\/\/gohike.lv\/ru\/#organization"},"potentialAction":[{"@type":"SearchAction","target":{"@type":"EntryPoint","urlTemplate":"https:\/\/gohike.lv\/ru\/?s={search_term_string}"},"query-input":{"@type":"PropertyValueSpecification","valueRequired":true,"valueName":"search_term_string"}}],"inLanguage":"ru-RU"},{"@type":"Organization","@id":"https:\/\/gohike.lv\/ru\/#organization","name":"GoHike","url":"https:\/\/gohike.lv\/ru\/","logo":{"@type":"ImageObject","inLanguage":"ru-RU","@id":"https:\/\/gohike.lv\/ru\/#\/schema\/logo\/image\/","url":"https:\/\/gohike.lv\/wp-content\/uploads\/2023\/08\/Logo_GoHike.webp","contentUrl":"https:\/\/gohike.lv\/wp-content\/uploads\/2023\/08\/Logo_GoHike.webp","width":512,"height":512,"caption":"GoHike"},"image":{"@id":"https:\/\/gohike.lv\/ru\/#\/schema\/logo\/image\/"},"sameAs":["https:\/\/www.facebook.com\/gohike.shop\/","https:\/\/www.instagram.com\/gohike.shop\/"]}]}},"jetpack_sharing_enabled":true,"_links":{"self":[{"href":"https:\/\/gohike.lv\/ru\/wp-json\/wp\/v2\/product\/53167","targetHints":{"allow":["GET"]}}],"collection":[{"href":"https:\/\/gohike.lv\/ru\/wp-json\/wp\/v2\/product"}],"about":[{"href":"https:\/\/gohike.lv\/ru\/wp-json\/wp\/v2\/types\/product"}],"version-history":[{"count":0,"href":"https:\/\/gohike.lv\/ru\/wp-json\/wp\/v2\/product\/53167\/revisions"}],"wp:featuredmedia":[{"embeddable":true,"href":"https:\/\/gohike.lv\/ru\/wp-json\/wp\/v2\/media\/33962"}],"wp:attachment":[{"href":"https:\/\/gohike.lv\/ru\/wp-json\/wp\/v2\/media?parent=53167"}],"wp:term":[{"taxonomy":"product_brand","embeddable":true,"href":"https:\/\/gohike.lv\/ru\/wp-json\/wp\/v2\/product_brand?post=53167"},{"taxonomy":"product_cat","embeddable":true,"href":"https:\/\/gohike.lv\/ru\/wp-json\/wp\/v2\/product_cat?post=53167"},{"taxonomy":"product_tag","embeddable":true,"href":"https:\/\/gohike.lv\/ru\/wp-json\/wp\/v2\/product_tag?post=53167"}],"curies":[{"name":"wp","href":"https:\/\/api.w.org\/{rel}","templated":true}]}}