{"id":53155,"date":"2024-05-07T11:42:37","date_gmt":"2024-05-07T08:42:37","guid":{"rendered":"https:\/\/gohike.lv\/produkts\/naturehike-udensizturigi-dunu-duraini\/"},"modified":"2025-12-30T17:10:02","modified_gmt":"2025-12-30T14:10:02","slug":"naturehike-udensizturigi-dunu-duraini","status":"publish","type":"product","link":"https:\/\/gohike.lv\/ru\/produkts\/naturehike-udensizturigi-dunu-duraini\/","title":{"rendered":"Naturehike &#8212; \u016adensiztur\u012bgi d\u016bnu d\u016brai\u0146i"},"content":{"rendered":"<p>Cimdi ir paredz\u0113ti, lai ziemas sezon\u0101 aizsarg\u0101tu rokas no mitruma, sala un auksta v\u0113ja.<br \/>\nProdukts ir izgatavots no viegla un nodilumiztur\u012bga 20D 400T neilona, \u200b\u200bkas valk\u0101jot nekairina \u0101du.<br \/>\nMateri\u0101lam rakstur\u012bga iez\u012bme ir t\u0101 iztur\u012bba pret mitrumu, t\u0101p\u0113c rokas paliks sausas.<br \/>\nPild\u012bjumam ir augstas siltumizol\u0101cijas \u012bpa\u0161\u012bbas, nov\u0113r\u0161ot aukst\u0101 gaisa iek\u013c\u016b\u0161anu un saglab\u0101jot rokas siltas.<br \/>\nCimdu aug\u0161da\u013cu var fiks\u0113t izmantojot auklas ar plastmasas klip\u0161us.<br \/>\nRaksturlielumi:<br \/>\nOptim\u0101la lieto\u0161anas temperat\u016bra: no 0\u2103 l\u012bdz -15\u2103<br \/>\nKr\u0101sa: melna;<br \/>\nIzm\u0113rs : 12 x 30 cm;<br \/>\nMateri\u0101ls: \u016bdeni atgr\u016bdo\u0161s neilons 20D 400T;<br \/>\nPild\u012bjuma veids: 90% dab\u012bgas zoss d\u016bnas;<br \/>\nIzm\u0113ri saloc\u012bt\u0101 veid\u0101: 13 x 7 cm;<br \/>\nSvars: 50 g.<\/p>\n","protected":false},"excerpt":{"rendered":"<p>Ziemas cimdi ir izgatavoti no \u016bdeni atgr\u016bdo\u0161a 20D 400T neilona.<\/p>\n","protected":false},"featured_media":33860,"template":"","meta":[],"product_brand":[167],"product_cat":[1419],"product_tag":[],"class_list":{"0":"post-53155","1":"product","2":"type-product","3":"status-publish","4":"has-post-thumbnail","6":"product_brand-naturehike-lv","7":"product_cat-apgerbs","8":"pa_izmeriscm-10118","9":"pa_materiali-20d-400t-neilons","10":"pa_produkta-tips-cimdi","11":"pa_saliktas-preces-izmerscm-7914","12":"pa_spalva-melns","14":"first","15":"outofstock","16":"taxable","17":"shipping-taxable","18":"purchasable","19":"product-type-simple"},"raw_content":{"name":"Naturehike - \u016adensiztur\u012bgi d\u016bnu d\u016brai\u0146i","description":"Cimdi ir paredz\u0113ti, lai ziemas sezon\u0101 aizsarg\u0101tu rokas no mitruma, sala un auksta v\u0113ja.\nProdukts ir izgatavots no viegla un nodilumiztur\u012bga 20D 400T neilona, \u200b\u200bkas valk\u0101jot nekairina \u0101du.\nMateri\u0101lam rakstur\u012bga iez\u012bme ir t\u0101 iztur\u012bba pret mitrumu, t\u0101p\u0113c rokas paliks sausas.\nPild\u012bjumam ir augstas siltumizol\u0101cijas \u012bpa\u0161\u012bbas, nov\u0113r\u0161ot aukst\u0101 gaisa iek\u013c\u016b\u0161anu un saglab\u0101jot rokas siltas.\nCimdu aug\u0161da\u013cu var fiks\u0113t izmantojot auklas ar plastmasas klip\u0161us.\nRaksturlielumi:\nOptim\u0101la lieto\u0161anas temperat\u016bra: no 0\u2103 l\u012bdz -15\u2103\nKr\u0101sa: melna;\nIzm\u0113rs : 12 x 30 cm;\nMateri\u0101ls: \u016bdeni atgr\u016bdo\u0161s neilons 20D 400T;\nPild\u012bjuma veids: 90% dab\u012bgas zoss d\u016bnas;\nIzm\u0113ri saloc\u012bt\u0101 veid\u0101: 13 x 7 cm;\nSvars: 50 g.","short_description":"Ziemas cimdi ir izgatavoti no \u016bdeni atgr\u016bdo\u0161a 20D 400T neilona.","status":"publish","sku":"6927595732380","original":53155},"wpml":{"translation_type":1,"has_translations":true,"original":53155,"duplicates":[],"translations":{"lv":53155,"en":67910,"ru":null}},"supplier_id":null,"supplier_sku":"","barcode":null,"atum_controlled":true,"out_stock_date":null,"out_stock_threshold":null,"inheritable":false,"inbound_stock":null,"stock_on_hold":0,"sold_today":0,"sales_last_days":0,"reserved_stock":null,"customer_returns":null,"warehouse_damage":null,"lost_in_post":null,"other_logs":null,"out_stock_days":0,"lost_sales":0,"has_location":null,"update_date":"2025-12-30T14:13:29","atum_locations":[],"atum_stock_status":"outofstock","restock_status":false,"low_stock_amount":"","sales_update_date":"2025-11-13T14:08:24","calc_backorders":null,"yoast_head":"<!-- This site is optimized with the Yoast SEO plugin v27.3 - https:\/\/yoast.com\/product\/yoast-seo-wordpress\/ -->\n<title>Naturehike - \u016adensiztur\u012bgi d\u016bnu d\u016brai\u0146i<\/title>\n<meta name=\"description\" content=\"Ziemas cimdi ir izgatavoti no \u016bdeni atgr\u016bdo\u0161a 20D 400T neilona. Cimdi ir paredz\u0113ti, lai ziemas sezon\u0101 aizsarg\u0101tu rokas no mitruma, sala un auksta v\u0113ja.\" \/>\n<meta name=\"robots\" content=\"index, follow, max-snippet:-1, max-image-preview:large, max-video-preview:-1\" \/>\n<link rel=\"canonical\" href=\"https:\/\/gohike.lv\/ru\/produkts\/naturehike-udensizturigi-dunu-duraini\/\" \/>\n<meta property=\"og:locale\" content=\"ru_RU\" \/>\n<meta property=\"og:type\" content=\"article\" \/>\n<meta property=\"og:title\" content=\"Naturehike - D\u016bnas d\u016brai\u0146i\" \/>\n<meta property=\"og:description\" content=\"Ziemas cimdi ir izgatavoti no \u016bdeni atgr\u016bdo\u0161a 20D 400T neilona. Cimdi ir paredz\u0113ti, lai ziemas sezon\u0101 aizsarg\u0101tu rokas no mitruma, sala un auksta v\u0113ja.\" \/>\n<meta property=\"og:url\" content=\"https:\/\/gohike.lv\/ru\/produkts\/naturehike-udensizturigi-dunu-duraini\/\" \/>\n<meta property=\"og:site_name\" content=\"GoHike\" \/>\n<meta property=\"article:publisher\" content=\"https:\/\/www.facebook.com\/gohike.shop\/\" \/>\n<meta property=\"article:modified_time\" content=\"2025-12-30T14:10:02+00:00\" \/>\n<meta property=\"og:image\" content=\"https:\/\/gohike.lv\/wp-content\/uploads\/2024\/04\/GooseGloves_-1.webp\" \/>\n\t<meta property=\"og:image:width\" content=\"720\" \/>\n\t<meta property=\"og:image:height\" content=\"720\" \/>\n\t<meta property=\"og:image:type\" content=\"image\/webp\" \/>\n<meta name=\"twitter:card\" content=\"summary_large_image\" \/>\n<meta name=\"twitter:title\" content=\"Naturehike - D\u016bnas d\u016brai\u0146i\" \/>\n<meta name=\"twitter:label1\" content=\"\u041f\u0440\u0438\u043c\u0435\u0440\u043d\u043e\u0435 \u0432\u0440\u0435\u043c\u044f \u0434\u043b\u044f \u0447\u0442\u0435\u043d\u0438\u044f\" \/>\n\t<meta name=\"twitter:data1\" content=\"1 \u043c\u0438\u043d\u0443\u0442\u0430\" \/>\n<script type=\"application\/ld+json\" class=\"yoast-schema-graph\">{\"@context\":\"https:\\\/\\\/schema.org\",\"@graph\":[{\"@type\":[\"WebPage\",\"ItemPage\"],\"@id\":\"https:\\\/\\\/gohike.lv\\\/ru\\\/produkts\\\/naturehike-udensizturigi-dunu-duraini\\\/\",\"url\":\"https:\\\/\\\/gohike.lv\\\/ru\\\/produkts\\\/naturehike-udensizturigi-dunu-duraini\\\/\",\"name\":\"Naturehike - \u016adensiztur\u012bgi d\u016bnu d\u016brai\u0146i\",\"isPartOf\":{\"@id\":\"https:\\\/\\\/gohike.lv\\\/ru\\\/#website\"},\"primaryImageOfPage\":{\"@id\":\"https:\\\/\\\/gohike.lv\\\/ru\\\/produkts\\\/naturehike-udensizturigi-dunu-duraini\\\/#primaryimage\"},\"image\":{\"@id\":\"https:\\\/\\\/gohike.lv\\\/ru\\\/produkts\\\/naturehike-udensizturigi-dunu-duraini\\\/#primaryimage\"},\"thumbnailUrl\":\"https:\\\/\\\/gohike.lv\\\/wp-content\\\/uploads\\\/2024\\\/04\\\/GooseGloves_-1.webp\",\"datePublished\":\"2024-05-07T08:42:37+00:00\",\"dateModified\":\"2025-12-30T14:10:02+00:00\",\"description\":\"Ziemas cimdi ir izgatavoti no \u016bdeni atgr\u016bdo\u0161a 20D 400T neilona. Cimdi ir paredz\u0113ti, lai ziemas sezon\u0101 aizsarg\u0101tu rokas no mitruma, sala un auksta v\u0113ja.\",\"breadcrumb\":{\"@id\":\"https:\\\/\\\/gohike.lv\\\/ru\\\/produkts\\\/naturehike-udensizturigi-dunu-duraini\\\/#breadcrumb\"},\"inLanguage\":\"ru-RU\",\"potentialAction\":[{\"@type\":\"ReadAction\",\"target\":[\"https:\\\/\\\/gohike.lv\\\/ru\\\/produkts\\\/naturehike-udensizturigi-dunu-duraini\\\/\"]}]},{\"@type\":\"ImageObject\",\"inLanguage\":\"ru-RU\",\"@id\":\"https:\\\/\\\/gohike.lv\\\/ru\\\/produkts\\\/naturehike-udensizturigi-dunu-duraini\\\/#primaryimage\",\"url\":\"https:\\\/\\\/gohike.lv\\\/wp-content\\\/uploads\\\/2024\\\/04\\\/GooseGloves_-1.webp\",\"contentUrl\":\"https:\\\/\\\/gohike.lv\\\/wp-content\\\/uploads\\\/2024\\\/04\\\/GooseGloves_-1.webp\",\"width\":720,\"height\":720},{\"@type\":\"BreadcrumbList\",\"@id\":\"https:\\\/\\\/gohike.lv\\\/ru\\\/produkts\\\/naturehike-udensizturigi-dunu-duraini\\\/#breadcrumb\",\"itemListElement\":[{\"@type\":\"ListItem\",\"position\":1,\"name\":\"\u0413\u043b\u0430\u0432\u043d\u0430\u044f\",\"item\":\"https:\\\/\\\/gohike.lv\\\/ru\\\/\"},{\"@type\":\"ListItem\",\"position\":2,\"name\":\"\u041a\u0430\u0442\u0435\u0433\u043e\u0440\u0438\u0438 \u0442\u043e\u0432\u0430\u0440\u043e\u0432\",\"item\":\"https:\\\/\\\/gohike.lv\\\/%d0%ba%d0%b0%d1%82%d0%b5%d0%b3%d0%be%d1%80%d0%b8%d0%b8-%d1%82%d0%be%d0%b2%d0%b0%d1%80%d0%be%d0%b2\\\/\"},{\"@type\":\"ListItem\",\"position\":3,\"name\":\"Naturehike &#8211; \u016adensiztur\u012bgi d\u016bnu d\u016brai\u0146i\"}]},{\"@type\":\"WebSite\",\"@id\":\"https:\\\/\\\/gohike.lv\\\/ru\\\/#website\",\"url\":\"https:\\\/\\\/gohike.lv\\\/ru\\\/\",\"name\":\"GoHike\",\"description\":\"\",\"publisher\":{\"@id\":\"https:\\\/\\\/gohike.lv\\\/ru\\\/#organization\"},\"potentialAction\":[{\"@type\":\"SearchAction\",\"target\":{\"@type\":\"EntryPoint\",\"urlTemplate\":\"https:\\\/\\\/gohike.lv\\\/ru\\\/?s={search_term_string}\"},\"query-input\":{\"@type\":\"PropertyValueSpecification\",\"valueRequired\":true,\"valueName\":\"search_term_string\"}}],\"inLanguage\":\"ru-RU\"},{\"@type\":\"Organization\",\"@id\":\"https:\\\/\\\/gohike.lv\\\/ru\\\/#organization\",\"name\":\"GoHike\",\"url\":\"https:\\\/\\\/gohike.lv\\\/ru\\\/\",\"logo\":{\"@type\":\"ImageObject\",\"inLanguage\":\"ru-RU\",\"@id\":\"https:\\\/\\\/gohike.lv\\\/ru\\\/#\\\/schema\\\/logo\\\/image\\\/\",\"url\":\"https:\\\/\\\/gohike.lv\\\/wp-content\\\/uploads\\\/2023\\\/08\\\/Logo_GoHike.webp\",\"contentUrl\":\"https:\\\/\\\/gohike.lv\\\/wp-content\\\/uploads\\\/2023\\\/08\\\/Logo_GoHike.webp\",\"width\":512,\"height\":512,\"caption\":\"GoHike\"},\"image\":{\"@id\":\"https:\\\/\\\/gohike.lv\\\/ru\\\/#\\\/schema\\\/logo\\\/image\\\/\"},\"sameAs\":[\"https:\\\/\\\/www.facebook.com\\\/gohike.shop\\\/\",\"https:\\\/\\\/www.instagram.com\\\/gohike.shop\\\/\"]}]}<\/script>\n<!-- \/ Yoast SEO plugin. -->","yoast_head_json":{"title":"Naturehike - \u016adensiztur\u012bgi d\u016bnu d\u016brai\u0146i","description":"Ziemas cimdi ir izgatavoti no \u016bdeni atgr\u016bdo\u0161a 20D 400T neilona. Cimdi ir paredz\u0113ti, lai ziemas sezon\u0101 aizsarg\u0101tu rokas no mitruma, sala un auksta v\u0113ja.","robots":{"index":"index","follow":"follow","max-snippet":"max-snippet:-1","max-image-preview":"max-image-preview:large","max-video-preview":"max-video-preview:-1"},"canonical":"https:\/\/gohike.lv\/ru\/produkts\/naturehike-udensizturigi-dunu-duraini\/","og_locale":"ru_RU","og_type":"article","og_title":"Naturehike - D\u016bnas d\u016brai\u0146i","og_description":"Ziemas cimdi ir izgatavoti no \u016bdeni atgr\u016bdo\u0161a 20D 400T neilona. Cimdi ir paredz\u0113ti, lai ziemas sezon\u0101 aizsarg\u0101tu rokas no mitruma, sala un auksta v\u0113ja.","og_url":"https:\/\/gohike.lv\/ru\/produkts\/naturehike-udensizturigi-dunu-duraini\/","og_site_name":"GoHike","article_publisher":"https:\/\/www.facebook.com\/gohike.shop\/","article_modified_time":"2025-12-30T14:10:02+00:00","og_image":[{"width":720,"height":720,"url":"https:\/\/gohike.lv\/wp-content\/uploads\/2024\/04\/GooseGloves_-1.webp","type":"image\/webp"}],"twitter_card":"summary_large_image","twitter_title":"Naturehike - D\u016bnas d\u016brai\u0146i","twitter_misc":{"\u041f\u0440\u0438\u043c\u0435\u0440\u043d\u043e\u0435 \u0432\u0440\u0435\u043c\u044f \u0434\u043b\u044f \u0447\u0442\u0435\u043d\u0438\u044f":"1 \u043c\u0438\u043d\u0443\u0442\u0430"},"schema":{"@context":"https:\/\/schema.org","@graph":[{"@type":["WebPage","ItemPage"],"@id":"https:\/\/gohike.lv\/ru\/produkts\/naturehike-udensizturigi-dunu-duraini\/","url":"https:\/\/gohike.lv\/ru\/produkts\/naturehike-udensizturigi-dunu-duraini\/","name":"Naturehike - \u016adensiztur\u012bgi d\u016bnu d\u016brai\u0146i","isPartOf":{"@id":"https:\/\/gohike.lv\/ru\/#website"},"primaryImageOfPage":{"@id":"https:\/\/gohike.lv\/ru\/produkts\/naturehike-udensizturigi-dunu-duraini\/#primaryimage"},"image":{"@id":"https:\/\/gohike.lv\/ru\/produkts\/naturehike-udensizturigi-dunu-duraini\/#primaryimage"},"thumbnailUrl":"https:\/\/gohike.lv\/wp-content\/uploads\/2024\/04\/GooseGloves_-1.webp","datePublished":"2024-05-07T08:42:37+00:00","dateModified":"2025-12-30T14:10:02+00:00","description":"Ziemas cimdi ir izgatavoti no \u016bdeni atgr\u016bdo\u0161a 20D 400T neilona. Cimdi ir paredz\u0113ti, lai ziemas sezon\u0101 aizsarg\u0101tu rokas no mitruma, sala un auksta v\u0113ja.","breadcrumb":{"@id":"https:\/\/gohike.lv\/ru\/produkts\/naturehike-udensizturigi-dunu-duraini\/#breadcrumb"},"inLanguage":"ru-RU","potentialAction":[{"@type":"ReadAction","target":["https:\/\/gohike.lv\/ru\/produkts\/naturehike-udensizturigi-dunu-duraini\/"]}]},{"@type":"ImageObject","inLanguage":"ru-RU","@id":"https:\/\/gohike.lv\/ru\/produkts\/naturehike-udensizturigi-dunu-duraini\/#primaryimage","url":"https:\/\/gohike.lv\/wp-content\/uploads\/2024\/04\/GooseGloves_-1.webp","contentUrl":"https:\/\/gohike.lv\/wp-content\/uploads\/2024\/04\/GooseGloves_-1.webp","width":720,"height":720},{"@type":"BreadcrumbList","@id":"https:\/\/gohike.lv\/ru\/produkts\/naturehike-udensizturigi-dunu-duraini\/#breadcrumb","itemListElement":[{"@type":"ListItem","position":1,"name":"\u0413\u043b\u0430\u0432\u043d\u0430\u044f","item":"https:\/\/gohike.lv\/ru\/"},{"@type":"ListItem","position":2,"name":"\u041a\u0430\u0442\u0435\u0433\u043e\u0440\u0438\u0438 \u0442\u043e\u0432\u0430\u0440\u043e\u0432","item":"https:\/\/gohike.lv\/%d0%ba%d0%b0%d1%82%d0%b5%d0%b3%d0%be%d1%80%d0%b8%d0%b8-%d1%82%d0%be%d0%b2%d0%b0%d1%80%d0%be%d0%b2\/"},{"@type":"ListItem","position":3,"name":"Naturehike &#8211; \u016adensiztur\u012bgi d\u016bnu d\u016brai\u0146i"}]},{"@type":"WebSite","@id":"https:\/\/gohike.lv\/ru\/#website","url":"https:\/\/gohike.lv\/ru\/","name":"GoHike","description":"","publisher":{"@id":"https:\/\/gohike.lv\/ru\/#organization"},"potentialAction":[{"@type":"SearchAction","target":{"@type":"EntryPoint","urlTemplate":"https:\/\/gohike.lv\/ru\/?s={search_term_string}"},"query-input":{"@type":"PropertyValueSpecification","valueRequired":true,"valueName":"search_term_string"}}],"inLanguage":"ru-RU"},{"@type":"Organization","@id":"https:\/\/gohike.lv\/ru\/#organization","name":"GoHike","url":"https:\/\/gohike.lv\/ru\/","logo":{"@type":"ImageObject","inLanguage":"ru-RU","@id":"https:\/\/gohike.lv\/ru\/#\/schema\/logo\/image\/","url":"https:\/\/gohike.lv\/wp-content\/uploads\/2023\/08\/Logo_GoHike.webp","contentUrl":"https:\/\/gohike.lv\/wp-content\/uploads\/2023\/08\/Logo_GoHike.webp","width":512,"height":512,"caption":"GoHike"},"image":{"@id":"https:\/\/gohike.lv\/ru\/#\/schema\/logo\/image\/"},"sameAs":["https:\/\/www.facebook.com\/gohike.shop\/","https:\/\/www.instagram.com\/gohike.shop\/"]}]}},"jetpack_sharing_enabled":true,"_links":{"self":[{"href":"https:\/\/gohike.lv\/ru\/wp-json\/wp\/v2\/product\/53155","targetHints":{"allow":["GET"]}}],"collection":[{"href":"https:\/\/gohike.lv\/ru\/wp-json\/wp\/v2\/product"}],"about":[{"href":"https:\/\/gohike.lv\/ru\/wp-json\/wp\/v2\/types\/product"}],"version-history":[{"count":0,"href":"https:\/\/gohike.lv\/ru\/wp-json\/wp\/v2\/product\/53155\/revisions"}],"wp:featuredmedia":[{"embeddable":true,"href":"https:\/\/gohike.lv\/ru\/wp-json\/wp\/v2\/media\/33860"}],"wp:attachment":[{"href":"https:\/\/gohike.lv\/ru\/wp-json\/wp\/v2\/media?parent=53155"}],"wp:term":[{"taxonomy":"product_brand","embeddable":true,"href":"https:\/\/gohike.lv\/ru\/wp-json\/wp\/v2\/product_brand?post=53155"},{"taxonomy":"product_cat","embeddable":true,"href":"https:\/\/gohike.lv\/ru\/wp-json\/wp\/v2\/product_cat?post=53155"},{"taxonomy":"product_tag","embeddable":true,"href":"https:\/\/gohike.lv\/ru\/wp-json\/wp\/v2\/product_tag?post=53155"}],"curies":[{"name":"wp","href":"https:\/\/api.w.org\/{rel}","templated":true}]}}