{"id":53153,"date":"2024-05-07T11:42:37","date_gmt":"2024-05-07T08:42:37","guid":{"rendered":"https:\/\/gohike.lv\/produkts\/naturehike-daudzfunkcionals-lietusmetelis-ponco-3-in-1-20d\/"},"modified":"2025-12-30T17:10:02","modified_gmt":"2025-12-30T14:10:02","slug":"naturehike-daudzfunkcionals-lietusmetelis-ponco-3-in-1-20d","status":"publish","type":"product","link":"https:\/\/gohike.lv\/ru\/produkts\/naturehike-daudzfunkcionals-lietusmetelis-ponco-3-in-1-20d\/","title":{"rendered":"Naturehike &#8212; Daudzfunkcion\u0101ls lietusm\u0113telis-pon\u010do 3 in 1 &#8212; 20D"},"content":{"rendered":"<p>Kompakts dizains, to ir viegli uzglab\u0101t som\u0101.<br \/>\n\u0160is daudzfunkcion\u0101lais pon\u010do ir izgatavots no viegla un \u016bdensnecaurlaid\u012bga materi\u0101la, kura biezums ir l\u012bdz 3000 mm.<br \/>\nLabaj\u0101 un kreisaj\u0101 pus\u0113 lip\u012bgs ir Velcro materi\u0101ls, t\u0101p\u0113c to ir viegli atv\u0113rt un aizv\u0113rt.<br \/>\nIr gredzena caurums nojumes staba ievieto\u0161anai.<br \/>\nPiem\u0113rots kempingiem, p\u0101rg\u0101jieniem vai ikdienai.<br \/>\nRaksturlielumi:<br \/>\nZ\u012bmols: Naturehike;<br \/>\nMode\u013ca numurs: NH17D002-M;<br \/>\nMateri\u0101ls: 210T poliesters;<br \/>\nIzm\u0113rs:<br \/>\nPon\u010do: 230 x 140 cm;<br \/>\nIepakojums: 10 x 22 cm (20D);<br \/>\n\u016adensiztur\u012bbas indekss: PU4000MM (20D);<br \/>\nSvars: 200g.<\/p>\n","protected":false},"excerpt":{"rendered":"<p>Naturehike augst\u0101k\u0101s kvalit\u0101tes pon\u010do tr\u012bs vien\u0101 ir izgatavots no 20D poliestera materi\u0101la, kas ir iztur\u012bgs un viegls.<\/p>\n","protected":false},"featured_media":33848,"template":"","meta":[],"product_brand":[167],"product_cat":[1419],"product_tag":[],"class_list":{"0":"post-53153","1":"product","2":"type-product","3":"status-publish","4":"has-post-thumbnail","6":"product_brand-naturehike-lv","7":"product_cat-apgerbs","8":"pa_izmeriscm-10122","9":"pa_materiali-20d-neilons","10":"pa_produkta-tips-lietusmeteli","11":"pa_saliktas-preces-izmerscm-7911","12":"pa_spalva-oranzs","14":"first","15":"outofstock","16":"taxable","17":"shipping-taxable","18":"purchasable","19":"product-type-simple"},"raw_content":{"name":"Naturehike - Daudzfunkcion\u0101ls lietusm\u0113telis-pon\u010do 3 in 1 - 20D","description":"Kompakts dizains, to ir viegli uzglab\u0101t som\u0101.\n\u0160is daudzfunkcion\u0101lais pon\u010do ir izgatavots no viegla un \u016bdensnecaurlaid\u012bga materi\u0101la, kura biezums ir l\u012bdz 3000 mm.\nLabaj\u0101 un kreisaj\u0101 pus\u0113 lip\u012bgs ir Velcro materi\u0101ls, t\u0101p\u0113c to ir viegli atv\u0113rt un aizv\u0113rt.\nIr gredzena caurums nojumes staba ievieto\u0161anai.\nPiem\u0113rots kempingiem, p\u0101rg\u0101jieniem vai ikdienai.\nRaksturlielumi:\nZ\u012bmols: Naturehike;\nMode\u013ca numurs: NH17D002-M;\nMateri\u0101ls: 210T poliesters;\nIzm\u0113rs:\nPon\u010do: 230 x 140 cm;\nIepakojums: 10 x 22 cm (20D);\n\u016adensiztur\u012bbas indekss: PU4000MM (20D);\nSvars: 200g.","short_description":"Naturehike augst\u0101k\u0101s kvalit\u0101tes pon\u010do tr\u012bs vien\u0101 ir izgatavots no 20D poliestera materi\u0101la, kas ir iztur\u012bgs un viegls.","status":"publish","sku":"6927595717998","original":53153},"wpml":{"translation_type":1,"has_translations":true,"original":53153,"duplicates":[],"translations":{"lv":53153,"en":67912,"ru":null}},"supplier_id":null,"supplier_sku":"","barcode":null,"atum_controlled":true,"out_stock_date":null,"out_stock_threshold":null,"inheritable":false,"inbound_stock":null,"stock_on_hold":0,"sold_today":0,"sales_last_days":0,"reserved_stock":null,"customer_returns":null,"warehouse_damage":null,"lost_in_post":null,"other_logs":null,"out_stock_days":0,"lost_sales":0,"has_location":null,"update_date":"2025-12-30T14:13:29","atum_locations":[],"atum_stock_status":"outofstock","restock_status":false,"low_stock_amount":"","sales_update_date":"2025-11-13T14:08:15","calc_backorders":null,"yoast_head":"<!-- This site is optimized with the Yoast SEO plugin v27.3 - https:\/\/yoast.com\/product\/yoast-seo-wordpress\/ -->\n<title>Naturehike - Daudzfunkcion\u0101ls lietusm\u0113telis-pon\u010do 3 in 1 - 20D<\/title>\n<meta name=\"description\" content=\"Naturehike augst\u0101k\u0101s kvalit\u0101tes pon\u010do tr\u012bs vien\u0101 ir izgatavots no 20D poliestera materi\u0101la, kas ir iztur\u012bgs un viegls. Viegli uzglab\u0101t som\u0101.\" \/>\n<meta name=\"robots\" content=\"index, follow, max-snippet:-1, max-image-preview:large, max-video-preview:-1\" \/>\n<link rel=\"canonical\" href=\"https:\/\/gohike.lv\/ru\/produkts\/naturehike-daudzfunkcionals-lietusmetelis-ponco-3-in-1-20d\/\" \/>\n<meta property=\"og:locale\" content=\"ru_RU\" \/>\n<meta property=\"og:type\" content=\"article\" \/>\n<meta property=\"og:title\" content=\"Naturehike - Lietusm\u0113telis\" \/>\n<meta property=\"og:description\" content=\"Naturehike augst\u0101k\u0101s kvalit\u0101tes pon\u010do tr\u012bs vien\u0101 ir izgatavots no 20D poliestera materi\u0101la, kas ir iztur\u012bgs un viegls. Viegli uzglab\u0101t som\u0101.\" \/>\n<meta property=\"og:url\" content=\"https:\/\/gohike.lv\/ru\/produkts\/naturehike-daudzfunkcionals-lietusmetelis-ponco-3-in-1-20d\/\" \/>\n<meta property=\"og:site_name\" content=\"GoHike\" \/>\n<meta property=\"article:publisher\" content=\"https:\/\/www.facebook.com\/gohike.shop\/\" \/>\n<meta property=\"article:modified_time\" content=\"2025-12-30T14:10:02+00:00\" \/>\n<meta property=\"og:image\" content=\"https:\/\/gohike.lv\/wp-content\/uploads\/2024\/04\/3in1poncho_orange-1.webp\" \/>\n\t<meta property=\"og:image:width\" content=\"800\" \/>\n\t<meta property=\"og:image:height\" content=\"800\" \/>\n\t<meta property=\"og:image:type\" content=\"image\/webp\" \/>\n<meta name=\"twitter:card\" content=\"summary_large_image\" \/>\n<meta name=\"twitter:title\" content=\"Naturehike - Lietusm\u0113telis\" \/>\n<meta name=\"twitter:label1\" content=\"\u041f\u0440\u0438\u043c\u0435\u0440\u043d\u043e\u0435 \u0432\u0440\u0435\u043c\u044f \u0434\u043b\u044f \u0447\u0442\u0435\u043d\u0438\u044f\" \/>\n\t<meta name=\"twitter:data1\" content=\"1 \u043c\u0438\u043d\u0443\u0442\u0430\" \/>\n<script type=\"application\/ld+json\" class=\"yoast-schema-graph\">{\"@context\":\"https:\\\/\\\/schema.org\",\"@graph\":[{\"@type\":[\"WebPage\",\"ItemPage\"],\"@id\":\"https:\\\/\\\/gohike.lv\\\/ru\\\/produkts\\\/naturehike-daudzfunkcionals-lietusmetelis-ponco-3-in-1-20d\\\/\",\"url\":\"https:\\\/\\\/gohike.lv\\\/ru\\\/produkts\\\/naturehike-daudzfunkcionals-lietusmetelis-ponco-3-in-1-20d\\\/\",\"name\":\"Naturehike - Daudzfunkcion\u0101ls lietusm\u0113telis-pon\u010do 3 in 1 - 20D\",\"isPartOf\":{\"@id\":\"https:\\\/\\\/gohike.lv\\\/ru\\\/#website\"},\"primaryImageOfPage\":{\"@id\":\"https:\\\/\\\/gohike.lv\\\/ru\\\/produkts\\\/naturehike-daudzfunkcionals-lietusmetelis-ponco-3-in-1-20d\\\/#primaryimage\"},\"image\":{\"@id\":\"https:\\\/\\\/gohike.lv\\\/ru\\\/produkts\\\/naturehike-daudzfunkcionals-lietusmetelis-ponco-3-in-1-20d\\\/#primaryimage\"},\"thumbnailUrl\":\"https:\\\/\\\/gohike.lv\\\/wp-content\\\/uploads\\\/2024\\\/04\\\/3in1poncho_orange-1.webp\",\"datePublished\":\"2024-05-07T08:42:37+00:00\",\"dateModified\":\"2025-12-30T14:10:02+00:00\",\"description\":\"Naturehike augst\u0101k\u0101s kvalit\u0101tes pon\u010do tr\u012bs vien\u0101 ir izgatavots no 20D poliestera materi\u0101la, kas ir iztur\u012bgs un viegls. Viegli uzglab\u0101t som\u0101.\",\"breadcrumb\":{\"@id\":\"https:\\\/\\\/gohike.lv\\\/ru\\\/produkts\\\/naturehike-daudzfunkcionals-lietusmetelis-ponco-3-in-1-20d\\\/#breadcrumb\"},\"inLanguage\":\"ru-RU\",\"potentialAction\":[{\"@type\":\"ReadAction\",\"target\":[\"https:\\\/\\\/gohike.lv\\\/ru\\\/produkts\\\/naturehike-daudzfunkcionals-lietusmetelis-ponco-3-in-1-20d\\\/\"]}]},{\"@type\":\"ImageObject\",\"inLanguage\":\"ru-RU\",\"@id\":\"https:\\\/\\\/gohike.lv\\\/ru\\\/produkts\\\/naturehike-daudzfunkcionals-lietusmetelis-ponco-3-in-1-20d\\\/#primaryimage\",\"url\":\"https:\\\/\\\/gohike.lv\\\/wp-content\\\/uploads\\\/2024\\\/04\\\/3in1poncho_orange-1.webp\",\"contentUrl\":\"https:\\\/\\\/gohike.lv\\\/wp-content\\\/uploads\\\/2024\\\/04\\\/3in1poncho_orange-1.webp\",\"width\":800,\"height\":800},{\"@type\":\"BreadcrumbList\",\"@id\":\"https:\\\/\\\/gohike.lv\\\/ru\\\/produkts\\\/naturehike-daudzfunkcionals-lietusmetelis-ponco-3-in-1-20d\\\/#breadcrumb\",\"itemListElement\":[{\"@type\":\"ListItem\",\"position\":1,\"name\":\"\u0413\u043b\u0430\u0432\u043d\u0430\u044f\",\"item\":\"https:\\\/\\\/gohike.lv\\\/ru\\\/\"},{\"@type\":\"ListItem\",\"position\":2,\"name\":\"\u041a\u0430\u0442\u0435\u0433\u043e\u0440\u0438\u0438 \u0442\u043e\u0432\u0430\u0440\u043e\u0432\",\"item\":\"https:\\\/\\\/gohike.lv\\\/%d0%ba%d0%b0%d1%82%d0%b5%d0%b3%d0%be%d1%80%d0%b8%d0%b8-%d1%82%d0%be%d0%b2%d0%b0%d1%80%d0%be%d0%b2\\\/\"},{\"@type\":\"ListItem\",\"position\":3,\"name\":\"Naturehike &#8211; Daudzfunkcion\u0101ls lietusm\u0113telis-pon\u010do 3 in 1 &#8211; 20D\"}]},{\"@type\":\"WebSite\",\"@id\":\"https:\\\/\\\/gohike.lv\\\/ru\\\/#website\",\"url\":\"https:\\\/\\\/gohike.lv\\\/ru\\\/\",\"name\":\"GoHike\",\"description\":\"\",\"publisher\":{\"@id\":\"https:\\\/\\\/gohike.lv\\\/ru\\\/#organization\"},\"potentialAction\":[{\"@type\":\"SearchAction\",\"target\":{\"@type\":\"EntryPoint\",\"urlTemplate\":\"https:\\\/\\\/gohike.lv\\\/ru\\\/?s={search_term_string}\"},\"query-input\":{\"@type\":\"PropertyValueSpecification\",\"valueRequired\":true,\"valueName\":\"search_term_string\"}}],\"inLanguage\":\"ru-RU\"},{\"@type\":\"Organization\",\"@id\":\"https:\\\/\\\/gohike.lv\\\/ru\\\/#organization\",\"name\":\"GoHike\",\"url\":\"https:\\\/\\\/gohike.lv\\\/ru\\\/\",\"logo\":{\"@type\":\"ImageObject\",\"inLanguage\":\"ru-RU\",\"@id\":\"https:\\\/\\\/gohike.lv\\\/ru\\\/#\\\/schema\\\/logo\\\/image\\\/\",\"url\":\"https:\\\/\\\/gohike.lv\\\/wp-content\\\/uploads\\\/2023\\\/08\\\/Logo_GoHike.webp\",\"contentUrl\":\"https:\\\/\\\/gohike.lv\\\/wp-content\\\/uploads\\\/2023\\\/08\\\/Logo_GoHike.webp\",\"width\":512,\"height\":512,\"caption\":\"GoHike\"},\"image\":{\"@id\":\"https:\\\/\\\/gohike.lv\\\/ru\\\/#\\\/schema\\\/logo\\\/image\\\/\"},\"sameAs\":[\"https:\\\/\\\/www.facebook.com\\\/gohike.shop\\\/\",\"https:\\\/\\\/www.instagram.com\\\/gohike.shop\\\/\"]}]}<\/script>\n<!-- \/ Yoast SEO plugin. -->","yoast_head_json":{"title":"Naturehike - Daudzfunkcion\u0101ls lietusm\u0113telis-pon\u010do 3 in 1 - 20D","description":"Naturehike augst\u0101k\u0101s kvalit\u0101tes pon\u010do tr\u012bs vien\u0101 ir izgatavots no 20D poliestera materi\u0101la, kas ir iztur\u012bgs un viegls. Viegli uzglab\u0101t som\u0101.","robots":{"index":"index","follow":"follow","max-snippet":"max-snippet:-1","max-image-preview":"max-image-preview:large","max-video-preview":"max-video-preview:-1"},"canonical":"https:\/\/gohike.lv\/ru\/produkts\/naturehike-daudzfunkcionals-lietusmetelis-ponco-3-in-1-20d\/","og_locale":"ru_RU","og_type":"article","og_title":"Naturehike - Lietusm\u0113telis","og_description":"Naturehike augst\u0101k\u0101s kvalit\u0101tes pon\u010do tr\u012bs vien\u0101 ir izgatavots no 20D poliestera materi\u0101la, kas ir iztur\u012bgs un viegls. Viegli uzglab\u0101t som\u0101.","og_url":"https:\/\/gohike.lv\/ru\/produkts\/naturehike-daudzfunkcionals-lietusmetelis-ponco-3-in-1-20d\/","og_site_name":"GoHike","article_publisher":"https:\/\/www.facebook.com\/gohike.shop\/","article_modified_time":"2025-12-30T14:10:02+00:00","og_image":[{"width":800,"height":800,"url":"https:\/\/gohike.lv\/wp-content\/uploads\/2024\/04\/3in1poncho_orange-1.webp","type":"image\/webp"}],"twitter_card":"summary_large_image","twitter_title":"Naturehike - Lietusm\u0113telis","twitter_misc":{"\u041f\u0440\u0438\u043c\u0435\u0440\u043d\u043e\u0435 \u0432\u0440\u0435\u043c\u044f \u0434\u043b\u044f \u0447\u0442\u0435\u043d\u0438\u044f":"1 \u043c\u0438\u043d\u0443\u0442\u0430"},"schema":{"@context":"https:\/\/schema.org","@graph":[{"@type":["WebPage","ItemPage"],"@id":"https:\/\/gohike.lv\/ru\/produkts\/naturehike-daudzfunkcionals-lietusmetelis-ponco-3-in-1-20d\/","url":"https:\/\/gohike.lv\/ru\/produkts\/naturehike-daudzfunkcionals-lietusmetelis-ponco-3-in-1-20d\/","name":"Naturehike - Daudzfunkcion\u0101ls lietusm\u0113telis-pon\u010do 3 in 1 - 20D","isPartOf":{"@id":"https:\/\/gohike.lv\/ru\/#website"},"primaryImageOfPage":{"@id":"https:\/\/gohike.lv\/ru\/produkts\/naturehike-daudzfunkcionals-lietusmetelis-ponco-3-in-1-20d\/#primaryimage"},"image":{"@id":"https:\/\/gohike.lv\/ru\/produkts\/naturehike-daudzfunkcionals-lietusmetelis-ponco-3-in-1-20d\/#primaryimage"},"thumbnailUrl":"https:\/\/gohike.lv\/wp-content\/uploads\/2024\/04\/3in1poncho_orange-1.webp","datePublished":"2024-05-07T08:42:37+00:00","dateModified":"2025-12-30T14:10:02+00:00","description":"Naturehike augst\u0101k\u0101s kvalit\u0101tes pon\u010do tr\u012bs vien\u0101 ir izgatavots no 20D poliestera materi\u0101la, kas ir iztur\u012bgs un viegls. Viegli uzglab\u0101t som\u0101.","breadcrumb":{"@id":"https:\/\/gohike.lv\/ru\/produkts\/naturehike-daudzfunkcionals-lietusmetelis-ponco-3-in-1-20d\/#breadcrumb"},"inLanguage":"ru-RU","potentialAction":[{"@type":"ReadAction","target":["https:\/\/gohike.lv\/ru\/produkts\/naturehike-daudzfunkcionals-lietusmetelis-ponco-3-in-1-20d\/"]}]},{"@type":"ImageObject","inLanguage":"ru-RU","@id":"https:\/\/gohike.lv\/ru\/produkts\/naturehike-daudzfunkcionals-lietusmetelis-ponco-3-in-1-20d\/#primaryimage","url":"https:\/\/gohike.lv\/wp-content\/uploads\/2024\/04\/3in1poncho_orange-1.webp","contentUrl":"https:\/\/gohike.lv\/wp-content\/uploads\/2024\/04\/3in1poncho_orange-1.webp","width":800,"height":800},{"@type":"BreadcrumbList","@id":"https:\/\/gohike.lv\/ru\/produkts\/naturehike-daudzfunkcionals-lietusmetelis-ponco-3-in-1-20d\/#breadcrumb","itemListElement":[{"@type":"ListItem","position":1,"name":"\u0413\u043b\u0430\u0432\u043d\u0430\u044f","item":"https:\/\/gohike.lv\/ru\/"},{"@type":"ListItem","position":2,"name":"\u041a\u0430\u0442\u0435\u0433\u043e\u0440\u0438\u0438 \u0442\u043e\u0432\u0430\u0440\u043e\u0432","item":"https:\/\/gohike.lv\/%d0%ba%d0%b0%d1%82%d0%b5%d0%b3%d0%be%d1%80%d0%b8%d0%b8-%d1%82%d0%be%d0%b2%d0%b0%d1%80%d0%be%d0%b2\/"},{"@type":"ListItem","position":3,"name":"Naturehike &#8211; Daudzfunkcion\u0101ls lietusm\u0113telis-pon\u010do 3 in 1 &#8211; 20D"}]},{"@type":"WebSite","@id":"https:\/\/gohike.lv\/ru\/#website","url":"https:\/\/gohike.lv\/ru\/","name":"GoHike","description":"","publisher":{"@id":"https:\/\/gohike.lv\/ru\/#organization"},"potentialAction":[{"@type":"SearchAction","target":{"@type":"EntryPoint","urlTemplate":"https:\/\/gohike.lv\/ru\/?s={search_term_string}"},"query-input":{"@type":"PropertyValueSpecification","valueRequired":true,"valueName":"search_term_string"}}],"inLanguage":"ru-RU"},{"@type":"Organization","@id":"https:\/\/gohike.lv\/ru\/#organization","name":"GoHike","url":"https:\/\/gohike.lv\/ru\/","logo":{"@type":"ImageObject","inLanguage":"ru-RU","@id":"https:\/\/gohike.lv\/ru\/#\/schema\/logo\/image\/","url":"https:\/\/gohike.lv\/wp-content\/uploads\/2023\/08\/Logo_GoHike.webp","contentUrl":"https:\/\/gohike.lv\/wp-content\/uploads\/2023\/08\/Logo_GoHike.webp","width":512,"height":512,"caption":"GoHike"},"image":{"@id":"https:\/\/gohike.lv\/ru\/#\/schema\/logo\/image\/"},"sameAs":["https:\/\/www.facebook.com\/gohike.shop\/","https:\/\/www.instagram.com\/gohike.shop\/"]}]}},"jetpack_sharing_enabled":true,"_links":{"self":[{"href":"https:\/\/gohike.lv\/ru\/wp-json\/wp\/v2\/product\/53153","targetHints":{"allow":["GET"]}}],"collection":[{"href":"https:\/\/gohike.lv\/ru\/wp-json\/wp\/v2\/product"}],"about":[{"href":"https:\/\/gohike.lv\/ru\/wp-json\/wp\/v2\/types\/product"}],"version-history":[{"count":0,"href":"https:\/\/gohike.lv\/ru\/wp-json\/wp\/v2\/product\/53153\/revisions"}],"wp:featuredmedia":[{"embeddable":true,"href":"https:\/\/gohike.lv\/ru\/wp-json\/wp\/v2\/media\/33848"}],"wp:attachment":[{"href":"https:\/\/gohike.lv\/ru\/wp-json\/wp\/v2\/media?parent=53153"}],"wp:term":[{"taxonomy":"product_brand","embeddable":true,"href":"https:\/\/gohike.lv\/ru\/wp-json\/wp\/v2\/product_brand?post=53153"},{"taxonomy":"product_cat","embeddable":true,"href":"https:\/\/gohike.lv\/ru\/wp-json\/wp\/v2\/product_cat?post=53153"},{"taxonomy":"product_tag","embeddable":true,"href":"https:\/\/gohike.lv\/ru\/wp-json\/wp\/v2\/product_tag?post=53153"}],"curies":[{"name":"wp","href":"https:\/\/api.w.org\/{rel}","templated":true}]}}