{"id":53149,"date":"2024-05-07T11:42:37","date_gmt":"2024-05-07T08:42:37","guid":{"rendered":"https:\/\/gohike.lv\/produkts\/naturehike-lietusmetelis\/"},"modified":"2025-12-30T17:10:02","modified_gmt":"2025-12-30T14:10:02","slug":"naturehike-lietusmetelis","status":"publish","type":"product","link":"https:\/\/gohike.lv\/ru\/produkts\/naturehike-lietusmetelis\/","title":{"rendered":"Naturehike &#8212; Lietusm\u0113telis"},"content":{"rendered":"<p>Lietusm\u0113telis izgatavots no bl\u012bva, sint\u0113tiska materi\u0101la \u2013 poliestera.<br \/>\nPateicoties \u012bpa\u0161ajam poliuret\u0101na p\u0101rkl\u0101jumam, audumam ir \u016bdeni atgr\u016bdo\u0161as \u012bpa\u0161\u012bbas, sasniedzot 2000 mm \u016bdens stabu.<br \/>\nMateri\u0101ls iztur ar\u012b 5000 mm \u016bdens staba hidrostatisko spiedienu.<br \/>\nLietusm\u0113telis ir ar gar\u0101m piedurkn\u0113m un 33 cm augstu kapuci.<br \/>\nPriek\u0161pus\u0113 ir pla\u0161a kabata, kur\u0101 var p\u0101rn\u0113s\u0101t nepiecie\u0161am\u0101k\u0101s lietas, piem\u0113ram, viedt\u0101lruni vai atsl\u0113gas.<br \/>\nJa v\u0113laties, lietusm\u0113teli var izmantot k\u0101 improviz\u0113tu telti pagaidu patv\u0113rumam no lietus vai novietot uz zemes, lai izveidotu piknika vietu.<br \/>\nSaloc\u012bt\u0101 veid\u0101 lietusm\u0113teli var \u0113rti n\u0113s\u0101t kabat\u0101 vai som\u0101.<br \/>\nRaksturlielumi:<br \/>\nMateri\u0101ls: poliesters ar poliuret\u0101na p\u0101rkl\u0101jumu;<br \/>\n\u016adensiztur\u012bba: 2000 mm;<br \/>\nGarums: 107 cm;<br \/>\nPlatums: 143 cm&#8217;;<br \/>\nPiedurk\u0146u veids: garas;<br \/>\nKapuces augstums: 33 cm;<br \/>\nSvars: 190 g.<\/p>\n","protected":false},"excerpt":{"rendered":"<p>Naturehike poliestera lietusm\u0113telim ir vienk\u0101r\u0161s un stil\u012bgs dizains.<\/p>\n","protected":false},"featured_media":33828,"template":"","meta":[],"product_brand":[167],"product_cat":[1419],"product_tag":[],"class_list":{"0":"post-53149","1":"product","2":"type-product","3":"status-publish","4":"has-post-thumbnail","6":"product_brand-naturehike-lv","7":"product_cat-apgerbs","8":"pa_izmeriscm-10124","9":"pa_materiali-poliesters-ar-poliuretana-parklajumu","10":"pa_produkta-tips-lietusmeteli","12":"first","13":"outofstock","14":"taxable","15":"shipping-taxable","16":"purchasable","17":"product-type-simple"},"raw_content":{"name":"Naturehike - Lietusm\u0113telis","description":"Lietusm\u0113telis izgatavots no bl\u012bva, sint\u0113tiska materi\u0101la \u2013 poliestera.\nPateicoties \u012bpa\u0161ajam poliuret\u0101na p\u0101rkl\u0101jumam, audumam ir \u016bdeni atgr\u016bdo\u0161as \u012bpa\u0161\u012bbas, sasniedzot 2000 mm \u016bdens stabu.\nMateri\u0101ls iztur ar\u012b 5000 mm \u016bdens staba hidrostatisko spiedienu.\nLietusm\u0113telis ir ar gar\u0101m piedurkn\u0113m un 33 cm augstu kapuci.\nPriek\u0161pus\u0113 ir pla\u0161a kabata, kur\u0101 var p\u0101rn\u0113s\u0101t nepiecie\u0161am\u0101k\u0101s lietas, piem\u0113ram, viedt\u0101lruni vai atsl\u0113gas.\nJa v\u0113laties, lietusm\u0113teli var izmantot k\u0101 improviz\u0113tu telti pagaidu patv\u0113rumam no lietus vai novietot uz zemes, lai izveidotu piknika vietu.\nSaloc\u012bt\u0101 veid\u0101 lietusm\u0113teli var \u0113rti n\u0113s\u0101t kabat\u0101 vai som\u0101.\nRaksturlielumi:\nMateri\u0101ls: poliesters ar poliuret\u0101na p\u0101rkl\u0101jumu;\n\u016adensiztur\u012bba: 2000 mm;\nGarums: 107 cm;\nPlatums: 143 cm';\nPiedurk\u0146u veids: garas;\nKapuces augstums: 33 cm;\nSvars: 190 g.","short_description":"Naturehike poliestera lietusm\u0113telim ir vienk\u0101r\u0161s un stil\u012bgs dizains.","status":"publish","sku":"6975641884538","original":53149},"wpml":{"translation_type":1,"has_translations":true,"original":53149,"duplicates":[],"translations":{"lv":53149,"en":67916,"ru":null}},"supplier_id":null,"supplier_sku":"","barcode":null,"atum_controlled":true,"out_stock_date":null,"out_stock_threshold":null,"inheritable":false,"inbound_stock":null,"stock_on_hold":0,"sold_today":0,"sales_last_days":0,"reserved_stock":null,"customer_returns":null,"warehouse_damage":null,"lost_in_post":null,"other_logs":null,"out_stock_days":0,"lost_sales":0,"has_location":null,"update_date":"2025-12-30T14:13:29","atum_locations":[],"atum_stock_status":"outofstock","restock_status":false,"low_stock_amount":"","sales_update_date":"2025-11-13T14:08:15","calc_backorders":null,"yoast_head":"<!-- This site is optimized with the Yoast SEO plugin v27.3 - https:\/\/yoast.com\/product\/yoast-seo-wordpress\/ -->\n<title>Naturehike - Lietusm\u0113telis<\/title>\n<meta name=\"description\" content=\"Naturehike poliestera lietusm\u0113telim ir vienk\u0101r\u0161s un stil\u012bgs dizains. Lietusm\u0113telis ir ar gar\u0101m piedurkn\u0113m un 33 cm augstu kapuci.\" \/>\n<meta name=\"robots\" content=\"index, follow, max-snippet:-1, max-image-preview:large, max-video-preview:-1\" \/>\n<link rel=\"canonical\" href=\"https:\/\/gohike.lv\/ru\/produkts\/naturehike-lietusmetelis\/\" \/>\n<meta property=\"og:locale\" content=\"ru_RU\" \/>\n<meta property=\"og:type\" content=\"article\" \/>\n<meta property=\"og:title\" content=\"Naturehike - Lietusm\u0113telis\" \/>\n<meta property=\"og:description\" content=\"Naturehike poliestera lietusm\u0113telim ir vienk\u0101r\u0161s un stil\u012bgs dizains. Lietusm\u0113telis ir ar gar\u0101m piedurkn\u0113m un 33 cm augstu kapuci.\" \/>\n<meta property=\"og:url\" content=\"https:\/\/gohike.lv\/ru\/produkts\/naturehike-lietusmetelis\/\" \/>\n<meta property=\"og:site_name\" content=\"GoHike\" \/>\n<meta property=\"article:publisher\" content=\"https:\/\/www.facebook.com\/gohike.shop\/\" \/>\n<meta property=\"article:modified_time\" content=\"2025-12-30T14:10:02+00:00\" \/>\n<meta property=\"og:image\" content=\"https:\/\/gohike.lv\/wp-content\/uploads\/2024\/04\/CloackRaincoat_lark-1.webp\" \/>\n\t<meta property=\"og:image:width\" content=\"970\" \/>\n\t<meta property=\"og:image:height\" content=\"970\" \/>\n\t<meta property=\"og:image:type\" content=\"image\/webp\" \/>\n<meta name=\"twitter:card\" content=\"summary_large_image\" \/>\n<meta name=\"twitter:title\" content=\"Naturehike - Lietusm\u0113telis\" \/>\n<meta name=\"twitter:label1\" content=\"\u041f\u0440\u0438\u043c\u0435\u0440\u043d\u043e\u0435 \u0432\u0440\u0435\u043c\u044f \u0434\u043b\u044f \u0447\u0442\u0435\u043d\u0438\u044f\" \/>\n\t<meta name=\"twitter:data1\" content=\"1 \u043c\u0438\u043d\u0443\u0442\u0430\" \/>\n<script type=\"application\/ld+json\" class=\"yoast-schema-graph\">{\"@context\":\"https:\\\/\\\/schema.org\",\"@graph\":[{\"@type\":[\"WebPage\",\"ItemPage\"],\"@id\":\"https:\\\/\\\/gohike.lv\\\/ru\\\/produkts\\\/naturehike-lietusmetelis\\\/\",\"url\":\"https:\\\/\\\/gohike.lv\\\/ru\\\/produkts\\\/naturehike-lietusmetelis\\\/\",\"name\":\"Naturehike - Lietusm\u0113telis\",\"isPartOf\":{\"@id\":\"https:\\\/\\\/gohike.lv\\\/ru\\\/#website\"},\"primaryImageOfPage\":{\"@id\":\"https:\\\/\\\/gohike.lv\\\/ru\\\/produkts\\\/naturehike-lietusmetelis\\\/#primaryimage\"},\"image\":{\"@id\":\"https:\\\/\\\/gohike.lv\\\/ru\\\/produkts\\\/naturehike-lietusmetelis\\\/#primaryimage\"},\"thumbnailUrl\":\"https:\\\/\\\/gohike.lv\\\/wp-content\\\/uploads\\\/2024\\\/04\\\/CloackRaincoat_lark-1.webp\",\"datePublished\":\"2024-05-07T08:42:37+00:00\",\"dateModified\":\"2025-12-30T14:10:02+00:00\",\"description\":\"Naturehike poliestera lietusm\u0113telim ir vienk\u0101r\u0161s un stil\u012bgs dizains. Lietusm\u0113telis ir ar gar\u0101m piedurkn\u0113m un 33 cm augstu kapuci.\",\"breadcrumb\":{\"@id\":\"https:\\\/\\\/gohike.lv\\\/ru\\\/produkts\\\/naturehike-lietusmetelis\\\/#breadcrumb\"},\"inLanguage\":\"ru-RU\",\"potentialAction\":[{\"@type\":\"ReadAction\",\"target\":[\"https:\\\/\\\/gohike.lv\\\/ru\\\/produkts\\\/naturehike-lietusmetelis\\\/\"]}]},{\"@type\":\"ImageObject\",\"inLanguage\":\"ru-RU\",\"@id\":\"https:\\\/\\\/gohike.lv\\\/ru\\\/produkts\\\/naturehike-lietusmetelis\\\/#primaryimage\",\"url\":\"https:\\\/\\\/gohike.lv\\\/wp-content\\\/uploads\\\/2024\\\/04\\\/CloackRaincoat_lark-1.webp\",\"contentUrl\":\"https:\\\/\\\/gohike.lv\\\/wp-content\\\/uploads\\\/2024\\\/04\\\/CloackRaincoat_lark-1.webp\",\"width\":970,\"height\":970},{\"@type\":\"BreadcrumbList\",\"@id\":\"https:\\\/\\\/gohike.lv\\\/ru\\\/produkts\\\/naturehike-lietusmetelis\\\/#breadcrumb\",\"itemListElement\":[{\"@type\":\"ListItem\",\"position\":1,\"name\":\"\u0413\u043b\u0430\u0432\u043d\u0430\u044f\",\"item\":\"https:\\\/\\\/gohike.lv\\\/ru\\\/\"},{\"@type\":\"ListItem\",\"position\":2,\"name\":\"\u041a\u0430\u0442\u0435\u0433\u043e\u0440\u0438\u0438 \u0442\u043e\u0432\u0430\u0440\u043e\u0432\",\"item\":\"https:\\\/\\\/gohike.lv\\\/%d0%ba%d0%b0%d1%82%d0%b5%d0%b3%d0%be%d1%80%d0%b8%d0%b8-%d1%82%d0%be%d0%b2%d0%b0%d1%80%d0%be%d0%b2\\\/\"},{\"@type\":\"ListItem\",\"position\":3,\"name\":\"Naturehike &#8211; Lietusm\u0113telis\"}]},{\"@type\":\"WebSite\",\"@id\":\"https:\\\/\\\/gohike.lv\\\/ru\\\/#website\",\"url\":\"https:\\\/\\\/gohike.lv\\\/ru\\\/\",\"name\":\"GoHike\",\"description\":\"\",\"publisher\":{\"@id\":\"https:\\\/\\\/gohike.lv\\\/ru\\\/#organization\"},\"potentialAction\":[{\"@type\":\"SearchAction\",\"target\":{\"@type\":\"EntryPoint\",\"urlTemplate\":\"https:\\\/\\\/gohike.lv\\\/ru\\\/?s={search_term_string}\"},\"query-input\":{\"@type\":\"PropertyValueSpecification\",\"valueRequired\":true,\"valueName\":\"search_term_string\"}}],\"inLanguage\":\"ru-RU\"},{\"@type\":\"Organization\",\"@id\":\"https:\\\/\\\/gohike.lv\\\/ru\\\/#organization\",\"name\":\"GoHike\",\"url\":\"https:\\\/\\\/gohike.lv\\\/ru\\\/\",\"logo\":{\"@type\":\"ImageObject\",\"inLanguage\":\"ru-RU\",\"@id\":\"https:\\\/\\\/gohike.lv\\\/ru\\\/#\\\/schema\\\/logo\\\/image\\\/\",\"url\":\"https:\\\/\\\/gohike.lv\\\/wp-content\\\/uploads\\\/2023\\\/08\\\/Logo_GoHike.webp\",\"contentUrl\":\"https:\\\/\\\/gohike.lv\\\/wp-content\\\/uploads\\\/2023\\\/08\\\/Logo_GoHike.webp\",\"width\":512,\"height\":512,\"caption\":\"GoHike\"},\"image\":{\"@id\":\"https:\\\/\\\/gohike.lv\\\/ru\\\/#\\\/schema\\\/logo\\\/image\\\/\"},\"sameAs\":[\"https:\\\/\\\/www.facebook.com\\\/gohike.shop\\\/\",\"https:\\\/\\\/www.instagram.com\\\/gohike.shop\\\/\"]}]}<\/script>\n<!-- \/ Yoast SEO plugin. -->","yoast_head_json":{"title":"Naturehike - Lietusm\u0113telis","description":"Naturehike poliestera lietusm\u0113telim ir vienk\u0101r\u0161s un stil\u012bgs dizains. Lietusm\u0113telis ir ar gar\u0101m piedurkn\u0113m un 33 cm augstu kapuci.","robots":{"index":"index","follow":"follow","max-snippet":"max-snippet:-1","max-image-preview":"max-image-preview:large","max-video-preview":"max-video-preview:-1"},"canonical":"https:\/\/gohike.lv\/ru\/produkts\/naturehike-lietusmetelis\/","og_locale":"ru_RU","og_type":"article","og_title":"Naturehike - Lietusm\u0113telis","og_description":"Naturehike poliestera lietusm\u0113telim ir vienk\u0101r\u0161s un stil\u012bgs dizains. Lietusm\u0113telis ir ar gar\u0101m piedurkn\u0113m un 33 cm augstu kapuci.","og_url":"https:\/\/gohike.lv\/ru\/produkts\/naturehike-lietusmetelis\/","og_site_name":"GoHike","article_publisher":"https:\/\/www.facebook.com\/gohike.shop\/","article_modified_time":"2025-12-30T14:10:02+00:00","og_image":[{"width":970,"height":970,"url":"https:\/\/gohike.lv\/wp-content\/uploads\/2024\/04\/CloackRaincoat_lark-1.webp","type":"image\/webp"}],"twitter_card":"summary_large_image","twitter_title":"Naturehike - Lietusm\u0113telis","twitter_misc":{"\u041f\u0440\u0438\u043c\u0435\u0440\u043d\u043e\u0435 \u0432\u0440\u0435\u043c\u044f \u0434\u043b\u044f \u0447\u0442\u0435\u043d\u0438\u044f":"1 \u043c\u0438\u043d\u0443\u0442\u0430"},"schema":{"@context":"https:\/\/schema.org","@graph":[{"@type":["WebPage","ItemPage"],"@id":"https:\/\/gohike.lv\/ru\/produkts\/naturehike-lietusmetelis\/","url":"https:\/\/gohike.lv\/ru\/produkts\/naturehike-lietusmetelis\/","name":"Naturehike - Lietusm\u0113telis","isPartOf":{"@id":"https:\/\/gohike.lv\/ru\/#website"},"primaryImageOfPage":{"@id":"https:\/\/gohike.lv\/ru\/produkts\/naturehike-lietusmetelis\/#primaryimage"},"image":{"@id":"https:\/\/gohike.lv\/ru\/produkts\/naturehike-lietusmetelis\/#primaryimage"},"thumbnailUrl":"https:\/\/gohike.lv\/wp-content\/uploads\/2024\/04\/CloackRaincoat_lark-1.webp","datePublished":"2024-05-07T08:42:37+00:00","dateModified":"2025-12-30T14:10:02+00:00","description":"Naturehike poliestera lietusm\u0113telim ir vienk\u0101r\u0161s un stil\u012bgs dizains. Lietusm\u0113telis ir ar gar\u0101m piedurkn\u0113m un 33 cm augstu kapuci.","breadcrumb":{"@id":"https:\/\/gohike.lv\/ru\/produkts\/naturehike-lietusmetelis\/#breadcrumb"},"inLanguage":"ru-RU","potentialAction":[{"@type":"ReadAction","target":["https:\/\/gohike.lv\/ru\/produkts\/naturehike-lietusmetelis\/"]}]},{"@type":"ImageObject","inLanguage":"ru-RU","@id":"https:\/\/gohike.lv\/ru\/produkts\/naturehike-lietusmetelis\/#primaryimage","url":"https:\/\/gohike.lv\/wp-content\/uploads\/2024\/04\/CloackRaincoat_lark-1.webp","contentUrl":"https:\/\/gohike.lv\/wp-content\/uploads\/2024\/04\/CloackRaincoat_lark-1.webp","width":970,"height":970},{"@type":"BreadcrumbList","@id":"https:\/\/gohike.lv\/ru\/produkts\/naturehike-lietusmetelis\/#breadcrumb","itemListElement":[{"@type":"ListItem","position":1,"name":"\u0413\u043b\u0430\u0432\u043d\u0430\u044f","item":"https:\/\/gohike.lv\/ru\/"},{"@type":"ListItem","position":2,"name":"\u041a\u0430\u0442\u0435\u0433\u043e\u0440\u0438\u0438 \u0442\u043e\u0432\u0430\u0440\u043e\u0432","item":"https:\/\/gohike.lv\/%d0%ba%d0%b0%d1%82%d0%b5%d0%b3%d0%be%d1%80%d0%b8%d0%b8-%d1%82%d0%be%d0%b2%d0%b0%d1%80%d0%be%d0%b2\/"},{"@type":"ListItem","position":3,"name":"Naturehike &#8211; Lietusm\u0113telis"}]},{"@type":"WebSite","@id":"https:\/\/gohike.lv\/ru\/#website","url":"https:\/\/gohike.lv\/ru\/","name":"GoHike","description":"","publisher":{"@id":"https:\/\/gohike.lv\/ru\/#organization"},"potentialAction":[{"@type":"SearchAction","target":{"@type":"EntryPoint","urlTemplate":"https:\/\/gohike.lv\/ru\/?s={search_term_string}"},"query-input":{"@type":"PropertyValueSpecification","valueRequired":true,"valueName":"search_term_string"}}],"inLanguage":"ru-RU"},{"@type":"Organization","@id":"https:\/\/gohike.lv\/ru\/#organization","name":"GoHike","url":"https:\/\/gohike.lv\/ru\/","logo":{"@type":"ImageObject","inLanguage":"ru-RU","@id":"https:\/\/gohike.lv\/ru\/#\/schema\/logo\/image\/","url":"https:\/\/gohike.lv\/wp-content\/uploads\/2023\/08\/Logo_GoHike.webp","contentUrl":"https:\/\/gohike.lv\/wp-content\/uploads\/2023\/08\/Logo_GoHike.webp","width":512,"height":512,"caption":"GoHike"},"image":{"@id":"https:\/\/gohike.lv\/ru\/#\/schema\/logo\/image\/"},"sameAs":["https:\/\/www.facebook.com\/gohike.shop\/","https:\/\/www.instagram.com\/gohike.shop\/"]}]}},"jetpack_sharing_enabled":true,"_links":{"self":[{"href":"https:\/\/gohike.lv\/ru\/wp-json\/wp\/v2\/product\/53149","targetHints":{"allow":["GET"]}}],"collection":[{"href":"https:\/\/gohike.lv\/ru\/wp-json\/wp\/v2\/product"}],"about":[{"href":"https:\/\/gohike.lv\/ru\/wp-json\/wp\/v2\/types\/product"}],"version-history":[{"count":0,"href":"https:\/\/gohike.lv\/ru\/wp-json\/wp\/v2\/product\/53149\/revisions"}],"wp:featuredmedia":[{"embeddable":true,"href":"https:\/\/gohike.lv\/ru\/wp-json\/wp\/v2\/media\/33828"}],"wp:attachment":[{"href":"https:\/\/gohike.lv\/ru\/wp-json\/wp\/v2\/media?parent=53149"}],"wp:term":[{"taxonomy":"product_brand","embeddable":true,"href":"https:\/\/gohike.lv\/ru\/wp-json\/wp\/v2\/product_brand?post=53149"},{"taxonomy":"product_cat","embeddable":true,"href":"https:\/\/gohike.lv\/ru\/wp-json\/wp\/v2\/product_cat?post=53149"},{"taxonomy":"product_tag","embeddable":true,"href":"https:\/\/gohike.lv\/ru\/wp-json\/wp\/v2\/product_tag?post=53149"}],"curies":[{"name":"wp","href":"https:\/\/api.w.org\/{rel}","templated":true}]}}