{"id":53143,"date":"2024-05-07T11:42:29","date_gmt":"2024-05-07T08:42:29","guid":{"rendered":"https:\/\/gohike.lv\/produkts\/naturehike-daudzfunkcionala-kempinga-lapsta\/"},"modified":"2025-12-30T17:24:43","modified_gmt":"2025-12-30T14:24:43","slug":"naturehike-daudzfunkcionala-kempinga-lapsta","status":"publish","type":"product","link":"https:\/\/gohike.lv\/ru\/produkts\/naturehike-daudzfunkcionala-kempinga-lapsta\/","title":{"rendered":"Naturehike &#8212; Daudzfunkcion\u0101la kempinga l\u0101psta"},"content":{"rendered":"<p>Iztur\u012bga l\u0101psta, kas rad\u012bta no augstas kvalit\u0101tes un nodilumiztur\u012bgiem materi\u0101liem.<br \/>\nL\u0101pstas dizains veidots t\u0101, lai taj\u0101 var\u0113tu apvienot vair\u0101kus instrumentus: z\u0101\u0123i, pude\u013cu attais\u0101mo, na\u017ea asmeni, se\u0161st\u016bra uzgrie\u017e\u0146us 6, 8, 10, 12 mm.<br \/>\nL\u0101pstas rot\u0101cijas le\u0146\u0137is ir 180 gr\u0101di.<br \/>\nRokturis ir izgatavots no iztur\u012bga alum\u012bnija sakaus\u0113juma.<br \/>\nL\u0101psta \u0113rti salok\u0101s un to var ievietot som\u0101.<br \/>\nRaksturlielumi:<br \/>\nKr\u0101sa: sudraba;<br \/>\nMateri\u0101li: 3Cr13 \u012bpa\u0161s t\u0113rauds, alum\u012bnija sakaus\u0113jums, oglek\u013ca t\u0113rauds, magnija stienis;<br \/>\nIzm\u0113ri: 835&#215;142 mm;<br \/>\nIzm\u0113ri salikt\u0101 veid\u0101: 270x181x68 mm;<br \/>\nSvars: 1,2 kg.<\/p>\n","protected":false},"excerpt":{"rendered":"<p>Daudzfunkcion\u0101la l\u0101psta t\u016brismam un da\u017e\u0101da veida \u0101ra aktivit\u0101t\u0113m.<\/p>\n","protected":false},"featured_media":34778,"template":"","meta":[],"product_brand":[167],"product_cat":[1617],"product_tag":[],"class_list":{"0":"post-53143","1":"product","2":"type-product","3":"status-publish","4":"has-post-thumbnail","6":"product_brand-naturehike-lv","7":"product_cat-instrumenti-un-kopsana","8":"pa_izmeriscm-83-514-2","9":"pa_materiali-nerusejosais-terauds-3cr13-neilons","10":"pa_produkta-tips-instrumenti","11":"pa_spalva-sudrabs","13":"first","14":"instock","15":"taxable","16":"shipping-taxable","17":"purchasable","18":"product-type-simple"},"raw_content":{"name":"Naturehike - Daudzfunkcion\u0101la kempinga l\u0101psta","description":"Iztur\u012bga l\u0101psta, kas rad\u012bta no augstas kvalit\u0101tes un nodilumiztur\u012bgiem materi\u0101liem.\nL\u0101pstas dizains veidots t\u0101, lai taj\u0101 var\u0113tu apvienot vair\u0101kus instrumentus: z\u0101\u0123i, pude\u013cu attais\u0101mo, na\u017ea asmeni, se\u0161st\u016bra uzgrie\u017e\u0146us 6, 8, 10, 12 mm.\nL\u0101pstas rot\u0101cijas le\u0146\u0137is ir 180 gr\u0101di.\nRokturis ir izgatavots no iztur\u012bga alum\u012bnija sakaus\u0113juma.\nL\u0101psta \u0113rti salok\u0101s un to var ievietot som\u0101.\nRaksturlielumi:\nKr\u0101sa: sudraba;\nMateri\u0101li: 3Cr13 \u012bpa\u0161s t\u0113rauds, alum\u012bnija sakaus\u0113jums, oglek\u013ca t\u0113rauds, magnija stienis;\nIzm\u0113ri: 835x142 mm;\nIzm\u0113ri salikt\u0101 veid\u0101: 270x181x68 mm;\nSvars: 1,2 kg.","short_description":"Daudzfunkcion\u0101la l\u0101psta t\u016brismam un da\u017e\u0101da veida \u0101ra aktivit\u0101t\u0113m.","status":"publish","sku":"6927595761847","original":53143},"wpml":{"translation_type":1,"has_translations":true,"original":53143,"duplicates":[],"translations":{"lv":53143,"en":67901,"ru":null}},"supplier_id":null,"supplier_sku":"","barcode":null,"atum_controlled":true,"out_stock_date":null,"out_stock_threshold":null,"inheritable":false,"inbound_stock":null,"stock_on_hold":0,"sold_today":0,"sales_last_days":0,"reserved_stock":null,"customer_returns":null,"warehouse_damage":null,"lost_in_post":null,"other_logs":null,"out_stock_days":0,"lost_sales":0,"has_location":null,"update_date":"2025-12-30T14:30:38","atum_locations":[],"atum_stock_status":"instock","restock_status":false,"low_stock_amount":"","sales_update_date":"2025-11-13T14:07:54","calc_backorders":null,"yoast_head":"<!-- This site is optimized with the Yoast SEO plugin v27.3 - https:\/\/yoast.com\/product\/yoast-seo-wordpress\/ -->\n<title>Naturehike - Daudzfunkcion\u0101la kempinga l\u0101psta<\/title>\n<meta name=\"description\" content=\"Daudzfunkcion\u0101la l\u0101psta t\u016brismam un da\u017e\u0101da veida \u0101ra aktivit\u0101t\u0113m.\" \/>\n<meta name=\"robots\" content=\"index, follow, max-snippet:-1, max-image-preview:large, max-video-preview:-1\" \/>\n<link rel=\"canonical\" href=\"https:\/\/gohike.lv\/ru\/produkts\/naturehike-daudzfunkcionala-kempinga-lapsta\/\" \/>\n<meta property=\"og:locale\" content=\"ru_RU\" \/>\n<meta property=\"og:type\" content=\"article\" \/>\n<meta property=\"og:title\" content=\"Naturehike - L\u0101psta\" \/>\n<meta property=\"og:description\" content=\"Daudzfunkcion\u0101la l\u0101psta t\u016brismam un da\u017e\u0101da veida \u0101ra aktivit\u0101t\u0113m.\" \/>\n<meta property=\"og:url\" content=\"https:\/\/gohike.lv\/ru\/produkts\/naturehike-daudzfunkcionala-kempinga-lapsta\/\" \/>\n<meta property=\"og:site_name\" content=\"GoHike\" \/>\n<meta property=\"article:publisher\" content=\"https:\/\/www.facebook.com\/gohike.shop\/\" \/>\n<meta property=\"article:modified_time\" content=\"2025-12-30T14:24:43+00:00\" \/>\n<meta property=\"og:image\" content=\"https:\/\/gohike.lv\/wp-content\/uploads\/2024\/04\/MultiFunctional_showelBig_-1.webp\" \/>\n\t<meta property=\"og:image:width\" content=\"1500\" \/>\n\t<meta property=\"og:image:height\" content=\"1500\" \/>\n\t<meta property=\"og:image:type\" content=\"image\/webp\" \/>\n<meta name=\"twitter:card\" content=\"summary_large_image\" \/>\n<meta name=\"twitter:title\" content=\"Naturehike - L\u0101psta\" \/>\n<meta name=\"twitter:label1\" content=\"\u041f\u0440\u0438\u043c\u0435\u0440\u043d\u043e\u0435 \u0432\u0440\u0435\u043c\u044f \u0434\u043b\u044f \u0447\u0442\u0435\u043d\u0438\u044f\" \/>\n\t<meta name=\"twitter:data1\" content=\"1 \u043c\u0438\u043d\u0443\u0442\u0430\" \/>\n<script type=\"application\/ld+json\" class=\"yoast-schema-graph\">{\"@context\":\"https:\\\/\\\/schema.org\",\"@graph\":[{\"@type\":[\"WebPage\",\"ItemPage\"],\"@id\":\"https:\\\/\\\/gohike.lv\\\/ru\\\/produkts\\\/naturehike-daudzfunkcionala-kempinga-lapsta\\\/\",\"url\":\"https:\\\/\\\/gohike.lv\\\/ru\\\/produkts\\\/naturehike-daudzfunkcionala-kempinga-lapsta\\\/\",\"name\":\"Naturehike - Daudzfunkcion\u0101la kempinga l\u0101psta\",\"isPartOf\":{\"@id\":\"https:\\\/\\\/gohike.lv\\\/ru\\\/#website\"},\"primaryImageOfPage\":{\"@id\":\"https:\\\/\\\/gohike.lv\\\/ru\\\/produkts\\\/naturehike-daudzfunkcionala-kempinga-lapsta\\\/#primaryimage\"},\"image\":{\"@id\":\"https:\\\/\\\/gohike.lv\\\/ru\\\/produkts\\\/naturehike-daudzfunkcionala-kempinga-lapsta\\\/#primaryimage\"},\"thumbnailUrl\":\"https:\\\/\\\/gohike.lv\\\/wp-content\\\/uploads\\\/2024\\\/04\\\/MultiFunctional_showelBig_-1.webp\",\"datePublished\":\"2024-05-07T08:42:29+00:00\",\"dateModified\":\"2025-12-30T14:24:43+00:00\",\"description\":\"Daudzfunkcion\u0101la l\u0101psta t\u016brismam un da\u017e\u0101da veida \u0101ra aktivit\u0101t\u0113m.\",\"breadcrumb\":{\"@id\":\"https:\\\/\\\/gohike.lv\\\/ru\\\/produkts\\\/naturehike-daudzfunkcionala-kempinga-lapsta\\\/#breadcrumb\"},\"inLanguage\":\"ru-RU\",\"potentialAction\":[{\"@type\":\"ReadAction\",\"target\":[\"https:\\\/\\\/gohike.lv\\\/ru\\\/produkts\\\/naturehike-daudzfunkcionala-kempinga-lapsta\\\/\"]}]},{\"@type\":\"ImageObject\",\"inLanguage\":\"ru-RU\",\"@id\":\"https:\\\/\\\/gohike.lv\\\/ru\\\/produkts\\\/naturehike-daudzfunkcionala-kempinga-lapsta\\\/#primaryimage\",\"url\":\"https:\\\/\\\/gohike.lv\\\/wp-content\\\/uploads\\\/2024\\\/04\\\/MultiFunctional_showelBig_-1.webp\",\"contentUrl\":\"https:\\\/\\\/gohike.lv\\\/wp-content\\\/uploads\\\/2024\\\/04\\\/MultiFunctional_showelBig_-1.webp\",\"width\":1500,\"height\":1500},{\"@type\":\"BreadcrumbList\",\"@id\":\"https:\\\/\\\/gohike.lv\\\/ru\\\/produkts\\\/naturehike-daudzfunkcionala-kempinga-lapsta\\\/#breadcrumb\",\"itemListElement\":[{\"@type\":\"ListItem\",\"position\":1,\"name\":\"\u0413\u043b\u0430\u0432\u043d\u0430\u044f\",\"item\":\"https:\\\/\\\/gohike.lv\\\/ru\\\/\"},{\"@type\":\"ListItem\",\"position\":2,\"name\":\"\u041a\u0430\u0442\u0435\u0433\u043e\u0440\u0438\u0438 \u0442\u043e\u0432\u0430\u0440\u043e\u0432\",\"item\":\"https:\\\/\\\/gohike.lv\\\/%d0%ba%d0%b0%d1%82%d0%b5%d0%b3%d0%be%d1%80%d0%b8%d0%b8-%d1%82%d0%be%d0%b2%d0%b0%d1%80%d0%be%d0%b2\\\/\"},{\"@type\":\"ListItem\",\"position\":3,\"name\":\"Naturehike &#8211; Daudzfunkcion\u0101la kempinga l\u0101psta\"}]},{\"@type\":\"WebSite\",\"@id\":\"https:\\\/\\\/gohike.lv\\\/ru\\\/#website\",\"url\":\"https:\\\/\\\/gohike.lv\\\/ru\\\/\",\"name\":\"GoHike\",\"description\":\"\",\"publisher\":{\"@id\":\"https:\\\/\\\/gohike.lv\\\/ru\\\/#organization\"},\"potentialAction\":[{\"@type\":\"SearchAction\",\"target\":{\"@type\":\"EntryPoint\",\"urlTemplate\":\"https:\\\/\\\/gohike.lv\\\/ru\\\/?s={search_term_string}\"},\"query-input\":{\"@type\":\"PropertyValueSpecification\",\"valueRequired\":true,\"valueName\":\"search_term_string\"}}],\"inLanguage\":\"ru-RU\"},{\"@type\":\"Organization\",\"@id\":\"https:\\\/\\\/gohike.lv\\\/ru\\\/#organization\",\"name\":\"GoHike\",\"url\":\"https:\\\/\\\/gohike.lv\\\/ru\\\/\",\"logo\":{\"@type\":\"ImageObject\",\"inLanguage\":\"ru-RU\",\"@id\":\"https:\\\/\\\/gohike.lv\\\/ru\\\/#\\\/schema\\\/logo\\\/image\\\/\",\"url\":\"https:\\\/\\\/gohike.lv\\\/wp-content\\\/uploads\\\/2023\\\/08\\\/Logo_GoHike.webp\",\"contentUrl\":\"https:\\\/\\\/gohike.lv\\\/wp-content\\\/uploads\\\/2023\\\/08\\\/Logo_GoHike.webp\",\"width\":512,\"height\":512,\"caption\":\"GoHike\"},\"image\":{\"@id\":\"https:\\\/\\\/gohike.lv\\\/ru\\\/#\\\/schema\\\/logo\\\/image\\\/\"},\"sameAs\":[\"https:\\\/\\\/www.facebook.com\\\/gohike.shop\\\/\",\"https:\\\/\\\/www.instagram.com\\\/gohike.shop\\\/\"]}]}<\/script>\n<!-- \/ Yoast SEO plugin. -->","yoast_head_json":{"title":"Naturehike - Daudzfunkcion\u0101la kempinga l\u0101psta","description":"Daudzfunkcion\u0101la l\u0101psta t\u016brismam un da\u017e\u0101da veida \u0101ra aktivit\u0101t\u0113m.","robots":{"index":"index","follow":"follow","max-snippet":"max-snippet:-1","max-image-preview":"max-image-preview:large","max-video-preview":"max-video-preview:-1"},"canonical":"https:\/\/gohike.lv\/ru\/produkts\/naturehike-daudzfunkcionala-kempinga-lapsta\/","og_locale":"ru_RU","og_type":"article","og_title":"Naturehike - L\u0101psta","og_description":"Daudzfunkcion\u0101la l\u0101psta t\u016brismam un da\u017e\u0101da veida \u0101ra aktivit\u0101t\u0113m.","og_url":"https:\/\/gohike.lv\/ru\/produkts\/naturehike-daudzfunkcionala-kempinga-lapsta\/","og_site_name":"GoHike","article_publisher":"https:\/\/www.facebook.com\/gohike.shop\/","article_modified_time":"2025-12-30T14:24:43+00:00","og_image":[{"width":1500,"height":1500,"url":"https:\/\/gohike.lv\/wp-content\/uploads\/2024\/04\/MultiFunctional_showelBig_-1.webp","type":"image\/webp"}],"twitter_card":"summary_large_image","twitter_title":"Naturehike - L\u0101psta","twitter_misc":{"\u041f\u0440\u0438\u043c\u0435\u0440\u043d\u043e\u0435 \u0432\u0440\u0435\u043c\u044f \u0434\u043b\u044f \u0447\u0442\u0435\u043d\u0438\u044f":"1 \u043c\u0438\u043d\u0443\u0442\u0430"},"schema":{"@context":"https:\/\/schema.org","@graph":[{"@type":["WebPage","ItemPage"],"@id":"https:\/\/gohike.lv\/ru\/produkts\/naturehike-daudzfunkcionala-kempinga-lapsta\/","url":"https:\/\/gohike.lv\/ru\/produkts\/naturehike-daudzfunkcionala-kempinga-lapsta\/","name":"Naturehike - Daudzfunkcion\u0101la kempinga l\u0101psta","isPartOf":{"@id":"https:\/\/gohike.lv\/ru\/#website"},"primaryImageOfPage":{"@id":"https:\/\/gohike.lv\/ru\/produkts\/naturehike-daudzfunkcionala-kempinga-lapsta\/#primaryimage"},"image":{"@id":"https:\/\/gohike.lv\/ru\/produkts\/naturehike-daudzfunkcionala-kempinga-lapsta\/#primaryimage"},"thumbnailUrl":"https:\/\/gohike.lv\/wp-content\/uploads\/2024\/04\/MultiFunctional_showelBig_-1.webp","datePublished":"2024-05-07T08:42:29+00:00","dateModified":"2025-12-30T14:24:43+00:00","description":"Daudzfunkcion\u0101la l\u0101psta t\u016brismam un da\u017e\u0101da veida \u0101ra aktivit\u0101t\u0113m.","breadcrumb":{"@id":"https:\/\/gohike.lv\/ru\/produkts\/naturehike-daudzfunkcionala-kempinga-lapsta\/#breadcrumb"},"inLanguage":"ru-RU","potentialAction":[{"@type":"ReadAction","target":["https:\/\/gohike.lv\/ru\/produkts\/naturehike-daudzfunkcionala-kempinga-lapsta\/"]}]},{"@type":"ImageObject","inLanguage":"ru-RU","@id":"https:\/\/gohike.lv\/ru\/produkts\/naturehike-daudzfunkcionala-kempinga-lapsta\/#primaryimage","url":"https:\/\/gohike.lv\/wp-content\/uploads\/2024\/04\/MultiFunctional_showelBig_-1.webp","contentUrl":"https:\/\/gohike.lv\/wp-content\/uploads\/2024\/04\/MultiFunctional_showelBig_-1.webp","width":1500,"height":1500},{"@type":"BreadcrumbList","@id":"https:\/\/gohike.lv\/ru\/produkts\/naturehike-daudzfunkcionala-kempinga-lapsta\/#breadcrumb","itemListElement":[{"@type":"ListItem","position":1,"name":"\u0413\u043b\u0430\u0432\u043d\u0430\u044f","item":"https:\/\/gohike.lv\/ru\/"},{"@type":"ListItem","position":2,"name":"\u041a\u0430\u0442\u0435\u0433\u043e\u0440\u0438\u0438 \u0442\u043e\u0432\u0430\u0440\u043e\u0432","item":"https:\/\/gohike.lv\/%d0%ba%d0%b0%d1%82%d0%b5%d0%b3%d0%be%d1%80%d0%b8%d0%b8-%d1%82%d0%be%d0%b2%d0%b0%d1%80%d0%be%d0%b2\/"},{"@type":"ListItem","position":3,"name":"Naturehike &#8211; Daudzfunkcion\u0101la kempinga l\u0101psta"}]},{"@type":"WebSite","@id":"https:\/\/gohike.lv\/ru\/#website","url":"https:\/\/gohike.lv\/ru\/","name":"GoHike","description":"","publisher":{"@id":"https:\/\/gohike.lv\/ru\/#organization"},"potentialAction":[{"@type":"SearchAction","target":{"@type":"EntryPoint","urlTemplate":"https:\/\/gohike.lv\/ru\/?s={search_term_string}"},"query-input":{"@type":"PropertyValueSpecification","valueRequired":true,"valueName":"search_term_string"}}],"inLanguage":"ru-RU"},{"@type":"Organization","@id":"https:\/\/gohike.lv\/ru\/#organization","name":"GoHike","url":"https:\/\/gohike.lv\/ru\/","logo":{"@type":"ImageObject","inLanguage":"ru-RU","@id":"https:\/\/gohike.lv\/ru\/#\/schema\/logo\/image\/","url":"https:\/\/gohike.lv\/wp-content\/uploads\/2023\/08\/Logo_GoHike.webp","contentUrl":"https:\/\/gohike.lv\/wp-content\/uploads\/2023\/08\/Logo_GoHike.webp","width":512,"height":512,"caption":"GoHike"},"image":{"@id":"https:\/\/gohike.lv\/ru\/#\/schema\/logo\/image\/"},"sameAs":["https:\/\/www.facebook.com\/gohike.shop\/","https:\/\/www.instagram.com\/gohike.shop\/"]}]}},"jetpack_sharing_enabled":true,"_links":{"self":[{"href":"https:\/\/gohike.lv\/ru\/wp-json\/wp\/v2\/product\/53143","targetHints":{"allow":["GET"]}}],"collection":[{"href":"https:\/\/gohike.lv\/ru\/wp-json\/wp\/v2\/product"}],"about":[{"href":"https:\/\/gohike.lv\/ru\/wp-json\/wp\/v2\/types\/product"}],"version-history":[{"count":0,"href":"https:\/\/gohike.lv\/ru\/wp-json\/wp\/v2\/product\/53143\/revisions"}],"wp:featuredmedia":[{"embeddable":true,"href":"https:\/\/gohike.lv\/ru\/wp-json\/wp\/v2\/media\/34778"}],"wp:attachment":[{"href":"https:\/\/gohike.lv\/ru\/wp-json\/wp\/v2\/media?parent=53143"}],"wp:term":[{"taxonomy":"product_brand","embeddable":true,"href":"https:\/\/gohike.lv\/ru\/wp-json\/wp\/v2\/product_brand?post=53143"},{"taxonomy":"product_cat","embeddable":true,"href":"https:\/\/gohike.lv\/ru\/wp-json\/wp\/v2\/product_cat?post=53143"},{"taxonomy":"product_tag","embeddable":true,"href":"https:\/\/gohike.lv\/ru\/wp-json\/wp\/v2\/product_tag?post=53143"}],"curies":[{"name":"wp","href":"https:\/\/api.w.org\/{rel}","templated":true}]}}