{"id":53139,"date":"2024-05-07T11:42:29","date_gmt":"2024-05-07T08:42:29","guid":{"rendered":"https:\/\/gohike.lv\/produkts\/naturehike-kempinga-amurs-universals\/"},"modified":"2025-10-15T23:13:45","modified_gmt":"2025-10-15T20:13:45","slug":"naturehike-universals-kempinga-amurs","status":"publish","type":"product","link":"https:\/\/gohike.lv\/ru\/produkts\/naturehike-universals-kempinga-amurs\/","title":{"rendered":"Naturehike &#8212; Univers\u0101ls kempinga \u0101murs"},"content":{"rendered":"<p>\u0100murs ir izstr\u0101d\u0101ts, lai padar\u012btu atp\u016btu pie dabas \u0113rtu un bezr\u016bp\u012bgu.<br \/>\nInstruments ir izgatavots no augstas kvalit\u0101tes materi\u0101liem, lai nodro\u0161in\u0101tu izcilu funkcionalit\u0101ti un iztur\u012bbu.<br \/>\nTas ir izstr\u0101d\u0101ts, lai nodro\u0161in\u0101tu uzticamu veiktsp\u0113ju un efektivit\u0101ti.<br \/>\n\u0160is daudzfunkcion\u0101lais r\u012bks apvieno \u0101mura, telts mieta novilc\u0113ja un telts stie\u0146a skr\u016bvgrie\u017ea funkcijas vien\u0101, padarot to par univers\u0101lu instrumentu.<br \/>\nT\u0101 kompaktais un vieglais dizains \u013cauj to viegli pa\u0146emt l\u012bdzi garos p\u0101rg\u0101jienos vai ce\u013cojumos.<\/p>\n","protected":false},"excerpt":{"rendered":"<p>Daudzfunkcion\u0101lais r\u012bks, kas apvieno \u0101mura, telts mieta novilc\u0113ja un telts stie\u0146a skr\u016bvgrie\u017ea funkcijas vien\u0101, padarot to par univers\u0101lu instrumentu.<\/p>\n","protected":false},"featured_media":34694,"template":"","meta":[],"product_brand":[167],"product_cat":[1617,9447],"product_tag":[],"class_list":{"0":"post-53139","1":"product","2":"type-product","3":"status-publish","4":"has-post-thumbnail","6":"product_brand-naturehike-lv","7":"product_cat-instrumenti-un-kopsana","8":"product_cat-izpardosana","9":"pa_izmeriscm-10196","10":"pa_materiali-cuguns","11":"pa_materiali-dizskabardis","12":"pa_materiali-vars","13":"pa_produkta-tips-instrumenti","15":"first","16":"outofstock","17":"sale","18":"taxable","19":"shipping-taxable","20":"purchasable","21":"product-type-simple"},"raw_content":{"name":"Naturehike - Univers\u0101ls kempinga \u0101murs","description":"\u0100murs ir izstr\u0101d\u0101ts, lai padar\u012btu atp\u016btu pie dabas \u0113rtu un bezr\u016bp\u012bgu.\nInstruments ir izgatavots no augstas kvalit\u0101tes materi\u0101liem, lai nodro\u0161in\u0101tu izcilu funkcionalit\u0101ti un iztur\u012bbu.\nTas ir izstr\u0101d\u0101ts, lai nodro\u0161in\u0101tu uzticamu veiktsp\u0113ju un efektivit\u0101ti.\n\u0160is daudzfunkcion\u0101lais r\u012bks apvieno \u0101mura, telts mieta novilc\u0113ja un telts stie\u0146a skr\u016bvgrie\u017ea funkcijas vien\u0101, padarot to par univers\u0101lu instrumentu.\nT\u0101 kompaktais un vieglais dizains \u013cauj to viegli pa\u0146emt l\u012bdzi garos p\u0101rg\u0101jienos vai ce\u013cojumos.","short_description":"Daudzfunkcion\u0101lais r\u012bks, kas apvieno \u0101mura, telts mieta novilc\u0113ja un telts stie\u0146a skr\u016bvgrie\u017ea funkcijas vien\u0101, padarot to par univers\u0101lu instrumentu.","status":"publish","sku":"6927595711996","original":53139},"wpml":{"translation_type":1,"has_translations":true,"original":53139,"duplicates":[],"translations":{"lv":53139,"en":67905,"ru":null}},"supplier_id":null,"supplier_sku":"","barcode":null,"atum_controlled":true,"out_stock_date":"2025-07-03 17:43:36","out_stock_threshold":null,"inheritable":false,"inbound_stock":0,"stock_on_hold":0,"sold_today":0,"sales_last_days":0,"reserved_stock":0,"customer_returns":0,"warehouse_damage":0,"lost_in_post":0,"other_logs":0,"out_stock_days":132,"lost_sales":0,"has_location":false,"update_date":"2025-11-13T14:08:38","atum_locations":[],"atum_stock_status":"outofstock","restock_status":false,"low_stock_amount":"","sales_update_date":"2025-11-13T14:08:38","calc_backorders":null,"yoast_head":"<!-- This site is optimized with the Yoast SEO plugin v27.3 - https:\/\/yoast.com\/product\/yoast-seo-wordpress\/ -->\n<title>Naturehike - Univers\u0101ls kempinga \u0101murs<\/title>\n<meta name=\"description\" content=\"Daudzfunkcion\u0101lais r\u012bks, kas apvieno \u0101mura, telts mieta novilc\u0113ja un telts stie\u0146a skr\u016bvgrie\u017ea funkcijas vien\u0101, padarot to par univers\u0101lu instrumentu.\" \/>\n<meta name=\"robots\" content=\"index, follow, max-snippet:-1, max-image-preview:large, max-video-preview:-1\" \/>\n<link rel=\"canonical\" href=\"https:\/\/gohike.lv\/ru\/produkts\/naturehike-universals-kempinga-amurs\/\" \/>\n<meta property=\"og:locale\" content=\"ru_RU\" \/>\n<meta property=\"og:type\" content=\"article\" \/>\n<meta property=\"og:title\" content=\"Naturehike - \u0100murs\" \/>\n<meta property=\"og:description\" content=\"Daudzfunkcion\u0101lais r\u012bks, kas apvieno \u0101mura, telts mieta novilc\u0113ja un telts stie\u0146a skr\u016bvgrie\u017ea funkcijas vien\u0101, padarot to par univers\u0101lu instrumentu.\" \/>\n<meta property=\"og:url\" content=\"https:\/\/gohike.lv\/ru\/produkts\/naturehike-universals-kempinga-amurs\/\" \/>\n<meta property=\"og:site_name\" content=\"GoHike\" \/>\n<meta property=\"article:publisher\" content=\"https:\/\/www.facebook.com\/gohike.shop\/\" \/>\n<meta property=\"article:modified_time\" content=\"2025-10-15T20:13:45+00:00\" \/>\n<meta property=\"og:image\" content=\"https:\/\/gohike.lv\/wp-content\/uploads\/2024\/04\/OudoorElephantHammer_-1.webp\" \/>\n\t<meta property=\"og:image:width\" content=\"800\" \/>\n\t<meta property=\"og:image:height\" content=\"800\" \/>\n\t<meta property=\"og:image:type\" content=\"image\/webp\" \/>\n<meta name=\"twitter:card\" content=\"summary_large_image\" \/>\n<meta name=\"twitter:title\" content=\"Naturehike - \u0100murs\" \/>\n<meta name=\"twitter:label1\" content=\"\u041f\u0440\u0438\u043c\u0435\u0440\u043d\u043e\u0435 \u0432\u0440\u0435\u043c\u044f \u0434\u043b\u044f \u0447\u0442\u0435\u043d\u0438\u044f\" \/>\n\t<meta name=\"twitter:data1\" content=\"1 \u043c\u0438\u043d\u0443\u0442\u0430\" \/>\n<script type=\"application\/ld+json\" class=\"yoast-schema-graph\">{\"@context\":\"https:\\\/\\\/schema.org\",\"@graph\":[{\"@type\":[\"WebPage\",\"ItemPage\"],\"@id\":\"https:\\\/\\\/gohike.lv\\\/ru\\\/produkts\\\/naturehike-universals-kempinga-amurs\\\/\",\"url\":\"https:\\\/\\\/gohike.lv\\\/ru\\\/produkts\\\/naturehike-universals-kempinga-amurs\\\/\",\"name\":\"Naturehike - Univers\u0101ls kempinga \u0101murs\",\"isPartOf\":{\"@id\":\"https:\\\/\\\/gohike.lv\\\/ru\\\/#website\"},\"primaryImageOfPage\":{\"@id\":\"https:\\\/\\\/gohike.lv\\\/ru\\\/produkts\\\/naturehike-universals-kempinga-amurs\\\/#primaryimage\"},\"image\":{\"@id\":\"https:\\\/\\\/gohike.lv\\\/ru\\\/produkts\\\/naturehike-universals-kempinga-amurs\\\/#primaryimage\"},\"thumbnailUrl\":\"https:\\\/\\\/gohike.lv\\\/wp-content\\\/uploads\\\/2024\\\/04\\\/OudoorElephantHammer_-1.webp\",\"datePublished\":\"2024-05-07T08:42:29+00:00\",\"dateModified\":\"2025-10-15T20:13:45+00:00\",\"description\":\"Daudzfunkcion\u0101lais r\u012bks, kas apvieno \u0101mura, telts mieta novilc\u0113ja un telts stie\u0146a skr\u016bvgrie\u017ea funkcijas vien\u0101, padarot to par univers\u0101lu instrumentu.\",\"breadcrumb\":{\"@id\":\"https:\\\/\\\/gohike.lv\\\/ru\\\/produkts\\\/naturehike-universals-kempinga-amurs\\\/#breadcrumb\"},\"inLanguage\":\"ru-RU\",\"potentialAction\":[{\"@type\":\"ReadAction\",\"target\":[\"https:\\\/\\\/gohike.lv\\\/ru\\\/produkts\\\/naturehike-universals-kempinga-amurs\\\/\"]}]},{\"@type\":\"ImageObject\",\"inLanguage\":\"ru-RU\",\"@id\":\"https:\\\/\\\/gohike.lv\\\/ru\\\/produkts\\\/naturehike-universals-kempinga-amurs\\\/#primaryimage\",\"url\":\"https:\\\/\\\/gohike.lv\\\/wp-content\\\/uploads\\\/2024\\\/04\\\/OudoorElephantHammer_-1.webp\",\"contentUrl\":\"https:\\\/\\\/gohike.lv\\\/wp-content\\\/uploads\\\/2024\\\/04\\\/OudoorElephantHammer_-1.webp\",\"width\":800,\"height\":800},{\"@type\":\"BreadcrumbList\",\"@id\":\"https:\\\/\\\/gohike.lv\\\/ru\\\/produkts\\\/naturehike-universals-kempinga-amurs\\\/#breadcrumb\",\"itemListElement\":[{\"@type\":\"ListItem\",\"position\":1,\"name\":\"\u0413\u043b\u0430\u0432\u043d\u0430\u044f\",\"item\":\"https:\\\/\\\/gohike.lv\\\/ru\\\/\"},{\"@type\":\"ListItem\",\"position\":2,\"name\":\"\u041a\u0430\u0442\u0435\u0433\u043e\u0440\u0438\u0438 \u0442\u043e\u0432\u0430\u0440\u043e\u0432\",\"item\":\"https:\\\/\\\/gohike.lv\\\/%d0%ba%d0%b0%d1%82%d0%b5%d0%b3%d0%be%d1%80%d0%b8%d0%b8-%d1%82%d0%be%d0%b2%d0%b0%d1%80%d0%be%d0%b2\\\/\"},{\"@type\":\"ListItem\",\"position\":3,\"name\":\"Naturehike &#8211; Univers\u0101ls kempinga \u0101murs\"}]},{\"@type\":\"WebSite\",\"@id\":\"https:\\\/\\\/gohike.lv\\\/ru\\\/#website\",\"url\":\"https:\\\/\\\/gohike.lv\\\/ru\\\/\",\"name\":\"GoHike\",\"description\":\"\",\"publisher\":{\"@id\":\"https:\\\/\\\/gohike.lv\\\/ru\\\/#organization\"},\"potentialAction\":[{\"@type\":\"SearchAction\",\"target\":{\"@type\":\"EntryPoint\",\"urlTemplate\":\"https:\\\/\\\/gohike.lv\\\/ru\\\/?s={search_term_string}\"},\"query-input\":{\"@type\":\"PropertyValueSpecification\",\"valueRequired\":true,\"valueName\":\"search_term_string\"}}],\"inLanguage\":\"ru-RU\"},{\"@type\":\"Organization\",\"@id\":\"https:\\\/\\\/gohike.lv\\\/ru\\\/#organization\",\"name\":\"GoHike\",\"url\":\"https:\\\/\\\/gohike.lv\\\/ru\\\/\",\"logo\":{\"@type\":\"ImageObject\",\"inLanguage\":\"ru-RU\",\"@id\":\"https:\\\/\\\/gohike.lv\\\/ru\\\/#\\\/schema\\\/logo\\\/image\\\/\",\"url\":\"https:\\\/\\\/gohike.lv\\\/wp-content\\\/uploads\\\/2023\\\/08\\\/Logo_GoHike.webp\",\"contentUrl\":\"https:\\\/\\\/gohike.lv\\\/wp-content\\\/uploads\\\/2023\\\/08\\\/Logo_GoHike.webp\",\"width\":512,\"height\":512,\"caption\":\"GoHike\"},\"image\":{\"@id\":\"https:\\\/\\\/gohike.lv\\\/ru\\\/#\\\/schema\\\/logo\\\/image\\\/\"},\"sameAs\":[\"https:\\\/\\\/www.facebook.com\\\/gohike.shop\\\/\",\"https:\\\/\\\/www.instagram.com\\\/gohike.shop\\\/\"]}]}<\/script>\n<!-- \/ Yoast SEO plugin. -->","yoast_head_json":{"title":"Naturehike - Univers\u0101ls kempinga \u0101murs","description":"Daudzfunkcion\u0101lais r\u012bks, kas apvieno \u0101mura, telts mieta novilc\u0113ja un telts stie\u0146a skr\u016bvgrie\u017ea funkcijas vien\u0101, padarot to par univers\u0101lu instrumentu.","robots":{"index":"index","follow":"follow","max-snippet":"max-snippet:-1","max-image-preview":"max-image-preview:large","max-video-preview":"max-video-preview:-1"},"canonical":"https:\/\/gohike.lv\/ru\/produkts\/naturehike-universals-kempinga-amurs\/","og_locale":"ru_RU","og_type":"article","og_title":"Naturehike - \u0100murs","og_description":"Daudzfunkcion\u0101lais r\u012bks, kas apvieno \u0101mura, telts mieta novilc\u0113ja un telts stie\u0146a skr\u016bvgrie\u017ea funkcijas vien\u0101, padarot to par univers\u0101lu instrumentu.","og_url":"https:\/\/gohike.lv\/ru\/produkts\/naturehike-universals-kempinga-amurs\/","og_site_name":"GoHike","article_publisher":"https:\/\/www.facebook.com\/gohike.shop\/","article_modified_time":"2025-10-15T20:13:45+00:00","og_image":[{"width":800,"height":800,"url":"https:\/\/gohike.lv\/wp-content\/uploads\/2024\/04\/OudoorElephantHammer_-1.webp","type":"image\/webp"}],"twitter_card":"summary_large_image","twitter_title":"Naturehike - \u0100murs","twitter_misc":{"\u041f\u0440\u0438\u043c\u0435\u0440\u043d\u043e\u0435 \u0432\u0440\u0435\u043c\u044f \u0434\u043b\u044f \u0447\u0442\u0435\u043d\u0438\u044f":"1 \u043c\u0438\u043d\u0443\u0442\u0430"},"schema":{"@context":"https:\/\/schema.org","@graph":[{"@type":["WebPage","ItemPage"],"@id":"https:\/\/gohike.lv\/ru\/produkts\/naturehike-universals-kempinga-amurs\/","url":"https:\/\/gohike.lv\/ru\/produkts\/naturehike-universals-kempinga-amurs\/","name":"Naturehike - Univers\u0101ls kempinga \u0101murs","isPartOf":{"@id":"https:\/\/gohike.lv\/ru\/#website"},"primaryImageOfPage":{"@id":"https:\/\/gohike.lv\/ru\/produkts\/naturehike-universals-kempinga-amurs\/#primaryimage"},"image":{"@id":"https:\/\/gohike.lv\/ru\/produkts\/naturehike-universals-kempinga-amurs\/#primaryimage"},"thumbnailUrl":"https:\/\/gohike.lv\/wp-content\/uploads\/2024\/04\/OudoorElephantHammer_-1.webp","datePublished":"2024-05-07T08:42:29+00:00","dateModified":"2025-10-15T20:13:45+00:00","description":"Daudzfunkcion\u0101lais r\u012bks, kas apvieno \u0101mura, telts mieta novilc\u0113ja un telts stie\u0146a skr\u016bvgrie\u017ea funkcijas vien\u0101, padarot to par univers\u0101lu instrumentu.","breadcrumb":{"@id":"https:\/\/gohike.lv\/ru\/produkts\/naturehike-universals-kempinga-amurs\/#breadcrumb"},"inLanguage":"ru-RU","potentialAction":[{"@type":"ReadAction","target":["https:\/\/gohike.lv\/ru\/produkts\/naturehike-universals-kempinga-amurs\/"]}]},{"@type":"ImageObject","inLanguage":"ru-RU","@id":"https:\/\/gohike.lv\/ru\/produkts\/naturehike-universals-kempinga-amurs\/#primaryimage","url":"https:\/\/gohike.lv\/wp-content\/uploads\/2024\/04\/OudoorElephantHammer_-1.webp","contentUrl":"https:\/\/gohike.lv\/wp-content\/uploads\/2024\/04\/OudoorElephantHammer_-1.webp","width":800,"height":800},{"@type":"BreadcrumbList","@id":"https:\/\/gohike.lv\/ru\/produkts\/naturehike-universals-kempinga-amurs\/#breadcrumb","itemListElement":[{"@type":"ListItem","position":1,"name":"\u0413\u043b\u0430\u0432\u043d\u0430\u044f","item":"https:\/\/gohike.lv\/ru\/"},{"@type":"ListItem","position":2,"name":"\u041a\u0430\u0442\u0435\u0433\u043e\u0440\u0438\u0438 \u0442\u043e\u0432\u0430\u0440\u043e\u0432","item":"https:\/\/gohike.lv\/%d0%ba%d0%b0%d1%82%d0%b5%d0%b3%d0%be%d1%80%d0%b8%d0%b8-%d1%82%d0%be%d0%b2%d0%b0%d1%80%d0%be%d0%b2\/"},{"@type":"ListItem","position":3,"name":"Naturehike &#8211; Univers\u0101ls kempinga \u0101murs"}]},{"@type":"WebSite","@id":"https:\/\/gohike.lv\/ru\/#website","url":"https:\/\/gohike.lv\/ru\/","name":"GoHike","description":"","publisher":{"@id":"https:\/\/gohike.lv\/ru\/#organization"},"potentialAction":[{"@type":"SearchAction","target":{"@type":"EntryPoint","urlTemplate":"https:\/\/gohike.lv\/ru\/?s={search_term_string}"},"query-input":{"@type":"PropertyValueSpecification","valueRequired":true,"valueName":"search_term_string"}}],"inLanguage":"ru-RU"},{"@type":"Organization","@id":"https:\/\/gohike.lv\/ru\/#organization","name":"GoHike","url":"https:\/\/gohike.lv\/ru\/","logo":{"@type":"ImageObject","inLanguage":"ru-RU","@id":"https:\/\/gohike.lv\/ru\/#\/schema\/logo\/image\/","url":"https:\/\/gohike.lv\/wp-content\/uploads\/2023\/08\/Logo_GoHike.webp","contentUrl":"https:\/\/gohike.lv\/wp-content\/uploads\/2023\/08\/Logo_GoHike.webp","width":512,"height":512,"caption":"GoHike"},"image":{"@id":"https:\/\/gohike.lv\/ru\/#\/schema\/logo\/image\/"},"sameAs":["https:\/\/www.facebook.com\/gohike.shop\/","https:\/\/www.instagram.com\/gohike.shop\/"]}]}},"jetpack_sharing_enabled":true,"_links":{"self":[{"href":"https:\/\/gohike.lv\/ru\/wp-json\/wp\/v2\/product\/53139","targetHints":{"allow":["GET"]}}],"collection":[{"href":"https:\/\/gohike.lv\/ru\/wp-json\/wp\/v2\/product"}],"about":[{"href":"https:\/\/gohike.lv\/ru\/wp-json\/wp\/v2\/types\/product"}],"version-history":[{"count":0,"href":"https:\/\/gohike.lv\/ru\/wp-json\/wp\/v2\/product\/53139\/revisions"}],"wp:featuredmedia":[{"embeddable":true,"href":"https:\/\/gohike.lv\/ru\/wp-json\/wp\/v2\/media\/34694"}],"wp:attachment":[{"href":"https:\/\/gohike.lv\/ru\/wp-json\/wp\/v2\/media?parent=53139"}],"wp:term":[{"taxonomy":"product_brand","embeddable":true,"href":"https:\/\/gohike.lv\/ru\/wp-json\/wp\/v2\/product_brand?post=53139"},{"taxonomy":"product_cat","embeddable":true,"href":"https:\/\/gohike.lv\/ru\/wp-json\/wp\/v2\/product_cat?post=53139"},{"taxonomy":"product_tag","embeddable":true,"href":"https:\/\/gohike.lv\/ru\/wp-json\/wp\/v2\/product_tag?post=53139"}],"curies":[{"name":"wp","href":"https:\/\/api.w.org\/{rel}","templated":true}]}}