{"id":53135,"date":"2024-05-07T11:41:52","date_gmt":"2024-05-07T08:41:52","guid":{"rendered":"https:\/\/gohike.lv\/produkts\/naturehike-tc06-mini-kempinga-ratini\/"},"modified":"2025-12-30T17:24:43","modified_gmt":"2025-12-30T14:24:43","slug":"naturehike-tc06-mini-kempinga-ratini","status":"publish","type":"product","link":"https:\/\/gohike.lv\/ru\/produkts\/naturehike-tc06-mini-kempinga-ratini\/","title":{"rendered":"Naturehike &#8212; (TC06) Mini kempinga rati\u0146i"},"content":{"rendered":"<p>Pateicoties iztur\u012bgajam t\u0113rauda r\u0101mim, rati nav pak\u013cauti deform\u0101cijai liel\u0101s slodz\u0113s.<br \/>\nMet\u0101ls ir ner\u016bs\u0113jo\u0161s, t\u0101p\u0113c korozija uz virsmas nepar\u0101d\u0101s pat past\u0101v\u012bg\u0101 saskar\u0113 ar mitrumu.<br \/>\nImproviz\u0113tais konteiners ir izgatavots no dubult\u0101 poliestera, ko raksturo \u012bpa\u0161i bl\u012bvs sint\u0113tisko pavedienu pinums.<br \/>\nMateri\u0101ls atgr\u016b\u017e smalkus net\u012brumus un \u016bdens pilienus, k\u0101 ar\u012b ir iztur\u012bgs pret pl\u012bsumiem.<br \/>\nRati ir apr\u012bkoti ar diviem rite\u0146u p\u0101riem un rokturi, kura le\u0146\u0137i var regul\u0113t.<br \/>\nRaksturlielumi:<br \/>\nSaliekami rati\u0146i lietu uzglab\u0101\u0161anai un transport\u0113\u0161anai;<br \/>\nKr\u0101sa: smil\u0161u;<br \/>\nNer\u016bs\u0113jo\u0161\u0101 t\u0113rauda r\u0101mis;<br \/>\nKonteinera materi\u0101ls: 100% poliesters;<br \/>\nTilpums: 72 l;<br \/>\nMaksim\u0101l\u0101 slodze: 80kg;<br \/>\nRokturis ar iesp\u0113ju regul\u0113t sl\u012bpuma le\u0146\u0137i;<br \/>\nIzm\u0113ri \u2013 72 x 45 x 91cm;<br \/>\nKonteinera iek\u0161\u0113j\u0101s telpas izm\u0113ri 68 x 44 cm;<br \/>\nSalok\u0101ms l\u012bdz izm\u0113riem: 46 x 19 x 68,5cm;<br \/>\nSvars: 6kg.<\/p>\n","protected":false},"excerpt":{"rendered":"<p>Miniat\u016brajiem Naturehike TC06 rati\u0146iem ir salok\u0101ms dizains ar 72 litru tilpumu, kas \u013cauj uzglab\u0101t un transport\u0113t l\u012bdz 80 kg smagus priek\u0161metus.<\/p>\n","protected":false},"featured_media":33682,"template":"","meta":[],"product_brand":[167],"product_cat":[2493],"product_tag":[],"class_list":{"0":"post-53135","1":"product","2":"type-product","3":"status-publish","4":"has-post-thumbnail","6":"product_brand-naturehike-lv","7":"product_cat-kempinga-mebeles","8":"pa_izmeriscm-12755","9":"pa_izturiba-80kg","10":"pa_materiali-terauda-ramis-poliestera-skiedra","11":"pa_produkta-tips-kempinga-ratini","12":"pa_saliktas-preces-izmerscm-461968-5","13":"pa_spalva-haki","14":"pa_tilpums-72l","16":"first","17":"instock","18":"taxable","19":"shipping-taxable","20":"purchasable","21":"product-type-simple"},"raw_content":{"name":"Naturehike - (TC06) Mini kempinga rati\u0146i","description":"Pateicoties iztur\u012bgajam t\u0113rauda r\u0101mim, rati nav pak\u013cauti deform\u0101cijai liel\u0101s slodz\u0113s.\nMet\u0101ls ir ner\u016bs\u0113jo\u0161s, t\u0101p\u0113c korozija uz virsmas nepar\u0101d\u0101s pat past\u0101v\u012bg\u0101 saskar\u0113 ar mitrumu.\nImproviz\u0113tais konteiners ir izgatavots no dubult\u0101 poliestera, ko raksturo \u012bpa\u0161i bl\u012bvs sint\u0113tisko pavedienu pinums.\nMateri\u0101ls atgr\u016b\u017e smalkus net\u012brumus un \u016bdens pilienus, k\u0101 ar\u012b ir iztur\u012bgs pret pl\u012bsumiem.\nRati ir apr\u012bkoti ar diviem rite\u0146u p\u0101riem un rokturi, kura le\u0146\u0137i var regul\u0113t.\nRaksturlielumi:\nSaliekami rati\u0146i lietu uzglab\u0101\u0161anai un transport\u0113\u0161anai;\nKr\u0101sa: smil\u0161u;\nNer\u016bs\u0113jo\u0161\u0101 t\u0113rauda r\u0101mis;\nKonteinera materi\u0101ls: 100% poliesters;\nTilpums: 72 l;\nMaksim\u0101l\u0101 slodze: 80kg;\nRokturis ar iesp\u0113ju regul\u0113t sl\u012bpuma le\u0146\u0137i;\nIzm\u0113ri \u2013 72 x 45 x 91cm;\nKonteinera iek\u0161\u0113j\u0101s telpas izm\u0113ri 68 x 44 cm;\nSalok\u0101ms l\u012bdz izm\u0113riem: 46 x 19 x 68,5cm;\nSvars: 6kg.","short_description":"Miniat\u016brajiem Naturehike TC06 rati\u0146iem ir salok\u0101ms dizains ar 72 litru tilpumu, kas \u013cauj uzglab\u0101t un transport\u0113t l\u012bdz 80 kg smagus priek\u0161metus.","status":"publish","sku":"6976023929557","original":53135},"wpml":{"translation_type":1,"has_translations":true,"original":53135,"duplicates":[],"translations":{"lv":53135,"en":67899,"ru":null}},"supplier_id":null,"supplier_sku":"","barcode":null,"atum_controlled":true,"out_stock_date":null,"out_stock_threshold":null,"inheritable":false,"inbound_stock":null,"stock_on_hold":0,"sold_today":0,"sales_last_days":0,"reserved_stock":null,"customer_returns":null,"warehouse_damage":null,"lost_in_post":null,"other_logs":null,"out_stock_days":0,"lost_sales":0,"has_location":null,"update_date":"2025-12-30T14:30:38","atum_locations":[],"atum_stock_status":"instock","restock_status":false,"low_stock_amount":"","sales_update_date":"2025-11-13T14:07:40","calc_backorders":null,"yoast_head":"<!-- This site is optimized with the Yoast SEO plugin v27.3 - https:\/\/yoast.com\/product\/yoast-seo-wordpress\/ -->\n<title>Naturehike - (TC06) Mini kempinga rati\u0146i<\/title>\n<meta name=\"description\" content=\"Miniat\u016brajiem Naturehike TC06 rati\u0146iem ir salok\u0101ms dizains ar 72 litru tilpumu, kas \u013cauj uzglab\u0101t un transport\u0113t l\u012bdz 80 kg smagus priek\u0161metus.\" \/>\n<meta name=\"robots\" content=\"index, follow, max-snippet:-1, max-image-preview:large, max-video-preview:-1\" \/>\n<link rel=\"canonical\" href=\"https:\/\/gohike.lv\/ru\/produkts\/naturehike-tc06-mini-kempinga-ratini\/\" \/>\n<meta property=\"og:locale\" content=\"ru_RU\" \/>\n<meta property=\"og:type\" content=\"article\" \/>\n<meta property=\"og:title\" content=\"Naturehike - Kempinga rati\u0146i\" \/>\n<meta property=\"og:description\" content=\"Miniat\u016brajiem Naturehike TC06 rati\u0146iem ir salok\u0101ms dizains ar 72 litru tilpumu, kas \u013cauj uzglab\u0101t un transport\u0113t l\u012bdz 80 kg smagus priek\u0161metus.\" \/>\n<meta property=\"og:url\" content=\"https:\/\/gohike.lv\/ru\/produkts\/naturehike-tc06-mini-kempinga-ratini\/\" \/>\n<meta property=\"og:site_name\" content=\"GoHike\" \/>\n<meta property=\"article:publisher\" content=\"https:\/\/www.facebook.com\/gohike.shop\/\" \/>\n<meta property=\"article:modified_time\" content=\"2025-12-30T14:24:43+00:00\" \/>\n<meta property=\"og:image\" content=\"https:\/\/gohike.lv\/wp-content\/uploads\/2024\/04\/TC06miniTrolley_khaki-1.webp\" \/>\n\t<meta property=\"og:image:width\" content=\"800\" \/>\n\t<meta property=\"og:image:height\" content=\"800\" \/>\n\t<meta property=\"og:image:type\" content=\"image\/webp\" \/>\n<meta name=\"twitter:card\" content=\"summary_large_image\" \/>\n<meta name=\"twitter:title\" content=\"Naturehike - Kempinga rati\u0146i\" \/>\n<meta name=\"twitter:label1\" content=\"\u041f\u0440\u0438\u043c\u0435\u0440\u043d\u043e\u0435 \u0432\u0440\u0435\u043c\u044f \u0434\u043b\u044f \u0447\u0442\u0435\u043d\u0438\u044f\" \/>\n\t<meta name=\"twitter:data1\" content=\"1 \u043c\u0438\u043d\u0443\u0442\u0430\" \/>\n<script type=\"application\/ld+json\" class=\"yoast-schema-graph\">{\"@context\":\"https:\\\/\\\/schema.org\",\"@graph\":[{\"@type\":[\"WebPage\",\"ItemPage\"],\"@id\":\"https:\\\/\\\/gohike.lv\\\/ru\\\/produkts\\\/naturehike-tc06-mini-kempinga-ratini\\\/\",\"url\":\"https:\\\/\\\/gohike.lv\\\/ru\\\/produkts\\\/naturehike-tc06-mini-kempinga-ratini\\\/\",\"name\":\"Naturehike - (TC06) Mini kempinga rati\u0146i\",\"isPartOf\":{\"@id\":\"https:\\\/\\\/gohike.lv\\\/ru\\\/#website\"},\"primaryImageOfPage\":{\"@id\":\"https:\\\/\\\/gohike.lv\\\/ru\\\/produkts\\\/naturehike-tc06-mini-kempinga-ratini\\\/#primaryimage\"},\"image\":{\"@id\":\"https:\\\/\\\/gohike.lv\\\/ru\\\/produkts\\\/naturehike-tc06-mini-kempinga-ratini\\\/#primaryimage\"},\"thumbnailUrl\":\"https:\\\/\\\/gohike.lv\\\/wp-content\\\/uploads\\\/2024\\\/04\\\/TC06miniTrolley_khaki-1.webp\",\"datePublished\":\"2024-05-07T08:41:52+00:00\",\"dateModified\":\"2025-12-30T14:24:43+00:00\",\"description\":\"Miniat\u016brajiem Naturehike TC06 rati\u0146iem ir salok\u0101ms dizains ar 72 litru tilpumu, kas \u013cauj uzglab\u0101t un transport\u0113t l\u012bdz 80 kg smagus priek\u0161metus.\",\"breadcrumb\":{\"@id\":\"https:\\\/\\\/gohike.lv\\\/ru\\\/produkts\\\/naturehike-tc06-mini-kempinga-ratini\\\/#breadcrumb\"},\"inLanguage\":\"ru-RU\",\"potentialAction\":[{\"@type\":\"ReadAction\",\"target\":[\"https:\\\/\\\/gohike.lv\\\/ru\\\/produkts\\\/naturehike-tc06-mini-kempinga-ratini\\\/\"]}]},{\"@type\":\"ImageObject\",\"inLanguage\":\"ru-RU\",\"@id\":\"https:\\\/\\\/gohike.lv\\\/ru\\\/produkts\\\/naturehike-tc06-mini-kempinga-ratini\\\/#primaryimage\",\"url\":\"https:\\\/\\\/gohike.lv\\\/wp-content\\\/uploads\\\/2024\\\/04\\\/TC06miniTrolley_khaki-1.webp\",\"contentUrl\":\"https:\\\/\\\/gohike.lv\\\/wp-content\\\/uploads\\\/2024\\\/04\\\/TC06miniTrolley_khaki-1.webp\",\"width\":800,\"height\":800},{\"@type\":\"BreadcrumbList\",\"@id\":\"https:\\\/\\\/gohike.lv\\\/ru\\\/produkts\\\/naturehike-tc06-mini-kempinga-ratini\\\/#breadcrumb\",\"itemListElement\":[{\"@type\":\"ListItem\",\"position\":1,\"name\":\"\u0413\u043b\u0430\u0432\u043d\u0430\u044f\",\"item\":\"https:\\\/\\\/gohike.lv\\\/ru\\\/\"},{\"@type\":\"ListItem\",\"position\":2,\"name\":\"\u041a\u0430\u0442\u0435\u0433\u043e\u0440\u0438\u0438 \u0442\u043e\u0432\u0430\u0440\u043e\u0432\",\"item\":\"https:\\\/\\\/gohike.lv\\\/%d0%ba%d0%b0%d1%82%d0%b5%d0%b3%d0%be%d1%80%d0%b8%d0%b8-%d1%82%d0%be%d0%b2%d0%b0%d1%80%d0%be%d0%b2\\\/\"},{\"@type\":\"ListItem\",\"position\":3,\"name\":\"Naturehike &#8211; (TC06) Mini kempinga rati\u0146i\"}]},{\"@type\":\"WebSite\",\"@id\":\"https:\\\/\\\/gohike.lv\\\/ru\\\/#website\",\"url\":\"https:\\\/\\\/gohike.lv\\\/ru\\\/\",\"name\":\"GoHike\",\"description\":\"\",\"publisher\":{\"@id\":\"https:\\\/\\\/gohike.lv\\\/ru\\\/#organization\"},\"potentialAction\":[{\"@type\":\"SearchAction\",\"target\":{\"@type\":\"EntryPoint\",\"urlTemplate\":\"https:\\\/\\\/gohike.lv\\\/ru\\\/?s={search_term_string}\"},\"query-input\":{\"@type\":\"PropertyValueSpecification\",\"valueRequired\":true,\"valueName\":\"search_term_string\"}}],\"inLanguage\":\"ru-RU\"},{\"@type\":\"Organization\",\"@id\":\"https:\\\/\\\/gohike.lv\\\/ru\\\/#organization\",\"name\":\"GoHike\",\"url\":\"https:\\\/\\\/gohike.lv\\\/ru\\\/\",\"logo\":{\"@type\":\"ImageObject\",\"inLanguage\":\"ru-RU\",\"@id\":\"https:\\\/\\\/gohike.lv\\\/ru\\\/#\\\/schema\\\/logo\\\/image\\\/\",\"url\":\"https:\\\/\\\/gohike.lv\\\/wp-content\\\/uploads\\\/2023\\\/08\\\/Logo_GoHike.webp\",\"contentUrl\":\"https:\\\/\\\/gohike.lv\\\/wp-content\\\/uploads\\\/2023\\\/08\\\/Logo_GoHike.webp\",\"width\":512,\"height\":512,\"caption\":\"GoHike\"},\"image\":{\"@id\":\"https:\\\/\\\/gohike.lv\\\/ru\\\/#\\\/schema\\\/logo\\\/image\\\/\"},\"sameAs\":[\"https:\\\/\\\/www.facebook.com\\\/gohike.shop\\\/\",\"https:\\\/\\\/www.instagram.com\\\/gohike.shop\\\/\"]}]}<\/script>\n<!-- \/ Yoast SEO plugin. -->","yoast_head_json":{"title":"Naturehike - (TC06) Mini kempinga rati\u0146i","description":"Miniat\u016brajiem Naturehike TC06 rati\u0146iem ir salok\u0101ms dizains ar 72 litru tilpumu, kas \u013cauj uzglab\u0101t un transport\u0113t l\u012bdz 80 kg smagus priek\u0161metus.","robots":{"index":"index","follow":"follow","max-snippet":"max-snippet:-1","max-image-preview":"max-image-preview:large","max-video-preview":"max-video-preview:-1"},"canonical":"https:\/\/gohike.lv\/ru\/produkts\/naturehike-tc06-mini-kempinga-ratini\/","og_locale":"ru_RU","og_type":"article","og_title":"Naturehike - Kempinga rati\u0146i","og_description":"Miniat\u016brajiem Naturehike TC06 rati\u0146iem ir salok\u0101ms dizains ar 72 litru tilpumu, kas \u013cauj uzglab\u0101t un transport\u0113t l\u012bdz 80 kg smagus priek\u0161metus.","og_url":"https:\/\/gohike.lv\/ru\/produkts\/naturehike-tc06-mini-kempinga-ratini\/","og_site_name":"GoHike","article_publisher":"https:\/\/www.facebook.com\/gohike.shop\/","article_modified_time":"2025-12-30T14:24:43+00:00","og_image":[{"width":800,"height":800,"url":"https:\/\/gohike.lv\/wp-content\/uploads\/2024\/04\/TC06miniTrolley_khaki-1.webp","type":"image\/webp"}],"twitter_card":"summary_large_image","twitter_title":"Naturehike - Kempinga rati\u0146i","twitter_misc":{"\u041f\u0440\u0438\u043c\u0435\u0440\u043d\u043e\u0435 \u0432\u0440\u0435\u043c\u044f \u0434\u043b\u044f \u0447\u0442\u0435\u043d\u0438\u044f":"1 \u043c\u0438\u043d\u0443\u0442\u0430"},"schema":{"@context":"https:\/\/schema.org","@graph":[{"@type":["WebPage","ItemPage"],"@id":"https:\/\/gohike.lv\/ru\/produkts\/naturehike-tc06-mini-kempinga-ratini\/","url":"https:\/\/gohike.lv\/ru\/produkts\/naturehike-tc06-mini-kempinga-ratini\/","name":"Naturehike - (TC06) Mini kempinga rati\u0146i","isPartOf":{"@id":"https:\/\/gohike.lv\/ru\/#website"},"primaryImageOfPage":{"@id":"https:\/\/gohike.lv\/ru\/produkts\/naturehike-tc06-mini-kempinga-ratini\/#primaryimage"},"image":{"@id":"https:\/\/gohike.lv\/ru\/produkts\/naturehike-tc06-mini-kempinga-ratini\/#primaryimage"},"thumbnailUrl":"https:\/\/gohike.lv\/wp-content\/uploads\/2024\/04\/TC06miniTrolley_khaki-1.webp","datePublished":"2024-05-07T08:41:52+00:00","dateModified":"2025-12-30T14:24:43+00:00","description":"Miniat\u016brajiem Naturehike TC06 rati\u0146iem ir salok\u0101ms dizains ar 72 litru tilpumu, kas \u013cauj uzglab\u0101t un transport\u0113t l\u012bdz 80 kg smagus priek\u0161metus.","breadcrumb":{"@id":"https:\/\/gohike.lv\/ru\/produkts\/naturehike-tc06-mini-kempinga-ratini\/#breadcrumb"},"inLanguage":"ru-RU","potentialAction":[{"@type":"ReadAction","target":["https:\/\/gohike.lv\/ru\/produkts\/naturehike-tc06-mini-kempinga-ratini\/"]}]},{"@type":"ImageObject","inLanguage":"ru-RU","@id":"https:\/\/gohike.lv\/ru\/produkts\/naturehike-tc06-mini-kempinga-ratini\/#primaryimage","url":"https:\/\/gohike.lv\/wp-content\/uploads\/2024\/04\/TC06miniTrolley_khaki-1.webp","contentUrl":"https:\/\/gohike.lv\/wp-content\/uploads\/2024\/04\/TC06miniTrolley_khaki-1.webp","width":800,"height":800},{"@type":"BreadcrumbList","@id":"https:\/\/gohike.lv\/ru\/produkts\/naturehike-tc06-mini-kempinga-ratini\/#breadcrumb","itemListElement":[{"@type":"ListItem","position":1,"name":"\u0413\u043b\u0430\u0432\u043d\u0430\u044f","item":"https:\/\/gohike.lv\/ru\/"},{"@type":"ListItem","position":2,"name":"\u041a\u0430\u0442\u0435\u0433\u043e\u0440\u0438\u0438 \u0442\u043e\u0432\u0430\u0440\u043e\u0432","item":"https:\/\/gohike.lv\/%d0%ba%d0%b0%d1%82%d0%b5%d0%b3%d0%be%d1%80%d0%b8%d0%b8-%d1%82%d0%be%d0%b2%d0%b0%d1%80%d0%be%d0%b2\/"},{"@type":"ListItem","position":3,"name":"Naturehike &#8211; (TC06) Mini kempinga rati\u0146i"}]},{"@type":"WebSite","@id":"https:\/\/gohike.lv\/ru\/#website","url":"https:\/\/gohike.lv\/ru\/","name":"GoHike","description":"","publisher":{"@id":"https:\/\/gohike.lv\/ru\/#organization"},"potentialAction":[{"@type":"SearchAction","target":{"@type":"EntryPoint","urlTemplate":"https:\/\/gohike.lv\/ru\/?s={search_term_string}"},"query-input":{"@type":"PropertyValueSpecification","valueRequired":true,"valueName":"search_term_string"}}],"inLanguage":"ru-RU"},{"@type":"Organization","@id":"https:\/\/gohike.lv\/ru\/#organization","name":"GoHike","url":"https:\/\/gohike.lv\/ru\/","logo":{"@type":"ImageObject","inLanguage":"ru-RU","@id":"https:\/\/gohike.lv\/ru\/#\/schema\/logo\/image\/","url":"https:\/\/gohike.lv\/wp-content\/uploads\/2023\/08\/Logo_GoHike.webp","contentUrl":"https:\/\/gohike.lv\/wp-content\/uploads\/2023\/08\/Logo_GoHike.webp","width":512,"height":512,"caption":"GoHike"},"image":{"@id":"https:\/\/gohike.lv\/ru\/#\/schema\/logo\/image\/"},"sameAs":["https:\/\/www.facebook.com\/gohike.shop\/","https:\/\/www.instagram.com\/gohike.shop\/"]}]}},"jetpack_sharing_enabled":true,"_links":{"self":[{"href":"https:\/\/gohike.lv\/ru\/wp-json\/wp\/v2\/product\/53135","targetHints":{"allow":["GET"]}}],"collection":[{"href":"https:\/\/gohike.lv\/ru\/wp-json\/wp\/v2\/product"}],"about":[{"href":"https:\/\/gohike.lv\/ru\/wp-json\/wp\/v2\/types\/product"}],"version-history":[{"count":0,"href":"https:\/\/gohike.lv\/ru\/wp-json\/wp\/v2\/product\/53135\/revisions"}],"wp:featuredmedia":[{"embeddable":true,"href":"https:\/\/gohike.lv\/ru\/wp-json\/wp\/v2\/media\/33682"}],"wp:attachment":[{"href":"https:\/\/gohike.lv\/ru\/wp-json\/wp\/v2\/media?parent=53135"}],"wp:term":[{"taxonomy":"product_brand","embeddable":true,"href":"https:\/\/gohike.lv\/ru\/wp-json\/wp\/v2\/product_brand?post=53135"},{"taxonomy":"product_cat","embeddable":true,"href":"https:\/\/gohike.lv\/ru\/wp-json\/wp\/v2\/product_cat?post=53135"},{"taxonomy":"product_tag","embeddable":true,"href":"https:\/\/gohike.lv\/ru\/wp-json\/wp\/v2\/product_tag?post=53135"}],"curies":[{"name":"wp","href":"https:\/\/api.w.org\/{rel}","templated":true}]}}