{"id":53133,"date":"2024-05-07T11:41:52","date_gmt":"2024-05-07T08:41:52","guid":{"rendered":"https:\/\/gohike.lv\/produkts\/naturehike-saliekams-supultikls\/"},"modified":"2025-12-30T17:24:43","modified_gmt":"2025-12-30T14:24:43","slug":"naturehike-saliekams-supultikls","status":"publish","type":"product","link":"https:\/\/gohike.lv\/ru\/produkts\/naturehike-saliekams-supultikls\/","title":{"rendered":"Naturehike &#8212; Saliekams \u0161\u016bpu\u013ct\u012bkls"},"content":{"rendered":"<p>Paredz\u0113ts vienam cilv\u0113kam, salok\u0101ms dizains, iepakots kompakti.<br \/>\n\u0160is \u0161\u016bpu\u013ct\u012bkls ir optim\u0101ls risin\u0101jums pat\u012bkamai atp\u016btai svaig\u0101 gais\u0101.<br \/>\nTas ir uzst\u0101d\u012bts uz sp\u0113c\u012bg\u0101m un stabil\u0101m k\u0101j\u0101m. Ir kabata, kur\u0101 varat ievietot s\u012bkus priek\u0161metus.<br \/>\n\u0160\u016bpu\u013ct\u012bkls ir viegli saliekams un tikpat viegli izjaucams.<br \/>\n\u0160\u016bpu\u013ct\u012bkls var iztur\u0113t slodzi l\u012bdz 120 kilogramiem.<br \/>\nMateri\u0101ls ir \u013coti iztur\u012bgs un elast\u012bgs 300D Oxford audums, kas ir iztur\u012bgs pret pl\u012bsumiem un boj\u0101jumiem.<br \/>\nHorizont\u0101l\u0101s cauru\u013cveida sienas biezums, kas ir stiprin\u0101jums, ir 1,5 mm.<br \/>\nAtbalsta pamat\u0101 ir iztur\u012bgs un kvalitat\u012bvs materi\u0101ls \u2013 alum\u012bnija sakaus\u0113jums 7075.<br \/>\nKonstrukcijas k\u0101j\u0101m ir pretsl\u012bdes aizsardz\u012bba.<br \/>\nIzstr\u0101d\u0101juma izm\u0113ri atloc\u012bt\u0101 veid\u0101 ir 205*70*74 cm.<br \/>\nSaloc\u012bt\u0101 veid\u0101 izm\u0113ri ir 60*18 cm.<br \/>\nPrece ir izjaucama un kompakti salok\u0101ma speci\u0101l\u0101 som\u0101 \u0113rtai uzglab\u0101\u0161anai un transport\u0113\u0161anai.<br \/>\nKomplekt\u0101 ietilpst: soma \u0161\u016bpu\u013ct\u012bkla glab\u0101\u0161anai un p\u0101rn\u0113s\u0101\u0161anai; \u0161\u016bpu\u013ct\u012bkls; divi atbalsta stat\u012bvi visas konstrukcijas nostiprin\u0101\u0161anai; \u010detri atbalsta balsti.<br \/>\nProdukta kr\u0101sa \u2013 melna.<\/p>\n","protected":false},"excerpt":{"rendered":"<p>Saliekams \u0161\u016bpu\u013ct\u012bkls t\u016brismam un \u0101ra aktivit\u0101t\u0113m.<\/p>\n","protected":false},"featured_media":33668,"template":"","meta":[],"product_brand":[167],"product_cat":[4526],"product_tag":[],"class_list":{"0":"post-53133","1":"product","2":"type-product","3":"status-publish","4":"has-post-thumbnail","6":"product_brand-naturehike-lv","7":"product_cat-supultikli","8":"pa_izmeriscm-10011","9":"pa_materiali-biezs-300d-elastigs-audums-7075-aluminija-sakausejums","10":"pa_produkta-tips-supultikli","11":"pa_spalva-melns","13":"first","14":"instock","15":"taxable","16":"shipping-taxable","17":"purchasable","18":"product-type-simple"},"raw_content":{"name":"Naturehike - Saliekams \u0161\u016bpu\u013ct\u012bkls","description":"Paredz\u0113ts vienam cilv\u0113kam, salok\u0101ms dizains, iepakots kompakti.\n\u0160is \u0161\u016bpu\u013ct\u012bkls ir optim\u0101ls risin\u0101jums pat\u012bkamai atp\u016btai svaig\u0101 gais\u0101.\nTas ir uzst\u0101d\u012bts uz sp\u0113c\u012bg\u0101m un stabil\u0101m k\u0101j\u0101m. Ir kabata, kur\u0101 varat ievietot s\u012bkus priek\u0161metus.\n\u0160\u016bpu\u013ct\u012bkls ir viegli saliekams un tikpat viegli izjaucams.\n\u0160\u016bpu\u013ct\u012bkls var iztur\u0113t slodzi l\u012bdz 120 kilogramiem.\nMateri\u0101ls ir \u013coti iztur\u012bgs un elast\u012bgs 300D Oxford audums, kas ir iztur\u012bgs pret pl\u012bsumiem un boj\u0101jumiem.\nHorizont\u0101l\u0101s cauru\u013cveida sienas biezums, kas ir stiprin\u0101jums, ir 1,5 mm.\nAtbalsta pamat\u0101 ir iztur\u012bgs un kvalitat\u012bvs materi\u0101ls \u2013 alum\u012bnija sakaus\u0113jums 7075.\nKonstrukcijas k\u0101j\u0101m ir pretsl\u012bdes aizsardz\u012bba.\nIzstr\u0101d\u0101juma izm\u0113ri atloc\u012bt\u0101 veid\u0101 ir 205*70*74 cm.\nSaloc\u012bt\u0101 veid\u0101 izm\u0113ri ir 60*18 cm.\nPrece ir izjaucama un kompakti salok\u0101ma speci\u0101l\u0101 som\u0101 \u0113rtai uzglab\u0101\u0161anai un transport\u0113\u0161anai.\nKomplekt\u0101 ietilpst: soma \u0161\u016bpu\u013ct\u012bkla glab\u0101\u0161anai un p\u0101rn\u0113s\u0101\u0161anai; \u0161\u016bpu\u013ct\u012bkls; divi atbalsta stat\u012bvi visas konstrukcijas nostiprin\u0101\u0161anai; \u010detri atbalsta balsti.\nProdukta kr\u0101sa \u2013 melna.","short_description":"Saliekams \u0161\u016bpu\u013ct\u012bkls t\u016brismam un \u0101ra aktivit\u0101t\u0113m.","status":"publish","sku":"6927595747834","original":53133},"wpml":{"translation_type":1,"has_translations":true,"original":53133,"duplicates":[],"translations":{"lv":53133,"en":67902,"ru":null}},"supplier_id":null,"supplier_sku":"","barcode":null,"atum_controlled":true,"out_stock_date":null,"out_stock_threshold":null,"inheritable":false,"inbound_stock":null,"stock_on_hold":0,"sold_today":0,"sales_last_days":0,"reserved_stock":null,"customer_returns":null,"warehouse_damage":null,"lost_in_post":null,"other_logs":null,"out_stock_days":0,"lost_sales":0,"has_location":null,"update_date":"2025-12-30T14:30:38","atum_locations":[],"atum_stock_status":"instock","restock_status":false,"low_stock_amount":"","sales_update_date":"2025-11-13T14:09:03","calc_backorders":null,"yoast_head":"<!-- This site is optimized with the Yoast SEO plugin v27.3 - https:\/\/yoast.com\/product\/yoast-seo-wordpress\/ -->\n<title>Naturehike - Saliekams \u0161\u016bpu\u013ct\u012bkls<\/title>\n<meta name=\"description\" content=\"Saliekams \u0161\u016bpu\u013ct\u012bkls t\u016brismam un \u0101ra aktivit\u0101t\u0113m.\" \/>\n<meta name=\"robots\" content=\"index, follow, max-snippet:-1, max-image-preview:large, max-video-preview:-1\" \/>\n<link rel=\"canonical\" href=\"https:\/\/gohike.lv\/ru\/produkts\/naturehike-saliekams-supultikls\/\" \/>\n<meta property=\"og:locale\" content=\"ru_RU\" \/>\n<meta property=\"og:type\" content=\"article\" \/>\n<meta property=\"og:title\" content=\"Naturehike - Saliekams \u0161\u016bpu\u013ct\u012bkls\" \/>\n<meta property=\"og:description\" content=\"Saliekams \u0161\u016bpu\u013ct\u012bkls t\u016brismam un \u0101ra aktivit\u0101t\u0113m.\" \/>\n<meta property=\"og:url\" content=\"https:\/\/gohike.lv\/ru\/produkts\/naturehike-saliekams-supultikls\/\" \/>\n<meta property=\"og:site_name\" content=\"GoHike\" \/>\n<meta property=\"article:publisher\" content=\"https:\/\/www.facebook.com\/gohike.shop\/\" \/>\n<meta property=\"article:modified_time\" content=\"2025-12-30T14:24:43+00:00\" \/>\n<meta property=\"og:image\" content=\"https:\/\/gohike.lv\/wp-content\/uploads\/2024\/04\/FoldableHammock_-1.webp\" \/>\n\t<meta property=\"og:image:width\" content=\"630\" \/>\n\t<meta property=\"og:image:height\" content=\"630\" \/>\n\t<meta property=\"og:image:type\" content=\"image\/webp\" \/>\n<meta name=\"twitter:card\" content=\"summary_large_image\" \/>\n<meta name=\"twitter:title\" content=\"Naturehike - Saliekams \u0161\u016bpu\u013ct\u012bkls\" \/>\n<meta name=\"twitter:label1\" content=\"\u041f\u0440\u0438\u043c\u0435\u0440\u043d\u043e\u0435 \u0432\u0440\u0435\u043c\u044f \u0434\u043b\u044f \u0447\u0442\u0435\u043d\u0438\u044f\" \/>\n\t<meta name=\"twitter:data1\" content=\"1 \u043c\u0438\u043d\u0443\u0442\u0430\" \/>\n<script type=\"application\/ld+json\" class=\"yoast-schema-graph\">{\"@context\":\"https:\\\/\\\/schema.org\",\"@graph\":[{\"@type\":[\"WebPage\",\"ItemPage\"],\"@id\":\"https:\\\/\\\/gohike.lv\\\/ru\\\/produkts\\\/naturehike-saliekams-supultikls\\\/\",\"url\":\"https:\\\/\\\/gohike.lv\\\/ru\\\/produkts\\\/naturehike-saliekams-supultikls\\\/\",\"name\":\"Naturehike - Saliekams \u0161\u016bpu\u013ct\u012bkls\",\"isPartOf\":{\"@id\":\"https:\\\/\\\/gohike.lv\\\/ru\\\/#website\"},\"primaryImageOfPage\":{\"@id\":\"https:\\\/\\\/gohike.lv\\\/ru\\\/produkts\\\/naturehike-saliekams-supultikls\\\/#primaryimage\"},\"image\":{\"@id\":\"https:\\\/\\\/gohike.lv\\\/ru\\\/produkts\\\/naturehike-saliekams-supultikls\\\/#primaryimage\"},\"thumbnailUrl\":\"https:\\\/\\\/gohike.lv\\\/wp-content\\\/uploads\\\/2024\\\/04\\\/FoldableHammock_-1.webp\",\"datePublished\":\"2024-05-07T08:41:52+00:00\",\"dateModified\":\"2025-12-30T14:24:43+00:00\",\"description\":\"Saliekams \u0161\u016bpu\u013ct\u012bkls t\u016brismam un \u0101ra aktivit\u0101t\u0113m.\",\"breadcrumb\":{\"@id\":\"https:\\\/\\\/gohike.lv\\\/ru\\\/produkts\\\/naturehike-saliekams-supultikls\\\/#breadcrumb\"},\"inLanguage\":\"ru-RU\",\"potentialAction\":[{\"@type\":\"ReadAction\",\"target\":[\"https:\\\/\\\/gohike.lv\\\/ru\\\/produkts\\\/naturehike-saliekams-supultikls\\\/\"]}]},{\"@type\":\"ImageObject\",\"inLanguage\":\"ru-RU\",\"@id\":\"https:\\\/\\\/gohike.lv\\\/ru\\\/produkts\\\/naturehike-saliekams-supultikls\\\/#primaryimage\",\"url\":\"https:\\\/\\\/gohike.lv\\\/wp-content\\\/uploads\\\/2024\\\/04\\\/FoldableHammock_-1.webp\",\"contentUrl\":\"https:\\\/\\\/gohike.lv\\\/wp-content\\\/uploads\\\/2024\\\/04\\\/FoldableHammock_-1.webp\",\"width\":630,\"height\":630},{\"@type\":\"BreadcrumbList\",\"@id\":\"https:\\\/\\\/gohike.lv\\\/ru\\\/produkts\\\/naturehike-saliekams-supultikls\\\/#breadcrumb\",\"itemListElement\":[{\"@type\":\"ListItem\",\"position\":1,\"name\":\"\u0413\u043b\u0430\u0432\u043d\u0430\u044f\",\"item\":\"https:\\\/\\\/gohike.lv\\\/ru\\\/\"},{\"@type\":\"ListItem\",\"position\":2,\"name\":\"\u041a\u0430\u0442\u0435\u0433\u043e\u0440\u0438\u0438 \u0442\u043e\u0432\u0430\u0440\u043e\u0432\",\"item\":\"https:\\\/\\\/gohike.lv\\\/%d0%ba%d0%b0%d1%82%d0%b5%d0%b3%d0%be%d1%80%d0%b8%d0%b8-%d1%82%d0%be%d0%b2%d0%b0%d1%80%d0%be%d0%b2\\\/\"},{\"@type\":\"ListItem\",\"position\":3,\"name\":\"Naturehike &#8211; Saliekams \u0161\u016bpu\u013ct\u012bkls\"}]},{\"@type\":\"WebSite\",\"@id\":\"https:\\\/\\\/gohike.lv\\\/ru\\\/#website\",\"url\":\"https:\\\/\\\/gohike.lv\\\/ru\\\/\",\"name\":\"GoHike\",\"description\":\"\",\"publisher\":{\"@id\":\"https:\\\/\\\/gohike.lv\\\/ru\\\/#organization\"},\"potentialAction\":[{\"@type\":\"SearchAction\",\"target\":{\"@type\":\"EntryPoint\",\"urlTemplate\":\"https:\\\/\\\/gohike.lv\\\/ru\\\/?s={search_term_string}\"},\"query-input\":{\"@type\":\"PropertyValueSpecification\",\"valueRequired\":true,\"valueName\":\"search_term_string\"}}],\"inLanguage\":\"ru-RU\"},{\"@type\":\"Organization\",\"@id\":\"https:\\\/\\\/gohike.lv\\\/ru\\\/#organization\",\"name\":\"GoHike\",\"url\":\"https:\\\/\\\/gohike.lv\\\/ru\\\/\",\"logo\":{\"@type\":\"ImageObject\",\"inLanguage\":\"ru-RU\",\"@id\":\"https:\\\/\\\/gohike.lv\\\/ru\\\/#\\\/schema\\\/logo\\\/image\\\/\",\"url\":\"https:\\\/\\\/gohike.lv\\\/wp-content\\\/uploads\\\/2023\\\/08\\\/Logo_GoHike.webp\",\"contentUrl\":\"https:\\\/\\\/gohike.lv\\\/wp-content\\\/uploads\\\/2023\\\/08\\\/Logo_GoHike.webp\",\"width\":512,\"height\":512,\"caption\":\"GoHike\"},\"image\":{\"@id\":\"https:\\\/\\\/gohike.lv\\\/ru\\\/#\\\/schema\\\/logo\\\/image\\\/\"},\"sameAs\":[\"https:\\\/\\\/www.facebook.com\\\/gohike.shop\\\/\",\"https:\\\/\\\/www.instagram.com\\\/gohike.shop\\\/\"]}]}<\/script>\n<!-- \/ Yoast SEO plugin. -->","yoast_head_json":{"title":"Naturehike - Saliekams \u0161\u016bpu\u013ct\u012bkls","description":"Saliekams \u0161\u016bpu\u013ct\u012bkls t\u016brismam un \u0101ra aktivit\u0101t\u0113m.","robots":{"index":"index","follow":"follow","max-snippet":"max-snippet:-1","max-image-preview":"max-image-preview:large","max-video-preview":"max-video-preview:-1"},"canonical":"https:\/\/gohike.lv\/ru\/produkts\/naturehike-saliekams-supultikls\/","og_locale":"ru_RU","og_type":"article","og_title":"Naturehike - Saliekams \u0161\u016bpu\u013ct\u012bkls","og_description":"Saliekams \u0161\u016bpu\u013ct\u012bkls t\u016brismam un \u0101ra aktivit\u0101t\u0113m.","og_url":"https:\/\/gohike.lv\/ru\/produkts\/naturehike-saliekams-supultikls\/","og_site_name":"GoHike","article_publisher":"https:\/\/www.facebook.com\/gohike.shop\/","article_modified_time":"2025-12-30T14:24:43+00:00","og_image":[{"width":630,"height":630,"url":"https:\/\/gohike.lv\/wp-content\/uploads\/2024\/04\/FoldableHammock_-1.webp","type":"image\/webp"}],"twitter_card":"summary_large_image","twitter_title":"Naturehike - Saliekams \u0161\u016bpu\u013ct\u012bkls","twitter_misc":{"\u041f\u0440\u0438\u043c\u0435\u0440\u043d\u043e\u0435 \u0432\u0440\u0435\u043c\u044f \u0434\u043b\u044f \u0447\u0442\u0435\u043d\u0438\u044f":"1 \u043c\u0438\u043d\u0443\u0442\u0430"},"schema":{"@context":"https:\/\/schema.org","@graph":[{"@type":["WebPage","ItemPage"],"@id":"https:\/\/gohike.lv\/ru\/produkts\/naturehike-saliekams-supultikls\/","url":"https:\/\/gohike.lv\/ru\/produkts\/naturehike-saliekams-supultikls\/","name":"Naturehike - Saliekams \u0161\u016bpu\u013ct\u012bkls","isPartOf":{"@id":"https:\/\/gohike.lv\/ru\/#website"},"primaryImageOfPage":{"@id":"https:\/\/gohike.lv\/ru\/produkts\/naturehike-saliekams-supultikls\/#primaryimage"},"image":{"@id":"https:\/\/gohike.lv\/ru\/produkts\/naturehike-saliekams-supultikls\/#primaryimage"},"thumbnailUrl":"https:\/\/gohike.lv\/wp-content\/uploads\/2024\/04\/FoldableHammock_-1.webp","datePublished":"2024-05-07T08:41:52+00:00","dateModified":"2025-12-30T14:24:43+00:00","description":"Saliekams \u0161\u016bpu\u013ct\u012bkls t\u016brismam un \u0101ra aktivit\u0101t\u0113m.","breadcrumb":{"@id":"https:\/\/gohike.lv\/ru\/produkts\/naturehike-saliekams-supultikls\/#breadcrumb"},"inLanguage":"ru-RU","potentialAction":[{"@type":"ReadAction","target":["https:\/\/gohike.lv\/ru\/produkts\/naturehike-saliekams-supultikls\/"]}]},{"@type":"ImageObject","inLanguage":"ru-RU","@id":"https:\/\/gohike.lv\/ru\/produkts\/naturehike-saliekams-supultikls\/#primaryimage","url":"https:\/\/gohike.lv\/wp-content\/uploads\/2024\/04\/FoldableHammock_-1.webp","contentUrl":"https:\/\/gohike.lv\/wp-content\/uploads\/2024\/04\/FoldableHammock_-1.webp","width":630,"height":630},{"@type":"BreadcrumbList","@id":"https:\/\/gohike.lv\/ru\/produkts\/naturehike-saliekams-supultikls\/#breadcrumb","itemListElement":[{"@type":"ListItem","position":1,"name":"\u0413\u043b\u0430\u0432\u043d\u0430\u044f","item":"https:\/\/gohike.lv\/ru\/"},{"@type":"ListItem","position":2,"name":"\u041a\u0430\u0442\u0435\u0433\u043e\u0440\u0438\u0438 \u0442\u043e\u0432\u0430\u0440\u043e\u0432","item":"https:\/\/gohike.lv\/%d0%ba%d0%b0%d1%82%d0%b5%d0%b3%d0%be%d1%80%d0%b8%d0%b8-%d1%82%d0%be%d0%b2%d0%b0%d1%80%d0%be%d0%b2\/"},{"@type":"ListItem","position":3,"name":"Naturehike &#8211; Saliekams \u0161\u016bpu\u013ct\u012bkls"}]},{"@type":"WebSite","@id":"https:\/\/gohike.lv\/ru\/#website","url":"https:\/\/gohike.lv\/ru\/","name":"GoHike","description":"","publisher":{"@id":"https:\/\/gohike.lv\/ru\/#organization"},"potentialAction":[{"@type":"SearchAction","target":{"@type":"EntryPoint","urlTemplate":"https:\/\/gohike.lv\/ru\/?s={search_term_string}"},"query-input":{"@type":"PropertyValueSpecification","valueRequired":true,"valueName":"search_term_string"}}],"inLanguage":"ru-RU"},{"@type":"Organization","@id":"https:\/\/gohike.lv\/ru\/#organization","name":"GoHike","url":"https:\/\/gohike.lv\/ru\/","logo":{"@type":"ImageObject","inLanguage":"ru-RU","@id":"https:\/\/gohike.lv\/ru\/#\/schema\/logo\/image\/","url":"https:\/\/gohike.lv\/wp-content\/uploads\/2023\/08\/Logo_GoHike.webp","contentUrl":"https:\/\/gohike.lv\/wp-content\/uploads\/2023\/08\/Logo_GoHike.webp","width":512,"height":512,"caption":"GoHike"},"image":{"@id":"https:\/\/gohike.lv\/ru\/#\/schema\/logo\/image\/"},"sameAs":["https:\/\/www.facebook.com\/gohike.shop\/","https:\/\/www.instagram.com\/gohike.shop\/"]}]}},"jetpack_sharing_enabled":true,"_links":{"self":[{"href":"https:\/\/gohike.lv\/ru\/wp-json\/wp\/v2\/product\/53133","targetHints":{"allow":["GET"]}}],"collection":[{"href":"https:\/\/gohike.lv\/ru\/wp-json\/wp\/v2\/product"}],"about":[{"href":"https:\/\/gohike.lv\/ru\/wp-json\/wp\/v2\/types\/product"}],"version-history":[{"count":1,"href":"https:\/\/gohike.lv\/ru\/wp-json\/wp\/v2\/product\/53133\/revisions"}],"predecessor-version":[{"id":118803,"href":"https:\/\/gohike.lv\/ru\/wp-json\/wp\/v2\/product\/53133\/revisions\/118803"}],"wp:featuredmedia":[{"embeddable":true,"href":"https:\/\/gohike.lv\/ru\/wp-json\/wp\/v2\/media\/33668"}],"wp:attachment":[{"href":"https:\/\/gohike.lv\/ru\/wp-json\/wp\/v2\/media?parent=53133"}],"wp:term":[{"taxonomy":"product_brand","embeddable":true,"href":"https:\/\/gohike.lv\/ru\/wp-json\/wp\/v2\/product_brand?post=53133"},{"taxonomy":"product_cat","embeddable":true,"href":"https:\/\/gohike.lv\/ru\/wp-json\/wp\/v2\/product_cat?post=53133"},{"taxonomy":"product_tag","embeddable":true,"href":"https:\/\/gohike.lv\/ru\/wp-json\/wp\/v2\/product_tag?post=53133"}],"curies":[{"name":"wp","href":"https:\/\/api.w.org\/{rel}","templated":true}]}}