{"id":53131,"date":"2024-05-07T11:41:52","date_gmt":"2024-05-07T08:41:52","guid":{"rendered":"https:\/\/gohike.lv\/produkts\/naturehike-mugursomas-parvalks-q09b\/"},"modified":"2025-12-30T17:24:43","modified_gmt":"2025-12-30T14:24:43","slug":"naturehike-mugursomas-parvalks-q09b","status":"publish","type":"product","link":"https:\/\/gohike.lv\/ru\/produkts\/naturehike-mugursomas-parvalks-q09b\/","title":{"rendered":"Naturehike &#8212;  Q09B Mugursomas p\u0101rvalks"},"content":{"rendered":"<p>Ar labu ergonomisku dizainu, p\u0101rvalks nodro\u0161ina labu atbalstu.<br \/>\nMateri\u0101ls ir viegli t\u012br\u0101ms un iztur\u012bgs.<br \/>\nModelis: NH20BB206<br \/>\nIeteicamais svars: 55-70 kg;<br \/>\nIzm\u0113rs: 55 x 25 x 16 cm.<br \/>\nKr\u0101sa: pel\u0113ka\/melna;<br \/>\nTilpums: 20l;<br \/>\nMateri\u0101ls: dyneema audums;<br \/>\nSvars: 340 g.<\/p>\n","protected":false},"excerpt":{"rendered":"<p>Ja p\u0101rg\u0101jien\u0101 p\u0101rsteidz slikti laikapst\u0101k\u013ci, \u0161is p\u0101rvalks pasarg\u0101s mugursom\u0101 eso\u0161os piederumus no samirk\u0161anas.<\/p>\n","protected":false},"featured_media":33656,"template":"","meta":[],"product_brand":[167],"product_cat":[1827],"product_tag":[],"class_list":{"0":"post-53131","1":"product","2":"type-product","3":"status-publish","4":"has-post-thumbnail","6":"product_brand-naturehike-lv","7":"product_cat-mugursomas","8":"pa_izmeriscm-9742","9":"pa_materiali-neilona-udensizturigs-audums","10":"pa_produkta-tips-lietus-parvalki","11":"pa_saliktas-preces-izmerscm-1313-5","12":"pa_spalva-melns","14":"first","15":"instock","16":"taxable","17":"shipping-taxable","18":"purchasable","19":"product-type-simple"},"raw_content":{"name":"Naturehike -  Q09B Mugursomas p\u0101rvalks","description":"Ar labu ergonomisku dizainu, p\u0101rvalks nodro\u0161ina labu atbalstu.\nMateri\u0101ls ir viegli t\u012br\u0101ms un iztur\u012bgs.\nModelis: NH20BB206\nIeteicamais svars: 55-70 kg;\nIzm\u0113rs: 55 x 25 x 16 cm.\nKr\u0101sa: pel\u0113ka\/melna;\nTilpums: 20l;\nMateri\u0101ls: dyneema audums;\nSvars: 340 g.","short_description":"Ja p\u0101rg\u0101jien\u0101 p\u0101rsteidz slikti laikapst\u0101k\u013ci, \u0161is p\u0101rvalks pasarg\u0101s mugursom\u0101 eso\u0161os piederumus no samirk\u0161anas.","status":"publish","sku":"6927595739389","original":53131},"wpml":{"translation_type":1,"has_translations":true,"original":53131,"duplicates":[],"translations":{"lv":53131,"en":67904,"ru":null}},"supplier_id":null,"supplier_sku":"","barcode":null,"atum_controlled":true,"out_stock_date":null,"out_stock_threshold":null,"inheritable":false,"inbound_stock":null,"stock_on_hold":0,"sold_today":0,"sales_last_days":0,"reserved_stock":null,"customer_returns":null,"warehouse_damage":null,"lost_in_post":null,"other_logs":null,"out_stock_days":0,"lost_sales":0,"has_location":null,"update_date":"2025-12-30T14:30:38","atum_locations":[],"atum_stock_status":"instock","restock_status":false,"low_stock_amount":"","sales_update_date":"2025-11-13T14:08:02","calc_backorders":null,"yoast_head":"<!-- This site is optimized with the Yoast SEO plugin v27.3 - https:\/\/yoast.com\/product\/yoast-seo-wordpress\/ -->\n<title>Naturehike - Q09B Mugursomas p\u0101rvalks<\/title>\n<meta name=\"description\" content=\"Ja p\u0101rg\u0101jien\u0101 p\u0101rsteidz slikti laikapst\u0101k\u013ci, \u0161is p\u0101rvalks pasarg\u0101s mugursom\u0101 eso\u0161os piederumus no samirk\u0161anas.\" \/>\n<meta name=\"robots\" content=\"index, follow, max-snippet:-1, max-image-preview:large, max-video-preview:-1\" \/>\n<link rel=\"canonical\" href=\"https:\/\/gohike.lv\/ru\/produkts\/naturehike-mugursomas-parvalks-q09b\/\" \/>\n<meta property=\"og:locale\" content=\"ru_RU\" \/>\n<meta property=\"og:type\" content=\"article\" \/>\n<meta property=\"og:title\" content=\"Naturehike - Lietus p\u0101rsegs\" \/>\n<meta property=\"og:description\" content=\"Ja p\u0101rg\u0101jien\u0101 p\u0101rsteidz slikti laikapst\u0101k\u013ci, \u0161is p\u0101rvalks pasarg\u0101s mugursom\u0101 eso\u0161os piederumus no samirk\u0161anas.\" \/>\n<meta property=\"og:url\" content=\"https:\/\/gohike.lv\/ru\/produkts\/naturehike-mugursomas-parvalks-q09b\/\" \/>\n<meta property=\"og:site_name\" content=\"GoHike\" \/>\n<meta property=\"article:publisher\" content=\"https:\/\/www.facebook.com\/gohike.shop\/\" \/>\n<meta property=\"article:modified_time\" content=\"2025-12-30T14:24:43+00:00\" \/>\n<meta property=\"og:image\" content=\"https:\/\/gohike.lv\/wp-content\/uploads\/2024\/04\/Q9Bbackpack_black-1.webp\" \/>\n\t<meta property=\"og:image:width\" content=\"720\" \/>\n\t<meta property=\"og:image:height\" content=\"720\" \/>\n\t<meta property=\"og:image:type\" content=\"image\/webp\" \/>\n<meta name=\"twitter:card\" content=\"summary_large_image\" \/>\n<meta name=\"twitter:title\" content=\"Naturehike - Lietus p\u0101rsegs\" \/>\n<meta name=\"twitter:label1\" content=\"\u041f\u0440\u0438\u043c\u0435\u0440\u043d\u043e\u0435 \u0432\u0440\u0435\u043c\u044f \u0434\u043b\u044f \u0447\u0442\u0435\u043d\u0438\u044f\" \/>\n\t<meta name=\"twitter:data1\" content=\"1 \u043c\u0438\u043d\u0443\u0442\u0430\" \/>\n<script type=\"application\/ld+json\" class=\"yoast-schema-graph\">{\"@context\":\"https:\\\/\\\/schema.org\",\"@graph\":[{\"@type\":[\"WebPage\",\"ItemPage\"],\"@id\":\"https:\\\/\\\/gohike.lv\\\/ru\\\/produkts\\\/naturehike-mugursomas-parvalks-q09b\\\/\",\"url\":\"https:\\\/\\\/gohike.lv\\\/ru\\\/produkts\\\/naturehike-mugursomas-parvalks-q09b\\\/\",\"name\":\"Naturehike - Q09B Mugursomas p\u0101rvalks\",\"isPartOf\":{\"@id\":\"https:\\\/\\\/gohike.lv\\\/ru\\\/#website\"},\"primaryImageOfPage\":{\"@id\":\"https:\\\/\\\/gohike.lv\\\/ru\\\/produkts\\\/naturehike-mugursomas-parvalks-q09b\\\/#primaryimage\"},\"image\":{\"@id\":\"https:\\\/\\\/gohike.lv\\\/ru\\\/produkts\\\/naturehike-mugursomas-parvalks-q09b\\\/#primaryimage\"},\"thumbnailUrl\":\"https:\\\/\\\/gohike.lv\\\/wp-content\\\/uploads\\\/2024\\\/04\\\/Q9Bbackpack_black-1.webp\",\"datePublished\":\"2024-05-07T08:41:52+00:00\",\"dateModified\":\"2025-12-30T14:24:43+00:00\",\"description\":\"Ja p\u0101rg\u0101jien\u0101 p\u0101rsteidz slikti laikapst\u0101k\u013ci, \u0161is p\u0101rvalks pasarg\u0101s mugursom\u0101 eso\u0161os piederumus no samirk\u0161anas.\",\"breadcrumb\":{\"@id\":\"https:\\\/\\\/gohike.lv\\\/ru\\\/produkts\\\/naturehike-mugursomas-parvalks-q09b\\\/#breadcrumb\"},\"inLanguage\":\"ru-RU\",\"potentialAction\":[{\"@type\":\"ReadAction\",\"target\":[\"https:\\\/\\\/gohike.lv\\\/ru\\\/produkts\\\/naturehike-mugursomas-parvalks-q09b\\\/\"]}]},{\"@type\":\"ImageObject\",\"inLanguage\":\"ru-RU\",\"@id\":\"https:\\\/\\\/gohike.lv\\\/ru\\\/produkts\\\/naturehike-mugursomas-parvalks-q09b\\\/#primaryimage\",\"url\":\"https:\\\/\\\/gohike.lv\\\/wp-content\\\/uploads\\\/2024\\\/04\\\/Q9Bbackpack_black-1.webp\",\"contentUrl\":\"https:\\\/\\\/gohike.lv\\\/wp-content\\\/uploads\\\/2024\\\/04\\\/Q9Bbackpack_black-1.webp\",\"width\":720,\"height\":720},{\"@type\":\"BreadcrumbList\",\"@id\":\"https:\\\/\\\/gohike.lv\\\/ru\\\/produkts\\\/naturehike-mugursomas-parvalks-q09b\\\/#breadcrumb\",\"itemListElement\":[{\"@type\":\"ListItem\",\"position\":1,\"name\":\"\u0413\u043b\u0430\u0432\u043d\u0430\u044f\",\"item\":\"https:\\\/\\\/gohike.lv\\\/ru\\\/\"},{\"@type\":\"ListItem\",\"position\":2,\"name\":\"\u041a\u0430\u0442\u0435\u0433\u043e\u0440\u0438\u0438 \u0442\u043e\u0432\u0430\u0440\u043e\u0432\",\"item\":\"https:\\\/\\\/gohike.lv\\\/%d0%ba%d0%b0%d1%82%d0%b5%d0%b3%d0%be%d1%80%d0%b8%d0%b8-%d1%82%d0%be%d0%b2%d0%b0%d1%80%d0%be%d0%b2\\\/\"},{\"@type\":\"ListItem\",\"position\":3,\"name\":\"Naturehike &#8211; Q09B Mugursomas p\u0101rvalks\"}]},{\"@type\":\"WebSite\",\"@id\":\"https:\\\/\\\/gohike.lv\\\/ru\\\/#website\",\"url\":\"https:\\\/\\\/gohike.lv\\\/ru\\\/\",\"name\":\"GoHike\",\"description\":\"\",\"publisher\":{\"@id\":\"https:\\\/\\\/gohike.lv\\\/ru\\\/#organization\"},\"potentialAction\":[{\"@type\":\"SearchAction\",\"target\":{\"@type\":\"EntryPoint\",\"urlTemplate\":\"https:\\\/\\\/gohike.lv\\\/ru\\\/?s={search_term_string}\"},\"query-input\":{\"@type\":\"PropertyValueSpecification\",\"valueRequired\":true,\"valueName\":\"search_term_string\"}}],\"inLanguage\":\"ru-RU\"},{\"@type\":\"Organization\",\"@id\":\"https:\\\/\\\/gohike.lv\\\/ru\\\/#organization\",\"name\":\"GoHike\",\"url\":\"https:\\\/\\\/gohike.lv\\\/ru\\\/\",\"logo\":{\"@type\":\"ImageObject\",\"inLanguage\":\"ru-RU\",\"@id\":\"https:\\\/\\\/gohike.lv\\\/ru\\\/#\\\/schema\\\/logo\\\/image\\\/\",\"url\":\"https:\\\/\\\/gohike.lv\\\/wp-content\\\/uploads\\\/2023\\\/08\\\/Logo_GoHike.webp\",\"contentUrl\":\"https:\\\/\\\/gohike.lv\\\/wp-content\\\/uploads\\\/2023\\\/08\\\/Logo_GoHike.webp\",\"width\":512,\"height\":512,\"caption\":\"GoHike\"},\"image\":{\"@id\":\"https:\\\/\\\/gohike.lv\\\/ru\\\/#\\\/schema\\\/logo\\\/image\\\/\"},\"sameAs\":[\"https:\\\/\\\/www.facebook.com\\\/gohike.shop\\\/\",\"https:\\\/\\\/www.instagram.com\\\/gohike.shop\\\/\"]}]}<\/script>\n<!-- \/ Yoast SEO plugin. -->","yoast_head_json":{"title":"Naturehike - Q09B Mugursomas p\u0101rvalks","description":"Ja p\u0101rg\u0101jien\u0101 p\u0101rsteidz slikti laikapst\u0101k\u013ci, \u0161is p\u0101rvalks pasarg\u0101s mugursom\u0101 eso\u0161os piederumus no samirk\u0161anas.","robots":{"index":"index","follow":"follow","max-snippet":"max-snippet:-1","max-image-preview":"max-image-preview:large","max-video-preview":"max-video-preview:-1"},"canonical":"https:\/\/gohike.lv\/ru\/produkts\/naturehike-mugursomas-parvalks-q09b\/","og_locale":"ru_RU","og_type":"article","og_title":"Naturehike - Lietus p\u0101rsegs","og_description":"Ja p\u0101rg\u0101jien\u0101 p\u0101rsteidz slikti laikapst\u0101k\u013ci, \u0161is p\u0101rvalks pasarg\u0101s mugursom\u0101 eso\u0161os piederumus no samirk\u0161anas.","og_url":"https:\/\/gohike.lv\/ru\/produkts\/naturehike-mugursomas-parvalks-q09b\/","og_site_name":"GoHike","article_publisher":"https:\/\/www.facebook.com\/gohike.shop\/","article_modified_time":"2025-12-30T14:24:43+00:00","og_image":[{"width":720,"height":720,"url":"https:\/\/gohike.lv\/wp-content\/uploads\/2024\/04\/Q9Bbackpack_black-1.webp","type":"image\/webp"}],"twitter_card":"summary_large_image","twitter_title":"Naturehike - Lietus p\u0101rsegs","twitter_misc":{"\u041f\u0440\u0438\u043c\u0435\u0440\u043d\u043e\u0435 \u0432\u0440\u0435\u043c\u044f \u0434\u043b\u044f \u0447\u0442\u0435\u043d\u0438\u044f":"1 \u043c\u0438\u043d\u0443\u0442\u0430"},"schema":{"@context":"https:\/\/schema.org","@graph":[{"@type":["WebPage","ItemPage"],"@id":"https:\/\/gohike.lv\/ru\/produkts\/naturehike-mugursomas-parvalks-q09b\/","url":"https:\/\/gohike.lv\/ru\/produkts\/naturehike-mugursomas-parvalks-q09b\/","name":"Naturehike - Q09B Mugursomas p\u0101rvalks","isPartOf":{"@id":"https:\/\/gohike.lv\/ru\/#website"},"primaryImageOfPage":{"@id":"https:\/\/gohike.lv\/ru\/produkts\/naturehike-mugursomas-parvalks-q09b\/#primaryimage"},"image":{"@id":"https:\/\/gohike.lv\/ru\/produkts\/naturehike-mugursomas-parvalks-q09b\/#primaryimage"},"thumbnailUrl":"https:\/\/gohike.lv\/wp-content\/uploads\/2024\/04\/Q9Bbackpack_black-1.webp","datePublished":"2024-05-07T08:41:52+00:00","dateModified":"2025-12-30T14:24:43+00:00","description":"Ja p\u0101rg\u0101jien\u0101 p\u0101rsteidz slikti laikapst\u0101k\u013ci, \u0161is p\u0101rvalks pasarg\u0101s mugursom\u0101 eso\u0161os piederumus no samirk\u0161anas.","breadcrumb":{"@id":"https:\/\/gohike.lv\/ru\/produkts\/naturehike-mugursomas-parvalks-q09b\/#breadcrumb"},"inLanguage":"ru-RU","potentialAction":[{"@type":"ReadAction","target":["https:\/\/gohike.lv\/ru\/produkts\/naturehike-mugursomas-parvalks-q09b\/"]}]},{"@type":"ImageObject","inLanguage":"ru-RU","@id":"https:\/\/gohike.lv\/ru\/produkts\/naturehike-mugursomas-parvalks-q09b\/#primaryimage","url":"https:\/\/gohike.lv\/wp-content\/uploads\/2024\/04\/Q9Bbackpack_black-1.webp","contentUrl":"https:\/\/gohike.lv\/wp-content\/uploads\/2024\/04\/Q9Bbackpack_black-1.webp","width":720,"height":720},{"@type":"BreadcrumbList","@id":"https:\/\/gohike.lv\/ru\/produkts\/naturehike-mugursomas-parvalks-q09b\/#breadcrumb","itemListElement":[{"@type":"ListItem","position":1,"name":"\u0413\u043b\u0430\u0432\u043d\u0430\u044f","item":"https:\/\/gohike.lv\/ru\/"},{"@type":"ListItem","position":2,"name":"\u041a\u0430\u0442\u0435\u0433\u043e\u0440\u0438\u0438 \u0442\u043e\u0432\u0430\u0440\u043e\u0432","item":"https:\/\/gohike.lv\/%d0%ba%d0%b0%d1%82%d0%b5%d0%b3%d0%be%d1%80%d0%b8%d0%b8-%d1%82%d0%be%d0%b2%d0%b0%d1%80%d0%be%d0%b2\/"},{"@type":"ListItem","position":3,"name":"Naturehike &#8211; Q09B Mugursomas p\u0101rvalks"}]},{"@type":"WebSite","@id":"https:\/\/gohike.lv\/ru\/#website","url":"https:\/\/gohike.lv\/ru\/","name":"GoHike","description":"","publisher":{"@id":"https:\/\/gohike.lv\/ru\/#organization"},"potentialAction":[{"@type":"SearchAction","target":{"@type":"EntryPoint","urlTemplate":"https:\/\/gohike.lv\/ru\/?s={search_term_string}"},"query-input":{"@type":"PropertyValueSpecification","valueRequired":true,"valueName":"search_term_string"}}],"inLanguage":"ru-RU"},{"@type":"Organization","@id":"https:\/\/gohike.lv\/ru\/#organization","name":"GoHike","url":"https:\/\/gohike.lv\/ru\/","logo":{"@type":"ImageObject","inLanguage":"ru-RU","@id":"https:\/\/gohike.lv\/ru\/#\/schema\/logo\/image\/","url":"https:\/\/gohike.lv\/wp-content\/uploads\/2023\/08\/Logo_GoHike.webp","contentUrl":"https:\/\/gohike.lv\/wp-content\/uploads\/2023\/08\/Logo_GoHike.webp","width":512,"height":512,"caption":"GoHike"},"image":{"@id":"https:\/\/gohike.lv\/ru\/#\/schema\/logo\/image\/"},"sameAs":["https:\/\/www.facebook.com\/gohike.shop\/","https:\/\/www.instagram.com\/gohike.shop\/"]}]}},"jetpack_sharing_enabled":true,"_links":{"self":[{"href":"https:\/\/gohike.lv\/ru\/wp-json\/wp\/v2\/product\/53131","targetHints":{"allow":["GET"]}}],"collection":[{"href":"https:\/\/gohike.lv\/ru\/wp-json\/wp\/v2\/product"}],"about":[{"href":"https:\/\/gohike.lv\/ru\/wp-json\/wp\/v2\/types\/product"}],"version-history":[{"count":0,"href":"https:\/\/gohike.lv\/ru\/wp-json\/wp\/v2\/product\/53131\/revisions"}],"wp:featuredmedia":[{"embeddable":true,"href":"https:\/\/gohike.lv\/ru\/wp-json\/wp\/v2\/media\/33656"}],"wp:attachment":[{"href":"https:\/\/gohike.lv\/ru\/wp-json\/wp\/v2\/media?parent=53131"}],"wp:term":[{"taxonomy":"product_brand","embeddable":true,"href":"https:\/\/gohike.lv\/ru\/wp-json\/wp\/v2\/product_brand?post=53131"},{"taxonomy":"product_cat","embeddable":true,"href":"https:\/\/gohike.lv\/ru\/wp-json\/wp\/v2\/product_cat?post=53131"},{"taxonomy":"product_tag","embeddable":true,"href":"https:\/\/gohike.lv\/ru\/wp-json\/wp\/v2\/product_tag?post=53131"}],"curies":[{"name":"wp","href":"https:\/\/api.w.org\/{rel}","templated":true}]}}