{"id":53127,"date":"2024-05-07T11:41:52","date_gmt":"2024-05-07T08:41:52","guid":{"rendered":"https:\/\/gohike.lv\/produkts\/naturehike-pargajienu-mugursoma-65l\/"},"modified":"2025-12-30T17:24:43","modified_gmt":"2025-12-30T14:24:43","slug":"naturehike-pargajienu-mugursoma-65l","status":"publish","type":"product","link":"https:\/\/gohike.lv\/ru\/produkts\/naturehike-pargajienu-mugursoma-65l\/","title":{"rendered":"Naturehike &#8212; P\u0101rg\u0101jienu mugursoma 65l"},"content":{"rendered":"<p>Mugurpusei ir viegls, integr\u0113ts alum\u012bnija r\u0101mis un siksna, kas pal\u012bdz samazin\u0101t muguras sasprindzin\u0101jumu.<br \/>\nMugursomai ir \u0101r\u0113j\u0101s kabatas pudel\u0113m, termosiem, var izmantot ar\u012b dzer\u0161anas sist\u0113mu, un kabatas s\u012bkumiem uz jostas.<br \/>\n\u0100r\u0113j\u0101s siksnas \u013cauj \u0113rti piestiprin\u0101t pakl\u0101ji\u0146u vai telti pie mugursomas.<br \/>\nIzgatavota no \u016bdensiztur\u012bga neilona.<br \/>\nKomplekt\u0101 iek\u013cauts lietus p\u0101rsegs.<br \/>\nSvars: 1,98 kg;<br \/>\nTilpums: 65 l + 5 l;<br \/>\nMateri\u0101ls: neilons;<br \/>\nYKK. Izm\u0113rs: 78 x 33,5 x 25 cm.<\/p>\n","protected":false},"excerpt":{"rendered":"<p>Naturehike t\u016bristu mugursoma ir piem\u0113rota gariem p\u0101rg\u0101jieniem jebkur\u0101 gadalaik\u0101.<\/p>\n","protected":false},"featured_media":33632,"template":"","meta":[],"product_brand":[167],"product_cat":[1827],"product_tag":[],"class_list":{"0":"post-53127","1":"product","2":"type-product","3":"status-publish","4":"has-post-thumbnail","6":"product_brand-naturehike-lv","7":"product_cat-mugursomas","8":"pa_izmeriscm-7833-525","9":"pa_materiali-neilons-yns-spradze-aluminija-spradze","10":"pa_produkta-tips-pargajienu-mugursomas","11":"pa_spalva-zils","13":"first","14":"outofstock","15":"taxable","16":"shipping-taxable","17":"purchasable","18":"product-type-simple"},"raw_content":{"name":"Naturehike - P\u0101rg\u0101jienu mugursoma 65l","description":"Mugurpusei ir viegls, integr\u0113ts alum\u012bnija r\u0101mis un siksna, kas pal\u012bdz samazin\u0101t muguras sasprindzin\u0101jumu.\nMugursomai ir \u0101r\u0113j\u0101s kabatas pudel\u0113m, termosiem, var izmantot ar\u012b dzer\u0161anas sist\u0113mu, un kabatas s\u012bkumiem uz jostas.\n\u0100r\u0113j\u0101s siksnas \u013cauj \u0113rti piestiprin\u0101t pakl\u0101ji\u0146u vai telti pie mugursomas.\nIzgatavota no \u016bdensiztur\u012bga neilona.\nKomplekt\u0101 iek\u013cauts lietus p\u0101rsegs.\nSvars: 1,98 kg;\nTilpums: 65 l + 5 l;\nMateri\u0101ls: neilons;\nYKK. Izm\u0113rs: 78 x 33,5 x 25 cm.","short_description":"Naturehike t\u016bristu mugursoma ir piem\u0113rota gariem p\u0101rg\u0101jieniem jebkur\u0101 gadalaik\u0101.","status":"publish","sku":"6927595705087","original":53127},"wpml":{"translation_type":1,"has_translations":true,"original":53127,"duplicates":[],"translations":{"lv":53127,"en":67908,"ru":null}},"supplier_id":null,"supplier_sku":"","barcode":null,"atum_controlled":true,"out_stock_date":null,"out_stock_threshold":null,"inheritable":false,"inbound_stock":null,"stock_on_hold":0,"sold_today":0,"sales_last_days":0,"reserved_stock":null,"customer_returns":null,"warehouse_damage":null,"lost_in_post":null,"other_logs":null,"out_stock_days":0,"lost_sales":0,"has_location":null,"update_date":"2025-12-30T14:30:38","atum_locations":[],"atum_stock_status":"outofstock","restock_status":false,"low_stock_amount":"","sales_update_date":"2025-11-13T14:07:59","calc_backorders":null,"yoast_head":"<!-- This site is optimized with the Yoast SEO plugin v27.3 - https:\/\/yoast.com\/product\/yoast-seo-wordpress\/ -->\n<title>Naturehike - P\u0101rg\u0101jienu mugursoma 65l<\/title>\n<meta name=\"description\" content=\"Naturehike t\u016bristu mugursoma ir piem\u0113rota gariem p\u0101rg\u0101jieniem jebkur\u0101 gadalaik\u0101.\" \/>\n<meta name=\"robots\" content=\"index, follow, max-snippet:-1, max-image-preview:large, max-video-preview:-1\" \/>\n<link rel=\"canonical\" href=\"https:\/\/gohike.lv\/ru\/produkts\/naturehike-pargajienu-mugursoma-65l\/\" \/>\n<meta property=\"og:locale\" content=\"ru_RU\" \/>\n<meta property=\"og:type\" content=\"article\" \/>\n<meta property=\"og:title\" content=\"Naturehike - P\u0101rg\u0101jienu mugursoma\" \/>\n<meta property=\"og:description\" content=\"Naturehike t\u016bristu mugursoma ir piem\u0113rota gariem p\u0101rg\u0101jieniem jebkur\u0101 gadalaik\u0101.\" \/>\n<meta property=\"og:url\" content=\"https:\/\/gohike.lv\/ru\/produkts\/naturehike-pargajienu-mugursoma-65l\/\" \/>\n<meta property=\"og:site_name\" content=\"GoHike\" \/>\n<meta property=\"article:publisher\" content=\"https:\/\/www.facebook.com\/gohike.shop\/\" \/>\n<meta property=\"article:modified_time\" content=\"2025-12-30T14:24:43+00:00\" \/>\n<meta property=\"og:image\" content=\"https:\/\/gohike.lv\/wp-content\/uploads\/2024\/04\/65Lbackpack_blue-1.webp\" \/>\n\t<meta property=\"og:image:width\" content=\"720\" \/>\n\t<meta property=\"og:image:height\" content=\"720\" \/>\n\t<meta property=\"og:image:type\" content=\"image\/webp\" \/>\n<meta name=\"twitter:card\" content=\"summary_large_image\" \/>\n<meta name=\"twitter:title\" content=\"Naturehike - P\u0101rg\u0101jienu mugursoma\" \/>\n<meta name=\"twitter:label1\" content=\"\u041f\u0440\u0438\u043c\u0435\u0440\u043d\u043e\u0435 \u0432\u0440\u0435\u043c\u044f \u0434\u043b\u044f \u0447\u0442\u0435\u043d\u0438\u044f\" \/>\n\t<meta name=\"twitter:data1\" content=\"1 \u043c\u0438\u043d\u0443\u0442\u0430\" \/>\n<script type=\"application\/ld+json\" class=\"yoast-schema-graph\">{\"@context\":\"https:\\\/\\\/schema.org\",\"@graph\":[{\"@type\":[\"WebPage\",\"ItemPage\"],\"@id\":\"https:\\\/\\\/gohike.lv\\\/ru\\\/produkts\\\/naturehike-pargajienu-mugursoma-65l\\\/\",\"url\":\"https:\\\/\\\/gohike.lv\\\/ru\\\/produkts\\\/naturehike-pargajienu-mugursoma-65l\\\/\",\"name\":\"Naturehike - P\u0101rg\u0101jienu mugursoma 65l\",\"isPartOf\":{\"@id\":\"https:\\\/\\\/gohike.lv\\\/ru\\\/#website\"},\"primaryImageOfPage\":{\"@id\":\"https:\\\/\\\/gohike.lv\\\/ru\\\/produkts\\\/naturehike-pargajienu-mugursoma-65l\\\/#primaryimage\"},\"image\":{\"@id\":\"https:\\\/\\\/gohike.lv\\\/ru\\\/produkts\\\/naturehike-pargajienu-mugursoma-65l\\\/#primaryimage\"},\"thumbnailUrl\":\"https:\\\/\\\/gohike.lv\\\/wp-content\\\/uploads\\\/2024\\\/04\\\/65Lbackpack_blue-1.webp\",\"datePublished\":\"2024-05-07T08:41:52+00:00\",\"dateModified\":\"2025-12-30T14:24:43+00:00\",\"description\":\"Naturehike t\u016bristu mugursoma ir piem\u0113rota gariem p\u0101rg\u0101jieniem jebkur\u0101 gadalaik\u0101.\",\"breadcrumb\":{\"@id\":\"https:\\\/\\\/gohike.lv\\\/ru\\\/produkts\\\/naturehike-pargajienu-mugursoma-65l\\\/#breadcrumb\"},\"inLanguage\":\"ru-RU\",\"potentialAction\":[{\"@type\":\"ReadAction\",\"target\":[\"https:\\\/\\\/gohike.lv\\\/ru\\\/produkts\\\/naturehike-pargajienu-mugursoma-65l\\\/\"]}]},{\"@type\":\"ImageObject\",\"inLanguage\":\"ru-RU\",\"@id\":\"https:\\\/\\\/gohike.lv\\\/ru\\\/produkts\\\/naturehike-pargajienu-mugursoma-65l\\\/#primaryimage\",\"url\":\"https:\\\/\\\/gohike.lv\\\/wp-content\\\/uploads\\\/2024\\\/04\\\/65Lbackpack_blue-1.webp\",\"contentUrl\":\"https:\\\/\\\/gohike.lv\\\/wp-content\\\/uploads\\\/2024\\\/04\\\/65Lbackpack_blue-1.webp\",\"width\":720,\"height\":720},{\"@type\":\"BreadcrumbList\",\"@id\":\"https:\\\/\\\/gohike.lv\\\/ru\\\/produkts\\\/naturehike-pargajienu-mugursoma-65l\\\/#breadcrumb\",\"itemListElement\":[{\"@type\":\"ListItem\",\"position\":1,\"name\":\"\u0413\u043b\u0430\u0432\u043d\u0430\u044f\",\"item\":\"https:\\\/\\\/gohike.lv\\\/ru\\\/\"},{\"@type\":\"ListItem\",\"position\":2,\"name\":\"\u041a\u0430\u0442\u0435\u0433\u043e\u0440\u0438\u0438 \u0442\u043e\u0432\u0430\u0440\u043e\u0432\",\"item\":\"https:\\\/\\\/gohike.lv\\\/%d0%ba%d0%b0%d1%82%d0%b5%d0%b3%d0%be%d1%80%d0%b8%d0%b8-%d1%82%d0%be%d0%b2%d0%b0%d1%80%d0%be%d0%b2\\\/\"},{\"@type\":\"ListItem\",\"position\":3,\"name\":\"Naturehike &#8211; P\u0101rg\u0101jienu mugursoma 65l\"}]},{\"@type\":\"WebSite\",\"@id\":\"https:\\\/\\\/gohike.lv\\\/ru\\\/#website\",\"url\":\"https:\\\/\\\/gohike.lv\\\/ru\\\/\",\"name\":\"GoHike\",\"description\":\"\",\"publisher\":{\"@id\":\"https:\\\/\\\/gohike.lv\\\/ru\\\/#organization\"},\"potentialAction\":[{\"@type\":\"SearchAction\",\"target\":{\"@type\":\"EntryPoint\",\"urlTemplate\":\"https:\\\/\\\/gohike.lv\\\/ru\\\/?s={search_term_string}\"},\"query-input\":{\"@type\":\"PropertyValueSpecification\",\"valueRequired\":true,\"valueName\":\"search_term_string\"}}],\"inLanguage\":\"ru-RU\"},{\"@type\":\"Organization\",\"@id\":\"https:\\\/\\\/gohike.lv\\\/ru\\\/#organization\",\"name\":\"GoHike\",\"url\":\"https:\\\/\\\/gohike.lv\\\/ru\\\/\",\"logo\":{\"@type\":\"ImageObject\",\"inLanguage\":\"ru-RU\",\"@id\":\"https:\\\/\\\/gohike.lv\\\/ru\\\/#\\\/schema\\\/logo\\\/image\\\/\",\"url\":\"https:\\\/\\\/gohike.lv\\\/wp-content\\\/uploads\\\/2023\\\/08\\\/Logo_GoHike.webp\",\"contentUrl\":\"https:\\\/\\\/gohike.lv\\\/wp-content\\\/uploads\\\/2023\\\/08\\\/Logo_GoHike.webp\",\"width\":512,\"height\":512,\"caption\":\"GoHike\"},\"image\":{\"@id\":\"https:\\\/\\\/gohike.lv\\\/ru\\\/#\\\/schema\\\/logo\\\/image\\\/\"},\"sameAs\":[\"https:\\\/\\\/www.facebook.com\\\/gohike.shop\\\/\",\"https:\\\/\\\/www.instagram.com\\\/gohike.shop\\\/\"]}]}<\/script>\n<!-- \/ Yoast SEO plugin. -->","yoast_head_json":{"title":"Naturehike - P\u0101rg\u0101jienu mugursoma 65l","description":"Naturehike t\u016bristu mugursoma ir piem\u0113rota gariem p\u0101rg\u0101jieniem jebkur\u0101 gadalaik\u0101.","robots":{"index":"index","follow":"follow","max-snippet":"max-snippet:-1","max-image-preview":"max-image-preview:large","max-video-preview":"max-video-preview:-1"},"canonical":"https:\/\/gohike.lv\/ru\/produkts\/naturehike-pargajienu-mugursoma-65l\/","og_locale":"ru_RU","og_type":"article","og_title":"Naturehike - P\u0101rg\u0101jienu mugursoma","og_description":"Naturehike t\u016bristu mugursoma ir piem\u0113rota gariem p\u0101rg\u0101jieniem jebkur\u0101 gadalaik\u0101.","og_url":"https:\/\/gohike.lv\/ru\/produkts\/naturehike-pargajienu-mugursoma-65l\/","og_site_name":"GoHike","article_publisher":"https:\/\/www.facebook.com\/gohike.shop\/","article_modified_time":"2025-12-30T14:24:43+00:00","og_image":[{"width":720,"height":720,"url":"https:\/\/gohike.lv\/wp-content\/uploads\/2024\/04\/65Lbackpack_blue-1.webp","type":"image\/webp"}],"twitter_card":"summary_large_image","twitter_title":"Naturehike - P\u0101rg\u0101jienu mugursoma","twitter_misc":{"\u041f\u0440\u0438\u043c\u0435\u0440\u043d\u043e\u0435 \u0432\u0440\u0435\u043c\u044f \u0434\u043b\u044f \u0447\u0442\u0435\u043d\u0438\u044f":"1 \u043c\u0438\u043d\u0443\u0442\u0430"},"schema":{"@context":"https:\/\/schema.org","@graph":[{"@type":["WebPage","ItemPage"],"@id":"https:\/\/gohike.lv\/ru\/produkts\/naturehike-pargajienu-mugursoma-65l\/","url":"https:\/\/gohike.lv\/ru\/produkts\/naturehike-pargajienu-mugursoma-65l\/","name":"Naturehike - P\u0101rg\u0101jienu mugursoma 65l","isPartOf":{"@id":"https:\/\/gohike.lv\/ru\/#website"},"primaryImageOfPage":{"@id":"https:\/\/gohike.lv\/ru\/produkts\/naturehike-pargajienu-mugursoma-65l\/#primaryimage"},"image":{"@id":"https:\/\/gohike.lv\/ru\/produkts\/naturehike-pargajienu-mugursoma-65l\/#primaryimage"},"thumbnailUrl":"https:\/\/gohike.lv\/wp-content\/uploads\/2024\/04\/65Lbackpack_blue-1.webp","datePublished":"2024-05-07T08:41:52+00:00","dateModified":"2025-12-30T14:24:43+00:00","description":"Naturehike t\u016bristu mugursoma ir piem\u0113rota gariem p\u0101rg\u0101jieniem jebkur\u0101 gadalaik\u0101.","breadcrumb":{"@id":"https:\/\/gohike.lv\/ru\/produkts\/naturehike-pargajienu-mugursoma-65l\/#breadcrumb"},"inLanguage":"ru-RU","potentialAction":[{"@type":"ReadAction","target":["https:\/\/gohike.lv\/ru\/produkts\/naturehike-pargajienu-mugursoma-65l\/"]}]},{"@type":"ImageObject","inLanguage":"ru-RU","@id":"https:\/\/gohike.lv\/ru\/produkts\/naturehike-pargajienu-mugursoma-65l\/#primaryimage","url":"https:\/\/gohike.lv\/wp-content\/uploads\/2024\/04\/65Lbackpack_blue-1.webp","contentUrl":"https:\/\/gohike.lv\/wp-content\/uploads\/2024\/04\/65Lbackpack_blue-1.webp","width":720,"height":720},{"@type":"BreadcrumbList","@id":"https:\/\/gohike.lv\/ru\/produkts\/naturehike-pargajienu-mugursoma-65l\/#breadcrumb","itemListElement":[{"@type":"ListItem","position":1,"name":"\u0413\u043b\u0430\u0432\u043d\u0430\u044f","item":"https:\/\/gohike.lv\/ru\/"},{"@type":"ListItem","position":2,"name":"\u041a\u0430\u0442\u0435\u0433\u043e\u0440\u0438\u0438 \u0442\u043e\u0432\u0430\u0440\u043e\u0432","item":"https:\/\/gohike.lv\/%d0%ba%d0%b0%d1%82%d0%b5%d0%b3%d0%be%d1%80%d0%b8%d0%b8-%d1%82%d0%be%d0%b2%d0%b0%d1%80%d0%be%d0%b2\/"},{"@type":"ListItem","position":3,"name":"Naturehike &#8211; P\u0101rg\u0101jienu mugursoma 65l"}]},{"@type":"WebSite","@id":"https:\/\/gohike.lv\/ru\/#website","url":"https:\/\/gohike.lv\/ru\/","name":"GoHike","description":"","publisher":{"@id":"https:\/\/gohike.lv\/ru\/#organization"},"potentialAction":[{"@type":"SearchAction","target":{"@type":"EntryPoint","urlTemplate":"https:\/\/gohike.lv\/ru\/?s={search_term_string}"},"query-input":{"@type":"PropertyValueSpecification","valueRequired":true,"valueName":"search_term_string"}}],"inLanguage":"ru-RU"},{"@type":"Organization","@id":"https:\/\/gohike.lv\/ru\/#organization","name":"GoHike","url":"https:\/\/gohike.lv\/ru\/","logo":{"@type":"ImageObject","inLanguage":"ru-RU","@id":"https:\/\/gohike.lv\/ru\/#\/schema\/logo\/image\/","url":"https:\/\/gohike.lv\/wp-content\/uploads\/2023\/08\/Logo_GoHike.webp","contentUrl":"https:\/\/gohike.lv\/wp-content\/uploads\/2023\/08\/Logo_GoHike.webp","width":512,"height":512,"caption":"GoHike"},"image":{"@id":"https:\/\/gohike.lv\/ru\/#\/schema\/logo\/image\/"},"sameAs":["https:\/\/www.facebook.com\/gohike.shop\/","https:\/\/www.instagram.com\/gohike.shop\/"]}]}},"jetpack_sharing_enabled":true,"_links":{"self":[{"href":"https:\/\/gohike.lv\/ru\/wp-json\/wp\/v2\/product\/53127","targetHints":{"allow":["GET"]}}],"collection":[{"href":"https:\/\/gohike.lv\/ru\/wp-json\/wp\/v2\/product"}],"about":[{"href":"https:\/\/gohike.lv\/ru\/wp-json\/wp\/v2\/types\/product"}],"version-history":[{"count":0,"href":"https:\/\/gohike.lv\/ru\/wp-json\/wp\/v2\/product\/53127\/revisions"}],"wp:featuredmedia":[{"embeddable":true,"href":"https:\/\/gohike.lv\/ru\/wp-json\/wp\/v2\/media\/33632"}],"wp:attachment":[{"href":"https:\/\/gohike.lv\/ru\/wp-json\/wp\/v2\/media?parent=53127"}],"wp:term":[{"taxonomy":"product_brand","embeddable":true,"href":"https:\/\/gohike.lv\/ru\/wp-json\/wp\/v2\/product_brand?post=53127"},{"taxonomy":"product_cat","embeddable":true,"href":"https:\/\/gohike.lv\/ru\/wp-json\/wp\/v2\/product_cat?post=53127"},{"taxonomy":"product_tag","embeddable":true,"href":"https:\/\/gohike.lv\/ru\/wp-json\/wp\/v2\/product_tag?post=53127"}],"curies":[{"name":"wp","href":"https:\/\/api.w.org\/{rel}","templated":true}]}}