{"id":53121,"date":"2024-05-07T11:41:22","date_gmt":"2024-05-07T08:41:22","guid":{"rendered":"https:\/\/gohike.lv\/produkts\/naturehike-titana-saliekamais-grils\/"},"modified":"2025-12-30T17:10:02","modified_gmt":"2025-12-30T14:10:02","slug":"naturehike-titana-saliekamais-grils","status":"publish","type":"product","link":"https:\/\/gohike.lv\/ru\/produkts\/naturehike-titana-saliekamais-grils\/","title":{"rendered":"Naturehike &#8212; Tit\u0101na saliekamais grils"},"content":{"rendered":"<p>Tit\u0101na grila k\u0101jas ir saliektas, t\u0101p\u0113c tas ir stabils un \u0113rti lietojams.<br \/>\nGrila k\u0101jas var saloc\u012bt \u0113rtai transport\u0113\u0161anai un kompaktai uzglab\u0101\u0161anai.\u012apa\u0161s caurumu dizains padara gatavo\u0161anu \u0113rt\u0101ku.<br \/>\nVien\u0101 grila pus\u0113 ir caurumi, ko var izmantot k\u0101 grilu, otru pusi var izmantot k\u0101 pannu.\u00a0Grilam l\u012bdzi n\u0101k iztur\u012bga uzglab\u0101\u0161anas soma.<br \/>\nIzm\u0113ri: 33&#215;24,5&#215;17,7cm.<br \/>\nMateri\u0101ls: tit\u0101ns.<\/p>\n","protected":false},"excerpt":{"rendered":"<p><span style=\"font-family: Poppins, Arial, Helvetica, sans-serif; font-size: 14px;\">Izgatavots no augst\u0101k\u0101s kvalit\u0101tes tit\u0101na. Tas ir iztur\u012bgs pret skr\u0101p\u0113jumiem, karstumiztur\u012bgs un ner\u016bs\u0113.\u00a0<\/span><\/p>\n","protected":false},"featured_media":35739,"template":"","meta":[],"product_brand":[167],"product_cat":[1099],"product_tag":[],"class_list":{"0":"post-53121","1":"product","2":"type-product","3":"status-publish","4":"has-post-thumbnail","6":"product_brand-naturehike-lv","7":"product_cat-gatavosana-uz-uguns","8":"pa_izmeriscm-3324-517-5","9":"pa_materiali-titani","10":"pa_produkta-tips-turistu-grili","12":"first","13":"instock","14":"taxable","15":"shipping-taxable","16":"purchasable","17":"product-type-simple"},"raw_content":{"name":"Naturehike - Tit\u0101na saliekamais grils","description":"Tit\u0101na grila k\u0101jas ir saliektas, t\u0101p\u0113c tas ir stabils un \u0113rti lietojams.\nGrila k\u0101jas var saloc\u012bt \u0113rtai transport\u0113\u0161anai un kompaktai uzglab\u0101\u0161anai.\u012apa\u0161s caurumu dizains padara gatavo\u0161anu \u0113rt\u0101ku.\nVien\u0101 grila pus\u0113 ir caurumi, ko var izmantot k\u0101 grilu, otru pusi var izmantot k\u0101 pannu.\u00a0Grilam l\u012bdzi n\u0101k iztur\u012bga uzglab\u0101\u0161anas soma.\nIzm\u0113ri: 33x24,5x17,7cm.\nMateri\u0101ls: tit\u0101ns.","short_description":"<span style=\"font-family: Poppins, Arial, Helvetica, sans-serif; font-size: 14px;\">Izgatavots no augst\u0101k\u0101s kvalit\u0101tes tit\u0101na. Tas ir iztur\u012bgs pret skr\u0101p\u0113jumiem, karstumiztur\u012bgs un ner\u016bs\u0113.\u00a0<\/span>","status":"publish","sku":"6927595770269","original":53121},"wpml":{"translation_type":1,"has_translations":true,"original":53121,"duplicates":[],"translations":{"lv":53121,"en":67894,"ru":null}},"supplier_id":null,"supplier_sku":"","barcode":null,"atum_controlled":true,"out_stock_date":null,"out_stock_threshold":null,"inheritable":false,"inbound_stock":null,"stock_on_hold":0,"sold_today":0,"sales_last_days":0,"reserved_stock":null,"customer_returns":null,"warehouse_damage":null,"lost_in_post":null,"other_logs":null,"out_stock_days":0,"lost_sales":0,"has_location":null,"update_date":"2025-12-30T14:13:29","atum_locations":[],"atum_stock_status":"instock","restock_status":false,"low_stock_amount":"","sales_update_date":"2025-11-13T14:08:06","calc_backorders":null,"yoast_head":"<!-- This site is optimized with the Yoast SEO plugin v27.3 - https:\/\/yoast.com\/product\/yoast-seo-wordpress\/ -->\n<title>Naturehike - Tit\u0101na saliekamais grils<\/title>\n<meta name=\"description\" content=\"Izgatavots no augst\u0101k\u0101s kvalit\u0101tes tit\u0101na. Tas ir iztur\u012bgs pret skr\u0101p\u0113jumiem, karstumiztur\u012bgs un ner\u016bs\u0113.\u00a0\" \/>\n<meta name=\"robots\" content=\"index, follow, max-snippet:-1, max-image-preview:large, max-video-preview:-1\" \/>\n<link rel=\"canonical\" href=\"https:\/\/gohike.lv\/ru\/produkts\/naturehike-titana-saliekamais-grils\/\" \/>\n<meta property=\"og:locale\" content=\"ru_RU\" \/>\n<meta property=\"og:type\" content=\"article\" \/>\n<meta property=\"og:title\" content=\"Naturehike - Saliekamais grils\" \/>\n<meta property=\"og:description\" content=\"Izgatavots no augst\u0101k\u0101s kvalit\u0101tes tit\u0101na. Tas ir iztur\u012bgs pret skr\u0101p\u0113jumiem, karstumiztur\u012bgs un ner\u016bs\u0113.\u00a0\" \/>\n<meta property=\"og:url\" content=\"https:\/\/gohike.lv\/ru\/produkts\/naturehike-titana-saliekamais-grils\/\" \/>\n<meta property=\"og:site_name\" content=\"GoHike\" \/>\n<meta property=\"article:publisher\" content=\"https:\/\/www.facebook.com\/gohike.shop\/\" \/>\n<meta property=\"article:modified_time\" content=\"2025-12-30T14:10:02+00:00\" \/>\n<meta property=\"og:image\" content=\"https:\/\/gohike.lv\/wp-content\/uploads\/2024\/04\/TitaniumGrill_-1.webp\" \/>\n\t<meta property=\"og:image:width\" content=\"800\" \/>\n\t<meta property=\"og:image:height\" content=\"800\" \/>\n\t<meta property=\"og:image:type\" content=\"image\/webp\" \/>\n<meta name=\"twitter:card\" content=\"summary_large_image\" \/>\n<meta name=\"twitter:title\" content=\"Naturehike - Saliekamais grils\" \/>\n<meta name=\"twitter:label1\" content=\"\u041f\u0440\u0438\u043c\u0435\u0440\u043d\u043e\u0435 \u0432\u0440\u0435\u043c\u044f \u0434\u043b\u044f \u0447\u0442\u0435\u043d\u0438\u044f\" \/>\n\t<meta name=\"twitter:data1\" content=\"1 \u043c\u0438\u043d\u0443\u0442\u0430\" \/>\n<script type=\"application\/ld+json\" class=\"yoast-schema-graph\">{\"@context\":\"https:\\\/\\\/schema.org\",\"@graph\":[{\"@type\":[\"WebPage\",\"ItemPage\"],\"@id\":\"https:\\\/\\\/gohike.lv\\\/ru\\\/produkts\\\/naturehike-titana-saliekamais-grils\\\/\",\"url\":\"https:\\\/\\\/gohike.lv\\\/ru\\\/produkts\\\/naturehike-titana-saliekamais-grils\\\/\",\"name\":\"Naturehike - Tit\u0101na saliekamais grils\",\"isPartOf\":{\"@id\":\"https:\\\/\\\/gohike.lv\\\/ru\\\/#website\"},\"primaryImageOfPage\":{\"@id\":\"https:\\\/\\\/gohike.lv\\\/ru\\\/produkts\\\/naturehike-titana-saliekamais-grils\\\/#primaryimage\"},\"image\":{\"@id\":\"https:\\\/\\\/gohike.lv\\\/ru\\\/produkts\\\/naturehike-titana-saliekamais-grils\\\/#primaryimage\"},\"thumbnailUrl\":\"https:\\\/\\\/gohike.lv\\\/wp-content\\\/uploads\\\/2024\\\/04\\\/TitaniumGrill_-1.webp\",\"datePublished\":\"2024-05-07T08:41:22+00:00\",\"dateModified\":\"2025-12-30T14:10:02+00:00\",\"description\":\"Izgatavots no augst\u0101k\u0101s kvalit\u0101tes tit\u0101na. Tas ir iztur\u012bgs pret skr\u0101p\u0113jumiem, karstumiztur\u012bgs un ner\u016bs\u0113.\u00a0\",\"breadcrumb\":{\"@id\":\"https:\\\/\\\/gohike.lv\\\/ru\\\/produkts\\\/naturehike-titana-saliekamais-grils\\\/#breadcrumb\"},\"inLanguage\":\"ru-RU\",\"potentialAction\":[{\"@type\":\"ReadAction\",\"target\":[\"https:\\\/\\\/gohike.lv\\\/ru\\\/produkts\\\/naturehike-titana-saliekamais-grils\\\/\"]}]},{\"@type\":\"ImageObject\",\"inLanguage\":\"ru-RU\",\"@id\":\"https:\\\/\\\/gohike.lv\\\/ru\\\/produkts\\\/naturehike-titana-saliekamais-grils\\\/#primaryimage\",\"url\":\"https:\\\/\\\/gohike.lv\\\/wp-content\\\/uploads\\\/2024\\\/04\\\/TitaniumGrill_-1.webp\",\"contentUrl\":\"https:\\\/\\\/gohike.lv\\\/wp-content\\\/uploads\\\/2024\\\/04\\\/TitaniumGrill_-1.webp\",\"width\":800,\"height\":800},{\"@type\":\"BreadcrumbList\",\"@id\":\"https:\\\/\\\/gohike.lv\\\/ru\\\/produkts\\\/naturehike-titana-saliekamais-grils\\\/#breadcrumb\",\"itemListElement\":[{\"@type\":\"ListItem\",\"position\":1,\"name\":\"\u0413\u043b\u0430\u0432\u043d\u0430\u044f\",\"item\":\"https:\\\/\\\/gohike.lv\\\/ru\\\/\"},{\"@type\":\"ListItem\",\"position\":2,\"name\":\"\u041a\u0430\u0442\u0435\u0433\u043e\u0440\u0438\u0438 \u0442\u043e\u0432\u0430\u0440\u043e\u0432\",\"item\":\"https:\\\/\\\/gohike.lv\\\/%d0%ba%d0%b0%d1%82%d0%b5%d0%b3%d0%be%d1%80%d0%b8%d0%b8-%d1%82%d0%be%d0%b2%d0%b0%d1%80%d0%be%d0%b2\\\/\"},{\"@type\":\"ListItem\",\"position\":3,\"name\":\"Naturehike &#8211; Tit\u0101na saliekamais grils\"}]},{\"@type\":\"WebSite\",\"@id\":\"https:\\\/\\\/gohike.lv\\\/ru\\\/#website\",\"url\":\"https:\\\/\\\/gohike.lv\\\/ru\\\/\",\"name\":\"GoHike\",\"description\":\"\",\"publisher\":{\"@id\":\"https:\\\/\\\/gohike.lv\\\/ru\\\/#organization\"},\"potentialAction\":[{\"@type\":\"SearchAction\",\"target\":{\"@type\":\"EntryPoint\",\"urlTemplate\":\"https:\\\/\\\/gohike.lv\\\/ru\\\/?s={search_term_string}\"},\"query-input\":{\"@type\":\"PropertyValueSpecification\",\"valueRequired\":true,\"valueName\":\"search_term_string\"}}],\"inLanguage\":\"ru-RU\"},{\"@type\":\"Organization\",\"@id\":\"https:\\\/\\\/gohike.lv\\\/ru\\\/#organization\",\"name\":\"GoHike\",\"url\":\"https:\\\/\\\/gohike.lv\\\/ru\\\/\",\"logo\":{\"@type\":\"ImageObject\",\"inLanguage\":\"ru-RU\",\"@id\":\"https:\\\/\\\/gohike.lv\\\/ru\\\/#\\\/schema\\\/logo\\\/image\\\/\",\"url\":\"https:\\\/\\\/gohike.lv\\\/wp-content\\\/uploads\\\/2023\\\/08\\\/Logo_GoHike.webp\",\"contentUrl\":\"https:\\\/\\\/gohike.lv\\\/wp-content\\\/uploads\\\/2023\\\/08\\\/Logo_GoHike.webp\",\"width\":512,\"height\":512,\"caption\":\"GoHike\"},\"image\":{\"@id\":\"https:\\\/\\\/gohike.lv\\\/ru\\\/#\\\/schema\\\/logo\\\/image\\\/\"},\"sameAs\":[\"https:\\\/\\\/www.facebook.com\\\/gohike.shop\\\/\",\"https:\\\/\\\/www.instagram.com\\\/gohike.shop\\\/\"]}]}<\/script>\n<!-- \/ Yoast SEO plugin. -->","yoast_head_json":{"title":"Naturehike - Tit\u0101na saliekamais grils","description":"Izgatavots no augst\u0101k\u0101s kvalit\u0101tes tit\u0101na. Tas ir iztur\u012bgs pret skr\u0101p\u0113jumiem, karstumiztur\u012bgs un ner\u016bs\u0113.\u00a0","robots":{"index":"index","follow":"follow","max-snippet":"max-snippet:-1","max-image-preview":"max-image-preview:large","max-video-preview":"max-video-preview:-1"},"canonical":"https:\/\/gohike.lv\/ru\/produkts\/naturehike-titana-saliekamais-grils\/","og_locale":"ru_RU","og_type":"article","og_title":"Naturehike - Saliekamais grils","og_description":"Izgatavots no augst\u0101k\u0101s kvalit\u0101tes tit\u0101na. Tas ir iztur\u012bgs pret skr\u0101p\u0113jumiem, karstumiztur\u012bgs un ner\u016bs\u0113.\u00a0","og_url":"https:\/\/gohike.lv\/ru\/produkts\/naturehike-titana-saliekamais-grils\/","og_site_name":"GoHike","article_publisher":"https:\/\/www.facebook.com\/gohike.shop\/","article_modified_time":"2025-12-30T14:10:02+00:00","og_image":[{"width":800,"height":800,"url":"https:\/\/gohike.lv\/wp-content\/uploads\/2024\/04\/TitaniumGrill_-1.webp","type":"image\/webp"}],"twitter_card":"summary_large_image","twitter_title":"Naturehike - Saliekamais grils","twitter_misc":{"\u041f\u0440\u0438\u043c\u0435\u0440\u043d\u043e\u0435 \u0432\u0440\u0435\u043c\u044f \u0434\u043b\u044f \u0447\u0442\u0435\u043d\u0438\u044f":"1 \u043c\u0438\u043d\u0443\u0442\u0430"},"schema":{"@context":"https:\/\/schema.org","@graph":[{"@type":["WebPage","ItemPage"],"@id":"https:\/\/gohike.lv\/ru\/produkts\/naturehike-titana-saliekamais-grils\/","url":"https:\/\/gohike.lv\/ru\/produkts\/naturehike-titana-saliekamais-grils\/","name":"Naturehike - Tit\u0101na saliekamais grils","isPartOf":{"@id":"https:\/\/gohike.lv\/ru\/#website"},"primaryImageOfPage":{"@id":"https:\/\/gohike.lv\/ru\/produkts\/naturehike-titana-saliekamais-grils\/#primaryimage"},"image":{"@id":"https:\/\/gohike.lv\/ru\/produkts\/naturehike-titana-saliekamais-grils\/#primaryimage"},"thumbnailUrl":"https:\/\/gohike.lv\/wp-content\/uploads\/2024\/04\/TitaniumGrill_-1.webp","datePublished":"2024-05-07T08:41:22+00:00","dateModified":"2025-12-30T14:10:02+00:00","description":"Izgatavots no augst\u0101k\u0101s kvalit\u0101tes tit\u0101na. Tas ir iztur\u012bgs pret skr\u0101p\u0113jumiem, karstumiztur\u012bgs un ner\u016bs\u0113.\u00a0","breadcrumb":{"@id":"https:\/\/gohike.lv\/ru\/produkts\/naturehike-titana-saliekamais-grils\/#breadcrumb"},"inLanguage":"ru-RU","potentialAction":[{"@type":"ReadAction","target":["https:\/\/gohike.lv\/ru\/produkts\/naturehike-titana-saliekamais-grils\/"]}]},{"@type":"ImageObject","inLanguage":"ru-RU","@id":"https:\/\/gohike.lv\/ru\/produkts\/naturehike-titana-saliekamais-grils\/#primaryimage","url":"https:\/\/gohike.lv\/wp-content\/uploads\/2024\/04\/TitaniumGrill_-1.webp","contentUrl":"https:\/\/gohike.lv\/wp-content\/uploads\/2024\/04\/TitaniumGrill_-1.webp","width":800,"height":800},{"@type":"BreadcrumbList","@id":"https:\/\/gohike.lv\/ru\/produkts\/naturehike-titana-saliekamais-grils\/#breadcrumb","itemListElement":[{"@type":"ListItem","position":1,"name":"\u0413\u043b\u0430\u0432\u043d\u0430\u044f","item":"https:\/\/gohike.lv\/ru\/"},{"@type":"ListItem","position":2,"name":"\u041a\u0430\u0442\u0435\u0433\u043e\u0440\u0438\u0438 \u0442\u043e\u0432\u0430\u0440\u043e\u0432","item":"https:\/\/gohike.lv\/%d0%ba%d0%b0%d1%82%d0%b5%d0%b3%d0%be%d1%80%d0%b8%d0%b8-%d1%82%d0%be%d0%b2%d0%b0%d1%80%d0%be%d0%b2\/"},{"@type":"ListItem","position":3,"name":"Naturehike &#8211; Tit\u0101na saliekamais grils"}]},{"@type":"WebSite","@id":"https:\/\/gohike.lv\/ru\/#website","url":"https:\/\/gohike.lv\/ru\/","name":"GoHike","description":"","publisher":{"@id":"https:\/\/gohike.lv\/ru\/#organization"},"potentialAction":[{"@type":"SearchAction","target":{"@type":"EntryPoint","urlTemplate":"https:\/\/gohike.lv\/ru\/?s={search_term_string}"},"query-input":{"@type":"PropertyValueSpecification","valueRequired":true,"valueName":"search_term_string"}}],"inLanguage":"ru-RU"},{"@type":"Organization","@id":"https:\/\/gohike.lv\/ru\/#organization","name":"GoHike","url":"https:\/\/gohike.lv\/ru\/","logo":{"@type":"ImageObject","inLanguage":"ru-RU","@id":"https:\/\/gohike.lv\/ru\/#\/schema\/logo\/image\/","url":"https:\/\/gohike.lv\/wp-content\/uploads\/2023\/08\/Logo_GoHike.webp","contentUrl":"https:\/\/gohike.lv\/wp-content\/uploads\/2023\/08\/Logo_GoHike.webp","width":512,"height":512,"caption":"GoHike"},"image":{"@id":"https:\/\/gohike.lv\/ru\/#\/schema\/logo\/image\/"},"sameAs":["https:\/\/www.facebook.com\/gohike.shop\/","https:\/\/www.instagram.com\/gohike.shop\/"]}]}},"jetpack_sharing_enabled":true,"_links":{"self":[{"href":"https:\/\/gohike.lv\/ru\/wp-json\/wp\/v2\/product\/53121","targetHints":{"allow":["GET"]}}],"collection":[{"href":"https:\/\/gohike.lv\/ru\/wp-json\/wp\/v2\/product"}],"about":[{"href":"https:\/\/gohike.lv\/ru\/wp-json\/wp\/v2\/types\/product"}],"version-history":[{"count":0,"href":"https:\/\/gohike.lv\/ru\/wp-json\/wp\/v2\/product\/53121\/revisions"}],"wp:featuredmedia":[{"embeddable":true,"href":"https:\/\/gohike.lv\/ru\/wp-json\/wp\/v2\/media\/35739"}],"wp:attachment":[{"href":"https:\/\/gohike.lv\/ru\/wp-json\/wp\/v2\/media?parent=53121"}],"wp:term":[{"taxonomy":"product_brand","embeddable":true,"href":"https:\/\/gohike.lv\/ru\/wp-json\/wp\/v2\/product_brand?post=53121"},{"taxonomy":"product_cat","embeddable":true,"href":"https:\/\/gohike.lv\/ru\/wp-json\/wp\/v2\/product_cat?post=53121"},{"taxonomy":"product_tag","embeddable":true,"href":"https:\/\/gohike.lv\/ru\/wp-json\/wp\/v2\/product_tag?post=53121"}],"curies":[{"name":"wp","href":"https:\/\/api.w.org\/{rel}","templated":true}]}}