{"id":53111,"date":"2024-05-07T11:41:08","date_gmt":"2024-05-07T08:41:08","guid":{"rendered":"https:\/\/gohike.lv\/produkts\/naturehike-titana-galda-piederumu-komplekts-karote-daksa-nazis\/"},"modified":"2025-12-30T17:24:43","modified_gmt":"2025-12-30T14:24:43","slug":"naturehike-titana-galda-piederumu-komplekts-karote-daksa-nazis","status":"publish","type":"product","link":"https:\/\/gohike.lv\/ru\/produkts\/naturehike-titana-galda-piederumu-komplekts-karote-daksa-nazis\/","title":{"rendered":"Naturehike &#8212; Tit\u0101na galda piederumu komplekts (karote, dak\u0161a, nazis)"},"content":{"rendered":"<p>Piederumi ir izgatavoti no stipra un iztur\u012bga tit\u0101na.<br \/>\n\u0160is materi\u0101ls daudzus gadus saglab\u0101 savas s\u0101kotn\u0113j\u0101s \u012bpa\u0161\u012bbas.<br \/>\nTas ner\u016bs\u0113 un neizdala smar\u017eu vai gar\u0161u, t\u0101p\u0113c nepie\u0161\u0137ir produktiem met\u0101lisku gar\u0161u.<br \/>\nNazim ir ieb\u016bv\u0113ts pude\u013cu attais\u0101mais, kas padara to v\u0113l funkcion\u0101l\u0101ku.<br \/>\nNepiecie\u0161am\u012bbas gad\u012bjum\u0101 piederumus var piekarin\u0101t uz karab\u012bnes.<br \/>\nUzglab\u0101\u0161anai un transport\u0113\u0161anai komplekt\u0101 ir auduma maisi\u0146\u0161.<br \/>\nKr\u0101sa: pel\u0113ka;<br \/>\nNa\u017ea izm\u0113ri: 13,2*1,7 cm, svars 14 grami;<br \/>\nDak\u0161as izm\u0113ri: 13*3,2 cm, svars 12 grami;<br \/>\nKarotes izm\u0113ri: 13*3,4 cm, svars 14 grami;<br \/>\nKop\u0113jais komplekta izm\u0113rs: 3,4*1,65*13,2 cm;<br \/>\nSaloc\u012bt\u0101 veid\u0101 18*7,5 cm;<br \/>\nKomplekta svars 40 grami;<br \/>\nKomplekt\u0101 nav iek\u013cauta karab\u012bne priek\u0161metu savieno\u0161anai.<\/p>\n","protected":false},"excerpt":{"rendered":"<p>Naturehike galda piederumu komplekts sast\u0101v no dak\u0161i\u0146as, na\u017ea un karotes. Visi produkti ir kompakta izm\u0113ra un viegli, t\u0101p\u0113c tos ir \u0113rti \u0146emt l\u012bdzi ce\u013cojumos vai p\u0101rg\u0101jienos.<\/p>\n","protected":false},"featured_media":35685,"template":"","meta":[],"product_brand":[167],"product_cat":[1012],"product_tag":[],"class_list":{"0":"post-53111","1":"product","2":"type-product","3":"status-publish","4":"has-post-thumbnail","6":"product_brand-naturehike-lv","7":"product_cat-virtuves-piederumi","8":"pa_izmeriscm-galda-nazis-13-21-7-daksa133-2-karote-133-4","9":"pa_materiali-titans","10":"pa_produkta-tips-galda-piederumi","11":"pa_saliktas-preces-izmerscm-187-5","13":"first","14":"instock","15":"taxable","16":"shipping-taxable","17":"purchasable","18":"product-type-simple"},"raw_content":{"name":"Naturehike - Tit\u0101na galda piederumu komplekts (karote, dak\u0161a, nazis)","description":"Piederumi ir izgatavoti no stipra un iztur\u012bga tit\u0101na.\n\u0160is materi\u0101ls daudzus gadus saglab\u0101 savas s\u0101kotn\u0113j\u0101s \u012bpa\u0161\u012bbas.\nTas ner\u016bs\u0113 un neizdala smar\u017eu vai gar\u0161u, t\u0101p\u0113c nepie\u0161\u0137ir produktiem met\u0101lisku gar\u0161u.\nNazim ir ieb\u016bv\u0113ts pude\u013cu attais\u0101mais, kas padara to v\u0113l funkcion\u0101l\u0101ku.\nNepiecie\u0161am\u012bbas gad\u012bjum\u0101 piederumus var piekarin\u0101t uz karab\u012bnes.\nUzglab\u0101\u0161anai un transport\u0113\u0161anai komplekt\u0101 ir auduma maisi\u0146\u0161.\nKr\u0101sa: pel\u0113ka;\nNa\u017ea izm\u0113ri: 13,2*1,7 cm, svars 14 grami;\nDak\u0161as izm\u0113ri: 13*3,2 cm, svars 12 grami;\nKarotes izm\u0113ri: 13*3,4 cm, svars 14 grami;\nKop\u0113jais komplekta izm\u0113rs: 3,4*1,65*13,2 cm;\nSaloc\u012bt\u0101 veid\u0101 18*7,5 cm;\nKomplekta svars 40 grami;\nKomplekt\u0101 nav iek\u013cauta karab\u012bne priek\u0161metu savieno\u0161anai.","short_description":"Naturehike galda piederumu komplekts sast\u0101v no dak\u0161i\u0146as, na\u017ea un karotes. Visi produkti ir kompakta izm\u0113ra un viegli, t\u0101p\u0113c tos ir \u0113rti \u0146emt l\u012bdzi ce\u013cojumos vai p\u0101rg\u0101jienos.","status":"publish","sku":"6927595711910","original":53111},"wpml":{"translation_type":1,"has_translations":true,"original":53111,"duplicates":[],"translations":{"lv":53111,"en":67893,"ru":null}},"supplier_id":null,"supplier_sku":"","barcode":null,"atum_controlled":true,"out_stock_date":null,"out_stock_threshold":null,"inheritable":false,"inbound_stock":null,"stock_on_hold":0,"sold_today":0,"sales_last_days":0,"reserved_stock":null,"customer_returns":null,"warehouse_damage":null,"lost_in_post":null,"other_logs":null,"out_stock_days":0,"lost_sales":0,"has_location":null,"update_date":"2025-12-30T14:30:38","atum_locations":[],"atum_stock_status":"instock","restock_status":false,"low_stock_amount":"","sales_update_date":"2025-11-13T14:09:00","calc_backorders":null,"yoast_head":"<!-- This site is optimized with the Yoast SEO plugin v27.3 - https:\/\/yoast.com\/product\/yoast-seo-wordpress\/ -->\n<title>Naturehike - Tit\u0101na galda piederumu komplekts (karote, dak\u0161a, nazis)<\/title>\n<meta name=\"description\" content=\"Naturehike galda piederumu komplekts sast\u0101v no dak\u0161i\u0146as, na\u017ea un karotes. Visi produkti ir kompakta izm\u0113ra un viegli, t\u0101p\u0113c tos ir \u0113rti \u0146emt l\u012bdzi ce\u013cojumos vai p\u0101rg\u0101jienos.\" \/>\n<meta name=\"robots\" content=\"index, follow, max-snippet:-1, max-image-preview:large, max-video-preview:-1\" \/>\n<link rel=\"canonical\" href=\"https:\/\/gohike.lv\/ru\/produkts\/naturehike-titana-galda-piederumu-komplekts-karote-daksa-nazis\/\" \/>\n<meta property=\"og:locale\" content=\"ru_RU\" \/>\n<meta property=\"og:type\" content=\"article\" \/>\n<meta property=\"og:title\" content=\"Naturehike - Galda piederumu komplekts\" \/>\n<meta property=\"og:description\" content=\"Naturehike galda piederumu komplekts sast\u0101v no dak\u0161i\u0146as, na\u017ea un karotes. Visi produkti ir kompakta izm\u0113ra un viegli, t\u0101p\u0113c tos ir \u0113rti \u0146emt l\u012bdzi ce\u013cojumos vai p\u0101rg\u0101jienos.\" \/>\n<meta property=\"og:url\" content=\"https:\/\/gohike.lv\/ru\/produkts\/naturehike-titana-galda-piederumu-komplekts-karote-daksa-nazis\/\" \/>\n<meta property=\"og:site_name\" content=\"GoHike\" \/>\n<meta property=\"article:publisher\" content=\"https:\/\/www.facebook.com\/gohike.shop\/\" \/>\n<meta property=\"article:modified_time\" content=\"2025-12-30T14:24:43+00:00\" \/>\n<meta property=\"og:image\" content=\"https:\/\/gohike.lv\/wp-content\/uploads\/2024\/04\/TitaniumCutlerySet_-1.webp\" \/>\n\t<meta property=\"og:image:width\" content=\"950\" \/>\n\t<meta property=\"og:image:height\" content=\"950\" \/>\n\t<meta property=\"og:image:type\" content=\"image\/webp\" \/>\n<meta name=\"twitter:card\" content=\"summary_large_image\" \/>\n<meta name=\"twitter:title\" content=\"Naturehike - Galda piederumu komplekts\" \/>\n<meta name=\"twitter:label1\" content=\"\u041f\u0440\u0438\u043c\u0435\u0440\u043d\u043e\u0435 \u0432\u0440\u0435\u043c\u044f \u0434\u043b\u044f \u0447\u0442\u0435\u043d\u0438\u044f\" \/>\n\t<meta name=\"twitter:data1\" content=\"1 \u043c\u0438\u043d\u0443\u0442\u0430\" \/>\n<script type=\"application\/ld+json\" class=\"yoast-schema-graph\">{\"@context\":\"https:\\\/\\\/schema.org\",\"@graph\":[{\"@type\":[\"WebPage\",\"ItemPage\"],\"@id\":\"https:\\\/\\\/gohike.lv\\\/ru\\\/produkts\\\/naturehike-titana-galda-piederumu-komplekts-karote-daksa-nazis\\\/\",\"url\":\"https:\\\/\\\/gohike.lv\\\/ru\\\/produkts\\\/naturehike-titana-galda-piederumu-komplekts-karote-daksa-nazis\\\/\",\"name\":\"Naturehike - Tit\u0101na galda piederumu komplekts (karote, dak\u0161a, nazis)\",\"isPartOf\":{\"@id\":\"https:\\\/\\\/gohike.lv\\\/ru\\\/#website\"},\"primaryImageOfPage\":{\"@id\":\"https:\\\/\\\/gohike.lv\\\/ru\\\/produkts\\\/naturehike-titana-galda-piederumu-komplekts-karote-daksa-nazis\\\/#primaryimage\"},\"image\":{\"@id\":\"https:\\\/\\\/gohike.lv\\\/ru\\\/produkts\\\/naturehike-titana-galda-piederumu-komplekts-karote-daksa-nazis\\\/#primaryimage\"},\"thumbnailUrl\":\"https:\\\/\\\/gohike.lv\\\/wp-content\\\/uploads\\\/2024\\\/04\\\/TitaniumCutlerySet_-1.webp\",\"datePublished\":\"2024-05-07T08:41:08+00:00\",\"dateModified\":\"2025-12-30T14:24:43+00:00\",\"description\":\"Naturehike galda piederumu komplekts sast\u0101v no dak\u0161i\u0146as, na\u017ea un karotes. Visi produkti ir kompakta izm\u0113ra un viegli, t\u0101p\u0113c tos ir \u0113rti \u0146emt l\u012bdzi ce\u013cojumos vai p\u0101rg\u0101jienos.\",\"breadcrumb\":{\"@id\":\"https:\\\/\\\/gohike.lv\\\/ru\\\/produkts\\\/naturehike-titana-galda-piederumu-komplekts-karote-daksa-nazis\\\/#breadcrumb\"},\"inLanguage\":\"ru-RU\",\"potentialAction\":[{\"@type\":\"ReadAction\",\"target\":[\"https:\\\/\\\/gohike.lv\\\/ru\\\/produkts\\\/naturehike-titana-galda-piederumu-komplekts-karote-daksa-nazis\\\/\"]}]},{\"@type\":\"ImageObject\",\"inLanguage\":\"ru-RU\",\"@id\":\"https:\\\/\\\/gohike.lv\\\/ru\\\/produkts\\\/naturehike-titana-galda-piederumu-komplekts-karote-daksa-nazis\\\/#primaryimage\",\"url\":\"https:\\\/\\\/gohike.lv\\\/wp-content\\\/uploads\\\/2024\\\/04\\\/TitaniumCutlerySet_-1.webp\",\"contentUrl\":\"https:\\\/\\\/gohike.lv\\\/wp-content\\\/uploads\\\/2024\\\/04\\\/TitaniumCutlerySet_-1.webp\",\"width\":950,\"height\":950},{\"@type\":\"BreadcrumbList\",\"@id\":\"https:\\\/\\\/gohike.lv\\\/ru\\\/produkts\\\/naturehike-titana-galda-piederumu-komplekts-karote-daksa-nazis\\\/#breadcrumb\",\"itemListElement\":[{\"@type\":\"ListItem\",\"position\":1,\"name\":\"\u0413\u043b\u0430\u0432\u043d\u0430\u044f\",\"item\":\"https:\\\/\\\/gohike.lv\\\/ru\\\/\"},{\"@type\":\"ListItem\",\"position\":2,\"name\":\"\u041a\u0430\u0442\u0435\u0433\u043e\u0440\u0438\u0438 \u0442\u043e\u0432\u0430\u0440\u043e\u0432\",\"item\":\"https:\\\/\\\/gohike.lv\\\/%d0%ba%d0%b0%d1%82%d0%b5%d0%b3%d0%be%d1%80%d0%b8%d0%b8-%d1%82%d0%be%d0%b2%d0%b0%d1%80%d0%be%d0%b2\\\/\"},{\"@type\":\"ListItem\",\"position\":3,\"name\":\"Naturehike &#8211; Tit\u0101na galda piederumu komplekts (karote, dak\u0161a, nazis)\"}]},{\"@type\":\"WebSite\",\"@id\":\"https:\\\/\\\/gohike.lv\\\/ru\\\/#website\",\"url\":\"https:\\\/\\\/gohike.lv\\\/ru\\\/\",\"name\":\"GoHike\",\"description\":\"\",\"publisher\":{\"@id\":\"https:\\\/\\\/gohike.lv\\\/ru\\\/#organization\"},\"potentialAction\":[{\"@type\":\"SearchAction\",\"target\":{\"@type\":\"EntryPoint\",\"urlTemplate\":\"https:\\\/\\\/gohike.lv\\\/ru\\\/?s={search_term_string}\"},\"query-input\":{\"@type\":\"PropertyValueSpecification\",\"valueRequired\":true,\"valueName\":\"search_term_string\"}}],\"inLanguage\":\"ru-RU\"},{\"@type\":\"Organization\",\"@id\":\"https:\\\/\\\/gohike.lv\\\/ru\\\/#organization\",\"name\":\"GoHike\",\"url\":\"https:\\\/\\\/gohike.lv\\\/ru\\\/\",\"logo\":{\"@type\":\"ImageObject\",\"inLanguage\":\"ru-RU\",\"@id\":\"https:\\\/\\\/gohike.lv\\\/ru\\\/#\\\/schema\\\/logo\\\/image\\\/\",\"url\":\"https:\\\/\\\/gohike.lv\\\/wp-content\\\/uploads\\\/2023\\\/08\\\/Logo_GoHike.webp\",\"contentUrl\":\"https:\\\/\\\/gohike.lv\\\/wp-content\\\/uploads\\\/2023\\\/08\\\/Logo_GoHike.webp\",\"width\":512,\"height\":512,\"caption\":\"GoHike\"},\"image\":{\"@id\":\"https:\\\/\\\/gohike.lv\\\/ru\\\/#\\\/schema\\\/logo\\\/image\\\/\"},\"sameAs\":[\"https:\\\/\\\/www.facebook.com\\\/gohike.shop\\\/\",\"https:\\\/\\\/www.instagram.com\\\/gohike.shop\\\/\"]}]}<\/script>\n<!-- \/ Yoast SEO plugin. -->","yoast_head_json":{"title":"Naturehike - Tit\u0101na galda piederumu komplekts (karote, dak\u0161a, nazis)","description":"Naturehike galda piederumu komplekts sast\u0101v no dak\u0161i\u0146as, na\u017ea un karotes. Visi produkti ir kompakta izm\u0113ra un viegli, t\u0101p\u0113c tos ir \u0113rti \u0146emt l\u012bdzi ce\u013cojumos vai p\u0101rg\u0101jienos.","robots":{"index":"index","follow":"follow","max-snippet":"max-snippet:-1","max-image-preview":"max-image-preview:large","max-video-preview":"max-video-preview:-1"},"canonical":"https:\/\/gohike.lv\/ru\/produkts\/naturehike-titana-galda-piederumu-komplekts-karote-daksa-nazis\/","og_locale":"ru_RU","og_type":"article","og_title":"Naturehike - Galda piederumu komplekts","og_description":"Naturehike galda piederumu komplekts sast\u0101v no dak\u0161i\u0146as, na\u017ea un karotes. Visi produkti ir kompakta izm\u0113ra un viegli, t\u0101p\u0113c tos ir \u0113rti \u0146emt l\u012bdzi ce\u013cojumos vai p\u0101rg\u0101jienos.","og_url":"https:\/\/gohike.lv\/ru\/produkts\/naturehike-titana-galda-piederumu-komplekts-karote-daksa-nazis\/","og_site_name":"GoHike","article_publisher":"https:\/\/www.facebook.com\/gohike.shop\/","article_modified_time":"2025-12-30T14:24:43+00:00","og_image":[{"width":950,"height":950,"url":"https:\/\/gohike.lv\/wp-content\/uploads\/2024\/04\/TitaniumCutlerySet_-1.webp","type":"image\/webp"}],"twitter_card":"summary_large_image","twitter_title":"Naturehike - Galda piederumu komplekts","twitter_misc":{"\u041f\u0440\u0438\u043c\u0435\u0440\u043d\u043e\u0435 \u0432\u0440\u0435\u043c\u044f \u0434\u043b\u044f \u0447\u0442\u0435\u043d\u0438\u044f":"1 \u043c\u0438\u043d\u0443\u0442\u0430"},"schema":{"@context":"https:\/\/schema.org","@graph":[{"@type":["WebPage","ItemPage"],"@id":"https:\/\/gohike.lv\/ru\/produkts\/naturehike-titana-galda-piederumu-komplekts-karote-daksa-nazis\/","url":"https:\/\/gohike.lv\/ru\/produkts\/naturehike-titana-galda-piederumu-komplekts-karote-daksa-nazis\/","name":"Naturehike - Tit\u0101na galda piederumu komplekts (karote, dak\u0161a, nazis)","isPartOf":{"@id":"https:\/\/gohike.lv\/ru\/#website"},"primaryImageOfPage":{"@id":"https:\/\/gohike.lv\/ru\/produkts\/naturehike-titana-galda-piederumu-komplekts-karote-daksa-nazis\/#primaryimage"},"image":{"@id":"https:\/\/gohike.lv\/ru\/produkts\/naturehike-titana-galda-piederumu-komplekts-karote-daksa-nazis\/#primaryimage"},"thumbnailUrl":"https:\/\/gohike.lv\/wp-content\/uploads\/2024\/04\/TitaniumCutlerySet_-1.webp","datePublished":"2024-05-07T08:41:08+00:00","dateModified":"2025-12-30T14:24:43+00:00","description":"Naturehike galda piederumu komplekts sast\u0101v no dak\u0161i\u0146as, na\u017ea un karotes. Visi produkti ir kompakta izm\u0113ra un viegli, t\u0101p\u0113c tos ir \u0113rti \u0146emt l\u012bdzi ce\u013cojumos vai p\u0101rg\u0101jienos.","breadcrumb":{"@id":"https:\/\/gohike.lv\/ru\/produkts\/naturehike-titana-galda-piederumu-komplekts-karote-daksa-nazis\/#breadcrumb"},"inLanguage":"ru-RU","potentialAction":[{"@type":"ReadAction","target":["https:\/\/gohike.lv\/ru\/produkts\/naturehike-titana-galda-piederumu-komplekts-karote-daksa-nazis\/"]}]},{"@type":"ImageObject","inLanguage":"ru-RU","@id":"https:\/\/gohike.lv\/ru\/produkts\/naturehike-titana-galda-piederumu-komplekts-karote-daksa-nazis\/#primaryimage","url":"https:\/\/gohike.lv\/wp-content\/uploads\/2024\/04\/TitaniumCutlerySet_-1.webp","contentUrl":"https:\/\/gohike.lv\/wp-content\/uploads\/2024\/04\/TitaniumCutlerySet_-1.webp","width":950,"height":950},{"@type":"BreadcrumbList","@id":"https:\/\/gohike.lv\/ru\/produkts\/naturehike-titana-galda-piederumu-komplekts-karote-daksa-nazis\/#breadcrumb","itemListElement":[{"@type":"ListItem","position":1,"name":"\u0413\u043b\u0430\u0432\u043d\u0430\u044f","item":"https:\/\/gohike.lv\/ru\/"},{"@type":"ListItem","position":2,"name":"\u041a\u0430\u0442\u0435\u0433\u043e\u0440\u0438\u0438 \u0442\u043e\u0432\u0430\u0440\u043e\u0432","item":"https:\/\/gohike.lv\/%d0%ba%d0%b0%d1%82%d0%b5%d0%b3%d0%be%d1%80%d0%b8%d0%b8-%d1%82%d0%be%d0%b2%d0%b0%d1%80%d0%be%d0%b2\/"},{"@type":"ListItem","position":3,"name":"Naturehike &#8211; Tit\u0101na galda piederumu komplekts (karote, dak\u0161a, nazis)"}]},{"@type":"WebSite","@id":"https:\/\/gohike.lv\/ru\/#website","url":"https:\/\/gohike.lv\/ru\/","name":"GoHike","description":"","publisher":{"@id":"https:\/\/gohike.lv\/ru\/#organization"},"potentialAction":[{"@type":"SearchAction","target":{"@type":"EntryPoint","urlTemplate":"https:\/\/gohike.lv\/ru\/?s={search_term_string}"},"query-input":{"@type":"PropertyValueSpecification","valueRequired":true,"valueName":"search_term_string"}}],"inLanguage":"ru-RU"},{"@type":"Organization","@id":"https:\/\/gohike.lv\/ru\/#organization","name":"GoHike","url":"https:\/\/gohike.lv\/ru\/","logo":{"@type":"ImageObject","inLanguage":"ru-RU","@id":"https:\/\/gohike.lv\/ru\/#\/schema\/logo\/image\/","url":"https:\/\/gohike.lv\/wp-content\/uploads\/2023\/08\/Logo_GoHike.webp","contentUrl":"https:\/\/gohike.lv\/wp-content\/uploads\/2023\/08\/Logo_GoHike.webp","width":512,"height":512,"caption":"GoHike"},"image":{"@id":"https:\/\/gohike.lv\/ru\/#\/schema\/logo\/image\/"},"sameAs":["https:\/\/www.facebook.com\/gohike.shop\/","https:\/\/www.instagram.com\/gohike.shop\/"]}]}},"jetpack_sharing_enabled":true,"_links":{"self":[{"href":"https:\/\/gohike.lv\/ru\/wp-json\/wp\/v2\/product\/53111","targetHints":{"allow":["GET"]}}],"collection":[{"href":"https:\/\/gohike.lv\/ru\/wp-json\/wp\/v2\/product"}],"about":[{"href":"https:\/\/gohike.lv\/ru\/wp-json\/wp\/v2\/types\/product"}],"version-history":[{"count":1,"href":"https:\/\/gohike.lv\/ru\/wp-json\/wp\/v2\/product\/53111\/revisions"}],"predecessor-version":[{"id":118908,"href":"https:\/\/gohike.lv\/ru\/wp-json\/wp\/v2\/product\/53111\/revisions\/118908"}],"wp:featuredmedia":[{"embeddable":true,"href":"https:\/\/gohike.lv\/ru\/wp-json\/wp\/v2\/media\/35685"}],"wp:attachment":[{"href":"https:\/\/gohike.lv\/ru\/wp-json\/wp\/v2\/media?parent=53111"}],"wp:term":[{"taxonomy":"product_brand","embeddable":true,"href":"https:\/\/gohike.lv\/ru\/wp-json\/wp\/v2\/product_brand?post=53111"},{"taxonomy":"product_cat","embeddable":true,"href":"https:\/\/gohike.lv\/ru\/wp-json\/wp\/v2\/product_cat?post=53111"},{"taxonomy":"product_tag","embeddable":true,"href":"https:\/\/gohike.lv\/ru\/wp-json\/wp\/v2\/product_tag?post=53111"}],"curies":[{"name":"wp","href":"https:\/\/api.w.org\/{rel}","templated":true}]}}