{"id":53105,"date":"2024-05-07T11:40:48","date_gmt":"2024-05-07T08:40:48","guid":{"rendered":"https:\/\/gohike.lv\/produkts\/naturehike-shiwei-8-viena-garsvielu-konteineru-komplekts\/"},"modified":"2025-12-30T17:24:43","modified_gmt":"2025-12-30T14:24:43","slug":"naturehike-shiwei-8-viena-garsvielu-konteineru-komplekts","status":"publish","type":"product","link":"https:\/\/gohike.lv\/ru\/produkts\/naturehike-shiwei-8-viena-garsvielu-konteineru-komplekts\/","title":{"rendered":"Naturehike &#8212; (Shiwei) 8 vien\u0101 gar\u0161vielu konteineru komplekts"},"content":{"rendered":"<p>Komplekt\u0101 ir 8 trauki: 4gb &#8212; 100 ml lielapjoma gar\u0161viel\u0101m, 2gb &#8212; 65 ml un v\u0113l 2gb &#8212; 135 ml \u0161\u0137idrumiem, piem\u0113ram, augu e\u013c\u013cai, m\u0113rcei, medum.<br \/>\nTrauki ir aizv\u0113rti ar dubultiem v\u0101kiem, kuriem ir gan mazi caurumi\u0146i, gan viens liels.<br \/>\n\u0160\u0137idrumiem paredz\u0113tie trauki ir herm\u0113tiski nosl\u0113gti ar v\u0101kiem, t\u0101p\u0113c saturs neizpl\u016bst pat apgrie\u017eot un sp\u0113c\u012bgi uzspie\u017eot.<br \/>\nkonteineri ir izgatavoti no polipropil\u0113na (PP). \u0160\u012b ir nodilumiztur\u012bga p\u0101rtikas plastmasa, kas ir piln\u012bgi dro\u0161a saskar\u0113 ar p\u0101rtiku.<br \/>\nKonteineru uzglab\u0101\u0161anai izmanto organiz\u0113tu somu ar tr\u012bs iek\u0161\u0113jiem nodal\u012bjumiem (katr\u0101 nodal\u012bjum\u0101 ir 2 burkas).<br \/>\nSoma aizveras ar r\u0101v\u0113jsl\u0113dz\u0113ju un ir apr\u012bkota ar rokturi transport\u0113\u0161anai.<br \/>\nRaksturlielumi:<br \/>\nTrauku komplekts gar\u0161vielu un \u0161\u0137idrumu uzglab\u0101\u0161anai;<br \/>\nKonteineru skaits: 8 gab;<br \/>\nTrauka tilpums: 4 gab, 100 ml katrs, 2 gab, 65 ml, 2 gab, 135 ml;<br \/>\nMateri\u0101ls: polipropil\u0113ns (PP);<br \/>\nKonteineri ir apr\u012bkoti ar herm\u0113tiski nosl\u0113gtiem v\u0101kiem;<br \/>\nKomplekt\u0101 ietilpst soma ar tr\u012bs nodal\u012bjumiem konteineru uzglab\u0101\u0161anai.<br \/>\nSvars: 366 g.<\/p>\n","protected":false},"excerpt":{"rendered":"<p>Aizmirstiet par probl\u0113m\u0101m, kas saist\u012btas ar izliju\u0161u saulespu\u0137u e\u013c\u013cu termomais\u0101 vai s\u0101ls uzglab\u0101\u0161anu s\u0113rkoci\u0146u kast\u012bt\u0113. Z\u012bmols Naturehike pied\u0101v\u0101 modernu iesp\u0113ju visu \u0113diena gatavo\u0161anai nepiecie\u0161amo gar\u0161vielu uzglab\u0101\u0161anas komplektu.<\/p>\n","protected":false},"featured_media":35645,"template":"","meta":[],"product_brand":[167],"product_cat":[1012],"product_tag":[],"class_list":{"0":"post-53105","1":"product","2":"type-product","3":"status-publish","4":"has-post-thumbnail","6":"product_brand-naturehike-lv","7":"product_cat-virtuves-piederumi","8":"pa_izmeriscm-21-81017","9":"pa_materiali-polipropilens-pp","10":"pa_produkta-tips-citi-piederumi","12":"first","13":"outofstock","14":"taxable","15":"shipping-taxable","16":"purchasable","17":"product-type-simple"},"raw_content":{"name":"Naturehike - (Shiwei) 8 vien\u0101 gar\u0161vielu konteineru komplekts","description":"Komplekt\u0101 ir 8 trauki: 4gb - 100 ml lielapjoma gar\u0161viel\u0101m, 2gb - 65 ml un v\u0113l 2gb - 135 ml \u0161\u0137idrumiem, piem\u0113ram, augu e\u013c\u013cai, m\u0113rcei, medum.\nTrauki ir aizv\u0113rti ar dubultiem v\u0101kiem, kuriem ir gan mazi caurumi\u0146i, gan viens liels.\n\u0160\u0137idrumiem paredz\u0113tie trauki ir herm\u0113tiski nosl\u0113gti ar v\u0101kiem, t\u0101p\u0113c saturs neizpl\u016bst pat apgrie\u017eot un sp\u0113c\u012bgi uzspie\u017eot.\nkonteineri ir izgatavoti no polipropil\u0113na (PP). \u0160\u012b ir nodilumiztur\u012bga p\u0101rtikas plastmasa, kas ir piln\u012bgi dro\u0161a saskar\u0113 ar p\u0101rtiku.\nKonteineru uzglab\u0101\u0161anai izmanto organiz\u0113tu somu ar tr\u012bs iek\u0161\u0113jiem nodal\u012bjumiem (katr\u0101 nodal\u012bjum\u0101 ir 2 burkas).\nSoma aizveras ar r\u0101v\u0113jsl\u0113dz\u0113ju un ir apr\u012bkota ar rokturi transport\u0113\u0161anai.\nRaksturlielumi:\nTrauku komplekts gar\u0161vielu un \u0161\u0137idrumu uzglab\u0101\u0161anai;\nKonteineru skaits: 8 gab;\nTrauka tilpums: 4 gab, 100 ml katrs, 2 gab, 65 ml, 2 gab, 135 ml;\nMateri\u0101ls: polipropil\u0113ns (PP);\nKonteineri ir apr\u012bkoti ar herm\u0113tiski nosl\u0113gtiem v\u0101kiem;\nKomplekt\u0101 ietilpst soma ar tr\u012bs nodal\u012bjumiem konteineru uzglab\u0101\u0161anai.\nSvars: 366 g.","short_description":"Aizmirstiet par probl\u0113m\u0101m, kas saist\u012btas ar izliju\u0161u saulespu\u0137u e\u013c\u013cu termomais\u0101 vai s\u0101ls uzglab\u0101\u0161anu s\u0113rkoci\u0146u kast\u012bt\u0113. Z\u012bmols Naturehike pied\u0101v\u0101 modernu iesp\u0113ju visu \u0113diena gatavo\u0161anai nepiecie\u0161amo gar\u0161vielu uzglab\u0101\u0161anas komplektu.","status":"publish","sku":"6975641887522","original":53105},"wpml":{"translation_type":1,"has_translations":true,"original":53105,"duplicates":[],"translations":{"lv":53105,"en":67880,"ru":null}},"supplier_id":null,"supplier_sku":"","barcode":null,"atum_controlled":true,"out_stock_date":"2025-09-19 18:40:01","out_stock_threshold":null,"inheritable":false,"inbound_stock":0,"stock_on_hold":0,"sold_today":0,"sales_last_days":0,"reserved_stock":0,"customer_returns":0,"warehouse_damage":0,"lost_in_post":0,"other_logs":0,"out_stock_days":54,"lost_sales":0,"has_location":false,"update_date":"2025-12-30T14:30:38","atum_locations":[],"atum_stock_status":"outofstock","restock_status":false,"low_stock_amount":"","sales_update_date":"2025-11-13T14:08:13","calc_backorders":null,"yoast_head":"<!-- This site is optimized with the Yoast SEO plugin v27.3 - https:\/\/yoast.com\/product\/yoast-seo-wordpress\/ -->\n<title>Naturehike - (Shiwei) 8 vien\u0101 gar\u0161vielu konteineru komplekts<\/title>\n<meta name=\"description\" content=\"Aizmirstiet par probl\u0113m\u0101m, kas saist\u012btas ar izliju\u0161u saulespu\u0137u e\u013c\u013cu termomais\u0101 vai s\u0101ls uzglab\u0101\u0161anu s\u0113rkoci\u0146u kast\u012bt\u0113. Naturehike pied\u0101v\u0101 modernu iesp\u0113ju visu \u0113diena gatavo\u0161anai nepiecie\u0161amo gar\u0161vielu uzglab\u0101\u0161anas komplektu.\" \/>\n<meta name=\"robots\" content=\"index, follow, max-snippet:-1, max-image-preview:large, max-video-preview:-1\" \/>\n<link rel=\"canonical\" href=\"https:\/\/gohike.lv\/ru\/produkts\/naturehike-shiwei-8-viena-garsvielu-konteineru-komplekts\/\" \/>\n<meta property=\"og:locale\" content=\"ru_RU\" \/>\n<meta property=\"og:type\" content=\"article\" \/>\n<meta property=\"og:title\" content=\"Naturehike - Gar\u0161vielu trauku komplekts\" \/>\n<meta property=\"og:description\" content=\"Aizmirstiet par probl\u0113m\u0101m, kas saist\u012btas ar izliju\u0161u saulespu\u0137u e\u013c\u013cu termomais\u0101 vai s\u0101ls uzglab\u0101\u0161anu s\u0113rkoci\u0146u kast\u012bt\u0113. Naturehike pied\u0101v\u0101 modernu iesp\u0113ju visu \u0113diena gatavo\u0161anai nepiecie\u0161amo gar\u0161vielu uzglab\u0101\u0161anas komplektu.\" \/>\n<meta property=\"og:url\" content=\"https:\/\/gohike.lv\/ru\/produkts\/naturehike-shiwei-8-viena-garsvielu-konteineru-komplekts\/\" \/>\n<meta property=\"og:site_name\" content=\"GoHike\" \/>\n<meta property=\"article:publisher\" content=\"https:\/\/www.facebook.com\/gohike.shop\/\" \/>\n<meta property=\"article:modified_time\" content=\"2025-12-30T14:24:43+00:00\" \/>\n<meta property=\"og:image\" content=\"https:\/\/gohike.lv\/wp-content\/uploads\/2024\/04\/8in1BottleSet_-1.webp\" \/>\n\t<meta property=\"og:image:width\" content=\"800\" \/>\n\t<meta property=\"og:image:height\" content=\"800\" \/>\n\t<meta property=\"og:image:type\" content=\"image\/webp\" \/>\n<meta name=\"twitter:card\" content=\"summary_large_image\" \/>\n<meta name=\"twitter:title\" content=\"Naturehike - Gar\u0161vielu trauku komplekts\" \/>\n<meta name=\"twitter:label1\" content=\"\u041f\u0440\u0438\u043c\u0435\u0440\u043d\u043e\u0435 \u0432\u0440\u0435\u043c\u044f \u0434\u043b\u044f \u0447\u0442\u0435\u043d\u0438\u044f\" \/>\n\t<meta name=\"twitter:data1\" content=\"1 \u043c\u0438\u043d\u0443\u0442\u0430\" \/>\n<script type=\"application\/ld+json\" class=\"yoast-schema-graph\">{\"@context\":\"https:\\\/\\\/schema.org\",\"@graph\":[{\"@type\":[\"WebPage\",\"ItemPage\"],\"@id\":\"https:\\\/\\\/gohike.lv\\\/ru\\\/produkts\\\/naturehike-shiwei-8-viena-garsvielu-konteineru-komplekts\\\/\",\"url\":\"https:\\\/\\\/gohike.lv\\\/ru\\\/produkts\\\/naturehike-shiwei-8-viena-garsvielu-konteineru-komplekts\\\/\",\"name\":\"Naturehike - (Shiwei) 8 vien\u0101 gar\u0161vielu konteineru komplekts\",\"isPartOf\":{\"@id\":\"https:\\\/\\\/gohike.lv\\\/ru\\\/#website\"},\"primaryImageOfPage\":{\"@id\":\"https:\\\/\\\/gohike.lv\\\/ru\\\/produkts\\\/naturehike-shiwei-8-viena-garsvielu-konteineru-komplekts\\\/#primaryimage\"},\"image\":{\"@id\":\"https:\\\/\\\/gohike.lv\\\/ru\\\/produkts\\\/naturehike-shiwei-8-viena-garsvielu-konteineru-komplekts\\\/#primaryimage\"},\"thumbnailUrl\":\"https:\\\/\\\/gohike.lv\\\/wp-content\\\/uploads\\\/2024\\\/04\\\/8in1BottleSet_-1.webp\",\"datePublished\":\"2024-05-07T08:40:48+00:00\",\"dateModified\":\"2025-12-30T14:24:43+00:00\",\"description\":\"Aizmirstiet par probl\u0113m\u0101m, kas saist\u012btas ar izliju\u0161u saulespu\u0137u e\u013c\u013cu termomais\u0101 vai s\u0101ls uzglab\u0101\u0161anu s\u0113rkoci\u0146u kast\u012bt\u0113. Naturehike pied\u0101v\u0101 modernu iesp\u0113ju visu \u0113diena gatavo\u0161anai nepiecie\u0161amo gar\u0161vielu uzglab\u0101\u0161anas komplektu.\",\"breadcrumb\":{\"@id\":\"https:\\\/\\\/gohike.lv\\\/ru\\\/produkts\\\/naturehike-shiwei-8-viena-garsvielu-konteineru-komplekts\\\/#breadcrumb\"},\"inLanguage\":\"ru-RU\",\"potentialAction\":[{\"@type\":\"ReadAction\",\"target\":[\"https:\\\/\\\/gohike.lv\\\/ru\\\/produkts\\\/naturehike-shiwei-8-viena-garsvielu-konteineru-komplekts\\\/\"]}]},{\"@type\":\"ImageObject\",\"inLanguage\":\"ru-RU\",\"@id\":\"https:\\\/\\\/gohike.lv\\\/ru\\\/produkts\\\/naturehike-shiwei-8-viena-garsvielu-konteineru-komplekts\\\/#primaryimage\",\"url\":\"https:\\\/\\\/gohike.lv\\\/wp-content\\\/uploads\\\/2024\\\/04\\\/8in1BottleSet_-1.webp\",\"contentUrl\":\"https:\\\/\\\/gohike.lv\\\/wp-content\\\/uploads\\\/2024\\\/04\\\/8in1BottleSet_-1.webp\",\"width\":800,\"height\":800},{\"@type\":\"BreadcrumbList\",\"@id\":\"https:\\\/\\\/gohike.lv\\\/ru\\\/produkts\\\/naturehike-shiwei-8-viena-garsvielu-konteineru-komplekts\\\/#breadcrumb\",\"itemListElement\":[{\"@type\":\"ListItem\",\"position\":1,\"name\":\"\u0413\u043b\u0430\u0432\u043d\u0430\u044f\",\"item\":\"https:\\\/\\\/gohike.lv\\\/ru\\\/\"},{\"@type\":\"ListItem\",\"position\":2,\"name\":\"\u041a\u0430\u0442\u0435\u0433\u043e\u0440\u0438\u0438 \u0442\u043e\u0432\u0430\u0440\u043e\u0432\",\"item\":\"https:\\\/\\\/gohike.lv\\\/%d0%ba%d0%b0%d1%82%d0%b5%d0%b3%d0%be%d1%80%d0%b8%d0%b8-%d1%82%d0%be%d0%b2%d0%b0%d1%80%d0%be%d0%b2\\\/\"},{\"@type\":\"ListItem\",\"position\":3,\"name\":\"Naturehike &#8211; (Shiwei) 8 vien\u0101 gar\u0161vielu konteineru komplekts\"}]},{\"@type\":\"WebSite\",\"@id\":\"https:\\\/\\\/gohike.lv\\\/ru\\\/#website\",\"url\":\"https:\\\/\\\/gohike.lv\\\/ru\\\/\",\"name\":\"GoHike\",\"description\":\"\",\"publisher\":{\"@id\":\"https:\\\/\\\/gohike.lv\\\/ru\\\/#organization\"},\"potentialAction\":[{\"@type\":\"SearchAction\",\"target\":{\"@type\":\"EntryPoint\",\"urlTemplate\":\"https:\\\/\\\/gohike.lv\\\/ru\\\/?s={search_term_string}\"},\"query-input\":{\"@type\":\"PropertyValueSpecification\",\"valueRequired\":true,\"valueName\":\"search_term_string\"}}],\"inLanguage\":\"ru-RU\"},{\"@type\":\"Organization\",\"@id\":\"https:\\\/\\\/gohike.lv\\\/ru\\\/#organization\",\"name\":\"GoHike\",\"url\":\"https:\\\/\\\/gohike.lv\\\/ru\\\/\",\"logo\":{\"@type\":\"ImageObject\",\"inLanguage\":\"ru-RU\",\"@id\":\"https:\\\/\\\/gohike.lv\\\/ru\\\/#\\\/schema\\\/logo\\\/image\\\/\",\"url\":\"https:\\\/\\\/gohike.lv\\\/wp-content\\\/uploads\\\/2023\\\/08\\\/Logo_GoHike.webp\",\"contentUrl\":\"https:\\\/\\\/gohike.lv\\\/wp-content\\\/uploads\\\/2023\\\/08\\\/Logo_GoHike.webp\",\"width\":512,\"height\":512,\"caption\":\"GoHike\"},\"image\":{\"@id\":\"https:\\\/\\\/gohike.lv\\\/ru\\\/#\\\/schema\\\/logo\\\/image\\\/\"},\"sameAs\":[\"https:\\\/\\\/www.facebook.com\\\/gohike.shop\\\/\",\"https:\\\/\\\/www.instagram.com\\\/gohike.shop\\\/\"]}]}<\/script>\n<!-- \/ Yoast SEO plugin. -->","yoast_head_json":{"title":"Naturehike - (Shiwei) 8 vien\u0101 gar\u0161vielu konteineru komplekts","description":"Aizmirstiet par probl\u0113m\u0101m, kas saist\u012btas ar izliju\u0161u saulespu\u0137u e\u013c\u013cu termomais\u0101 vai s\u0101ls uzglab\u0101\u0161anu s\u0113rkoci\u0146u kast\u012bt\u0113. Naturehike pied\u0101v\u0101 modernu iesp\u0113ju visu \u0113diena gatavo\u0161anai nepiecie\u0161amo gar\u0161vielu uzglab\u0101\u0161anas komplektu.","robots":{"index":"index","follow":"follow","max-snippet":"max-snippet:-1","max-image-preview":"max-image-preview:large","max-video-preview":"max-video-preview:-1"},"canonical":"https:\/\/gohike.lv\/ru\/produkts\/naturehike-shiwei-8-viena-garsvielu-konteineru-komplekts\/","og_locale":"ru_RU","og_type":"article","og_title":"Naturehike - Gar\u0161vielu trauku komplekts","og_description":"Aizmirstiet par probl\u0113m\u0101m, kas saist\u012btas ar izliju\u0161u saulespu\u0137u e\u013c\u013cu termomais\u0101 vai s\u0101ls uzglab\u0101\u0161anu s\u0113rkoci\u0146u kast\u012bt\u0113. Naturehike pied\u0101v\u0101 modernu iesp\u0113ju visu \u0113diena gatavo\u0161anai nepiecie\u0161amo gar\u0161vielu uzglab\u0101\u0161anas komplektu.","og_url":"https:\/\/gohike.lv\/ru\/produkts\/naturehike-shiwei-8-viena-garsvielu-konteineru-komplekts\/","og_site_name":"GoHike","article_publisher":"https:\/\/www.facebook.com\/gohike.shop\/","article_modified_time":"2025-12-30T14:24:43+00:00","og_image":[{"width":800,"height":800,"url":"https:\/\/gohike.lv\/wp-content\/uploads\/2024\/04\/8in1BottleSet_-1.webp","type":"image\/webp"}],"twitter_card":"summary_large_image","twitter_title":"Naturehike - Gar\u0161vielu trauku komplekts","twitter_misc":{"\u041f\u0440\u0438\u043c\u0435\u0440\u043d\u043e\u0435 \u0432\u0440\u0435\u043c\u044f \u0434\u043b\u044f \u0447\u0442\u0435\u043d\u0438\u044f":"1 \u043c\u0438\u043d\u0443\u0442\u0430"},"schema":{"@context":"https:\/\/schema.org","@graph":[{"@type":["WebPage","ItemPage"],"@id":"https:\/\/gohike.lv\/ru\/produkts\/naturehike-shiwei-8-viena-garsvielu-konteineru-komplekts\/","url":"https:\/\/gohike.lv\/ru\/produkts\/naturehike-shiwei-8-viena-garsvielu-konteineru-komplekts\/","name":"Naturehike - (Shiwei) 8 vien\u0101 gar\u0161vielu konteineru komplekts","isPartOf":{"@id":"https:\/\/gohike.lv\/ru\/#website"},"primaryImageOfPage":{"@id":"https:\/\/gohike.lv\/ru\/produkts\/naturehike-shiwei-8-viena-garsvielu-konteineru-komplekts\/#primaryimage"},"image":{"@id":"https:\/\/gohike.lv\/ru\/produkts\/naturehike-shiwei-8-viena-garsvielu-konteineru-komplekts\/#primaryimage"},"thumbnailUrl":"https:\/\/gohike.lv\/wp-content\/uploads\/2024\/04\/8in1BottleSet_-1.webp","datePublished":"2024-05-07T08:40:48+00:00","dateModified":"2025-12-30T14:24:43+00:00","description":"Aizmirstiet par probl\u0113m\u0101m, kas saist\u012btas ar izliju\u0161u saulespu\u0137u e\u013c\u013cu termomais\u0101 vai s\u0101ls uzglab\u0101\u0161anu s\u0113rkoci\u0146u kast\u012bt\u0113. Naturehike pied\u0101v\u0101 modernu iesp\u0113ju visu \u0113diena gatavo\u0161anai nepiecie\u0161amo gar\u0161vielu uzglab\u0101\u0161anas komplektu.","breadcrumb":{"@id":"https:\/\/gohike.lv\/ru\/produkts\/naturehike-shiwei-8-viena-garsvielu-konteineru-komplekts\/#breadcrumb"},"inLanguage":"ru-RU","potentialAction":[{"@type":"ReadAction","target":["https:\/\/gohike.lv\/ru\/produkts\/naturehike-shiwei-8-viena-garsvielu-konteineru-komplekts\/"]}]},{"@type":"ImageObject","inLanguage":"ru-RU","@id":"https:\/\/gohike.lv\/ru\/produkts\/naturehike-shiwei-8-viena-garsvielu-konteineru-komplekts\/#primaryimage","url":"https:\/\/gohike.lv\/wp-content\/uploads\/2024\/04\/8in1BottleSet_-1.webp","contentUrl":"https:\/\/gohike.lv\/wp-content\/uploads\/2024\/04\/8in1BottleSet_-1.webp","width":800,"height":800},{"@type":"BreadcrumbList","@id":"https:\/\/gohike.lv\/ru\/produkts\/naturehike-shiwei-8-viena-garsvielu-konteineru-komplekts\/#breadcrumb","itemListElement":[{"@type":"ListItem","position":1,"name":"\u0413\u043b\u0430\u0432\u043d\u0430\u044f","item":"https:\/\/gohike.lv\/ru\/"},{"@type":"ListItem","position":2,"name":"\u041a\u0430\u0442\u0435\u0433\u043e\u0440\u0438\u0438 \u0442\u043e\u0432\u0430\u0440\u043e\u0432","item":"https:\/\/gohike.lv\/%d0%ba%d0%b0%d1%82%d0%b5%d0%b3%d0%be%d1%80%d0%b8%d0%b8-%d1%82%d0%be%d0%b2%d0%b0%d1%80%d0%be%d0%b2\/"},{"@type":"ListItem","position":3,"name":"Naturehike &#8211; (Shiwei) 8 vien\u0101 gar\u0161vielu konteineru komplekts"}]},{"@type":"WebSite","@id":"https:\/\/gohike.lv\/ru\/#website","url":"https:\/\/gohike.lv\/ru\/","name":"GoHike","description":"","publisher":{"@id":"https:\/\/gohike.lv\/ru\/#organization"},"potentialAction":[{"@type":"SearchAction","target":{"@type":"EntryPoint","urlTemplate":"https:\/\/gohike.lv\/ru\/?s={search_term_string}"},"query-input":{"@type":"PropertyValueSpecification","valueRequired":true,"valueName":"search_term_string"}}],"inLanguage":"ru-RU"},{"@type":"Organization","@id":"https:\/\/gohike.lv\/ru\/#organization","name":"GoHike","url":"https:\/\/gohike.lv\/ru\/","logo":{"@type":"ImageObject","inLanguage":"ru-RU","@id":"https:\/\/gohike.lv\/ru\/#\/schema\/logo\/image\/","url":"https:\/\/gohike.lv\/wp-content\/uploads\/2023\/08\/Logo_GoHike.webp","contentUrl":"https:\/\/gohike.lv\/wp-content\/uploads\/2023\/08\/Logo_GoHike.webp","width":512,"height":512,"caption":"GoHike"},"image":{"@id":"https:\/\/gohike.lv\/ru\/#\/schema\/logo\/image\/"},"sameAs":["https:\/\/www.facebook.com\/gohike.shop\/","https:\/\/www.instagram.com\/gohike.shop\/"]}]}},"jetpack_sharing_enabled":true,"_links":{"self":[{"href":"https:\/\/gohike.lv\/ru\/wp-json\/wp\/v2\/product\/53105","targetHints":{"allow":["GET"]}}],"collection":[{"href":"https:\/\/gohike.lv\/ru\/wp-json\/wp\/v2\/product"}],"about":[{"href":"https:\/\/gohike.lv\/ru\/wp-json\/wp\/v2\/types\/product"}],"version-history":[{"count":0,"href":"https:\/\/gohike.lv\/ru\/wp-json\/wp\/v2\/product\/53105\/revisions"}],"wp:featuredmedia":[{"embeddable":true,"href":"https:\/\/gohike.lv\/ru\/wp-json\/wp\/v2\/media\/35645"}],"wp:attachment":[{"href":"https:\/\/gohike.lv\/ru\/wp-json\/wp\/v2\/media?parent=53105"}],"wp:term":[{"taxonomy":"product_brand","embeddable":true,"href":"https:\/\/gohike.lv\/ru\/wp-json\/wp\/v2\/product_brand?post=53105"},{"taxonomy":"product_cat","embeddable":true,"href":"https:\/\/gohike.lv\/ru\/wp-json\/wp\/v2\/product_cat?post=53105"},{"taxonomy":"product_tag","embeddable":true,"href":"https:\/\/gohike.lv\/ru\/wp-json\/wp\/v2\/product_tag?post=53105"}],"curies":[{"name":"wp","href":"https:\/\/api.w.org\/{rel}","templated":true}]}}