{"id":53099,"date":"2024-05-07T11:40:48","date_gmt":"2024-05-07T08:40:48","guid":{"rendered":"https:\/\/gohike.lv\/produkts\/naturehike-aluminija-sakausejuma-kvadratveida-pusdienu-kaste\/"},"modified":"2025-12-30T17:24:43","modified_gmt":"2025-12-30T14:24:43","slug":"naturehike-aluminija-sakausejuma-kvadratveida-pusdienu-kaste","status":"publish","type":"product","link":"https:\/\/gohike.lv\/ru\/produkts\/naturehike-aluminija-sakausejuma-kvadratveida-pusdienu-kaste\/","title":{"rendered":"Naturehike &#8212; Alum\u012bnija sakaus\u0113juma kvadr\u0101tveida pusdienu kaste"},"content":{"rendered":"<p>Pusdienu kast\u012bte ir izgatavota no iztur\u012bgiem materi\u0101liem.<br \/>\nV\u0101ks ir viegli atverams un aizverams. Tas ir dro\u0161i nostiprin\u0101ts ar diviem fiksatoriem.<br \/>\nPusdienu kast\u012bte ir viegla un viegli p\u0101rn\u0113s\u0101jama, padarot to ide\u0101li piem\u0113rotu kempingiem, p\u0101rg\u0101jieniem vai piknikiem.<br \/>\nModelis: NH21CJ011<br \/>\nIzgatavota no pretkorozijas p\u0101rtikas kvalit\u0101tes alum\u012bnija.<br \/>\nRokturis ar silikona p\u0101rkl\u0101jumu;<br \/>\nKr\u0101sa: pel\u0113ka;<br \/>\nIzm\u0113ri:<br \/>\nAr saloc\u012btu rokturi: 17,5 x 11,5 x 5,5 cm;<br \/>\nAr atv\u0113rtu rokturi: 31 x 11,5 x 5,5 cm;<br \/>\nSvars: 223g.<\/p>\n","protected":false},"excerpt":{"rendered":"<p>Viegla, iztur\u012bga un \u0113rta pusdienu kast\u012bte.<\/p>\n","protected":false},"featured_media":35601,"template":"","meta":[],"product_brand":[167],"product_cat":[1012],"product_tag":[],"class_list":{"0":"post-53099","1":"product","2":"type-product","3":"status-publish","4":"has-post-thumbnail","6":"product_brand-naturehike-lv","7":"product_cat-virtuves-piederumi","8":"pa_izmeriscm-3111-55-5","9":"pa_materiali-aluminija-sakausejums","10":"pa_materiali-silikons","11":"pa_produkta-tips-kruzes-un-blodas","12":"pa_saliktas-preces-izmerscm-17-511-55-5","13":"pa_spalva-peleks","15":"first","16":"outofstock","17":"taxable","18":"shipping-taxable","19":"purchasable","20":"product-type-simple"},"raw_content":{"name":"Naturehike - Alum\u012bnija sakaus\u0113juma kvadr\u0101tveida pusdienu kaste","description":"Pusdienu kast\u012bte ir izgatavota no iztur\u012bgiem materi\u0101liem.\nV\u0101ks ir viegli atverams un aizverams. Tas ir dro\u0161i nostiprin\u0101ts ar diviem fiksatoriem.\nPusdienu kast\u012bte ir viegla un viegli p\u0101rn\u0113s\u0101jama, padarot to ide\u0101li piem\u0113rotu kempingiem, p\u0101rg\u0101jieniem vai piknikiem.\nModelis: NH21CJ011\nIzgatavota no pretkorozijas p\u0101rtikas kvalit\u0101tes alum\u012bnija.\nRokturis ar silikona p\u0101rkl\u0101jumu;\nKr\u0101sa: pel\u0113ka;\nIzm\u0113ri:\nAr saloc\u012btu rokturi: 17,5 x 11,5 x 5,5 cm;\nAr atv\u0113rtu rokturi: 31 x 11,5 x 5,5 cm;\nSvars: 223g.","short_description":"Viegla, iztur\u012bga un \u0113rta pusdienu kast\u012bte.","status":"publish","sku":"6927595784945","original":53099},"wpml":{"translation_type":1,"has_translations":true,"original":53099,"duplicates":[],"translations":{"lv":53099,"en":67886,"ru":null}},"supplier_id":null,"supplier_sku":"","barcode":null,"atum_controlled":true,"out_stock_date":null,"out_stock_threshold":null,"inheritable":false,"inbound_stock":null,"stock_on_hold":0,"sold_today":0,"sales_last_days":0,"reserved_stock":null,"customer_returns":null,"warehouse_damage":null,"lost_in_post":null,"other_logs":null,"out_stock_days":0,"lost_sales":0,"has_location":null,"update_date":"2025-12-30T14:30:38","atum_locations":[],"atum_stock_status":"outofstock","restock_status":false,"low_stock_amount":"","sales_update_date":"2025-11-13T14:08:13","calc_backorders":null,"yoast_head":"<!-- This site is optimized with the Yoast SEO plugin v27.3 - https:\/\/yoast.com\/product\/yoast-seo-wordpress\/ -->\n<title>Naturehike - Alum\u012bnija sakaus\u0113juma kvadr\u0101tveida pusdienu kaste<\/title>\n<meta name=\"description\" content=\"Viegla, iztur\u012bga un \u0113rta pusdienu kast\u012bte. Izgatavota no iztur\u012bgiem materi\u0101liem.\" \/>\n<meta name=\"robots\" content=\"index, follow, max-snippet:-1, max-image-preview:large, max-video-preview:-1\" \/>\n<link rel=\"canonical\" href=\"https:\/\/gohike.lv\/ru\/produkts\/naturehike-aluminija-sakausejuma-kvadratveida-pusdienu-kaste\/\" \/>\n<meta property=\"og:locale\" content=\"ru_RU\" \/>\n<meta property=\"og:type\" content=\"article\" \/>\n<meta property=\"og:title\" content=\"Naturehike - Alum\u012bnija pusdienu kast\u012bte\" \/>\n<meta property=\"og:description\" content=\"Viegla, iztur\u012bga un \u0113rta pusdienu kast\u012bte. Izgatavota no iztur\u012bgiem materi\u0101liem.\" \/>\n<meta property=\"og:url\" content=\"https:\/\/gohike.lv\/ru\/produkts\/naturehike-aluminija-sakausejuma-kvadratveida-pusdienu-kaste\/\" \/>\n<meta property=\"og:site_name\" content=\"GoHike\" \/>\n<meta property=\"article:publisher\" content=\"https:\/\/www.facebook.com\/gohike.shop\/\" \/>\n<meta property=\"article:modified_time\" content=\"2025-12-30T14:24:43+00:00\" \/>\n<meta property=\"og:image\" content=\"https:\/\/gohike.lv\/wp-content\/uploads\/2024\/04\/LunchBox_-1.webp\" \/>\n\t<meta property=\"og:image:width\" content=\"800\" \/>\n\t<meta property=\"og:image:height\" content=\"800\" \/>\n\t<meta property=\"og:image:type\" content=\"image\/webp\" \/>\n<meta name=\"twitter:card\" content=\"summary_large_image\" \/>\n<meta name=\"twitter:title\" content=\"Naturehike - Alum\u012bnija pusdienu kast\u012bte\" \/>\n<meta name=\"twitter:label1\" content=\"\u041f\u0440\u0438\u043c\u0435\u0440\u043d\u043e\u0435 \u0432\u0440\u0435\u043c\u044f \u0434\u043b\u044f \u0447\u0442\u0435\u043d\u0438\u044f\" \/>\n\t<meta name=\"twitter:data1\" content=\"1 \u043c\u0438\u043d\u0443\u0442\u0430\" \/>\n<script type=\"application\/ld+json\" class=\"yoast-schema-graph\">{\"@context\":\"https:\\\/\\\/schema.org\",\"@graph\":[{\"@type\":[\"WebPage\",\"ItemPage\"],\"@id\":\"https:\\\/\\\/gohike.lv\\\/ru\\\/produkts\\\/naturehike-aluminija-sakausejuma-kvadratveida-pusdienu-kaste\\\/\",\"url\":\"https:\\\/\\\/gohike.lv\\\/ru\\\/produkts\\\/naturehike-aluminija-sakausejuma-kvadratveida-pusdienu-kaste\\\/\",\"name\":\"Naturehike - Alum\u012bnija sakaus\u0113juma kvadr\u0101tveida pusdienu kaste\",\"isPartOf\":{\"@id\":\"https:\\\/\\\/gohike.lv\\\/ru\\\/#website\"},\"primaryImageOfPage\":{\"@id\":\"https:\\\/\\\/gohike.lv\\\/ru\\\/produkts\\\/naturehike-aluminija-sakausejuma-kvadratveida-pusdienu-kaste\\\/#primaryimage\"},\"image\":{\"@id\":\"https:\\\/\\\/gohike.lv\\\/ru\\\/produkts\\\/naturehike-aluminija-sakausejuma-kvadratveida-pusdienu-kaste\\\/#primaryimage\"},\"thumbnailUrl\":\"https:\\\/\\\/gohike.lv\\\/wp-content\\\/uploads\\\/2024\\\/04\\\/LunchBox_-1.webp\",\"datePublished\":\"2024-05-07T08:40:48+00:00\",\"dateModified\":\"2025-12-30T14:24:43+00:00\",\"description\":\"Viegla, iztur\u012bga un \u0113rta pusdienu kast\u012bte. Izgatavota no iztur\u012bgiem materi\u0101liem.\",\"breadcrumb\":{\"@id\":\"https:\\\/\\\/gohike.lv\\\/ru\\\/produkts\\\/naturehike-aluminija-sakausejuma-kvadratveida-pusdienu-kaste\\\/#breadcrumb\"},\"inLanguage\":\"ru-RU\",\"potentialAction\":[{\"@type\":\"ReadAction\",\"target\":[\"https:\\\/\\\/gohike.lv\\\/ru\\\/produkts\\\/naturehike-aluminija-sakausejuma-kvadratveida-pusdienu-kaste\\\/\"]}]},{\"@type\":\"ImageObject\",\"inLanguage\":\"ru-RU\",\"@id\":\"https:\\\/\\\/gohike.lv\\\/ru\\\/produkts\\\/naturehike-aluminija-sakausejuma-kvadratveida-pusdienu-kaste\\\/#primaryimage\",\"url\":\"https:\\\/\\\/gohike.lv\\\/wp-content\\\/uploads\\\/2024\\\/04\\\/LunchBox_-1.webp\",\"contentUrl\":\"https:\\\/\\\/gohike.lv\\\/wp-content\\\/uploads\\\/2024\\\/04\\\/LunchBox_-1.webp\",\"width\":800,\"height\":800},{\"@type\":\"BreadcrumbList\",\"@id\":\"https:\\\/\\\/gohike.lv\\\/ru\\\/produkts\\\/naturehike-aluminija-sakausejuma-kvadratveida-pusdienu-kaste\\\/#breadcrumb\",\"itemListElement\":[{\"@type\":\"ListItem\",\"position\":1,\"name\":\"\u0413\u043b\u0430\u0432\u043d\u0430\u044f\",\"item\":\"https:\\\/\\\/gohike.lv\\\/ru\\\/\"},{\"@type\":\"ListItem\",\"position\":2,\"name\":\"\u041a\u0430\u0442\u0435\u0433\u043e\u0440\u0438\u0438 \u0442\u043e\u0432\u0430\u0440\u043e\u0432\",\"item\":\"https:\\\/\\\/gohike.lv\\\/%d0%ba%d0%b0%d1%82%d0%b5%d0%b3%d0%be%d1%80%d0%b8%d0%b8-%d1%82%d0%be%d0%b2%d0%b0%d1%80%d0%be%d0%b2\\\/\"},{\"@type\":\"ListItem\",\"position\":3,\"name\":\"Naturehike &#8211; Alum\u012bnija sakaus\u0113juma kvadr\u0101tveida pusdienu kaste\"}]},{\"@type\":\"WebSite\",\"@id\":\"https:\\\/\\\/gohike.lv\\\/ru\\\/#website\",\"url\":\"https:\\\/\\\/gohike.lv\\\/ru\\\/\",\"name\":\"GoHike\",\"description\":\"\",\"publisher\":{\"@id\":\"https:\\\/\\\/gohike.lv\\\/ru\\\/#organization\"},\"potentialAction\":[{\"@type\":\"SearchAction\",\"target\":{\"@type\":\"EntryPoint\",\"urlTemplate\":\"https:\\\/\\\/gohike.lv\\\/ru\\\/?s={search_term_string}\"},\"query-input\":{\"@type\":\"PropertyValueSpecification\",\"valueRequired\":true,\"valueName\":\"search_term_string\"}}],\"inLanguage\":\"ru-RU\"},{\"@type\":\"Organization\",\"@id\":\"https:\\\/\\\/gohike.lv\\\/ru\\\/#organization\",\"name\":\"GoHike\",\"url\":\"https:\\\/\\\/gohike.lv\\\/ru\\\/\",\"logo\":{\"@type\":\"ImageObject\",\"inLanguage\":\"ru-RU\",\"@id\":\"https:\\\/\\\/gohike.lv\\\/ru\\\/#\\\/schema\\\/logo\\\/image\\\/\",\"url\":\"https:\\\/\\\/gohike.lv\\\/wp-content\\\/uploads\\\/2023\\\/08\\\/Logo_GoHike.webp\",\"contentUrl\":\"https:\\\/\\\/gohike.lv\\\/wp-content\\\/uploads\\\/2023\\\/08\\\/Logo_GoHike.webp\",\"width\":512,\"height\":512,\"caption\":\"GoHike\"},\"image\":{\"@id\":\"https:\\\/\\\/gohike.lv\\\/ru\\\/#\\\/schema\\\/logo\\\/image\\\/\"},\"sameAs\":[\"https:\\\/\\\/www.facebook.com\\\/gohike.shop\\\/\",\"https:\\\/\\\/www.instagram.com\\\/gohike.shop\\\/\"]}]}<\/script>\n<!-- \/ Yoast SEO plugin. -->","yoast_head_json":{"title":"Naturehike - Alum\u012bnija sakaus\u0113juma kvadr\u0101tveida pusdienu kaste","description":"Viegla, iztur\u012bga un \u0113rta pusdienu kast\u012bte. Izgatavota no iztur\u012bgiem materi\u0101liem.","robots":{"index":"index","follow":"follow","max-snippet":"max-snippet:-1","max-image-preview":"max-image-preview:large","max-video-preview":"max-video-preview:-1"},"canonical":"https:\/\/gohike.lv\/ru\/produkts\/naturehike-aluminija-sakausejuma-kvadratveida-pusdienu-kaste\/","og_locale":"ru_RU","og_type":"article","og_title":"Naturehike - Alum\u012bnija pusdienu kast\u012bte","og_description":"Viegla, iztur\u012bga un \u0113rta pusdienu kast\u012bte. Izgatavota no iztur\u012bgiem materi\u0101liem.","og_url":"https:\/\/gohike.lv\/ru\/produkts\/naturehike-aluminija-sakausejuma-kvadratveida-pusdienu-kaste\/","og_site_name":"GoHike","article_publisher":"https:\/\/www.facebook.com\/gohike.shop\/","article_modified_time":"2025-12-30T14:24:43+00:00","og_image":[{"width":800,"height":800,"url":"https:\/\/gohike.lv\/wp-content\/uploads\/2024\/04\/LunchBox_-1.webp","type":"image\/webp"}],"twitter_card":"summary_large_image","twitter_title":"Naturehike - Alum\u012bnija pusdienu kast\u012bte","twitter_misc":{"\u041f\u0440\u0438\u043c\u0435\u0440\u043d\u043e\u0435 \u0432\u0440\u0435\u043c\u044f \u0434\u043b\u044f \u0447\u0442\u0435\u043d\u0438\u044f":"1 \u043c\u0438\u043d\u0443\u0442\u0430"},"schema":{"@context":"https:\/\/schema.org","@graph":[{"@type":["WebPage","ItemPage"],"@id":"https:\/\/gohike.lv\/ru\/produkts\/naturehike-aluminija-sakausejuma-kvadratveida-pusdienu-kaste\/","url":"https:\/\/gohike.lv\/ru\/produkts\/naturehike-aluminija-sakausejuma-kvadratveida-pusdienu-kaste\/","name":"Naturehike - Alum\u012bnija sakaus\u0113juma kvadr\u0101tveida pusdienu kaste","isPartOf":{"@id":"https:\/\/gohike.lv\/ru\/#website"},"primaryImageOfPage":{"@id":"https:\/\/gohike.lv\/ru\/produkts\/naturehike-aluminija-sakausejuma-kvadratveida-pusdienu-kaste\/#primaryimage"},"image":{"@id":"https:\/\/gohike.lv\/ru\/produkts\/naturehike-aluminija-sakausejuma-kvadratveida-pusdienu-kaste\/#primaryimage"},"thumbnailUrl":"https:\/\/gohike.lv\/wp-content\/uploads\/2024\/04\/LunchBox_-1.webp","datePublished":"2024-05-07T08:40:48+00:00","dateModified":"2025-12-30T14:24:43+00:00","description":"Viegla, iztur\u012bga un \u0113rta pusdienu kast\u012bte. Izgatavota no iztur\u012bgiem materi\u0101liem.","breadcrumb":{"@id":"https:\/\/gohike.lv\/ru\/produkts\/naturehike-aluminija-sakausejuma-kvadratveida-pusdienu-kaste\/#breadcrumb"},"inLanguage":"ru-RU","potentialAction":[{"@type":"ReadAction","target":["https:\/\/gohike.lv\/ru\/produkts\/naturehike-aluminija-sakausejuma-kvadratveida-pusdienu-kaste\/"]}]},{"@type":"ImageObject","inLanguage":"ru-RU","@id":"https:\/\/gohike.lv\/ru\/produkts\/naturehike-aluminija-sakausejuma-kvadratveida-pusdienu-kaste\/#primaryimage","url":"https:\/\/gohike.lv\/wp-content\/uploads\/2024\/04\/LunchBox_-1.webp","contentUrl":"https:\/\/gohike.lv\/wp-content\/uploads\/2024\/04\/LunchBox_-1.webp","width":800,"height":800},{"@type":"BreadcrumbList","@id":"https:\/\/gohike.lv\/ru\/produkts\/naturehike-aluminija-sakausejuma-kvadratveida-pusdienu-kaste\/#breadcrumb","itemListElement":[{"@type":"ListItem","position":1,"name":"\u0413\u043b\u0430\u0432\u043d\u0430\u044f","item":"https:\/\/gohike.lv\/ru\/"},{"@type":"ListItem","position":2,"name":"\u041a\u0430\u0442\u0435\u0433\u043e\u0440\u0438\u0438 \u0442\u043e\u0432\u0430\u0440\u043e\u0432","item":"https:\/\/gohike.lv\/%d0%ba%d0%b0%d1%82%d0%b5%d0%b3%d0%be%d1%80%d0%b8%d0%b8-%d1%82%d0%be%d0%b2%d0%b0%d1%80%d0%be%d0%b2\/"},{"@type":"ListItem","position":3,"name":"Naturehike &#8211; Alum\u012bnija sakaus\u0113juma kvadr\u0101tveida pusdienu kaste"}]},{"@type":"WebSite","@id":"https:\/\/gohike.lv\/ru\/#website","url":"https:\/\/gohike.lv\/ru\/","name":"GoHike","description":"","publisher":{"@id":"https:\/\/gohike.lv\/ru\/#organization"},"potentialAction":[{"@type":"SearchAction","target":{"@type":"EntryPoint","urlTemplate":"https:\/\/gohike.lv\/ru\/?s={search_term_string}"},"query-input":{"@type":"PropertyValueSpecification","valueRequired":true,"valueName":"search_term_string"}}],"inLanguage":"ru-RU"},{"@type":"Organization","@id":"https:\/\/gohike.lv\/ru\/#organization","name":"GoHike","url":"https:\/\/gohike.lv\/ru\/","logo":{"@type":"ImageObject","inLanguage":"ru-RU","@id":"https:\/\/gohike.lv\/ru\/#\/schema\/logo\/image\/","url":"https:\/\/gohike.lv\/wp-content\/uploads\/2023\/08\/Logo_GoHike.webp","contentUrl":"https:\/\/gohike.lv\/wp-content\/uploads\/2023\/08\/Logo_GoHike.webp","width":512,"height":512,"caption":"GoHike"},"image":{"@id":"https:\/\/gohike.lv\/ru\/#\/schema\/logo\/image\/"},"sameAs":["https:\/\/www.facebook.com\/gohike.shop\/","https:\/\/www.instagram.com\/gohike.shop\/"]}]}},"jetpack_sharing_enabled":true,"_links":{"self":[{"href":"https:\/\/gohike.lv\/ru\/wp-json\/wp\/v2\/product\/53099","targetHints":{"allow":["GET"]}}],"collection":[{"href":"https:\/\/gohike.lv\/ru\/wp-json\/wp\/v2\/product"}],"about":[{"href":"https:\/\/gohike.lv\/ru\/wp-json\/wp\/v2\/types\/product"}],"version-history":[{"count":0,"href":"https:\/\/gohike.lv\/ru\/wp-json\/wp\/v2\/product\/53099\/revisions"}],"wp:featuredmedia":[{"embeddable":true,"href":"https:\/\/gohike.lv\/ru\/wp-json\/wp\/v2\/media\/35601"}],"wp:attachment":[{"href":"https:\/\/gohike.lv\/ru\/wp-json\/wp\/v2\/media?parent=53099"}],"wp:term":[{"taxonomy":"product_brand","embeddable":true,"href":"https:\/\/gohike.lv\/ru\/wp-json\/wp\/v2\/product_brand?post=53099"},{"taxonomy":"product_cat","embeddable":true,"href":"https:\/\/gohike.lv\/ru\/wp-json\/wp\/v2\/product_cat?post=53099"},{"taxonomy":"product_tag","embeddable":true,"href":"https:\/\/gohike.lv\/ru\/wp-json\/wp\/v2\/product_tag?post=53099"}],"curies":[{"name":"wp","href":"https:\/\/api.w.org\/{rel}","templated":true}]}}