{"id":53089,"date":"2024-05-07T11:40:37","date_gmt":"2024-05-07T08:40:37","guid":{"rendered":"https:\/\/gohike.lv\/produkts\/naturehike-cepsanas-paplate\/"},"modified":"2025-12-30T17:10:02","modified_gmt":"2025-12-30T14:10:02","slug":"naturehike-cepsanas-paplate","status":"publish","type":"product","link":"https:\/\/gohike.lv\/ru\/produkts\/naturehike-cepsanas-paplate\/","title":{"rendered":"Naturehike &#8212; Cep\u0161anas papl\u0101te"},"content":{"rendered":"<p>Profesion\u0101ls nepiedego\u0161ais p\u0101rkl\u0101jums padara pannu \u0113rti lietojamu.<br \/>\nPannas virsma ir p\u0101rkl\u0101ta ar \u012bpa\u0161u nepiedego\u0161u p\u0101rkl\u0101jumu, kas efekt\u012bvi samazina \u0113diena pielip\u0161anu gril\u0113\u0161anas laik\u0101.<br \/>\nNedaudz ieliektais dizains efekt\u012bvi nov\u0113r\u0161 e\u013c\u013cas un sulas nopl\u016bdi.<br \/>\nIzgatavota no \u010duguna, \u0161is materi\u0101ls ir sp\u0113c\u012bgs un iztur\u012bgs, ar labu siltumvad\u012btsp\u0113ju, vienm\u0113r\u012bgu kars\u0113\u0161anu un iev\u0113rojamu gatavo\u0161anas un cep\u0161anas efektu.<br \/>\n\u0100tra mont\u0101\u017ea, viegli p\u0101rn\u0113s\u0101jama.<br \/>\nKr\u0101sa: melna.<br \/>\nIzm\u0113ri: 31.5x50cm.<br \/>\nKomplekt\u0101 soma.<\/p>\n","protected":false},"excerpt":{"rendered":"<p><span style=\"font-family: Poppins, Arial, Helvetica, sans-serif; font-size: 14px;\">Liela \u010duguna panna ide\u0101li piem\u0113rota \u0113diena gatavo\u0161anai uz ugunskura.\u00a0<\/span><\/p>\n","protected":false},"featured_media":35527,"template":"","meta":[],"product_brand":[167],"product_cat":[1099],"product_tag":[],"class_list":{"0":"post-53089","1":"product","2":"type-product","3":"status-publish","4":"has-post-thumbnail","6":"product_brand-naturehike-lv","7":"product_cat-gatavosana-uz-uguns","8":"pa_izmeriscm-31-550","9":"pa_materiali-oksfordas-audums","10":"pa_produkta-tips-cepsanas-paplates","11":"pa_spalva-melns","13":"first","14":"outofstock","15":"taxable","16":"shipping-taxable","17":"purchasable","18":"product-type-simple"},"raw_content":{"name":"Naturehike - Cep\u0161anas papl\u0101te","description":"Profesion\u0101ls nepiedego\u0161ais p\u0101rkl\u0101jums padara pannu \u0113rti lietojamu.\nPannas virsma ir p\u0101rkl\u0101ta ar \u012bpa\u0161u nepiedego\u0161u p\u0101rkl\u0101jumu, kas efekt\u012bvi samazina \u0113diena pielip\u0161anu gril\u0113\u0161anas laik\u0101.\nNedaudz ieliektais dizains efekt\u012bvi nov\u0113r\u0161 e\u013c\u013cas un sulas nopl\u016bdi.\nIzgatavota no \u010duguna, \u0161is materi\u0101ls ir sp\u0113c\u012bgs un iztur\u012bgs, ar labu siltumvad\u012btsp\u0113ju, vienm\u0113r\u012bgu kars\u0113\u0161anu un iev\u0113rojamu gatavo\u0161anas un cep\u0161anas efektu.\n\u0100tra mont\u0101\u017ea, viegli p\u0101rn\u0113s\u0101jama.\nKr\u0101sa: melna.\nIzm\u0113ri: 31.5x50cm.\nKomplekt\u0101 soma.","short_description":"<span style=\"font-family: Poppins, Arial, Helvetica, sans-serif; font-size: 14px;\">Liela \u010duguna panna ide\u0101li piem\u0113rota \u0113diena gatavo\u0161anai uz ugunskura.\u00a0<\/span>","status":"publish","sku":"6927595700051","original":53089},"wpml":{"translation_type":1,"has_translations":true,"original":53089,"duplicates":[],"translations":{"lv":53089,"en":67885,"ru":null}},"supplier_id":null,"supplier_sku":"","barcode":null,"atum_controlled":true,"out_stock_date":null,"out_stock_threshold":null,"inheritable":false,"inbound_stock":null,"stock_on_hold":0,"sold_today":0,"sales_last_days":0,"reserved_stock":null,"customer_returns":null,"warehouse_damage":null,"lost_in_post":null,"other_logs":null,"out_stock_days":0,"lost_sales":0,"has_location":null,"update_date":"2025-12-30T14:13:29","atum_locations":[],"atum_stock_status":"outofstock","restock_status":false,"low_stock_amount":"","sales_update_date":"2025-11-13T14:08:06","calc_backorders":null,"yoast_head":"<!-- This site is optimized with the Yoast SEO plugin v27.3 - https:\/\/yoast.com\/product\/yoast-seo-wordpress\/ -->\n<title>Naturehike - Cep\u0161anas papl\u0101te<\/title>\n<meta name=\"description\" content=\"Liela \u010duguna panna ide\u0101li piem\u0113rota \u0113diena gatavo\u0161anai uz ugunskura.\u00a0\" \/>\n<meta name=\"robots\" content=\"index, follow, max-snippet:-1, max-image-preview:large, max-video-preview:-1\" \/>\n<link rel=\"canonical\" href=\"https:\/\/gohike.lv\/ru\/produkts\/naturehike-cepsanas-paplate\/\" \/>\n<meta property=\"og:locale\" content=\"ru_RU\" \/>\n<meta property=\"og:type\" content=\"article\" \/>\n<meta property=\"og:title\" content=\"Naturehike - Uguns trauks\" \/>\n<meta property=\"og:description\" content=\"Liela \u010duguna panna ide\u0101li piem\u0113rota \u0113diena gatavo\u0161anai uz ugunskura.\u00a0\" \/>\n<meta property=\"og:url\" content=\"https:\/\/gohike.lv\/ru\/produkts\/naturehike-cepsanas-paplate\/\" \/>\n<meta property=\"og:site_name\" content=\"GoHike\" \/>\n<meta property=\"article:publisher\" content=\"https:\/\/www.facebook.com\/gohike.shop\/\" \/>\n<meta property=\"article:modified_time\" content=\"2025-12-30T14:10:02+00:00\" \/>\n<meta property=\"og:image\" content=\"https:\/\/gohike.lv\/wp-content\/uploads\/2024\/04\/LargeBakingPan_-1.webp\" \/>\n\t<meta property=\"og:image:width\" content=\"720\" \/>\n\t<meta property=\"og:image:height\" content=\"720\" \/>\n\t<meta property=\"og:image:type\" content=\"image\/webp\" \/>\n<meta name=\"twitter:card\" content=\"summary_large_image\" \/>\n<meta name=\"twitter:title\" content=\"Naturehike - Uguns trauks\" \/>\n<meta name=\"twitter:label1\" content=\"\u041f\u0440\u0438\u043c\u0435\u0440\u043d\u043e\u0435 \u0432\u0440\u0435\u043c\u044f \u0434\u043b\u044f \u0447\u0442\u0435\u043d\u0438\u044f\" \/>\n\t<meta name=\"twitter:data1\" content=\"1 \u043c\u0438\u043d\u0443\u0442\u0430\" \/>\n<script type=\"application\/ld+json\" class=\"yoast-schema-graph\">{\"@context\":\"https:\\\/\\\/schema.org\",\"@graph\":[{\"@type\":[\"WebPage\",\"ItemPage\"],\"@id\":\"https:\\\/\\\/gohike.lv\\\/ru\\\/produkts\\\/naturehike-cepsanas-paplate\\\/\",\"url\":\"https:\\\/\\\/gohike.lv\\\/ru\\\/produkts\\\/naturehike-cepsanas-paplate\\\/\",\"name\":\"Naturehike - Cep\u0161anas papl\u0101te\",\"isPartOf\":{\"@id\":\"https:\\\/\\\/gohike.lv\\\/ru\\\/#website\"},\"primaryImageOfPage\":{\"@id\":\"https:\\\/\\\/gohike.lv\\\/ru\\\/produkts\\\/naturehike-cepsanas-paplate\\\/#primaryimage\"},\"image\":{\"@id\":\"https:\\\/\\\/gohike.lv\\\/ru\\\/produkts\\\/naturehike-cepsanas-paplate\\\/#primaryimage\"},\"thumbnailUrl\":\"https:\\\/\\\/gohike.lv\\\/wp-content\\\/uploads\\\/2024\\\/04\\\/LargeBakingPan_-1.webp\",\"datePublished\":\"2024-05-07T08:40:37+00:00\",\"dateModified\":\"2025-12-30T14:10:02+00:00\",\"description\":\"Liela \u010duguna panna ide\u0101li piem\u0113rota \u0113diena gatavo\u0161anai uz ugunskura.\u00a0\",\"breadcrumb\":{\"@id\":\"https:\\\/\\\/gohike.lv\\\/ru\\\/produkts\\\/naturehike-cepsanas-paplate\\\/#breadcrumb\"},\"inLanguage\":\"ru-RU\",\"potentialAction\":[{\"@type\":\"ReadAction\",\"target\":[\"https:\\\/\\\/gohike.lv\\\/ru\\\/produkts\\\/naturehike-cepsanas-paplate\\\/\"]}]},{\"@type\":\"ImageObject\",\"inLanguage\":\"ru-RU\",\"@id\":\"https:\\\/\\\/gohike.lv\\\/ru\\\/produkts\\\/naturehike-cepsanas-paplate\\\/#primaryimage\",\"url\":\"https:\\\/\\\/gohike.lv\\\/wp-content\\\/uploads\\\/2024\\\/04\\\/LargeBakingPan_-1.webp\",\"contentUrl\":\"https:\\\/\\\/gohike.lv\\\/wp-content\\\/uploads\\\/2024\\\/04\\\/LargeBakingPan_-1.webp\",\"width\":720,\"height\":720},{\"@type\":\"BreadcrumbList\",\"@id\":\"https:\\\/\\\/gohike.lv\\\/ru\\\/produkts\\\/naturehike-cepsanas-paplate\\\/#breadcrumb\",\"itemListElement\":[{\"@type\":\"ListItem\",\"position\":1,\"name\":\"\u0413\u043b\u0430\u0432\u043d\u0430\u044f\",\"item\":\"https:\\\/\\\/gohike.lv\\\/ru\\\/\"},{\"@type\":\"ListItem\",\"position\":2,\"name\":\"\u041a\u0430\u0442\u0435\u0433\u043e\u0440\u0438\u0438 \u0442\u043e\u0432\u0430\u0440\u043e\u0432\",\"item\":\"https:\\\/\\\/gohike.lv\\\/%d0%ba%d0%b0%d1%82%d0%b5%d0%b3%d0%be%d1%80%d0%b8%d0%b8-%d1%82%d0%be%d0%b2%d0%b0%d1%80%d0%be%d0%b2\\\/\"},{\"@type\":\"ListItem\",\"position\":3,\"name\":\"Naturehike &#8211; Cep\u0161anas papl\u0101te\"}]},{\"@type\":\"WebSite\",\"@id\":\"https:\\\/\\\/gohike.lv\\\/ru\\\/#website\",\"url\":\"https:\\\/\\\/gohike.lv\\\/ru\\\/\",\"name\":\"GoHike\",\"description\":\"\",\"publisher\":{\"@id\":\"https:\\\/\\\/gohike.lv\\\/ru\\\/#organization\"},\"potentialAction\":[{\"@type\":\"SearchAction\",\"target\":{\"@type\":\"EntryPoint\",\"urlTemplate\":\"https:\\\/\\\/gohike.lv\\\/ru\\\/?s={search_term_string}\"},\"query-input\":{\"@type\":\"PropertyValueSpecification\",\"valueRequired\":true,\"valueName\":\"search_term_string\"}}],\"inLanguage\":\"ru-RU\"},{\"@type\":\"Organization\",\"@id\":\"https:\\\/\\\/gohike.lv\\\/ru\\\/#organization\",\"name\":\"GoHike\",\"url\":\"https:\\\/\\\/gohike.lv\\\/ru\\\/\",\"logo\":{\"@type\":\"ImageObject\",\"inLanguage\":\"ru-RU\",\"@id\":\"https:\\\/\\\/gohike.lv\\\/ru\\\/#\\\/schema\\\/logo\\\/image\\\/\",\"url\":\"https:\\\/\\\/gohike.lv\\\/wp-content\\\/uploads\\\/2023\\\/08\\\/Logo_GoHike.webp\",\"contentUrl\":\"https:\\\/\\\/gohike.lv\\\/wp-content\\\/uploads\\\/2023\\\/08\\\/Logo_GoHike.webp\",\"width\":512,\"height\":512,\"caption\":\"GoHike\"},\"image\":{\"@id\":\"https:\\\/\\\/gohike.lv\\\/ru\\\/#\\\/schema\\\/logo\\\/image\\\/\"},\"sameAs\":[\"https:\\\/\\\/www.facebook.com\\\/gohike.shop\\\/\",\"https:\\\/\\\/www.instagram.com\\\/gohike.shop\\\/\"]}]}<\/script>\n<!-- \/ Yoast SEO plugin. -->","yoast_head_json":{"title":"Naturehike - Cep\u0161anas papl\u0101te","description":"Liela \u010duguna panna ide\u0101li piem\u0113rota \u0113diena gatavo\u0161anai uz ugunskura.\u00a0","robots":{"index":"index","follow":"follow","max-snippet":"max-snippet:-1","max-image-preview":"max-image-preview:large","max-video-preview":"max-video-preview:-1"},"canonical":"https:\/\/gohike.lv\/ru\/produkts\/naturehike-cepsanas-paplate\/","og_locale":"ru_RU","og_type":"article","og_title":"Naturehike - Uguns trauks","og_description":"Liela \u010duguna panna ide\u0101li piem\u0113rota \u0113diena gatavo\u0161anai uz ugunskura.\u00a0","og_url":"https:\/\/gohike.lv\/ru\/produkts\/naturehike-cepsanas-paplate\/","og_site_name":"GoHike","article_publisher":"https:\/\/www.facebook.com\/gohike.shop\/","article_modified_time":"2025-12-30T14:10:02+00:00","og_image":[{"width":720,"height":720,"url":"https:\/\/gohike.lv\/wp-content\/uploads\/2024\/04\/LargeBakingPan_-1.webp","type":"image\/webp"}],"twitter_card":"summary_large_image","twitter_title":"Naturehike - Uguns trauks","twitter_misc":{"\u041f\u0440\u0438\u043c\u0435\u0440\u043d\u043e\u0435 \u0432\u0440\u0435\u043c\u044f \u0434\u043b\u044f \u0447\u0442\u0435\u043d\u0438\u044f":"1 \u043c\u0438\u043d\u0443\u0442\u0430"},"schema":{"@context":"https:\/\/schema.org","@graph":[{"@type":["WebPage","ItemPage"],"@id":"https:\/\/gohike.lv\/ru\/produkts\/naturehike-cepsanas-paplate\/","url":"https:\/\/gohike.lv\/ru\/produkts\/naturehike-cepsanas-paplate\/","name":"Naturehike - Cep\u0161anas papl\u0101te","isPartOf":{"@id":"https:\/\/gohike.lv\/ru\/#website"},"primaryImageOfPage":{"@id":"https:\/\/gohike.lv\/ru\/produkts\/naturehike-cepsanas-paplate\/#primaryimage"},"image":{"@id":"https:\/\/gohike.lv\/ru\/produkts\/naturehike-cepsanas-paplate\/#primaryimage"},"thumbnailUrl":"https:\/\/gohike.lv\/wp-content\/uploads\/2024\/04\/LargeBakingPan_-1.webp","datePublished":"2024-05-07T08:40:37+00:00","dateModified":"2025-12-30T14:10:02+00:00","description":"Liela \u010duguna panna ide\u0101li piem\u0113rota \u0113diena gatavo\u0161anai uz ugunskura.\u00a0","breadcrumb":{"@id":"https:\/\/gohike.lv\/ru\/produkts\/naturehike-cepsanas-paplate\/#breadcrumb"},"inLanguage":"ru-RU","potentialAction":[{"@type":"ReadAction","target":["https:\/\/gohike.lv\/ru\/produkts\/naturehike-cepsanas-paplate\/"]}]},{"@type":"ImageObject","inLanguage":"ru-RU","@id":"https:\/\/gohike.lv\/ru\/produkts\/naturehike-cepsanas-paplate\/#primaryimage","url":"https:\/\/gohike.lv\/wp-content\/uploads\/2024\/04\/LargeBakingPan_-1.webp","contentUrl":"https:\/\/gohike.lv\/wp-content\/uploads\/2024\/04\/LargeBakingPan_-1.webp","width":720,"height":720},{"@type":"BreadcrumbList","@id":"https:\/\/gohike.lv\/ru\/produkts\/naturehike-cepsanas-paplate\/#breadcrumb","itemListElement":[{"@type":"ListItem","position":1,"name":"\u0413\u043b\u0430\u0432\u043d\u0430\u044f","item":"https:\/\/gohike.lv\/ru\/"},{"@type":"ListItem","position":2,"name":"\u041a\u0430\u0442\u0435\u0433\u043e\u0440\u0438\u0438 \u0442\u043e\u0432\u0430\u0440\u043e\u0432","item":"https:\/\/gohike.lv\/%d0%ba%d0%b0%d1%82%d0%b5%d0%b3%d0%be%d1%80%d0%b8%d0%b8-%d1%82%d0%be%d0%b2%d0%b0%d1%80%d0%be%d0%b2\/"},{"@type":"ListItem","position":3,"name":"Naturehike &#8211; Cep\u0161anas papl\u0101te"}]},{"@type":"WebSite","@id":"https:\/\/gohike.lv\/ru\/#website","url":"https:\/\/gohike.lv\/ru\/","name":"GoHike","description":"","publisher":{"@id":"https:\/\/gohike.lv\/ru\/#organization"},"potentialAction":[{"@type":"SearchAction","target":{"@type":"EntryPoint","urlTemplate":"https:\/\/gohike.lv\/ru\/?s={search_term_string}"},"query-input":{"@type":"PropertyValueSpecification","valueRequired":true,"valueName":"search_term_string"}}],"inLanguage":"ru-RU"},{"@type":"Organization","@id":"https:\/\/gohike.lv\/ru\/#organization","name":"GoHike","url":"https:\/\/gohike.lv\/ru\/","logo":{"@type":"ImageObject","inLanguage":"ru-RU","@id":"https:\/\/gohike.lv\/ru\/#\/schema\/logo\/image\/","url":"https:\/\/gohike.lv\/wp-content\/uploads\/2023\/08\/Logo_GoHike.webp","contentUrl":"https:\/\/gohike.lv\/wp-content\/uploads\/2023\/08\/Logo_GoHike.webp","width":512,"height":512,"caption":"GoHike"},"image":{"@id":"https:\/\/gohike.lv\/ru\/#\/schema\/logo\/image\/"},"sameAs":["https:\/\/www.facebook.com\/gohike.shop\/","https:\/\/www.instagram.com\/gohike.shop\/"]}]}},"jetpack_sharing_enabled":true,"_links":{"self":[{"href":"https:\/\/gohike.lv\/ru\/wp-json\/wp\/v2\/product\/53089","targetHints":{"allow":["GET"]}}],"collection":[{"href":"https:\/\/gohike.lv\/ru\/wp-json\/wp\/v2\/product"}],"about":[{"href":"https:\/\/gohike.lv\/ru\/wp-json\/wp\/v2\/types\/product"}],"version-history":[{"count":0,"href":"https:\/\/gohike.lv\/ru\/wp-json\/wp\/v2\/product\/53089\/revisions"}],"wp:featuredmedia":[{"embeddable":true,"href":"https:\/\/gohike.lv\/ru\/wp-json\/wp\/v2\/media\/35527"}],"wp:attachment":[{"href":"https:\/\/gohike.lv\/ru\/wp-json\/wp\/v2\/media?parent=53089"}],"wp:term":[{"taxonomy":"product_brand","embeddable":true,"href":"https:\/\/gohike.lv\/ru\/wp-json\/wp\/v2\/product_brand?post=53089"},{"taxonomy":"product_cat","embeddable":true,"href":"https:\/\/gohike.lv\/ru\/wp-json\/wp\/v2\/product_cat?post=53089"},{"taxonomy":"product_tag","embeddable":true,"href":"https:\/\/gohike.lv\/ru\/wp-json\/wp\/v2\/product_tag?post=53089"}],"curies":[{"name":"wp","href":"https:\/\/api.w.org\/{rel}","templated":true}]}}