{"id":53083,"date":"2024-05-07T11:40:22","date_gmt":"2024-05-07T08:40:22","guid":{"rendered":"https:\/\/gohike.lv\/produkts\/naturehike-panna-ar-nolokamu-rokturi\/"},"modified":"2026-02-08T08:10:47","modified_gmt":"2026-02-08T05:10:47","slug":"naturehike-panna-ar-nolokamu-rokturi","status":"publish","type":"product","link":"https:\/\/gohike.lv\/ru\/produkts\/naturehike-panna-ar-nolokamu-rokturi\/","title":{"rendered":"Naturehike &#8212; Panna ar nolok\u0101mu rokturi"},"content":{"rendered":"<p>At\u0161\u0137ir\u012bb\u0101 no cit\u0101m pann\u0101m ar dzi\u013c\u0101m rib\u0101m, kas nosedz visu cep\u0161anas virsmu, Naturhike pannai ir minim\u0101ls dzi\u013cums, kas ietaupa e\u013c\u013cas daudzumu.<br \/>\nCepamajai virsmai ir nepiedego\u0161s p\u0101rkl\u0101jums, kas ir viegli kopjams.<br \/>\nSalok\u0101ms rokturis \u013cauj kompakti saloc\u012bt pannu \u0113rtai p\u0101rvad\u0101\u0161anai.<br \/>\nRaksturlielumi:<br \/>\nMateri\u0101li: duralum\u012bnijs, ner\u016bs\u0113jo\u0161ais t\u0113rauds 201;<br \/>\nSalok\u0101ms rokturis;<br \/>\nIzm\u0113ri: 226 x 196 x 9\u00a0 mm;<br \/>\nSvars: 500g.<\/p>\n","protected":false},"excerpt":{"rendered":"<p><span style=\"font-family: Poppins, Arial, Helvetica, sans-serif; font-size: 14px;\">Cep ga\u013cu, d\u0101rze\u0146us, zivi vai olas \u2013 to var viegli izdar\u012bt ar Naturehike pannu.<\/span><\/p>\n","protected":false},"featured_media":35489,"template":"","meta":[],"product_brand":[167],"product_cat":[1099],"product_tag":[],"class_list":{"0":"post-53083","1":"product","2":"type-product","3":"status-publish","4":"has-post-thumbnail","6":"product_brand-naturehike-lv","7":"product_cat-gatavosana-uz-uguns","8":"pa_izmeriscm-22-619-60-9","9":"pa_materiali-201-nerusejosais-terauds","10":"pa_materiali-aluminijs","11":"pa_produkta-tips-katli-un-pannas","13":"first","14":"instock","15":"taxable","16":"shipping-taxable","17":"purchasable","18":"product-type-simple"},"raw_content":{"name":"Naturehike - Panna ar nolok\u0101mu rokturi","description":"At\u0161\u0137ir\u012bb\u0101 no cit\u0101m pann\u0101m ar dzi\u013c\u0101m rib\u0101m, kas nosedz visu cep\u0161anas virsmu, Naturhike pannai ir minim\u0101ls dzi\u013cums, kas ietaupa e\u013c\u013cas daudzumu.\nCepamajai virsmai ir nepiedego\u0161s p\u0101rkl\u0101jums, kas ir viegli kopjams.\nSalok\u0101ms rokturis \u013cauj kompakti saloc\u012bt pannu \u0113rtai p\u0101rvad\u0101\u0161anai.\nRaksturlielumi:\nMateri\u0101li: duralum\u012bnijs, ner\u016bs\u0113jo\u0161ais t\u0113rauds 201;\nSalok\u0101ms rokturis;\nIzm\u0113ri: 226 x 196 x 9\u00a0 mm;\nSvars: 500g.","short_description":"<span style=\"font-family: Poppins, Arial, Helvetica, sans-serif; font-size: 14px;\">Cep ga\u013cu, d\u0101rze\u0146us, zivi vai olas \u2013 to var viegli izdar\u012bt ar Naturehike pannu.<\/span>","status":"publish","sku":"6976023925177","original":53083},"wpml":{"translation_type":1,"has_translations":true,"original":53083,"duplicates":[],"translations":{"lv":53083,"en":68560,"ru":null}},"supplier_id":null,"supplier_sku":"","barcode":null,"atum_controlled":true,"out_stock_date":null,"out_stock_threshold":null,"inheritable":false,"inbound_stock":null,"stock_on_hold":0,"sold_today":0,"sales_last_days":0,"reserved_stock":null,"customer_returns":null,"warehouse_damage":null,"lost_in_post":null,"other_logs":null,"out_stock_days":0,"lost_sales":0,"has_location":null,"update_date":"2026-02-08T05:10:49","atum_locations":[],"atum_stock_status":"instock","restock_status":false,"low_stock_amount":"","sales_update_date":"2025-11-13T14:08:06","calc_backorders":null,"yoast_head":"<!-- This site is optimized with the Yoast SEO plugin v27.3 - https:\/\/yoast.com\/product\/yoast-seo-wordpress\/ -->\n<title>Naturehike - Panna ar nolok\u0101mu rokturi<\/title>\n<meta name=\"description\" content=\"Cep ga\u013cu, d\u0101rze\u0146us, zivi vai olas \u2013 to var viegli izdar\u012bt ar Naturehike pannu.\" \/>\n<meta name=\"robots\" content=\"index, follow, max-snippet:-1, max-image-preview:large, max-video-preview:-1\" \/>\n<link rel=\"canonical\" href=\"https:\/\/gohike.lv\/ru\/produkts\/naturehike-panna-ar-nolokamu-rokturi\/\" \/>\n<meta property=\"og:locale\" content=\"ru_RU\" \/>\n<meta property=\"og:type\" content=\"article\" \/>\n<meta property=\"og:title\" content=\"Naturehike - Panna ar nolok\u0101mu rokturi\" \/>\n<meta property=\"og:description\" content=\"Cep ga\u013cu, d\u0101rze\u0146us, zivi vai olas \u2013 to var viegli izdar\u012bt ar Naturehike pannu.\" \/>\n<meta property=\"og:url\" content=\"https:\/\/gohike.lv\/ru\/produkts\/naturehike-panna-ar-nolokamu-rokturi\/\" \/>\n<meta property=\"og:site_name\" content=\"GoHike\" \/>\n<meta property=\"article:publisher\" content=\"https:\/\/www.facebook.com\/gohike.shop\/\" \/>\n<meta property=\"article:modified_time\" content=\"2026-02-08T05:10:47+00:00\" \/>\n<meta property=\"og:image\" content=\"https:\/\/gohike.lv\/wp-content\/uploads\/2024\/04\/FryingPanWithHandle_-1.webp\" \/>\n\t<meta property=\"og:image:width\" content=\"800\" \/>\n\t<meta property=\"og:image:height\" content=\"800\" \/>\n\t<meta property=\"og:image:type\" content=\"image\/webp\" \/>\n<meta name=\"twitter:card\" content=\"summary_large_image\" \/>\n<meta name=\"twitter:title\" content=\"Naturehike - Panna ar nolok\u0101mu rokturi\" \/>\n<meta name=\"twitter:label1\" content=\"\u041f\u0440\u0438\u043c\u0435\u0440\u043d\u043e\u0435 \u0432\u0440\u0435\u043c\u044f \u0434\u043b\u044f \u0447\u0442\u0435\u043d\u0438\u044f\" \/>\n\t<meta name=\"twitter:data1\" content=\"1 \u043c\u0438\u043d\u0443\u0442\u0430\" \/>\n<script type=\"application\/ld+json\" class=\"yoast-schema-graph\">{\"@context\":\"https:\\\/\\\/schema.org\",\"@graph\":[{\"@type\":[\"WebPage\",\"ItemPage\"],\"@id\":\"https:\\\/\\\/gohike.lv\\\/ru\\\/produkts\\\/naturehike-panna-ar-nolokamu-rokturi\\\/\",\"url\":\"https:\\\/\\\/gohike.lv\\\/ru\\\/produkts\\\/naturehike-panna-ar-nolokamu-rokturi\\\/\",\"name\":\"Naturehike - Panna ar nolok\u0101mu rokturi\",\"isPartOf\":{\"@id\":\"https:\\\/\\\/gohike.lv\\\/ru\\\/#website\"},\"primaryImageOfPage\":{\"@id\":\"https:\\\/\\\/gohike.lv\\\/ru\\\/produkts\\\/naturehike-panna-ar-nolokamu-rokturi\\\/#primaryimage\"},\"image\":{\"@id\":\"https:\\\/\\\/gohike.lv\\\/ru\\\/produkts\\\/naturehike-panna-ar-nolokamu-rokturi\\\/#primaryimage\"},\"thumbnailUrl\":\"https:\\\/\\\/gohike.lv\\\/wp-content\\\/uploads\\\/2024\\\/04\\\/FryingPanWithHandle_-1.webp\",\"datePublished\":\"2024-05-07T08:40:22+00:00\",\"dateModified\":\"2026-02-08T05:10:47+00:00\",\"description\":\"Cep ga\u013cu, d\u0101rze\u0146us, zivi vai olas \u2013 to var viegli izdar\u012bt ar Naturehike pannu.\",\"breadcrumb\":{\"@id\":\"https:\\\/\\\/gohike.lv\\\/ru\\\/produkts\\\/naturehike-panna-ar-nolokamu-rokturi\\\/#breadcrumb\"},\"inLanguage\":\"ru-RU\",\"potentialAction\":[{\"@type\":\"ReadAction\",\"target\":[\"https:\\\/\\\/gohike.lv\\\/ru\\\/produkts\\\/naturehike-panna-ar-nolokamu-rokturi\\\/\"]}]},{\"@type\":\"ImageObject\",\"inLanguage\":\"ru-RU\",\"@id\":\"https:\\\/\\\/gohike.lv\\\/ru\\\/produkts\\\/naturehike-panna-ar-nolokamu-rokturi\\\/#primaryimage\",\"url\":\"https:\\\/\\\/gohike.lv\\\/wp-content\\\/uploads\\\/2024\\\/04\\\/FryingPanWithHandle_-1.webp\",\"contentUrl\":\"https:\\\/\\\/gohike.lv\\\/wp-content\\\/uploads\\\/2024\\\/04\\\/FryingPanWithHandle_-1.webp\",\"width\":800,\"height\":800},{\"@type\":\"BreadcrumbList\",\"@id\":\"https:\\\/\\\/gohike.lv\\\/ru\\\/produkts\\\/naturehike-panna-ar-nolokamu-rokturi\\\/#breadcrumb\",\"itemListElement\":[{\"@type\":\"ListItem\",\"position\":1,\"name\":\"\u0413\u043b\u0430\u0432\u043d\u0430\u044f\",\"item\":\"https:\\\/\\\/gohike.lv\\\/ru\\\/\"},{\"@type\":\"ListItem\",\"position\":2,\"name\":\"\u041a\u0430\u0442\u0435\u0433\u043e\u0440\u0438\u0438 \u0442\u043e\u0432\u0430\u0440\u043e\u0432\",\"item\":\"https:\\\/\\\/gohike.lv\\\/%d0%ba%d0%b0%d1%82%d0%b5%d0%b3%d0%be%d1%80%d0%b8%d0%b8-%d1%82%d0%be%d0%b2%d0%b0%d1%80%d0%be%d0%b2\\\/\"},{\"@type\":\"ListItem\",\"position\":3,\"name\":\"Naturehike &#8211; Panna ar nolok\u0101mu rokturi\"}]},{\"@type\":\"WebSite\",\"@id\":\"https:\\\/\\\/gohike.lv\\\/ru\\\/#website\",\"url\":\"https:\\\/\\\/gohike.lv\\\/ru\\\/\",\"name\":\"GoHike\",\"description\":\"\",\"publisher\":{\"@id\":\"https:\\\/\\\/gohike.lv\\\/ru\\\/#organization\"},\"potentialAction\":[{\"@type\":\"SearchAction\",\"target\":{\"@type\":\"EntryPoint\",\"urlTemplate\":\"https:\\\/\\\/gohike.lv\\\/ru\\\/?s={search_term_string}\"},\"query-input\":{\"@type\":\"PropertyValueSpecification\",\"valueRequired\":true,\"valueName\":\"search_term_string\"}}],\"inLanguage\":\"ru-RU\"},{\"@type\":\"Organization\",\"@id\":\"https:\\\/\\\/gohike.lv\\\/ru\\\/#organization\",\"name\":\"GoHike\",\"url\":\"https:\\\/\\\/gohike.lv\\\/ru\\\/\",\"logo\":{\"@type\":\"ImageObject\",\"inLanguage\":\"ru-RU\",\"@id\":\"https:\\\/\\\/gohike.lv\\\/ru\\\/#\\\/schema\\\/logo\\\/image\\\/\",\"url\":\"https:\\\/\\\/gohike.lv\\\/wp-content\\\/uploads\\\/2023\\\/08\\\/Logo_GoHike.webp\",\"contentUrl\":\"https:\\\/\\\/gohike.lv\\\/wp-content\\\/uploads\\\/2023\\\/08\\\/Logo_GoHike.webp\",\"width\":512,\"height\":512,\"caption\":\"GoHike\"},\"image\":{\"@id\":\"https:\\\/\\\/gohike.lv\\\/ru\\\/#\\\/schema\\\/logo\\\/image\\\/\"},\"sameAs\":[\"https:\\\/\\\/www.facebook.com\\\/gohike.shop\\\/\",\"https:\\\/\\\/www.instagram.com\\\/gohike.shop\\\/\"]}]}<\/script>\n<!-- \/ Yoast SEO plugin. -->","yoast_head_json":{"title":"Naturehike - Panna ar nolok\u0101mu rokturi","description":"Cep ga\u013cu, d\u0101rze\u0146us, zivi vai olas \u2013 to var viegli izdar\u012bt ar Naturehike pannu.","robots":{"index":"index","follow":"follow","max-snippet":"max-snippet:-1","max-image-preview":"max-image-preview:large","max-video-preview":"max-video-preview:-1"},"canonical":"https:\/\/gohike.lv\/ru\/produkts\/naturehike-panna-ar-nolokamu-rokturi\/","og_locale":"ru_RU","og_type":"article","og_title":"Naturehike - Panna ar nolok\u0101mu rokturi","og_description":"Cep ga\u013cu, d\u0101rze\u0146us, zivi vai olas \u2013 to var viegli izdar\u012bt ar Naturehike pannu.","og_url":"https:\/\/gohike.lv\/ru\/produkts\/naturehike-panna-ar-nolokamu-rokturi\/","og_site_name":"GoHike","article_publisher":"https:\/\/www.facebook.com\/gohike.shop\/","article_modified_time":"2026-02-08T05:10:47+00:00","og_image":[{"width":800,"height":800,"url":"https:\/\/gohike.lv\/wp-content\/uploads\/2024\/04\/FryingPanWithHandle_-1.webp","type":"image\/webp"}],"twitter_card":"summary_large_image","twitter_title":"Naturehike - Panna ar nolok\u0101mu rokturi","twitter_misc":{"\u041f\u0440\u0438\u043c\u0435\u0440\u043d\u043e\u0435 \u0432\u0440\u0435\u043c\u044f \u0434\u043b\u044f \u0447\u0442\u0435\u043d\u0438\u044f":"1 \u043c\u0438\u043d\u0443\u0442\u0430"},"schema":{"@context":"https:\/\/schema.org","@graph":[{"@type":["WebPage","ItemPage"],"@id":"https:\/\/gohike.lv\/ru\/produkts\/naturehike-panna-ar-nolokamu-rokturi\/","url":"https:\/\/gohike.lv\/ru\/produkts\/naturehike-panna-ar-nolokamu-rokturi\/","name":"Naturehike - Panna ar nolok\u0101mu rokturi","isPartOf":{"@id":"https:\/\/gohike.lv\/ru\/#website"},"primaryImageOfPage":{"@id":"https:\/\/gohike.lv\/ru\/produkts\/naturehike-panna-ar-nolokamu-rokturi\/#primaryimage"},"image":{"@id":"https:\/\/gohike.lv\/ru\/produkts\/naturehike-panna-ar-nolokamu-rokturi\/#primaryimage"},"thumbnailUrl":"https:\/\/gohike.lv\/wp-content\/uploads\/2024\/04\/FryingPanWithHandle_-1.webp","datePublished":"2024-05-07T08:40:22+00:00","dateModified":"2026-02-08T05:10:47+00:00","description":"Cep ga\u013cu, d\u0101rze\u0146us, zivi vai olas \u2013 to var viegli izdar\u012bt ar Naturehike pannu.","breadcrumb":{"@id":"https:\/\/gohike.lv\/ru\/produkts\/naturehike-panna-ar-nolokamu-rokturi\/#breadcrumb"},"inLanguage":"ru-RU","potentialAction":[{"@type":"ReadAction","target":["https:\/\/gohike.lv\/ru\/produkts\/naturehike-panna-ar-nolokamu-rokturi\/"]}]},{"@type":"ImageObject","inLanguage":"ru-RU","@id":"https:\/\/gohike.lv\/ru\/produkts\/naturehike-panna-ar-nolokamu-rokturi\/#primaryimage","url":"https:\/\/gohike.lv\/wp-content\/uploads\/2024\/04\/FryingPanWithHandle_-1.webp","contentUrl":"https:\/\/gohike.lv\/wp-content\/uploads\/2024\/04\/FryingPanWithHandle_-1.webp","width":800,"height":800},{"@type":"BreadcrumbList","@id":"https:\/\/gohike.lv\/ru\/produkts\/naturehike-panna-ar-nolokamu-rokturi\/#breadcrumb","itemListElement":[{"@type":"ListItem","position":1,"name":"\u0413\u043b\u0430\u0432\u043d\u0430\u044f","item":"https:\/\/gohike.lv\/ru\/"},{"@type":"ListItem","position":2,"name":"\u041a\u0430\u0442\u0435\u0433\u043e\u0440\u0438\u0438 \u0442\u043e\u0432\u0430\u0440\u043e\u0432","item":"https:\/\/gohike.lv\/%d0%ba%d0%b0%d1%82%d0%b5%d0%b3%d0%be%d1%80%d0%b8%d0%b8-%d1%82%d0%be%d0%b2%d0%b0%d1%80%d0%be%d0%b2\/"},{"@type":"ListItem","position":3,"name":"Naturehike &#8211; Panna ar nolok\u0101mu rokturi"}]},{"@type":"WebSite","@id":"https:\/\/gohike.lv\/ru\/#website","url":"https:\/\/gohike.lv\/ru\/","name":"GoHike","description":"","publisher":{"@id":"https:\/\/gohike.lv\/ru\/#organization"},"potentialAction":[{"@type":"SearchAction","target":{"@type":"EntryPoint","urlTemplate":"https:\/\/gohike.lv\/ru\/?s={search_term_string}"},"query-input":{"@type":"PropertyValueSpecification","valueRequired":true,"valueName":"search_term_string"}}],"inLanguage":"ru-RU"},{"@type":"Organization","@id":"https:\/\/gohike.lv\/ru\/#organization","name":"GoHike","url":"https:\/\/gohike.lv\/ru\/","logo":{"@type":"ImageObject","inLanguage":"ru-RU","@id":"https:\/\/gohike.lv\/ru\/#\/schema\/logo\/image\/","url":"https:\/\/gohike.lv\/wp-content\/uploads\/2023\/08\/Logo_GoHike.webp","contentUrl":"https:\/\/gohike.lv\/wp-content\/uploads\/2023\/08\/Logo_GoHike.webp","width":512,"height":512,"caption":"GoHike"},"image":{"@id":"https:\/\/gohike.lv\/ru\/#\/schema\/logo\/image\/"},"sameAs":["https:\/\/www.facebook.com\/gohike.shop\/","https:\/\/www.instagram.com\/gohike.shop\/"]}]}},"jetpack_sharing_enabled":true,"_links":{"self":[{"href":"https:\/\/gohike.lv\/ru\/wp-json\/wp\/v2\/product\/53083","targetHints":{"allow":["GET"]}}],"collection":[{"href":"https:\/\/gohike.lv\/ru\/wp-json\/wp\/v2\/product"}],"about":[{"href":"https:\/\/gohike.lv\/ru\/wp-json\/wp\/v2\/types\/product"}],"version-history":[{"count":0,"href":"https:\/\/gohike.lv\/ru\/wp-json\/wp\/v2\/product\/53083\/revisions"}],"wp:featuredmedia":[{"embeddable":true,"href":"https:\/\/gohike.lv\/ru\/wp-json\/wp\/v2\/media\/35489"}],"wp:attachment":[{"href":"https:\/\/gohike.lv\/ru\/wp-json\/wp\/v2\/media?parent=53083"}],"wp:term":[{"taxonomy":"product_brand","embeddable":true,"href":"https:\/\/gohike.lv\/ru\/wp-json\/wp\/v2\/product_brand?post=53083"},{"taxonomy":"product_cat","embeddable":true,"href":"https:\/\/gohike.lv\/ru\/wp-json\/wp\/v2\/product_cat?post=53083"},{"taxonomy":"product_tag","embeddable":true,"href":"https:\/\/gohike.lv\/ru\/wp-json\/wp\/v2\/product_tag?post=53083"}],"curies":[{"name":"wp","href":"https:\/\/api.w.org\/{rel}","templated":true}]}}