{"id":53081,"date":"2024-05-07T11:40:22","date_gmt":"2024-05-07T08:40:22","guid":{"rendered":"https:\/\/gohike.lv\/produkts\/naturehike-katls-ar-vaku\/"},"modified":"2025-09-19T06:37:12","modified_gmt":"2025-09-19T03:37:12","slug":"naturehike-katls-ar-vaku","status":"publish","type":"product","link":"https:\/\/gohike.lv\/ru\/produkts\/naturehike-katls-ar-vaku\/","title":{"rendered":"Naturehike &#8212; Katls ar v\u0101ku"},"content":{"rendered":"<p>Galvenais materi\u0101ls, no kura izgatavots katls, ir alum\u012bnija sakaus\u0113jums.<br \/>\nTas \u0101tri un vienm\u0113r\u012bgi uzsilst, samazinot gatavo\u0161anas laiku.<br \/>\nRa\u017eo\u0161an\u0101 tiek izmantotas ar\u012b vair\u0101kas ner\u016bs\u0113jo\u0161\u0101 t\u0113rauda kategorijas: 304 un 201.<br \/>\n\u0160ie met\u0101li nerea\u0123\u0113 ar p\u0101rtiku un \u016bdeni, nepie\u0161\u0137ir sve\u0161u gar\u0161u vai smaku un ir piln\u012bgi dro\u0161i lieto\u0161an\u0101.<br \/>\nPannai ir nepiedego\u0161s p\u0101rkl\u0101jums, t\u0101p\u0113c \u0113diens nepiedeg, pat gatavojot, neizmantojot e\u013c\u013cu.<br \/>\nTurkl\u0101t p\u0101rkl\u0101jums atvieglo virsmas not\u012br\u012b\u0161anu no net\u012brumiem. Apak\u0161da\u013cas biezums sasniedz apm\u0113ram 5 mm, saglab\u0101jot trauku karstu ilg\u0101ku laiku.<br \/>\nGatavo\u0161anas laik\u0101 pannu var aizv\u0113rt ar v\u0101ku ar koka rokturi, kas ir iek\u013cauts komplekt\u0101. V\u0101kam ir vair\u0101ki caurumi tvaika izvad\u012b\u0161anai.<br \/>\nMet\u0101la rokturis, kas ieb\u016bv\u0113ts pa\u0161\u0101 pann\u0101, \u013cauj \u0113rti piek\u0101rt katlu virs uguns.<br \/>\nRaksturlielumi:<br \/>\nMateri\u0101li: alum\u012bnijs, 304. un 201. klases ner\u016bs\u0113jo\u0161ais t\u0113rauds;<br \/>\nApak\u0161da\u013cas biezums 5 mm;<br \/>\nNepiedego\u0161s p\u0101rkl\u0101jums;<br \/>\nIzm\u0113ri: 340 x 325 x 130 mm;<br \/>\nSvars: 1,6 kg;<br \/>\nKomplekt\u0101 ietilpst v\u0101ks ar koka rokturi un soma uzglab\u0101\u0161anai.<\/p>\n","protected":false},"excerpt":{"rendered":"<p>Naturehike katls ar v\u0101ku.<\/p>\n","protected":false},"featured_media":35477,"template":"","meta":[],"product_brand":[167],"product_cat":[9447,1012],"product_tag":[],"class_list":{"0":"post-53081","1":"product","2":"type-product","3":"status-publish","4":"has-post-thumbnail","6":"product_brand-naturehike-lv","7":"product_cat-izpardosana","8":"product_cat-virtuves-piederumi","9":"pa_izmeriscm-3432-513","10":"pa_materiali-201-nerusejosais-terauds","11":"pa_materiali-304-nerusejosais-terauds","12":"pa_materiali-aluminija-sakausejums","13":"pa_materiali-dizskabardis","14":"pa_produkta-tips-katli-un-pannas","15":"pa_spalva-melns","17":"first","18":"instock","19":"sale","20":"taxable","21":"shipping-taxable","22":"purchasable","23":"product-type-simple"},"raw_content":{"name":"Naturehike - Katls ar v\u0101ku","description":"Galvenais materi\u0101ls, no kura izgatavots katls, ir alum\u012bnija sakaus\u0113jums.\nTas \u0101tri un vienm\u0113r\u012bgi uzsilst, samazinot gatavo\u0161anas laiku.\nRa\u017eo\u0161an\u0101 tiek izmantotas ar\u012b vair\u0101kas ner\u016bs\u0113jo\u0161\u0101 t\u0113rauda kategorijas: 304 un 201.\n\u0160ie met\u0101li nerea\u0123\u0113 ar p\u0101rtiku un \u016bdeni, nepie\u0161\u0137ir sve\u0161u gar\u0161u vai smaku un ir piln\u012bgi dro\u0161i lieto\u0161an\u0101.\nPannai ir nepiedego\u0161s p\u0101rkl\u0101jums, t\u0101p\u0113c \u0113diens nepiedeg, pat gatavojot, neizmantojot e\u013c\u013cu.\nTurkl\u0101t p\u0101rkl\u0101jums atvieglo virsmas not\u012br\u012b\u0161anu no net\u012brumiem. Apak\u0161da\u013cas biezums sasniedz apm\u0113ram 5 mm, saglab\u0101jot trauku karstu ilg\u0101ku laiku.\nGatavo\u0161anas laik\u0101 pannu var aizv\u0113rt ar v\u0101ku ar koka rokturi, kas ir iek\u013cauts komplekt\u0101. V\u0101kam ir vair\u0101ki caurumi tvaika izvad\u012b\u0161anai.\nMet\u0101la rokturis, kas ieb\u016bv\u0113ts pa\u0161\u0101 pann\u0101, \u013cauj \u0113rti piek\u0101rt katlu virs uguns.\nRaksturlielumi:\nMateri\u0101li: alum\u012bnijs, 304. un 201. klases ner\u016bs\u0113jo\u0161ais t\u0113rauds;\nApak\u0161da\u013cas biezums 5 mm;\nNepiedego\u0161s p\u0101rkl\u0101jums;\nIzm\u0113ri: 340 x 325 x 130 mm;\nSvars: 1,6 kg;\nKomplekt\u0101 ietilpst v\u0101ks ar koka rokturi un soma uzglab\u0101\u0161anai.","short_description":"Naturehike katls ar v\u0101ku.","status":"publish","sku":"6976023925245","original":53081},"wpml":{"translation_type":1,"has_translations":true,"original":53081,"duplicates":[],"translations":{"lv":53081,"en":68561,"ru":null}},"supplier_id":null,"supplier_sku":"","barcode":null,"atum_controlled":true,"out_stock_date":null,"out_stock_threshold":null,"inheritable":false,"inbound_stock":0,"stock_on_hold":0,"sold_today":0,"sales_last_days":0,"reserved_stock":0,"customer_returns":0,"warehouse_damage":0,"lost_in_post":0,"other_logs":0,"out_stock_days":0,"lost_sales":0,"has_location":false,"update_date":"2025-11-13T14:07:21","atum_locations":[],"atum_stock_status":"instock","restock_status":false,"low_stock_amount":"","sales_update_date":"2025-11-13T14:07:21","calc_backorders":null,"yoast_head":"<!-- This site is optimized with the Yoast SEO plugin v27.3 - https:\/\/yoast.com\/product\/yoast-seo-wordpress\/ -->\n<title>Naturehike - Katls ar v\u0101ku<\/title>\n<meta name=\"description\" content=\"Naturehike katls ar v\u0101ku. Tas \u0101tri un vienm\u0113r\u012bgi uzsilst, samazinot gatavo\u0161anas laiku.\" \/>\n<meta name=\"robots\" content=\"index, follow, max-snippet:-1, max-image-preview:large, max-video-preview:-1\" \/>\n<link rel=\"canonical\" href=\"https:\/\/gohike.lv\/ru\/produkts\/naturehike-katls-ar-vaku\/\" \/>\n<meta property=\"og:locale\" content=\"ru_RU\" \/>\n<meta property=\"og:type\" content=\"article\" \/>\n<meta property=\"og:title\" content=\"Naturehike - Katls ar v\u0101ku\" \/>\n<meta property=\"og:description\" content=\"Naturehike katls ar v\u0101ku. Tas \u0101tri un vienm\u0113r\u012bgi uzsilst, samazinot gatavo\u0161anas laiku.\" \/>\n<meta property=\"og:url\" content=\"https:\/\/gohike.lv\/ru\/produkts\/naturehike-katls-ar-vaku\/\" \/>\n<meta property=\"og:site_name\" content=\"GoHike\" \/>\n<meta property=\"article:publisher\" content=\"https:\/\/www.facebook.com\/gohike.shop\/\" \/>\n<meta property=\"article:modified_time\" content=\"2025-09-19T03:37:12+00:00\" \/>\n<meta property=\"og:image\" content=\"https:\/\/gohike.lv\/wp-content\/uploads\/2024\/04\/SaucePanWithLid_-1.webp\" \/>\n\t<meta property=\"og:image:width\" content=\"790\" \/>\n\t<meta property=\"og:image:height\" content=\"790\" \/>\n\t<meta property=\"og:image:type\" content=\"image\/webp\" \/>\n<meta name=\"twitter:card\" content=\"summary_large_image\" \/>\n<meta name=\"twitter:title\" content=\"Naturehike - Katls ar v\u0101ku\" \/>\n<meta name=\"twitter:label1\" content=\"\u041f\u0440\u0438\u043c\u0435\u0440\u043d\u043e\u0435 \u0432\u0440\u0435\u043c\u044f \u0434\u043b\u044f \u0447\u0442\u0435\u043d\u0438\u044f\" \/>\n\t<meta name=\"twitter:data1\" content=\"1 \u043c\u0438\u043d\u0443\u0442\u0430\" \/>\n<script type=\"application\/ld+json\" class=\"yoast-schema-graph\">{\"@context\":\"https:\\\/\\\/schema.org\",\"@graph\":[{\"@type\":[\"WebPage\",\"ItemPage\"],\"@id\":\"https:\\\/\\\/gohike.lv\\\/ru\\\/produkts\\\/naturehike-katls-ar-vaku\\\/\",\"url\":\"https:\\\/\\\/gohike.lv\\\/ru\\\/produkts\\\/naturehike-katls-ar-vaku\\\/\",\"name\":\"Naturehike - Katls ar v\u0101ku\",\"isPartOf\":{\"@id\":\"https:\\\/\\\/gohike.lv\\\/ru\\\/#website\"},\"primaryImageOfPage\":{\"@id\":\"https:\\\/\\\/gohike.lv\\\/ru\\\/produkts\\\/naturehike-katls-ar-vaku\\\/#primaryimage\"},\"image\":{\"@id\":\"https:\\\/\\\/gohike.lv\\\/ru\\\/produkts\\\/naturehike-katls-ar-vaku\\\/#primaryimage\"},\"thumbnailUrl\":\"https:\\\/\\\/gohike.lv\\\/wp-content\\\/uploads\\\/2024\\\/04\\\/SaucePanWithLid_-1.webp\",\"datePublished\":\"2024-05-07T08:40:22+00:00\",\"dateModified\":\"2025-09-19T03:37:12+00:00\",\"description\":\"Naturehike katls ar v\u0101ku. Tas \u0101tri un vienm\u0113r\u012bgi uzsilst, samazinot gatavo\u0161anas laiku.\",\"breadcrumb\":{\"@id\":\"https:\\\/\\\/gohike.lv\\\/ru\\\/produkts\\\/naturehike-katls-ar-vaku\\\/#breadcrumb\"},\"inLanguage\":\"ru-RU\",\"potentialAction\":[{\"@type\":\"ReadAction\",\"target\":[\"https:\\\/\\\/gohike.lv\\\/ru\\\/produkts\\\/naturehike-katls-ar-vaku\\\/\"]}]},{\"@type\":\"ImageObject\",\"inLanguage\":\"ru-RU\",\"@id\":\"https:\\\/\\\/gohike.lv\\\/ru\\\/produkts\\\/naturehike-katls-ar-vaku\\\/#primaryimage\",\"url\":\"https:\\\/\\\/gohike.lv\\\/wp-content\\\/uploads\\\/2024\\\/04\\\/SaucePanWithLid_-1.webp\",\"contentUrl\":\"https:\\\/\\\/gohike.lv\\\/wp-content\\\/uploads\\\/2024\\\/04\\\/SaucePanWithLid_-1.webp\",\"width\":790,\"height\":790},{\"@type\":\"BreadcrumbList\",\"@id\":\"https:\\\/\\\/gohike.lv\\\/ru\\\/produkts\\\/naturehike-katls-ar-vaku\\\/#breadcrumb\",\"itemListElement\":[{\"@type\":\"ListItem\",\"position\":1,\"name\":\"\u0413\u043b\u0430\u0432\u043d\u0430\u044f\",\"item\":\"https:\\\/\\\/gohike.lv\\\/ru\\\/\"},{\"@type\":\"ListItem\",\"position\":2,\"name\":\"\u041a\u0430\u0442\u0435\u0433\u043e\u0440\u0438\u0438 \u0442\u043e\u0432\u0430\u0440\u043e\u0432\",\"item\":\"https:\\\/\\\/gohike.lv\\\/%d0%ba%d0%b0%d1%82%d0%b5%d0%b3%d0%be%d1%80%d0%b8%d0%b8-%d1%82%d0%be%d0%b2%d0%b0%d1%80%d0%be%d0%b2\\\/\"},{\"@type\":\"ListItem\",\"position\":3,\"name\":\"Naturehike &#8211; Katls ar v\u0101ku\"}]},{\"@type\":\"WebSite\",\"@id\":\"https:\\\/\\\/gohike.lv\\\/ru\\\/#website\",\"url\":\"https:\\\/\\\/gohike.lv\\\/ru\\\/\",\"name\":\"GoHike\",\"description\":\"\",\"publisher\":{\"@id\":\"https:\\\/\\\/gohike.lv\\\/ru\\\/#organization\"},\"potentialAction\":[{\"@type\":\"SearchAction\",\"target\":{\"@type\":\"EntryPoint\",\"urlTemplate\":\"https:\\\/\\\/gohike.lv\\\/ru\\\/?s={search_term_string}\"},\"query-input\":{\"@type\":\"PropertyValueSpecification\",\"valueRequired\":true,\"valueName\":\"search_term_string\"}}],\"inLanguage\":\"ru-RU\"},{\"@type\":\"Organization\",\"@id\":\"https:\\\/\\\/gohike.lv\\\/ru\\\/#organization\",\"name\":\"GoHike\",\"url\":\"https:\\\/\\\/gohike.lv\\\/ru\\\/\",\"logo\":{\"@type\":\"ImageObject\",\"inLanguage\":\"ru-RU\",\"@id\":\"https:\\\/\\\/gohike.lv\\\/ru\\\/#\\\/schema\\\/logo\\\/image\\\/\",\"url\":\"https:\\\/\\\/gohike.lv\\\/wp-content\\\/uploads\\\/2023\\\/08\\\/Logo_GoHike.webp\",\"contentUrl\":\"https:\\\/\\\/gohike.lv\\\/wp-content\\\/uploads\\\/2023\\\/08\\\/Logo_GoHike.webp\",\"width\":512,\"height\":512,\"caption\":\"GoHike\"},\"image\":{\"@id\":\"https:\\\/\\\/gohike.lv\\\/ru\\\/#\\\/schema\\\/logo\\\/image\\\/\"},\"sameAs\":[\"https:\\\/\\\/www.facebook.com\\\/gohike.shop\\\/\",\"https:\\\/\\\/www.instagram.com\\\/gohike.shop\\\/\"]}]}<\/script>\n<!-- \/ Yoast SEO plugin. -->","yoast_head_json":{"title":"Naturehike - Katls ar v\u0101ku","description":"Naturehike katls ar v\u0101ku. Tas \u0101tri un vienm\u0113r\u012bgi uzsilst, samazinot gatavo\u0161anas laiku.","robots":{"index":"index","follow":"follow","max-snippet":"max-snippet:-1","max-image-preview":"max-image-preview:large","max-video-preview":"max-video-preview:-1"},"canonical":"https:\/\/gohike.lv\/ru\/produkts\/naturehike-katls-ar-vaku\/","og_locale":"ru_RU","og_type":"article","og_title":"Naturehike - Katls ar v\u0101ku","og_description":"Naturehike katls ar v\u0101ku. Tas \u0101tri un vienm\u0113r\u012bgi uzsilst, samazinot gatavo\u0161anas laiku.","og_url":"https:\/\/gohike.lv\/ru\/produkts\/naturehike-katls-ar-vaku\/","og_site_name":"GoHike","article_publisher":"https:\/\/www.facebook.com\/gohike.shop\/","article_modified_time":"2025-09-19T03:37:12+00:00","og_image":[{"width":790,"height":790,"url":"https:\/\/gohike.lv\/wp-content\/uploads\/2024\/04\/SaucePanWithLid_-1.webp","type":"image\/webp"}],"twitter_card":"summary_large_image","twitter_title":"Naturehike - Katls ar v\u0101ku","twitter_misc":{"\u041f\u0440\u0438\u043c\u0435\u0440\u043d\u043e\u0435 \u0432\u0440\u0435\u043c\u044f \u0434\u043b\u044f \u0447\u0442\u0435\u043d\u0438\u044f":"1 \u043c\u0438\u043d\u0443\u0442\u0430"},"schema":{"@context":"https:\/\/schema.org","@graph":[{"@type":["WebPage","ItemPage"],"@id":"https:\/\/gohike.lv\/ru\/produkts\/naturehike-katls-ar-vaku\/","url":"https:\/\/gohike.lv\/ru\/produkts\/naturehike-katls-ar-vaku\/","name":"Naturehike - Katls ar v\u0101ku","isPartOf":{"@id":"https:\/\/gohike.lv\/ru\/#website"},"primaryImageOfPage":{"@id":"https:\/\/gohike.lv\/ru\/produkts\/naturehike-katls-ar-vaku\/#primaryimage"},"image":{"@id":"https:\/\/gohike.lv\/ru\/produkts\/naturehike-katls-ar-vaku\/#primaryimage"},"thumbnailUrl":"https:\/\/gohike.lv\/wp-content\/uploads\/2024\/04\/SaucePanWithLid_-1.webp","datePublished":"2024-05-07T08:40:22+00:00","dateModified":"2025-09-19T03:37:12+00:00","description":"Naturehike katls ar v\u0101ku. Tas \u0101tri un vienm\u0113r\u012bgi uzsilst, samazinot gatavo\u0161anas laiku.","breadcrumb":{"@id":"https:\/\/gohike.lv\/ru\/produkts\/naturehike-katls-ar-vaku\/#breadcrumb"},"inLanguage":"ru-RU","potentialAction":[{"@type":"ReadAction","target":["https:\/\/gohike.lv\/ru\/produkts\/naturehike-katls-ar-vaku\/"]}]},{"@type":"ImageObject","inLanguage":"ru-RU","@id":"https:\/\/gohike.lv\/ru\/produkts\/naturehike-katls-ar-vaku\/#primaryimage","url":"https:\/\/gohike.lv\/wp-content\/uploads\/2024\/04\/SaucePanWithLid_-1.webp","contentUrl":"https:\/\/gohike.lv\/wp-content\/uploads\/2024\/04\/SaucePanWithLid_-1.webp","width":790,"height":790},{"@type":"BreadcrumbList","@id":"https:\/\/gohike.lv\/ru\/produkts\/naturehike-katls-ar-vaku\/#breadcrumb","itemListElement":[{"@type":"ListItem","position":1,"name":"\u0413\u043b\u0430\u0432\u043d\u0430\u044f","item":"https:\/\/gohike.lv\/ru\/"},{"@type":"ListItem","position":2,"name":"\u041a\u0430\u0442\u0435\u0433\u043e\u0440\u0438\u0438 \u0442\u043e\u0432\u0430\u0440\u043e\u0432","item":"https:\/\/gohike.lv\/%d0%ba%d0%b0%d1%82%d0%b5%d0%b3%d0%be%d1%80%d0%b8%d0%b8-%d1%82%d0%be%d0%b2%d0%b0%d1%80%d0%be%d0%b2\/"},{"@type":"ListItem","position":3,"name":"Naturehike &#8211; Katls ar v\u0101ku"}]},{"@type":"WebSite","@id":"https:\/\/gohike.lv\/ru\/#website","url":"https:\/\/gohike.lv\/ru\/","name":"GoHike","description":"","publisher":{"@id":"https:\/\/gohike.lv\/ru\/#organization"},"potentialAction":[{"@type":"SearchAction","target":{"@type":"EntryPoint","urlTemplate":"https:\/\/gohike.lv\/ru\/?s={search_term_string}"},"query-input":{"@type":"PropertyValueSpecification","valueRequired":true,"valueName":"search_term_string"}}],"inLanguage":"ru-RU"},{"@type":"Organization","@id":"https:\/\/gohike.lv\/ru\/#organization","name":"GoHike","url":"https:\/\/gohike.lv\/ru\/","logo":{"@type":"ImageObject","inLanguage":"ru-RU","@id":"https:\/\/gohike.lv\/ru\/#\/schema\/logo\/image\/","url":"https:\/\/gohike.lv\/wp-content\/uploads\/2023\/08\/Logo_GoHike.webp","contentUrl":"https:\/\/gohike.lv\/wp-content\/uploads\/2023\/08\/Logo_GoHike.webp","width":512,"height":512,"caption":"GoHike"},"image":{"@id":"https:\/\/gohike.lv\/ru\/#\/schema\/logo\/image\/"},"sameAs":["https:\/\/www.facebook.com\/gohike.shop\/","https:\/\/www.instagram.com\/gohike.shop\/"]}]}},"jetpack_sharing_enabled":true,"_links":{"self":[{"href":"https:\/\/gohike.lv\/ru\/wp-json\/wp\/v2\/product\/53081","targetHints":{"allow":["GET"]}}],"collection":[{"href":"https:\/\/gohike.lv\/ru\/wp-json\/wp\/v2\/product"}],"about":[{"href":"https:\/\/gohike.lv\/ru\/wp-json\/wp\/v2\/types\/product"}],"version-history":[{"count":0,"href":"https:\/\/gohike.lv\/ru\/wp-json\/wp\/v2\/product\/53081\/revisions"}],"wp:featuredmedia":[{"embeddable":true,"href":"https:\/\/gohike.lv\/ru\/wp-json\/wp\/v2\/media\/35477"}],"wp:attachment":[{"href":"https:\/\/gohike.lv\/ru\/wp-json\/wp\/v2\/media?parent=53081"}],"wp:term":[{"taxonomy":"product_brand","embeddable":true,"href":"https:\/\/gohike.lv\/ru\/wp-json\/wp\/v2\/product_brand?post=53081"},{"taxonomy":"product_cat","embeddable":true,"href":"https:\/\/gohike.lv\/ru\/wp-json\/wp\/v2\/product_cat?post=53081"},{"taxonomy":"product_tag","embeddable":true,"href":"https:\/\/gohike.lv\/ru\/wp-json\/wp\/v2\/product_tag?post=53081"}],"curies":[{"name":"wp","href":"https:\/\/api.w.org\/{rel}","templated":true}]}}