{"id":53079,"date":"2024-05-07T11:40:22","date_gmt":"2024-05-07T08:40:22","guid":{"rendered":"https:\/\/gohike.lv\/produkts\/naturehike-risu-katls\/"},"modified":"2025-09-19T20:22:35","modified_gmt":"2025-09-19T17:22:35","slug":"naturehike-risu-katls","status":"publish","type":"product","link":"https:\/\/gohike.lv\/ru\/produkts\/naturehike-risu-katls\/","title":{"rendered":"Naturehike &#8212; Katls"},"content":{"rendered":"<p>Ra\u017eots no alum\u012bnija sakaus\u0113juma.<br \/>\nMet\u0101ls nodro\u0161ina \u0101tru uzsild\u012b\u0161anu, kas \u013cauj samazin\u0101t gatavo\u0161anas laiku.<br \/>\nIek\u0161pus\u0113 ir nepiedego\u0161s p\u0101rkl\u0101jums, t\u0101p\u0113c \u0113diens nepiedegs ar\u012b kad netiek izmantota e\u013c\u013ca.<br \/>\nMet\u0101ls nav pak\u013cauts korozijai un ir viegli t\u012br\u0101ms &#8212; katls vienk\u0101r\u0161i j\u0101noskalo zem teko\u0161a \u016bdens un j\u0101noslauka.<br \/>\nPannas dibens ir apm\u0113ram 5 mm biezs un tas ilgsto\u0161i uztur pagatavoto \u0113dienu karstu.<br \/>\nPateicoties pl\u0101n\u0101m sien\u0101m, katls sver 1,3 kg, ieskaitot v\u0101ku ar tvaika atver\u0113m.<br \/>\nV\u0101ks ir apr\u012bkots ar koka rokturi. Atsevi\u0161\u0137s rokturis ir integr\u0113ts pa\u0161\u0101 pann\u0101 un paredz\u0113ts trauku piek\u0101r\u0161anai.<br \/>\nRaksturlielumi:<br \/>\nMateri\u0101li: alum\u012bnijs 304. un 201. markas t\u0113rauds;<br \/>\nNepiedego\u0161s p\u0101rkl\u0101jums;<br \/>\nApak\u0161da\u013cas biezums: 5 mm;<br \/>\nTrauki ir apr\u012bkoti ar met\u0101la rokturi piekarin\u0101\u0161anai.<br \/>\nIzm\u0113ri: 270 x 250 x 180 mm;<br \/>\nSvars: 1,3 kg;<br \/>\nKomplekt\u0101 ietilpst v\u0101ks ar koka rokturi un soma \u0113rtai transport\u0113\u0161anai.<\/p>\n","protected":false},"excerpt":{"rendered":"<p>Dzi\u013c\u0161 katls gatavo\u0161anai \u0101r\u0101.<\/p>\n","protected":false},"featured_media":35468,"template":"","meta":[],"product_brand":[167],"product_cat":[9447,1012],"product_tag":[],"class_list":{"0":"post-53079","1":"product","2":"type-product","3":"status-publish","4":"has-post-thumbnail","6":"product_brand-naturehike-lv","7":"product_cat-izpardosana","8":"product_cat-virtuves-piederumi","9":"pa_izmeriscm-10053","10":"pa_materiali-201-nerusejosais-terauds","11":"pa_materiali-304-nerusejosais-terauds","12":"pa_materiali-aluminija-sakausejums","13":"pa_materiali-dizskabardis","14":"pa_produkta-tips-katli-un-pannas","15":"pa_saliktas-preces-izmerscm-7818","16":"pa_spalva-melns","18":"first","19":"instock","20":"sale","21":"taxable","22":"shipping-taxable","23":"purchasable","24":"product-type-simple"},"raw_content":{"name":"Naturehike - Katls","description":"Ra\u017eots no alum\u012bnija sakaus\u0113juma.\nMet\u0101ls nodro\u0161ina \u0101tru uzsild\u012b\u0161anu, kas \u013cauj samazin\u0101t gatavo\u0161anas laiku.\nIek\u0161pus\u0113 ir nepiedego\u0161s p\u0101rkl\u0101jums, t\u0101p\u0113c \u0113diens nepiedegs ar\u012b kad netiek izmantota e\u013c\u013ca.\nMet\u0101ls nav pak\u013cauts korozijai un ir viegli t\u012br\u0101ms - katls vienk\u0101r\u0161i j\u0101noskalo zem teko\u0161a \u016bdens un j\u0101noslauka.\nPannas dibens ir apm\u0113ram 5 mm biezs un tas ilgsto\u0161i uztur pagatavoto \u0113dienu karstu.\nPateicoties pl\u0101n\u0101m sien\u0101m, katls sver 1,3 kg, ieskaitot v\u0101ku ar tvaika atver\u0113m.\nV\u0101ks ir apr\u012bkots ar koka rokturi. Atsevi\u0161\u0137s rokturis ir integr\u0113ts pa\u0161\u0101 pann\u0101 un paredz\u0113ts trauku piek\u0101r\u0161anai.\nRaksturlielumi:\nMateri\u0101li: alum\u012bnijs 304. un 201. markas t\u0113rauds;\nNepiedego\u0161s p\u0101rkl\u0101jums;\nApak\u0161da\u013cas biezums: 5 mm;\nTrauki ir apr\u012bkoti ar met\u0101la rokturi piekarin\u0101\u0161anai.\nIzm\u0113ri: 270 x 250 x 180 mm;\nSvars: 1,3 kg;\nKomplekt\u0101 ietilpst v\u0101ks ar koka rokturi un soma \u0113rtai transport\u0113\u0161anai.","short_description":"Dzi\u013c\u0161 katls gatavo\u0161anai \u0101r\u0101.","status":"publish","sku":"6976023925481","original":53079},"wpml":{"translation_type":1,"has_translations":true,"original":53079,"duplicates":[],"translations":{"lv":53079,"en":68562,"ru":null}},"supplier_id":null,"supplier_sku":"","barcode":null,"atum_controlled":true,"out_stock_date":null,"out_stock_threshold":null,"inheritable":false,"inbound_stock":0,"stock_on_hold":0,"sold_today":0,"sales_last_days":0,"reserved_stock":0,"customer_returns":0,"warehouse_damage":0,"lost_in_post":0,"other_logs":0,"out_stock_days":0,"lost_sales":0,"has_location":false,"update_date":"2025-11-13T14:07:22","atum_locations":[],"atum_stock_status":"instock","restock_status":false,"low_stock_amount":"","sales_update_date":"2025-11-13T14:07:22","calc_backorders":null,"yoast_head":"<!-- This site is optimized with the Yoast SEO plugin v27.3 - https:\/\/yoast.com\/product\/yoast-seo-wordpress\/ -->\n<title>Naturehike - Katls<\/title>\n<meta name=\"description\" content=\"Dzi\u013c\u0161 katls gatavo\u0161anai \u0101r\u0101. Ra\u017eots no alum\u012bnija sakaus\u0113juma. Iek\u0161pus\u0113 ir nepiedego\u0161s p\u0101rkl\u0101jums, t\u0101p\u0113c \u0113diens nepiedegs ar\u012b kad netiek izmantota e\u013c\u013ca.\" \/>\n<meta name=\"robots\" content=\"index, follow, max-snippet:-1, max-image-preview:large, max-video-preview:-1\" \/>\n<link rel=\"canonical\" href=\"https:\/\/gohike.lv\/ru\/produkts\/naturehike-risu-katls\/\" \/>\n<meta property=\"og:locale\" content=\"ru_RU\" \/>\n<meta property=\"og:type\" content=\"article\" \/>\n<meta property=\"og:title\" content=\"Naturehike - R\u012bsu pl\u012bts\" \/>\n<meta property=\"og:description\" content=\"Dzi\u013c\u0161 katls gatavo\u0161anai \u0101r\u0101. Ra\u017eots no alum\u012bnija sakaus\u0113juma. Iek\u0161pus\u0113 ir nepiedego\u0161s p\u0101rkl\u0101jums, t\u0101p\u0113c \u0113diens nepiedegs ar\u012b kad netiek izmantota e\u013c\u013ca.\" \/>\n<meta property=\"og:url\" content=\"https:\/\/gohike.lv\/ru\/produkts\/naturehike-risu-katls\/\" \/>\n<meta property=\"og:site_name\" content=\"GoHike\" \/>\n<meta property=\"article:publisher\" content=\"https:\/\/www.facebook.com\/gohike.shop\/\" \/>\n<meta property=\"article:modified_time\" content=\"2025-09-19T17:22:35+00:00\" \/>\n<meta property=\"og:image\" content=\"https:\/\/gohike.lv\/wp-content\/uploads\/2024\/04\/EnergyCooker_RiceCooker-1.webp\" \/>\n\t<meta property=\"og:image:width\" content=\"790\" \/>\n\t<meta property=\"og:image:height\" content=\"790\" \/>\n\t<meta property=\"og:image:type\" content=\"image\/webp\" \/>\n<meta name=\"twitter:card\" content=\"summary_large_image\" \/>\n<meta name=\"twitter:title\" content=\"Naturehike - R\u012bsu pl\u012bts\" \/>\n<meta name=\"twitter:label1\" content=\"\u041f\u0440\u0438\u043c\u0435\u0440\u043d\u043e\u0435 \u0432\u0440\u0435\u043c\u044f \u0434\u043b\u044f \u0447\u0442\u0435\u043d\u0438\u044f\" \/>\n\t<meta name=\"twitter:data1\" content=\"1 \u043c\u0438\u043d\u0443\u0442\u0430\" \/>\n<script type=\"application\/ld+json\" class=\"yoast-schema-graph\">{\"@context\":\"https:\\\/\\\/schema.org\",\"@graph\":[{\"@type\":[\"WebPage\",\"ItemPage\"],\"@id\":\"https:\\\/\\\/gohike.lv\\\/ru\\\/produkts\\\/naturehike-risu-katls\\\/\",\"url\":\"https:\\\/\\\/gohike.lv\\\/ru\\\/produkts\\\/naturehike-risu-katls\\\/\",\"name\":\"Naturehike - Katls\",\"isPartOf\":{\"@id\":\"https:\\\/\\\/gohike.lv\\\/ru\\\/#website\"},\"primaryImageOfPage\":{\"@id\":\"https:\\\/\\\/gohike.lv\\\/ru\\\/produkts\\\/naturehike-risu-katls\\\/#primaryimage\"},\"image\":{\"@id\":\"https:\\\/\\\/gohike.lv\\\/ru\\\/produkts\\\/naturehike-risu-katls\\\/#primaryimage\"},\"thumbnailUrl\":\"https:\\\/\\\/gohike.lv\\\/wp-content\\\/uploads\\\/2024\\\/04\\\/EnergyCooker_RiceCooker-1.webp\",\"datePublished\":\"2024-05-07T08:40:22+00:00\",\"dateModified\":\"2025-09-19T17:22:35+00:00\",\"description\":\"Dzi\u013c\u0161 katls gatavo\u0161anai \u0101r\u0101. Ra\u017eots no alum\u012bnija sakaus\u0113juma. Iek\u0161pus\u0113 ir nepiedego\u0161s p\u0101rkl\u0101jums, t\u0101p\u0113c \u0113diens nepiedegs ar\u012b kad netiek izmantota e\u013c\u013ca.\",\"breadcrumb\":{\"@id\":\"https:\\\/\\\/gohike.lv\\\/ru\\\/produkts\\\/naturehike-risu-katls\\\/#breadcrumb\"},\"inLanguage\":\"ru-RU\",\"potentialAction\":[{\"@type\":\"ReadAction\",\"target\":[\"https:\\\/\\\/gohike.lv\\\/ru\\\/produkts\\\/naturehike-risu-katls\\\/\"]}]},{\"@type\":\"ImageObject\",\"inLanguage\":\"ru-RU\",\"@id\":\"https:\\\/\\\/gohike.lv\\\/ru\\\/produkts\\\/naturehike-risu-katls\\\/#primaryimage\",\"url\":\"https:\\\/\\\/gohike.lv\\\/wp-content\\\/uploads\\\/2024\\\/04\\\/EnergyCooker_RiceCooker-1.webp\",\"contentUrl\":\"https:\\\/\\\/gohike.lv\\\/wp-content\\\/uploads\\\/2024\\\/04\\\/EnergyCooker_RiceCooker-1.webp\",\"width\":790,\"height\":790},{\"@type\":\"BreadcrumbList\",\"@id\":\"https:\\\/\\\/gohike.lv\\\/ru\\\/produkts\\\/naturehike-risu-katls\\\/#breadcrumb\",\"itemListElement\":[{\"@type\":\"ListItem\",\"position\":1,\"name\":\"\u0413\u043b\u0430\u0432\u043d\u0430\u044f\",\"item\":\"https:\\\/\\\/gohike.lv\\\/ru\\\/\"},{\"@type\":\"ListItem\",\"position\":2,\"name\":\"\u041a\u0430\u0442\u0435\u0433\u043e\u0440\u0438\u0438 \u0442\u043e\u0432\u0430\u0440\u043e\u0432\",\"item\":\"https:\\\/\\\/gohike.lv\\\/%d0%ba%d0%b0%d1%82%d0%b5%d0%b3%d0%be%d1%80%d0%b8%d0%b8-%d1%82%d0%be%d0%b2%d0%b0%d1%80%d0%be%d0%b2\\\/\"},{\"@type\":\"ListItem\",\"position\":3,\"name\":\"Naturehike &#8211; Katls\"}]},{\"@type\":\"WebSite\",\"@id\":\"https:\\\/\\\/gohike.lv\\\/ru\\\/#website\",\"url\":\"https:\\\/\\\/gohike.lv\\\/ru\\\/\",\"name\":\"GoHike\",\"description\":\"\",\"publisher\":{\"@id\":\"https:\\\/\\\/gohike.lv\\\/ru\\\/#organization\"},\"potentialAction\":[{\"@type\":\"SearchAction\",\"target\":{\"@type\":\"EntryPoint\",\"urlTemplate\":\"https:\\\/\\\/gohike.lv\\\/ru\\\/?s={search_term_string}\"},\"query-input\":{\"@type\":\"PropertyValueSpecification\",\"valueRequired\":true,\"valueName\":\"search_term_string\"}}],\"inLanguage\":\"ru-RU\"},{\"@type\":\"Organization\",\"@id\":\"https:\\\/\\\/gohike.lv\\\/ru\\\/#organization\",\"name\":\"GoHike\",\"url\":\"https:\\\/\\\/gohike.lv\\\/ru\\\/\",\"logo\":{\"@type\":\"ImageObject\",\"inLanguage\":\"ru-RU\",\"@id\":\"https:\\\/\\\/gohike.lv\\\/ru\\\/#\\\/schema\\\/logo\\\/image\\\/\",\"url\":\"https:\\\/\\\/gohike.lv\\\/wp-content\\\/uploads\\\/2023\\\/08\\\/Logo_GoHike.webp\",\"contentUrl\":\"https:\\\/\\\/gohike.lv\\\/wp-content\\\/uploads\\\/2023\\\/08\\\/Logo_GoHike.webp\",\"width\":512,\"height\":512,\"caption\":\"GoHike\"},\"image\":{\"@id\":\"https:\\\/\\\/gohike.lv\\\/ru\\\/#\\\/schema\\\/logo\\\/image\\\/\"},\"sameAs\":[\"https:\\\/\\\/www.facebook.com\\\/gohike.shop\\\/\",\"https:\\\/\\\/www.instagram.com\\\/gohike.shop\\\/\"]}]}<\/script>\n<!-- \/ Yoast SEO plugin. -->","yoast_head_json":{"title":"Naturehike - Katls","description":"Dzi\u013c\u0161 katls gatavo\u0161anai \u0101r\u0101. Ra\u017eots no alum\u012bnija sakaus\u0113juma. Iek\u0161pus\u0113 ir nepiedego\u0161s p\u0101rkl\u0101jums, t\u0101p\u0113c \u0113diens nepiedegs ar\u012b kad netiek izmantota e\u013c\u013ca.","robots":{"index":"index","follow":"follow","max-snippet":"max-snippet:-1","max-image-preview":"max-image-preview:large","max-video-preview":"max-video-preview:-1"},"canonical":"https:\/\/gohike.lv\/ru\/produkts\/naturehike-risu-katls\/","og_locale":"ru_RU","og_type":"article","og_title":"Naturehike - R\u012bsu pl\u012bts","og_description":"Dzi\u013c\u0161 katls gatavo\u0161anai \u0101r\u0101. Ra\u017eots no alum\u012bnija sakaus\u0113juma. Iek\u0161pus\u0113 ir nepiedego\u0161s p\u0101rkl\u0101jums, t\u0101p\u0113c \u0113diens nepiedegs ar\u012b kad netiek izmantota e\u013c\u013ca.","og_url":"https:\/\/gohike.lv\/ru\/produkts\/naturehike-risu-katls\/","og_site_name":"GoHike","article_publisher":"https:\/\/www.facebook.com\/gohike.shop\/","article_modified_time":"2025-09-19T17:22:35+00:00","og_image":[{"width":790,"height":790,"url":"https:\/\/gohike.lv\/wp-content\/uploads\/2024\/04\/EnergyCooker_RiceCooker-1.webp","type":"image\/webp"}],"twitter_card":"summary_large_image","twitter_title":"Naturehike - R\u012bsu pl\u012bts","twitter_misc":{"\u041f\u0440\u0438\u043c\u0435\u0440\u043d\u043e\u0435 \u0432\u0440\u0435\u043c\u044f \u0434\u043b\u044f \u0447\u0442\u0435\u043d\u0438\u044f":"1 \u043c\u0438\u043d\u0443\u0442\u0430"},"schema":{"@context":"https:\/\/schema.org","@graph":[{"@type":["WebPage","ItemPage"],"@id":"https:\/\/gohike.lv\/ru\/produkts\/naturehike-risu-katls\/","url":"https:\/\/gohike.lv\/ru\/produkts\/naturehike-risu-katls\/","name":"Naturehike - Katls","isPartOf":{"@id":"https:\/\/gohike.lv\/ru\/#website"},"primaryImageOfPage":{"@id":"https:\/\/gohike.lv\/ru\/produkts\/naturehike-risu-katls\/#primaryimage"},"image":{"@id":"https:\/\/gohike.lv\/ru\/produkts\/naturehike-risu-katls\/#primaryimage"},"thumbnailUrl":"https:\/\/gohike.lv\/wp-content\/uploads\/2024\/04\/EnergyCooker_RiceCooker-1.webp","datePublished":"2024-05-07T08:40:22+00:00","dateModified":"2025-09-19T17:22:35+00:00","description":"Dzi\u013c\u0161 katls gatavo\u0161anai \u0101r\u0101. Ra\u017eots no alum\u012bnija sakaus\u0113juma. Iek\u0161pus\u0113 ir nepiedego\u0161s p\u0101rkl\u0101jums, t\u0101p\u0113c \u0113diens nepiedegs ar\u012b kad netiek izmantota e\u013c\u013ca.","breadcrumb":{"@id":"https:\/\/gohike.lv\/ru\/produkts\/naturehike-risu-katls\/#breadcrumb"},"inLanguage":"ru-RU","potentialAction":[{"@type":"ReadAction","target":["https:\/\/gohike.lv\/ru\/produkts\/naturehike-risu-katls\/"]}]},{"@type":"ImageObject","inLanguage":"ru-RU","@id":"https:\/\/gohike.lv\/ru\/produkts\/naturehike-risu-katls\/#primaryimage","url":"https:\/\/gohike.lv\/wp-content\/uploads\/2024\/04\/EnergyCooker_RiceCooker-1.webp","contentUrl":"https:\/\/gohike.lv\/wp-content\/uploads\/2024\/04\/EnergyCooker_RiceCooker-1.webp","width":790,"height":790},{"@type":"BreadcrumbList","@id":"https:\/\/gohike.lv\/ru\/produkts\/naturehike-risu-katls\/#breadcrumb","itemListElement":[{"@type":"ListItem","position":1,"name":"\u0413\u043b\u0430\u0432\u043d\u0430\u044f","item":"https:\/\/gohike.lv\/ru\/"},{"@type":"ListItem","position":2,"name":"\u041a\u0430\u0442\u0435\u0433\u043e\u0440\u0438\u0438 \u0442\u043e\u0432\u0430\u0440\u043e\u0432","item":"https:\/\/gohike.lv\/%d0%ba%d0%b0%d1%82%d0%b5%d0%b3%d0%be%d1%80%d0%b8%d0%b8-%d1%82%d0%be%d0%b2%d0%b0%d1%80%d0%be%d0%b2\/"},{"@type":"ListItem","position":3,"name":"Naturehike &#8211; Katls"}]},{"@type":"WebSite","@id":"https:\/\/gohike.lv\/ru\/#website","url":"https:\/\/gohike.lv\/ru\/","name":"GoHike","description":"","publisher":{"@id":"https:\/\/gohike.lv\/ru\/#organization"},"potentialAction":[{"@type":"SearchAction","target":{"@type":"EntryPoint","urlTemplate":"https:\/\/gohike.lv\/ru\/?s={search_term_string}"},"query-input":{"@type":"PropertyValueSpecification","valueRequired":true,"valueName":"search_term_string"}}],"inLanguage":"ru-RU"},{"@type":"Organization","@id":"https:\/\/gohike.lv\/ru\/#organization","name":"GoHike","url":"https:\/\/gohike.lv\/ru\/","logo":{"@type":"ImageObject","inLanguage":"ru-RU","@id":"https:\/\/gohike.lv\/ru\/#\/schema\/logo\/image\/","url":"https:\/\/gohike.lv\/wp-content\/uploads\/2023\/08\/Logo_GoHike.webp","contentUrl":"https:\/\/gohike.lv\/wp-content\/uploads\/2023\/08\/Logo_GoHike.webp","width":512,"height":512,"caption":"GoHike"},"image":{"@id":"https:\/\/gohike.lv\/ru\/#\/schema\/logo\/image\/"},"sameAs":["https:\/\/www.facebook.com\/gohike.shop\/","https:\/\/www.instagram.com\/gohike.shop\/"]}]}},"jetpack_sharing_enabled":true,"_links":{"self":[{"href":"https:\/\/gohike.lv\/ru\/wp-json\/wp\/v2\/product\/53079","targetHints":{"allow":["GET"]}}],"collection":[{"href":"https:\/\/gohike.lv\/ru\/wp-json\/wp\/v2\/product"}],"about":[{"href":"https:\/\/gohike.lv\/ru\/wp-json\/wp\/v2\/types\/product"}],"version-history":[{"count":0,"href":"https:\/\/gohike.lv\/ru\/wp-json\/wp\/v2\/product\/53079\/revisions"}],"wp:featuredmedia":[{"embeddable":true,"href":"https:\/\/gohike.lv\/ru\/wp-json\/wp\/v2\/media\/35468"}],"wp:attachment":[{"href":"https:\/\/gohike.lv\/ru\/wp-json\/wp\/v2\/media?parent=53079"}],"wp:term":[{"taxonomy":"product_brand","embeddable":true,"href":"https:\/\/gohike.lv\/ru\/wp-json\/wp\/v2\/product_brand?post=53079"},{"taxonomy":"product_cat","embeddable":true,"href":"https:\/\/gohike.lv\/ru\/wp-json\/wp\/v2\/product_cat?post=53079"},{"taxonomy":"product_tag","embeddable":true,"href":"https:\/\/gohike.lv\/ru\/wp-json\/wp\/v2\/product_tag?post=53079"}],"curies":[{"name":"wp","href":"https:\/\/api.w.org\/{rel}","templated":true}]}}