{"id":53077,"date":"2024-05-07T11:40:22","date_gmt":"2024-05-07T08:40:22","guid":{"rendered":"https:\/\/gohike.lv\/produkts\/naturehike-sukiyaki-katls\/"},"modified":"2025-09-19T06:37:04","modified_gmt":"2025-09-19T03:37:04","slug":"naturehike-sukiyaki-katls","status":"publish","type":"product","link":"https:\/\/gohike.lv\/ru\/produkts\/naturehike-sukiyaki-katls\/","title":{"rendered":"Naturehike &#8212; Sukiyaki katls"},"content":{"rendered":"<p>Virtuves trauku ra\u017eo\u0161an\u0101 tiek izmantots alum\u012bnijs, kas veicina pannas \u0101tru uzkar\u0161anu un pagarina t\u0101s kalpo\u0161anas laiku, k\u0101 ar\u012b 2 markas t\u0113rauds: 304 un 201.<br \/>\nT\u0113rauds ir ner\u016bs\u0113jo\u0161s un kars\u0113jot p\u0101rtikas produktiem neizdala gar\u0161as vai smakas.<br \/>\nVirtuves traukiem ir nepiedego\u0161s p\u0101rkl\u0101jums, kas ne\u013cauj \u0113dienam piedegt, \u013caujot pagatavot vesel\u012bgu \u0113dienu, neizmantojot e\u013c\u013cu.<br \/>\nP\u0101rkl\u0101jums atvieglo trauka t\u012br\u012b\u0161anu \u2013 vienk\u0101r\u0161i izskalojiet pannu zem teko\u0161a \u016bdens, lai no\u0146emtu p\u0101rtikas un tauku paliekas, p\u0113c tam noslaukiet virsmu ar t\u012bru dvieli.<br \/>\nApak\u0161da\u013cas biezums \u013cauj pagatavotos \u0113dienus ilgsto\u0161i uztur\u0113t siltus. Sien\u0101m ir minim\u0101lais biezums, kas \u013cauj samazin\u0101t svaru l\u012bdz 1 kg. Svars tiek \u0146emts v\u0113r\u0101 kop\u0101 ar v\u0101ku, kas n\u0101k komplekt\u0101.<br \/>\nV\u0101kam ir ventil\u0101cijas atveres, lai izpl\u016bstu tvaiks, un koka rokturis, kas nesakarst, ja tiek pak\u013cauts karstumam. Panna ir apr\u012bkota ar met\u0101la dubulto rokturi ar pakarin\u0101mo cilpu.<br \/>\nKomplekt\u0101 ietilpst glab\u0101\u0161anas futr\u0101lis ar r\u0101v\u0113jsl\u0113dz\u0113ja aizdari.<br \/>\nRaksturlielumi:<br \/>\nMateri\u0101li: alum\u012bnijs, 304. un 201. klases ner\u016bs\u0113jo\u0161ais t\u0113rauds;<br \/>\nApak\u0161da\u013cas biezums: 5 mm;<br \/>\nNepiedego\u0161s p\u0101rkl\u0101jums;<br \/>\nIzm\u0113ri: 250 x 227 x 110 mm;<br \/>\nSvars: 1 kg.<\/p>\n","protected":false},"excerpt":{"rendered":"<p>Katls ir paredz\u0113ts \u0113diena pagatavo\u0161anai kemping\u0101 vai p\u0101rg\u0101jien\u0101.<\/p>\n","protected":false},"featured_media":35456,"template":"","meta":[],"product_brand":[167],"product_cat":[9447,1012],"product_tag":[],"class_list":{"0":"post-53077","1":"product","2":"type-product","3":"status-publish","4":"has-post-thumbnail","6":"product_brand-naturehike-lv","7":"product_cat-izpardosana","8":"product_cat-virtuves-piederumi","9":"pa_izmeriscm-2522-711","10":"pa_materiali-201-nerusejosais-terauds","11":"pa_materiali-304-nerusejosais-terauds","12":"pa_materiali-aluminija-sakausejums","13":"pa_materiali-dizskabardis","14":"pa_produkta-tips-katli-un-pannas","15":"pa_spalva-melns","17":"first","18":"instock","19":"sale","20":"taxable","21":"shipping-taxable","22":"purchasable","23":"product-type-simple"},"raw_content":{"name":"Naturehike - Sukiyaki katls","description":"Virtuves trauku ra\u017eo\u0161an\u0101 tiek izmantots alum\u012bnijs, kas veicina pannas \u0101tru uzkar\u0161anu un pagarina t\u0101s kalpo\u0161anas laiku, k\u0101 ar\u012b 2 markas t\u0113rauds: 304 un 201.\nT\u0113rauds ir ner\u016bs\u0113jo\u0161s un kars\u0113jot p\u0101rtikas produktiem neizdala gar\u0161as vai smakas.\nVirtuves traukiem ir nepiedego\u0161s p\u0101rkl\u0101jums, kas ne\u013cauj \u0113dienam piedegt, \u013caujot pagatavot vesel\u012bgu \u0113dienu, neizmantojot e\u013c\u013cu.\nP\u0101rkl\u0101jums atvieglo trauka t\u012br\u012b\u0161anu \u2013 vienk\u0101r\u0161i izskalojiet pannu zem teko\u0161a \u016bdens, lai no\u0146emtu p\u0101rtikas un tauku paliekas, p\u0113c tam noslaukiet virsmu ar t\u012bru dvieli.\nApak\u0161da\u013cas biezums \u013cauj pagatavotos \u0113dienus ilgsto\u0161i uztur\u0113t siltus. Sien\u0101m ir minim\u0101lais biezums, kas \u013cauj samazin\u0101t svaru l\u012bdz 1 kg. Svars tiek \u0146emts v\u0113r\u0101 kop\u0101 ar v\u0101ku, kas n\u0101k komplekt\u0101.\nV\u0101kam ir ventil\u0101cijas atveres, lai izpl\u016bstu tvaiks, un koka rokturis, kas nesakarst, ja tiek pak\u013cauts karstumam. Panna ir apr\u012bkota ar met\u0101la dubulto rokturi ar pakarin\u0101mo cilpu.\nKomplekt\u0101 ietilpst glab\u0101\u0161anas futr\u0101lis ar r\u0101v\u0113jsl\u0113dz\u0113ja aizdari.\nRaksturlielumi:\nMateri\u0101li: alum\u012bnijs, 304. un 201. klases ner\u016bs\u0113jo\u0161ais t\u0113rauds;\nApak\u0161da\u013cas biezums: 5 mm;\nNepiedego\u0161s p\u0101rkl\u0101jums;\nIzm\u0113ri: 250 x 227 x 110 mm;\nSvars: 1 kg.","short_description":"Katls ir paredz\u0113ts \u0113diena pagatavo\u0161anai kemping\u0101 vai p\u0101rg\u0101jien\u0101.","status":"publish","sku":"6976023926730","original":53077},"wpml":{"translation_type":1,"has_translations":true,"original":53077,"duplicates":[],"translations":{"lv":53077,"en":68563,"ru":null}},"supplier_id":null,"supplier_sku":"","barcode":null,"atum_controlled":true,"out_stock_date":null,"out_stock_threshold":null,"inheritable":false,"inbound_stock":0,"stock_on_hold":0,"sold_today":0,"sales_last_days":0,"reserved_stock":0,"customer_returns":0,"warehouse_damage":0,"lost_in_post":0,"other_logs":0,"out_stock_days":0,"lost_sales":0,"has_location":false,"update_date":"2025-11-13T14:07:21","atum_locations":[],"atum_stock_status":"instock","restock_status":false,"low_stock_amount":"","sales_update_date":"2025-11-13T14:07:21","calc_backorders":null,"yoast_head":"<!-- This site is optimized with the Yoast SEO plugin v27.3 - https:\/\/yoast.com\/product\/yoast-seo-wordpress\/ -->\n<title>Naturehike - Sukiyaki katls<\/title>\n<meta name=\"description\" content=\"Katls ir paredz\u0113ts \u0113diena pagatavo\u0161anai kemping\u0101 vai p\u0101rg\u0101jien\u0101.\" \/>\n<meta name=\"robots\" content=\"index, follow, max-snippet:-1, max-image-preview:large, max-video-preview:-1\" \/>\n<link rel=\"canonical\" href=\"https:\/\/gohike.lv\/ru\/produkts\/naturehike-sukiyaki-katls\/\" \/>\n<meta property=\"og:locale\" content=\"ru_RU\" \/>\n<meta property=\"og:type\" content=\"article\" \/>\n<meta property=\"og:title\" content=\"Naturehike - Kastrolis\" \/>\n<meta property=\"og:description\" content=\"Katls ir paredz\u0113ts \u0113diena pagatavo\u0161anai kemping\u0101 vai p\u0101rg\u0101jien\u0101.\" \/>\n<meta property=\"og:url\" content=\"https:\/\/gohike.lv\/ru\/produkts\/naturehike-sukiyaki-katls\/\" \/>\n<meta property=\"og:site_name\" content=\"GoHike\" \/>\n<meta property=\"article:publisher\" content=\"https:\/\/www.facebook.com\/gohike.shop\/\" \/>\n<meta property=\"article:modified_time\" content=\"2025-09-19T03:37:04+00:00\" \/>\n<meta property=\"og:image\" content=\"https:\/\/gohike.lv\/wp-content\/uploads\/2024\/04\/EnergyPot_SukiyakiPot-1.webp\" \/>\n\t<meta property=\"og:image:width\" content=\"790\" \/>\n\t<meta property=\"og:image:height\" content=\"790\" \/>\n\t<meta property=\"og:image:type\" content=\"image\/webp\" \/>\n<meta name=\"twitter:card\" content=\"summary_large_image\" \/>\n<meta name=\"twitter:title\" content=\"Naturehike - Kastrolis\" \/>\n<meta name=\"twitter:label1\" content=\"\u041f\u0440\u0438\u043c\u0435\u0440\u043d\u043e\u0435 \u0432\u0440\u0435\u043c\u044f \u0434\u043b\u044f \u0447\u0442\u0435\u043d\u0438\u044f\" \/>\n\t<meta name=\"twitter:data1\" content=\"2 \u043c\u0438\u043d\u0443\u0442\u0430\" \/>\n<script type=\"application\/ld+json\" class=\"yoast-schema-graph\">{\"@context\":\"https:\\\/\\\/schema.org\",\"@graph\":[{\"@type\":[\"WebPage\",\"ItemPage\"],\"@id\":\"https:\\\/\\\/gohike.lv\\\/ru\\\/produkts\\\/naturehike-sukiyaki-katls\\\/\",\"url\":\"https:\\\/\\\/gohike.lv\\\/ru\\\/produkts\\\/naturehike-sukiyaki-katls\\\/\",\"name\":\"Naturehike - Sukiyaki katls\",\"isPartOf\":{\"@id\":\"https:\\\/\\\/gohike.lv\\\/ru\\\/#website\"},\"primaryImageOfPage\":{\"@id\":\"https:\\\/\\\/gohike.lv\\\/ru\\\/produkts\\\/naturehike-sukiyaki-katls\\\/#primaryimage\"},\"image\":{\"@id\":\"https:\\\/\\\/gohike.lv\\\/ru\\\/produkts\\\/naturehike-sukiyaki-katls\\\/#primaryimage\"},\"thumbnailUrl\":\"https:\\\/\\\/gohike.lv\\\/wp-content\\\/uploads\\\/2024\\\/04\\\/EnergyPot_SukiyakiPot-1.webp\",\"datePublished\":\"2024-05-07T08:40:22+00:00\",\"dateModified\":\"2025-09-19T03:37:04+00:00\",\"description\":\"Katls ir paredz\u0113ts \u0113diena pagatavo\u0161anai kemping\u0101 vai p\u0101rg\u0101jien\u0101.\",\"breadcrumb\":{\"@id\":\"https:\\\/\\\/gohike.lv\\\/ru\\\/produkts\\\/naturehike-sukiyaki-katls\\\/#breadcrumb\"},\"inLanguage\":\"ru-RU\",\"potentialAction\":[{\"@type\":\"ReadAction\",\"target\":[\"https:\\\/\\\/gohike.lv\\\/ru\\\/produkts\\\/naturehike-sukiyaki-katls\\\/\"]}]},{\"@type\":\"ImageObject\",\"inLanguage\":\"ru-RU\",\"@id\":\"https:\\\/\\\/gohike.lv\\\/ru\\\/produkts\\\/naturehike-sukiyaki-katls\\\/#primaryimage\",\"url\":\"https:\\\/\\\/gohike.lv\\\/wp-content\\\/uploads\\\/2024\\\/04\\\/EnergyPot_SukiyakiPot-1.webp\",\"contentUrl\":\"https:\\\/\\\/gohike.lv\\\/wp-content\\\/uploads\\\/2024\\\/04\\\/EnergyPot_SukiyakiPot-1.webp\",\"width\":790,\"height\":790},{\"@type\":\"BreadcrumbList\",\"@id\":\"https:\\\/\\\/gohike.lv\\\/ru\\\/produkts\\\/naturehike-sukiyaki-katls\\\/#breadcrumb\",\"itemListElement\":[{\"@type\":\"ListItem\",\"position\":1,\"name\":\"\u0413\u043b\u0430\u0432\u043d\u0430\u044f\",\"item\":\"https:\\\/\\\/gohike.lv\\\/ru\\\/\"},{\"@type\":\"ListItem\",\"position\":2,\"name\":\"\u041a\u0430\u0442\u0435\u0433\u043e\u0440\u0438\u0438 \u0442\u043e\u0432\u0430\u0440\u043e\u0432\",\"item\":\"https:\\\/\\\/gohike.lv\\\/%d0%ba%d0%b0%d1%82%d0%b5%d0%b3%d0%be%d1%80%d0%b8%d0%b8-%d1%82%d0%be%d0%b2%d0%b0%d1%80%d0%be%d0%b2\\\/\"},{\"@type\":\"ListItem\",\"position\":3,\"name\":\"Naturehike &#8211; Sukiyaki katls\"}]},{\"@type\":\"WebSite\",\"@id\":\"https:\\\/\\\/gohike.lv\\\/ru\\\/#website\",\"url\":\"https:\\\/\\\/gohike.lv\\\/ru\\\/\",\"name\":\"GoHike\",\"description\":\"\",\"publisher\":{\"@id\":\"https:\\\/\\\/gohike.lv\\\/ru\\\/#organization\"},\"potentialAction\":[{\"@type\":\"SearchAction\",\"target\":{\"@type\":\"EntryPoint\",\"urlTemplate\":\"https:\\\/\\\/gohike.lv\\\/ru\\\/?s={search_term_string}\"},\"query-input\":{\"@type\":\"PropertyValueSpecification\",\"valueRequired\":true,\"valueName\":\"search_term_string\"}}],\"inLanguage\":\"ru-RU\"},{\"@type\":\"Organization\",\"@id\":\"https:\\\/\\\/gohike.lv\\\/ru\\\/#organization\",\"name\":\"GoHike\",\"url\":\"https:\\\/\\\/gohike.lv\\\/ru\\\/\",\"logo\":{\"@type\":\"ImageObject\",\"inLanguage\":\"ru-RU\",\"@id\":\"https:\\\/\\\/gohike.lv\\\/ru\\\/#\\\/schema\\\/logo\\\/image\\\/\",\"url\":\"https:\\\/\\\/gohike.lv\\\/wp-content\\\/uploads\\\/2023\\\/08\\\/Logo_GoHike.webp\",\"contentUrl\":\"https:\\\/\\\/gohike.lv\\\/wp-content\\\/uploads\\\/2023\\\/08\\\/Logo_GoHike.webp\",\"width\":512,\"height\":512,\"caption\":\"GoHike\"},\"image\":{\"@id\":\"https:\\\/\\\/gohike.lv\\\/ru\\\/#\\\/schema\\\/logo\\\/image\\\/\"},\"sameAs\":[\"https:\\\/\\\/www.facebook.com\\\/gohike.shop\\\/\",\"https:\\\/\\\/www.instagram.com\\\/gohike.shop\\\/\"]}]}<\/script>\n<!-- \/ Yoast SEO plugin. -->","yoast_head_json":{"title":"Naturehike - Sukiyaki katls","description":"Katls ir paredz\u0113ts \u0113diena pagatavo\u0161anai kemping\u0101 vai p\u0101rg\u0101jien\u0101.","robots":{"index":"index","follow":"follow","max-snippet":"max-snippet:-1","max-image-preview":"max-image-preview:large","max-video-preview":"max-video-preview:-1"},"canonical":"https:\/\/gohike.lv\/ru\/produkts\/naturehike-sukiyaki-katls\/","og_locale":"ru_RU","og_type":"article","og_title":"Naturehike - Kastrolis","og_description":"Katls ir paredz\u0113ts \u0113diena pagatavo\u0161anai kemping\u0101 vai p\u0101rg\u0101jien\u0101.","og_url":"https:\/\/gohike.lv\/ru\/produkts\/naturehike-sukiyaki-katls\/","og_site_name":"GoHike","article_publisher":"https:\/\/www.facebook.com\/gohike.shop\/","article_modified_time":"2025-09-19T03:37:04+00:00","og_image":[{"width":790,"height":790,"url":"https:\/\/gohike.lv\/wp-content\/uploads\/2024\/04\/EnergyPot_SukiyakiPot-1.webp","type":"image\/webp"}],"twitter_card":"summary_large_image","twitter_title":"Naturehike - Kastrolis","twitter_misc":{"\u041f\u0440\u0438\u043c\u0435\u0440\u043d\u043e\u0435 \u0432\u0440\u0435\u043c\u044f \u0434\u043b\u044f \u0447\u0442\u0435\u043d\u0438\u044f":"2 \u043c\u0438\u043d\u0443\u0442\u0430"},"schema":{"@context":"https:\/\/schema.org","@graph":[{"@type":["WebPage","ItemPage"],"@id":"https:\/\/gohike.lv\/ru\/produkts\/naturehike-sukiyaki-katls\/","url":"https:\/\/gohike.lv\/ru\/produkts\/naturehike-sukiyaki-katls\/","name":"Naturehike - Sukiyaki katls","isPartOf":{"@id":"https:\/\/gohike.lv\/ru\/#website"},"primaryImageOfPage":{"@id":"https:\/\/gohike.lv\/ru\/produkts\/naturehike-sukiyaki-katls\/#primaryimage"},"image":{"@id":"https:\/\/gohike.lv\/ru\/produkts\/naturehike-sukiyaki-katls\/#primaryimage"},"thumbnailUrl":"https:\/\/gohike.lv\/wp-content\/uploads\/2024\/04\/EnergyPot_SukiyakiPot-1.webp","datePublished":"2024-05-07T08:40:22+00:00","dateModified":"2025-09-19T03:37:04+00:00","description":"Katls ir paredz\u0113ts \u0113diena pagatavo\u0161anai kemping\u0101 vai p\u0101rg\u0101jien\u0101.","breadcrumb":{"@id":"https:\/\/gohike.lv\/ru\/produkts\/naturehike-sukiyaki-katls\/#breadcrumb"},"inLanguage":"ru-RU","potentialAction":[{"@type":"ReadAction","target":["https:\/\/gohike.lv\/ru\/produkts\/naturehike-sukiyaki-katls\/"]}]},{"@type":"ImageObject","inLanguage":"ru-RU","@id":"https:\/\/gohike.lv\/ru\/produkts\/naturehike-sukiyaki-katls\/#primaryimage","url":"https:\/\/gohike.lv\/wp-content\/uploads\/2024\/04\/EnergyPot_SukiyakiPot-1.webp","contentUrl":"https:\/\/gohike.lv\/wp-content\/uploads\/2024\/04\/EnergyPot_SukiyakiPot-1.webp","width":790,"height":790},{"@type":"BreadcrumbList","@id":"https:\/\/gohike.lv\/ru\/produkts\/naturehike-sukiyaki-katls\/#breadcrumb","itemListElement":[{"@type":"ListItem","position":1,"name":"\u0413\u043b\u0430\u0432\u043d\u0430\u044f","item":"https:\/\/gohike.lv\/ru\/"},{"@type":"ListItem","position":2,"name":"\u041a\u0430\u0442\u0435\u0433\u043e\u0440\u0438\u0438 \u0442\u043e\u0432\u0430\u0440\u043e\u0432","item":"https:\/\/gohike.lv\/%d0%ba%d0%b0%d1%82%d0%b5%d0%b3%d0%be%d1%80%d0%b8%d0%b8-%d1%82%d0%be%d0%b2%d0%b0%d1%80%d0%be%d0%b2\/"},{"@type":"ListItem","position":3,"name":"Naturehike &#8211; Sukiyaki katls"}]},{"@type":"WebSite","@id":"https:\/\/gohike.lv\/ru\/#website","url":"https:\/\/gohike.lv\/ru\/","name":"GoHike","description":"","publisher":{"@id":"https:\/\/gohike.lv\/ru\/#organization"},"potentialAction":[{"@type":"SearchAction","target":{"@type":"EntryPoint","urlTemplate":"https:\/\/gohike.lv\/ru\/?s={search_term_string}"},"query-input":{"@type":"PropertyValueSpecification","valueRequired":true,"valueName":"search_term_string"}}],"inLanguage":"ru-RU"},{"@type":"Organization","@id":"https:\/\/gohike.lv\/ru\/#organization","name":"GoHike","url":"https:\/\/gohike.lv\/ru\/","logo":{"@type":"ImageObject","inLanguage":"ru-RU","@id":"https:\/\/gohike.lv\/ru\/#\/schema\/logo\/image\/","url":"https:\/\/gohike.lv\/wp-content\/uploads\/2023\/08\/Logo_GoHike.webp","contentUrl":"https:\/\/gohike.lv\/wp-content\/uploads\/2023\/08\/Logo_GoHike.webp","width":512,"height":512,"caption":"GoHike"},"image":{"@id":"https:\/\/gohike.lv\/ru\/#\/schema\/logo\/image\/"},"sameAs":["https:\/\/www.facebook.com\/gohike.shop\/","https:\/\/www.instagram.com\/gohike.shop\/"]}]}},"jetpack_sharing_enabled":true,"_links":{"self":[{"href":"https:\/\/gohike.lv\/ru\/wp-json\/wp\/v2\/product\/53077","targetHints":{"allow":["GET"]}}],"collection":[{"href":"https:\/\/gohike.lv\/ru\/wp-json\/wp\/v2\/product"}],"about":[{"href":"https:\/\/gohike.lv\/ru\/wp-json\/wp\/v2\/types\/product"}],"version-history":[{"count":0,"href":"https:\/\/gohike.lv\/ru\/wp-json\/wp\/v2\/product\/53077\/revisions"}],"wp:featuredmedia":[{"embeddable":true,"href":"https:\/\/gohike.lv\/ru\/wp-json\/wp\/v2\/media\/35456"}],"wp:attachment":[{"href":"https:\/\/gohike.lv\/ru\/wp-json\/wp\/v2\/media?parent=53077"}],"wp:term":[{"taxonomy":"product_brand","embeddable":true,"href":"https:\/\/gohike.lv\/ru\/wp-json\/wp\/v2\/product_brand?post=53077"},{"taxonomy":"product_cat","embeddable":true,"href":"https:\/\/gohike.lv\/ru\/wp-json\/wp\/v2\/product_cat?post=53077"},{"taxonomy":"product_tag","embeddable":true,"href":"https:\/\/gohike.lv\/ru\/wp-json\/wp\/v2\/product_tag?post=53077"}],"curies":[{"name":"wp","href":"https:\/\/api.w.org\/{rel}","templated":true}]}}