{"id":53075,"date":"2024-05-07T11:40:11","date_gmt":"2024-05-07T08:40:11","guid":{"rendered":"https:\/\/gohike.lv\/produkts\/naturehike-nerusejosa-terauda-pannu-komplekts-3-viena\/"},"modified":"2025-09-19T20:22:06","modified_gmt":"2025-09-19T17:22:06","slug":"naturehike-nerusejosa-terauda-pannu-komplekts-3-viena","status":"publish","type":"product","link":"https:\/\/gohike.lv\/ru\/produkts\/naturehike-nerusejosa-terauda-pannu-komplekts-3-viena\/","title":{"rendered":"Naturehike &#8212; Ner\u016bs\u0113jo\u0161\u0101 t\u0113rauda pannu komplekts 3 vien\u0101"},"content":{"rendered":"<p>Visi komplekta elementi ir izgatavoti no augstas kvalit\u0101tes materi\u0101liem, kas garant\u0113 iztur\u012bbu.<br \/>\nV\u0113l viena unik\u0101la \u0161\u012b kempinga trauku komplekta iez\u012bme ir t\u0101 kompaktais un vieglais dizains.<br \/>\nVisus komplekta priek\u0161metus var saloc\u012bt kop\u0101, padarot iesai\u0146o\u0161anu un transport\u0113\u0161anu \u0113rtu.<br \/>\nViss komplekts sver tikai 1372g.<br \/>\nNaturehike NH22CJ005 kempinga trauku komplekts ir paredz\u0113ts kempingiem un piknikiem.<br \/>\nKomplekts ir savietojams ar kr\u0101sni\u0146u un uzsilst \u0101tri un vienm\u0113r\u012bgi.<br \/>\nannai un katlam ir nepiedego\u0161s p\u0101rkl\u0101jums, kas padara tos viegli t\u012br\u0101mus un ne\u013cauj \u0113dienam pielipt pie apak\u0161as.<br \/>\nTrauku komplekts ir izgatavots no augstas kvalit\u0101tes materi\u0101liem, kas garant\u0113 iztur\u012bbu.<br \/>\nPanna un katls ir izgatavoti no cieta anod\u0113ta alum\u012bnija, kas ir karstumiztur\u012bgs.<br \/>\nRaksturlielumi:<br \/>\nIzgatavots no p\u0101rtikas kvalit\u0101tes ner\u016bs\u0113jo\u0161\u0101 t\u0113rauda, \u200b\u200bnesatur vesel\u012bbai kait\u012bgas vielas, neuzs\u016bc smakas un gar\u0161as.<br \/>\nParedz\u0113ts lieto\u0161anai uz pl\u012bts vai virs uguns;<br \/>\nMateri\u0101ls: ner\u016bs\u0113jo\u0161ais t\u0113rauds;<br \/>\nIzm\u0113ri saloc\u012bt\u0101 veid\u0101: 23 x 22,7 x 13 cm;<br \/>\n900 ml kastrolis;<br \/>\nKazans ar tilpumu 1,6 litri;<br \/>\nKazans ar tilpumu 2,7 litri;<br \/>\nV\u0101ks 21,8 cm;<br \/>\nV\u0101ks 17,7 cm;<br \/>\nV\u0101ks 13,7 cm.<\/p>\n","protected":false},"excerpt":{"rendered":"<p>Naturehike kempinga trauku komplekts ir unik\u0101ls, jo taj\u0101 ir viss nepiecie\u0161amais.<\/p>\n","protected":false},"featured_media":35441,"template":"","meta":[],"product_brand":[167],"product_cat":[9447,1012],"product_tag":[],"class_list":{"0":"post-53075","1":"product","2":"type-product","3":"status-publish","4":"has-post-thumbnail","6":"product_brand-naturehike-lv","7":"product_cat-izpardosana","8":"product_cat-virtuves-piederumi","9":"pa_materiali-304-nerusejosais-terauds","10":"pa_materiali-403-nerusejosais-terauds","11":"pa_materiali-silikons","12":"pa_produkta-tips-katli-un-pannas","13":"pa_saliktas-preces-izmerscm-2322-713","15":"first","16":"instock","17":"sale","18":"taxable","19":"shipping-taxable","20":"purchasable","21":"product-type-simple"},"raw_content":{"name":"Naturehike - Ner\u016bs\u0113jo\u0161\u0101 t\u0113rauda pannu komplekts 3 vien\u0101","description":"Visi komplekta elementi ir izgatavoti no augstas kvalit\u0101tes materi\u0101liem, kas garant\u0113 iztur\u012bbu.\nV\u0113l viena unik\u0101la \u0161\u012b kempinga trauku komplekta iez\u012bme ir t\u0101 kompaktais un vieglais dizains.\nVisus komplekta priek\u0161metus var saloc\u012bt kop\u0101, padarot iesai\u0146o\u0161anu un transport\u0113\u0161anu \u0113rtu.\nViss komplekts sver tikai 1372g.\nNaturehike NH22CJ005 kempinga trauku komplekts ir paredz\u0113ts kempingiem un piknikiem.\nKomplekts ir savietojams ar kr\u0101sni\u0146u un uzsilst \u0101tri un vienm\u0113r\u012bgi.\nannai un katlam ir nepiedego\u0161s p\u0101rkl\u0101jums, kas padara tos viegli t\u012br\u0101mus un ne\u013cauj \u0113dienam pielipt pie apak\u0161as.\nTrauku komplekts ir izgatavots no augstas kvalit\u0101tes materi\u0101liem, kas garant\u0113 iztur\u012bbu.\nPanna un katls ir izgatavoti no cieta anod\u0113ta alum\u012bnija, kas ir karstumiztur\u012bgs.\nRaksturlielumi:\nIzgatavots no p\u0101rtikas kvalit\u0101tes ner\u016bs\u0113jo\u0161\u0101 t\u0113rauda, \u200b\u200bnesatur vesel\u012bbai kait\u012bgas vielas, neuzs\u016bc smakas un gar\u0161as.\nParedz\u0113ts lieto\u0161anai uz pl\u012bts vai virs uguns;\nMateri\u0101ls: ner\u016bs\u0113jo\u0161ais t\u0113rauds;\nIzm\u0113ri saloc\u012bt\u0101 veid\u0101: 23 x 22,7 x 13 cm;\n900 ml kastrolis;\nKazans ar tilpumu 1,6 litri;\nKazans ar tilpumu 2,7 litri;\nV\u0101ks 21,8 cm;\nV\u0101ks 17,7 cm;\nV\u0101ks 13,7 cm.","short_description":"Naturehike kempinga trauku komplekts ir unik\u0101ls, jo taj\u0101 ir viss nepiecie\u0161amais.","status":"publish","sku":"6927595708859","original":53075},"wpml":{"translation_type":1,"has_translations":true,"original":53075,"duplicates":[],"translations":{"lv":53075,"en":68550,"ru":null}},"supplier_id":null,"supplier_sku":"","barcode":null,"atum_controlled":true,"out_stock_date":null,"out_stock_threshold":null,"inheritable":false,"inbound_stock":0,"stock_on_hold":0,"sold_today":0,"sales_last_days":0,"reserved_stock":0,"customer_returns":0,"warehouse_damage":0,"lost_in_post":0,"other_logs":0,"out_stock_days":0,"lost_sales":0,"has_location":false,"update_date":"2025-11-13T14:07:22","atum_locations":[],"atum_stock_status":"instock","restock_status":false,"low_stock_amount":"","sales_update_date":"2025-11-13T14:07:22","calc_backorders":null,"yoast_head":"<!-- This site is optimized with the Yoast SEO plugin v27.3 - https:\/\/yoast.com\/product\/yoast-seo-wordpress\/ -->\n<title>Naturehike - Ner\u016bs\u0113jo\u0161\u0101 t\u0113rauda pannu komplekts 3 vien\u0101<\/title>\n<meta name=\"description\" content=\"Naturehike kempinga trauku komplekts ir unik\u0101ls, jo taj\u0101 ir viss nepiecie\u0161amais.\" \/>\n<meta name=\"robots\" content=\"index, follow, max-snippet:-1, max-image-preview:large, max-video-preview:-1\" \/>\n<link rel=\"canonical\" href=\"https:\/\/gohike.lv\/ru\/produkts\/naturehike-nerusejosa-terauda-pannu-komplekts-3-viena\/\" \/>\n<meta property=\"og:locale\" content=\"ru_RU\" \/>\n<meta property=\"og:type\" content=\"article\" \/>\n<meta property=\"og:title\" content=\"Naturehike - Trauku komplekts\" \/>\n<meta property=\"og:description\" content=\"Naturehike kempinga trauku komplekts ir unik\u0101ls, jo taj\u0101 ir viss nepiecie\u0161amais.\" \/>\n<meta property=\"og:url\" content=\"https:\/\/gohike.lv\/ru\/produkts\/naturehike-nerusejosa-terauda-pannu-komplekts-3-viena\/\" \/>\n<meta property=\"og:site_name\" content=\"GoHike\" \/>\n<meta property=\"article:publisher\" content=\"https:\/\/www.facebook.com\/gohike.shop\/\" \/>\n<meta property=\"article:modified_time\" content=\"2025-09-19T17:22:06+00:00\" \/>\n<meta property=\"og:image\" content=\"https:\/\/gohike.lv\/wp-content\/uploads\/2024\/04\/3in1SteelePotSet_-1.webp\" \/>\n\t<meta property=\"og:image:width\" content=\"720\" \/>\n\t<meta property=\"og:image:height\" content=\"720\" \/>\n\t<meta property=\"og:image:type\" content=\"image\/webp\" \/>\n<meta name=\"twitter:card\" content=\"summary_large_image\" \/>\n<meta name=\"twitter:title\" content=\"Naturehike - Trauku komplekts\" \/>\n<meta name=\"twitter:label1\" content=\"\u041f\u0440\u0438\u043c\u0435\u0440\u043d\u043e\u0435 \u0432\u0440\u0435\u043c\u044f \u0434\u043b\u044f \u0447\u0442\u0435\u043d\u0438\u044f\" \/>\n\t<meta name=\"twitter:data1\" content=\"2 \u043c\u0438\u043d\u0443\u0442\u0430\" \/>\n<script type=\"application\/ld+json\" class=\"yoast-schema-graph\">{\"@context\":\"https:\\\/\\\/schema.org\",\"@graph\":[{\"@type\":[\"WebPage\",\"ItemPage\"],\"@id\":\"https:\\\/\\\/gohike.lv\\\/ru\\\/produkts\\\/naturehike-nerusejosa-terauda-pannu-komplekts-3-viena\\\/\",\"url\":\"https:\\\/\\\/gohike.lv\\\/ru\\\/produkts\\\/naturehike-nerusejosa-terauda-pannu-komplekts-3-viena\\\/\",\"name\":\"Naturehike - Ner\u016bs\u0113jo\u0161\u0101 t\u0113rauda pannu komplekts 3 vien\u0101\",\"isPartOf\":{\"@id\":\"https:\\\/\\\/gohike.lv\\\/ru\\\/#website\"},\"primaryImageOfPage\":{\"@id\":\"https:\\\/\\\/gohike.lv\\\/ru\\\/produkts\\\/naturehike-nerusejosa-terauda-pannu-komplekts-3-viena\\\/#primaryimage\"},\"image\":{\"@id\":\"https:\\\/\\\/gohike.lv\\\/ru\\\/produkts\\\/naturehike-nerusejosa-terauda-pannu-komplekts-3-viena\\\/#primaryimage\"},\"thumbnailUrl\":\"https:\\\/\\\/gohike.lv\\\/wp-content\\\/uploads\\\/2024\\\/04\\\/3in1SteelePotSet_-1.webp\",\"datePublished\":\"2024-05-07T08:40:11+00:00\",\"dateModified\":\"2025-09-19T17:22:06+00:00\",\"description\":\"Naturehike kempinga trauku komplekts ir unik\u0101ls, jo taj\u0101 ir viss nepiecie\u0161amais.\",\"breadcrumb\":{\"@id\":\"https:\\\/\\\/gohike.lv\\\/ru\\\/produkts\\\/naturehike-nerusejosa-terauda-pannu-komplekts-3-viena\\\/#breadcrumb\"},\"inLanguage\":\"ru-RU\",\"potentialAction\":[{\"@type\":\"ReadAction\",\"target\":[\"https:\\\/\\\/gohike.lv\\\/ru\\\/produkts\\\/naturehike-nerusejosa-terauda-pannu-komplekts-3-viena\\\/\"]}]},{\"@type\":\"ImageObject\",\"inLanguage\":\"ru-RU\",\"@id\":\"https:\\\/\\\/gohike.lv\\\/ru\\\/produkts\\\/naturehike-nerusejosa-terauda-pannu-komplekts-3-viena\\\/#primaryimage\",\"url\":\"https:\\\/\\\/gohike.lv\\\/wp-content\\\/uploads\\\/2024\\\/04\\\/3in1SteelePotSet_-1.webp\",\"contentUrl\":\"https:\\\/\\\/gohike.lv\\\/wp-content\\\/uploads\\\/2024\\\/04\\\/3in1SteelePotSet_-1.webp\",\"width\":720,\"height\":720},{\"@type\":\"BreadcrumbList\",\"@id\":\"https:\\\/\\\/gohike.lv\\\/ru\\\/produkts\\\/naturehike-nerusejosa-terauda-pannu-komplekts-3-viena\\\/#breadcrumb\",\"itemListElement\":[{\"@type\":\"ListItem\",\"position\":1,\"name\":\"\u0413\u043b\u0430\u0432\u043d\u0430\u044f\",\"item\":\"https:\\\/\\\/gohike.lv\\\/ru\\\/\"},{\"@type\":\"ListItem\",\"position\":2,\"name\":\"\u041a\u0430\u0442\u0435\u0433\u043e\u0440\u0438\u0438 \u0442\u043e\u0432\u0430\u0440\u043e\u0432\",\"item\":\"https:\\\/\\\/gohike.lv\\\/%d0%ba%d0%b0%d1%82%d0%b5%d0%b3%d0%be%d1%80%d0%b8%d0%b8-%d1%82%d0%be%d0%b2%d0%b0%d1%80%d0%be%d0%b2\\\/\"},{\"@type\":\"ListItem\",\"position\":3,\"name\":\"Naturehike &#8211; Ner\u016bs\u0113jo\u0161\u0101 t\u0113rauda pannu komplekts 3 vien\u0101\"}]},{\"@type\":\"WebSite\",\"@id\":\"https:\\\/\\\/gohike.lv\\\/ru\\\/#website\",\"url\":\"https:\\\/\\\/gohike.lv\\\/ru\\\/\",\"name\":\"GoHike\",\"description\":\"\",\"publisher\":{\"@id\":\"https:\\\/\\\/gohike.lv\\\/ru\\\/#organization\"},\"potentialAction\":[{\"@type\":\"SearchAction\",\"target\":{\"@type\":\"EntryPoint\",\"urlTemplate\":\"https:\\\/\\\/gohike.lv\\\/ru\\\/?s={search_term_string}\"},\"query-input\":{\"@type\":\"PropertyValueSpecification\",\"valueRequired\":true,\"valueName\":\"search_term_string\"}}],\"inLanguage\":\"ru-RU\"},{\"@type\":\"Organization\",\"@id\":\"https:\\\/\\\/gohike.lv\\\/ru\\\/#organization\",\"name\":\"GoHike\",\"url\":\"https:\\\/\\\/gohike.lv\\\/ru\\\/\",\"logo\":{\"@type\":\"ImageObject\",\"inLanguage\":\"ru-RU\",\"@id\":\"https:\\\/\\\/gohike.lv\\\/ru\\\/#\\\/schema\\\/logo\\\/image\\\/\",\"url\":\"https:\\\/\\\/gohike.lv\\\/wp-content\\\/uploads\\\/2023\\\/08\\\/Logo_GoHike.webp\",\"contentUrl\":\"https:\\\/\\\/gohike.lv\\\/wp-content\\\/uploads\\\/2023\\\/08\\\/Logo_GoHike.webp\",\"width\":512,\"height\":512,\"caption\":\"GoHike\"},\"image\":{\"@id\":\"https:\\\/\\\/gohike.lv\\\/ru\\\/#\\\/schema\\\/logo\\\/image\\\/\"},\"sameAs\":[\"https:\\\/\\\/www.facebook.com\\\/gohike.shop\\\/\",\"https:\\\/\\\/www.instagram.com\\\/gohike.shop\\\/\"]}]}<\/script>\n<!-- \/ Yoast SEO plugin. -->","yoast_head_json":{"title":"Naturehike - Ner\u016bs\u0113jo\u0161\u0101 t\u0113rauda pannu komplekts 3 vien\u0101","description":"Naturehike kempinga trauku komplekts ir unik\u0101ls, jo taj\u0101 ir viss nepiecie\u0161amais.","robots":{"index":"index","follow":"follow","max-snippet":"max-snippet:-1","max-image-preview":"max-image-preview:large","max-video-preview":"max-video-preview:-1"},"canonical":"https:\/\/gohike.lv\/ru\/produkts\/naturehike-nerusejosa-terauda-pannu-komplekts-3-viena\/","og_locale":"ru_RU","og_type":"article","og_title":"Naturehike - Trauku komplekts","og_description":"Naturehike kempinga trauku komplekts ir unik\u0101ls, jo taj\u0101 ir viss nepiecie\u0161amais.","og_url":"https:\/\/gohike.lv\/ru\/produkts\/naturehike-nerusejosa-terauda-pannu-komplekts-3-viena\/","og_site_name":"GoHike","article_publisher":"https:\/\/www.facebook.com\/gohike.shop\/","article_modified_time":"2025-09-19T17:22:06+00:00","og_image":[{"width":720,"height":720,"url":"https:\/\/gohike.lv\/wp-content\/uploads\/2024\/04\/3in1SteelePotSet_-1.webp","type":"image\/webp"}],"twitter_card":"summary_large_image","twitter_title":"Naturehike - Trauku komplekts","twitter_misc":{"\u041f\u0440\u0438\u043c\u0435\u0440\u043d\u043e\u0435 \u0432\u0440\u0435\u043c\u044f \u0434\u043b\u044f \u0447\u0442\u0435\u043d\u0438\u044f":"2 \u043c\u0438\u043d\u0443\u0442\u0430"},"schema":{"@context":"https:\/\/schema.org","@graph":[{"@type":["WebPage","ItemPage"],"@id":"https:\/\/gohike.lv\/ru\/produkts\/naturehike-nerusejosa-terauda-pannu-komplekts-3-viena\/","url":"https:\/\/gohike.lv\/ru\/produkts\/naturehike-nerusejosa-terauda-pannu-komplekts-3-viena\/","name":"Naturehike - Ner\u016bs\u0113jo\u0161\u0101 t\u0113rauda pannu komplekts 3 vien\u0101","isPartOf":{"@id":"https:\/\/gohike.lv\/ru\/#website"},"primaryImageOfPage":{"@id":"https:\/\/gohike.lv\/ru\/produkts\/naturehike-nerusejosa-terauda-pannu-komplekts-3-viena\/#primaryimage"},"image":{"@id":"https:\/\/gohike.lv\/ru\/produkts\/naturehike-nerusejosa-terauda-pannu-komplekts-3-viena\/#primaryimage"},"thumbnailUrl":"https:\/\/gohike.lv\/wp-content\/uploads\/2024\/04\/3in1SteelePotSet_-1.webp","datePublished":"2024-05-07T08:40:11+00:00","dateModified":"2025-09-19T17:22:06+00:00","description":"Naturehike kempinga trauku komplekts ir unik\u0101ls, jo taj\u0101 ir viss nepiecie\u0161amais.","breadcrumb":{"@id":"https:\/\/gohike.lv\/ru\/produkts\/naturehike-nerusejosa-terauda-pannu-komplekts-3-viena\/#breadcrumb"},"inLanguage":"ru-RU","potentialAction":[{"@type":"ReadAction","target":["https:\/\/gohike.lv\/ru\/produkts\/naturehike-nerusejosa-terauda-pannu-komplekts-3-viena\/"]}]},{"@type":"ImageObject","inLanguage":"ru-RU","@id":"https:\/\/gohike.lv\/ru\/produkts\/naturehike-nerusejosa-terauda-pannu-komplekts-3-viena\/#primaryimage","url":"https:\/\/gohike.lv\/wp-content\/uploads\/2024\/04\/3in1SteelePotSet_-1.webp","contentUrl":"https:\/\/gohike.lv\/wp-content\/uploads\/2024\/04\/3in1SteelePotSet_-1.webp","width":720,"height":720},{"@type":"BreadcrumbList","@id":"https:\/\/gohike.lv\/ru\/produkts\/naturehike-nerusejosa-terauda-pannu-komplekts-3-viena\/#breadcrumb","itemListElement":[{"@type":"ListItem","position":1,"name":"\u0413\u043b\u0430\u0432\u043d\u0430\u044f","item":"https:\/\/gohike.lv\/ru\/"},{"@type":"ListItem","position":2,"name":"\u041a\u0430\u0442\u0435\u0433\u043e\u0440\u0438\u0438 \u0442\u043e\u0432\u0430\u0440\u043e\u0432","item":"https:\/\/gohike.lv\/%d0%ba%d0%b0%d1%82%d0%b5%d0%b3%d0%be%d1%80%d0%b8%d0%b8-%d1%82%d0%be%d0%b2%d0%b0%d1%80%d0%be%d0%b2\/"},{"@type":"ListItem","position":3,"name":"Naturehike &#8211; Ner\u016bs\u0113jo\u0161\u0101 t\u0113rauda pannu komplekts 3 vien\u0101"}]},{"@type":"WebSite","@id":"https:\/\/gohike.lv\/ru\/#website","url":"https:\/\/gohike.lv\/ru\/","name":"GoHike","description":"","publisher":{"@id":"https:\/\/gohike.lv\/ru\/#organization"},"potentialAction":[{"@type":"SearchAction","target":{"@type":"EntryPoint","urlTemplate":"https:\/\/gohike.lv\/ru\/?s={search_term_string}"},"query-input":{"@type":"PropertyValueSpecification","valueRequired":true,"valueName":"search_term_string"}}],"inLanguage":"ru-RU"},{"@type":"Organization","@id":"https:\/\/gohike.lv\/ru\/#organization","name":"GoHike","url":"https:\/\/gohike.lv\/ru\/","logo":{"@type":"ImageObject","inLanguage":"ru-RU","@id":"https:\/\/gohike.lv\/ru\/#\/schema\/logo\/image\/","url":"https:\/\/gohike.lv\/wp-content\/uploads\/2023\/08\/Logo_GoHike.webp","contentUrl":"https:\/\/gohike.lv\/wp-content\/uploads\/2023\/08\/Logo_GoHike.webp","width":512,"height":512,"caption":"GoHike"},"image":{"@id":"https:\/\/gohike.lv\/ru\/#\/schema\/logo\/image\/"},"sameAs":["https:\/\/www.facebook.com\/gohike.shop\/","https:\/\/www.instagram.com\/gohike.shop\/"]}]}},"jetpack_sharing_enabled":true,"_links":{"self":[{"href":"https:\/\/gohike.lv\/ru\/wp-json\/wp\/v2\/product\/53075","targetHints":{"allow":["GET"]}}],"collection":[{"href":"https:\/\/gohike.lv\/ru\/wp-json\/wp\/v2\/product"}],"about":[{"href":"https:\/\/gohike.lv\/ru\/wp-json\/wp\/v2\/types\/product"}],"version-history":[{"count":0,"href":"https:\/\/gohike.lv\/ru\/wp-json\/wp\/v2\/product\/53075\/revisions"}],"wp:featuredmedia":[{"embeddable":true,"href":"https:\/\/gohike.lv\/ru\/wp-json\/wp\/v2\/media\/35441"}],"wp:attachment":[{"href":"https:\/\/gohike.lv\/ru\/wp-json\/wp\/v2\/media?parent=53075"}],"wp:term":[{"taxonomy":"product_brand","embeddable":true,"href":"https:\/\/gohike.lv\/ru\/wp-json\/wp\/v2\/product_brand?post=53075"},{"taxonomy":"product_cat","embeddable":true,"href":"https:\/\/gohike.lv\/ru\/wp-json\/wp\/v2\/product_cat?post=53075"},{"taxonomy":"product_tag","embeddable":true,"href":"https:\/\/gohike.lv\/ru\/wp-json\/wp\/v2\/product_tag?post=53075"}],"curies":[{"name":"wp","href":"https:\/\/api.w.org\/{rel}","templated":true}]}}