{"id":53073,"date":"2024-05-07T11:40:11","date_gmt":"2024-05-07T08:40:11","guid":{"rendered":"https:\/\/gohike.lv\/produkts\/naturehike-jianxingviena-katla-komplekts-18-l\/"},"modified":"2026-03-25T20:23:20","modified_gmt":"2026-03-25T17:23:20","slug":"naturehike-jianxingviena-katla-komplekts-18-l","status":"publish","type":"product","link":"https:\/\/gohike.lv\/ru\/produkts\/naturehike-jianxingviena-katla-komplekts-18-l\/","title":{"rendered":"Naturehike &#8212; (JianXing) Viena katla komplekts &#8212; 1,8 l"},"content":{"rendered":"<p>Pannu var izmantot ar\u012b k\u0101 v\u0101ku.<br \/>\nVirtuves trauki ir izgatavoti no viegla alum\u012bnija sakaus\u0113juma un 304 p\u0101rtikas kvalit\u0101tes t\u0113rauda.<br \/>\nMateri\u0101li ir iztur\u012bgi pret meh\u0101niskiem boj\u0101jumiem un ekstrem\u0101l\u0101m temperat\u016br\u0101m.<br \/>\nLai cep\u0161anas laik\u0101 \u0113diens nepiedegtu, traukiem ir nepiedego\u0161s p\u0101rkl\u0101jums.<br \/>\nAbi konteineri ir apr\u012bkoti ar salok\u0101miem rokturiem ar ielikt\u0146iem, kas nesasilst, ilgsto\u0161i pak\u013caujoties karstuma iedarb\u012bbai.<br \/>\nPannas apak\u0161\u0113j\u0101 da\u013ca ir apr\u012bkota ar v\u0113ja aizsardz\u012bbu ar koncentr\u0113jo\u0161iem ri\u0146\u0137iem, kas palielina t\u0101s sild\u012b\u0161anas efektivit\u0101ti, samazina siltuma zudumus, k\u0101 ar\u012b pa\u0101trina \u016bdens uzv\u0101r\u012b\u0161anos un gatavo\u0161anu par 20-30%.<br \/>\nUzglab\u0101\u0161anai tiek izmantots t\u012bklveida maiss, kas aiztais\u0101s ar auklu.<br \/>\nRaksturlielumi:<br \/>\nMateri\u0101ls: alum\u012bnijs, ner\u016bs\u0113jo\u0161ais t\u0113rauds 304;<br \/>\nNepiedego\u0161ais p\u0101rkl\u0101jums;<br \/>\nSalok\u0101mi rokturi ar ielikt\u0146iem;<br \/>\nV\u0113ja aizsardz\u012bba ar koncentr\u0113jo\u0161iem ri\u0146\u0137iem, kas integr\u0113ti katla apak\u0161\u0101;<br \/>\nKatla izm\u0113ri: 112 x 162 mm;<br \/>\nPannas izm\u0113ri: 45 x 165 mm;<br \/>\nKomplekta izm\u0113ri salikt\u0101: 147 x 180 mm;<br \/>\nSvars: 370 g<\/p>\n","protected":false},"excerpt":{"rendered":"<p>Komplekts sast\u0101v no diviem priek\u0161metiem: 1,8 litru katli\u0146a un pannas &#8212; divi vien\u0101. \u013bauj vienlaic\u012bgi pagatavot divus \u0113dienus.<\/p>\n","protected":false},"featured_media":35422,"template":"","meta":[],"product_brand":[167],"product_cat":[1012],"product_tag":[],"class_list":{"0":"post-53073","1":"product","2":"type-product","3":"status-publish","4":"has-post-thumbnail","6":"product_brand-naturehike-lv","7":"product_cat-virtuves-piederumi","8":"pa_izmeriscm-181814-7","9":"pa_materiali-304-nerusejosais-terauds","10":"pa_materiali-ciets-aluminija-oksids","11":"pa_materiali-silikons","12":"pa_produkta-tips-katli-un-pannas","13":"pa_saliktas-preces-izmerscm-18-318-337-5","15":"first","16":"instock","17":"taxable","18":"shipping-taxable","19":"purchasable","20":"product-type-simple"},"raw_content":{"name":"Naturehike - (JianXing) Viena katla komplekts - 1,8 l","description":"Pannu var izmantot ar\u012b k\u0101 v\u0101ku.\nVirtuves trauki ir izgatavoti no viegla alum\u012bnija sakaus\u0113juma un 304 p\u0101rtikas kvalit\u0101tes t\u0113rauda.\nMateri\u0101li ir iztur\u012bgi pret meh\u0101niskiem boj\u0101jumiem un ekstrem\u0101l\u0101m temperat\u016br\u0101m.\nLai cep\u0161anas laik\u0101 \u0113diens nepiedegtu, traukiem ir nepiedego\u0161s p\u0101rkl\u0101jums.\nAbi konteineri ir apr\u012bkoti ar salok\u0101miem rokturiem ar ielikt\u0146iem, kas nesasilst, ilgsto\u0161i pak\u013caujoties karstuma iedarb\u012bbai.\nPannas apak\u0161\u0113j\u0101 da\u013ca ir apr\u012bkota ar v\u0113ja aizsardz\u012bbu ar koncentr\u0113jo\u0161iem ri\u0146\u0137iem, kas palielina t\u0101s sild\u012b\u0161anas efektivit\u0101ti, samazina siltuma zudumus, k\u0101 ar\u012b pa\u0101trina \u016bdens uzv\u0101r\u012b\u0161anos un gatavo\u0161anu par 20-30%.\nUzglab\u0101\u0161anai tiek izmantots t\u012bklveida maiss, kas aiztais\u0101s ar auklu.\nRaksturlielumi:\nMateri\u0101ls: alum\u012bnijs, ner\u016bs\u0113jo\u0161ais t\u0113rauds 304;\nNepiedego\u0161ais p\u0101rkl\u0101jums;\nSalok\u0101mi rokturi ar ielikt\u0146iem;\nV\u0113ja aizsardz\u012bba ar koncentr\u0113jo\u0161iem ri\u0146\u0137iem, kas integr\u0113ti katla apak\u0161\u0101;\nKatla izm\u0113ri: 112 x 162 mm;\nPannas izm\u0113ri: 45 x 165 mm;\nKomplekta izm\u0113ri salikt\u0101: 147 x 180 mm;\nSvars: 370 g","short_description":"Komplekts sast\u0101v no diviem priek\u0161metiem: 1,8 litru katli\u0146a un pannas - divi vien\u0101. \u013bauj vienlaic\u012bgi pagatavot divus \u0113dienus.","status":"publish","sku":"6976023929571","original":53073},"wpml":{"translation_type":1,"has_translations":true,"original":53073,"duplicates":[],"translations":{"lv":53073,"en":68551,"ru":null}},"supplier_id":null,"supplier_sku":"","barcode":null,"atum_controlled":true,"out_stock_date":null,"out_stock_threshold":null,"inheritable":false,"inbound_stock":0,"stock_on_hold":0,"sold_today":0,"sales_last_days":0,"reserved_stock":0,"customer_returns":0,"warehouse_damage":0,"lost_in_post":0,"other_logs":0,"out_stock_days":0,"lost_sales":0,"has_location":false,"update_date":"2026-03-25T17:23:25","atum_locations":[],"atum_stock_status":"instock","restock_status":false,"low_stock_amount":"","sales_update_date":"2025-11-13T14:08:19","calc_backorders":null,"yoast_head":"<!-- This site is optimized with the Yoast SEO plugin v27.3 - https:\/\/yoast.com\/product\/yoast-seo-wordpress\/ -->\n<title>Naturehike - (JianXing) Viena katla komplekts - 1,8 l<\/title>\n<meta name=\"description\" content=\"Komplekts sast\u0101v no diviem priek\u0161metiem: 1,8 litru katli\u0146a un pannas - divi vien\u0101. \u013bauj vienlaic\u012bgi pagatavot divus \u0113dienus.\" \/>\n<meta name=\"robots\" content=\"index, follow, max-snippet:-1, max-image-preview:large, max-video-preview:-1\" \/>\n<link rel=\"canonical\" href=\"https:\/\/gohike.lv\/ru\/produkts\/naturehike-jianxingviena-katla-komplekts-18-l\/\" \/>\n<meta property=\"og:locale\" content=\"ru_RU\" \/>\n<meta property=\"og:type\" content=\"article\" \/>\n<meta property=\"og:title\" content=\"Naturehike - Trauku komplekts\" \/>\n<meta property=\"og:description\" content=\"Komplekts sast\u0101v no diviem priek\u0161metiem: 1,8 litru katli\u0146a un pannas - divi vien\u0101. \u013bauj vienlaic\u012bgi pagatavot divus \u0113dienus.\" \/>\n<meta property=\"og:url\" content=\"https:\/\/gohike.lv\/ru\/produkts\/naturehike-jianxingviena-katla-komplekts-18-l\/\" \/>\n<meta property=\"og:site_name\" content=\"GoHike\" \/>\n<meta property=\"article:publisher\" content=\"https:\/\/www.facebook.com\/gohike.shop\/\" \/>\n<meta property=\"article:modified_time\" content=\"2026-03-25T17:23:20+00:00\" \/>\n<meta property=\"og:image\" content=\"https:\/\/gohike.lv\/wp-content\/uploads\/2024\/04\/JianXingSinglePot_-1.webp\" \/>\n\t<meta property=\"og:image:width\" content=\"800\" \/>\n\t<meta property=\"og:image:height\" content=\"800\" \/>\n\t<meta property=\"og:image:type\" content=\"image\/webp\" \/>\n<meta name=\"twitter:card\" content=\"summary_large_image\" \/>\n<meta name=\"twitter:title\" content=\"Naturehike - Trauku komplekts\" \/>\n<meta name=\"twitter:label1\" content=\"\u041f\u0440\u0438\u043c\u0435\u0440\u043d\u043e\u0435 \u0432\u0440\u0435\u043c\u044f \u0434\u043b\u044f \u0447\u0442\u0435\u043d\u0438\u044f\" \/>\n\t<meta name=\"twitter:data1\" content=\"1 \u043c\u0438\u043d\u0443\u0442\u0430\" \/>\n<script type=\"application\/ld+json\" class=\"yoast-schema-graph\">{\"@context\":\"https:\\\/\\\/schema.org\",\"@graph\":[{\"@type\":[\"WebPage\",\"ItemPage\"],\"@id\":\"https:\\\/\\\/gohike.lv\\\/ru\\\/produkts\\\/naturehike-jianxingviena-katla-komplekts-18-l\\\/\",\"url\":\"https:\\\/\\\/gohike.lv\\\/ru\\\/produkts\\\/naturehike-jianxingviena-katla-komplekts-18-l\\\/\",\"name\":\"Naturehike - (JianXing) Viena katla komplekts - 1,8 l\",\"isPartOf\":{\"@id\":\"https:\\\/\\\/gohike.lv\\\/ru\\\/#website\"},\"primaryImageOfPage\":{\"@id\":\"https:\\\/\\\/gohike.lv\\\/ru\\\/produkts\\\/naturehike-jianxingviena-katla-komplekts-18-l\\\/#primaryimage\"},\"image\":{\"@id\":\"https:\\\/\\\/gohike.lv\\\/ru\\\/produkts\\\/naturehike-jianxingviena-katla-komplekts-18-l\\\/#primaryimage\"},\"thumbnailUrl\":\"https:\\\/\\\/gohike.lv\\\/wp-content\\\/uploads\\\/2024\\\/04\\\/JianXingSinglePot_-1.webp\",\"datePublished\":\"2024-05-07T08:40:11+00:00\",\"dateModified\":\"2026-03-25T17:23:20+00:00\",\"description\":\"Komplekts sast\u0101v no diviem priek\u0161metiem: 1,8 litru katli\u0146a un pannas - divi vien\u0101. \u013bauj vienlaic\u012bgi pagatavot divus \u0113dienus.\",\"breadcrumb\":{\"@id\":\"https:\\\/\\\/gohike.lv\\\/ru\\\/produkts\\\/naturehike-jianxingviena-katla-komplekts-18-l\\\/#breadcrumb\"},\"inLanguage\":\"ru-RU\",\"potentialAction\":[{\"@type\":\"ReadAction\",\"target\":[\"https:\\\/\\\/gohike.lv\\\/ru\\\/produkts\\\/naturehike-jianxingviena-katla-komplekts-18-l\\\/\"]}]},{\"@type\":\"ImageObject\",\"inLanguage\":\"ru-RU\",\"@id\":\"https:\\\/\\\/gohike.lv\\\/ru\\\/produkts\\\/naturehike-jianxingviena-katla-komplekts-18-l\\\/#primaryimage\",\"url\":\"https:\\\/\\\/gohike.lv\\\/wp-content\\\/uploads\\\/2024\\\/04\\\/JianXingSinglePot_-1.webp\",\"contentUrl\":\"https:\\\/\\\/gohike.lv\\\/wp-content\\\/uploads\\\/2024\\\/04\\\/JianXingSinglePot_-1.webp\",\"width\":800,\"height\":800},{\"@type\":\"BreadcrumbList\",\"@id\":\"https:\\\/\\\/gohike.lv\\\/ru\\\/produkts\\\/naturehike-jianxingviena-katla-komplekts-18-l\\\/#breadcrumb\",\"itemListElement\":[{\"@type\":\"ListItem\",\"position\":1,\"name\":\"\u0413\u043b\u0430\u0432\u043d\u0430\u044f\",\"item\":\"https:\\\/\\\/gohike.lv\\\/ru\\\/\"},{\"@type\":\"ListItem\",\"position\":2,\"name\":\"\u041a\u0430\u0442\u0435\u0433\u043e\u0440\u0438\u0438 \u0442\u043e\u0432\u0430\u0440\u043e\u0432\",\"item\":\"https:\\\/\\\/gohike.lv\\\/%d0%ba%d0%b0%d1%82%d0%b5%d0%b3%d0%be%d1%80%d0%b8%d0%b8-%d1%82%d0%be%d0%b2%d0%b0%d1%80%d0%be%d0%b2\\\/\"},{\"@type\":\"ListItem\",\"position\":3,\"name\":\"Naturehike &#8211; (JianXing) Viena katla komplekts &#8211; 1,8 l\"}]},{\"@type\":\"WebSite\",\"@id\":\"https:\\\/\\\/gohike.lv\\\/ru\\\/#website\",\"url\":\"https:\\\/\\\/gohike.lv\\\/ru\\\/\",\"name\":\"GoHike\",\"description\":\"\",\"publisher\":{\"@id\":\"https:\\\/\\\/gohike.lv\\\/ru\\\/#organization\"},\"potentialAction\":[{\"@type\":\"SearchAction\",\"target\":{\"@type\":\"EntryPoint\",\"urlTemplate\":\"https:\\\/\\\/gohike.lv\\\/ru\\\/?s={search_term_string}\"},\"query-input\":{\"@type\":\"PropertyValueSpecification\",\"valueRequired\":true,\"valueName\":\"search_term_string\"}}],\"inLanguage\":\"ru-RU\"},{\"@type\":\"Organization\",\"@id\":\"https:\\\/\\\/gohike.lv\\\/ru\\\/#organization\",\"name\":\"GoHike\",\"url\":\"https:\\\/\\\/gohike.lv\\\/ru\\\/\",\"logo\":{\"@type\":\"ImageObject\",\"inLanguage\":\"ru-RU\",\"@id\":\"https:\\\/\\\/gohike.lv\\\/ru\\\/#\\\/schema\\\/logo\\\/image\\\/\",\"url\":\"https:\\\/\\\/gohike.lv\\\/wp-content\\\/uploads\\\/2023\\\/08\\\/Logo_GoHike.webp\",\"contentUrl\":\"https:\\\/\\\/gohike.lv\\\/wp-content\\\/uploads\\\/2023\\\/08\\\/Logo_GoHike.webp\",\"width\":512,\"height\":512,\"caption\":\"GoHike\"},\"image\":{\"@id\":\"https:\\\/\\\/gohike.lv\\\/ru\\\/#\\\/schema\\\/logo\\\/image\\\/\"},\"sameAs\":[\"https:\\\/\\\/www.facebook.com\\\/gohike.shop\\\/\",\"https:\\\/\\\/www.instagram.com\\\/gohike.shop\\\/\"]}]}<\/script>\n<!-- \/ Yoast SEO plugin. -->","yoast_head_json":{"title":"Naturehike - (JianXing) Viena katla komplekts - 1,8 l","description":"Komplekts sast\u0101v no diviem priek\u0161metiem: 1,8 litru katli\u0146a un pannas - divi vien\u0101. \u013bauj vienlaic\u012bgi pagatavot divus \u0113dienus.","robots":{"index":"index","follow":"follow","max-snippet":"max-snippet:-1","max-image-preview":"max-image-preview:large","max-video-preview":"max-video-preview:-1"},"canonical":"https:\/\/gohike.lv\/ru\/produkts\/naturehike-jianxingviena-katla-komplekts-18-l\/","og_locale":"ru_RU","og_type":"article","og_title":"Naturehike - Trauku komplekts","og_description":"Komplekts sast\u0101v no diviem priek\u0161metiem: 1,8 litru katli\u0146a un pannas - divi vien\u0101. \u013bauj vienlaic\u012bgi pagatavot divus \u0113dienus.","og_url":"https:\/\/gohike.lv\/ru\/produkts\/naturehike-jianxingviena-katla-komplekts-18-l\/","og_site_name":"GoHike","article_publisher":"https:\/\/www.facebook.com\/gohike.shop\/","article_modified_time":"2026-03-25T17:23:20+00:00","og_image":[{"width":800,"height":800,"url":"https:\/\/gohike.lv\/wp-content\/uploads\/2024\/04\/JianXingSinglePot_-1.webp","type":"image\/webp"}],"twitter_card":"summary_large_image","twitter_title":"Naturehike - Trauku komplekts","twitter_misc":{"\u041f\u0440\u0438\u043c\u0435\u0440\u043d\u043e\u0435 \u0432\u0440\u0435\u043c\u044f \u0434\u043b\u044f \u0447\u0442\u0435\u043d\u0438\u044f":"1 \u043c\u0438\u043d\u0443\u0442\u0430"},"schema":{"@context":"https:\/\/schema.org","@graph":[{"@type":["WebPage","ItemPage"],"@id":"https:\/\/gohike.lv\/ru\/produkts\/naturehike-jianxingviena-katla-komplekts-18-l\/","url":"https:\/\/gohike.lv\/ru\/produkts\/naturehike-jianxingviena-katla-komplekts-18-l\/","name":"Naturehike - (JianXing) Viena katla komplekts - 1,8 l","isPartOf":{"@id":"https:\/\/gohike.lv\/ru\/#website"},"primaryImageOfPage":{"@id":"https:\/\/gohike.lv\/ru\/produkts\/naturehike-jianxingviena-katla-komplekts-18-l\/#primaryimage"},"image":{"@id":"https:\/\/gohike.lv\/ru\/produkts\/naturehike-jianxingviena-katla-komplekts-18-l\/#primaryimage"},"thumbnailUrl":"https:\/\/gohike.lv\/wp-content\/uploads\/2024\/04\/JianXingSinglePot_-1.webp","datePublished":"2024-05-07T08:40:11+00:00","dateModified":"2026-03-25T17:23:20+00:00","description":"Komplekts sast\u0101v no diviem priek\u0161metiem: 1,8 litru katli\u0146a un pannas - divi vien\u0101. \u013bauj vienlaic\u012bgi pagatavot divus \u0113dienus.","breadcrumb":{"@id":"https:\/\/gohike.lv\/ru\/produkts\/naturehike-jianxingviena-katla-komplekts-18-l\/#breadcrumb"},"inLanguage":"ru-RU","potentialAction":[{"@type":"ReadAction","target":["https:\/\/gohike.lv\/ru\/produkts\/naturehike-jianxingviena-katla-komplekts-18-l\/"]}]},{"@type":"ImageObject","inLanguage":"ru-RU","@id":"https:\/\/gohike.lv\/ru\/produkts\/naturehike-jianxingviena-katla-komplekts-18-l\/#primaryimage","url":"https:\/\/gohike.lv\/wp-content\/uploads\/2024\/04\/JianXingSinglePot_-1.webp","contentUrl":"https:\/\/gohike.lv\/wp-content\/uploads\/2024\/04\/JianXingSinglePot_-1.webp","width":800,"height":800},{"@type":"BreadcrumbList","@id":"https:\/\/gohike.lv\/ru\/produkts\/naturehike-jianxingviena-katla-komplekts-18-l\/#breadcrumb","itemListElement":[{"@type":"ListItem","position":1,"name":"\u0413\u043b\u0430\u0432\u043d\u0430\u044f","item":"https:\/\/gohike.lv\/ru\/"},{"@type":"ListItem","position":2,"name":"\u041a\u0430\u0442\u0435\u0433\u043e\u0440\u0438\u0438 \u0442\u043e\u0432\u0430\u0440\u043e\u0432","item":"https:\/\/gohike.lv\/%d0%ba%d0%b0%d1%82%d0%b5%d0%b3%d0%be%d1%80%d0%b8%d0%b8-%d1%82%d0%be%d0%b2%d0%b0%d1%80%d0%be%d0%b2\/"},{"@type":"ListItem","position":3,"name":"Naturehike &#8211; (JianXing) Viena katla komplekts &#8211; 1,8 l"}]},{"@type":"WebSite","@id":"https:\/\/gohike.lv\/ru\/#website","url":"https:\/\/gohike.lv\/ru\/","name":"GoHike","description":"","publisher":{"@id":"https:\/\/gohike.lv\/ru\/#organization"},"potentialAction":[{"@type":"SearchAction","target":{"@type":"EntryPoint","urlTemplate":"https:\/\/gohike.lv\/ru\/?s={search_term_string}"},"query-input":{"@type":"PropertyValueSpecification","valueRequired":true,"valueName":"search_term_string"}}],"inLanguage":"ru-RU"},{"@type":"Organization","@id":"https:\/\/gohike.lv\/ru\/#organization","name":"GoHike","url":"https:\/\/gohike.lv\/ru\/","logo":{"@type":"ImageObject","inLanguage":"ru-RU","@id":"https:\/\/gohike.lv\/ru\/#\/schema\/logo\/image\/","url":"https:\/\/gohike.lv\/wp-content\/uploads\/2023\/08\/Logo_GoHike.webp","contentUrl":"https:\/\/gohike.lv\/wp-content\/uploads\/2023\/08\/Logo_GoHike.webp","width":512,"height":512,"caption":"GoHike"},"image":{"@id":"https:\/\/gohike.lv\/ru\/#\/schema\/logo\/image\/"},"sameAs":["https:\/\/www.facebook.com\/gohike.shop\/","https:\/\/www.instagram.com\/gohike.shop\/"]}]}},"jetpack_sharing_enabled":true,"_links":{"self":[{"href":"https:\/\/gohike.lv\/ru\/wp-json\/wp\/v2\/product\/53073","targetHints":{"allow":["GET"]}}],"collection":[{"href":"https:\/\/gohike.lv\/ru\/wp-json\/wp\/v2\/product"}],"about":[{"href":"https:\/\/gohike.lv\/ru\/wp-json\/wp\/v2\/types\/product"}],"version-history":[{"count":0,"href":"https:\/\/gohike.lv\/ru\/wp-json\/wp\/v2\/product\/53073\/revisions"}],"wp:featuredmedia":[{"embeddable":true,"href":"https:\/\/gohike.lv\/ru\/wp-json\/wp\/v2\/media\/35422"}],"wp:attachment":[{"href":"https:\/\/gohike.lv\/ru\/wp-json\/wp\/v2\/media?parent=53073"}],"wp:term":[{"taxonomy":"product_brand","embeddable":true,"href":"https:\/\/gohike.lv\/ru\/wp-json\/wp\/v2\/product_brand?post=53073"},{"taxonomy":"product_cat","embeddable":true,"href":"https:\/\/gohike.lv\/ru\/wp-json\/wp\/v2\/product_cat?post=53073"},{"taxonomy":"product_tag","embeddable":true,"href":"https:\/\/gohike.lv\/ru\/wp-json\/wp\/v2\/product_tag?post=53073"}],"curies":[{"name":"wp","href":"https:\/\/api.w.org\/{rel}","templated":true}]}}