{"id":53069,"date":"2024-05-07T11:40:11","date_gmt":"2024-05-07T08:40:11","guid":{"rendered":"https:\/\/gohike.lv\/produkts\/naturehike-aluminija-kempinga-trauku-komplekts\/"},"modified":"2025-12-30T17:24:43","modified_gmt":"2025-12-30T14:24:43","slug":"naturehike-aluminija-kempinga-trauku-komplekts","status":"publish","type":"product","link":"https:\/\/gohike.lv\/ru\/produkts\/naturehike-aluminija-kempinga-trauku-komplekts\/","title":{"rendered":"Naturehike &#8212; Alum\u012bnija kempinga trauku komplekts"},"content":{"rendered":"<p>Trauki ir sader\u012bgi ar liel\u0101ko da\u013cu kempinga deg\u013cu veidu un \u013cauj vienlaikus pagatavot vair\u0101kus \u0113dienus.<br \/>\nKomplekt\u0101 ietilpst \u010detri galvenie priek\u0161meti: divi katli, t\u0113jkanna un panna &#8212; visi da\u017e\u0101da tilpuma un izm\u0113ra.<br \/>\nLiel\u0101k\u0101s pannas (190 x 116 mm) tilpums ir 2,9 litri un t\u0101 ir piem\u0113rota pirmo \u0113dienu pagatavo\u0161anai.<br \/>\nMaz\u0101 katli\u0146a (172,7 x 97,2 milimetri) un t\u0113jkannas (147,9 x 72 milimetri) tilpums ir attiec\u012bgi 2 litri un 1,2 litri.<br \/>\nPanna ir piem\u0113rota d\u0101rze\u0146u un ga\u013cas saut\u0113\u0161anai un cep\u0161anai, t\u0101s izm\u0113ri ir 199 x 50 x 1,2 milimetri.<br \/>\nVisi virtuves piederumi ir izgatavoti no viegla un ner\u016bs\u0113jo\u0161a alum\u012bnija sakaus\u0113juma.<br \/>\nT\u0101 galven\u0101 priek\u0161roc\u012bba ir augsta siltumvad\u012btsp\u0113ja, t\u0101p\u0113c katlu virsma uzsilst \u0101tr\u0101k, kas pa\u0101trina gatavo\u0161anas procesu un ietaupa izmantoto degvielu.<br \/>\nTurkl\u0101t, apstr\u0101d\u0101jot alum\u012bniju, uz t\u0101 virsmas par\u0101d\u0101s pl\u0101na oks\u012bda pl\u0113ve.<br \/>\nTas ir absol\u016bti nekait\u012bgs cilv\u0113ku vesel\u012bbai un pal\u012bdz stiprin\u0101t met\u0101lu.<br \/>\nMaz\u0101 katli\u0146a, t\u0113jkanna un panna ir apr\u012bkota ar salok\u0101miem rokturiem ar karstumiztur\u012bg\u0101m plastmasas oder\u0113m, kas pasarg\u0101 lietot\u0101ju no apdegumiem, p\u0101rn\u0113s\u0101jot karstos traukus.<br \/>\nVisliel\u0101kajai pannai ir viens met\u0101la rokturis, ar kuru to var pak\u0101rt uz stat\u012bva.<br \/>\nPannas virsmai ir nepiedego\u0161s p\u0101rkl\u0101jums.<br \/>\nKomplekt\u0101 ietilpst ar\u012b viens v\u0101ks katli\u0146am. V\u0101kam ir ne tikai siltumizol\u0113jo\u0161s rokturis, bet ar\u012b vair\u0101kas nelielas atveres, pa kur\u0101m izpl\u016bst liekais tvaiks.<br \/>\nP\u0113c lieto\u0161anas vienk\u0101r\u0161i not\u012briet traukus ar m\u012bkstu s\u016bkli un mazg\u0101\u0161anas l\u012bdzekli un noskalojiet zem teko\u0161a \u016bdens.<br \/>\nLai atvieglotu transport\u0113\u0161anu, visas komplekta sast\u0101vda\u013cas ieteicams saloc\u012bt vienu otr\u0101.<br \/>\nTaj\u0101 pa\u0161\u0101 laik\u0101 komplekta izm\u0113ri ir tikai 204 x 204 x 122 milimetri, bet svars ir 864 grami.<br \/>\nKomplekt\u0101 ietilpst ar\u012b sieta uzglab\u0101\u0161anas soma.<br \/>\nRaksturlielumi:<br \/>\nModelis: CNH22CJ002 ;<br \/>\nMateri\u0101ls &#8212; alum\u012bnijs;<br \/>\nLiel\u0101s pannas izm\u0113ri &#8212; 190 x 116 milimetri \/ 2,9 litri;<br \/>\nNeliela katli\u0146a izm\u0113ri \u2013 172,7 x 97,2 milimetri\/2 litri;<br \/>\nPannas izm\u0113ri \u2013 147,9 x 72 milimetri\/1,2 litri;<br \/>\nPannas izm\u0113ri \u2013 199 x 50 x 1,2 milimetri;<br \/>\nSvars &#8212; 864 grami.<\/p>\n","protected":false},"excerpt":{"rendered":"<p>Naturehike komplekt\u0101cij\u0101 ietilpst visi nepiecie\u0161amie trauki \u0113diena gatavo\u0161anai.<\/p>\n","protected":false},"featured_media":35415,"template":"","meta":[],"product_brand":[167],"product_cat":[1012],"product_tag":[],"class_list":{"0":"post-53069","1":"product","2":"type-product","3":"status-publish","4":"has-post-thumbnail","6":"product_brand-naturehike-lv","7":"product_cat-virtuves-piederumi","8":"pa_materiali-aluminija-sakausejums","9":"pa_produkta-tips-katli-un-pannas","10":"pa_saliktas-preces-izmerscm-20-520-514","12":"first","13":"instock","14":"taxable","15":"shipping-taxable","16":"purchasable","17":"product-type-simple"},"raw_content":{"name":"Naturehike - Alum\u012bnija kempinga trauku komplekts","description":"Trauki ir sader\u012bgi ar liel\u0101ko da\u013cu kempinga deg\u013cu veidu un \u013cauj vienlaikus pagatavot vair\u0101kus \u0113dienus.\nKomplekt\u0101 ietilpst \u010detri galvenie priek\u0161meti: divi katli, t\u0113jkanna un panna - visi da\u017e\u0101da tilpuma un izm\u0113ra.\nLiel\u0101k\u0101s pannas (190 x 116 mm) tilpums ir 2,9 litri un t\u0101 ir piem\u0113rota pirmo \u0113dienu pagatavo\u0161anai.\nMaz\u0101 katli\u0146a (172,7 x 97,2 milimetri) un t\u0113jkannas (147,9 x 72 milimetri) tilpums ir attiec\u012bgi 2 litri un 1,2 litri.\nPanna ir piem\u0113rota d\u0101rze\u0146u un ga\u013cas saut\u0113\u0161anai un cep\u0161anai, t\u0101s izm\u0113ri ir 199 x 50 x 1,2 milimetri.\nVisi virtuves piederumi ir izgatavoti no viegla un ner\u016bs\u0113jo\u0161a alum\u012bnija sakaus\u0113juma.\nT\u0101 galven\u0101 priek\u0161roc\u012bba ir augsta siltumvad\u012btsp\u0113ja, t\u0101p\u0113c katlu virsma uzsilst \u0101tr\u0101k, kas pa\u0101trina gatavo\u0161anas procesu un ietaupa izmantoto degvielu.\nTurkl\u0101t, apstr\u0101d\u0101jot alum\u012bniju, uz t\u0101 virsmas par\u0101d\u0101s pl\u0101na oks\u012bda pl\u0113ve.\nTas ir absol\u016bti nekait\u012bgs cilv\u0113ku vesel\u012bbai un pal\u012bdz stiprin\u0101t met\u0101lu.\nMaz\u0101 katli\u0146a, t\u0113jkanna un panna ir apr\u012bkota ar salok\u0101miem rokturiem ar karstumiztur\u012bg\u0101m plastmasas oder\u0113m, kas pasarg\u0101 lietot\u0101ju no apdegumiem, p\u0101rn\u0113s\u0101jot karstos traukus.\nVisliel\u0101kajai pannai ir viens met\u0101la rokturis, ar kuru to var pak\u0101rt uz stat\u012bva.\nPannas virsmai ir nepiedego\u0161s p\u0101rkl\u0101jums.\nKomplekt\u0101 ietilpst ar\u012b viens v\u0101ks katli\u0146am. V\u0101kam ir ne tikai siltumizol\u0113jo\u0161s rokturis, bet ar\u012b vair\u0101kas nelielas atveres, pa kur\u0101m izpl\u016bst liekais tvaiks.\nP\u0113c lieto\u0161anas vienk\u0101r\u0161i not\u012briet traukus ar m\u012bkstu s\u016bkli un mazg\u0101\u0161anas l\u012bdzekli un noskalojiet zem teko\u0161a \u016bdens.\nLai atvieglotu transport\u0113\u0161anu, visas komplekta sast\u0101vda\u013cas ieteicams saloc\u012bt vienu otr\u0101.\nTaj\u0101 pa\u0161\u0101 laik\u0101 komplekta izm\u0113ri ir tikai 204 x 204 x 122 milimetri, bet svars ir 864 grami.\nKomplekt\u0101 ietilpst ar\u012b sieta uzglab\u0101\u0161anas soma.\nRaksturlielumi:\nModelis: CNH22CJ002 ;\nMateri\u0101ls - alum\u012bnijs;\nLiel\u0101s pannas izm\u0113ri - 190 x 116 milimetri \/ 2,9 litri;\nNeliela katli\u0146a izm\u0113ri \u2013 172,7 x 97,2 milimetri\/2 litri;\nPannas izm\u0113ri \u2013 147,9 x 72 milimetri\/1,2 litri;\nPannas izm\u0113ri \u2013 199 x 50 x 1,2 milimetri;\nSvars - 864 grami.","short_description":"Naturehike komplekt\u0101cij\u0101 ietilpst visi nepiecie\u0161amie trauki \u0113diena gatavo\u0161anai.","status":"publish","sku":"6927595799406","original":53069},"wpml":{"translation_type":1,"has_translations":true,"original":53069,"duplicates":[],"translations":{"lv":53069,"en":68555,"ru":null}},"supplier_id":null,"supplier_sku":"","barcode":null,"atum_controlled":true,"out_stock_date":null,"out_stock_threshold":null,"inheritable":false,"inbound_stock":0,"stock_on_hold":0,"sold_today":0,"sales_last_days":0,"reserved_stock":0,"customer_returns":0,"warehouse_damage":0,"lost_in_post":0,"other_logs":0,"out_stock_days":0,"lost_sales":0,"has_location":false,"update_date":"2025-12-30T14:30:38","atum_locations":[],"atum_stock_status":"instock","restock_status":false,"low_stock_amount":"","sales_update_date":"2025-11-13T14:08:21","calc_backorders":null,"yoast_head":"<!-- This site is optimized with the Yoast SEO plugin v27.3 - https:\/\/yoast.com\/product\/yoast-seo-wordpress\/ -->\n<title>Naturehike - Alum\u012bnija kempinga trauku komplekts<\/title>\n<meta name=\"description\" content=\"Naturehike komplekt\u0101cij\u0101 ietilpst visi nepiecie\u0161amie trauki \u0113diena gatavo\u0161anai.\" \/>\n<meta name=\"robots\" content=\"index, follow, max-snippet:-1, max-image-preview:large, max-video-preview:-1\" \/>\n<link rel=\"canonical\" href=\"https:\/\/gohike.lv\/ru\/produkts\/naturehike-aluminija-kempinga-trauku-komplekts\/\" \/>\n<meta property=\"og:locale\" content=\"ru_RU\" \/>\n<meta property=\"og:type\" content=\"article\" \/>\n<meta property=\"og:title\" content=\"Naturehike - Trauku komplekts\" \/>\n<meta property=\"og:description\" content=\"Naturehike komplekt\u0101cij\u0101 ietilpst visi nepiecie\u0161amie trauki \u0113diena gatavo\u0161anai.\" \/>\n<meta property=\"og:url\" content=\"https:\/\/gohike.lv\/ru\/produkts\/naturehike-aluminija-kempinga-trauku-komplekts\/\" \/>\n<meta property=\"og:site_name\" content=\"GoHike\" \/>\n<meta property=\"article:publisher\" content=\"https:\/\/www.facebook.com\/gohike.shop\/\" \/>\n<meta property=\"article:modified_time\" content=\"2025-12-30T14:24:43+00:00\" \/>\n<meta property=\"og:image\" content=\"https:\/\/gohike.lv\/wp-content\/uploads\/2024\/04\/AluminmumCookingSet_-1.webp\" \/>\n\t<meta property=\"og:image:width\" content=\"720\" \/>\n\t<meta property=\"og:image:height\" content=\"720\" \/>\n\t<meta property=\"og:image:type\" content=\"image\/webp\" \/>\n<meta name=\"twitter:card\" content=\"summary_large_image\" \/>\n<meta name=\"twitter:title\" content=\"Naturehike - Trauku komplekts\" \/>\n<meta name=\"twitter:label1\" content=\"\u041f\u0440\u0438\u043c\u0435\u0440\u043d\u043e\u0435 \u0432\u0440\u0435\u043c\u044f \u0434\u043b\u044f \u0447\u0442\u0435\u043d\u0438\u044f\" \/>\n\t<meta name=\"twitter:data1\" content=\"2 \u043c\u0438\u043d\u0443\u0442\u0430\" \/>\n<script type=\"application\/ld+json\" class=\"yoast-schema-graph\">{\"@context\":\"https:\\\/\\\/schema.org\",\"@graph\":[{\"@type\":[\"WebPage\",\"ItemPage\"],\"@id\":\"https:\\\/\\\/gohike.lv\\\/ru\\\/produkts\\\/naturehike-aluminija-kempinga-trauku-komplekts\\\/\",\"url\":\"https:\\\/\\\/gohike.lv\\\/ru\\\/produkts\\\/naturehike-aluminija-kempinga-trauku-komplekts\\\/\",\"name\":\"Naturehike - Alum\u012bnija kempinga trauku komplekts\",\"isPartOf\":{\"@id\":\"https:\\\/\\\/gohike.lv\\\/ru\\\/#website\"},\"primaryImageOfPage\":{\"@id\":\"https:\\\/\\\/gohike.lv\\\/ru\\\/produkts\\\/naturehike-aluminija-kempinga-trauku-komplekts\\\/#primaryimage\"},\"image\":{\"@id\":\"https:\\\/\\\/gohike.lv\\\/ru\\\/produkts\\\/naturehike-aluminija-kempinga-trauku-komplekts\\\/#primaryimage\"},\"thumbnailUrl\":\"https:\\\/\\\/gohike.lv\\\/wp-content\\\/uploads\\\/2024\\\/04\\\/AluminmumCookingSet_-1.webp\",\"datePublished\":\"2024-05-07T08:40:11+00:00\",\"dateModified\":\"2025-12-30T14:24:43+00:00\",\"description\":\"Naturehike komplekt\u0101cij\u0101 ietilpst visi nepiecie\u0161amie trauki \u0113diena gatavo\u0161anai.\",\"breadcrumb\":{\"@id\":\"https:\\\/\\\/gohike.lv\\\/ru\\\/produkts\\\/naturehike-aluminija-kempinga-trauku-komplekts\\\/#breadcrumb\"},\"inLanguage\":\"ru-RU\",\"potentialAction\":[{\"@type\":\"ReadAction\",\"target\":[\"https:\\\/\\\/gohike.lv\\\/ru\\\/produkts\\\/naturehike-aluminija-kempinga-trauku-komplekts\\\/\"]}]},{\"@type\":\"ImageObject\",\"inLanguage\":\"ru-RU\",\"@id\":\"https:\\\/\\\/gohike.lv\\\/ru\\\/produkts\\\/naturehike-aluminija-kempinga-trauku-komplekts\\\/#primaryimage\",\"url\":\"https:\\\/\\\/gohike.lv\\\/wp-content\\\/uploads\\\/2024\\\/04\\\/AluminmumCookingSet_-1.webp\",\"contentUrl\":\"https:\\\/\\\/gohike.lv\\\/wp-content\\\/uploads\\\/2024\\\/04\\\/AluminmumCookingSet_-1.webp\",\"width\":720,\"height\":720},{\"@type\":\"BreadcrumbList\",\"@id\":\"https:\\\/\\\/gohike.lv\\\/ru\\\/produkts\\\/naturehike-aluminija-kempinga-trauku-komplekts\\\/#breadcrumb\",\"itemListElement\":[{\"@type\":\"ListItem\",\"position\":1,\"name\":\"\u0413\u043b\u0430\u0432\u043d\u0430\u044f\",\"item\":\"https:\\\/\\\/gohike.lv\\\/ru\\\/\"},{\"@type\":\"ListItem\",\"position\":2,\"name\":\"\u041a\u0430\u0442\u0435\u0433\u043e\u0440\u0438\u0438 \u0442\u043e\u0432\u0430\u0440\u043e\u0432\",\"item\":\"https:\\\/\\\/gohike.lv\\\/%d0%ba%d0%b0%d1%82%d0%b5%d0%b3%d0%be%d1%80%d0%b8%d0%b8-%d1%82%d0%be%d0%b2%d0%b0%d1%80%d0%be%d0%b2\\\/\"},{\"@type\":\"ListItem\",\"position\":3,\"name\":\"Naturehike &#8211; Alum\u012bnija kempinga trauku komplekts\"}]},{\"@type\":\"WebSite\",\"@id\":\"https:\\\/\\\/gohike.lv\\\/ru\\\/#website\",\"url\":\"https:\\\/\\\/gohike.lv\\\/ru\\\/\",\"name\":\"GoHike\",\"description\":\"\",\"publisher\":{\"@id\":\"https:\\\/\\\/gohike.lv\\\/ru\\\/#organization\"},\"potentialAction\":[{\"@type\":\"SearchAction\",\"target\":{\"@type\":\"EntryPoint\",\"urlTemplate\":\"https:\\\/\\\/gohike.lv\\\/ru\\\/?s={search_term_string}\"},\"query-input\":{\"@type\":\"PropertyValueSpecification\",\"valueRequired\":true,\"valueName\":\"search_term_string\"}}],\"inLanguage\":\"ru-RU\"},{\"@type\":\"Organization\",\"@id\":\"https:\\\/\\\/gohike.lv\\\/ru\\\/#organization\",\"name\":\"GoHike\",\"url\":\"https:\\\/\\\/gohike.lv\\\/ru\\\/\",\"logo\":{\"@type\":\"ImageObject\",\"inLanguage\":\"ru-RU\",\"@id\":\"https:\\\/\\\/gohike.lv\\\/ru\\\/#\\\/schema\\\/logo\\\/image\\\/\",\"url\":\"https:\\\/\\\/gohike.lv\\\/wp-content\\\/uploads\\\/2023\\\/08\\\/Logo_GoHike.webp\",\"contentUrl\":\"https:\\\/\\\/gohike.lv\\\/wp-content\\\/uploads\\\/2023\\\/08\\\/Logo_GoHike.webp\",\"width\":512,\"height\":512,\"caption\":\"GoHike\"},\"image\":{\"@id\":\"https:\\\/\\\/gohike.lv\\\/ru\\\/#\\\/schema\\\/logo\\\/image\\\/\"},\"sameAs\":[\"https:\\\/\\\/www.facebook.com\\\/gohike.shop\\\/\",\"https:\\\/\\\/www.instagram.com\\\/gohike.shop\\\/\"]}]}<\/script>\n<!-- \/ Yoast SEO plugin. -->","yoast_head_json":{"title":"Naturehike - Alum\u012bnija kempinga trauku komplekts","description":"Naturehike komplekt\u0101cij\u0101 ietilpst visi nepiecie\u0161amie trauki \u0113diena gatavo\u0161anai.","robots":{"index":"index","follow":"follow","max-snippet":"max-snippet:-1","max-image-preview":"max-image-preview:large","max-video-preview":"max-video-preview:-1"},"canonical":"https:\/\/gohike.lv\/ru\/produkts\/naturehike-aluminija-kempinga-trauku-komplekts\/","og_locale":"ru_RU","og_type":"article","og_title":"Naturehike - Trauku komplekts","og_description":"Naturehike komplekt\u0101cij\u0101 ietilpst visi nepiecie\u0161amie trauki \u0113diena gatavo\u0161anai.","og_url":"https:\/\/gohike.lv\/ru\/produkts\/naturehike-aluminija-kempinga-trauku-komplekts\/","og_site_name":"GoHike","article_publisher":"https:\/\/www.facebook.com\/gohike.shop\/","article_modified_time":"2025-12-30T14:24:43+00:00","og_image":[{"width":720,"height":720,"url":"https:\/\/gohike.lv\/wp-content\/uploads\/2024\/04\/AluminmumCookingSet_-1.webp","type":"image\/webp"}],"twitter_card":"summary_large_image","twitter_title":"Naturehike - Trauku komplekts","twitter_misc":{"\u041f\u0440\u0438\u043c\u0435\u0440\u043d\u043e\u0435 \u0432\u0440\u0435\u043c\u044f \u0434\u043b\u044f \u0447\u0442\u0435\u043d\u0438\u044f":"2 \u043c\u0438\u043d\u0443\u0442\u0430"},"schema":{"@context":"https:\/\/schema.org","@graph":[{"@type":["WebPage","ItemPage"],"@id":"https:\/\/gohike.lv\/ru\/produkts\/naturehike-aluminija-kempinga-trauku-komplekts\/","url":"https:\/\/gohike.lv\/ru\/produkts\/naturehike-aluminija-kempinga-trauku-komplekts\/","name":"Naturehike - Alum\u012bnija kempinga trauku komplekts","isPartOf":{"@id":"https:\/\/gohike.lv\/ru\/#website"},"primaryImageOfPage":{"@id":"https:\/\/gohike.lv\/ru\/produkts\/naturehike-aluminija-kempinga-trauku-komplekts\/#primaryimage"},"image":{"@id":"https:\/\/gohike.lv\/ru\/produkts\/naturehike-aluminija-kempinga-trauku-komplekts\/#primaryimage"},"thumbnailUrl":"https:\/\/gohike.lv\/wp-content\/uploads\/2024\/04\/AluminmumCookingSet_-1.webp","datePublished":"2024-05-07T08:40:11+00:00","dateModified":"2025-12-30T14:24:43+00:00","description":"Naturehike komplekt\u0101cij\u0101 ietilpst visi nepiecie\u0161amie trauki \u0113diena gatavo\u0161anai.","breadcrumb":{"@id":"https:\/\/gohike.lv\/ru\/produkts\/naturehike-aluminija-kempinga-trauku-komplekts\/#breadcrumb"},"inLanguage":"ru-RU","potentialAction":[{"@type":"ReadAction","target":["https:\/\/gohike.lv\/ru\/produkts\/naturehike-aluminija-kempinga-trauku-komplekts\/"]}]},{"@type":"ImageObject","inLanguage":"ru-RU","@id":"https:\/\/gohike.lv\/ru\/produkts\/naturehike-aluminija-kempinga-trauku-komplekts\/#primaryimage","url":"https:\/\/gohike.lv\/wp-content\/uploads\/2024\/04\/AluminmumCookingSet_-1.webp","contentUrl":"https:\/\/gohike.lv\/wp-content\/uploads\/2024\/04\/AluminmumCookingSet_-1.webp","width":720,"height":720},{"@type":"BreadcrumbList","@id":"https:\/\/gohike.lv\/ru\/produkts\/naturehike-aluminija-kempinga-trauku-komplekts\/#breadcrumb","itemListElement":[{"@type":"ListItem","position":1,"name":"\u0413\u043b\u0430\u0432\u043d\u0430\u044f","item":"https:\/\/gohike.lv\/ru\/"},{"@type":"ListItem","position":2,"name":"\u041a\u0430\u0442\u0435\u0433\u043e\u0440\u0438\u0438 \u0442\u043e\u0432\u0430\u0440\u043e\u0432","item":"https:\/\/gohike.lv\/%d0%ba%d0%b0%d1%82%d0%b5%d0%b3%d0%be%d1%80%d0%b8%d0%b8-%d1%82%d0%be%d0%b2%d0%b0%d1%80%d0%be%d0%b2\/"},{"@type":"ListItem","position":3,"name":"Naturehike &#8211; Alum\u012bnija kempinga trauku komplekts"}]},{"@type":"WebSite","@id":"https:\/\/gohike.lv\/ru\/#website","url":"https:\/\/gohike.lv\/ru\/","name":"GoHike","description":"","publisher":{"@id":"https:\/\/gohike.lv\/ru\/#organization"},"potentialAction":[{"@type":"SearchAction","target":{"@type":"EntryPoint","urlTemplate":"https:\/\/gohike.lv\/ru\/?s={search_term_string}"},"query-input":{"@type":"PropertyValueSpecification","valueRequired":true,"valueName":"search_term_string"}}],"inLanguage":"ru-RU"},{"@type":"Organization","@id":"https:\/\/gohike.lv\/ru\/#organization","name":"GoHike","url":"https:\/\/gohike.lv\/ru\/","logo":{"@type":"ImageObject","inLanguage":"ru-RU","@id":"https:\/\/gohike.lv\/ru\/#\/schema\/logo\/image\/","url":"https:\/\/gohike.lv\/wp-content\/uploads\/2023\/08\/Logo_GoHike.webp","contentUrl":"https:\/\/gohike.lv\/wp-content\/uploads\/2023\/08\/Logo_GoHike.webp","width":512,"height":512,"caption":"GoHike"},"image":{"@id":"https:\/\/gohike.lv\/ru\/#\/schema\/logo\/image\/"},"sameAs":["https:\/\/www.facebook.com\/gohike.shop\/","https:\/\/www.instagram.com\/gohike.shop\/"]}]}},"jetpack_sharing_enabled":true,"_links":{"self":[{"href":"https:\/\/gohike.lv\/ru\/wp-json\/wp\/v2\/product\/53069","targetHints":{"allow":["GET"]}}],"collection":[{"href":"https:\/\/gohike.lv\/ru\/wp-json\/wp\/v2\/product"}],"about":[{"href":"https:\/\/gohike.lv\/ru\/wp-json\/wp\/v2\/types\/product"}],"version-history":[{"count":0,"href":"https:\/\/gohike.lv\/ru\/wp-json\/wp\/v2\/product\/53069\/revisions"}],"wp:featuredmedia":[{"embeddable":true,"href":"https:\/\/gohike.lv\/ru\/wp-json\/wp\/v2\/media\/35415"}],"wp:attachment":[{"href":"https:\/\/gohike.lv\/ru\/wp-json\/wp\/v2\/media?parent=53069"}],"wp:term":[{"taxonomy":"product_brand","embeddable":true,"href":"https:\/\/gohike.lv\/ru\/wp-json\/wp\/v2\/product_brand?post=53069"},{"taxonomy":"product_cat","embeddable":true,"href":"https:\/\/gohike.lv\/ru\/wp-json\/wp\/v2\/product_cat?post=53069"},{"taxonomy":"product_tag","embeddable":true,"href":"https:\/\/gohike.lv\/ru\/wp-json\/wp\/v2\/product_tag?post=53069"}],"curies":[{"name":"wp","href":"https:\/\/api.w.org\/{rel}","templated":true}]}}