{"id":53067,"date":"2024-05-07T11:40:11","date_gmt":"2024-05-07T08:40:11","guid":{"rendered":"https:\/\/gohike.lv\/produkts\/naturehike-aluminija-kempinga-trauku-komplekts-ar-tejkannu\/"},"modified":"2026-01-02T20:01:30","modified_gmt":"2026-01-02T17:01:30","slug":"naturehike-aluminija-kempinga-trauku-komplekts-ar-tejkannu","status":"publish","type":"product","link":"https:\/\/gohike.lv\/ru\/produkts\/naturehike-aluminija-kempinga-trauku-komplekts-ar-tejkannu\/","title":{"rendered":"Naturehike &#8212; Alum\u012bnija kempinga trauku komplekts ar t\u0113jkannu"},"content":{"rendered":"<p>Komplekts sast\u0101v no \u010detriem elementiem: katli\u0146a, t\u0113jkannas, pannas un t\u0113jkannas, kas izgatavotas no \u012bpa\u0161i viegla alum\u012bnija sakaus\u0113juma.<br \/>\nMet\u0101la augst\u0101 siltumvad\u012btsp\u0113ja veicina p\u0101rtikas \u0101tru uzsild\u012b\u0161anu.<br \/>\nNepiedego\u0161s p\u0101rkl\u0101jums ne\u013cauj \u0113dienam piedegt cep\u0161anas laik\u0101.<br \/>\nTrauku tilpums un izm\u0113ri:<br \/>\nPanna: tilpums \u2013 2 l, izm\u0113rs \u2013 173 x 97 mm;<br \/>\nKatls: tilpums \u2013 2,9 l, izm\u0113rs \u2013 190 x 116 mm;<br \/>\nT\u0113jkanna: tilpums \u2013 1,4 l, izm\u0113rs \u2013 153 x 84 mm;<br \/>\nPanna: izm\u0113rs \u2013 199 x 50 mm, sieni\u0146u biezums \u2013 1,2 mm.<br \/>\nIzm\u0113ri saloc\u012bt\u0101 st\u0101vokl\u012b \u2013 204 x 122 mm;<br \/>\nKomplekta svars 928 g.<br \/>\nVirtuves trauki ir apr\u012bkoti ar salok\u0101miem rokturiem ar plastmasas ielikt\u0146iem.<br \/>\nTie pasarg\u0101 no apdegumiem, no\u0146emot traukus no uguns. Komplekt\u0101 ietilpst ar\u012b viens univers\u0101la izm\u0113ra v\u0101ks.<br \/>\nV\u0101kam ir siltumizol\u0113jo\u0161s rokturis un caurumi ab\u0101s pus\u0113s.<br \/>\nKomplekt\u0101 uzglab\u0101\u0161anas soma.<\/p>\n","protected":false},"excerpt":{"rendered":"<p>Iecien\u012bt\u0101ko \u0113dienu un karsto dz\u0113rienu pagatavo\u0161ana dab\u0101 ir vienk\u0101r\u0161a un \u0113rta, ja arsen\u0101l\u0101 ir funkcion\u0101ls liela izm\u0113ra virtuves piederumu komplekts Naturehike.<\/p>\n","protected":false},"featured_media":35399,"template":"","meta":[],"product_brand":[13432],"product_cat":[12743],"product_tag":[],"class_list":{"0":"post-53067","1":"product","2":"type-product","3":"status-publish","4":"has-post-thumbnail","6":"product_brand-naturehike-ru","7":"product_cat-12743","8":"pa_materiali-aluminija-sakausejums","9":"pa_produkta-tips-katli-un-pannas","10":"pa_saliktas-preces-izmerscm-20-520-514","12":"first","13":"instock","14":"taxable","15":"shipping-taxable","16":"purchasable","17":"product-type-simple"},"raw_content":{"name":"Naturehike - Alum\u012bnija kempinga trauku komplekts ar t\u0113jkannu","description":"Komplekts sast\u0101v no \u010detriem elementiem: katli\u0146a, t\u0113jkannas, pannas un t\u0113jkannas, kas izgatavotas no \u012bpa\u0161i viegla alum\u012bnija sakaus\u0113juma.\nMet\u0101la augst\u0101 siltumvad\u012btsp\u0113ja veicina p\u0101rtikas \u0101tru uzsild\u012b\u0161anu.\nNepiedego\u0161s p\u0101rkl\u0101jums ne\u013cauj \u0113dienam piedegt cep\u0161anas laik\u0101.\nTrauku tilpums un izm\u0113ri:\nPanna: tilpums \u2013 2 l, izm\u0113rs \u2013 173 x 97 mm;\nKatls: tilpums \u2013 2,9 l, izm\u0113rs \u2013 190 x 116 mm;\nT\u0113jkanna: tilpums \u2013 1,4 l, izm\u0113rs \u2013 153 x 84 mm;\nPanna: izm\u0113rs \u2013 199 x 50 mm, sieni\u0146u biezums \u2013 1,2 mm.\nIzm\u0113ri saloc\u012bt\u0101 st\u0101vokl\u012b \u2013 204 x 122 mm;\nKomplekta svars 928 g.\nVirtuves trauki ir apr\u012bkoti ar salok\u0101miem rokturiem ar plastmasas ielikt\u0146iem.\nTie pasarg\u0101 no apdegumiem, no\u0146emot traukus no uguns. Komplekt\u0101 ietilpst ar\u012b viens univers\u0101la izm\u0113ra v\u0101ks.\nV\u0101kam ir siltumizol\u0113jo\u0161s rokturis un caurumi ab\u0101s pus\u0113s.\nKomplekt\u0101 uzglab\u0101\u0161anas soma.","short_description":"Iecien\u012bt\u0101ko \u0113dienu un karsto dz\u0113rienu pagatavo\u0161ana dab\u0101 ir vienk\u0101r\u0161a un \u0113rta, ja arsen\u0101l\u0101 ir funkcion\u0101ls liela izm\u0113ra virtuves piederumu komplekts Naturehike.","status":"publish","sku":"6927595799413","original":53067},"wpml":{"translation_type":1,"has_translations":true,"original":53067,"duplicates":[],"translations":{"lv":53067,"en":68557,"ru":null}},"supplier_id":null,"supplier_sku":"","barcode":null,"atum_controlled":true,"out_stock_date":null,"out_stock_threshold":null,"inheritable":false,"inbound_stock":0,"stock_on_hold":0,"sold_today":0,"sales_last_days":0,"reserved_stock":0,"customer_returns":0,"warehouse_damage":0,"lost_in_post":0,"other_logs":0,"out_stock_days":0,"lost_sales":0,"has_location":false,"update_date":"2026-01-02T17:01:31","atum_locations":[],"atum_stock_status":"instock","restock_status":false,"low_stock_amount":"","sales_update_date":"2025-11-13T14:08:21","calc_backorders":null,"yoast_head":"<!-- This site is optimized with the Yoast SEO plugin v27.3 - https:\/\/yoast.com\/product\/yoast-seo-wordpress\/ -->\n<title>Naturehike - Alum\u012bnija kempinga trauku komplekts ar t\u0113jkannu<\/title>\n<meta name=\"description\" content=\"Iecien\u012bt\u0101ko \u0113dienu un karsto dz\u0113rienu pagatavo\u0161ana dab\u0101 ir vienk\u0101r\u0161a un \u0113rta, ja arsen\u0101l\u0101 ir funkcion\u0101ls liela izm\u0113ra virtuves piederumu komplekts Naturehike.\" \/>\n<meta name=\"robots\" content=\"index, follow, max-snippet:-1, max-image-preview:large, max-video-preview:-1\" \/>\n<link rel=\"canonical\" href=\"https:\/\/gohike.lv\/ru\/produkts\/naturehike-aluminija-kempinga-trauku-komplekts-ar-tejkannu\/\" \/>\n<meta property=\"og:locale\" content=\"ru_RU\" \/>\n<meta property=\"og:type\" content=\"article\" \/>\n<meta property=\"og:title\" content=\"Naturehike - Trauku komplekts\" \/>\n<meta property=\"og:description\" content=\"Iecien\u012bt\u0101ko \u0113dienu un karsto dz\u0113rienu pagatavo\u0161ana dab\u0101 ir vienk\u0101r\u0161a un \u0113rta, ja arsen\u0101l\u0101 ir funkcion\u0101ls liela izm\u0113ra virtuves piederumu komplekts Naturehike.\" \/>\n<meta property=\"og:url\" content=\"https:\/\/gohike.lv\/ru\/produkts\/naturehike-aluminija-kempinga-trauku-komplekts-ar-tejkannu\/\" \/>\n<meta property=\"og:site_name\" content=\"GoHike\" \/>\n<meta property=\"article:publisher\" content=\"https:\/\/www.facebook.com\/gohike.shop\/\" \/>\n<meta property=\"article:modified_time\" content=\"2026-01-02T17:01:30+00:00\" \/>\n<meta property=\"og:image\" content=\"https:\/\/gohike.lv\/wp-content\/uploads\/2024\/04\/AluminmumCookingSet_Kettle.png\" \/>\n\t<meta property=\"og:image:width\" content=\"626\" \/>\n\t<meta property=\"og:image:height\" content=\"626\" \/>\n\t<meta property=\"og:image:type\" content=\"image\/png\" \/>\n<meta name=\"twitter:card\" content=\"summary_large_image\" \/>\n<meta name=\"twitter:title\" content=\"Naturehike - Trauku komplekts\" \/>\n<meta name=\"twitter:label1\" content=\"\u041f\u0440\u0438\u043c\u0435\u0440\u043d\u043e\u0435 \u0432\u0440\u0435\u043c\u044f \u0434\u043b\u044f \u0447\u0442\u0435\u043d\u0438\u044f\" \/>\n\t<meta name=\"twitter:data1\" content=\"1 \u043c\u0438\u043d\u0443\u0442\u0430\" \/>\n<script type=\"application\/ld+json\" class=\"yoast-schema-graph\">{\"@context\":\"https:\\\/\\\/schema.org\",\"@graph\":[{\"@type\":[\"WebPage\",\"ItemPage\"],\"@id\":\"https:\\\/\\\/gohike.lv\\\/ru\\\/produkts\\\/naturehike-aluminija-kempinga-trauku-komplekts-ar-tejkannu\\\/\",\"url\":\"https:\\\/\\\/gohike.lv\\\/ru\\\/produkts\\\/naturehike-aluminija-kempinga-trauku-komplekts-ar-tejkannu\\\/\",\"name\":\"Naturehike - Alum\u012bnija kempinga trauku komplekts ar t\u0113jkannu\",\"isPartOf\":{\"@id\":\"https:\\\/\\\/gohike.lv\\\/ru\\\/#website\"},\"primaryImageOfPage\":{\"@id\":\"https:\\\/\\\/gohike.lv\\\/ru\\\/produkts\\\/naturehike-aluminija-kempinga-trauku-komplekts-ar-tejkannu\\\/#primaryimage\"},\"image\":{\"@id\":\"https:\\\/\\\/gohike.lv\\\/ru\\\/produkts\\\/naturehike-aluminija-kempinga-trauku-komplekts-ar-tejkannu\\\/#primaryimage\"},\"thumbnailUrl\":\"https:\\\/\\\/gohike.lv\\\/wp-content\\\/uploads\\\/2024\\\/04\\\/AluminmumCookingSet_Kettle.png\",\"datePublished\":\"2024-05-07T08:40:11+00:00\",\"dateModified\":\"2026-01-02T17:01:30+00:00\",\"description\":\"Iecien\u012bt\u0101ko \u0113dienu un karsto dz\u0113rienu pagatavo\u0161ana dab\u0101 ir vienk\u0101r\u0161a un \u0113rta, ja arsen\u0101l\u0101 ir funkcion\u0101ls liela izm\u0113ra virtuves piederumu komplekts Naturehike.\",\"breadcrumb\":{\"@id\":\"https:\\\/\\\/gohike.lv\\\/ru\\\/produkts\\\/naturehike-aluminija-kempinga-trauku-komplekts-ar-tejkannu\\\/#breadcrumb\"},\"inLanguage\":\"ru-RU\",\"potentialAction\":[{\"@type\":\"ReadAction\",\"target\":[\"https:\\\/\\\/gohike.lv\\\/ru\\\/produkts\\\/naturehike-aluminija-kempinga-trauku-komplekts-ar-tejkannu\\\/\"]}]},{\"@type\":\"ImageObject\",\"inLanguage\":\"ru-RU\",\"@id\":\"https:\\\/\\\/gohike.lv\\\/ru\\\/produkts\\\/naturehike-aluminija-kempinga-trauku-komplekts-ar-tejkannu\\\/#primaryimage\",\"url\":\"https:\\\/\\\/gohike.lv\\\/wp-content\\\/uploads\\\/2024\\\/04\\\/AluminmumCookingSet_Kettle.png\",\"contentUrl\":\"https:\\\/\\\/gohike.lv\\\/wp-content\\\/uploads\\\/2024\\\/04\\\/AluminmumCookingSet_Kettle.png\",\"width\":626,\"height\":626},{\"@type\":\"BreadcrumbList\",\"@id\":\"https:\\\/\\\/gohike.lv\\\/ru\\\/produkts\\\/naturehike-aluminija-kempinga-trauku-komplekts-ar-tejkannu\\\/#breadcrumb\",\"itemListElement\":[{\"@type\":\"ListItem\",\"position\":1,\"name\":\"\u0413\u043b\u0430\u0432\u043d\u0430\u044f\",\"item\":\"https:\\\/\\\/gohike.lv\\\/ru\\\/\"},{\"@type\":\"ListItem\",\"position\":2,\"name\":\"\u041a\u0430\u0442\u0435\u0433\u043e\u0440\u0438\u0438 \u0442\u043e\u0432\u0430\u0440\u043e\u0432\",\"item\":\"https:\\\/\\\/gohike.lv\\\/%d0%ba%d0%b0%d1%82%d0%b5%d0%b3%d0%be%d1%80%d0%b8%d0%b8-%d1%82%d0%be%d0%b2%d0%b0%d1%80%d0%be%d0%b2\\\/\"},{\"@type\":\"ListItem\",\"position\":3,\"name\":\"Naturehike &#8211; Alum\u012bnija kempinga trauku komplekts ar t\u0113jkannu\"}]},{\"@type\":\"WebSite\",\"@id\":\"https:\\\/\\\/gohike.lv\\\/ru\\\/#website\",\"url\":\"https:\\\/\\\/gohike.lv\\\/ru\\\/\",\"name\":\"GoHike\",\"description\":\"\",\"publisher\":{\"@id\":\"https:\\\/\\\/gohike.lv\\\/ru\\\/#organization\"},\"potentialAction\":[{\"@type\":\"SearchAction\",\"target\":{\"@type\":\"EntryPoint\",\"urlTemplate\":\"https:\\\/\\\/gohike.lv\\\/ru\\\/?s={search_term_string}\"},\"query-input\":{\"@type\":\"PropertyValueSpecification\",\"valueRequired\":true,\"valueName\":\"search_term_string\"}}],\"inLanguage\":\"ru-RU\"},{\"@type\":\"Organization\",\"@id\":\"https:\\\/\\\/gohike.lv\\\/ru\\\/#organization\",\"name\":\"GoHike\",\"url\":\"https:\\\/\\\/gohike.lv\\\/ru\\\/\",\"logo\":{\"@type\":\"ImageObject\",\"inLanguage\":\"ru-RU\",\"@id\":\"https:\\\/\\\/gohike.lv\\\/ru\\\/#\\\/schema\\\/logo\\\/image\\\/\",\"url\":\"https:\\\/\\\/gohike.lv\\\/wp-content\\\/uploads\\\/2023\\\/08\\\/Logo_GoHike.webp\",\"contentUrl\":\"https:\\\/\\\/gohike.lv\\\/wp-content\\\/uploads\\\/2023\\\/08\\\/Logo_GoHike.webp\",\"width\":512,\"height\":512,\"caption\":\"GoHike\"},\"image\":{\"@id\":\"https:\\\/\\\/gohike.lv\\\/ru\\\/#\\\/schema\\\/logo\\\/image\\\/\"},\"sameAs\":[\"https:\\\/\\\/www.facebook.com\\\/gohike.shop\\\/\",\"https:\\\/\\\/www.instagram.com\\\/gohike.shop\\\/\"]}]}<\/script>\n<!-- \/ Yoast SEO plugin. -->","yoast_head_json":{"title":"Naturehike - Alum\u012bnija kempinga trauku komplekts ar t\u0113jkannu","description":"Iecien\u012bt\u0101ko \u0113dienu un karsto dz\u0113rienu pagatavo\u0161ana dab\u0101 ir vienk\u0101r\u0161a un \u0113rta, ja arsen\u0101l\u0101 ir funkcion\u0101ls liela izm\u0113ra virtuves piederumu komplekts Naturehike.","robots":{"index":"index","follow":"follow","max-snippet":"max-snippet:-1","max-image-preview":"max-image-preview:large","max-video-preview":"max-video-preview:-1"},"canonical":"https:\/\/gohike.lv\/ru\/produkts\/naturehike-aluminija-kempinga-trauku-komplekts-ar-tejkannu\/","og_locale":"ru_RU","og_type":"article","og_title":"Naturehike - Trauku komplekts","og_description":"Iecien\u012bt\u0101ko \u0113dienu un karsto dz\u0113rienu pagatavo\u0161ana dab\u0101 ir vienk\u0101r\u0161a un \u0113rta, ja arsen\u0101l\u0101 ir funkcion\u0101ls liela izm\u0113ra virtuves piederumu komplekts Naturehike.","og_url":"https:\/\/gohike.lv\/ru\/produkts\/naturehike-aluminija-kempinga-trauku-komplekts-ar-tejkannu\/","og_site_name":"GoHike","article_publisher":"https:\/\/www.facebook.com\/gohike.shop\/","article_modified_time":"2026-01-02T17:01:30+00:00","og_image":[{"width":626,"height":626,"url":"https:\/\/gohike.lv\/wp-content\/uploads\/2024\/04\/AluminmumCookingSet_Kettle.png","type":"image\/png"}],"twitter_card":"summary_large_image","twitter_title":"Naturehike - Trauku komplekts","twitter_misc":{"\u041f\u0440\u0438\u043c\u0435\u0440\u043d\u043e\u0435 \u0432\u0440\u0435\u043c\u044f \u0434\u043b\u044f \u0447\u0442\u0435\u043d\u0438\u044f":"1 \u043c\u0438\u043d\u0443\u0442\u0430"},"schema":{"@context":"https:\/\/schema.org","@graph":[{"@type":["WebPage","ItemPage"],"@id":"https:\/\/gohike.lv\/ru\/produkts\/naturehike-aluminija-kempinga-trauku-komplekts-ar-tejkannu\/","url":"https:\/\/gohike.lv\/ru\/produkts\/naturehike-aluminija-kempinga-trauku-komplekts-ar-tejkannu\/","name":"Naturehike - Alum\u012bnija kempinga trauku komplekts ar t\u0113jkannu","isPartOf":{"@id":"https:\/\/gohike.lv\/ru\/#website"},"primaryImageOfPage":{"@id":"https:\/\/gohike.lv\/ru\/produkts\/naturehike-aluminija-kempinga-trauku-komplekts-ar-tejkannu\/#primaryimage"},"image":{"@id":"https:\/\/gohike.lv\/ru\/produkts\/naturehike-aluminija-kempinga-trauku-komplekts-ar-tejkannu\/#primaryimage"},"thumbnailUrl":"https:\/\/gohike.lv\/wp-content\/uploads\/2024\/04\/AluminmumCookingSet_Kettle.png","datePublished":"2024-05-07T08:40:11+00:00","dateModified":"2026-01-02T17:01:30+00:00","description":"Iecien\u012bt\u0101ko \u0113dienu un karsto dz\u0113rienu pagatavo\u0161ana dab\u0101 ir vienk\u0101r\u0161a un \u0113rta, ja arsen\u0101l\u0101 ir funkcion\u0101ls liela izm\u0113ra virtuves piederumu komplekts Naturehike.","breadcrumb":{"@id":"https:\/\/gohike.lv\/ru\/produkts\/naturehike-aluminija-kempinga-trauku-komplekts-ar-tejkannu\/#breadcrumb"},"inLanguage":"ru-RU","potentialAction":[{"@type":"ReadAction","target":["https:\/\/gohike.lv\/ru\/produkts\/naturehike-aluminija-kempinga-trauku-komplekts-ar-tejkannu\/"]}]},{"@type":"ImageObject","inLanguage":"ru-RU","@id":"https:\/\/gohike.lv\/ru\/produkts\/naturehike-aluminija-kempinga-trauku-komplekts-ar-tejkannu\/#primaryimage","url":"https:\/\/gohike.lv\/wp-content\/uploads\/2024\/04\/AluminmumCookingSet_Kettle.png","contentUrl":"https:\/\/gohike.lv\/wp-content\/uploads\/2024\/04\/AluminmumCookingSet_Kettle.png","width":626,"height":626},{"@type":"BreadcrumbList","@id":"https:\/\/gohike.lv\/ru\/produkts\/naturehike-aluminija-kempinga-trauku-komplekts-ar-tejkannu\/#breadcrumb","itemListElement":[{"@type":"ListItem","position":1,"name":"\u0413\u043b\u0430\u0432\u043d\u0430\u044f","item":"https:\/\/gohike.lv\/ru\/"},{"@type":"ListItem","position":2,"name":"\u041a\u0430\u0442\u0435\u0433\u043e\u0440\u0438\u0438 \u0442\u043e\u0432\u0430\u0440\u043e\u0432","item":"https:\/\/gohike.lv\/%d0%ba%d0%b0%d1%82%d0%b5%d0%b3%d0%be%d1%80%d0%b8%d0%b8-%d1%82%d0%be%d0%b2%d0%b0%d1%80%d0%be%d0%b2\/"},{"@type":"ListItem","position":3,"name":"Naturehike &#8211; Alum\u012bnija kempinga trauku komplekts ar t\u0113jkannu"}]},{"@type":"WebSite","@id":"https:\/\/gohike.lv\/ru\/#website","url":"https:\/\/gohike.lv\/ru\/","name":"GoHike","description":"","publisher":{"@id":"https:\/\/gohike.lv\/ru\/#organization"},"potentialAction":[{"@type":"SearchAction","target":{"@type":"EntryPoint","urlTemplate":"https:\/\/gohike.lv\/ru\/?s={search_term_string}"},"query-input":{"@type":"PropertyValueSpecification","valueRequired":true,"valueName":"search_term_string"}}],"inLanguage":"ru-RU"},{"@type":"Organization","@id":"https:\/\/gohike.lv\/ru\/#organization","name":"GoHike","url":"https:\/\/gohike.lv\/ru\/","logo":{"@type":"ImageObject","inLanguage":"ru-RU","@id":"https:\/\/gohike.lv\/ru\/#\/schema\/logo\/image\/","url":"https:\/\/gohike.lv\/wp-content\/uploads\/2023\/08\/Logo_GoHike.webp","contentUrl":"https:\/\/gohike.lv\/wp-content\/uploads\/2023\/08\/Logo_GoHike.webp","width":512,"height":512,"caption":"GoHike"},"image":{"@id":"https:\/\/gohike.lv\/ru\/#\/schema\/logo\/image\/"},"sameAs":["https:\/\/www.facebook.com\/gohike.shop\/","https:\/\/www.instagram.com\/gohike.shop\/"]}]}},"jetpack_sharing_enabled":true,"_links":{"self":[{"href":"https:\/\/gohike.lv\/ru\/wp-json\/wp\/v2\/product\/53067","targetHints":{"allow":["GET"]}}],"collection":[{"href":"https:\/\/gohike.lv\/ru\/wp-json\/wp\/v2\/product"}],"about":[{"href":"https:\/\/gohike.lv\/ru\/wp-json\/wp\/v2\/types\/product"}],"version-history":[{"count":0,"href":"https:\/\/gohike.lv\/ru\/wp-json\/wp\/v2\/product\/53067\/revisions"}],"wp:featuredmedia":[{"embeddable":true,"href":"https:\/\/gohike.lv\/ru\/wp-json\/wp\/v2\/media\/35399"}],"wp:attachment":[{"href":"https:\/\/gohike.lv\/ru\/wp-json\/wp\/v2\/media?parent=53067"}],"wp:term":[{"taxonomy":"product_brand","embeddable":true,"href":"https:\/\/gohike.lv\/ru\/wp-json\/wp\/v2\/product_brand?post=53067"},{"taxonomy":"product_cat","embeddable":true,"href":"https:\/\/gohike.lv\/ru\/wp-json\/wp\/v2\/product_cat?post=53067"},{"taxonomy":"product_tag","embeddable":true,"href":"https:\/\/gohike.lv\/ru\/wp-json\/wp\/v2\/product_tag?post=53067"}],"curies":[{"name":"wp","href":"https:\/\/api.w.org\/{rel}","templated":true}]}}