{"id":53065,"date":"2024-05-07T11:40:02","date_gmt":"2024-05-07T08:40:02","guid":{"rendered":"https:\/\/gohike.lv\/produkts\/naturehike-aluminija-virtuves-piederumi-kempingiem-uzlaboti\/"},"modified":"2026-03-06T21:37:01","modified_gmt":"2026-03-06T18:37:01","slug":"naturehike-aluminija-virtuves-piederumi-kempingiem-uzlaboti","status":"publish","type":"product","link":"https:\/\/gohike.lv\/ru\/produkts\/naturehike-aluminija-virtuves-piederumi-kempingiem-uzlaboti\/","title":{"rendered":"Naturehike &#8212; Alum\u012bnija virtuves piederumi kempingam\u00a0&#8212; uzlaboti"},"content":{"rendered":"<p>Katli tiek ievietoti viens otr\u0101, ietaupot apr\u012bkojuma lietder\u012bgo tilpumu. Tos var izmantot ar\u012b k\u0101 \u0161\u0137\u012bvjus.<br \/>\nVisi produkti ir izgatavoti no augstas kvalit\u0101tes anod\u0113ta alum\u012bnija, kas nov\u0113r\u0161 p\u0101rtikas piedeg\u0161anu un ir viegli t\u012br\u0101mi.<br \/>\nSpecifik\u0101cijas:<br \/>\nMateri\u0101ls: anod\u0113ts alum\u012bnijs;<br \/>\nSvars: 465 g;<br \/>\nIzm\u0113rs salikt\u0101 veid\u0101: 14,5&#215;14,5&#215;18 cm;<br \/>\nKatlu izm\u0113rs un svars:<br \/>\nNr.1: 14,8&#215;11 cm, 155 g;<br \/>\nNr.2: 13,8&#215;6,5 cm, 99 g;<br \/>\nNr.3: 13&#215;9,8 cm, 127 g;<br \/>\nNr.4: 12,1&#215;6,3 cm, 82 g.<\/p>\n","protected":false},"excerpt":{"rendered":"<p>Naturehike Camping virtuves piederumu komplekts, kas ir paredz\u0113ts 2-3 person\u0101m, ietver 2 katlus un 2 v\u0101kus.<\/p>\n","protected":false},"featured_media":35392,"template":"","meta":[],"product_brand":[167],"product_cat":[1012],"product_tag":[],"class_list":{"0":"post-53065","1":"product","2":"type-product","3":"status-publish","4":"has-post-thumbnail","6":"product_brand-naturehike-lv","7":"product_cat-virtuves-piederumi","8":"pa_izmeriscm-big-pot146110mm-pot-cover13865mm-small-pot13098mm-small-pot-cover12163mm","9":"pa_materiali-aluminija-sakausejums","10":"pa_produkta-tips-katli-un-pannas","11":"pa_spalva-tumsi-peleks","13":"first","14":"instock","15":"taxable","16":"shipping-taxable","17":"purchasable","18":"product-type-simple"},"raw_content":{"name":"Naturehike - Alum\u012bnija virtuves piederumi kempingam\u00a0- uzlaboti","description":"Katli tiek ievietoti viens otr\u0101, ietaupot apr\u012bkojuma lietder\u012bgo tilpumu. Tos var izmantot ar\u012b k\u0101 \u0161\u0137\u012bvjus.\nVisi produkti ir izgatavoti no augstas kvalit\u0101tes anod\u0113ta alum\u012bnija, kas nov\u0113r\u0161 p\u0101rtikas piedeg\u0161anu un ir viegli t\u012br\u0101mi.\nSpecifik\u0101cijas:\nMateri\u0101ls: anod\u0113ts alum\u012bnijs;\nSvars: 465 g;\nIzm\u0113rs salikt\u0101 veid\u0101: 14,5x14,5x18 cm;\nKatlu izm\u0113rs un svars:\nNr.1: 14,8x11 cm, 155 g;\nNr.2: 13,8x6,5 cm, 99 g;\nNr.3: 13x9,8 cm, 127 g;\nNr.4: 12,1x6,3 cm, 82 g.","short_description":"Naturehike Camping virtuves piederumu komplekts, kas ir paredz\u0113ts 2-3 person\u0101m, ietver 2 katlus un 2 v\u0101kus.","status":"publish","sku":"6927595730324","original":53065},"wpml":{"translation_type":1,"has_translations":true,"original":53065,"duplicates":[],"translations":{"lv":53065,"en":68549,"ru":null}},"supplier_id":null,"supplier_sku":"","barcode":null,"atum_controlled":true,"out_stock_date":null,"out_stock_threshold":null,"inheritable":false,"inbound_stock":0,"stock_on_hold":0,"sold_today":0,"sales_last_days":0,"reserved_stock":0,"customer_returns":0,"warehouse_damage":0,"lost_in_post":0,"other_logs":0,"out_stock_days":0,"lost_sales":0,"has_location":false,"update_date":"2026-03-06T18:37:03","atum_locations":[],"atum_stock_status":"instock","restock_status":false,"low_stock_amount":"","sales_update_date":"2025-11-13T14:08:33","calc_backorders":null,"yoast_head":"<!-- This site is optimized with the Yoast SEO plugin v27.3 - https:\/\/yoast.com\/product\/yoast-seo-wordpress\/ -->\n<title>Naturehike - Alum\u012bnija virtuves piederumi kempingam\u00a0- uzlaboti<\/title>\n<meta name=\"description\" content=\"Naturehike Camping virtuves piederumu komplekts, kas ir paredz\u0113ts 2-3 person\u0101m, ietver 2 katlus un 2 v\u0101kus.\" \/>\n<meta name=\"robots\" content=\"index, follow, max-snippet:-1, max-image-preview:large, max-video-preview:-1\" \/>\n<link rel=\"canonical\" href=\"https:\/\/gohike.lv\/ru\/produkts\/naturehike-aluminija-virtuves-piederumi-kempingiem-uzlaboti\/\" \/>\n<meta property=\"og:locale\" content=\"ru_RU\" \/>\n<meta property=\"og:type\" content=\"article\" \/>\n<meta property=\"og:title\" content=\"Naturehike - Kempinga piederumi\" \/>\n<meta property=\"og:description\" content=\"Naturehike Camping virtuves piederumu komplekts, kas ir paredz\u0113ts 2-3 person\u0101m, ietver 2 katlus un 2 v\u0101kus.\" \/>\n<meta property=\"og:url\" content=\"https:\/\/gohike.lv\/ru\/produkts\/naturehike-aluminija-virtuves-piederumi-kempingiem-uzlaboti\/\" \/>\n<meta property=\"og:site_name\" content=\"GoHike\" \/>\n<meta property=\"article:publisher\" content=\"https:\/\/www.facebook.com\/gohike.shop\/\" \/>\n<meta property=\"article:modified_time\" content=\"2026-03-06T18:37:01+00:00\" \/>\n<meta property=\"og:image\" content=\"https:\/\/gohike.lv\/wp-content\/uploads\/2024\/04\/UtencilsCookware_upgraded-1.webp\" \/>\n\t<meta property=\"og:image:width\" content=\"640\" \/>\n\t<meta property=\"og:image:height\" content=\"640\" \/>\n\t<meta property=\"og:image:type\" content=\"image\/webp\" \/>\n<meta name=\"twitter:card\" content=\"summary_large_image\" \/>\n<meta name=\"twitter:title\" content=\"Naturehike - Kempinga piederumi\" \/>\n<meta name=\"twitter:label1\" content=\"\u041f\u0440\u0438\u043c\u0435\u0440\u043d\u043e\u0435 \u0432\u0440\u0435\u043c\u044f \u0434\u043b\u044f \u0447\u0442\u0435\u043d\u0438\u044f\" \/>\n\t<meta name=\"twitter:data1\" content=\"1 \u043c\u0438\u043d\u0443\u0442\u0430\" \/>\n<script type=\"application\/ld+json\" class=\"yoast-schema-graph\">{\"@context\":\"https:\\\/\\\/schema.org\",\"@graph\":[{\"@type\":[\"WebPage\",\"ItemPage\"],\"@id\":\"https:\\\/\\\/gohike.lv\\\/ru\\\/produkts\\\/naturehike-aluminija-virtuves-piederumi-kempingiem-uzlaboti\\\/\",\"url\":\"https:\\\/\\\/gohike.lv\\\/ru\\\/produkts\\\/naturehike-aluminija-virtuves-piederumi-kempingiem-uzlaboti\\\/\",\"name\":\"Naturehike - Alum\u012bnija virtuves piederumi kempingam\u00a0- uzlaboti\",\"isPartOf\":{\"@id\":\"https:\\\/\\\/gohike.lv\\\/ru\\\/#website\"},\"primaryImageOfPage\":{\"@id\":\"https:\\\/\\\/gohike.lv\\\/ru\\\/produkts\\\/naturehike-aluminija-virtuves-piederumi-kempingiem-uzlaboti\\\/#primaryimage\"},\"image\":{\"@id\":\"https:\\\/\\\/gohike.lv\\\/ru\\\/produkts\\\/naturehike-aluminija-virtuves-piederumi-kempingiem-uzlaboti\\\/#primaryimage\"},\"thumbnailUrl\":\"https:\\\/\\\/gohike.lv\\\/wp-content\\\/uploads\\\/2024\\\/04\\\/UtencilsCookware_upgraded-1.webp\",\"datePublished\":\"2024-05-07T08:40:02+00:00\",\"dateModified\":\"2026-03-06T18:37:01+00:00\",\"description\":\"Naturehike Camping virtuves piederumu komplekts, kas ir paredz\u0113ts 2-3 person\u0101m, ietver 2 katlus un 2 v\u0101kus.\",\"breadcrumb\":{\"@id\":\"https:\\\/\\\/gohike.lv\\\/ru\\\/produkts\\\/naturehike-aluminija-virtuves-piederumi-kempingiem-uzlaboti\\\/#breadcrumb\"},\"inLanguage\":\"ru-RU\",\"potentialAction\":[{\"@type\":\"ReadAction\",\"target\":[\"https:\\\/\\\/gohike.lv\\\/ru\\\/produkts\\\/naturehike-aluminija-virtuves-piederumi-kempingiem-uzlaboti\\\/\"]}]},{\"@type\":\"ImageObject\",\"inLanguage\":\"ru-RU\",\"@id\":\"https:\\\/\\\/gohike.lv\\\/ru\\\/produkts\\\/naturehike-aluminija-virtuves-piederumi-kempingiem-uzlaboti\\\/#primaryimage\",\"url\":\"https:\\\/\\\/gohike.lv\\\/wp-content\\\/uploads\\\/2024\\\/04\\\/UtencilsCookware_upgraded-1.webp\",\"contentUrl\":\"https:\\\/\\\/gohike.lv\\\/wp-content\\\/uploads\\\/2024\\\/04\\\/UtencilsCookware_upgraded-1.webp\",\"width\":640,\"height\":640},{\"@type\":\"BreadcrumbList\",\"@id\":\"https:\\\/\\\/gohike.lv\\\/ru\\\/produkts\\\/naturehike-aluminija-virtuves-piederumi-kempingiem-uzlaboti\\\/#breadcrumb\",\"itemListElement\":[{\"@type\":\"ListItem\",\"position\":1,\"name\":\"\u0413\u043b\u0430\u0432\u043d\u0430\u044f\",\"item\":\"https:\\\/\\\/gohike.lv\\\/ru\\\/\"},{\"@type\":\"ListItem\",\"position\":2,\"name\":\"\u041a\u0430\u0442\u0435\u0433\u043e\u0440\u0438\u0438 \u0442\u043e\u0432\u0430\u0440\u043e\u0432\",\"item\":\"https:\\\/\\\/gohike.lv\\\/%d0%ba%d0%b0%d1%82%d0%b5%d0%b3%d0%be%d1%80%d0%b8%d0%b8-%d1%82%d0%be%d0%b2%d0%b0%d1%80%d0%be%d0%b2\\\/\"},{\"@type\":\"ListItem\",\"position\":3,\"name\":\"Naturehike &#8211; Alum\u012bnija virtuves piederumi kempingam\u00a0&#8211; uzlaboti\"}]},{\"@type\":\"WebSite\",\"@id\":\"https:\\\/\\\/gohike.lv\\\/ru\\\/#website\",\"url\":\"https:\\\/\\\/gohike.lv\\\/ru\\\/\",\"name\":\"GoHike\",\"description\":\"\",\"publisher\":{\"@id\":\"https:\\\/\\\/gohike.lv\\\/ru\\\/#organization\"},\"potentialAction\":[{\"@type\":\"SearchAction\",\"target\":{\"@type\":\"EntryPoint\",\"urlTemplate\":\"https:\\\/\\\/gohike.lv\\\/ru\\\/?s={search_term_string}\"},\"query-input\":{\"@type\":\"PropertyValueSpecification\",\"valueRequired\":true,\"valueName\":\"search_term_string\"}}],\"inLanguage\":\"ru-RU\"},{\"@type\":\"Organization\",\"@id\":\"https:\\\/\\\/gohike.lv\\\/ru\\\/#organization\",\"name\":\"GoHike\",\"url\":\"https:\\\/\\\/gohike.lv\\\/ru\\\/\",\"logo\":{\"@type\":\"ImageObject\",\"inLanguage\":\"ru-RU\",\"@id\":\"https:\\\/\\\/gohike.lv\\\/ru\\\/#\\\/schema\\\/logo\\\/image\\\/\",\"url\":\"https:\\\/\\\/gohike.lv\\\/wp-content\\\/uploads\\\/2023\\\/08\\\/Logo_GoHike.webp\",\"contentUrl\":\"https:\\\/\\\/gohike.lv\\\/wp-content\\\/uploads\\\/2023\\\/08\\\/Logo_GoHike.webp\",\"width\":512,\"height\":512,\"caption\":\"GoHike\"},\"image\":{\"@id\":\"https:\\\/\\\/gohike.lv\\\/ru\\\/#\\\/schema\\\/logo\\\/image\\\/\"},\"sameAs\":[\"https:\\\/\\\/www.facebook.com\\\/gohike.shop\\\/\",\"https:\\\/\\\/www.instagram.com\\\/gohike.shop\\\/\"]}]}<\/script>\n<!-- \/ Yoast SEO plugin. -->","yoast_head_json":{"title":"Naturehike - Alum\u012bnija virtuves piederumi kempingam\u00a0- uzlaboti","description":"Naturehike Camping virtuves piederumu komplekts, kas ir paredz\u0113ts 2-3 person\u0101m, ietver 2 katlus un 2 v\u0101kus.","robots":{"index":"index","follow":"follow","max-snippet":"max-snippet:-1","max-image-preview":"max-image-preview:large","max-video-preview":"max-video-preview:-1"},"canonical":"https:\/\/gohike.lv\/ru\/produkts\/naturehike-aluminija-virtuves-piederumi-kempingiem-uzlaboti\/","og_locale":"ru_RU","og_type":"article","og_title":"Naturehike - Kempinga piederumi","og_description":"Naturehike Camping virtuves piederumu komplekts, kas ir paredz\u0113ts 2-3 person\u0101m, ietver 2 katlus un 2 v\u0101kus.","og_url":"https:\/\/gohike.lv\/ru\/produkts\/naturehike-aluminija-virtuves-piederumi-kempingiem-uzlaboti\/","og_site_name":"GoHike","article_publisher":"https:\/\/www.facebook.com\/gohike.shop\/","article_modified_time":"2026-03-06T18:37:01+00:00","og_image":[{"width":640,"height":640,"url":"https:\/\/gohike.lv\/wp-content\/uploads\/2024\/04\/UtencilsCookware_upgraded-1.webp","type":"image\/webp"}],"twitter_card":"summary_large_image","twitter_title":"Naturehike - Kempinga piederumi","twitter_misc":{"\u041f\u0440\u0438\u043c\u0435\u0440\u043d\u043e\u0435 \u0432\u0440\u0435\u043c\u044f \u0434\u043b\u044f \u0447\u0442\u0435\u043d\u0438\u044f":"1 \u043c\u0438\u043d\u0443\u0442\u0430"},"schema":{"@context":"https:\/\/schema.org","@graph":[{"@type":["WebPage","ItemPage"],"@id":"https:\/\/gohike.lv\/ru\/produkts\/naturehike-aluminija-virtuves-piederumi-kempingiem-uzlaboti\/","url":"https:\/\/gohike.lv\/ru\/produkts\/naturehike-aluminija-virtuves-piederumi-kempingiem-uzlaboti\/","name":"Naturehike - Alum\u012bnija virtuves piederumi kempingam\u00a0- uzlaboti","isPartOf":{"@id":"https:\/\/gohike.lv\/ru\/#website"},"primaryImageOfPage":{"@id":"https:\/\/gohike.lv\/ru\/produkts\/naturehike-aluminija-virtuves-piederumi-kempingiem-uzlaboti\/#primaryimage"},"image":{"@id":"https:\/\/gohike.lv\/ru\/produkts\/naturehike-aluminija-virtuves-piederumi-kempingiem-uzlaboti\/#primaryimage"},"thumbnailUrl":"https:\/\/gohike.lv\/wp-content\/uploads\/2024\/04\/UtencilsCookware_upgraded-1.webp","datePublished":"2024-05-07T08:40:02+00:00","dateModified":"2026-03-06T18:37:01+00:00","description":"Naturehike Camping virtuves piederumu komplekts, kas ir paredz\u0113ts 2-3 person\u0101m, ietver 2 katlus un 2 v\u0101kus.","breadcrumb":{"@id":"https:\/\/gohike.lv\/ru\/produkts\/naturehike-aluminija-virtuves-piederumi-kempingiem-uzlaboti\/#breadcrumb"},"inLanguage":"ru-RU","potentialAction":[{"@type":"ReadAction","target":["https:\/\/gohike.lv\/ru\/produkts\/naturehike-aluminija-virtuves-piederumi-kempingiem-uzlaboti\/"]}]},{"@type":"ImageObject","inLanguage":"ru-RU","@id":"https:\/\/gohike.lv\/ru\/produkts\/naturehike-aluminija-virtuves-piederumi-kempingiem-uzlaboti\/#primaryimage","url":"https:\/\/gohike.lv\/wp-content\/uploads\/2024\/04\/UtencilsCookware_upgraded-1.webp","contentUrl":"https:\/\/gohike.lv\/wp-content\/uploads\/2024\/04\/UtencilsCookware_upgraded-1.webp","width":640,"height":640},{"@type":"BreadcrumbList","@id":"https:\/\/gohike.lv\/ru\/produkts\/naturehike-aluminija-virtuves-piederumi-kempingiem-uzlaboti\/#breadcrumb","itemListElement":[{"@type":"ListItem","position":1,"name":"\u0413\u043b\u0430\u0432\u043d\u0430\u044f","item":"https:\/\/gohike.lv\/ru\/"},{"@type":"ListItem","position":2,"name":"\u041a\u0430\u0442\u0435\u0433\u043e\u0440\u0438\u0438 \u0442\u043e\u0432\u0430\u0440\u043e\u0432","item":"https:\/\/gohike.lv\/%d0%ba%d0%b0%d1%82%d0%b5%d0%b3%d0%be%d1%80%d0%b8%d0%b8-%d1%82%d0%be%d0%b2%d0%b0%d1%80%d0%be%d0%b2\/"},{"@type":"ListItem","position":3,"name":"Naturehike &#8211; Alum\u012bnija virtuves piederumi kempingam\u00a0&#8211; uzlaboti"}]},{"@type":"WebSite","@id":"https:\/\/gohike.lv\/ru\/#website","url":"https:\/\/gohike.lv\/ru\/","name":"GoHike","description":"","publisher":{"@id":"https:\/\/gohike.lv\/ru\/#organization"},"potentialAction":[{"@type":"SearchAction","target":{"@type":"EntryPoint","urlTemplate":"https:\/\/gohike.lv\/ru\/?s={search_term_string}"},"query-input":{"@type":"PropertyValueSpecification","valueRequired":true,"valueName":"search_term_string"}}],"inLanguage":"ru-RU"},{"@type":"Organization","@id":"https:\/\/gohike.lv\/ru\/#organization","name":"GoHike","url":"https:\/\/gohike.lv\/ru\/","logo":{"@type":"ImageObject","inLanguage":"ru-RU","@id":"https:\/\/gohike.lv\/ru\/#\/schema\/logo\/image\/","url":"https:\/\/gohike.lv\/wp-content\/uploads\/2023\/08\/Logo_GoHike.webp","contentUrl":"https:\/\/gohike.lv\/wp-content\/uploads\/2023\/08\/Logo_GoHike.webp","width":512,"height":512,"caption":"GoHike"},"image":{"@id":"https:\/\/gohike.lv\/ru\/#\/schema\/logo\/image\/"},"sameAs":["https:\/\/www.facebook.com\/gohike.shop\/","https:\/\/www.instagram.com\/gohike.shop\/"]}]}},"jetpack_sharing_enabled":true,"_links":{"self":[{"href":"https:\/\/gohike.lv\/ru\/wp-json\/wp\/v2\/product\/53065","targetHints":{"allow":["GET"]}}],"collection":[{"href":"https:\/\/gohike.lv\/ru\/wp-json\/wp\/v2\/product"}],"about":[{"href":"https:\/\/gohike.lv\/ru\/wp-json\/wp\/v2\/types\/product"}],"version-history":[{"count":0,"href":"https:\/\/gohike.lv\/ru\/wp-json\/wp\/v2\/product\/53065\/revisions"}],"wp:featuredmedia":[{"embeddable":true,"href":"https:\/\/gohike.lv\/ru\/wp-json\/wp\/v2\/media\/35392"}],"wp:attachment":[{"href":"https:\/\/gohike.lv\/ru\/wp-json\/wp\/v2\/media?parent=53065"}],"wp:term":[{"taxonomy":"product_brand","embeddable":true,"href":"https:\/\/gohike.lv\/ru\/wp-json\/wp\/v2\/product_brand?post=53065"},{"taxonomy":"product_cat","embeddable":true,"href":"https:\/\/gohike.lv\/ru\/wp-json\/wp\/v2\/product_cat?post=53065"},{"taxonomy":"product_tag","embeddable":true,"href":"https:\/\/gohike.lv\/ru\/wp-json\/wp\/v2\/product_tag?post=53065"}],"curies":[{"name":"wp","href":"https:\/\/api.w.org\/{rel}","templated":true}]}}