{"id":53061,"date":"2024-05-07T11:40:02","date_gmt":"2024-05-07T08:40:02","guid":{"rendered":"https:\/\/gohike.lv\/produkts\/naturehike-4-in-1-virtuves-piederumu-komplekts-kempingam\/"},"modified":"2025-12-30T17:24:43","modified_gmt":"2025-12-30T14:24:43","slug":"naturehike-4-in-1-virtuves-piederumu-komplekts-kempingam","status":"publish","type":"product","link":"https:\/\/gohike.lv\/ru\/produkts\/naturehike-4-in-1-virtuves-piederumu-komplekts-kempingam\/","title":{"rendered":"Naturehike &#8212; 4in1 virtuves piederumu komplekts kempingam"},"content":{"rendered":"<p>Komplekts ir paredz\u0113ts \u0113diena gatavo\u0161anai gan uz atkl\u0101tas uguns, gan uz sildvirsmas.<br \/>\nKatlus var salikt vienu otr\u0101, ietaupot vietu.<br \/>\nKatli un panna ir izgatavoti no kvalitat\u012bva andoriz\u0113ta alum\u012bnija, kas ne\u013cauj \u0113dienam piedegt un ir viegli t\u012br\u0101ms.<br \/>\nKomplektam ir izsmalcin\u0101ti, siltumizol\u0113ti rokturi.<br \/>\nRaksturlielumi:<br \/>\nKatlu un pannu materi\u0101ls: anod\u0113ts alum\u012bnijs;<br \/>\nPiederumu materi\u0101ls: p\u0101rtikas plastmasa;<br \/>\nSvars: 680 g;<br \/>\nIzm\u0113rs salikt\u0101 veid\u0101: 19 x 10 x 18 cm;<br \/>\nKatlu izm\u0113ri:<br \/>\nNr.1: 14,8 x 8,5 cm;<br \/>\nNr.2: 11,72 x 9,8 cm;<br \/>\nPannas izm\u0113rs: 18 x 4,3 cm.<\/p>\n","protected":false},"excerpt":{"rendered":"<p>Naturehike virtuves piederumu komplekts ietver 2 katlus un 2 v\u0101kus, cepe\u0161pannu, 3 b\u013codas, l\u0101psti\u0146u un s\u016bkli.<\/p>\n","protected":false},"featured_media":35362,"template":"","meta":[],"product_brand":[167],"product_cat":[1012],"product_tag":[],"class_list":{"0":"post-53061","1":"product","2":"type-product","3":"status-publish","4":"has-post-thumbnail","6":"product_brand-naturehike-lv","7":"product_cat-virtuves-piederumi","8":"pa_izmeriscm-small-pot-14-88-5-big-pot-17-29-8-frying-pan-184-3","9":"pa_materiali-aluminija-sakausejums-piederums-bloda-3-pp","10":"pa_materiali-karote-1-abs","11":"pa_materiali-partikas-karote-1","12":"pa_materiali-suklis-1","13":"pa_produkta-tips-katli-un-pannas","14":"pa_spalva-tumsi-peleks","16":"first","17":"instock","18":"taxable","19":"shipping-taxable","20":"purchasable","21":"product-type-simple"},"raw_content":{"name":"Naturehike - 4in1 virtuves piederumu komplekts kempingam","description":"Komplekts ir paredz\u0113ts \u0113diena gatavo\u0161anai gan uz atkl\u0101tas uguns, gan uz sildvirsmas.\nKatlus var salikt vienu otr\u0101, ietaupot vietu.\nKatli un panna ir izgatavoti no kvalitat\u012bva andoriz\u0113ta alum\u012bnija, kas ne\u013cauj \u0113dienam piedegt un ir viegli t\u012br\u0101ms.\nKomplektam ir izsmalcin\u0101ti, siltumizol\u0113ti rokturi.\nRaksturlielumi:\nKatlu un pannu materi\u0101ls: anod\u0113ts alum\u012bnijs;\nPiederumu materi\u0101ls: p\u0101rtikas plastmasa;\nSvars: 680 g;\nIzm\u0113rs salikt\u0101 veid\u0101: 19 x 10 x 18 cm;\nKatlu izm\u0113ri:\nNr.1: 14,8 x 8,5 cm;\nNr.2: 11,72 x 9,8 cm;\nPannas izm\u0113rs: 18 x 4,3 cm.","short_description":"Naturehike virtuves piederumu komplekts ietver 2 katlus un 2 v\u0101kus, cepe\u0161pannu, 3 b\u013codas, l\u0101psti\u0146u un s\u016bkli.","status":"publish","sku":"6927595787205","original":53061},"wpml":{"translation_type":1,"has_translations":true,"original":53061,"duplicates":[],"translations":{"lv":53061,"en":68554,"ru":null}},"supplier_id":null,"supplier_sku":"","barcode":null,"atum_controlled":true,"out_stock_date":null,"out_stock_threshold":null,"inheritable":false,"inbound_stock":null,"stock_on_hold":0,"sold_today":0,"sales_last_days":0,"reserved_stock":null,"customer_returns":null,"warehouse_damage":null,"lost_in_post":null,"other_logs":null,"out_stock_days":0,"lost_sales":0,"has_location":null,"update_date":"2025-12-30T14:30:38","atum_locations":[],"atum_stock_status":"instock","restock_status":false,"low_stock_amount":"","sales_update_date":"2025-11-13T14:08:19","calc_backorders":null,"yoast_head":"<!-- This site is optimized with the Yoast SEO plugin v27.3 - https:\/\/yoast.com\/product\/yoast-seo-wordpress\/ -->\n<title>Naturehike - 4in1 virtuves piederumu komplekts kempingam<\/title>\n<meta name=\"description\" content=\"Naturehike virtuves piederumu komplekts ietver 2 katlus un 2 v\u0101kus, cepe\u0161pannu, 3 b\u013codas, l\u0101psti\u0146u un s\u016bkli.\" \/>\n<meta name=\"robots\" content=\"index, follow, max-snippet:-1, max-image-preview:large, max-video-preview:-1\" \/>\n<link rel=\"canonical\" href=\"https:\/\/gohike.lv\/ru\/produkts\/naturehike-4-in-1-virtuves-piederumu-komplekts-kempingam\/\" \/>\n<meta property=\"og:locale\" content=\"ru_RU\" \/>\n<meta property=\"og:type\" content=\"article\" \/>\n<meta property=\"og:title\" content=\"Naturehike - Kempinga piederumi\" \/>\n<meta property=\"og:description\" content=\"Naturehike virtuves piederumu komplekts ietver 2 katlus un 2 v\u0101kus, cepe\u0161pannu, 3 b\u013codas, l\u0101psti\u0146u un s\u016bkli.\" \/>\n<meta property=\"og:url\" content=\"https:\/\/gohike.lv\/ru\/produkts\/naturehike-4-in-1-virtuves-piederumu-komplekts-kempingam\/\" \/>\n<meta property=\"og:site_name\" content=\"GoHike\" \/>\n<meta property=\"article:publisher\" content=\"https:\/\/www.facebook.com\/gohike.shop\/\" \/>\n<meta property=\"article:modified_time\" content=\"2025-12-30T14:24:43+00:00\" \/>\n<meta property=\"og:image\" content=\"https:\/\/gohike.lv\/wp-content\/uploads\/2024\/04\/4in1TablewareSet_-1.webp\" \/>\n\t<meta property=\"og:image:width\" content=\"800\" \/>\n\t<meta property=\"og:image:height\" content=\"800\" \/>\n\t<meta property=\"og:image:type\" content=\"image\/webp\" \/>\n<meta name=\"twitter:card\" content=\"summary_large_image\" \/>\n<meta name=\"twitter:title\" content=\"Naturehike - Kempinga piederumi\" \/>\n<meta name=\"twitter:label1\" content=\"\u041f\u0440\u0438\u043c\u0435\u0440\u043d\u043e\u0435 \u0432\u0440\u0435\u043c\u044f \u0434\u043b\u044f \u0447\u0442\u0435\u043d\u0438\u044f\" \/>\n\t<meta name=\"twitter:data1\" content=\"1 \u043c\u0438\u043d\u0443\u0442\u0430\" \/>\n<script type=\"application\/ld+json\" class=\"yoast-schema-graph\">{\"@context\":\"https:\\\/\\\/schema.org\",\"@graph\":[{\"@type\":[\"WebPage\",\"ItemPage\"],\"@id\":\"https:\\\/\\\/gohike.lv\\\/ru\\\/produkts\\\/naturehike-4-in-1-virtuves-piederumu-komplekts-kempingam\\\/\",\"url\":\"https:\\\/\\\/gohike.lv\\\/ru\\\/produkts\\\/naturehike-4-in-1-virtuves-piederumu-komplekts-kempingam\\\/\",\"name\":\"Naturehike - 4in1 virtuves piederumu komplekts kempingam\",\"isPartOf\":{\"@id\":\"https:\\\/\\\/gohike.lv\\\/ru\\\/#website\"},\"primaryImageOfPage\":{\"@id\":\"https:\\\/\\\/gohike.lv\\\/ru\\\/produkts\\\/naturehike-4-in-1-virtuves-piederumu-komplekts-kempingam\\\/#primaryimage\"},\"image\":{\"@id\":\"https:\\\/\\\/gohike.lv\\\/ru\\\/produkts\\\/naturehike-4-in-1-virtuves-piederumu-komplekts-kempingam\\\/#primaryimage\"},\"thumbnailUrl\":\"https:\\\/\\\/gohike.lv\\\/wp-content\\\/uploads\\\/2024\\\/04\\\/4in1TablewareSet_-1.webp\",\"datePublished\":\"2024-05-07T08:40:02+00:00\",\"dateModified\":\"2025-12-30T14:24:43+00:00\",\"description\":\"Naturehike virtuves piederumu komplekts ietver 2 katlus un 2 v\u0101kus, cepe\u0161pannu, 3 b\u013codas, l\u0101psti\u0146u un s\u016bkli.\",\"breadcrumb\":{\"@id\":\"https:\\\/\\\/gohike.lv\\\/ru\\\/produkts\\\/naturehike-4-in-1-virtuves-piederumu-komplekts-kempingam\\\/#breadcrumb\"},\"inLanguage\":\"ru-RU\",\"potentialAction\":[{\"@type\":\"ReadAction\",\"target\":[\"https:\\\/\\\/gohike.lv\\\/ru\\\/produkts\\\/naturehike-4-in-1-virtuves-piederumu-komplekts-kempingam\\\/\"]}]},{\"@type\":\"ImageObject\",\"inLanguage\":\"ru-RU\",\"@id\":\"https:\\\/\\\/gohike.lv\\\/ru\\\/produkts\\\/naturehike-4-in-1-virtuves-piederumu-komplekts-kempingam\\\/#primaryimage\",\"url\":\"https:\\\/\\\/gohike.lv\\\/wp-content\\\/uploads\\\/2024\\\/04\\\/4in1TablewareSet_-1.webp\",\"contentUrl\":\"https:\\\/\\\/gohike.lv\\\/wp-content\\\/uploads\\\/2024\\\/04\\\/4in1TablewareSet_-1.webp\",\"width\":800,\"height\":800},{\"@type\":\"BreadcrumbList\",\"@id\":\"https:\\\/\\\/gohike.lv\\\/ru\\\/produkts\\\/naturehike-4-in-1-virtuves-piederumu-komplekts-kempingam\\\/#breadcrumb\",\"itemListElement\":[{\"@type\":\"ListItem\",\"position\":1,\"name\":\"\u0413\u043b\u0430\u0432\u043d\u0430\u044f\",\"item\":\"https:\\\/\\\/gohike.lv\\\/ru\\\/\"},{\"@type\":\"ListItem\",\"position\":2,\"name\":\"\u041a\u0430\u0442\u0435\u0433\u043e\u0440\u0438\u0438 \u0442\u043e\u0432\u0430\u0440\u043e\u0432\",\"item\":\"https:\\\/\\\/gohike.lv\\\/%d0%ba%d0%b0%d1%82%d0%b5%d0%b3%d0%be%d1%80%d0%b8%d0%b8-%d1%82%d0%be%d0%b2%d0%b0%d1%80%d0%be%d0%b2\\\/\"},{\"@type\":\"ListItem\",\"position\":3,\"name\":\"Naturehike &#8211; 4in1 virtuves piederumu komplekts kempingam\"}]},{\"@type\":\"WebSite\",\"@id\":\"https:\\\/\\\/gohike.lv\\\/ru\\\/#website\",\"url\":\"https:\\\/\\\/gohike.lv\\\/ru\\\/\",\"name\":\"GoHike\",\"description\":\"\",\"publisher\":{\"@id\":\"https:\\\/\\\/gohike.lv\\\/ru\\\/#organization\"},\"potentialAction\":[{\"@type\":\"SearchAction\",\"target\":{\"@type\":\"EntryPoint\",\"urlTemplate\":\"https:\\\/\\\/gohike.lv\\\/ru\\\/?s={search_term_string}\"},\"query-input\":{\"@type\":\"PropertyValueSpecification\",\"valueRequired\":true,\"valueName\":\"search_term_string\"}}],\"inLanguage\":\"ru-RU\"},{\"@type\":\"Organization\",\"@id\":\"https:\\\/\\\/gohike.lv\\\/ru\\\/#organization\",\"name\":\"GoHike\",\"url\":\"https:\\\/\\\/gohike.lv\\\/ru\\\/\",\"logo\":{\"@type\":\"ImageObject\",\"inLanguage\":\"ru-RU\",\"@id\":\"https:\\\/\\\/gohike.lv\\\/ru\\\/#\\\/schema\\\/logo\\\/image\\\/\",\"url\":\"https:\\\/\\\/gohike.lv\\\/wp-content\\\/uploads\\\/2023\\\/08\\\/Logo_GoHike.webp\",\"contentUrl\":\"https:\\\/\\\/gohike.lv\\\/wp-content\\\/uploads\\\/2023\\\/08\\\/Logo_GoHike.webp\",\"width\":512,\"height\":512,\"caption\":\"GoHike\"},\"image\":{\"@id\":\"https:\\\/\\\/gohike.lv\\\/ru\\\/#\\\/schema\\\/logo\\\/image\\\/\"},\"sameAs\":[\"https:\\\/\\\/www.facebook.com\\\/gohike.shop\\\/\",\"https:\\\/\\\/www.instagram.com\\\/gohike.shop\\\/\"]}]}<\/script>\n<!-- \/ Yoast SEO plugin. -->","yoast_head_json":{"title":"Naturehike - 4in1 virtuves piederumu komplekts kempingam","description":"Naturehike virtuves piederumu komplekts ietver 2 katlus un 2 v\u0101kus, cepe\u0161pannu, 3 b\u013codas, l\u0101psti\u0146u un s\u016bkli.","robots":{"index":"index","follow":"follow","max-snippet":"max-snippet:-1","max-image-preview":"max-image-preview:large","max-video-preview":"max-video-preview:-1"},"canonical":"https:\/\/gohike.lv\/ru\/produkts\/naturehike-4-in-1-virtuves-piederumu-komplekts-kempingam\/","og_locale":"ru_RU","og_type":"article","og_title":"Naturehike - Kempinga piederumi","og_description":"Naturehike virtuves piederumu komplekts ietver 2 katlus un 2 v\u0101kus, cepe\u0161pannu, 3 b\u013codas, l\u0101psti\u0146u un s\u016bkli.","og_url":"https:\/\/gohike.lv\/ru\/produkts\/naturehike-4-in-1-virtuves-piederumu-komplekts-kempingam\/","og_site_name":"GoHike","article_publisher":"https:\/\/www.facebook.com\/gohike.shop\/","article_modified_time":"2025-12-30T14:24:43+00:00","og_image":[{"width":800,"height":800,"url":"https:\/\/gohike.lv\/wp-content\/uploads\/2024\/04\/4in1TablewareSet_-1.webp","type":"image\/webp"}],"twitter_card":"summary_large_image","twitter_title":"Naturehike - Kempinga piederumi","twitter_misc":{"\u041f\u0440\u0438\u043c\u0435\u0440\u043d\u043e\u0435 \u0432\u0440\u0435\u043c\u044f \u0434\u043b\u044f \u0447\u0442\u0435\u043d\u0438\u044f":"1 \u043c\u0438\u043d\u0443\u0442\u0430"},"schema":{"@context":"https:\/\/schema.org","@graph":[{"@type":["WebPage","ItemPage"],"@id":"https:\/\/gohike.lv\/ru\/produkts\/naturehike-4-in-1-virtuves-piederumu-komplekts-kempingam\/","url":"https:\/\/gohike.lv\/ru\/produkts\/naturehike-4-in-1-virtuves-piederumu-komplekts-kempingam\/","name":"Naturehike - 4in1 virtuves piederumu komplekts kempingam","isPartOf":{"@id":"https:\/\/gohike.lv\/ru\/#website"},"primaryImageOfPage":{"@id":"https:\/\/gohike.lv\/ru\/produkts\/naturehike-4-in-1-virtuves-piederumu-komplekts-kempingam\/#primaryimage"},"image":{"@id":"https:\/\/gohike.lv\/ru\/produkts\/naturehike-4-in-1-virtuves-piederumu-komplekts-kempingam\/#primaryimage"},"thumbnailUrl":"https:\/\/gohike.lv\/wp-content\/uploads\/2024\/04\/4in1TablewareSet_-1.webp","datePublished":"2024-05-07T08:40:02+00:00","dateModified":"2025-12-30T14:24:43+00:00","description":"Naturehike virtuves piederumu komplekts ietver 2 katlus un 2 v\u0101kus, cepe\u0161pannu, 3 b\u013codas, l\u0101psti\u0146u un s\u016bkli.","breadcrumb":{"@id":"https:\/\/gohike.lv\/ru\/produkts\/naturehike-4-in-1-virtuves-piederumu-komplekts-kempingam\/#breadcrumb"},"inLanguage":"ru-RU","potentialAction":[{"@type":"ReadAction","target":["https:\/\/gohike.lv\/ru\/produkts\/naturehike-4-in-1-virtuves-piederumu-komplekts-kempingam\/"]}]},{"@type":"ImageObject","inLanguage":"ru-RU","@id":"https:\/\/gohike.lv\/ru\/produkts\/naturehike-4-in-1-virtuves-piederumu-komplekts-kempingam\/#primaryimage","url":"https:\/\/gohike.lv\/wp-content\/uploads\/2024\/04\/4in1TablewareSet_-1.webp","contentUrl":"https:\/\/gohike.lv\/wp-content\/uploads\/2024\/04\/4in1TablewareSet_-1.webp","width":800,"height":800},{"@type":"BreadcrumbList","@id":"https:\/\/gohike.lv\/ru\/produkts\/naturehike-4-in-1-virtuves-piederumu-komplekts-kempingam\/#breadcrumb","itemListElement":[{"@type":"ListItem","position":1,"name":"\u0413\u043b\u0430\u0432\u043d\u0430\u044f","item":"https:\/\/gohike.lv\/ru\/"},{"@type":"ListItem","position":2,"name":"\u041a\u0430\u0442\u0435\u0433\u043e\u0440\u0438\u0438 \u0442\u043e\u0432\u0430\u0440\u043e\u0432","item":"https:\/\/gohike.lv\/%d0%ba%d0%b0%d1%82%d0%b5%d0%b3%d0%be%d1%80%d0%b8%d0%b8-%d1%82%d0%be%d0%b2%d0%b0%d1%80%d0%be%d0%b2\/"},{"@type":"ListItem","position":3,"name":"Naturehike &#8211; 4in1 virtuves piederumu komplekts kempingam"}]},{"@type":"WebSite","@id":"https:\/\/gohike.lv\/ru\/#website","url":"https:\/\/gohike.lv\/ru\/","name":"GoHike","description":"","publisher":{"@id":"https:\/\/gohike.lv\/ru\/#organization"},"potentialAction":[{"@type":"SearchAction","target":{"@type":"EntryPoint","urlTemplate":"https:\/\/gohike.lv\/ru\/?s={search_term_string}"},"query-input":{"@type":"PropertyValueSpecification","valueRequired":true,"valueName":"search_term_string"}}],"inLanguage":"ru-RU"},{"@type":"Organization","@id":"https:\/\/gohike.lv\/ru\/#organization","name":"GoHike","url":"https:\/\/gohike.lv\/ru\/","logo":{"@type":"ImageObject","inLanguage":"ru-RU","@id":"https:\/\/gohike.lv\/ru\/#\/schema\/logo\/image\/","url":"https:\/\/gohike.lv\/wp-content\/uploads\/2023\/08\/Logo_GoHike.webp","contentUrl":"https:\/\/gohike.lv\/wp-content\/uploads\/2023\/08\/Logo_GoHike.webp","width":512,"height":512,"caption":"GoHike"},"image":{"@id":"https:\/\/gohike.lv\/ru\/#\/schema\/logo\/image\/"},"sameAs":["https:\/\/www.facebook.com\/gohike.shop\/","https:\/\/www.instagram.com\/gohike.shop\/"]}]}},"jetpack_sharing_enabled":true,"_links":{"self":[{"href":"https:\/\/gohike.lv\/ru\/wp-json\/wp\/v2\/product\/53061","targetHints":{"allow":["GET"]}}],"collection":[{"href":"https:\/\/gohike.lv\/ru\/wp-json\/wp\/v2\/product"}],"about":[{"href":"https:\/\/gohike.lv\/ru\/wp-json\/wp\/v2\/types\/product"}],"version-history":[{"count":0,"href":"https:\/\/gohike.lv\/ru\/wp-json\/wp\/v2\/product\/53061\/revisions"}],"wp:featuredmedia":[{"embeddable":true,"href":"https:\/\/gohike.lv\/ru\/wp-json\/wp\/v2\/media\/35362"}],"wp:attachment":[{"href":"https:\/\/gohike.lv\/ru\/wp-json\/wp\/v2\/media?parent=53061"}],"wp:term":[{"taxonomy":"product_brand","embeddable":true,"href":"https:\/\/gohike.lv\/ru\/wp-json\/wp\/v2\/product_brand?post=53061"},{"taxonomy":"product_cat","embeddable":true,"href":"https:\/\/gohike.lv\/ru\/wp-json\/wp\/v2\/product_cat?post=53061"},{"taxonomy":"product_tag","embeddable":true,"href":"https:\/\/gohike.lv\/ru\/wp-json\/wp\/v2\/product_tag?post=53061"}],"curies":[{"name":"wp","href":"https:\/\/api.w.org\/{rel}","templated":true}]}}