{"id":53055,"date":"2024-05-07T11:39:30","date_gmt":"2024-05-07T08:39:30","guid":{"rendered":"https:\/\/gohike.lv\/produkts\/naturehike-6l-aluminija-katls\/"},"modified":"2025-12-30T17:24:44","modified_gmt":"2025-12-30T14:24:44","slug":"naturehike-6l-aluminija-katls","status":"publish","type":"product","link":"https:\/\/gohike.lv\/ru\/produkts\/naturehike-6l-aluminija-katls\/","title":{"rendered":"Naturehike &#8212; alum\u012bnija katls 6L"},"content":{"rendered":"<p>Katls ir izgatavots no \u012bpa\u0161a augstas iztur\u012bbas alum\u012bnija sakaus\u0113juma.<br \/>\nKatla virsma ir iztur\u012bga pret skr\u0101p\u0113jumiem.<br \/>\nKatlam ir tilpuma dal\u012bjumi.<br \/>\nKatls tiek pieg\u0101d\u0101ts ar \u0113rtu no\u0146emamu met\u0101la rokturi ar speci\u0101lu padzi\u013cin\u0101jumu cilpas form\u0101, kas \u013cauj pak\u0101rt katlu virs uguns.<br \/>\nKatls ir nosl\u0113gts ar iztur\u012bgu v\u0101ku ar siltumizol\u0113jo\u0161u rokturi.<br \/>\nKatls no Naturehike b\u016bs br\u012bni\u0161\u0137\u012bga d\u0101vana tiem, kam pat\u012bk atp\u016bta br\u012bv\u0101 dab\u0101 un p\u0101rg\u0101jieni.<br \/>\nTilpums: 6 l;<br \/>\nSvars: 0,7 kg;<br \/>\nIzm\u0113rs: 23*23*18 cm;<br \/>\nIepakojuma izm\u0113rs: 25*19*24,5 cm;<br \/>\nMateri\u0101ls: alum\u012bnija sakaus\u0113jums, ner\u016bs\u0113jo\u0161ais t\u0113rauds, bakel\u012bts.<\/p>\n","protected":false},"excerpt":{"rendered":"<p>T\u016bristu katls Naturehike Camping &#8212; iztur augstu temperat\u016bru un atkl\u0101tu uguni.<\/p>\n","protected":false},"featured_media":35338,"template":"","meta":[],"product_brand":[167],"product_cat":[1012],"product_tag":[],"class_list":{"0":"post-53055","1":"product","2":"type-product","3":"status-publish","4":"has-post-thumbnail","6":"product_brand-naturehike-lv","7":"product_cat-virtuves-piederumi","8":"pa_izmeriscm-10066","9":"pa_materiali-aluminija-sakausejums","10":"pa_produkta-tips-katli-un-pannas","11":"pa_spalva-peleks","13":"first","14":"outofstock","15":"taxable","16":"shipping-taxable","17":"purchasable","18":"product-type-simple"},"raw_content":{"name":"Naturehike - alum\u012bnija katls 6L","description":"Katls ir izgatavots no \u012bpa\u0161a augstas iztur\u012bbas alum\u012bnija sakaus\u0113juma.\nKatla virsma ir iztur\u012bga pret skr\u0101p\u0113jumiem.\nKatlam ir tilpuma dal\u012bjumi.\nKatls tiek pieg\u0101d\u0101ts ar \u0113rtu no\u0146emamu met\u0101la rokturi ar speci\u0101lu padzi\u013cin\u0101jumu cilpas form\u0101, kas \u013cauj pak\u0101rt katlu virs uguns.\nKatls ir nosl\u0113gts ar iztur\u012bgu v\u0101ku ar siltumizol\u0113jo\u0161u rokturi.\nKatls no Naturehike b\u016bs br\u012bni\u0161\u0137\u012bga d\u0101vana tiem, kam pat\u012bk atp\u016bta br\u012bv\u0101 dab\u0101 un p\u0101rg\u0101jieni.\nTilpums: 6 l;\nSvars: 0,7 kg;\nIzm\u0113rs: 23*23*18 cm;\nIepakojuma izm\u0113rs: 25*19*24,5 cm;\nMateri\u0101ls: alum\u012bnija sakaus\u0113jums, ner\u016bs\u0113jo\u0161ais t\u0113rauds, bakel\u012bts.","short_description":"T\u016bristu katls Naturehike Camping - iztur augstu temperat\u016bru un atkl\u0101tu uguni.","status":"publish","sku":"6927595761748","original":53055},"wpml":{"translation_type":1,"has_translations":true,"original":53055,"duplicates":[],"translations":{"lv":53055,"en":68539,"ru":null}},"supplier_id":null,"supplier_sku":"","barcode":null,"atum_controlled":true,"out_stock_date":"2025-08-05 15:07:53","out_stock_threshold":null,"inheritable":false,"inbound_stock":0,"stock_on_hold":0,"sold_today":0,"sales_last_days":0,"reserved_stock":0,"customer_returns":0,"warehouse_damage":0,"lost_in_post":0,"other_logs":0,"out_stock_days":99,"lost_sales":0,"has_location":false,"update_date":"2025-12-30T14:30:38","atum_locations":[],"atum_stock_status":"outofstock","restock_status":false,"low_stock_amount":"","sales_update_date":"2025-11-13T14:08:19","calc_backorders":null,"yoast_head":"<!-- This site is optimized with the Yoast SEO plugin v27.3 - https:\/\/yoast.com\/product\/yoast-seo-wordpress\/ -->\n<title>Naturehike - alum\u012bnija katls 6L<\/title>\n<meta name=\"description\" content=\"T\u016bristu katls Naturehike Camping - iztur augstu temperat\u016bru un atkl\u0101tu uguni. Katla virsma ir iztur\u012bga pret skr\u0101p\u0113jumiem.\" \/>\n<meta name=\"robots\" content=\"index, follow, max-snippet:-1, max-image-preview:large, max-video-preview:-1\" \/>\n<link rel=\"canonical\" href=\"https:\/\/gohike.lv\/ru\/produkts\/naturehike-6l-aluminija-katls\/\" \/>\n<meta property=\"og:locale\" content=\"ru_RU\" \/>\n<meta property=\"og:type\" content=\"article\" \/>\n<meta property=\"og:title\" content=\"Naturehike - Piekarin\u0101ms pods\" \/>\n<meta property=\"og:description\" content=\"T\u016bristu katls Naturehike Camping - iztur augstu temperat\u016bru un atkl\u0101tu uguni. Katla virsma ir iztur\u012bga pret skr\u0101p\u0113jumiem.\" \/>\n<meta property=\"og:url\" content=\"https:\/\/gohike.lv\/ru\/produkts\/naturehike-6l-aluminija-katls\/\" \/>\n<meta property=\"og:site_name\" content=\"GoHike\" \/>\n<meta property=\"article:publisher\" content=\"https:\/\/www.facebook.com\/gohike.shop\/\" \/>\n<meta property=\"article:modified_time\" content=\"2025-12-30T14:24:44+00:00\" \/>\n<meta property=\"og:image\" content=\"https:\/\/gohike.lv\/wp-content\/uploads\/2024\/04\/6LhangingPot_2-1.webp\" \/>\n\t<meta property=\"og:image:width\" content=\"1500\" \/>\n\t<meta property=\"og:image:height\" content=\"1500\" \/>\n\t<meta property=\"og:image:type\" content=\"image\/webp\" \/>\n<meta name=\"twitter:card\" content=\"summary_large_image\" \/>\n<meta name=\"twitter:title\" content=\"Naturehike - Piekarin\u0101ms pods\" \/>\n<meta name=\"twitter:label1\" content=\"\u041f\u0440\u0438\u043c\u0435\u0440\u043d\u043e\u0435 \u0432\u0440\u0435\u043c\u044f \u0434\u043b\u044f \u0447\u0442\u0435\u043d\u0438\u044f\" \/>\n\t<meta name=\"twitter:data1\" content=\"1 \u043c\u0438\u043d\u0443\u0442\u0430\" \/>\n<script type=\"application\/ld+json\" class=\"yoast-schema-graph\">{\"@context\":\"https:\\\/\\\/schema.org\",\"@graph\":[{\"@type\":[\"WebPage\",\"ItemPage\"],\"@id\":\"https:\\\/\\\/gohike.lv\\\/ru\\\/produkts\\\/naturehike-6l-aluminija-katls\\\/\",\"url\":\"https:\\\/\\\/gohike.lv\\\/ru\\\/produkts\\\/naturehike-6l-aluminija-katls\\\/\",\"name\":\"Naturehike - alum\u012bnija katls 6L\",\"isPartOf\":{\"@id\":\"https:\\\/\\\/gohike.lv\\\/ru\\\/#website\"},\"primaryImageOfPage\":{\"@id\":\"https:\\\/\\\/gohike.lv\\\/ru\\\/produkts\\\/naturehike-6l-aluminija-katls\\\/#primaryimage\"},\"image\":{\"@id\":\"https:\\\/\\\/gohike.lv\\\/ru\\\/produkts\\\/naturehike-6l-aluminija-katls\\\/#primaryimage\"},\"thumbnailUrl\":\"https:\\\/\\\/gohike.lv\\\/wp-content\\\/uploads\\\/2024\\\/04\\\/6LhangingPot_2-1.webp\",\"datePublished\":\"2024-05-07T08:39:30+00:00\",\"dateModified\":\"2025-12-30T14:24:44+00:00\",\"description\":\"T\u016bristu katls Naturehike Camping - iztur augstu temperat\u016bru un atkl\u0101tu uguni. Katla virsma ir iztur\u012bga pret skr\u0101p\u0113jumiem.\",\"breadcrumb\":{\"@id\":\"https:\\\/\\\/gohike.lv\\\/ru\\\/produkts\\\/naturehike-6l-aluminija-katls\\\/#breadcrumb\"},\"inLanguage\":\"ru-RU\",\"potentialAction\":[{\"@type\":\"ReadAction\",\"target\":[\"https:\\\/\\\/gohike.lv\\\/ru\\\/produkts\\\/naturehike-6l-aluminija-katls\\\/\"]}]},{\"@type\":\"ImageObject\",\"inLanguage\":\"ru-RU\",\"@id\":\"https:\\\/\\\/gohike.lv\\\/ru\\\/produkts\\\/naturehike-6l-aluminija-katls\\\/#primaryimage\",\"url\":\"https:\\\/\\\/gohike.lv\\\/wp-content\\\/uploads\\\/2024\\\/04\\\/6LhangingPot_2-1.webp\",\"contentUrl\":\"https:\\\/\\\/gohike.lv\\\/wp-content\\\/uploads\\\/2024\\\/04\\\/6LhangingPot_2-1.webp\",\"width\":1500,\"height\":1500},{\"@type\":\"BreadcrumbList\",\"@id\":\"https:\\\/\\\/gohike.lv\\\/ru\\\/produkts\\\/naturehike-6l-aluminija-katls\\\/#breadcrumb\",\"itemListElement\":[{\"@type\":\"ListItem\",\"position\":1,\"name\":\"\u0413\u043b\u0430\u0432\u043d\u0430\u044f\",\"item\":\"https:\\\/\\\/gohike.lv\\\/ru\\\/\"},{\"@type\":\"ListItem\",\"position\":2,\"name\":\"\u041a\u0430\u0442\u0435\u0433\u043e\u0440\u0438\u0438 \u0442\u043e\u0432\u0430\u0440\u043e\u0432\",\"item\":\"https:\\\/\\\/gohike.lv\\\/%d0%ba%d0%b0%d1%82%d0%b5%d0%b3%d0%be%d1%80%d0%b8%d0%b8-%d1%82%d0%be%d0%b2%d0%b0%d1%80%d0%be%d0%b2\\\/\"},{\"@type\":\"ListItem\",\"position\":3,\"name\":\"Naturehike &#8211; alum\u012bnija katls 6L\"}]},{\"@type\":\"WebSite\",\"@id\":\"https:\\\/\\\/gohike.lv\\\/ru\\\/#website\",\"url\":\"https:\\\/\\\/gohike.lv\\\/ru\\\/\",\"name\":\"GoHike\",\"description\":\"\",\"publisher\":{\"@id\":\"https:\\\/\\\/gohike.lv\\\/ru\\\/#organization\"},\"potentialAction\":[{\"@type\":\"SearchAction\",\"target\":{\"@type\":\"EntryPoint\",\"urlTemplate\":\"https:\\\/\\\/gohike.lv\\\/ru\\\/?s={search_term_string}\"},\"query-input\":{\"@type\":\"PropertyValueSpecification\",\"valueRequired\":true,\"valueName\":\"search_term_string\"}}],\"inLanguage\":\"ru-RU\"},{\"@type\":\"Organization\",\"@id\":\"https:\\\/\\\/gohike.lv\\\/ru\\\/#organization\",\"name\":\"GoHike\",\"url\":\"https:\\\/\\\/gohike.lv\\\/ru\\\/\",\"logo\":{\"@type\":\"ImageObject\",\"inLanguage\":\"ru-RU\",\"@id\":\"https:\\\/\\\/gohike.lv\\\/ru\\\/#\\\/schema\\\/logo\\\/image\\\/\",\"url\":\"https:\\\/\\\/gohike.lv\\\/wp-content\\\/uploads\\\/2023\\\/08\\\/Logo_GoHike.webp\",\"contentUrl\":\"https:\\\/\\\/gohike.lv\\\/wp-content\\\/uploads\\\/2023\\\/08\\\/Logo_GoHike.webp\",\"width\":512,\"height\":512,\"caption\":\"GoHike\"},\"image\":{\"@id\":\"https:\\\/\\\/gohike.lv\\\/ru\\\/#\\\/schema\\\/logo\\\/image\\\/\"},\"sameAs\":[\"https:\\\/\\\/www.facebook.com\\\/gohike.shop\\\/\",\"https:\\\/\\\/www.instagram.com\\\/gohike.shop\\\/\"]}]}<\/script>\n<!-- \/ Yoast SEO plugin. -->","yoast_head_json":{"title":"Naturehike - alum\u012bnija katls 6L","description":"T\u016bristu katls Naturehike Camping - iztur augstu temperat\u016bru un atkl\u0101tu uguni. Katla virsma ir iztur\u012bga pret skr\u0101p\u0113jumiem.","robots":{"index":"index","follow":"follow","max-snippet":"max-snippet:-1","max-image-preview":"max-image-preview:large","max-video-preview":"max-video-preview:-1"},"canonical":"https:\/\/gohike.lv\/ru\/produkts\/naturehike-6l-aluminija-katls\/","og_locale":"ru_RU","og_type":"article","og_title":"Naturehike - Piekarin\u0101ms pods","og_description":"T\u016bristu katls Naturehike Camping - iztur augstu temperat\u016bru un atkl\u0101tu uguni. Katla virsma ir iztur\u012bga pret skr\u0101p\u0113jumiem.","og_url":"https:\/\/gohike.lv\/ru\/produkts\/naturehike-6l-aluminija-katls\/","og_site_name":"GoHike","article_publisher":"https:\/\/www.facebook.com\/gohike.shop\/","article_modified_time":"2025-12-30T14:24:44+00:00","og_image":[{"width":1500,"height":1500,"url":"https:\/\/gohike.lv\/wp-content\/uploads\/2024\/04\/6LhangingPot_2-1.webp","type":"image\/webp"}],"twitter_card":"summary_large_image","twitter_title":"Naturehike - Piekarin\u0101ms pods","twitter_misc":{"\u041f\u0440\u0438\u043c\u0435\u0440\u043d\u043e\u0435 \u0432\u0440\u0435\u043c\u044f \u0434\u043b\u044f \u0447\u0442\u0435\u043d\u0438\u044f":"1 \u043c\u0438\u043d\u0443\u0442\u0430"},"schema":{"@context":"https:\/\/schema.org","@graph":[{"@type":["WebPage","ItemPage"],"@id":"https:\/\/gohike.lv\/ru\/produkts\/naturehike-6l-aluminija-katls\/","url":"https:\/\/gohike.lv\/ru\/produkts\/naturehike-6l-aluminija-katls\/","name":"Naturehike - alum\u012bnija katls 6L","isPartOf":{"@id":"https:\/\/gohike.lv\/ru\/#website"},"primaryImageOfPage":{"@id":"https:\/\/gohike.lv\/ru\/produkts\/naturehike-6l-aluminija-katls\/#primaryimage"},"image":{"@id":"https:\/\/gohike.lv\/ru\/produkts\/naturehike-6l-aluminija-katls\/#primaryimage"},"thumbnailUrl":"https:\/\/gohike.lv\/wp-content\/uploads\/2024\/04\/6LhangingPot_2-1.webp","datePublished":"2024-05-07T08:39:30+00:00","dateModified":"2025-12-30T14:24:44+00:00","description":"T\u016bristu katls Naturehike Camping - iztur augstu temperat\u016bru un atkl\u0101tu uguni. Katla virsma ir iztur\u012bga pret skr\u0101p\u0113jumiem.","breadcrumb":{"@id":"https:\/\/gohike.lv\/ru\/produkts\/naturehike-6l-aluminija-katls\/#breadcrumb"},"inLanguage":"ru-RU","potentialAction":[{"@type":"ReadAction","target":["https:\/\/gohike.lv\/ru\/produkts\/naturehike-6l-aluminija-katls\/"]}]},{"@type":"ImageObject","inLanguage":"ru-RU","@id":"https:\/\/gohike.lv\/ru\/produkts\/naturehike-6l-aluminija-katls\/#primaryimage","url":"https:\/\/gohike.lv\/wp-content\/uploads\/2024\/04\/6LhangingPot_2-1.webp","contentUrl":"https:\/\/gohike.lv\/wp-content\/uploads\/2024\/04\/6LhangingPot_2-1.webp","width":1500,"height":1500},{"@type":"BreadcrumbList","@id":"https:\/\/gohike.lv\/ru\/produkts\/naturehike-6l-aluminija-katls\/#breadcrumb","itemListElement":[{"@type":"ListItem","position":1,"name":"\u0413\u043b\u0430\u0432\u043d\u0430\u044f","item":"https:\/\/gohike.lv\/ru\/"},{"@type":"ListItem","position":2,"name":"\u041a\u0430\u0442\u0435\u0433\u043e\u0440\u0438\u0438 \u0442\u043e\u0432\u0430\u0440\u043e\u0432","item":"https:\/\/gohike.lv\/%d0%ba%d0%b0%d1%82%d0%b5%d0%b3%d0%be%d1%80%d0%b8%d0%b8-%d1%82%d0%be%d0%b2%d0%b0%d1%80%d0%be%d0%b2\/"},{"@type":"ListItem","position":3,"name":"Naturehike &#8211; alum\u012bnija katls 6L"}]},{"@type":"WebSite","@id":"https:\/\/gohike.lv\/ru\/#website","url":"https:\/\/gohike.lv\/ru\/","name":"GoHike","description":"","publisher":{"@id":"https:\/\/gohike.lv\/ru\/#organization"},"potentialAction":[{"@type":"SearchAction","target":{"@type":"EntryPoint","urlTemplate":"https:\/\/gohike.lv\/ru\/?s={search_term_string}"},"query-input":{"@type":"PropertyValueSpecification","valueRequired":true,"valueName":"search_term_string"}}],"inLanguage":"ru-RU"},{"@type":"Organization","@id":"https:\/\/gohike.lv\/ru\/#organization","name":"GoHike","url":"https:\/\/gohike.lv\/ru\/","logo":{"@type":"ImageObject","inLanguage":"ru-RU","@id":"https:\/\/gohike.lv\/ru\/#\/schema\/logo\/image\/","url":"https:\/\/gohike.lv\/wp-content\/uploads\/2023\/08\/Logo_GoHike.webp","contentUrl":"https:\/\/gohike.lv\/wp-content\/uploads\/2023\/08\/Logo_GoHike.webp","width":512,"height":512,"caption":"GoHike"},"image":{"@id":"https:\/\/gohike.lv\/ru\/#\/schema\/logo\/image\/"},"sameAs":["https:\/\/www.facebook.com\/gohike.shop\/","https:\/\/www.instagram.com\/gohike.shop\/"]}]}},"jetpack_sharing_enabled":true,"_links":{"self":[{"href":"https:\/\/gohike.lv\/ru\/wp-json\/wp\/v2\/product\/53055","targetHints":{"allow":["GET"]}}],"collection":[{"href":"https:\/\/gohike.lv\/ru\/wp-json\/wp\/v2\/product"}],"about":[{"href":"https:\/\/gohike.lv\/ru\/wp-json\/wp\/v2\/types\/product"}],"version-history":[{"count":0,"href":"https:\/\/gohike.lv\/ru\/wp-json\/wp\/v2\/product\/53055\/revisions"}],"wp:featuredmedia":[{"embeddable":true,"href":"https:\/\/gohike.lv\/ru\/wp-json\/wp\/v2\/media\/35338"}],"wp:attachment":[{"href":"https:\/\/gohike.lv\/ru\/wp-json\/wp\/v2\/media?parent=53055"}],"wp:term":[{"taxonomy":"product_brand","embeddable":true,"href":"https:\/\/gohike.lv\/ru\/wp-json\/wp\/v2\/product_brand?post=53055"},{"taxonomy":"product_cat","embeddable":true,"href":"https:\/\/gohike.lv\/ru\/wp-json\/wp\/v2\/product_cat?post=53055"},{"taxonomy":"product_tag","embeddable":true,"href":"https:\/\/gohike.lv\/ru\/wp-json\/wp\/v2\/product_tag?post=53055"}],"curies":[{"name":"wp","href":"https:\/\/api.w.org\/{rel}","templated":true}]}}