{"id":53051,"date":"2024-05-07T11:39:30","date_gmt":"2024-05-07T08:39:30","guid":{"rendered":"https:\/\/gohike.lv\/produkts\/naturehike-zj01-ugunskura-stativs\/"},"modified":"2025-12-30T17:24:44","modified_gmt":"2025-12-30T14:24:44","slug":"naturehike-zj01-ugunskura-stativs","status":"publish","type":"product","link":"https:\/\/gohike.lv\/ru\/produkts\/naturehike-zj01-ugunskura-stativs\/","title":{"rendered":"Naturehike &#8212; ZJ01 Ugunskura stat\u012bvs"},"content":{"rendered":"<p>Ide\u0101li piem\u0113rots kempingiem, b\u0101rbekj\u016b un piknikiem.<br \/>\nViegls, \u0113rti p\u0101rn\u0113s\u0101jams.<br \/>\nModelis: NH17S00S-G.<br \/>\nStat\u012bva izm\u0113rs: 53 x 80 cm.<br \/>\n\u0136\u0113des garums: 35 cm.<br \/>\n\u0136\u0113des \u0101\u0137is: 12 cm.<br \/>\nGlab\u0101\u0161anas soma: 10 x 32 cm.<br \/>\nSvars: 440g.<br \/>\nKr\u0101sa: sudraba.<br \/>\nMateri\u0101ls: 6061 alum\u012bnija sakaus\u0113jums.<br \/>\n\u0136\u0113de: ner\u016bs\u0113jo\u0161ais t\u0113rauds.<\/p>\n","protected":false},"excerpt":{"rendered":"<p><span style=\"font-family: Poppins, Arial, Helvetica, sans-serif; font-size: 14px;\">Ugunskura stat\u012bvs ar komplekt\u0101 iek\u013cauto \u0137\u0113di var iztur\u0113t svaru l\u012bdz 5kg. Tas ir viegli t\u012br\u0101ms un kompakts.\u00a0<\/span><\/p>\n","protected":false},"featured_media":35310,"template":"","meta":[],"product_brand":[167],"product_cat":[1099,1012],"product_tag":[],"class_list":{"0":"post-53051","1":"product","2":"type-product","3":"status-publish","4":"has-post-thumbnail","6":"product_brand-naturehike-lv","7":"product_cat-gatavosana-uz-uguns","8":"product_cat-virtuves-piederumi","9":"pa_izmeriscm-10068","10":"pa_materiali-stents-aluminija-sakausejums","11":"pa_produkta-tips-ugunskura-stativi","12":"pa_saliktas-preces-izmerscm-7786","13":"pa_spalva-sudrabs","15":"first","16":"instock","17":"taxable","18":"shipping-taxable","19":"purchasable","20":"product-type-simple"},"raw_content":{"name":"Naturehike - ZJ01 Ugunskura stat\u012bvs","description":"Ide\u0101li piem\u0113rots kempingiem, b\u0101rbekj\u016b un piknikiem.\nViegls, \u0113rti p\u0101rn\u0113s\u0101jams.\nModelis: NH17S00S-G.\nStat\u012bva izm\u0113rs: 53 x 80 cm.\n\u0136\u0113des garums: 35 cm.\n\u0136\u0113des \u0101\u0137is: 12 cm.\nGlab\u0101\u0161anas soma: 10 x 32 cm.\nSvars: 440g.\nKr\u0101sa: sudraba.\nMateri\u0101ls: 6061 alum\u012bnija sakaus\u0113jums.\n\u0136\u0113de: ner\u016bs\u0113jo\u0161ais t\u0113rauds.","short_description":"<span style=\"font-family: Poppins, Arial, Helvetica, sans-serif; font-size: 14px;\">Ugunskura stat\u012bvs ar komplekt\u0101 iek\u013cauto \u0137\u0113di var iztur\u0113t svaru l\u012bdz 5kg. Tas ir viegli t\u012br\u0101ms un kompakts.\u00a0<\/span>","status":"publish","sku":"6927595724958","original":53051},"wpml":{"translation_type":1,"has_translations":true,"original":53051,"duplicates":[],"translations":{"lv":53051,"en":68543,"ru":null}},"supplier_id":null,"supplier_sku":"","barcode":null,"atum_controlled":true,"out_stock_date":null,"out_stock_threshold":null,"inheritable":false,"inbound_stock":0,"stock_on_hold":0,"sold_today":0,"sales_last_days":0,"reserved_stock":0,"customer_returns":0,"warehouse_damage":0,"lost_in_post":0,"other_logs":0,"out_stock_days":0,"lost_sales":0,"has_location":false,"update_date":"2025-12-30T14:30:39","atum_locations":[],"atum_stock_status":"instock","restock_status":false,"low_stock_amount":"","sales_update_date":"2025-11-13T14:08:04","calc_backorders":null,"yoast_head":"<!-- This site is optimized with the Yoast SEO plugin v27.3 - https:\/\/yoast.com\/product\/yoast-seo-wordpress\/ -->\n<title>Naturehike - ZJ01 Ugunskura stat\u012bvs<\/title>\n<meta name=\"description\" content=\"Ugunskura stat\u012bvs ar komplekt\u0101 iek\u013cauto \u0137\u0113di var iztur\u0113t svaru l\u012bdz 5kg. Tas ir viegli t\u012br\u0101ms un kompakts.\u00a0\" \/>\n<meta name=\"robots\" content=\"index, follow, max-snippet:-1, max-image-preview:large, max-video-preview:-1\" \/>\n<link rel=\"canonical\" href=\"https:\/\/gohike.lv\/ru\/produkts\/naturehike-zj01-ugunskura-stativs\/\" \/>\n<meta property=\"og:locale\" content=\"ru_RU\" \/>\n<meta property=\"og:type\" content=\"article\" \/>\n<meta property=\"og:title\" content=\"Naturehike - Ugunsgr\u0113ka stat\u012bvs\" \/>\n<meta property=\"og:description\" content=\"Ugunskura stat\u012bvs ar komplekt\u0101 iek\u013cauto \u0137\u0113di var iztur\u0113t svaru l\u012bdz 5kg. Tas ir viegli t\u012br\u0101ms un kompakts.\u00a0\" \/>\n<meta property=\"og:url\" content=\"https:\/\/gohike.lv\/ru\/produkts\/naturehike-zj01-ugunskura-stativs\/\" \/>\n<meta property=\"og:site_name\" content=\"GoHike\" \/>\n<meta property=\"article:publisher\" content=\"https:\/\/www.facebook.com\/gohike.shop\/\" \/>\n<meta property=\"article:modified_time\" content=\"2025-12-30T14:24:44+00:00\" \/>\n<meta property=\"og:image\" content=\"https:\/\/gohike.lv\/wp-content\/uploads\/2024\/04\/PicnicTripod_-1.webp\" \/>\n\t<meta property=\"og:image:width\" content=\"720\" \/>\n\t<meta property=\"og:image:height\" content=\"720\" \/>\n\t<meta property=\"og:image:type\" content=\"image\/webp\" \/>\n<meta name=\"twitter:card\" content=\"summary_large_image\" \/>\n<meta name=\"twitter:title\" content=\"Naturehike - Ugunsgr\u0113ka stat\u012bvs\" \/>\n<meta name=\"twitter:label1\" content=\"\u041f\u0440\u0438\u043c\u0435\u0440\u043d\u043e\u0435 \u0432\u0440\u0435\u043c\u044f \u0434\u043b\u044f \u0447\u0442\u0435\u043d\u0438\u044f\" \/>\n\t<meta name=\"twitter:data1\" content=\"1 \u043c\u0438\u043d\u0443\u0442\u0430\" \/>\n<script type=\"application\/ld+json\" class=\"yoast-schema-graph\">{\"@context\":\"https:\\\/\\\/schema.org\",\"@graph\":[{\"@type\":[\"WebPage\",\"ItemPage\"],\"@id\":\"https:\\\/\\\/gohike.lv\\\/ru\\\/produkts\\\/naturehike-zj01-ugunskura-stativs\\\/\",\"url\":\"https:\\\/\\\/gohike.lv\\\/ru\\\/produkts\\\/naturehike-zj01-ugunskura-stativs\\\/\",\"name\":\"Naturehike - ZJ01 Ugunskura stat\u012bvs\",\"isPartOf\":{\"@id\":\"https:\\\/\\\/gohike.lv\\\/ru\\\/#website\"},\"primaryImageOfPage\":{\"@id\":\"https:\\\/\\\/gohike.lv\\\/ru\\\/produkts\\\/naturehike-zj01-ugunskura-stativs\\\/#primaryimage\"},\"image\":{\"@id\":\"https:\\\/\\\/gohike.lv\\\/ru\\\/produkts\\\/naturehike-zj01-ugunskura-stativs\\\/#primaryimage\"},\"thumbnailUrl\":\"https:\\\/\\\/gohike.lv\\\/wp-content\\\/uploads\\\/2024\\\/04\\\/PicnicTripod_-1.webp\",\"datePublished\":\"2024-05-07T08:39:30+00:00\",\"dateModified\":\"2025-12-30T14:24:44+00:00\",\"description\":\"Ugunskura stat\u012bvs ar komplekt\u0101 iek\u013cauto \u0137\u0113di var iztur\u0113t svaru l\u012bdz 5kg. Tas ir viegli t\u012br\u0101ms un kompakts.\u00a0\",\"breadcrumb\":{\"@id\":\"https:\\\/\\\/gohike.lv\\\/ru\\\/produkts\\\/naturehike-zj01-ugunskura-stativs\\\/#breadcrumb\"},\"inLanguage\":\"ru-RU\",\"potentialAction\":[{\"@type\":\"ReadAction\",\"target\":[\"https:\\\/\\\/gohike.lv\\\/ru\\\/produkts\\\/naturehike-zj01-ugunskura-stativs\\\/\"]}]},{\"@type\":\"ImageObject\",\"inLanguage\":\"ru-RU\",\"@id\":\"https:\\\/\\\/gohike.lv\\\/ru\\\/produkts\\\/naturehike-zj01-ugunskura-stativs\\\/#primaryimage\",\"url\":\"https:\\\/\\\/gohike.lv\\\/wp-content\\\/uploads\\\/2024\\\/04\\\/PicnicTripod_-1.webp\",\"contentUrl\":\"https:\\\/\\\/gohike.lv\\\/wp-content\\\/uploads\\\/2024\\\/04\\\/PicnicTripod_-1.webp\",\"width\":720,\"height\":720},{\"@type\":\"BreadcrumbList\",\"@id\":\"https:\\\/\\\/gohike.lv\\\/ru\\\/produkts\\\/naturehike-zj01-ugunskura-stativs\\\/#breadcrumb\",\"itemListElement\":[{\"@type\":\"ListItem\",\"position\":1,\"name\":\"\u0413\u043b\u0430\u0432\u043d\u0430\u044f\",\"item\":\"https:\\\/\\\/gohike.lv\\\/ru\\\/\"},{\"@type\":\"ListItem\",\"position\":2,\"name\":\"\u041a\u0430\u0442\u0435\u0433\u043e\u0440\u0438\u0438 \u0442\u043e\u0432\u0430\u0440\u043e\u0432\",\"item\":\"https:\\\/\\\/gohike.lv\\\/%d0%ba%d0%b0%d1%82%d0%b5%d0%b3%d0%be%d1%80%d0%b8%d0%b8-%d1%82%d0%be%d0%b2%d0%b0%d1%80%d0%be%d0%b2\\\/\"},{\"@type\":\"ListItem\",\"position\":3,\"name\":\"Naturehike &#8211; ZJ01 Ugunskura stat\u012bvs\"}]},{\"@type\":\"WebSite\",\"@id\":\"https:\\\/\\\/gohike.lv\\\/ru\\\/#website\",\"url\":\"https:\\\/\\\/gohike.lv\\\/ru\\\/\",\"name\":\"GoHike\",\"description\":\"\",\"publisher\":{\"@id\":\"https:\\\/\\\/gohike.lv\\\/ru\\\/#organization\"},\"potentialAction\":[{\"@type\":\"SearchAction\",\"target\":{\"@type\":\"EntryPoint\",\"urlTemplate\":\"https:\\\/\\\/gohike.lv\\\/ru\\\/?s={search_term_string}\"},\"query-input\":{\"@type\":\"PropertyValueSpecification\",\"valueRequired\":true,\"valueName\":\"search_term_string\"}}],\"inLanguage\":\"ru-RU\"},{\"@type\":\"Organization\",\"@id\":\"https:\\\/\\\/gohike.lv\\\/ru\\\/#organization\",\"name\":\"GoHike\",\"url\":\"https:\\\/\\\/gohike.lv\\\/ru\\\/\",\"logo\":{\"@type\":\"ImageObject\",\"inLanguage\":\"ru-RU\",\"@id\":\"https:\\\/\\\/gohike.lv\\\/ru\\\/#\\\/schema\\\/logo\\\/image\\\/\",\"url\":\"https:\\\/\\\/gohike.lv\\\/wp-content\\\/uploads\\\/2023\\\/08\\\/Logo_GoHike.webp\",\"contentUrl\":\"https:\\\/\\\/gohike.lv\\\/wp-content\\\/uploads\\\/2023\\\/08\\\/Logo_GoHike.webp\",\"width\":512,\"height\":512,\"caption\":\"GoHike\"},\"image\":{\"@id\":\"https:\\\/\\\/gohike.lv\\\/ru\\\/#\\\/schema\\\/logo\\\/image\\\/\"},\"sameAs\":[\"https:\\\/\\\/www.facebook.com\\\/gohike.shop\\\/\",\"https:\\\/\\\/www.instagram.com\\\/gohike.shop\\\/\"]}]}<\/script>\n<!-- \/ Yoast SEO plugin. -->","yoast_head_json":{"title":"Naturehike - ZJ01 Ugunskura stat\u012bvs","description":"Ugunskura stat\u012bvs ar komplekt\u0101 iek\u013cauto \u0137\u0113di var iztur\u0113t svaru l\u012bdz 5kg. Tas ir viegli t\u012br\u0101ms un kompakts.\u00a0","robots":{"index":"index","follow":"follow","max-snippet":"max-snippet:-1","max-image-preview":"max-image-preview:large","max-video-preview":"max-video-preview:-1"},"canonical":"https:\/\/gohike.lv\/ru\/produkts\/naturehike-zj01-ugunskura-stativs\/","og_locale":"ru_RU","og_type":"article","og_title":"Naturehike - Ugunsgr\u0113ka stat\u012bvs","og_description":"Ugunskura stat\u012bvs ar komplekt\u0101 iek\u013cauto \u0137\u0113di var iztur\u0113t svaru l\u012bdz 5kg. Tas ir viegli t\u012br\u0101ms un kompakts.\u00a0","og_url":"https:\/\/gohike.lv\/ru\/produkts\/naturehike-zj01-ugunskura-stativs\/","og_site_name":"GoHike","article_publisher":"https:\/\/www.facebook.com\/gohike.shop\/","article_modified_time":"2025-12-30T14:24:44+00:00","og_image":[{"width":720,"height":720,"url":"https:\/\/gohike.lv\/wp-content\/uploads\/2024\/04\/PicnicTripod_-1.webp","type":"image\/webp"}],"twitter_card":"summary_large_image","twitter_title":"Naturehike - Ugunsgr\u0113ka stat\u012bvs","twitter_misc":{"\u041f\u0440\u0438\u043c\u0435\u0440\u043d\u043e\u0435 \u0432\u0440\u0435\u043c\u044f \u0434\u043b\u044f \u0447\u0442\u0435\u043d\u0438\u044f":"1 \u043c\u0438\u043d\u0443\u0442\u0430"},"schema":{"@context":"https:\/\/schema.org","@graph":[{"@type":["WebPage","ItemPage"],"@id":"https:\/\/gohike.lv\/ru\/produkts\/naturehike-zj01-ugunskura-stativs\/","url":"https:\/\/gohike.lv\/ru\/produkts\/naturehike-zj01-ugunskura-stativs\/","name":"Naturehike - ZJ01 Ugunskura stat\u012bvs","isPartOf":{"@id":"https:\/\/gohike.lv\/ru\/#website"},"primaryImageOfPage":{"@id":"https:\/\/gohike.lv\/ru\/produkts\/naturehike-zj01-ugunskura-stativs\/#primaryimage"},"image":{"@id":"https:\/\/gohike.lv\/ru\/produkts\/naturehike-zj01-ugunskura-stativs\/#primaryimage"},"thumbnailUrl":"https:\/\/gohike.lv\/wp-content\/uploads\/2024\/04\/PicnicTripod_-1.webp","datePublished":"2024-05-07T08:39:30+00:00","dateModified":"2025-12-30T14:24:44+00:00","description":"Ugunskura stat\u012bvs ar komplekt\u0101 iek\u013cauto \u0137\u0113di var iztur\u0113t svaru l\u012bdz 5kg. Tas ir viegli t\u012br\u0101ms un kompakts.\u00a0","breadcrumb":{"@id":"https:\/\/gohike.lv\/ru\/produkts\/naturehike-zj01-ugunskura-stativs\/#breadcrumb"},"inLanguage":"ru-RU","potentialAction":[{"@type":"ReadAction","target":["https:\/\/gohike.lv\/ru\/produkts\/naturehike-zj01-ugunskura-stativs\/"]}]},{"@type":"ImageObject","inLanguage":"ru-RU","@id":"https:\/\/gohike.lv\/ru\/produkts\/naturehike-zj01-ugunskura-stativs\/#primaryimage","url":"https:\/\/gohike.lv\/wp-content\/uploads\/2024\/04\/PicnicTripod_-1.webp","contentUrl":"https:\/\/gohike.lv\/wp-content\/uploads\/2024\/04\/PicnicTripod_-1.webp","width":720,"height":720},{"@type":"BreadcrumbList","@id":"https:\/\/gohike.lv\/ru\/produkts\/naturehike-zj01-ugunskura-stativs\/#breadcrumb","itemListElement":[{"@type":"ListItem","position":1,"name":"\u0413\u043b\u0430\u0432\u043d\u0430\u044f","item":"https:\/\/gohike.lv\/ru\/"},{"@type":"ListItem","position":2,"name":"\u041a\u0430\u0442\u0435\u0433\u043e\u0440\u0438\u0438 \u0442\u043e\u0432\u0430\u0440\u043e\u0432","item":"https:\/\/gohike.lv\/%d0%ba%d0%b0%d1%82%d0%b5%d0%b3%d0%be%d1%80%d0%b8%d0%b8-%d1%82%d0%be%d0%b2%d0%b0%d1%80%d0%be%d0%b2\/"},{"@type":"ListItem","position":3,"name":"Naturehike &#8211; ZJ01 Ugunskura stat\u012bvs"}]},{"@type":"WebSite","@id":"https:\/\/gohike.lv\/ru\/#website","url":"https:\/\/gohike.lv\/ru\/","name":"GoHike","description":"","publisher":{"@id":"https:\/\/gohike.lv\/ru\/#organization"},"potentialAction":[{"@type":"SearchAction","target":{"@type":"EntryPoint","urlTemplate":"https:\/\/gohike.lv\/ru\/?s={search_term_string}"},"query-input":{"@type":"PropertyValueSpecification","valueRequired":true,"valueName":"search_term_string"}}],"inLanguage":"ru-RU"},{"@type":"Organization","@id":"https:\/\/gohike.lv\/ru\/#organization","name":"GoHike","url":"https:\/\/gohike.lv\/ru\/","logo":{"@type":"ImageObject","inLanguage":"ru-RU","@id":"https:\/\/gohike.lv\/ru\/#\/schema\/logo\/image\/","url":"https:\/\/gohike.lv\/wp-content\/uploads\/2023\/08\/Logo_GoHike.webp","contentUrl":"https:\/\/gohike.lv\/wp-content\/uploads\/2023\/08\/Logo_GoHike.webp","width":512,"height":512,"caption":"GoHike"},"image":{"@id":"https:\/\/gohike.lv\/ru\/#\/schema\/logo\/image\/"},"sameAs":["https:\/\/www.facebook.com\/gohike.shop\/","https:\/\/www.instagram.com\/gohike.shop\/"]}]}},"jetpack_sharing_enabled":true,"_links":{"self":[{"href":"https:\/\/gohike.lv\/ru\/wp-json\/wp\/v2\/product\/53051","targetHints":{"allow":["GET"]}}],"collection":[{"href":"https:\/\/gohike.lv\/ru\/wp-json\/wp\/v2\/product"}],"about":[{"href":"https:\/\/gohike.lv\/ru\/wp-json\/wp\/v2\/types\/product"}],"version-history":[{"count":0,"href":"https:\/\/gohike.lv\/ru\/wp-json\/wp\/v2\/product\/53051\/revisions"}],"wp:featuredmedia":[{"embeddable":true,"href":"https:\/\/gohike.lv\/ru\/wp-json\/wp\/v2\/media\/35310"}],"wp:attachment":[{"href":"https:\/\/gohike.lv\/ru\/wp-json\/wp\/v2\/media?parent=53051"}],"wp:term":[{"taxonomy":"product_brand","embeddable":true,"href":"https:\/\/gohike.lv\/ru\/wp-json\/wp\/v2\/product_brand?post=53051"},{"taxonomy":"product_cat","embeddable":true,"href":"https:\/\/gohike.lv\/ru\/wp-json\/wp\/v2\/product_cat?post=53051"},{"taxonomy":"product_tag","embeddable":true,"href":"https:\/\/gohike.lv\/ru\/wp-json\/wp\/v2\/product_tag?post=53051"}],"curies":[{"name":"wp","href":"https:\/\/api.w.org\/{rel}","templated":true}]}}