{"id":53049,"date":"2024-05-07T11:39:30","date_gmt":"2024-05-07T08:39:30","guid":{"rendered":"https:\/\/gohike.lv\/produkts\/naturehike-h026-10l-aluminija-katls\/"},"modified":"2026-01-02T20:17:39","modified_gmt":"2026-01-02T17:17:39","slug":"naturehike-h026-10l-aluminija-katls","status":"publish","type":"product","link":"https:\/\/gohike.lv\/ru\/produkts\/naturehike-h026-10l-aluminija-katls\/","title":{"rendered":"Naturehike &#8212; H026 alum\u012bnija katls 10L"},"content":{"rendered":"<p>Katlam ir rokturis, kas viegli salok\u0101s un dro\u0161i notur to virs atkl\u0101tas uguns.<br \/>\nTvertnes iek\u0161pus\u0113 ir atz\u012bmes, pateicoties kur\u0101m var viegli noteikt nepiecie\u0161amo \u016bdens daudzumu.<br \/>\nRaksturlielumi:<br \/>\nMateri\u0101ls: alum\u012bnija sakaus\u0113jums, ner\u016bs\u0113jo\u0161ais t\u0113rauds, gumija;<br \/>\nTilpums: 10 l<br \/>\nPorciju skaits: 15-20;<br \/>\nIzm\u0113rs: 26 \u00d7 31,2 \u00d7 38,7 cm;<br \/>\nIepakojuma izm\u0113rs: 26 \u00d7 31,2 \u00d7 21 cm;<br \/>\nSvars: 1,1 kg.<\/p>\n","protected":false},"excerpt":{"rendered":"<p>Pel\u0113kais Naturehike Camping 10 litru katls ir lieliska izv\u0113le \u0113diena gatavo\u0161anai lielai grupai.<\/p>\n","protected":false},"featured_media":35287,"template":"","meta":[],"product_brand":[167],"product_cat":[1012],"product_tag":[],"class_list":{"0":"post-53049","1":"product","2":"type-product","3":"status-publish","4":"has-post-thumbnail","6":"product_brand-naturehike-lv","7":"product_cat-virtuves-piederumi","8":"pa_izmeriscm-2631-238-7","9":"pa_materiali-aluminija-sakausejums-nerusejosais-terauds-gumija-koks","10":"pa_produkta-tips-katli-un-pannas","11":"pa_spalva-peleks","13":"first","14":"instock","15":"taxable","16":"shipping-taxable","17":"purchasable","18":"product-type-simple"},"raw_content":{"name":"Naturehike - H026 alum\u012bnija katls 10L","description":"Katlam ir rokturis, kas viegli salok\u0101s un dro\u0161i notur to virs atkl\u0101tas uguns.\nTvertnes iek\u0161pus\u0113 ir atz\u012bmes, pateicoties kur\u0101m var viegli noteikt nepiecie\u0161amo \u016bdens daudzumu.\nRaksturlielumi:\nMateri\u0101ls: alum\u012bnija sakaus\u0113jums, ner\u016bs\u0113jo\u0161ais t\u0113rauds, gumija;\nTilpums: 10 l\nPorciju skaits: 15-20;\nIzm\u0113rs: 26 \u00d7 31,2 \u00d7 38,7 cm;\nIepakojuma izm\u0113rs: 26 \u00d7 31,2 \u00d7 21 cm;\nSvars: 1,1 kg.","short_description":"Pel\u0113kais Naturehike Camping 10 litru katls ir lieliska izv\u0113le \u0113diena gatavo\u0161anai lielai grupai.","status":"publish","sku":"6927595738276","original":53049},"wpml":{"translation_type":1,"has_translations":true,"original":53049,"duplicates":[],"translations":{"lv":53049,"en":68545,"ru":null}},"supplier_id":null,"supplier_sku":"","barcode":null,"atum_controlled":true,"out_stock_date":null,"out_stock_threshold":null,"inheritable":false,"inbound_stock":0,"stock_on_hold":0,"sold_today":0,"sales_last_days":0,"reserved_stock":0,"customer_returns":0,"warehouse_damage":0,"lost_in_post":0,"other_logs":0,"out_stock_days":0,"lost_sales":0,"has_location":false,"update_date":"2026-01-02T17:17:40","atum_locations":[],"atum_stock_status":"instock","restock_status":false,"low_stock_amount":"","sales_update_date":"2025-11-13T14:08:19","calc_backorders":null,"yoast_head":"<!-- This site is optimized with the Yoast SEO plugin v27.3 - https:\/\/yoast.com\/product\/yoast-seo-wordpress\/ -->\n<title>Naturehike - H026 alum\u012bnija katls 10L<\/title>\n<meta name=\"description\" content=\"Pel\u0113kais Naturehike Camping 10 litru katls ir lieliska izv\u0113le \u0113diena gatavo\u0161anai lielai grupai.\" \/>\n<meta name=\"robots\" content=\"index, follow, max-snippet:-1, max-image-preview:large, max-video-preview:-1\" \/>\n<link rel=\"canonical\" href=\"https:\/\/gohike.lv\/ru\/produkts\/naturehike-h026-10l-aluminija-katls\/\" \/>\n<meta property=\"og:locale\" content=\"ru_RU\" \/>\n<meta property=\"og:type\" content=\"article\" \/>\n<meta property=\"og:title\" content=\"Naturehike - Piekarin\u0101ms pods\" \/>\n<meta property=\"og:description\" content=\"Pel\u0113kais Naturehike Camping 10 litru katls ir lieliska izv\u0113le \u0113diena gatavo\u0161anai lielai grupai.\" \/>\n<meta property=\"og:url\" content=\"https:\/\/gohike.lv\/ru\/produkts\/naturehike-h026-10l-aluminija-katls\/\" \/>\n<meta property=\"og:site_name\" content=\"GoHike\" \/>\n<meta property=\"article:publisher\" content=\"https:\/\/www.facebook.com\/gohike.shop\/\" \/>\n<meta property=\"article:modified_time\" content=\"2026-01-02T17:17:39+00:00\" \/>\n<meta property=\"og:image\" content=\"https:\/\/gohike.lv\/wp-content\/uploads\/2024\/04\/AluminiumHangingPot10L_-1.webp\" \/>\n\t<meta property=\"og:image:width\" content=\"720\" \/>\n\t<meta property=\"og:image:height\" content=\"720\" \/>\n\t<meta property=\"og:image:type\" content=\"image\/webp\" \/>\n<meta name=\"twitter:card\" content=\"summary_large_image\" \/>\n<meta name=\"twitter:title\" content=\"Naturehike - Piekarin\u0101ms pods\" \/>\n<meta name=\"twitter:label1\" content=\"\u041f\u0440\u0438\u043c\u0435\u0440\u043d\u043e\u0435 \u0432\u0440\u0435\u043c\u044f \u0434\u043b\u044f \u0447\u0442\u0435\u043d\u0438\u044f\" \/>\n\t<meta name=\"twitter:data1\" content=\"1 \u043c\u0438\u043d\u0443\u0442\u0430\" \/>\n<script type=\"application\/ld+json\" class=\"yoast-schema-graph\">{\"@context\":\"https:\\\/\\\/schema.org\",\"@graph\":[{\"@type\":[\"WebPage\",\"ItemPage\"],\"@id\":\"https:\\\/\\\/gohike.lv\\\/ru\\\/produkts\\\/naturehike-h026-10l-aluminija-katls\\\/\",\"url\":\"https:\\\/\\\/gohike.lv\\\/ru\\\/produkts\\\/naturehike-h026-10l-aluminija-katls\\\/\",\"name\":\"Naturehike - H026 alum\u012bnija katls 10L\",\"isPartOf\":{\"@id\":\"https:\\\/\\\/gohike.lv\\\/ru\\\/#website\"},\"primaryImageOfPage\":{\"@id\":\"https:\\\/\\\/gohike.lv\\\/ru\\\/produkts\\\/naturehike-h026-10l-aluminija-katls\\\/#primaryimage\"},\"image\":{\"@id\":\"https:\\\/\\\/gohike.lv\\\/ru\\\/produkts\\\/naturehike-h026-10l-aluminija-katls\\\/#primaryimage\"},\"thumbnailUrl\":\"https:\\\/\\\/gohike.lv\\\/wp-content\\\/uploads\\\/2024\\\/04\\\/AluminiumHangingPot10L_-1.webp\",\"datePublished\":\"2024-05-07T08:39:30+00:00\",\"dateModified\":\"2026-01-02T17:17:39+00:00\",\"description\":\"Pel\u0113kais Naturehike Camping 10 litru katls ir lieliska izv\u0113le \u0113diena gatavo\u0161anai lielai grupai.\",\"breadcrumb\":{\"@id\":\"https:\\\/\\\/gohike.lv\\\/ru\\\/produkts\\\/naturehike-h026-10l-aluminija-katls\\\/#breadcrumb\"},\"inLanguage\":\"ru-RU\",\"potentialAction\":[{\"@type\":\"ReadAction\",\"target\":[\"https:\\\/\\\/gohike.lv\\\/ru\\\/produkts\\\/naturehike-h026-10l-aluminija-katls\\\/\"]}]},{\"@type\":\"ImageObject\",\"inLanguage\":\"ru-RU\",\"@id\":\"https:\\\/\\\/gohike.lv\\\/ru\\\/produkts\\\/naturehike-h026-10l-aluminija-katls\\\/#primaryimage\",\"url\":\"https:\\\/\\\/gohike.lv\\\/wp-content\\\/uploads\\\/2024\\\/04\\\/AluminiumHangingPot10L_-1.webp\",\"contentUrl\":\"https:\\\/\\\/gohike.lv\\\/wp-content\\\/uploads\\\/2024\\\/04\\\/AluminiumHangingPot10L_-1.webp\",\"width\":720,\"height\":720},{\"@type\":\"BreadcrumbList\",\"@id\":\"https:\\\/\\\/gohike.lv\\\/ru\\\/produkts\\\/naturehike-h026-10l-aluminija-katls\\\/#breadcrumb\",\"itemListElement\":[{\"@type\":\"ListItem\",\"position\":1,\"name\":\"\u0413\u043b\u0430\u0432\u043d\u0430\u044f\",\"item\":\"https:\\\/\\\/gohike.lv\\\/ru\\\/\"},{\"@type\":\"ListItem\",\"position\":2,\"name\":\"\u041a\u0430\u0442\u0435\u0433\u043e\u0440\u0438\u0438 \u0442\u043e\u0432\u0430\u0440\u043e\u0432\",\"item\":\"https:\\\/\\\/gohike.lv\\\/%d0%ba%d0%b0%d1%82%d0%b5%d0%b3%d0%be%d1%80%d0%b8%d0%b8-%d1%82%d0%be%d0%b2%d0%b0%d1%80%d0%be%d0%b2\\\/\"},{\"@type\":\"ListItem\",\"position\":3,\"name\":\"Naturehike &#8211; H026 alum\u012bnija katls 10L\"}]},{\"@type\":\"WebSite\",\"@id\":\"https:\\\/\\\/gohike.lv\\\/ru\\\/#website\",\"url\":\"https:\\\/\\\/gohike.lv\\\/ru\\\/\",\"name\":\"GoHike\",\"description\":\"\",\"publisher\":{\"@id\":\"https:\\\/\\\/gohike.lv\\\/ru\\\/#organization\"},\"potentialAction\":[{\"@type\":\"SearchAction\",\"target\":{\"@type\":\"EntryPoint\",\"urlTemplate\":\"https:\\\/\\\/gohike.lv\\\/ru\\\/?s={search_term_string}\"},\"query-input\":{\"@type\":\"PropertyValueSpecification\",\"valueRequired\":true,\"valueName\":\"search_term_string\"}}],\"inLanguage\":\"ru-RU\"},{\"@type\":\"Organization\",\"@id\":\"https:\\\/\\\/gohike.lv\\\/ru\\\/#organization\",\"name\":\"GoHike\",\"url\":\"https:\\\/\\\/gohike.lv\\\/ru\\\/\",\"logo\":{\"@type\":\"ImageObject\",\"inLanguage\":\"ru-RU\",\"@id\":\"https:\\\/\\\/gohike.lv\\\/ru\\\/#\\\/schema\\\/logo\\\/image\\\/\",\"url\":\"https:\\\/\\\/gohike.lv\\\/wp-content\\\/uploads\\\/2023\\\/08\\\/Logo_GoHike.webp\",\"contentUrl\":\"https:\\\/\\\/gohike.lv\\\/wp-content\\\/uploads\\\/2023\\\/08\\\/Logo_GoHike.webp\",\"width\":512,\"height\":512,\"caption\":\"GoHike\"},\"image\":{\"@id\":\"https:\\\/\\\/gohike.lv\\\/ru\\\/#\\\/schema\\\/logo\\\/image\\\/\"},\"sameAs\":[\"https:\\\/\\\/www.facebook.com\\\/gohike.shop\\\/\",\"https:\\\/\\\/www.instagram.com\\\/gohike.shop\\\/\"]}]}<\/script>\n<!-- \/ Yoast SEO plugin. -->","yoast_head_json":{"title":"Naturehike - H026 alum\u012bnija katls 10L","description":"Pel\u0113kais Naturehike Camping 10 litru katls ir lieliska izv\u0113le \u0113diena gatavo\u0161anai lielai grupai.","robots":{"index":"index","follow":"follow","max-snippet":"max-snippet:-1","max-image-preview":"max-image-preview:large","max-video-preview":"max-video-preview:-1"},"canonical":"https:\/\/gohike.lv\/ru\/produkts\/naturehike-h026-10l-aluminija-katls\/","og_locale":"ru_RU","og_type":"article","og_title":"Naturehike - Piekarin\u0101ms pods","og_description":"Pel\u0113kais Naturehike Camping 10 litru katls ir lieliska izv\u0113le \u0113diena gatavo\u0161anai lielai grupai.","og_url":"https:\/\/gohike.lv\/ru\/produkts\/naturehike-h026-10l-aluminija-katls\/","og_site_name":"GoHike","article_publisher":"https:\/\/www.facebook.com\/gohike.shop\/","article_modified_time":"2026-01-02T17:17:39+00:00","og_image":[{"width":720,"height":720,"url":"https:\/\/gohike.lv\/wp-content\/uploads\/2024\/04\/AluminiumHangingPot10L_-1.webp","type":"image\/webp"}],"twitter_card":"summary_large_image","twitter_title":"Naturehike - Piekarin\u0101ms pods","twitter_misc":{"\u041f\u0440\u0438\u043c\u0435\u0440\u043d\u043e\u0435 \u0432\u0440\u0435\u043c\u044f \u0434\u043b\u044f \u0447\u0442\u0435\u043d\u0438\u044f":"1 \u043c\u0438\u043d\u0443\u0442\u0430"},"schema":{"@context":"https:\/\/schema.org","@graph":[{"@type":["WebPage","ItemPage"],"@id":"https:\/\/gohike.lv\/ru\/produkts\/naturehike-h026-10l-aluminija-katls\/","url":"https:\/\/gohike.lv\/ru\/produkts\/naturehike-h026-10l-aluminija-katls\/","name":"Naturehike - H026 alum\u012bnija katls 10L","isPartOf":{"@id":"https:\/\/gohike.lv\/ru\/#website"},"primaryImageOfPage":{"@id":"https:\/\/gohike.lv\/ru\/produkts\/naturehike-h026-10l-aluminija-katls\/#primaryimage"},"image":{"@id":"https:\/\/gohike.lv\/ru\/produkts\/naturehike-h026-10l-aluminija-katls\/#primaryimage"},"thumbnailUrl":"https:\/\/gohike.lv\/wp-content\/uploads\/2024\/04\/AluminiumHangingPot10L_-1.webp","datePublished":"2024-05-07T08:39:30+00:00","dateModified":"2026-01-02T17:17:39+00:00","description":"Pel\u0113kais Naturehike Camping 10 litru katls ir lieliska izv\u0113le \u0113diena gatavo\u0161anai lielai grupai.","breadcrumb":{"@id":"https:\/\/gohike.lv\/ru\/produkts\/naturehike-h026-10l-aluminija-katls\/#breadcrumb"},"inLanguage":"ru-RU","potentialAction":[{"@type":"ReadAction","target":["https:\/\/gohike.lv\/ru\/produkts\/naturehike-h026-10l-aluminija-katls\/"]}]},{"@type":"ImageObject","inLanguage":"ru-RU","@id":"https:\/\/gohike.lv\/ru\/produkts\/naturehike-h026-10l-aluminija-katls\/#primaryimage","url":"https:\/\/gohike.lv\/wp-content\/uploads\/2024\/04\/AluminiumHangingPot10L_-1.webp","contentUrl":"https:\/\/gohike.lv\/wp-content\/uploads\/2024\/04\/AluminiumHangingPot10L_-1.webp","width":720,"height":720},{"@type":"BreadcrumbList","@id":"https:\/\/gohike.lv\/ru\/produkts\/naturehike-h026-10l-aluminija-katls\/#breadcrumb","itemListElement":[{"@type":"ListItem","position":1,"name":"\u0413\u043b\u0430\u0432\u043d\u0430\u044f","item":"https:\/\/gohike.lv\/ru\/"},{"@type":"ListItem","position":2,"name":"\u041a\u0430\u0442\u0435\u0433\u043e\u0440\u0438\u0438 \u0442\u043e\u0432\u0430\u0440\u043e\u0432","item":"https:\/\/gohike.lv\/%d0%ba%d0%b0%d1%82%d0%b5%d0%b3%d0%be%d1%80%d0%b8%d0%b8-%d1%82%d0%be%d0%b2%d0%b0%d1%80%d0%be%d0%b2\/"},{"@type":"ListItem","position":3,"name":"Naturehike &#8211; H026 alum\u012bnija katls 10L"}]},{"@type":"WebSite","@id":"https:\/\/gohike.lv\/ru\/#website","url":"https:\/\/gohike.lv\/ru\/","name":"GoHike","description":"","publisher":{"@id":"https:\/\/gohike.lv\/ru\/#organization"},"potentialAction":[{"@type":"SearchAction","target":{"@type":"EntryPoint","urlTemplate":"https:\/\/gohike.lv\/ru\/?s={search_term_string}"},"query-input":{"@type":"PropertyValueSpecification","valueRequired":true,"valueName":"search_term_string"}}],"inLanguage":"ru-RU"},{"@type":"Organization","@id":"https:\/\/gohike.lv\/ru\/#organization","name":"GoHike","url":"https:\/\/gohike.lv\/ru\/","logo":{"@type":"ImageObject","inLanguage":"ru-RU","@id":"https:\/\/gohike.lv\/ru\/#\/schema\/logo\/image\/","url":"https:\/\/gohike.lv\/wp-content\/uploads\/2023\/08\/Logo_GoHike.webp","contentUrl":"https:\/\/gohike.lv\/wp-content\/uploads\/2023\/08\/Logo_GoHike.webp","width":512,"height":512,"caption":"GoHike"},"image":{"@id":"https:\/\/gohike.lv\/ru\/#\/schema\/logo\/image\/"},"sameAs":["https:\/\/www.facebook.com\/gohike.shop\/","https:\/\/www.instagram.com\/gohike.shop\/"]}]}},"jetpack_sharing_enabled":true,"_links":{"self":[{"href":"https:\/\/gohike.lv\/ru\/wp-json\/wp\/v2\/product\/53049","targetHints":{"allow":["GET"]}}],"collection":[{"href":"https:\/\/gohike.lv\/ru\/wp-json\/wp\/v2\/product"}],"about":[{"href":"https:\/\/gohike.lv\/ru\/wp-json\/wp\/v2\/types\/product"}],"version-history":[{"count":0,"href":"https:\/\/gohike.lv\/ru\/wp-json\/wp\/v2\/product\/53049\/revisions"}],"wp:featuredmedia":[{"embeddable":true,"href":"https:\/\/gohike.lv\/ru\/wp-json\/wp\/v2\/media\/35287"}],"wp:attachment":[{"href":"https:\/\/gohike.lv\/ru\/wp-json\/wp\/v2\/media?parent=53049"}],"wp:term":[{"taxonomy":"product_brand","embeddable":true,"href":"https:\/\/gohike.lv\/ru\/wp-json\/wp\/v2\/product_brand?post=53049"},{"taxonomy":"product_cat","embeddable":true,"href":"https:\/\/gohike.lv\/ru\/wp-json\/wp\/v2\/product_cat?post=53049"},{"taxonomy":"product_tag","embeddable":true,"href":"https:\/\/gohike.lv\/ru\/wp-json\/wp\/v2\/product_tag?post=53049"}],"curies":[{"name":"wp","href":"https:\/\/api.w.org\/{rel}","templated":true}]}}