{"id":53047,"date":"2024-05-07T11:39:30","date_gmt":"2024-05-07T08:39:30","guid":{"rendered":"https:\/\/gohike.lv\/produkts\/naturehike-h026-regulejams-liels-ugunskura-stativs\/"},"modified":"2025-12-30T17:24:43","modified_gmt":"2025-12-30T14:24:43","slug":"naturehike-h026-regulejams-liels-ugunskura-stativs","status":"publish","type":"product","link":"https:\/\/gohike.lv\/ru\/produkts\/naturehike-h026-regulejams-liels-ugunskura-stativs\/","title":{"rendered":"Naturehike &#8212; H026 Regul\u0113jams liels ugunskura stat\u012bvs"},"content":{"rendered":"<p>Iztur\u012bgs tr\u012bs k\u0101ju dizains maksim\u0101lai stabilit\u0101tei.<br \/>\nModelis: NH19CJ004.<br \/>\nNesl\u012bdo\u0161s silikona korpuss.<br \/>\nMaksim\u0101l\u0101 slodze: 20kg.<br \/>\nSvars: 800g.<br \/>\nIepakojuma izm\u0113rs: 56 x 10 x 10 cm.<br \/>\nKomplekt\u0101 uzglab\u0101\u0161anas soma.<br \/>\nAugstuma regul\u0113\u0161ana: 49, 84, 109\/115 cm.<\/p>\n","protected":false},"excerpt":{"rendered":"<p><span style=\"font-family: Poppins, Arial, Helvetica, sans-serif; font-size: 14px;\">Izgatavots no augstas kvalit\u0101tes alum\u012bnija sakaus\u0113juma. Stat\u012bvam ir 3 augstuma regul\u0113\u0161anas l\u012bme\u0146i un tas ir \u013coti viegls.<\/span><\/p>\n","protected":false},"featured_media":35265,"template":"","meta":[],"product_brand":[167],"product_cat":[1099,1012],"product_tag":[],"class_list":{"0":"post-53047","1":"product","2":"type-product","3":"status-publish","4":"has-post-thumbnail","6":"product_brand-naturehike-lv","7":"product_cat-gatavosana-uz-uguns","8":"product_cat-virtuves-piederumi","9":"pa_izmeriscm-10070","10":"pa_materiali-nerusejosais-terauds-aluminija-sakausejums-oglekla-terauds","11":"pa_produkta-tips-ugunskura-stativi","12":"pa_spalva-peleks","14":"first","15":"instock","16":"taxable","17":"shipping-taxable","18":"purchasable","19":"product-type-simple"},"raw_content":{"name":"Naturehike - H026 Regul\u0113jams liels ugunskura stat\u012bvs","description":"Iztur\u012bgs tr\u012bs k\u0101ju dizains maksim\u0101lai stabilit\u0101tei.\nModelis: NH19CJ004.\nNesl\u012bdo\u0161s silikona korpuss.\nMaksim\u0101l\u0101 slodze: 20kg.\nSvars: 800g.\nIepakojuma izm\u0113rs: 56 x 10 x 10 cm.\nKomplekt\u0101 uzglab\u0101\u0161anas soma.\nAugstuma regul\u0113\u0161ana: 49, 84, 109\/115 cm.","short_description":"<span style=\"font-family: Poppins, Arial, Helvetica, sans-serif; font-size: 14px;\">Izgatavots no augstas kvalit\u0101tes alum\u012bnija sakaus\u0113juma. Stat\u012bvam ir 3 augstuma regul\u0113\u0161anas l\u012bme\u0146i un tas ir \u013coti viegls.<\/span>","status":"publish","sku":"6927595738283","original":53047},"wpml":{"translation_type":1,"has_translations":true,"original":53047,"duplicates":[],"translations":{"lv":53047,"en":68548,"ru":null}},"supplier_id":null,"supplier_sku":"","barcode":null,"atum_controlled":true,"out_stock_date":null,"out_stock_threshold":null,"inheritable":false,"inbound_stock":0,"stock_on_hold":0,"sold_today":0,"sales_last_days":0,"reserved_stock":0,"customer_returns":0,"warehouse_damage":0,"lost_in_post":0,"other_logs":0,"out_stock_days":0,"lost_sales":0,"has_location":false,"update_date":"2025-12-30T14:30:39","atum_locations":[],"atum_stock_status":"instock","restock_status":false,"low_stock_amount":"","sales_update_date":"2025-11-13T14:08:04","calc_backorders":null,"yoast_head":"<!-- This site is optimized with the Yoast SEO plugin v27.3 - https:\/\/yoast.com\/product\/yoast-seo-wordpress\/ -->\n<title>Naturehike - H026 Regul\u0113jams liels ugunskura stat\u012bvs<\/title>\n<meta name=\"description\" content=\"Izgatavots no augstas kvalit\u0101tes alum\u012bnija sakaus\u0113juma. Stat\u012bvam ir 3 augstuma regul\u0113\u0161anas l\u012bme\u0146i un tas ir \u013coti viegls.\" \/>\n<meta name=\"robots\" content=\"index, follow, max-snippet:-1, max-image-preview:large, max-video-preview:-1\" \/>\n<link rel=\"canonical\" href=\"https:\/\/gohike.lv\/ru\/produkts\/naturehike-h026-regulejams-liels-ugunskura-stativs\/\" \/>\n<meta property=\"og:locale\" content=\"ru_RU\" \/>\n<meta property=\"og:type\" content=\"article\" \/>\n<meta property=\"og:title\" content=\"Naturehike - Ugunsgr\u0113ka stat\u012bvs\" \/>\n<meta property=\"og:description\" content=\"Izgatavots no augstas kvalit\u0101tes alum\u012bnija sakaus\u0113juma. Stat\u012bvam ir 3 augstuma regul\u0113\u0161anas l\u012bme\u0146i un tas ir \u013coti viegls.\" \/>\n<meta property=\"og:url\" content=\"https:\/\/gohike.lv\/ru\/produkts\/naturehike-h026-regulejams-liels-ugunskura-stativs\/\" \/>\n<meta property=\"og:site_name\" content=\"GoHike\" \/>\n<meta property=\"article:publisher\" content=\"https:\/\/www.facebook.com\/gohike.shop\/\" \/>\n<meta property=\"article:modified_time\" content=\"2025-12-30T14:24:43+00:00\" \/>\n<meta property=\"og:image\" content=\"https:\/\/gohike.lv\/wp-content\/uploads\/2024\/04\/H206tripod_-1.webp\" \/>\n\t<meta property=\"og:image:width\" content=\"1500\" \/>\n\t<meta property=\"og:image:height\" content=\"1500\" \/>\n\t<meta property=\"og:image:type\" content=\"image\/webp\" \/>\n<meta name=\"twitter:card\" content=\"summary_large_image\" \/>\n<meta name=\"twitter:title\" content=\"Naturehike - Ugunsgr\u0113ka stat\u012bvs\" \/>\n<meta name=\"twitter:label1\" content=\"\u041f\u0440\u0438\u043c\u0435\u0440\u043d\u043e\u0435 \u0432\u0440\u0435\u043c\u044f \u0434\u043b\u044f \u0447\u0442\u0435\u043d\u0438\u044f\" \/>\n\t<meta name=\"twitter:data1\" content=\"1 \u043c\u0438\u043d\u0443\u0442\u0430\" \/>\n<script type=\"application\/ld+json\" class=\"yoast-schema-graph\">{\"@context\":\"https:\\\/\\\/schema.org\",\"@graph\":[{\"@type\":[\"WebPage\",\"ItemPage\"],\"@id\":\"https:\\\/\\\/gohike.lv\\\/ru\\\/produkts\\\/naturehike-h026-regulejams-liels-ugunskura-stativs\\\/\",\"url\":\"https:\\\/\\\/gohike.lv\\\/ru\\\/produkts\\\/naturehike-h026-regulejams-liels-ugunskura-stativs\\\/\",\"name\":\"Naturehike - H026 Regul\u0113jams liels ugunskura stat\u012bvs\",\"isPartOf\":{\"@id\":\"https:\\\/\\\/gohike.lv\\\/ru\\\/#website\"},\"primaryImageOfPage\":{\"@id\":\"https:\\\/\\\/gohike.lv\\\/ru\\\/produkts\\\/naturehike-h026-regulejams-liels-ugunskura-stativs\\\/#primaryimage\"},\"image\":{\"@id\":\"https:\\\/\\\/gohike.lv\\\/ru\\\/produkts\\\/naturehike-h026-regulejams-liels-ugunskura-stativs\\\/#primaryimage\"},\"thumbnailUrl\":\"https:\\\/\\\/gohike.lv\\\/wp-content\\\/uploads\\\/2024\\\/04\\\/H206tripod_-1.webp\",\"datePublished\":\"2024-05-07T08:39:30+00:00\",\"dateModified\":\"2025-12-30T14:24:43+00:00\",\"description\":\"Izgatavots no augstas kvalit\u0101tes alum\u012bnija sakaus\u0113juma. Stat\u012bvam ir 3 augstuma regul\u0113\u0161anas l\u012bme\u0146i un tas ir \u013coti viegls.\",\"breadcrumb\":{\"@id\":\"https:\\\/\\\/gohike.lv\\\/ru\\\/produkts\\\/naturehike-h026-regulejams-liels-ugunskura-stativs\\\/#breadcrumb\"},\"inLanguage\":\"ru-RU\",\"potentialAction\":[{\"@type\":\"ReadAction\",\"target\":[\"https:\\\/\\\/gohike.lv\\\/ru\\\/produkts\\\/naturehike-h026-regulejams-liels-ugunskura-stativs\\\/\"]}]},{\"@type\":\"ImageObject\",\"inLanguage\":\"ru-RU\",\"@id\":\"https:\\\/\\\/gohike.lv\\\/ru\\\/produkts\\\/naturehike-h026-regulejams-liels-ugunskura-stativs\\\/#primaryimage\",\"url\":\"https:\\\/\\\/gohike.lv\\\/wp-content\\\/uploads\\\/2024\\\/04\\\/H206tripod_-1.webp\",\"contentUrl\":\"https:\\\/\\\/gohike.lv\\\/wp-content\\\/uploads\\\/2024\\\/04\\\/H206tripod_-1.webp\",\"width\":1500,\"height\":1500},{\"@type\":\"BreadcrumbList\",\"@id\":\"https:\\\/\\\/gohike.lv\\\/ru\\\/produkts\\\/naturehike-h026-regulejams-liels-ugunskura-stativs\\\/#breadcrumb\",\"itemListElement\":[{\"@type\":\"ListItem\",\"position\":1,\"name\":\"\u0413\u043b\u0430\u0432\u043d\u0430\u044f\",\"item\":\"https:\\\/\\\/gohike.lv\\\/ru\\\/\"},{\"@type\":\"ListItem\",\"position\":2,\"name\":\"\u041a\u0430\u0442\u0435\u0433\u043e\u0440\u0438\u0438 \u0442\u043e\u0432\u0430\u0440\u043e\u0432\",\"item\":\"https:\\\/\\\/gohike.lv\\\/%d0%ba%d0%b0%d1%82%d0%b5%d0%b3%d0%be%d1%80%d0%b8%d0%b8-%d1%82%d0%be%d0%b2%d0%b0%d1%80%d0%be%d0%b2\\\/\"},{\"@type\":\"ListItem\",\"position\":3,\"name\":\"Naturehike &#8211; H026 Regul\u0113jams liels ugunskura stat\u012bvs\"}]},{\"@type\":\"WebSite\",\"@id\":\"https:\\\/\\\/gohike.lv\\\/ru\\\/#website\",\"url\":\"https:\\\/\\\/gohike.lv\\\/ru\\\/\",\"name\":\"GoHike\",\"description\":\"\",\"publisher\":{\"@id\":\"https:\\\/\\\/gohike.lv\\\/ru\\\/#organization\"},\"potentialAction\":[{\"@type\":\"SearchAction\",\"target\":{\"@type\":\"EntryPoint\",\"urlTemplate\":\"https:\\\/\\\/gohike.lv\\\/ru\\\/?s={search_term_string}\"},\"query-input\":{\"@type\":\"PropertyValueSpecification\",\"valueRequired\":true,\"valueName\":\"search_term_string\"}}],\"inLanguage\":\"ru-RU\"},{\"@type\":\"Organization\",\"@id\":\"https:\\\/\\\/gohike.lv\\\/ru\\\/#organization\",\"name\":\"GoHike\",\"url\":\"https:\\\/\\\/gohike.lv\\\/ru\\\/\",\"logo\":{\"@type\":\"ImageObject\",\"inLanguage\":\"ru-RU\",\"@id\":\"https:\\\/\\\/gohike.lv\\\/ru\\\/#\\\/schema\\\/logo\\\/image\\\/\",\"url\":\"https:\\\/\\\/gohike.lv\\\/wp-content\\\/uploads\\\/2023\\\/08\\\/Logo_GoHike.webp\",\"contentUrl\":\"https:\\\/\\\/gohike.lv\\\/wp-content\\\/uploads\\\/2023\\\/08\\\/Logo_GoHike.webp\",\"width\":512,\"height\":512,\"caption\":\"GoHike\"},\"image\":{\"@id\":\"https:\\\/\\\/gohike.lv\\\/ru\\\/#\\\/schema\\\/logo\\\/image\\\/\"},\"sameAs\":[\"https:\\\/\\\/www.facebook.com\\\/gohike.shop\\\/\",\"https:\\\/\\\/www.instagram.com\\\/gohike.shop\\\/\"]}]}<\/script>\n<!-- \/ Yoast SEO plugin. -->","yoast_head_json":{"title":"Naturehike - H026 Regul\u0113jams liels ugunskura stat\u012bvs","description":"Izgatavots no augstas kvalit\u0101tes alum\u012bnija sakaus\u0113juma. Stat\u012bvam ir 3 augstuma regul\u0113\u0161anas l\u012bme\u0146i un tas ir \u013coti viegls.","robots":{"index":"index","follow":"follow","max-snippet":"max-snippet:-1","max-image-preview":"max-image-preview:large","max-video-preview":"max-video-preview:-1"},"canonical":"https:\/\/gohike.lv\/ru\/produkts\/naturehike-h026-regulejams-liels-ugunskura-stativs\/","og_locale":"ru_RU","og_type":"article","og_title":"Naturehike - Ugunsgr\u0113ka stat\u012bvs","og_description":"Izgatavots no augstas kvalit\u0101tes alum\u012bnija sakaus\u0113juma. Stat\u012bvam ir 3 augstuma regul\u0113\u0161anas l\u012bme\u0146i un tas ir \u013coti viegls.","og_url":"https:\/\/gohike.lv\/ru\/produkts\/naturehike-h026-regulejams-liels-ugunskura-stativs\/","og_site_name":"GoHike","article_publisher":"https:\/\/www.facebook.com\/gohike.shop\/","article_modified_time":"2025-12-30T14:24:43+00:00","og_image":[{"width":1500,"height":1500,"url":"https:\/\/gohike.lv\/wp-content\/uploads\/2024\/04\/H206tripod_-1.webp","type":"image\/webp"}],"twitter_card":"summary_large_image","twitter_title":"Naturehike - Ugunsgr\u0113ka stat\u012bvs","twitter_misc":{"\u041f\u0440\u0438\u043c\u0435\u0440\u043d\u043e\u0435 \u0432\u0440\u0435\u043c\u044f \u0434\u043b\u044f \u0447\u0442\u0435\u043d\u0438\u044f":"1 \u043c\u0438\u043d\u0443\u0442\u0430"},"schema":{"@context":"https:\/\/schema.org","@graph":[{"@type":["WebPage","ItemPage"],"@id":"https:\/\/gohike.lv\/ru\/produkts\/naturehike-h026-regulejams-liels-ugunskura-stativs\/","url":"https:\/\/gohike.lv\/ru\/produkts\/naturehike-h026-regulejams-liels-ugunskura-stativs\/","name":"Naturehike - H026 Regul\u0113jams liels ugunskura stat\u012bvs","isPartOf":{"@id":"https:\/\/gohike.lv\/ru\/#website"},"primaryImageOfPage":{"@id":"https:\/\/gohike.lv\/ru\/produkts\/naturehike-h026-regulejams-liels-ugunskura-stativs\/#primaryimage"},"image":{"@id":"https:\/\/gohike.lv\/ru\/produkts\/naturehike-h026-regulejams-liels-ugunskura-stativs\/#primaryimage"},"thumbnailUrl":"https:\/\/gohike.lv\/wp-content\/uploads\/2024\/04\/H206tripod_-1.webp","datePublished":"2024-05-07T08:39:30+00:00","dateModified":"2025-12-30T14:24:43+00:00","description":"Izgatavots no augstas kvalit\u0101tes alum\u012bnija sakaus\u0113juma. Stat\u012bvam ir 3 augstuma regul\u0113\u0161anas l\u012bme\u0146i un tas ir \u013coti viegls.","breadcrumb":{"@id":"https:\/\/gohike.lv\/ru\/produkts\/naturehike-h026-regulejams-liels-ugunskura-stativs\/#breadcrumb"},"inLanguage":"ru-RU","potentialAction":[{"@type":"ReadAction","target":["https:\/\/gohike.lv\/ru\/produkts\/naturehike-h026-regulejams-liels-ugunskura-stativs\/"]}]},{"@type":"ImageObject","inLanguage":"ru-RU","@id":"https:\/\/gohike.lv\/ru\/produkts\/naturehike-h026-regulejams-liels-ugunskura-stativs\/#primaryimage","url":"https:\/\/gohike.lv\/wp-content\/uploads\/2024\/04\/H206tripod_-1.webp","contentUrl":"https:\/\/gohike.lv\/wp-content\/uploads\/2024\/04\/H206tripod_-1.webp","width":1500,"height":1500},{"@type":"BreadcrumbList","@id":"https:\/\/gohike.lv\/ru\/produkts\/naturehike-h026-regulejams-liels-ugunskura-stativs\/#breadcrumb","itemListElement":[{"@type":"ListItem","position":1,"name":"\u0413\u043b\u0430\u0432\u043d\u0430\u044f","item":"https:\/\/gohike.lv\/ru\/"},{"@type":"ListItem","position":2,"name":"\u041a\u0430\u0442\u0435\u0433\u043e\u0440\u0438\u0438 \u0442\u043e\u0432\u0430\u0440\u043e\u0432","item":"https:\/\/gohike.lv\/%d0%ba%d0%b0%d1%82%d0%b5%d0%b3%d0%be%d1%80%d0%b8%d0%b8-%d1%82%d0%be%d0%b2%d0%b0%d1%80%d0%be%d0%b2\/"},{"@type":"ListItem","position":3,"name":"Naturehike &#8211; H026 Regul\u0113jams liels ugunskura stat\u012bvs"}]},{"@type":"WebSite","@id":"https:\/\/gohike.lv\/ru\/#website","url":"https:\/\/gohike.lv\/ru\/","name":"GoHike","description":"","publisher":{"@id":"https:\/\/gohike.lv\/ru\/#organization"},"potentialAction":[{"@type":"SearchAction","target":{"@type":"EntryPoint","urlTemplate":"https:\/\/gohike.lv\/ru\/?s={search_term_string}"},"query-input":{"@type":"PropertyValueSpecification","valueRequired":true,"valueName":"search_term_string"}}],"inLanguage":"ru-RU"},{"@type":"Organization","@id":"https:\/\/gohike.lv\/ru\/#organization","name":"GoHike","url":"https:\/\/gohike.lv\/ru\/","logo":{"@type":"ImageObject","inLanguage":"ru-RU","@id":"https:\/\/gohike.lv\/ru\/#\/schema\/logo\/image\/","url":"https:\/\/gohike.lv\/wp-content\/uploads\/2023\/08\/Logo_GoHike.webp","contentUrl":"https:\/\/gohike.lv\/wp-content\/uploads\/2023\/08\/Logo_GoHike.webp","width":512,"height":512,"caption":"GoHike"},"image":{"@id":"https:\/\/gohike.lv\/ru\/#\/schema\/logo\/image\/"},"sameAs":["https:\/\/www.facebook.com\/gohike.shop\/","https:\/\/www.instagram.com\/gohike.shop\/"]}]}},"jetpack_sharing_enabled":true,"_links":{"self":[{"href":"https:\/\/gohike.lv\/ru\/wp-json\/wp\/v2\/product\/53047","targetHints":{"allow":["GET"]}}],"collection":[{"href":"https:\/\/gohike.lv\/ru\/wp-json\/wp\/v2\/product"}],"about":[{"href":"https:\/\/gohike.lv\/ru\/wp-json\/wp\/v2\/types\/product"}],"version-history":[{"count":0,"href":"https:\/\/gohike.lv\/ru\/wp-json\/wp\/v2\/product\/53047\/revisions"}],"wp:featuredmedia":[{"embeddable":true,"href":"https:\/\/gohike.lv\/ru\/wp-json\/wp\/v2\/media\/35265"}],"wp:attachment":[{"href":"https:\/\/gohike.lv\/ru\/wp-json\/wp\/v2\/media?parent=53047"}],"wp:term":[{"taxonomy":"product_brand","embeddable":true,"href":"https:\/\/gohike.lv\/ru\/wp-json\/wp\/v2\/product_brand?post=53047"},{"taxonomy":"product_cat","embeddable":true,"href":"https:\/\/gohike.lv\/ru\/wp-json\/wp\/v2\/product_cat?post=53047"},{"taxonomy":"product_tag","embeddable":true,"href":"https:\/\/gohike.lv\/ru\/wp-json\/wp\/v2\/product_tag?post=53047"}],"curies":[{"name":"wp","href":"https:\/\/api.w.org\/{rel}","templated":true}]}}