{"id":53041,"date":"2024-05-07T11:39:08","date_gmt":"2024-05-07T08:39:08","guid":{"rendered":"https:\/\/gohike.lv\/produkts\/naturehike-terauda-retro-kruze\/"},"modified":"2025-12-30T17:24:44","modified_gmt":"2025-12-30T14:24:44","slug":"naturehike-terauda-retro-kruze","status":"publish","type":"product","link":"https:\/\/gohike.lv\/ru\/produkts\/naturehike-terauda-retro-kruze\/","title":{"rendered":"Naturehike &#8212; T\u0113rauda retro kr\u016bze"},"content":{"rendered":"<p>Ra\u017eo\u0161an\u0101 tiek izmantoti nodilumiztur\u012bgi un viegli materi\u0101li, kas pagarina kr\u016bzes kalpo\u0161anas laiku un samazina t\u0101s svaru.<br \/>\nMet\u0101ls satur minim\u0101lu oglek\u013ca daudzumu, t\u0101p\u0113c kr\u016bze ner\u016bs\u0113, ilgsto\u0161i saskaroties ar mitrumu un sk\u0101biem \u0161\u0137idrumiem.<br \/>\nRokturis ir izgatavots no dab\u012bga riekstkoka, mitr\u0101 vid\u0113 tas neuzbriest un nesasilst, pak\u013caujoties augst\u0101m temperat\u016br\u0101m.<br \/>\nRaksturlielumi:<br \/>\nTilpums: 350 ml;<br \/>\nIzm\u0113ri: 7,7 x 9,6 cm;<br \/>\nMateri\u0101ls: p\u0101rtikas t\u0113rauds 304, dab\u012bgs riekstkoks;<br \/>\nSvars: 150 g.<\/p>\n","protected":false},"excerpt":{"rendered":"<p>Met\u0101la kr\u016bze \u013caus baud\u012bt karstus un aukstus dz\u0113rienus, atrodoties \u0101rpus m\u0101j\u0101m.<\/p>\n","protected":false},"featured_media":35194,"template":"","meta":[],"product_brand":[167],"product_cat":[1012],"product_tag":[],"class_list":{"0":"post-53041","1":"product","2":"type-product","3":"status-publish","4":"has-post-thumbnail","6":"product_brand-naturehike-lv","7":"product_cat-virtuves-piederumi","8":"pa_izmeriscm-7-79-6","9":"pa_materiali-nerusejosais-terauds","10":"pa_materiali-valrieksts","11":"pa_produkta-tips-kruzes-un-blodas","13":"first","14":"outofstock","15":"taxable","16":"shipping-taxable","17":"purchasable","18":"product-type-simple"},"raw_content":{"name":"Naturehike - T\u0113rauda retro kr\u016bze","description":"Ra\u017eo\u0161an\u0101 tiek izmantoti nodilumiztur\u012bgi un viegli materi\u0101li, kas pagarina kr\u016bzes kalpo\u0161anas laiku un samazina t\u0101s svaru.\nMet\u0101ls satur minim\u0101lu oglek\u013ca daudzumu, t\u0101p\u0113c kr\u016bze ner\u016bs\u0113, ilgsto\u0161i saskaroties ar mitrumu un sk\u0101biem \u0161\u0137idrumiem.\nRokturis ir izgatavots no dab\u012bga riekstkoka, mitr\u0101 vid\u0113 tas neuzbriest un nesasilst, pak\u013caujoties augst\u0101m temperat\u016br\u0101m.\nRaksturlielumi:\nTilpums: 350 ml;\nIzm\u0113ri: 7,7 x 9,6 cm;\nMateri\u0101ls: p\u0101rtikas t\u0113rauds 304, dab\u012bgs riekstkoks;\nSvars: 150 g.","short_description":"Met\u0101la kr\u016bze \u013caus baud\u012bt karstus un aukstus dz\u0113rienus, atrodoties \u0101rpus m\u0101j\u0101m.","status":"publish","sku":"6927595784594","original":53041},"wpml":{"translation_type":1,"has_translations":true,"original":53041,"duplicates":[],"translations":{"lv":53041,"en":68544,"ru":null}},"supplier_id":null,"supplier_sku":"","barcode":null,"atum_controlled":true,"out_stock_date":null,"out_stock_threshold":null,"inheritable":false,"inbound_stock":null,"stock_on_hold":0,"sold_today":0,"sales_last_days":0,"reserved_stock":null,"customer_returns":null,"warehouse_damage":null,"lost_in_post":null,"other_logs":null,"out_stock_days":0,"lost_sales":0,"has_location":null,"update_date":"2025-12-30T14:30:39","atum_locations":[],"atum_stock_status":"outofstock","restock_status":false,"low_stock_amount":"","sales_update_date":"2025-11-13T14:08:19","calc_backorders":null,"yoast_head":"<!-- This site is optimized with the Yoast SEO plugin v27.3 - https:\/\/yoast.com\/product\/yoast-seo-wordpress\/ -->\n<title>Naturehike - T\u0113rauda retro kr\u016bze<\/title>\n<meta name=\"description\" content=\"Met\u0101la kr\u016bze \u013caus baud\u012bt karstus un aukstus dz\u0113rienus, atrodoties \u0101rpus m\u0101j\u0101m.\" \/>\n<meta name=\"robots\" content=\"index, follow, max-snippet:-1, max-image-preview:large, max-video-preview:-1\" \/>\n<link rel=\"canonical\" href=\"https:\/\/gohike.lv\/ru\/produkts\/naturehike-terauda-retro-kruze\/\" \/>\n<meta property=\"og:locale\" content=\"ru_RU\" \/>\n<meta property=\"og:type\" content=\"article\" \/>\n<meta property=\"og:title\" content=\"Naturehike - Kr\u016bze Steele\" \/>\n<meta property=\"og:description\" content=\"Met\u0101la kr\u016bze \u013caus baud\u012bt karstus un aukstus dz\u0113rienus, atrodoties \u0101rpus m\u0101j\u0101m.\" \/>\n<meta property=\"og:url\" content=\"https:\/\/gohike.lv\/ru\/produkts\/naturehike-terauda-retro-kruze\/\" \/>\n<meta property=\"og:site_name\" content=\"GoHike\" \/>\n<meta property=\"article:publisher\" content=\"https:\/\/www.facebook.com\/gohike.shop\/\" \/>\n<meta property=\"article:modified_time\" content=\"2025-12-30T14:24:44+00:00\" \/>\n<meta property=\"og:image\" content=\"https:\/\/gohike.lv\/wp-content\/uploads\/2024\/04\/RetroCup_-1.png\" \/>\n\t<meta property=\"og:image:width\" content=\"1500\" \/>\n\t<meta property=\"og:image:height\" content=\"1500\" \/>\n\t<meta property=\"og:image:type\" content=\"image\/png\" \/>\n<meta name=\"twitter:card\" content=\"summary_large_image\" \/>\n<meta name=\"twitter:title\" content=\"Naturehike - Kr\u016bze Steele\" \/>\n<meta name=\"twitter:label1\" content=\"\u041f\u0440\u0438\u043c\u0435\u0440\u043d\u043e\u0435 \u0432\u0440\u0435\u043c\u044f \u0434\u043b\u044f \u0447\u0442\u0435\u043d\u0438\u044f\" \/>\n\t<meta name=\"twitter:data1\" content=\"1 \u043c\u0438\u043d\u0443\u0442\u0430\" \/>\n<script type=\"application\/ld+json\" class=\"yoast-schema-graph\">{\"@context\":\"https:\\\/\\\/schema.org\",\"@graph\":[{\"@type\":[\"WebPage\",\"ItemPage\"],\"@id\":\"https:\\\/\\\/gohike.lv\\\/ru\\\/produkts\\\/naturehike-terauda-retro-kruze\\\/\",\"url\":\"https:\\\/\\\/gohike.lv\\\/ru\\\/produkts\\\/naturehike-terauda-retro-kruze\\\/\",\"name\":\"Naturehike - T\u0113rauda retro kr\u016bze\",\"isPartOf\":{\"@id\":\"https:\\\/\\\/gohike.lv\\\/ru\\\/#website\"},\"primaryImageOfPage\":{\"@id\":\"https:\\\/\\\/gohike.lv\\\/ru\\\/produkts\\\/naturehike-terauda-retro-kruze\\\/#primaryimage\"},\"image\":{\"@id\":\"https:\\\/\\\/gohike.lv\\\/ru\\\/produkts\\\/naturehike-terauda-retro-kruze\\\/#primaryimage\"},\"thumbnailUrl\":\"https:\\\/\\\/gohike.lv\\\/wp-content\\\/uploads\\\/2024\\\/04\\\/RetroCup_-1.png\",\"datePublished\":\"2024-05-07T08:39:08+00:00\",\"dateModified\":\"2025-12-30T14:24:44+00:00\",\"description\":\"Met\u0101la kr\u016bze \u013caus baud\u012bt karstus un aukstus dz\u0113rienus, atrodoties \u0101rpus m\u0101j\u0101m.\",\"breadcrumb\":{\"@id\":\"https:\\\/\\\/gohike.lv\\\/ru\\\/produkts\\\/naturehike-terauda-retro-kruze\\\/#breadcrumb\"},\"inLanguage\":\"ru-RU\",\"potentialAction\":[{\"@type\":\"ReadAction\",\"target\":[\"https:\\\/\\\/gohike.lv\\\/ru\\\/produkts\\\/naturehike-terauda-retro-kruze\\\/\"]}]},{\"@type\":\"ImageObject\",\"inLanguage\":\"ru-RU\",\"@id\":\"https:\\\/\\\/gohike.lv\\\/ru\\\/produkts\\\/naturehike-terauda-retro-kruze\\\/#primaryimage\",\"url\":\"https:\\\/\\\/gohike.lv\\\/wp-content\\\/uploads\\\/2024\\\/04\\\/RetroCup_-1.png\",\"contentUrl\":\"https:\\\/\\\/gohike.lv\\\/wp-content\\\/uploads\\\/2024\\\/04\\\/RetroCup_-1.png\",\"width\":1500,\"height\":1500},{\"@type\":\"BreadcrumbList\",\"@id\":\"https:\\\/\\\/gohike.lv\\\/ru\\\/produkts\\\/naturehike-terauda-retro-kruze\\\/#breadcrumb\",\"itemListElement\":[{\"@type\":\"ListItem\",\"position\":1,\"name\":\"\u0413\u043b\u0430\u0432\u043d\u0430\u044f\",\"item\":\"https:\\\/\\\/gohike.lv\\\/ru\\\/\"},{\"@type\":\"ListItem\",\"position\":2,\"name\":\"\u041a\u0430\u0442\u0435\u0433\u043e\u0440\u0438\u0438 \u0442\u043e\u0432\u0430\u0440\u043e\u0432\",\"item\":\"https:\\\/\\\/gohike.lv\\\/%d0%ba%d0%b0%d1%82%d0%b5%d0%b3%d0%be%d1%80%d0%b8%d0%b8-%d1%82%d0%be%d0%b2%d0%b0%d1%80%d0%be%d0%b2\\\/\"},{\"@type\":\"ListItem\",\"position\":3,\"name\":\"Naturehike &#8211; T\u0113rauda retro kr\u016bze\"}]},{\"@type\":\"WebSite\",\"@id\":\"https:\\\/\\\/gohike.lv\\\/ru\\\/#website\",\"url\":\"https:\\\/\\\/gohike.lv\\\/ru\\\/\",\"name\":\"GoHike\",\"description\":\"\",\"publisher\":{\"@id\":\"https:\\\/\\\/gohike.lv\\\/ru\\\/#organization\"},\"potentialAction\":[{\"@type\":\"SearchAction\",\"target\":{\"@type\":\"EntryPoint\",\"urlTemplate\":\"https:\\\/\\\/gohike.lv\\\/ru\\\/?s={search_term_string}\"},\"query-input\":{\"@type\":\"PropertyValueSpecification\",\"valueRequired\":true,\"valueName\":\"search_term_string\"}}],\"inLanguage\":\"ru-RU\"},{\"@type\":\"Organization\",\"@id\":\"https:\\\/\\\/gohike.lv\\\/ru\\\/#organization\",\"name\":\"GoHike\",\"url\":\"https:\\\/\\\/gohike.lv\\\/ru\\\/\",\"logo\":{\"@type\":\"ImageObject\",\"inLanguage\":\"ru-RU\",\"@id\":\"https:\\\/\\\/gohike.lv\\\/ru\\\/#\\\/schema\\\/logo\\\/image\\\/\",\"url\":\"https:\\\/\\\/gohike.lv\\\/wp-content\\\/uploads\\\/2023\\\/08\\\/Logo_GoHike.webp\",\"contentUrl\":\"https:\\\/\\\/gohike.lv\\\/wp-content\\\/uploads\\\/2023\\\/08\\\/Logo_GoHike.webp\",\"width\":512,\"height\":512,\"caption\":\"GoHike\"},\"image\":{\"@id\":\"https:\\\/\\\/gohike.lv\\\/ru\\\/#\\\/schema\\\/logo\\\/image\\\/\"},\"sameAs\":[\"https:\\\/\\\/www.facebook.com\\\/gohike.shop\\\/\",\"https:\\\/\\\/www.instagram.com\\\/gohike.shop\\\/\"]}]}<\/script>\n<!-- \/ Yoast SEO plugin. -->","yoast_head_json":{"title":"Naturehike - T\u0113rauda retro kr\u016bze","description":"Met\u0101la kr\u016bze \u013caus baud\u012bt karstus un aukstus dz\u0113rienus, atrodoties \u0101rpus m\u0101j\u0101m.","robots":{"index":"index","follow":"follow","max-snippet":"max-snippet:-1","max-image-preview":"max-image-preview:large","max-video-preview":"max-video-preview:-1"},"canonical":"https:\/\/gohike.lv\/ru\/produkts\/naturehike-terauda-retro-kruze\/","og_locale":"ru_RU","og_type":"article","og_title":"Naturehike - Kr\u016bze Steele","og_description":"Met\u0101la kr\u016bze \u013caus baud\u012bt karstus un aukstus dz\u0113rienus, atrodoties \u0101rpus m\u0101j\u0101m.","og_url":"https:\/\/gohike.lv\/ru\/produkts\/naturehike-terauda-retro-kruze\/","og_site_name":"GoHike","article_publisher":"https:\/\/www.facebook.com\/gohike.shop\/","article_modified_time":"2025-12-30T14:24:44+00:00","og_image":[{"width":1500,"height":1500,"url":"https:\/\/gohike.lv\/wp-content\/uploads\/2024\/04\/RetroCup_-1.png","type":"image\/png"}],"twitter_card":"summary_large_image","twitter_title":"Naturehike - Kr\u016bze Steele","twitter_misc":{"\u041f\u0440\u0438\u043c\u0435\u0440\u043d\u043e\u0435 \u0432\u0440\u0435\u043c\u044f \u0434\u043b\u044f \u0447\u0442\u0435\u043d\u0438\u044f":"1 \u043c\u0438\u043d\u0443\u0442\u0430"},"schema":{"@context":"https:\/\/schema.org","@graph":[{"@type":["WebPage","ItemPage"],"@id":"https:\/\/gohike.lv\/ru\/produkts\/naturehike-terauda-retro-kruze\/","url":"https:\/\/gohike.lv\/ru\/produkts\/naturehike-terauda-retro-kruze\/","name":"Naturehike - T\u0113rauda retro kr\u016bze","isPartOf":{"@id":"https:\/\/gohike.lv\/ru\/#website"},"primaryImageOfPage":{"@id":"https:\/\/gohike.lv\/ru\/produkts\/naturehike-terauda-retro-kruze\/#primaryimage"},"image":{"@id":"https:\/\/gohike.lv\/ru\/produkts\/naturehike-terauda-retro-kruze\/#primaryimage"},"thumbnailUrl":"https:\/\/gohike.lv\/wp-content\/uploads\/2024\/04\/RetroCup_-1.png","datePublished":"2024-05-07T08:39:08+00:00","dateModified":"2025-12-30T14:24:44+00:00","description":"Met\u0101la kr\u016bze \u013caus baud\u012bt karstus un aukstus dz\u0113rienus, atrodoties \u0101rpus m\u0101j\u0101m.","breadcrumb":{"@id":"https:\/\/gohike.lv\/ru\/produkts\/naturehike-terauda-retro-kruze\/#breadcrumb"},"inLanguage":"ru-RU","potentialAction":[{"@type":"ReadAction","target":["https:\/\/gohike.lv\/ru\/produkts\/naturehike-terauda-retro-kruze\/"]}]},{"@type":"ImageObject","inLanguage":"ru-RU","@id":"https:\/\/gohike.lv\/ru\/produkts\/naturehike-terauda-retro-kruze\/#primaryimage","url":"https:\/\/gohike.lv\/wp-content\/uploads\/2024\/04\/RetroCup_-1.png","contentUrl":"https:\/\/gohike.lv\/wp-content\/uploads\/2024\/04\/RetroCup_-1.png","width":1500,"height":1500},{"@type":"BreadcrumbList","@id":"https:\/\/gohike.lv\/ru\/produkts\/naturehike-terauda-retro-kruze\/#breadcrumb","itemListElement":[{"@type":"ListItem","position":1,"name":"\u0413\u043b\u0430\u0432\u043d\u0430\u044f","item":"https:\/\/gohike.lv\/ru\/"},{"@type":"ListItem","position":2,"name":"\u041a\u0430\u0442\u0435\u0433\u043e\u0440\u0438\u0438 \u0442\u043e\u0432\u0430\u0440\u043e\u0432","item":"https:\/\/gohike.lv\/%d0%ba%d0%b0%d1%82%d0%b5%d0%b3%d0%be%d1%80%d0%b8%d0%b8-%d1%82%d0%be%d0%b2%d0%b0%d1%80%d0%be%d0%b2\/"},{"@type":"ListItem","position":3,"name":"Naturehike &#8211; T\u0113rauda retro kr\u016bze"}]},{"@type":"WebSite","@id":"https:\/\/gohike.lv\/ru\/#website","url":"https:\/\/gohike.lv\/ru\/","name":"GoHike","description":"","publisher":{"@id":"https:\/\/gohike.lv\/ru\/#organization"},"potentialAction":[{"@type":"SearchAction","target":{"@type":"EntryPoint","urlTemplate":"https:\/\/gohike.lv\/ru\/?s={search_term_string}"},"query-input":{"@type":"PropertyValueSpecification","valueRequired":true,"valueName":"search_term_string"}}],"inLanguage":"ru-RU"},{"@type":"Organization","@id":"https:\/\/gohike.lv\/ru\/#organization","name":"GoHike","url":"https:\/\/gohike.lv\/ru\/","logo":{"@type":"ImageObject","inLanguage":"ru-RU","@id":"https:\/\/gohike.lv\/ru\/#\/schema\/logo\/image\/","url":"https:\/\/gohike.lv\/wp-content\/uploads\/2023\/08\/Logo_GoHike.webp","contentUrl":"https:\/\/gohike.lv\/wp-content\/uploads\/2023\/08\/Logo_GoHike.webp","width":512,"height":512,"caption":"GoHike"},"image":{"@id":"https:\/\/gohike.lv\/ru\/#\/schema\/logo\/image\/"},"sameAs":["https:\/\/www.facebook.com\/gohike.shop\/","https:\/\/www.instagram.com\/gohike.shop\/"]}]}},"jetpack_sharing_enabled":true,"_links":{"self":[{"href":"https:\/\/gohike.lv\/ru\/wp-json\/wp\/v2\/product\/53041","targetHints":{"allow":["GET"]}}],"collection":[{"href":"https:\/\/gohike.lv\/ru\/wp-json\/wp\/v2\/product"}],"about":[{"href":"https:\/\/gohike.lv\/ru\/wp-json\/wp\/v2\/types\/product"}],"version-history":[{"count":0,"href":"https:\/\/gohike.lv\/ru\/wp-json\/wp\/v2\/product\/53041\/revisions"}],"wp:featuredmedia":[{"embeddable":true,"href":"https:\/\/gohike.lv\/ru\/wp-json\/wp\/v2\/media\/35194"}],"wp:attachment":[{"href":"https:\/\/gohike.lv\/ru\/wp-json\/wp\/v2\/media?parent=53041"}],"wp:term":[{"taxonomy":"product_brand","embeddable":true,"href":"https:\/\/gohike.lv\/ru\/wp-json\/wp\/v2\/product_brand?post=53041"},{"taxonomy":"product_cat","embeddable":true,"href":"https:\/\/gohike.lv\/ru\/wp-json\/wp\/v2\/product_cat?post=53041"},{"taxonomy":"product_tag","embeddable":true,"href":"https:\/\/gohike.lv\/ru\/wp-json\/wp\/v2\/product_tag?post=53041"}],"curies":[{"name":"wp","href":"https:\/\/api.w.org\/{rel}","templated":true}]}}