{"id":53029,"date":"2024-05-07T11:38:54","date_gmt":"2024-05-07T08:38:54","guid":{"rendered":"https:\/\/gohike.lv\/produkts\/naturehike-titana-virtuves-piederumu-komplekts\/"},"modified":"2025-09-19T20:17:32","modified_gmt":"2025-09-19T17:17:32","slug":"naturehike-titana-virtuves-piederumu-komplekts","status":"publish","type":"product","link":"https:\/\/gohike.lv\/ru\/produkts\/naturehike-titana-virtuves-piederumu-komplekts\/","title":{"rendered":"Naturehike &#8212; Tit\u0101na virtuves piederumu komplekts"},"content":{"rendered":"<p>\u0160is komplekts ir \u012bpa\u0161i izstr\u0101d\u0101ts ce\u013cot\u0101jiem, un tas p\u0101rsteidz ar savu \u0113rto izm\u0113ru un unik\u0101laj\u0101m tit\u0101na \u012bpa\u0161\u012bb\u0101m.<br \/>\nKomplekt\u0101 ietilpst 300 ml b\u013coda, 300 ml katli\u0146\u0161 un 825 ml dzi\u013cais trauks.<br \/>\n\u0112diens nepiedeg un ilgsto\u0161i saglab\u0101jas silts.<br \/>\nVirtuves trauku rokturi viegli salok\u0101s gar korpusu, padarot tos kompaktu un viegli p\u0101rn\u0113s\u0101jamu.<\/p>\n","protected":false},"excerpt":{"rendered":"<p>Naturehike virtuves piederumu komplekts Titan.<\/p>\n","protected":false},"featured_media":35043,"template":"","meta":[],"product_brand":[167],"product_cat":[9447,1012],"product_tag":[],"class_list":{"0":"post-53029","1":"product","2":"type-product","3":"status-publish","4":"has-post-thumbnail","6":"product_brand-naturehike-lv","7":"product_cat-izpardosana","8":"product_cat-virtuves-piederumi","9":"pa_izmeriscm-18-518-58-5","10":"pa_materiali-titans","11":"pa_produkta-tips-kruzes-un-blodas","13":"first","14":"outofstock","15":"sale","16":"taxable","17":"shipping-taxable","18":"purchasable","19":"product-type-simple"},"raw_content":{"name":"Naturehike - Tit\u0101na virtuves piederumu komplekts","description":"\u0160is komplekts ir \u012bpa\u0161i izstr\u0101d\u0101ts ce\u013cot\u0101jiem, un tas p\u0101rsteidz ar savu \u0113rto izm\u0113ru un unik\u0101laj\u0101m tit\u0101na \u012bpa\u0161\u012bb\u0101m.\nKomplekt\u0101 ietilpst 300 ml b\u013coda, 300 ml katli\u0146\u0161 un 825 ml dzi\u013cais trauks.\n\u0112diens nepiedeg un ilgsto\u0161i saglab\u0101jas silts.\nVirtuves trauku rokturi viegli salok\u0101s gar korpusu, padarot tos kompaktu un viegli p\u0101rn\u0113s\u0101jamu.","short_description":"Naturehike virtuves piederumu komplekts Titan.","status":"publish","sku":"6975641887591","original":53029},"wpml":{"translation_type":1,"has_translations":true,"original":53029,"duplicates":[],"translations":{"lv":53029,"en":68536,"ru":null}},"supplier_id":null,"supplier_sku":"","barcode":null,"atum_controlled":true,"out_stock_date":"2025-09-18 15:08:35","out_stock_threshold":null,"inheritable":false,"inbound_stock":0,"stock_on_hold":0,"sold_today":0,"sales_last_days":0,"reserved_stock":0,"customer_returns":0,"warehouse_damage":0,"lost_in_post":0,"other_logs":0,"out_stock_days":55,"lost_sales":0,"has_location":false,"update_date":"2025-11-13T14:07:22","atum_locations":[],"atum_stock_status":"outofstock","restock_status":false,"low_stock_amount":"","sales_update_date":"2025-11-13T14:07:22","calc_backorders":null,"yoast_head":"<!-- This site is optimized with the Yoast SEO plugin v27.3 - https:\/\/yoast.com\/product\/yoast-seo-wordpress\/ -->\n<title>Naturehike - Tit\u0101na virtuves piederumu komplekts<\/title>\n<meta name=\"description\" content=\"Naturehike virtuves piederumu komplekts Titan. Komplekt\u0101 ietilpst 300 ml b\u013coda, 300 ml katli\u0146\u0161 un 825 ml dzi\u013cais trauks.\" \/>\n<meta name=\"robots\" content=\"index, follow, max-snippet:-1, max-image-preview:large, max-video-preview:-1\" \/>\n<link rel=\"canonical\" href=\"https:\/\/gohike.lv\/ru\/produkts\/naturehike-titana-virtuves-piederumu-komplekts\/\" \/>\n<meta property=\"og:locale\" content=\"ru_RU\" \/>\n<meta property=\"og:type\" content=\"article\" \/>\n<meta property=\"og:title\" content=\"Naturehike - Trauku komplekts\" \/>\n<meta property=\"og:description\" content=\"Naturehike virtuves piederumu komplekts Titan. Komplekt\u0101 ietilpst 300 ml b\u013coda, 300 ml katli\u0146\u0161 un 825 ml dzi\u013cais trauks.\" \/>\n<meta property=\"og:url\" content=\"https:\/\/gohike.lv\/ru\/produkts\/naturehike-titana-virtuves-piederumu-komplekts\/\" \/>\n<meta property=\"og:site_name\" content=\"GoHike\" \/>\n<meta property=\"article:publisher\" content=\"https:\/\/www.facebook.com\/gohike.shop\/\" \/>\n<meta property=\"article:modified_time\" content=\"2025-09-19T17:17:32+00:00\" \/>\n<meta property=\"og:image\" content=\"https:\/\/gohike.lv\/wp-content\/uploads\/2024\/04\/TitaniumTablewareSet_-1.webp\" \/>\n\t<meta property=\"og:image:width\" content=\"800\" \/>\n\t<meta property=\"og:image:height\" content=\"800\" \/>\n\t<meta property=\"og:image:type\" content=\"image\/webp\" \/>\n<meta name=\"twitter:card\" content=\"summary_large_image\" \/>\n<meta name=\"twitter:title\" content=\"Naturehike - Trauku komplekts\" \/>\n<meta name=\"twitter:label1\" content=\"\u041f\u0440\u0438\u043c\u0435\u0440\u043d\u043e\u0435 \u0432\u0440\u0435\u043c\u044f \u0434\u043b\u044f \u0447\u0442\u0435\u043d\u0438\u044f\" \/>\n\t<meta name=\"twitter:data1\" content=\"1 \u043c\u0438\u043d\u0443\u0442\u0430\" \/>\n<script type=\"application\/ld+json\" class=\"yoast-schema-graph\">{\"@context\":\"https:\\\/\\\/schema.org\",\"@graph\":[{\"@type\":[\"WebPage\",\"ItemPage\"],\"@id\":\"https:\\\/\\\/gohike.lv\\\/ru\\\/produkts\\\/naturehike-titana-virtuves-piederumu-komplekts\\\/\",\"url\":\"https:\\\/\\\/gohike.lv\\\/ru\\\/produkts\\\/naturehike-titana-virtuves-piederumu-komplekts\\\/\",\"name\":\"Naturehike - Tit\u0101na virtuves piederumu komplekts\",\"isPartOf\":{\"@id\":\"https:\\\/\\\/gohike.lv\\\/ru\\\/#website\"},\"primaryImageOfPage\":{\"@id\":\"https:\\\/\\\/gohike.lv\\\/ru\\\/produkts\\\/naturehike-titana-virtuves-piederumu-komplekts\\\/#primaryimage\"},\"image\":{\"@id\":\"https:\\\/\\\/gohike.lv\\\/ru\\\/produkts\\\/naturehike-titana-virtuves-piederumu-komplekts\\\/#primaryimage\"},\"thumbnailUrl\":\"https:\\\/\\\/gohike.lv\\\/wp-content\\\/uploads\\\/2024\\\/04\\\/TitaniumTablewareSet_-1.webp\",\"datePublished\":\"2024-05-07T08:38:54+00:00\",\"dateModified\":\"2025-09-19T17:17:32+00:00\",\"description\":\"Naturehike virtuves piederumu komplekts Titan. Komplekt\u0101 ietilpst 300 ml b\u013coda, 300 ml katli\u0146\u0161 un 825 ml dzi\u013cais trauks.\",\"breadcrumb\":{\"@id\":\"https:\\\/\\\/gohike.lv\\\/ru\\\/produkts\\\/naturehike-titana-virtuves-piederumu-komplekts\\\/#breadcrumb\"},\"inLanguage\":\"ru-RU\",\"potentialAction\":[{\"@type\":\"ReadAction\",\"target\":[\"https:\\\/\\\/gohike.lv\\\/ru\\\/produkts\\\/naturehike-titana-virtuves-piederumu-komplekts\\\/\"]}]},{\"@type\":\"ImageObject\",\"inLanguage\":\"ru-RU\",\"@id\":\"https:\\\/\\\/gohike.lv\\\/ru\\\/produkts\\\/naturehike-titana-virtuves-piederumu-komplekts\\\/#primaryimage\",\"url\":\"https:\\\/\\\/gohike.lv\\\/wp-content\\\/uploads\\\/2024\\\/04\\\/TitaniumTablewareSet_-1.webp\",\"contentUrl\":\"https:\\\/\\\/gohike.lv\\\/wp-content\\\/uploads\\\/2024\\\/04\\\/TitaniumTablewareSet_-1.webp\",\"width\":800,\"height\":800},{\"@type\":\"BreadcrumbList\",\"@id\":\"https:\\\/\\\/gohike.lv\\\/ru\\\/produkts\\\/naturehike-titana-virtuves-piederumu-komplekts\\\/#breadcrumb\",\"itemListElement\":[{\"@type\":\"ListItem\",\"position\":1,\"name\":\"\u0413\u043b\u0430\u0432\u043d\u0430\u044f\",\"item\":\"https:\\\/\\\/gohike.lv\\\/ru\\\/\"},{\"@type\":\"ListItem\",\"position\":2,\"name\":\"\u041a\u0430\u0442\u0435\u0433\u043e\u0440\u0438\u0438 \u0442\u043e\u0432\u0430\u0440\u043e\u0432\",\"item\":\"https:\\\/\\\/gohike.lv\\\/%d0%ba%d0%b0%d1%82%d0%b5%d0%b3%d0%be%d1%80%d0%b8%d0%b8-%d1%82%d0%be%d0%b2%d0%b0%d1%80%d0%be%d0%b2\\\/\"},{\"@type\":\"ListItem\",\"position\":3,\"name\":\"Naturehike &#8211; Tit\u0101na virtuves piederumu komplekts\"}]},{\"@type\":\"WebSite\",\"@id\":\"https:\\\/\\\/gohike.lv\\\/ru\\\/#website\",\"url\":\"https:\\\/\\\/gohike.lv\\\/ru\\\/\",\"name\":\"GoHike\",\"description\":\"\",\"publisher\":{\"@id\":\"https:\\\/\\\/gohike.lv\\\/ru\\\/#organization\"},\"potentialAction\":[{\"@type\":\"SearchAction\",\"target\":{\"@type\":\"EntryPoint\",\"urlTemplate\":\"https:\\\/\\\/gohike.lv\\\/ru\\\/?s={search_term_string}\"},\"query-input\":{\"@type\":\"PropertyValueSpecification\",\"valueRequired\":true,\"valueName\":\"search_term_string\"}}],\"inLanguage\":\"ru-RU\"},{\"@type\":\"Organization\",\"@id\":\"https:\\\/\\\/gohike.lv\\\/ru\\\/#organization\",\"name\":\"GoHike\",\"url\":\"https:\\\/\\\/gohike.lv\\\/ru\\\/\",\"logo\":{\"@type\":\"ImageObject\",\"inLanguage\":\"ru-RU\",\"@id\":\"https:\\\/\\\/gohike.lv\\\/ru\\\/#\\\/schema\\\/logo\\\/image\\\/\",\"url\":\"https:\\\/\\\/gohike.lv\\\/wp-content\\\/uploads\\\/2023\\\/08\\\/Logo_GoHike.webp\",\"contentUrl\":\"https:\\\/\\\/gohike.lv\\\/wp-content\\\/uploads\\\/2023\\\/08\\\/Logo_GoHike.webp\",\"width\":512,\"height\":512,\"caption\":\"GoHike\"},\"image\":{\"@id\":\"https:\\\/\\\/gohike.lv\\\/ru\\\/#\\\/schema\\\/logo\\\/image\\\/\"},\"sameAs\":[\"https:\\\/\\\/www.facebook.com\\\/gohike.shop\\\/\",\"https:\\\/\\\/www.instagram.com\\\/gohike.shop\\\/\"]}]}<\/script>\n<!-- \/ Yoast SEO plugin. -->","yoast_head_json":{"title":"Naturehike - Tit\u0101na virtuves piederumu komplekts","description":"Naturehike virtuves piederumu komplekts Titan. Komplekt\u0101 ietilpst 300 ml b\u013coda, 300 ml katli\u0146\u0161 un 825 ml dzi\u013cais trauks.","robots":{"index":"index","follow":"follow","max-snippet":"max-snippet:-1","max-image-preview":"max-image-preview:large","max-video-preview":"max-video-preview:-1"},"canonical":"https:\/\/gohike.lv\/ru\/produkts\/naturehike-titana-virtuves-piederumu-komplekts\/","og_locale":"ru_RU","og_type":"article","og_title":"Naturehike - Trauku komplekts","og_description":"Naturehike virtuves piederumu komplekts Titan. Komplekt\u0101 ietilpst 300 ml b\u013coda, 300 ml katli\u0146\u0161 un 825 ml dzi\u013cais trauks.","og_url":"https:\/\/gohike.lv\/ru\/produkts\/naturehike-titana-virtuves-piederumu-komplekts\/","og_site_name":"GoHike","article_publisher":"https:\/\/www.facebook.com\/gohike.shop\/","article_modified_time":"2025-09-19T17:17:32+00:00","og_image":[{"width":800,"height":800,"url":"https:\/\/gohike.lv\/wp-content\/uploads\/2024\/04\/TitaniumTablewareSet_-1.webp","type":"image\/webp"}],"twitter_card":"summary_large_image","twitter_title":"Naturehike - Trauku komplekts","twitter_misc":{"\u041f\u0440\u0438\u043c\u0435\u0440\u043d\u043e\u0435 \u0432\u0440\u0435\u043c\u044f \u0434\u043b\u044f \u0447\u0442\u0435\u043d\u0438\u044f":"1 \u043c\u0438\u043d\u0443\u0442\u0430"},"schema":{"@context":"https:\/\/schema.org","@graph":[{"@type":["WebPage","ItemPage"],"@id":"https:\/\/gohike.lv\/ru\/produkts\/naturehike-titana-virtuves-piederumu-komplekts\/","url":"https:\/\/gohike.lv\/ru\/produkts\/naturehike-titana-virtuves-piederumu-komplekts\/","name":"Naturehike - Tit\u0101na virtuves piederumu komplekts","isPartOf":{"@id":"https:\/\/gohike.lv\/ru\/#website"},"primaryImageOfPage":{"@id":"https:\/\/gohike.lv\/ru\/produkts\/naturehike-titana-virtuves-piederumu-komplekts\/#primaryimage"},"image":{"@id":"https:\/\/gohike.lv\/ru\/produkts\/naturehike-titana-virtuves-piederumu-komplekts\/#primaryimage"},"thumbnailUrl":"https:\/\/gohike.lv\/wp-content\/uploads\/2024\/04\/TitaniumTablewareSet_-1.webp","datePublished":"2024-05-07T08:38:54+00:00","dateModified":"2025-09-19T17:17:32+00:00","description":"Naturehike virtuves piederumu komplekts Titan. Komplekt\u0101 ietilpst 300 ml b\u013coda, 300 ml katli\u0146\u0161 un 825 ml dzi\u013cais trauks.","breadcrumb":{"@id":"https:\/\/gohike.lv\/ru\/produkts\/naturehike-titana-virtuves-piederumu-komplekts\/#breadcrumb"},"inLanguage":"ru-RU","potentialAction":[{"@type":"ReadAction","target":["https:\/\/gohike.lv\/ru\/produkts\/naturehike-titana-virtuves-piederumu-komplekts\/"]}]},{"@type":"ImageObject","inLanguage":"ru-RU","@id":"https:\/\/gohike.lv\/ru\/produkts\/naturehike-titana-virtuves-piederumu-komplekts\/#primaryimage","url":"https:\/\/gohike.lv\/wp-content\/uploads\/2024\/04\/TitaniumTablewareSet_-1.webp","contentUrl":"https:\/\/gohike.lv\/wp-content\/uploads\/2024\/04\/TitaniumTablewareSet_-1.webp","width":800,"height":800},{"@type":"BreadcrumbList","@id":"https:\/\/gohike.lv\/ru\/produkts\/naturehike-titana-virtuves-piederumu-komplekts\/#breadcrumb","itemListElement":[{"@type":"ListItem","position":1,"name":"\u0413\u043b\u0430\u0432\u043d\u0430\u044f","item":"https:\/\/gohike.lv\/ru\/"},{"@type":"ListItem","position":2,"name":"\u041a\u0430\u0442\u0435\u0433\u043e\u0440\u0438\u0438 \u0442\u043e\u0432\u0430\u0440\u043e\u0432","item":"https:\/\/gohike.lv\/%d0%ba%d0%b0%d1%82%d0%b5%d0%b3%d0%be%d1%80%d0%b8%d0%b8-%d1%82%d0%be%d0%b2%d0%b0%d1%80%d0%be%d0%b2\/"},{"@type":"ListItem","position":3,"name":"Naturehike &#8211; Tit\u0101na virtuves piederumu komplekts"}]},{"@type":"WebSite","@id":"https:\/\/gohike.lv\/ru\/#website","url":"https:\/\/gohike.lv\/ru\/","name":"GoHike","description":"","publisher":{"@id":"https:\/\/gohike.lv\/ru\/#organization"},"potentialAction":[{"@type":"SearchAction","target":{"@type":"EntryPoint","urlTemplate":"https:\/\/gohike.lv\/ru\/?s={search_term_string}"},"query-input":{"@type":"PropertyValueSpecification","valueRequired":true,"valueName":"search_term_string"}}],"inLanguage":"ru-RU"},{"@type":"Organization","@id":"https:\/\/gohike.lv\/ru\/#organization","name":"GoHike","url":"https:\/\/gohike.lv\/ru\/","logo":{"@type":"ImageObject","inLanguage":"ru-RU","@id":"https:\/\/gohike.lv\/ru\/#\/schema\/logo\/image\/","url":"https:\/\/gohike.lv\/wp-content\/uploads\/2023\/08\/Logo_GoHike.webp","contentUrl":"https:\/\/gohike.lv\/wp-content\/uploads\/2023\/08\/Logo_GoHike.webp","width":512,"height":512,"caption":"GoHike"},"image":{"@id":"https:\/\/gohike.lv\/ru\/#\/schema\/logo\/image\/"},"sameAs":["https:\/\/www.facebook.com\/gohike.shop\/","https:\/\/www.instagram.com\/gohike.shop\/"]}]}},"jetpack_sharing_enabled":true,"_links":{"self":[{"href":"https:\/\/gohike.lv\/ru\/wp-json\/wp\/v2\/product\/53029","targetHints":{"allow":["GET"]}}],"collection":[{"href":"https:\/\/gohike.lv\/ru\/wp-json\/wp\/v2\/product"}],"about":[{"href":"https:\/\/gohike.lv\/ru\/wp-json\/wp\/v2\/types\/product"}],"version-history":[{"count":0,"href":"https:\/\/gohike.lv\/ru\/wp-json\/wp\/v2\/product\/53029\/revisions"}],"wp:featuredmedia":[{"embeddable":true,"href":"https:\/\/gohike.lv\/ru\/wp-json\/wp\/v2\/media\/35043"}],"wp:attachment":[{"href":"https:\/\/gohike.lv\/ru\/wp-json\/wp\/v2\/media?parent=53029"}],"wp:term":[{"taxonomy":"product_brand","embeddable":true,"href":"https:\/\/gohike.lv\/ru\/wp-json\/wp\/v2\/product_brand?post=53029"},{"taxonomy":"product_cat","embeddable":true,"href":"https:\/\/gohike.lv\/ru\/wp-json\/wp\/v2\/product_cat?post=53029"},{"taxonomy":"product_tag","embeddable":true,"href":"https:\/\/gohike.lv\/ru\/wp-json\/wp\/v2\/product_tag?post=53029"}],"curies":[{"name":"wp","href":"https:\/\/api.w.org\/{rel}","templated":true}]}}