{"id":53021,"date":"2024-05-07T11:38:18","date_gmt":"2024-05-07T08:38:18","guid":{"rendered":"https:\/\/gohike.lv\/produkts\/naturehike-tdg01-titana-ara-katls\/"},"modified":"2025-12-30T17:24:44","modified_gmt":"2025-12-30T14:24:44","slug":"naturehike-tdg01-titana-ara-katls","status":"publish","type":"product","link":"https:\/\/gohike.lv\/ru\/produkts\/naturehike-tdg01-titana-ara-katls\/","title":{"rendered":"Naturehike &#8212; TDG01 Tit\u0101na katls"},"content":{"rendered":"<p>Izmantojot Naturehike Instant Pot, varat \u0101tri un dro\u0161i pagatavot vakari\u0146as.<br \/>\nVienk\u0101r\u0161ais dizains ar salok\u0101mu rokturi atvieglo katla iepako\u0161anu un transport\u0113\u0161anu.<br \/>\nRokturis nodro\u0161ina dro\u0161\u012bbu lieto\u0161anas laik\u0101.<br \/>\nKatls izgatavots no tit\u0101na, tas ir \u012bpa\u0161i iztur\u012bgs.<br \/>\nKatla sienas ilgsto\u0161i saglab\u0101 siltumu, t\u0101p\u0113c t\u0101s \u013cauj uztur\u0113t \u0113dienu siltu.<br \/>\nTit\u0101ns ir paz\u012bstams k\u0101 sp\u0113c\u012bgs, viegls met\u0101ls, kas ir iztur\u012bgs pret laikapst\u0101k\u013ciem un vides ietekmi.<br \/>\nRaksturlielumi:<br \/>\nIzm\u0113rs: 11,3 x 8 cm (biezums 0,4 mm);<br \/>\nTilpums: 800 ml;<br \/>\nSvars: 111 g;<br \/>\nMateri\u0101ls: tit\u0101ns;<br \/>\nKomplekt\u0101 soma transport\u0113\u0161anai.<\/p>\n","protected":false},"excerpt":{"rendered":"<p>Viegls katls \u0113diena pagatavo\u0161anai.<\/p>\n","protected":false},"featured_media":34985,"template":"","meta":[],"product_brand":[167],"product_cat":[1012],"product_tag":[],"class_list":{"0":"post-53021","1":"product","2":"type-product","3":"status-publish","4":"has-post-thumbnail","6":"product_brand-naturehike-lv","7":"product_cat-virtuves-piederumi","8":"pa_izmeriscm-11-3h8","9":"pa_materiali-4mm-virsma-smilsu-strukla","10":"pa_materiali-9-biezums-0","11":"pa_materiali-titans-saturs-99","12":"pa_produkta-tips-katli-un-pannas","14":"first","15":"instock","16":"taxable","17":"shipping-taxable","18":"purchasable","19":"product-type-simple"},"raw_content":{"name":"Naturehike - TDG01 Tit\u0101na katls","description":"Izmantojot Naturehike Instant Pot, varat \u0101tri un dro\u0161i pagatavot vakari\u0146as.\nVienk\u0101r\u0161ais dizains ar salok\u0101mu rokturi atvieglo katla iepako\u0161anu un transport\u0113\u0161anu.\nRokturis nodro\u0161ina dro\u0161\u012bbu lieto\u0161anas laik\u0101.\nKatls izgatavots no tit\u0101na, tas ir \u012bpa\u0161i iztur\u012bgs.\nKatla sienas ilgsto\u0161i saglab\u0101 siltumu, t\u0101p\u0113c t\u0101s \u013cauj uztur\u0113t \u0113dienu siltu.\nTit\u0101ns ir paz\u012bstams k\u0101 sp\u0113c\u012bgs, viegls met\u0101ls, kas ir iztur\u012bgs pret laikapst\u0101k\u013ciem un vides ietekmi.\nRaksturlielumi:\nIzm\u0113rs: 11,3 x 8 cm (biezums 0,4 mm);\nTilpums: 800 ml;\nSvars: 111 g;\nMateri\u0101ls: tit\u0101ns;\nKomplekt\u0101 soma transport\u0113\u0161anai.","short_description":"Viegls katls \u0113diena pagatavo\u0161anai.","status":"publish","sku":"6927595733554","original":53021},"wpml":{"translation_type":1,"has_translations":true,"original":53021,"duplicates":[],"translations":{"lv":53021,"en":68533,"ru":null}},"supplier_id":null,"supplier_sku":"","barcode":null,"atum_controlled":true,"out_stock_date":null,"out_stock_threshold":null,"inheritable":false,"inbound_stock":0,"stock_on_hold":0,"sold_today":0,"sales_last_days":0,"reserved_stock":0,"customer_returns":0,"warehouse_damage":0,"lost_in_post":0,"other_logs":0,"out_stock_days":0,"lost_sales":0,"has_location":false,"update_date":"2025-12-30T14:30:39","atum_locations":[],"atum_stock_status":"instock","restock_status":false,"low_stock_amount":"","sales_update_date":"2025-11-13T14:08:20","calc_backorders":null,"yoast_head":"<!-- This site is optimized with the Yoast SEO plugin v27.3 - https:\/\/yoast.com\/product\/yoast-seo-wordpress\/ -->\n<title>Naturehike - TDG01 Tit\u0101na katls<\/title>\n<meta name=\"description\" content=\"Viegls katls \u0113diena pagatavo\u0161anai. Vienk\u0101r\u0161ais dizains ar salok\u0101mu rokturi atvieglo katla iepako\u0161anu un transport\u0113\u0161anu.\" \/>\n<meta name=\"robots\" content=\"index, follow, max-snippet:-1, max-image-preview:large, max-video-preview:-1\" \/>\n<link rel=\"canonical\" href=\"https:\/\/gohike.lv\/ru\/produkts\/naturehike-tdg01-titana-ara-katls\/\" \/>\n<meta property=\"og:locale\" content=\"ru_RU\" \/>\n<meta property=\"og:type\" content=\"article\" \/>\n<meta property=\"og:title\" content=\"Naturehike - Tit\u0101na pods\" \/>\n<meta property=\"og:description\" content=\"Viegls katls \u0113diena pagatavo\u0161anai. Vienk\u0101r\u0161ais dizains ar salok\u0101mu rokturi atvieglo katla iepako\u0161anu un transport\u0113\u0161anu.\" \/>\n<meta property=\"og:url\" content=\"https:\/\/gohike.lv\/ru\/produkts\/naturehike-tdg01-titana-ara-katls\/\" \/>\n<meta property=\"og:site_name\" content=\"GoHike\" \/>\n<meta property=\"article:publisher\" content=\"https:\/\/www.facebook.com\/gohike.shop\/\" \/>\n<meta property=\"article:modified_time\" content=\"2025-12-30T14:24:44+00:00\" \/>\n<meta property=\"og:image\" content=\"https:\/\/gohike.lv\/wp-content\/uploads\/2024\/04\/TDG01_800ml_pot_-1.webp\" \/>\n\t<meta property=\"og:image:width\" content=\"630\" \/>\n\t<meta property=\"og:image:height\" content=\"630\" \/>\n\t<meta property=\"og:image:type\" content=\"image\/webp\" \/>\n<meta name=\"twitter:card\" content=\"summary_large_image\" \/>\n<meta name=\"twitter:title\" content=\"Naturehike - Tit\u0101na pods\" \/>\n<meta name=\"twitter:label1\" content=\"\u041f\u0440\u0438\u043c\u0435\u0440\u043d\u043e\u0435 \u0432\u0440\u0435\u043c\u044f \u0434\u043b\u044f \u0447\u0442\u0435\u043d\u0438\u044f\" \/>\n\t<meta name=\"twitter:data1\" content=\"1 \u043c\u0438\u043d\u0443\u0442\u0430\" \/>\n<script type=\"application\/ld+json\" class=\"yoast-schema-graph\">{\"@context\":\"https:\\\/\\\/schema.org\",\"@graph\":[{\"@type\":[\"WebPage\",\"ItemPage\"],\"@id\":\"https:\\\/\\\/gohike.lv\\\/ru\\\/produkts\\\/naturehike-tdg01-titana-ara-katls\\\/\",\"url\":\"https:\\\/\\\/gohike.lv\\\/ru\\\/produkts\\\/naturehike-tdg01-titana-ara-katls\\\/\",\"name\":\"Naturehike - TDG01 Tit\u0101na katls\",\"isPartOf\":{\"@id\":\"https:\\\/\\\/gohike.lv\\\/ru\\\/#website\"},\"primaryImageOfPage\":{\"@id\":\"https:\\\/\\\/gohike.lv\\\/ru\\\/produkts\\\/naturehike-tdg01-titana-ara-katls\\\/#primaryimage\"},\"image\":{\"@id\":\"https:\\\/\\\/gohike.lv\\\/ru\\\/produkts\\\/naturehike-tdg01-titana-ara-katls\\\/#primaryimage\"},\"thumbnailUrl\":\"https:\\\/\\\/gohike.lv\\\/wp-content\\\/uploads\\\/2024\\\/04\\\/TDG01_800ml_pot_-1.webp\",\"datePublished\":\"2024-05-07T08:38:18+00:00\",\"dateModified\":\"2025-12-30T14:24:44+00:00\",\"description\":\"Viegls katls \u0113diena pagatavo\u0161anai. Vienk\u0101r\u0161ais dizains ar salok\u0101mu rokturi atvieglo katla iepako\u0161anu un transport\u0113\u0161anu.\",\"breadcrumb\":{\"@id\":\"https:\\\/\\\/gohike.lv\\\/ru\\\/produkts\\\/naturehike-tdg01-titana-ara-katls\\\/#breadcrumb\"},\"inLanguage\":\"ru-RU\",\"potentialAction\":[{\"@type\":\"ReadAction\",\"target\":[\"https:\\\/\\\/gohike.lv\\\/ru\\\/produkts\\\/naturehike-tdg01-titana-ara-katls\\\/\"]}]},{\"@type\":\"ImageObject\",\"inLanguage\":\"ru-RU\",\"@id\":\"https:\\\/\\\/gohike.lv\\\/ru\\\/produkts\\\/naturehike-tdg01-titana-ara-katls\\\/#primaryimage\",\"url\":\"https:\\\/\\\/gohike.lv\\\/wp-content\\\/uploads\\\/2024\\\/04\\\/TDG01_800ml_pot_-1.webp\",\"contentUrl\":\"https:\\\/\\\/gohike.lv\\\/wp-content\\\/uploads\\\/2024\\\/04\\\/TDG01_800ml_pot_-1.webp\",\"width\":630,\"height\":630},{\"@type\":\"BreadcrumbList\",\"@id\":\"https:\\\/\\\/gohike.lv\\\/ru\\\/produkts\\\/naturehike-tdg01-titana-ara-katls\\\/#breadcrumb\",\"itemListElement\":[{\"@type\":\"ListItem\",\"position\":1,\"name\":\"\u0413\u043b\u0430\u0432\u043d\u0430\u044f\",\"item\":\"https:\\\/\\\/gohike.lv\\\/ru\\\/\"},{\"@type\":\"ListItem\",\"position\":2,\"name\":\"\u041a\u0430\u0442\u0435\u0433\u043e\u0440\u0438\u0438 \u0442\u043e\u0432\u0430\u0440\u043e\u0432\",\"item\":\"https:\\\/\\\/gohike.lv\\\/%d0%ba%d0%b0%d1%82%d0%b5%d0%b3%d0%be%d1%80%d0%b8%d0%b8-%d1%82%d0%be%d0%b2%d0%b0%d1%80%d0%be%d0%b2\\\/\"},{\"@type\":\"ListItem\",\"position\":3,\"name\":\"Naturehike &#8211; TDG01 Tit\u0101na katls\"}]},{\"@type\":\"WebSite\",\"@id\":\"https:\\\/\\\/gohike.lv\\\/ru\\\/#website\",\"url\":\"https:\\\/\\\/gohike.lv\\\/ru\\\/\",\"name\":\"GoHike\",\"description\":\"\",\"publisher\":{\"@id\":\"https:\\\/\\\/gohike.lv\\\/ru\\\/#organization\"},\"potentialAction\":[{\"@type\":\"SearchAction\",\"target\":{\"@type\":\"EntryPoint\",\"urlTemplate\":\"https:\\\/\\\/gohike.lv\\\/ru\\\/?s={search_term_string}\"},\"query-input\":{\"@type\":\"PropertyValueSpecification\",\"valueRequired\":true,\"valueName\":\"search_term_string\"}}],\"inLanguage\":\"ru-RU\"},{\"@type\":\"Organization\",\"@id\":\"https:\\\/\\\/gohike.lv\\\/ru\\\/#organization\",\"name\":\"GoHike\",\"url\":\"https:\\\/\\\/gohike.lv\\\/ru\\\/\",\"logo\":{\"@type\":\"ImageObject\",\"inLanguage\":\"ru-RU\",\"@id\":\"https:\\\/\\\/gohike.lv\\\/ru\\\/#\\\/schema\\\/logo\\\/image\\\/\",\"url\":\"https:\\\/\\\/gohike.lv\\\/wp-content\\\/uploads\\\/2023\\\/08\\\/Logo_GoHike.webp\",\"contentUrl\":\"https:\\\/\\\/gohike.lv\\\/wp-content\\\/uploads\\\/2023\\\/08\\\/Logo_GoHike.webp\",\"width\":512,\"height\":512,\"caption\":\"GoHike\"},\"image\":{\"@id\":\"https:\\\/\\\/gohike.lv\\\/ru\\\/#\\\/schema\\\/logo\\\/image\\\/\"},\"sameAs\":[\"https:\\\/\\\/www.facebook.com\\\/gohike.shop\\\/\",\"https:\\\/\\\/www.instagram.com\\\/gohike.shop\\\/\"]}]}<\/script>\n<!-- \/ Yoast SEO plugin. -->","yoast_head_json":{"title":"Naturehike - TDG01 Tit\u0101na katls","description":"Viegls katls \u0113diena pagatavo\u0161anai. Vienk\u0101r\u0161ais dizains ar salok\u0101mu rokturi atvieglo katla iepako\u0161anu un transport\u0113\u0161anu.","robots":{"index":"index","follow":"follow","max-snippet":"max-snippet:-1","max-image-preview":"max-image-preview:large","max-video-preview":"max-video-preview:-1"},"canonical":"https:\/\/gohike.lv\/ru\/produkts\/naturehike-tdg01-titana-ara-katls\/","og_locale":"ru_RU","og_type":"article","og_title":"Naturehike - Tit\u0101na pods","og_description":"Viegls katls \u0113diena pagatavo\u0161anai. Vienk\u0101r\u0161ais dizains ar salok\u0101mu rokturi atvieglo katla iepako\u0161anu un transport\u0113\u0161anu.","og_url":"https:\/\/gohike.lv\/ru\/produkts\/naturehike-tdg01-titana-ara-katls\/","og_site_name":"GoHike","article_publisher":"https:\/\/www.facebook.com\/gohike.shop\/","article_modified_time":"2025-12-30T14:24:44+00:00","og_image":[{"width":630,"height":630,"url":"https:\/\/gohike.lv\/wp-content\/uploads\/2024\/04\/TDG01_800ml_pot_-1.webp","type":"image\/webp"}],"twitter_card":"summary_large_image","twitter_title":"Naturehike - Tit\u0101na pods","twitter_misc":{"\u041f\u0440\u0438\u043c\u0435\u0440\u043d\u043e\u0435 \u0432\u0440\u0435\u043c\u044f \u0434\u043b\u044f \u0447\u0442\u0435\u043d\u0438\u044f":"1 \u043c\u0438\u043d\u0443\u0442\u0430"},"schema":{"@context":"https:\/\/schema.org","@graph":[{"@type":["WebPage","ItemPage"],"@id":"https:\/\/gohike.lv\/ru\/produkts\/naturehike-tdg01-titana-ara-katls\/","url":"https:\/\/gohike.lv\/ru\/produkts\/naturehike-tdg01-titana-ara-katls\/","name":"Naturehike - TDG01 Tit\u0101na katls","isPartOf":{"@id":"https:\/\/gohike.lv\/ru\/#website"},"primaryImageOfPage":{"@id":"https:\/\/gohike.lv\/ru\/produkts\/naturehike-tdg01-titana-ara-katls\/#primaryimage"},"image":{"@id":"https:\/\/gohike.lv\/ru\/produkts\/naturehike-tdg01-titana-ara-katls\/#primaryimage"},"thumbnailUrl":"https:\/\/gohike.lv\/wp-content\/uploads\/2024\/04\/TDG01_800ml_pot_-1.webp","datePublished":"2024-05-07T08:38:18+00:00","dateModified":"2025-12-30T14:24:44+00:00","description":"Viegls katls \u0113diena pagatavo\u0161anai. Vienk\u0101r\u0161ais dizains ar salok\u0101mu rokturi atvieglo katla iepako\u0161anu un transport\u0113\u0161anu.","breadcrumb":{"@id":"https:\/\/gohike.lv\/ru\/produkts\/naturehike-tdg01-titana-ara-katls\/#breadcrumb"},"inLanguage":"ru-RU","potentialAction":[{"@type":"ReadAction","target":["https:\/\/gohike.lv\/ru\/produkts\/naturehike-tdg01-titana-ara-katls\/"]}]},{"@type":"ImageObject","inLanguage":"ru-RU","@id":"https:\/\/gohike.lv\/ru\/produkts\/naturehike-tdg01-titana-ara-katls\/#primaryimage","url":"https:\/\/gohike.lv\/wp-content\/uploads\/2024\/04\/TDG01_800ml_pot_-1.webp","contentUrl":"https:\/\/gohike.lv\/wp-content\/uploads\/2024\/04\/TDG01_800ml_pot_-1.webp","width":630,"height":630},{"@type":"BreadcrumbList","@id":"https:\/\/gohike.lv\/ru\/produkts\/naturehike-tdg01-titana-ara-katls\/#breadcrumb","itemListElement":[{"@type":"ListItem","position":1,"name":"\u0413\u043b\u0430\u0432\u043d\u0430\u044f","item":"https:\/\/gohike.lv\/ru\/"},{"@type":"ListItem","position":2,"name":"\u041a\u0430\u0442\u0435\u0433\u043e\u0440\u0438\u0438 \u0442\u043e\u0432\u0430\u0440\u043e\u0432","item":"https:\/\/gohike.lv\/%d0%ba%d0%b0%d1%82%d0%b5%d0%b3%d0%be%d1%80%d0%b8%d0%b8-%d1%82%d0%be%d0%b2%d0%b0%d1%80%d0%be%d0%b2\/"},{"@type":"ListItem","position":3,"name":"Naturehike &#8211; TDG01 Tit\u0101na katls"}]},{"@type":"WebSite","@id":"https:\/\/gohike.lv\/ru\/#website","url":"https:\/\/gohike.lv\/ru\/","name":"GoHike","description":"","publisher":{"@id":"https:\/\/gohike.lv\/ru\/#organization"},"potentialAction":[{"@type":"SearchAction","target":{"@type":"EntryPoint","urlTemplate":"https:\/\/gohike.lv\/ru\/?s={search_term_string}"},"query-input":{"@type":"PropertyValueSpecification","valueRequired":true,"valueName":"search_term_string"}}],"inLanguage":"ru-RU"},{"@type":"Organization","@id":"https:\/\/gohike.lv\/ru\/#organization","name":"GoHike","url":"https:\/\/gohike.lv\/ru\/","logo":{"@type":"ImageObject","inLanguage":"ru-RU","@id":"https:\/\/gohike.lv\/ru\/#\/schema\/logo\/image\/","url":"https:\/\/gohike.lv\/wp-content\/uploads\/2023\/08\/Logo_GoHike.webp","contentUrl":"https:\/\/gohike.lv\/wp-content\/uploads\/2023\/08\/Logo_GoHike.webp","width":512,"height":512,"caption":"GoHike"},"image":{"@id":"https:\/\/gohike.lv\/ru\/#\/schema\/logo\/image\/"},"sameAs":["https:\/\/www.facebook.com\/gohike.shop\/","https:\/\/www.instagram.com\/gohike.shop\/"]}]}},"jetpack_sharing_enabled":true,"_links":{"self":[{"href":"https:\/\/gohike.lv\/ru\/wp-json\/wp\/v2\/product\/53021","targetHints":{"allow":["GET"]}}],"collection":[{"href":"https:\/\/gohike.lv\/ru\/wp-json\/wp\/v2\/product"}],"about":[{"href":"https:\/\/gohike.lv\/ru\/wp-json\/wp\/v2\/types\/product"}],"version-history":[{"count":0,"href":"https:\/\/gohike.lv\/ru\/wp-json\/wp\/v2\/product\/53021\/revisions"}],"wp:featuredmedia":[{"embeddable":true,"href":"https:\/\/gohike.lv\/ru\/wp-json\/wp\/v2\/media\/34985"}],"wp:attachment":[{"href":"https:\/\/gohike.lv\/ru\/wp-json\/wp\/v2\/media?parent=53021"}],"wp:term":[{"taxonomy":"product_brand","embeddable":true,"href":"https:\/\/gohike.lv\/ru\/wp-json\/wp\/v2\/product_brand?post=53021"},{"taxonomy":"product_cat","embeddable":true,"href":"https:\/\/gohike.lv\/ru\/wp-json\/wp\/v2\/product_cat?post=53021"},{"taxonomy":"product_tag","embeddable":true,"href":"https:\/\/gohike.lv\/ru\/wp-json\/wp\/v2\/product_tag?post=53021"}],"curies":[{"name":"wp","href":"https:\/\/api.w.org\/{rel}","templated":true}]}}