{"id":53009,"date":"2024-05-07T11:36:29","date_gmt":"2024-05-07T08:36:29","guid":{"rendered":"https:\/\/gohike.lv\/produkts\/naturehike-vieglais-saliekamais-turisma-kresls\/"},"modified":"2025-12-30T17:25:04","modified_gmt":"2025-12-30T14:25:04","slug":"naturehike-viegls-saliekams-turisma-kresls","status":"publish","type":"product","link":"https:\/\/gohike.lv\/ru\/produkts\/naturehike-viegls-saliekams-turisma-kresls\/","title":{"rendered":"Naturehike &#8212; Viegls, saliekams t\u016brisma kr\u0113sls"},"content":{"rendered":"<p>Stabils met\u0101la r\u0101mis un viengabala k\u0101ju konstrukcija ar horizont\u0101lu atbalstu nodro\u0161ina ne tikai stabilit\u0101ti un dro\u0161\u012bbu, bet ar\u012b augstu slodzes iztur\u012bbu.<br \/>\nKr\u0113sla r\u0101mis ir izgatavots no oglek\u013ca t\u0113rauda, kas nodro\u0161ina iztur\u012bbu pret koroziju un ilgu kalpo\u0161anas laiku jebkuros ekstr\u0113mos apst\u0101k\u013cos.<br \/>\nRokturi no dab\u012bg\u0101 b\u0113rza pie\u0161\u0137ir modelim ne tikai eleganci, bet ar\u012b dabisku skaistumu.<br \/>\nAntikvari\u0101ta stila k\u0101jas nodro\u0161ina stabilit\u0101ti uz jebkuras virsmas.<br \/>\nRaksturlielumi:<br \/>\nIztur slodzi l\u012bdz 120 kg;<br \/>\nKr\u0113sla izm\u0113ri izv\u0113rst\u0101 veid\u0101: 45 x 54 x 67cm;<br \/>\nKr\u0113sla izm\u0113ri salikt\u0101 veid\u0101 \u2013 55 x 7 x 62,5cm;<br \/>\nAtzveltnes augstums 35 cm;<br \/>\nUzticams r\u0101mis, iztur\u012bgas k\u0101jas, ieskaitot horizont\u0101lu atbalstu;<br \/>\nDivk\u0101r\u0161a auduma pamatne no poliestera Oxford 600D 86T.;<br \/>\nNodilumiztur\u012bgs un \u016bdensiztur\u012bgs audums, kas laika gait\u0101 neizbal\u0113 un neizstiepjas;<br \/>\nIzgatavots no oglek\u013ca t\u0113rauda;<br \/>\nRokturi no b\u0113rza;<br \/>\nSvars 2,7 kg;<br \/>\nPretsl\u012bd\u0113\u0161anas k\u0101jas.<\/p>\n","protected":false},"excerpt":{"rendered":"<p>Naturehike saliekamais t\u016brisma kr\u0113sls &#8212; stil\u012bgs un \u0113rts aksesu\u0101rs, kas nodro\u0161in\u0101s augst\u0101ko komforta l\u012bmeni jebkur\u0101 situ\u0101cij\u0101.<\/p>\n","protected":false},"featured_media":29097,"template":"","meta":[],"product_brand":[167],"product_cat":[2493],"product_tag":[],"class_list":{"0":"post-53009","1":"product","2":"type-product","3":"status-publish","4":"has-post-thumbnail","6":"product_brand-naturehike-lv","7":"product_cat-kempinga-mebeles","8":"pa_produkta-tips-kresli","9":"pa_spalva-haki","10":"pa_spalva-melns","12":"first","13":"outofstock","14":"taxable","15":"shipping-taxable","16":"purchasable","17":"product-type-variable","18":"has-default-attributes"},"raw_content":{"name":"Naturehike - Viegls, saliekams t\u016brisma kr\u0113sls","description":"Stabils met\u0101la r\u0101mis un viengabala k\u0101ju konstrukcija ar horizont\u0101lu atbalstu nodro\u0161ina ne tikai stabilit\u0101ti un dro\u0161\u012bbu, bet ar\u012b augstu slodzes iztur\u012bbu.\nKr\u0113sla r\u0101mis ir izgatavots no oglek\u013ca t\u0113rauda, kas nodro\u0161ina iztur\u012bbu pret koroziju un ilgu kalpo\u0161anas laiku jebkuros ekstr\u0113mos apst\u0101k\u013cos.\nRokturi no dab\u012bg\u0101 b\u0113rza pie\u0161\u0137ir modelim ne tikai eleganci, bet ar\u012b dabisku skaistumu.\nAntikvari\u0101ta stila k\u0101jas nodro\u0161ina stabilit\u0101ti uz jebkuras virsmas.\nRaksturlielumi:\nIztur slodzi l\u012bdz 120 kg;\nKr\u0113sla izm\u0113ri izv\u0113rst\u0101 veid\u0101: 45 x 54 x 67cm;\nKr\u0113sla izm\u0113ri salikt\u0101 veid\u0101 \u2013 55 x 7 x 62,5cm;\nAtzveltnes augstums 35 cm;\nUzticams r\u0101mis, iztur\u012bgas k\u0101jas, ieskaitot horizont\u0101lu atbalstu;\nDivk\u0101r\u0161a auduma pamatne no poliestera Oxford 600D 86T.;\nNodilumiztur\u012bgs un \u016bdensiztur\u012bgs audums, kas laika gait\u0101 neizbal\u0113 un neizstiepjas;\nIzgatavots no oglek\u013ca t\u0113rauda;\nRokturi no b\u0113rza;\nSvars 2,7 kg;\nPretsl\u012bd\u0113\u0161anas k\u0101jas.","short_description":"Naturehike saliekamais t\u016brisma kr\u0113sls - stil\u012bgs un \u0113rts aksesu\u0101rs, kas nodro\u0161in\u0101s augst\u0101ko komforta l\u012bmeni jebkur\u0101 situ\u0101cij\u0101.","status":"publish","sku":"nat000201","original":53009},"wpml":{"translation_type":1,"has_translations":true,"original":53009,"duplicates":[],"translations":{"lv":53009,"en":68519,"ru":null}},"supplier_id":null,"supplier_sku":"","barcode":null,"atum_controlled":true,"out_stock_date":null,"out_stock_threshold":null,"inheritable":false,"inbound_stock":0,"stock_on_hold":0,"sold_today":0,"sales_last_days":0,"reserved_stock":0,"customer_returns":0,"warehouse_damage":0,"lost_in_post":0,"other_logs":0,"out_stock_days":0,"lost_sales":0,"has_location":null,"update_date":"2025-12-30T14:30:39","atum_locations":[],"atum_stock_status":"outofstock","restock_status":false,"low_stock_amount":"","sales_update_date":"2025-11-13T14:07:28","calc_backorders":null,"yoast_head":"<!-- This site is optimized with the Yoast SEO plugin v27.3 - https:\/\/yoast.com\/product\/yoast-seo-wordpress\/ -->\n<title>Naturehike - Viegls, saliekams t\u016brisma kr\u0113sls<\/title>\n<meta name=\"description\" content=\"Naturehike saliekamais t\u016brisma kr\u0113sls - stil\u012bgs un \u0113rts aksesu\u0101rs, kas nodro\u0161in\u0101s augst\u0101ko komforta l\u012bmeni jebkur\u0101 situ\u0101cij\u0101.\" \/>\n<meta name=\"robots\" content=\"index, follow, max-snippet:-1, max-image-preview:large, max-video-preview:-1\" \/>\n<link rel=\"canonical\" href=\"https:\/\/gohike.lv\/ru\/produkts\/naturehike-viegls-saliekams-turisma-kresls\/\" \/>\n<meta property=\"og:locale\" content=\"ru_RU\" \/>\n<meta property=\"og:type\" content=\"article\" \/>\n<meta property=\"og:title\" content=\"Naturehike - Vieglais saliekamais t\u016brisma kr\u0113sls\" \/>\n<meta property=\"og:description\" content=\"Naturehike saliekamais t\u016brisma kr\u0113sls - stil\u012bgs un \u0113rts aksesu\u0101rs, kas nodro\u0161in\u0101s augst\u0101ko komforta l\u012bmeni jebkur\u0101 situ\u0101cij\u0101.\" \/>\n<meta property=\"og:url\" content=\"https:\/\/gohike.lv\/ru\/produkts\/naturehike-viegls-saliekams-turisma-kresls\/\" \/>\n<meta property=\"og:site_name\" content=\"GoHike\" \/>\n<meta property=\"article:publisher\" content=\"https:\/\/www.facebook.com\/gohike.shop\/\" \/>\n<meta property=\"article:modified_time\" content=\"2025-12-30T14:25:04+00:00\" \/>\n<meta property=\"og:image\" content=\"https:\/\/gohike.lv\/wp-content\/uploads\/2024\/04\/LightweightFolding_Khaki.webp\" \/>\n\t<meta property=\"og:image:width\" content=\"416\" \/>\n\t<meta property=\"og:image:height\" content=\"470\" \/>\n\t<meta property=\"og:image:type\" content=\"image\/webp\" \/>\n<meta name=\"twitter:card\" content=\"summary_large_image\" \/>\n<meta name=\"twitter:title\" content=\"Naturehike - Vieglais saliekamais t\u016brisma kr\u0113sls\" \/>\n<meta name=\"twitter:label1\" content=\"\u041f\u0440\u0438\u043c\u0435\u0440\u043d\u043e\u0435 \u0432\u0440\u0435\u043c\u044f \u0434\u043b\u044f \u0447\u0442\u0435\u043d\u0438\u044f\" \/>\n\t<meta name=\"twitter:data1\" content=\"1 \u043c\u0438\u043d\u0443\u0442\u0430\" \/>\n<script type=\"application\/ld+json\" class=\"yoast-schema-graph\">{\"@context\":\"https:\\\/\\\/schema.org\",\"@graph\":[{\"@type\":[\"WebPage\",\"ItemPage\"],\"@id\":\"https:\\\/\\\/gohike.lv\\\/ru\\\/produkts\\\/naturehike-viegls-saliekams-turisma-kresls\\\/\",\"url\":\"https:\\\/\\\/gohike.lv\\\/ru\\\/produkts\\\/naturehike-viegls-saliekams-turisma-kresls\\\/\",\"name\":\"Naturehike - Viegls, saliekams t\u016brisma kr\u0113sls\",\"isPartOf\":{\"@id\":\"https:\\\/\\\/gohike.lv\\\/ru\\\/#website\"},\"primaryImageOfPage\":{\"@id\":\"https:\\\/\\\/gohike.lv\\\/ru\\\/produkts\\\/naturehike-viegls-saliekams-turisma-kresls\\\/#primaryimage\"},\"image\":{\"@id\":\"https:\\\/\\\/gohike.lv\\\/ru\\\/produkts\\\/naturehike-viegls-saliekams-turisma-kresls\\\/#primaryimage\"},\"thumbnailUrl\":\"https:\\\/\\\/gohike.lv\\\/wp-content\\\/uploads\\\/2024\\\/04\\\/LightweightFolding_Khaki.webp\",\"datePublished\":\"2024-05-07T08:36:29+00:00\",\"dateModified\":\"2025-12-30T14:25:04+00:00\",\"description\":\"Naturehike saliekamais t\u016brisma kr\u0113sls - stil\u012bgs un \u0113rts aksesu\u0101rs, kas nodro\u0161in\u0101s augst\u0101ko komforta l\u012bmeni jebkur\u0101 situ\u0101cij\u0101.\",\"breadcrumb\":{\"@id\":\"https:\\\/\\\/gohike.lv\\\/ru\\\/produkts\\\/naturehike-viegls-saliekams-turisma-kresls\\\/#breadcrumb\"},\"inLanguage\":\"ru-RU\",\"potentialAction\":[{\"@type\":\"ReadAction\",\"target\":[\"https:\\\/\\\/gohike.lv\\\/ru\\\/produkts\\\/naturehike-viegls-saliekams-turisma-kresls\\\/\"]}]},{\"@type\":\"ImageObject\",\"inLanguage\":\"ru-RU\",\"@id\":\"https:\\\/\\\/gohike.lv\\\/ru\\\/produkts\\\/naturehike-viegls-saliekams-turisma-kresls\\\/#primaryimage\",\"url\":\"https:\\\/\\\/gohike.lv\\\/wp-content\\\/uploads\\\/2024\\\/04\\\/LightweightFolding_Khaki.webp\",\"contentUrl\":\"https:\\\/\\\/gohike.lv\\\/wp-content\\\/uploads\\\/2024\\\/04\\\/LightweightFolding_Khaki.webp\",\"width\":416,\"height\":470},{\"@type\":\"BreadcrumbList\",\"@id\":\"https:\\\/\\\/gohike.lv\\\/ru\\\/produkts\\\/naturehike-viegls-saliekams-turisma-kresls\\\/#breadcrumb\",\"itemListElement\":[{\"@type\":\"ListItem\",\"position\":1,\"name\":\"\u0413\u043b\u0430\u0432\u043d\u0430\u044f\",\"item\":\"https:\\\/\\\/gohike.lv\\\/ru\\\/\"},{\"@type\":\"ListItem\",\"position\":2,\"name\":\"\u041a\u0430\u0442\u0435\u0433\u043e\u0440\u0438\u0438 \u0442\u043e\u0432\u0430\u0440\u043e\u0432\",\"item\":\"https:\\\/\\\/gohike.lv\\\/%d0%ba%d0%b0%d1%82%d0%b5%d0%b3%d0%be%d1%80%d0%b8%d0%b8-%d1%82%d0%be%d0%b2%d0%b0%d1%80%d0%be%d0%b2\\\/\"},{\"@type\":\"ListItem\",\"position\":3,\"name\":\"Naturehike &#8211; Viegls, saliekams t\u016brisma kr\u0113sls\"}]},{\"@type\":\"WebSite\",\"@id\":\"https:\\\/\\\/gohike.lv\\\/ru\\\/#website\",\"url\":\"https:\\\/\\\/gohike.lv\\\/ru\\\/\",\"name\":\"GoHike\",\"description\":\"\",\"publisher\":{\"@id\":\"https:\\\/\\\/gohike.lv\\\/ru\\\/#organization\"},\"potentialAction\":[{\"@type\":\"SearchAction\",\"target\":{\"@type\":\"EntryPoint\",\"urlTemplate\":\"https:\\\/\\\/gohike.lv\\\/ru\\\/?s={search_term_string}\"},\"query-input\":{\"@type\":\"PropertyValueSpecification\",\"valueRequired\":true,\"valueName\":\"search_term_string\"}}],\"inLanguage\":\"ru-RU\"},{\"@type\":\"Organization\",\"@id\":\"https:\\\/\\\/gohike.lv\\\/ru\\\/#organization\",\"name\":\"GoHike\",\"url\":\"https:\\\/\\\/gohike.lv\\\/ru\\\/\",\"logo\":{\"@type\":\"ImageObject\",\"inLanguage\":\"ru-RU\",\"@id\":\"https:\\\/\\\/gohike.lv\\\/ru\\\/#\\\/schema\\\/logo\\\/image\\\/\",\"url\":\"https:\\\/\\\/gohike.lv\\\/wp-content\\\/uploads\\\/2023\\\/08\\\/Logo_GoHike.webp\",\"contentUrl\":\"https:\\\/\\\/gohike.lv\\\/wp-content\\\/uploads\\\/2023\\\/08\\\/Logo_GoHike.webp\",\"width\":512,\"height\":512,\"caption\":\"GoHike\"},\"image\":{\"@id\":\"https:\\\/\\\/gohike.lv\\\/ru\\\/#\\\/schema\\\/logo\\\/image\\\/\"},\"sameAs\":[\"https:\\\/\\\/www.facebook.com\\\/gohike.shop\\\/\",\"https:\\\/\\\/www.instagram.com\\\/gohike.shop\\\/\"]}]}<\/script>\n<!-- \/ Yoast SEO plugin. -->","yoast_head_json":{"title":"Naturehike - Viegls, saliekams t\u016brisma kr\u0113sls","description":"Naturehike saliekamais t\u016brisma kr\u0113sls - stil\u012bgs un \u0113rts aksesu\u0101rs, kas nodro\u0161in\u0101s augst\u0101ko komforta l\u012bmeni jebkur\u0101 situ\u0101cij\u0101.","robots":{"index":"index","follow":"follow","max-snippet":"max-snippet:-1","max-image-preview":"max-image-preview:large","max-video-preview":"max-video-preview:-1"},"canonical":"https:\/\/gohike.lv\/ru\/produkts\/naturehike-viegls-saliekams-turisma-kresls\/","og_locale":"ru_RU","og_type":"article","og_title":"Naturehike - Vieglais saliekamais t\u016brisma kr\u0113sls","og_description":"Naturehike saliekamais t\u016brisma kr\u0113sls - stil\u012bgs un \u0113rts aksesu\u0101rs, kas nodro\u0161in\u0101s augst\u0101ko komforta l\u012bmeni jebkur\u0101 situ\u0101cij\u0101.","og_url":"https:\/\/gohike.lv\/ru\/produkts\/naturehike-viegls-saliekams-turisma-kresls\/","og_site_name":"GoHike","article_publisher":"https:\/\/www.facebook.com\/gohike.shop\/","article_modified_time":"2025-12-30T14:25:04+00:00","og_image":[{"width":416,"height":470,"url":"https:\/\/gohike.lv\/wp-content\/uploads\/2024\/04\/LightweightFolding_Khaki.webp","type":"image\/webp"}],"twitter_card":"summary_large_image","twitter_title":"Naturehike - Vieglais saliekamais t\u016brisma kr\u0113sls","twitter_misc":{"\u041f\u0440\u0438\u043c\u0435\u0440\u043d\u043e\u0435 \u0432\u0440\u0435\u043c\u044f \u0434\u043b\u044f \u0447\u0442\u0435\u043d\u0438\u044f":"1 \u043c\u0438\u043d\u0443\u0442\u0430"},"schema":{"@context":"https:\/\/schema.org","@graph":[{"@type":["WebPage","ItemPage"],"@id":"https:\/\/gohike.lv\/ru\/produkts\/naturehike-viegls-saliekams-turisma-kresls\/","url":"https:\/\/gohike.lv\/ru\/produkts\/naturehike-viegls-saliekams-turisma-kresls\/","name":"Naturehike - Viegls, saliekams t\u016brisma kr\u0113sls","isPartOf":{"@id":"https:\/\/gohike.lv\/ru\/#website"},"primaryImageOfPage":{"@id":"https:\/\/gohike.lv\/ru\/produkts\/naturehike-viegls-saliekams-turisma-kresls\/#primaryimage"},"image":{"@id":"https:\/\/gohike.lv\/ru\/produkts\/naturehike-viegls-saliekams-turisma-kresls\/#primaryimage"},"thumbnailUrl":"https:\/\/gohike.lv\/wp-content\/uploads\/2024\/04\/LightweightFolding_Khaki.webp","datePublished":"2024-05-07T08:36:29+00:00","dateModified":"2025-12-30T14:25:04+00:00","description":"Naturehike saliekamais t\u016brisma kr\u0113sls - stil\u012bgs un \u0113rts aksesu\u0101rs, kas nodro\u0161in\u0101s augst\u0101ko komforta l\u012bmeni jebkur\u0101 situ\u0101cij\u0101.","breadcrumb":{"@id":"https:\/\/gohike.lv\/ru\/produkts\/naturehike-viegls-saliekams-turisma-kresls\/#breadcrumb"},"inLanguage":"ru-RU","potentialAction":[{"@type":"ReadAction","target":["https:\/\/gohike.lv\/ru\/produkts\/naturehike-viegls-saliekams-turisma-kresls\/"]}]},{"@type":"ImageObject","inLanguage":"ru-RU","@id":"https:\/\/gohike.lv\/ru\/produkts\/naturehike-viegls-saliekams-turisma-kresls\/#primaryimage","url":"https:\/\/gohike.lv\/wp-content\/uploads\/2024\/04\/LightweightFolding_Khaki.webp","contentUrl":"https:\/\/gohike.lv\/wp-content\/uploads\/2024\/04\/LightweightFolding_Khaki.webp","width":416,"height":470},{"@type":"BreadcrumbList","@id":"https:\/\/gohike.lv\/ru\/produkts\/naturehike-viegls-saliekams-turisma-kresls\/#breadcrumb","itemListElement":[{"@type":"ListItem","position":1,"name":"\u0413\u043b\u0430\u0432\u043d\u0430\u044f","item":"https:\/\/gohike.lv\/ru\/"},{"@type":"ListItem","position":2,"name":"\u041a\u0430\u0442\u0435\u0433\u043e\u0440\u0438\u0438 \u0442\u043e\u0432\u0430\u0440\u043e\u0432","item":"https:\/\/gohike.lv\/%d0%ba%d0%b0%d1%82%d0%b5%d0%b3%d0%be%d1%80%d0%b8%d0%b8-%d1%82%d0%be%d0%b2%d0%b0%d1%80%d0%be%d0%b2\/"},{"@type":"ListItem","position":3,"name":"Naturehike &#8211; Viegls, saliekams t\u016brisma kr\u0113sls"}]},{"@type":"WebSite","@id":"https:\/\/gohike.lv\/ru\/#website","url":"https:\/\/gohike.lv\/ru\/","name":"GoHike","description":"","publisher":{"@id":"https:\/\/gohike.lv\/ru\/#organization"},"potentialAction":[{"@type":"SearchAction","target":{"@type":"EntryPoint","urlTemplate":"https:\/\/gohike.lv\/ru\/?s={search_term_string}"},"query-input":{"@type":"PropertyValueSpecification","valueRequired":true,"valueName":"search_term_string"}}],"inLanguage":"ru-RU"},{"@type":"Organization","@id":"https:\/\/gohike.lv\/ru\/#organization","name":"GoHike","url":"https:\/\/gohike.lv\/ru\/","logo":{"@type":"ImageObject","inLanguage":"ru-RU","@id":"https:\/\/gohike.lv\/ru\/#\/schema\/logo\/image\/","url":"https:\/\/gohike.lv\/wp-content\/uploads\/2023\/08\/Logo_GoHike.webp","contentUrl":"https:\/\/gohike.lv\/wp-content\/uploads\/2023\/08\/Logo_GoHike.webp","width":512,"height":512,"caption":"GoHike"},"image":{"@id":"https:\/\/gohike.lv\/ru\/#\/schema\/logo\/image\/"},"sameAs":["https:\/\/www.facebook.com\/gohike.shop\/","https:\/\/www.instagram.com\/gohike.shop\/"]}]}},"jetpack_sharing_enabled":true,"_links":{"self":[{"href":"https:\/\/gohike.lv\/ru\/wp-json\/wp\/v2\/product\/53009","targetHints":{"allow":["GET"]}}],"collection":[{"href":"https:\/\/gohike.lv\/ru\/wp-json\/wp\/v2\/product"}],"about":[{"href":"https:\/\/gohike.lv\/ru\/wp-json\/wp\/v2\/types\/product"}],"version-history":[{"count":0,"href":"https:\/\/gohike.lv\/ru\/wp-json\/wp\/v2\/product\/53009\/revisions"}],"wp:featuredmedia":[{"embeddable":true,"href":"https:\/\/gohike.lv\/ru\/wp-json\/wp\/v2\/media\/29097"}],"wp:attachment":[{"href":"https:\/\/gohike.lv\/ru\/wp-json\/wp\/v2\/media?parent=53009"}],"wp:term":[{"taxonomy":"product_brand","embeddable":true,"href":"https:\/\/gohike.lv\/ru\/wp-json\/wp\/v2\/product_brand?post=53009"},{"taxonomy":"product_cat","embeddable":true,"href":"https:\/\/gohike.lv\/ru\/wp-json\/wp\/v2\/product_cat?post=53009"},{"taxonomy":"product_tag","embeddable":true,"href":"https:\/\/gohike.lv\/ru\/wp-json\/wp\/v2\/product_tag?post=53009"}],"curies":[{"name":"wp","href":"https:\/\/api.w.org\/{rel}","templated":true}]}}