{"id":52990,"date":"2024-05-07T11:35:49","date_gmt":"2024-05-07T08:35:49","guid":{"rendered":"https:\/\/gohike.lv\/produkts\/naturehike-mw01-turisma-saliekamais-kresls\/"},"modified":"2025-10-15T23:14:32","modified_gmt":"2025-10-15T20:14:32","slug":"naturehike-mw01-turisma-saliekamais-kresls","status":"publish","type":"product","link":"https:\/\/gohike.lv\/ru\/produkts\/naturehike-mw01-turisma-saliekamais-kresls\/","title":{"rendered":"Naturehike &#8212; MW01 T\u016brisma saliekams kr\u0113sls"},"content":{"rendered":"<p>Kr\u0113slu \u0113rti izmantot kemping\u0101 vai m\u0101j\u0101s.<br \/>\nPateicoties t\u0101 konstrukcijai un vieglajam svaram, to ir viegli p\u0101rn\u0113s\u0101t.<br \/>\nErgonomisks dizains, ko iesaka ortop\u0113di, nodro\u0161ina komfortu.<br \/>\nKr\u0113sla k\u0101j\u0101m ir nesl\u012bdo\u0161as gumijas uzmavas, t\u0101p\u0113c tas neskr\u0101p\u0113s gr\u012bdu.<br \/>\nR\u0101mis izgatavots no iztur\u012bga un uzticama alum\u012bnija sakaus\u0113juma, kas nodro\u0161ina lielisku iztur\u012bbu un stabilit\u0101ti.<br \/>\nS\u0113deklis un atzveltne izgatavoti no 600D bl\u012bvuma Oksforda poliestera.<br \/>\nJa materi\u0101ls paliek net\u012brs, to ir viegli no\u0146emt un izmazg\u0101t ve\u013cas ma\u0161\u012bn\u0101.<br \/>\nMaksim\u0101l\u0101 slodze l\u012bdz 113kg.<\/p>\n","protected":false},"excerpt":{"rendered":"<p>Naturehike Moon Beach saliekamais kr\u0113sls t\u016brismam un akt\u012bvai atp\u016btai.<\/p>\n","protected":false},"featured_media":30287,"template":"","meta":[],"product_brand":[13432],"product_cat":[9447,2493],"product_tag":[],"class_list":{"0":"post-52990","1":"product","2":"type-product","3":"status-publish","4":"has-post-thumbnail","6":"product_brand-naturehike-ru","7":"product_cat-izpardosana","8":"product_cat-kempinga-mebeles","9":"pa_krasa-haki","10":"pa_krasa-kamuflazs","11":"pa_krasa-13429","12":"pa_produkta-tips-kresli","14":"first","15":"instock","16":"sale","17":"taxable","18":"shipping-taxable","19":"purchasable","20":"product-type-variable","21":"has-default-attributes"},"raw_content":{"name":"Naturehike - MW01 T\u016brisma saliekams kr\u0113sls","description":"Kr\u0113slu \u0113rti izmantot kemping\u0101 vai m\u0101j\u0101s.\r\nPateicoties t\u0101 konstrukcijai un vieglajam svaram, to ir viegli p\u0101rn\u0113s\u0101t.\r\nErgonomisks dizains, ko iesaka ortop\u0113di, nodro\u0161ina komfortu.\r\nKr\u0113sla k\u0101j\u0101m ir nesl\u012bdo\u0161as gumijas uzmavas, t\u0101p\u0113c tas neskr\u0101p\u0113s gr\u012bdu.\r\nR\u0101mis izgatavots no iztur\u012bga un uzticama alum\u012bnija sakaus\u0113juma, kas nodro\u0161ina lielisku iztur\u012bbu un stabilit\u0101ti.\r\nS\u0113deklis un atzveltne izgatavoti no 600D bl\u012bvuma Oksforda poliestera.\r\nJa materi\u0101ls paliek net\u012brs, to ir viegli no\u0146emt un izmazg\u0101t ve\u013cas ma\u0161\u012bn\u0101.\r\nMaksim\u0101l\u0101 slodze l\u012bdz 113kg.","short_description":"Naturehike Moon Beach saliekamais kr\u0113sls t\u016brismam un akt\u012bvai atp\u016btai.","status":"publish","sku":"nat000197","original":52990},"wpml":{"translation_type":1,"has_translations":true,"original":52990,"duplicates":[],"translations":{"lv":52990,"en":68522,"ru":null}},"supplier_id":null,"supplier_sku":"","barcode":null,"atum_controlled":true,"out_stock_date":null,"out_stock_threshold":null,"inheritable":true,"inbound_stock":0,"stock_on_hold":0,"sold_today":0,"sales_last_days":0,"reserved_stock":0,"customer_returns":0,"warehouse_damage":0,"lost_in_post":0,"other_logs":0,"out_stock_days":0,"lost_sales":0,"has_location":false,"update_date":"2025-11-13T14:07:07","atum_locations":[],"atum_stock_status":"instock","restock_status":false,"low_stock_amount":"","sales_update_date":"2025-11-13T14:07:07","calc_backorders":null,"yoast_head":"<!-- This site is optimized with the Yoast SEO plugin v27.3 - https:\/\/yoast.com\/product\/yoast-seo-wordpress\/ -->\n<title>Naturehike - MW01 T\u016brisma saliekams kr\u0113sls<\/title>\n<meta name=\"description\" content=\"Naturehike Moon Beach saliekamais kr\u0113sls t\u016brismam un akt\u012bvai atp\u016btai. Ergonomisks dizains, ko iesaka ortop\u0113di, komfortabls.\" \/>\n<meta name=\"robots\" content=\"index, follow, max-snippet:-1, max-image-preview:large, max-video-preview:-1\" \/>\n<link rel=\"canonical\" href=\"https:\/\/gohike.lv\/ru\/produkts\/naturehike-mw01-turisma-saliekamais-kresls\/\" \/>\n<meta property=\"og:locale\" content=\"ru_RU\" \/>\n<meta property=\"og:type\" content=\"article\" \/>\n<meta property=\"og:title\" content=\"Naturehike - MW01 T\u016brisma saliekamais kr\u0113sls\" \/>\n<meta property=\"og:description\" content=\"Naturehike Moon Beach saliekamais kr\u0113sls t\u016brismam un akt\u012bvai atp\u016btai. Ergonomisks dizains, ko iesaka ortop\u0113di, komfortabls.\" \/>\n<meta property=\"og:url\" content=\"https:\/\/gohike.lv\/ru\/produkts\/naturehike-mw01-turisma-saliekamais-kresls\/\" \/>\n<meta property=\"og:site_name\" content=\"GoHike\" \/>\n<meta property=\"article:publisher\" content=\"https:\/\/www.facebook.com\/gohike.shop\/\" \/>\n<meta property=\"article:modified_time\" content=\"2025-10-15T20:14:32+00:00\" \/>\n<meta property=\"og:image\" content=\"https:\/\/gohike.lv\/wp-content\/uploads\/2024\/04\/MW01folding_black.webp\" \/>\n\t<meta property=\"og:image:width\" content=\"1500\" \/>\n\t<meta property=\"og:image:height\" content=\"1500\" \/>\n\t<meta property=\"og:image:type\" content=\"image\/webp\" \/>\n<meta name=\"twitter:card\" content=\"summary_large_image\" \/>\n<meta name=\"twitter:title\" content=\"Naturehike - MW01 T\u016brisma saliekamais kr\u0113sls\" \/>\n<meta name=\"twitter:label1\" content=\"\u041f\u0440\u0438\u043c\u0435\u0440\u043d\u043e\u0435 \u0432\u0440\u0435\u043c\u044f \u0434\u043b\u044f \u0447\u0442\u0435\u043d\u0438\u044f\" \/>\n\t<meta name=\"twitter:data1\" content=\"1 \u043c\u0438\u043d\u0443\u0442\u0430\" \/>\n<script type=\"application\/ld+json\" class=\"yoast-schema-graph\">{\"@context\":\"https:\\\/\\\/schema.org\",\"@graph\":[{\"@type\":[\"WebPage\",\"ItemPage\"],\"@id\":\"https:\\\/\\\/gohike.lv\\\/ru\\\/produkts\\\/naturehike-mw01-turisma-saliekamais-kresls\\\/\",\"url\":\"https:\\\/\\\/gohike.lv\\\/ru\\\/produkts\\\/naturehike-mw01-turisma-saliekamais-kresls\\\/\",\"name\":\"Naturehike - MW01 T\u016brisma saliekams kr\u0113sls\",\"isPartOf\":{\"@id\":\"https:\\\/\\\/gohike.lv\\\/ru\\\/#website\"},\"primaryImageOfPage\":{\"@id\":\"https:\\\/\\\/gohike.lv\\\/ru\\\/produkts\\\/naturehike-mw01-turisma-saliekamais-kresls\\\/#primaryimage\"},\"image\":{\"@id\":\"https:\\\/\\\/gohike.lv\\\/ru\\\/produkts\\\/naturehike-mw01-turisma-saliekamais-kresls\\\/#primaryimage\"},\"thumbnailUrl\":\"https:\\\/\\\/gohike.lv\\\/wp-content\\\/uploads\\\/2024\\\/04\\\/MW01folding_black.webp\",\"datePublished\":\"2024-05-07T08:35:49+00:00\",\"dateModified\":\"2025-10-15T20:14:32+00:00\",\"description\":\"Naturehike Moon Beach saliekamais kr\u0113sls t\u016brismam un akt\u012bvai atp\u016btai. Ergonomisks dizains, ko iesaka ortop\u0113di, komfortabls.\",\"breadcrumb\":{\"@id\":\"https:\\\/\\\/gohike.lv\\\/ru\\\/produkts\\\/naturehike-mw01-turisma-saliekamais-kresls\\\/#breadcrumb\"},\"inLanguage\":\"ru-RU\",\"potentialAction\":[{\"@type\":\"ReadAction\",\"target\":[\"https:\\\/\\\/gohike.lv\\\/ru\\\/produkts\\\/naturehike-mw01-turisma-saliekamais-kresls\\\/\"]}]},{\"@type\":\"ImageObject\",\"inLanguage\":\"ru-RU\",\"@id\":\"https:\\\/\\\/gohike.lv\\\/ru\\\/produkts\\\/naturehike-mw01-turisma-saliekamais-kresls\\\/#primaryimage\",\"url\":\"https:\\\/\\\/gohike.lv\\\/wp-content\\\/uploads\\\/2024\\\/04\\\/MW01folding_black.webp\",\"contentUrl\":\"https:\\\/\\\/gohike.lv\\\/wp-content\\\/uploads\\\/2024\\\/04\\\/MW01folding_black.webp\",\"width\":1500,\"height\":1500},{\"@type\":\"BreadcrumbList\",\"@id\":\"https:\\\/\\\/gohike.lv\\\/ru\\\/produkts\\\/naturehike-mw01-turisma-saliekamais-kresls\\\/#breadcrumb\",\"itemListElement\":[{\"@type\":\"ListItem\",\"position\":1,\"name\":\"\u0413\u043b\u0430\u0432\u043d\u0430\u044f\",\"item\":\"https:\\\/\\\/gohike.lv\\\/ru\\\/\"},{\"@type\":\"ListItem\",\"position\":2,\"name\":\"\u041a\u0430\u0442\u0435\u0433\u043e\u0440\u0438\u0438 \u0442\u043e\u0432\u0430\u0440\u043e\u0432\",\"item\":\"https:\\\/\\\/gohike.lv\\\/%d0%ba%d0%b0%d1%82%d0%b5%d0%b3%d0%be%d1%80%d0%b8%d0%b8-%d1%82%d0%be%d0%b2%d0%b0%d1%80%d0%be%d0%b2\\\/\"},{\"@type\":\"ListItem\",\"position\":3,\"name\":\"Naturehike &#8211; MW01 T\u016brisma saliekams kr\u0113sls\"}]},{\"@type\":\"WebSite\",\"@id\":\"https:\\\/\\\/gohike.lv\\\/ru\\\/#website\",\"url\":\"https:\\\/\\\/gohike.lv\\\/ru\\\/\",\"name\":\"GoHike\",\"description\":\"\",\"publisher\":{\"@id\":\"https:\\\/\\\/gohike.lv\\\/ru\\\/#organization\"},\"potentialAction\":[{\"@type\":\"SearchAction\",\"target\":{\"@type\":\"EntryPoint\",\"urlTemplate\":\"https:\\\/\\\/gohike.lv\\\/ru\\\/?s={search_term_string}\"},\"query-input\":{\"@type\":\"PropertyValueSpecification\",\"valueRequired\":true,\"valueName\":\"search_term_string\"}}],\"inLanguage\":\"ru-RU\"},{\"@type\":\"Organization\",\"@id\":\"https:\\\/\\\/gohike.lv\\\/ru\\\/#organization\",\"name\":\"GoHike\",\"url\":\"https:\\\/\\\/gohike.lv\\\/ru\\\/\",\"logo\":{\"@type\":\"ImageObject\",\"inLanguage\":\"ru-RU\",\"@id\":\"https:\\\/\\\/gohike.lv\\\/ru\\\/#\\\/schema\\\/logo\\\/image\\\/\",\"url\":\"https:\\\/\\\/gohike.lv\\\/wp-content\\\/uploads\\\/2023\\\/08\\\/Logo_GoHike.webp\",\"contentUrl\":\"https:\\\/\\\/gohike.lv\\\/wp-content\\\/uploads\\\/2023\\\/08\\\/Logo_GoHike.webp\",\"width\":512,\"height\":512,\"caption\":\"GoHike\"},\"image\":{\"@id\":\"https:\\\/\\\/gohike.lv\\\/ru\\\/#\\\/schema\\\/logo\\\/image\\\/\"},\"sameAs\":[\"https:\\\/\\\/www.facebook.com\\\/gohike.shop\\\/\",\"https:\\\/\\\/www.instagram.com\\\/gohike.shop\\\/\"]}]}<\/script>\n<!-- \/ Yoast SEO plugin. -->","yoast_head_json":{"title":"Naturehike - MW01 T\u016brisma saliekams kr\u0113sls","description":"Naturehike Moon Beach saliekamais kr\u0113sls t\u016brismam un akt\u012bvai atp\u016btai. Ergonomisks dizains, ko iesaka ortop\u0113di, komfortabls.","robots":{"index":"index","follow":"follow","max-snippet":"max-snippet:-1","max-image-preview":"max-image-preview:large","max-video-preview":"max-video-preview:-1"},"canonical":"https:\/\/gohike.lv\/ru\/produkts\/naturehike-mw01-turisma-saliekamais-kresls\/","og_locale":"ru_RU","og_type":"article","og_title":"Naturehike - MW01 T\u016brisma saliekamais kr\u0113sls","og_description":"Naturehike Moon Beach saliekamais kr\u0113sls t\u016brismam un akt\u012bvai atp\u016btai. Ergonomisks dizains, ko iesaka ortop\u0113di, komfortabls.","og_url":"https:\/\/gohike.lv\/ru\/produkts\/naturehike-mw01-turisma-saliekamais-kresls\/","og_site_name":"GoHike","article_publisher":"https:\/\/www.facebook.com\/gohike.shop\/","article_modified_time":"2025-10-15T20:14:32+00:00","og_image":[{"width":1500,"height":1500,"url":"https:\/\/gohike.lv\/wp-content\/uploads\/2024\/04\/MW01folding_black.webp","type":"image\/webp"}],"twitter_card":"summary_large_image","twitter_title":"Naturehike - MW01 T\u016brisma saliekamais kr\u0113sls","twitter_misc":{"\u041f\u0440\u0438\u043c\u0435\u0440\u043d\u043e\u0435 \u0432\u0440\u0435\u043c\u044f \u0434\u043b\u044f \u0447\u0442\u0435\u043d\u0438\u044f":"1 \u043c\u0438\u043d\u0443\u0442\u0430"},"schema":{"@context":"https:\/\/schema.org","@graph":[{"@type":["WebPage","ItemPage"],"@id":"https:\/\/gohike.lv\/ru\/produkts\/naturehike-mw01-turisma-saliekamais-kresls\/","url":"https:\/\/gohike.lv\/ru\/produkts\/naturehike-mw01-turisma-saliekamais-kresls\/","name":"Naturehike - MW01 T\u016brisma saliekams kr\u0113sls","isPartOf":{"@id":"https:\/\/gohike.lv\/ru\/#website"},"primaryImageOfPage":{"@id":"https:\/\/gohike.lv\/ru\/produkts\/naturehike-mw01-turisma-saliekamais-kresls\/#primaryimage"},"image":{"@id":"https:\/\/gohike.lv\/ru\/produkts\/naturehike-mw01-turisma-saliekamais-kresls\/#primaryimage"},"thumbnailUrl":"https:\/\/gohike.lv\/wp-content\/uploads\/2024\/04\/MW01folding_black.webp","datePublished":"2024-05-07T08:35:49+00:00","dateModified":"2025-10-15T20:14:32+00:00","description":"Naturehike Moon Beach saliekamais kr\u0113sls t\u016brismam un akt\u012bvai atp\u016btai. Ergonomisks dizains, ko iesaka ortop\u0113di, komfortabls.","breadcrumb":{"@id":"https:\/\/gohike.lv\/ru\/produkts\/naturehike-mw01-turisma-saliekamais-kresls\/#breadcrumb"},"inLanguage":"ru-RU","potentialAction":[{"@type":"ReadAction","target":["https:\/\/gohike.lv\/ru\/produkts\/naturehike-mw01-turisma-saliekamais-kresls\/"]}]},{"@type":"ImageObject","inLanguage":"ru-RU","@id":"https:\/\/gohike.lv\/ru\/produkts\/naturehike-mw01-turisma-saliekamais-kresls\/#primaryimage","url":"https:\/\/gohike.lv\/wp-content\/uploads\/2024\/04\/MW01folding_black.webp","contentUrl":"https:\/\/gohike.lv\/wp-content\/uploads\/2024\/04\/MW01folding_black.webp","width":1500,"height":1500},{"@type":"BreadcrumbList","@id":"https:\/\/gohike.lv\/ru\/produkts\/naturehike-mw01-turisma-saliekamais-kresls\/#breadcrumb","itemListElement":[{"@type":"ListItem","position":1,"name":"\u0413\u043b\u0430\u0432\u043d\u0430\u044f","item":"https:\/\/gohike.lv\/ru\/"},{"@type":"ListItem","position":2,"name":"\u041a\u0430\u0442\u0435\u0433\u043e\u0440\u0438\u0438 \u0442\u043e\u0432\u0430\u0440\u043e\u0432","item":"https:\/\/gohike.lv\/%d0%ba%d0%b0%d1%82%d0%b5%d0%b3%d0%be%d1%80%d0%b8%d0%b8-%d1%82%d0%be%d0%b2%d0%b0%d1%80%d0%be%d0%b2\/"},{"@type":"ListItem","position":3,"name":"Naturehike &#8211; MW01 T\u016brisma saliekams kr\u0113sls"}]},{"@type":"WebSite","@id":"https:\/\/gohike.lv\/ru\/#website","url":"https:\/\/gohike.lv\/ru\/","name":"GoHike","description":"","publisher":{"@id":"https:\/\/gohike.lv\/ru\/#organization"},"potentialAction":[{"@type":"SearchAction","target":{"@type":"EntryPoint","urlTemplate":"https:\/\/gohike.lv\/ru\/?s={search_term_string}"},"query-input":{"@type":"PropertyValueSpecification","valueRequired":true,"valueName":"search_term_string"}}],"inLanguage":"ru-RU"},{"@type":"Organization","@id":"https:\/\/gohike.lv\/ru\/#organization","name":"GoHike","url":"https:\/\/gohike.lv\/ru\/","logo":{"@type":"ImageObject","inLanguage":"ru-RU","@id":"https:\/\/gohike.lv\/ru\/#\/schema\/logo\/image\/","url":"https:\/\/gohike.lv\/wp-content\/uploads\/2023\/08\/Logo_GoHike.webp","contentUrl":"https:\/\/gohike.lv\/wp-content\/uploads\/2023\/08\/Logo_GoHike.webp","width":512,"height":512,"caption":"GoHike"},"image":{"@id":"https:\/\/gohike.lv\/ru\/#\/schema\/logo\/image\/"},"sameAs":["https:\/\/www.facebook.com\/gohike.shop\/","https:\/\/www.instagram.com\/gohike.shop\/"]}]}},"jetpack_sharing_enabled":true,"_links":{"self":[{"href":"https:\/\/gohike.lv\/ru\/wp-json\/wp\/v2\/product\/52990","targetHints":{"allow":["GET"]}}],"collection":[{"href":"https:\/\/gohike.lv\/ru\/wp-json\/wp\/v2\/product"}],"about":[{"href":"https:\/\/gohike.lv\/ru\/wp-json\/wp\/v2\/types\/product"}],"version-history":[{"count":0,"href":"https:\/\/gohike.lv\/ru\/wp-json\/wp\/v2\/product\/52990\/revisions"}],"wp:featuredmedia":[{"embeddable":true,"href":"https:\/\/gohike.lv\/ru\/wp-json\/wp\/v2\/media\/30287"}],"wp:attachment":[{"href":"https:\/\/gohike.lv\/ru\/wp-json\/wp\/v2\/media?parent=52990"}],"wp:term":[{"taxonomy":"product_brand","embeddable":true,"href":"https:\/\/gohike.lv\/ru\/wp-json\/wp\/v2\/product_brand?post=52990"},{"taxonomy":"product_cat","embeddable":true,"href":"https:\/\/gohike.lv\/ru\/wp-json\/wp\/v2\/product_cat?post=52990"},{"taxonomy":"product_tag","embeddable":true,"href":"https:\/\/gohike.lv\/ru\/wp-json\/wp\/v2\/product_tag?post=52990"}],"curies":[{"name":"wp","href":"https:\/\/api.w.org\/{rel}","templated":true}]}}