{"id":52968,"date":"2024-05-07T11:35:08","date_gmt":"2024-05-07T08:35:08","guid":{"rendered":"https:\/\/gohike.lv\/produkts\/naturehike-yl08-mini-kresls-berniem-moon\/"},"modified":"2025-12-22T19:53:46","modified_gmt":"2025-12-22T16:53:46","slug":"naturehike-yl08-mini-kresls-berniem-moon","status":"publish","type":"product","link":"https:\/\/gohike.lv\/ru\/produkts\/naturehike-yl08-mini-kresls-berniem-moon\/","title":{"rendered":"Naturehike &#8212; YL08 Mini kr\u0113sls b\u0113rniem Moon"},"content":{"rendered":"<p>Modelis: CNH22JU008 YL08.<br \/>\nLab\u0101ka stabilit\u0101te nek\u0101 koka pamatnei un plastmasas kr\u0113sla k\u0101j\u0101m.<br \/>\nIztur\u012bgs pret r\u016bsu un ilgm\u016b\u017e\u012bgs.<br \/>\nMazs un viegls, to var ielikt mugursom\u0101.<br \/>\nAugstas kvalit\u0101tes alum\u012bnija sakaus\u0113jums ar smalku izgatavo\u0161anas kvalit\u0101ti padara to iztur\u012bgu un ilgm\u016b\u017e\u012bgu.<br \/>\nSoma glab\u0101\u0161anai.<br \/>\nMaksim\u0101lais svars: l\u012bdz 120 kg.<\/p>\n","protected":false},"excerpt":{"rendered":"<p>\u0160is b\u0113rnu p\u0101rg\u0101jienu kr\u0113sls ir \u012bpa\u0161i izstr\u0101d\u0101ts lieto\u0161anai akt\u012bv\u0101 atp\u016bt\u0101, piem\u0113ram, piknik\u0101, p\u0101rg\u0101jien\u0101 vai kemping\u0101.<\/p>\n","protected":false},"featured_media":28913,"template":"","meta":[],"product_brand":[167],"product_cat":[9459,9447,2493],"product_tag":[],"class_list":{"0":"post-52968","1":"product","2":"type-product","3":"status-publish","4":"has-post-thumbnail","6":"product_brand-naturehike-lv","7":"product_cat-berniem","8":"product_cat-izpardosana","9":"product_cat-kempinga-mebeles","10":"pa_krasa-bess","11":"pa_krasa-haki","12":"pa_krasa-zals","13":"pa_produkta-tips-kresli","15":"first","16":"instock","17":"sale","18":"taxable","19":"shipping-taxable","20":"purchasable","21":"product-type-variable","22":"has-default-attributes"},"raw_content":{"name":"Naturehike - YL08 Mini kr\u0113sls b\u0113rniem Moon","description":"Modelis: CNH22JU008 YL08.\r\nLab\u0101ka stabilit\u0101te nek\u0101 koka pamatnei un plastmasas kr\u0113sla k\u0101j\u0101m.\r\nIztur\u012bgs pret r\u016bsu un ilgm\u016b\u017e\u012bgs.\r\nMazs un viegls, to var ielikt mugursom\u0101.\r\nAugstas kvalit\u0101tes alum\u012bnija sakaus\u0113jums ar smalku izgatavo\u0161anas kvalit\u0101ti padara to iztur\u012bgu un ilgm\u016b\u017e\u012bgu.\r\nSoma glab\u0101\u0161anai.\r\nMaksim\u0101lais svars: l\u012bdz 120 kg.","short_description":"\u0160is b\u0113rnu p\u0101rg\u0101jienu kr\u0113sls ir \u012bpa\u0161i izstr\u0101d\u0101ts lieto\u0161anai akt\u012bv\u0101 atp\u016bt\u0101, piem\u0113ram, piknik\u0101, p\u0101rg\u0101jien\u0101 vai kemping\u0101.","status":"publish","sku":"nat000192","original":52968},"wpml":{"translation_type":1,"has_translations":true,"original":52968,"duplicates":[],"translations":{"lv":52968,"en":68487,"ru":null}},"supplier_id":null,"supplier_sku":"","barcode":null,"atum_controlled":true,"out_stock_date":null,"out_stock_threshold":null,"inheritable":true,"inbound_stock":0,"stock_on_hold":0,"sold_today":0,"sales_last_days":0,"reserved_stock":0,"customer_returns":0,"warehouse_damage":0,"lost_in_post":0,"other_logs":0,"out_stock_days":0,"lost_sales":0,"has_location":false,"update_date":"2025-11-13T14:08:27","atum_locations":[],"atum_stock_status":"instock","restock_status":false,"low_stock_amount":"","sales_update_date":"2025-11-13T14:07:21","calc_backorders":null,"yoast_head":"<!-- This site is optimized with the Yoast SEO plugin v27.3 - https:\/\/yoast.com\/product\/yoast-seo-wordpress\/ -->\n<title>Naturehike - YL08 Mini kr\u0113sls b\u0113rniem Moon<\/title>\n<meta name=\"description\" content=\"\u0160is b\u0113rnu p\u0101rg\u0101jienu kr\u0113sls ir \u012bpa\u0161i izstr\u0101d\u0101ts lieto\u0161anai akt\u012bv\u0101 atp\u016bt\u0101, piem\u0113ram, piknik\u0101, p\u0101rg\u0101jien\u0101 vai kemping\u0101. Mazs un viegls, var ielikt mugursom\u0101.\" \/>\n<meta name=\"robots\" content=\"index, follow, max-snippet:-1, max-image-preview:large, max-video-preview:-1\" \/>\n<link rel=\"canonical\" href=\"https:\/\/gohike.lv\/ru\/produkts\/naturehike-yl08-mini-kresls-berniem-moon\/\" \/>\n<meta property=\"og:locale\" content=\"ru_RU\" \/>\n<meta property=\"og:type\" content=\"article\" \/>\n<meta property=\"og:title\" content=\"Naturehike - YL08 Mini kr\u0113sls b\u0113rniem Moon\" \/>\n<meta property=\"og:description\" content=\"\u0160is b\u0113rnu p\u0101rg\u0101jienu kr\u0113sls ir \u012bpa\u0161i izstr\u0101d\u0101ts lieto\u0161anai akt\u012bv\u0101 atp\u016bt\u0101, piem\u0113ram, piknik\u0101, p\u0101rg\u0101jien\u0101 vai kemping\u0101. Mazs un viegls, var ielikt mugursom\u0101.\" \/>\n<meta property=\"og:url\" content=\"https:\/\/gohike.lv\/ru\/produkts\/naturehike-yl08-mini-kresls-berniem-moon\/\" \/>\n<meta property=\"og:site_name\" content=\"GoHike\" \/>\n<meta property=\"article:publisher\" content=\"https:\/\/www.facebook.com\/gohike.shop\/\" \/>\n<meta property=\"article:modified_time\" content=\"2025-12-22T16:53:46+00:00\" \/>\n<meta property=\"og:image\" content=\"https:\/\/gohike.lv\/wp-content\/uploads\/2024\/04\/YL08kids_green.webp\" \/>\n\t<meta property=\"og:image:width\" content=\"1200\" \/>\n\t<meta property=\"og:image:height\" content=\"1200\" \/>\n\t<meta property=\"og:image:type\" content=\"image\/webp\" \/>\n<meta name=\"twitter:card\" content=\"summary_large_image\" \/>\n<meta name=\"twitter:title\" content=\"Naturehike - YL08 Mini kr\u0113sls b\u0113rniem Moon\" \/>\n<meta name=\"twitter:label1\" content=\"\u041f\u0440\u0438\u043c\u0435\u0440\u043d\u043e\u0435 \u0432\u0440\u0435\u043c\u044f \u0434\u043b\u044f \u0447\u0442\u0435\u043d\u0438\u044f\" \/>\n\t<meta name=\"twitter:data1\" content=\"1 \u043c\u0438\u043d\u0443\u0442\u0430\" \/>\n<script type=\"application\/ld+json\" class=\"yoast-schema-graph\">{\"@context\":\"https:\\\/\\\/schema.org\",\"@graph\":[{\"@type\":[\"WebPage\",\"ItemPage\"],\"@id\":\"https:\\\/\\\/gohike.lv\\\/ru\\\/produkts\\\/naturehike-yl08-mini-kresls-berniem-moon\\\/\",\"url\":\"https:\\\/\\\/gohike.lv\\\/ru\\\/produkts\\\/naturehike-yl08-mini-kresls-berniem-moon\\\/\",\"name\":\"Naturehike - YL08 Mini kr\u0113sls b\u0113rniem Moon\",\"isPartOf\":{\"@id\":\"https:\\\/\\\/gohike.lv\\\/ru\\\/#website\"},\"primaryImageOfPage\":{\"@id\":\"https:\\\/\\\/gohike.lv\\\/ru\\\/produkts\\\/naturehike-yl08-mini-kresls-berniem-moon\\\/#primaryimage\"},\"image\":{\"@id\":\"https:\\\/\\\/gohike.lv\\\/ru\\\/produkts\\\/naturehike-yl08-mini-kresls-berniem-moon\\\/#primaryimage\"},\"thumbnailUrl\":\"https:\\\/\\\/gohike.lv\\\/wp-content\\\/uploads\\\/2024\\\/04\\\/YL08kids_green.webp\",\"datePublished\":\"2024-05-07T08:35:08+00:00\",\"dateModified\":\"2025-12-22T16:53:46+00:00\",\"description\":\"\u0160is b\u0113rnu p\u0101rg\u0101jienu kr\u0113sls ir \u012bpa\u0161i izstr\u0101d\u0101ts lieto\u0161anai akt\u012bv\u0101 atp\u016bt\u0101, piem\u0113ram, piknik\u0101, p\u0101rg\u0101jien\u0101 vai kemping\u0101. Mazs un viegls, var ielikt mugursom\u0101.\",\"breadcrumb\":{\"@id\":\"https:\\\/\\\/gohike.lv\\\/ru\\\/produkts\\\/naturehike-yl08-mini-kresls-berniem-moon\\\/#breadcrumb\"},\"inLanguage\":\"ru-RU\",\"potentialAction\":[{\"@type\":\"ReadAction\",\"target\":[\"https:\\\/\\\/gohike.lv\\\/ru\\\/produkts\\\/naturehike-yl08-mini-kresls-berniem-moon\\\/\"]}]},{\"@type\":\"ImageObject\",\"inLanguage\":\"ru-RU\",\"@id\":\"https:\\\/\\\/gohike.lv\\\/ru\\\/produkts\\\/naturehike-yl08-mini-kresls-berniem-moon\\\/#primaryimage\",\"url\":\"https:\\\/\\\/gohike.lv\\\/wp-content\\\/uploads\\\/2024\\\/04\\\/YL08kids_green.webp\",\"contentUrl\":\"https:\\\/\\\/gohike.lv\\\/wp-content\\\/uploads\\\/2024\\\/04\\\/YL08kids_green.webp\",\"width\":1200,\"height\":1200},{\"@type\":\"BreadcrumbList\",\"@id\":\"https:\\\/\\\/gohike.lv\\\/ru\\\/produkts\\\/naturehike-yl08-mini-kresls-berniem-moon\\\/#breadcrumb\",\"itemListElement\":[{\"@type\":\"ListItem\",\"position\":1,\"name\":\"\u0413\u043b\u0430\u0432\u043d\u0430\u044f\",\"item\":\"https:\\\/\\\/gohike.lv\\\/ru\\\/\"},{\"@type\":\"ListItem\",\"position\":2,\"name\":\"\u041a\u0430\u0442\u0435\u0433\u043e\u0440\u0438\u0438 \u0442\u043e\u0432\u0430\u0440\u043e\u0432\",\"item\":\"https:\\\/\\\/gohike.lv\\\/%d0%ba%d0%b0%d1%82%d0%b5%d0%b3%d0%be%d1%80%d0%b8%d0%b8-%d1%82%d0%be%d0%b2%d0%b0%d1%80%d0%be%d0%b2\\\/\"},{\"@type\":\"ListItem\",\"position\":3,\"name\":\"Naturehike &#8211; YL08 Mini kr\u0113sls b\u0113rniem Moon\"}]},{\"@type\":\"WebSite\",\"@id\":\"https:\\\/\\\/gohike.lv\\\/ru\\\/#website\",\"url\":\"https:\\\/\\\/gohike.lv\\\/ru\\\/\",\"name\":\"GoHike\",\"description\":\"\",\"publisher\":{\"@id\":\"https:\\\/\\\/gohike.lv\\\/ru\\\/#organization\"},\"potentialAction\":[{\"@type\":\"SearchAction\",\"target\":{\"@type\":\"EntryPoint\",\"urlTemplate\":\"https:\\\/\\\/gohike.lv\\\/ru\\\/?s={search_term_string}\"},\"query-input\":{\"@type\":\"PropertyValueSpecification\",\"valueRequired\":true,\"valueName\":\"search_term_string\"}}],\"inLanguage\":\"ru-RU\"},{\"@type\":\"Organization\",\"@id\":\"https:\\\/\\\/gohike.lv\\\/ru\\\/#organization\",\"name\":\"GoHike\",\"url\":\"https:\\\/\\\/gohike.lv\\\/ru\\\/\",\"logo\":{\"@type\":\"ImageObject\",\"inLanguage\":\"ru-RU\",\"@id\":\"https:\\\/\\\/gohike.lv\\\/ru\\\/#\\\/schema\\\/logo\\\/image\\\/\",\"url\":\"https:\\\/\\\/gohike.lv\\\/wp-content\\\/uploads\\\/2023\\\/08\\\/Logo_GoHike.webp\",\"contentUrl\":\"https:\\\/\\\/gohike.lv\\\/wp-content\\\/uploads\\\/2023\\\/08\\\/Logo_GoHike.webp\",\"width\":512,\"height\":512,\"caption\":\"GoHike\"},\"image\":{\"@id\":\"https:\\\/\\\/gohike.lv\\\/ru\\\/#\\\/schema\\\/logo\\\/image\\\/\"},\"sameAs\":[\"https:\\\/\\\/www.facebook.com\\\/gohike.shop\\\/\",\"https:\\\/\\\/www.instagram.com\\\/gohike.shop\\\/\"]}]}<\/script>\n<!-- \/ Yoast SEO plugin. -->","yoast_head_json":{"title":"Naturehike - YL08 Mini kr\u0113sls b\u0113rniem Moon","description":"\u0160is b\u0113rnu p\u0101rg\u0101jienu kr\u0113sls ir \u012bpa\u0161i izstr\u0101d\u0101ts lieto\u0161anai akt\u012bv\u0101 atp\u016bt\u0101, piem\u0113ram, piknik\u0101, p\u0101rg\u0101jien\u0101 vai kemping\u0101. Mazs un viegls, var ielikt mugursom\u0101.","robots":{"index":"index","follow":"follow","max-snippet":"max-snippet:-1","max-image-preview":"max-image-preview:large","max-video-preview":"max-video-preview:-1"},"canonical":"https:\/\/gohike.lv\/ru\/produkts\/naturehike-yl08-mini-kresls-berniem-moon\/","og_locale":"ru_RU","og_type":"article","og_title":"Naturehike - YL08 Mini kr\u0113sls b\u0113rniem Moon","og_description":"\u0160is b\u0113rnu p\u0101rg\u0101jienu kr\u0113sls ir \u012bpa\u0161i izstr\u0101d\u0101ts lieto\u0161anai akt\u012bv\u0101 atp\u016bt\u0101, piem\u0113ram, piknik\u0101, p\u0101rg\u0101jien\u0101 vai kemping\u0101. Mazs un viegls, var ielikt mugursom\u0101.","og_url":"https:\/\/gohike.lv\/ru\/produkts\/naturehike-yl08-mini-kresls-berniem-moon\/","og_site_name":"GoHike","article_publisher":"https:\/\/www.facebook.com\/gohike.shop\/","article_modified_time":"2025-12-22T16:53:46+00:00","og_image":[{"width":1200,"height":1200,"url":"https:\/\/gohike.lv\/wp-content\/uploads\/2024\/04\/YL08kids_green.webp","type":"image\/webp"}],"twitter_card":"summary_large_image","twitter_title":"Naturehike - YL08 Mini kr\u0113sls b\u0113rniem Moon","twitter_misc":{"\u041f\u0440\u0438\u043c\u0435\u0440\u043d\u043e\u0435 \u0432\u0440\u0435\u043c\u044f \u0434\u043b\u044f \u0447\u0442\u0435\u043d\u0438\u044f":"1 \u043c\u0438\u043d\u0443\u0442\u0430"},"schema":{"@context":"https:\/\/schema.org","@graph":[{"@type":["WebPage","ItemPage"],"@id":"https:\/\/gohike.lv\/ru\/produkts\/naturehike-yl08-mini-kresls-berniem-moon\/","url":"https:\/\/gohike.lv\/ru\/produkts\/naturehike-yl08-mini-kresls-berniem-moon\/","name":"Naturehike - YL08 Mini kr\u0113sls b\u0113rniem Moon","isPartOf":{"@id":"https:\/\/gohike.lv\/ru\/#website"},"primaryImageOfPage":{"@id":"https:\/\/gohike.lv\/ru\/produkts\/naturehike-yl08-mini-kresls-berniem-moon\/#primaryimage"},"image":{"@id":"https:\/\/gohike.lv\/ru\/produkts\/naturehike-yl08-mini-kresls-berniem-moon\/#primaryimage"},"thumbnailUrl":"https:\/\/gohike.lv\/wp-content\/uploads\/2024\/04\/YL08kids_green.webp","datePublished":"2024-05-07T08:35:08+00:00","dateModified":"2025-12-22T16:53:46+00:00","description":"\u0160is b\u0113rnu p\u0101rg\u0101jienu kr\u0113sls ir \u012bpa\u0161i izstr\u0101d\u0101ts lieto\u0161anai akt\u012bv\u0101 atp\u016bt\u0101, piem\u0113ram, piknik\u0101, p\u0101rg\u0101jien\u0101 vai kemping\u0101. Mazs un viegls, var ielikt mugursom\u0101.","breadcrumb":{"@id":"https:\/\/gohike.lv\/ru\/produkts\/naturehike-yl08-mini-kresls-berniem-moon\/#breadcrumb"},"inLanguage":"ru-RU","potentialAction":[{"@type":"ReadAction","target":["https:\/\/gohike.lv\/ru\/produkts\/naturehike-yl08-mini-kresls-berniem-moon\/"]}]},{"@type":"ImageObject","inLanguage":"ru-RU","@id":"https:\/\/gohike.lv\/ru\/produkts\/naturehike-yl08-mini-kresls-berniem-moon\/#primaryimage","url":"https:\/\/gohike.lv\/wp-content\/uploads\/2024\/04\/YL08kids_green.webp","contentUrl":"https:\/\/gohike.lv\/wp-content\/uploads\/2024\/04\/YL08kids_green.webp","width":1200,"height":1200},{"@type":"BreadcrumbList","@id":"https:\/\/gohike.lv\/ru\/produkts\/naturehike-yl08-mini-kresls-berniem-moon\/#breadcrumb","itemListElement":[{"@type":"ListItem","position":1,"name":"\u0413\u043b\u0430\u0432\u043d\u0430\u044f","item":"https:\/\/gohike.lv\/ru\/"},{"@type":"ListItem","position":2,"name":"\u041a\u0430\u0442\u0435\u0433\u043e\u0440\u0438\u0438 \u0442\u043e\u0432\u0430\u0440\u043e\u0432","item":"https:\/\/gohike.lv\/%d0%ba%d0%b0%d1%82%d0%b5%d0%b3%d0%be%d1%80%d0%b8%d0%b8-%d1%82%d0%be%d0%b2%d0%b0%d1%80%d0%be%d0%b2\/"},{"@type":"ListItem","position":3,"name":"Naturehike &#8211; YL08 Mini kr\u0113sls b\u0113rniem Moon"}]},{"@type":"WebSite","@id":"https:\/\/gohike.lv\/ru\/#website","url":"https:\/\/gohike.lv\/ru\/","name":"GoHike","description":"","publisher":{"@id":"https:\/\/gohike.lv\/ru\/#organization"},"potentialAction":[{"@type":"SearchAction","target":{"@type":"EntryPoint","urlTemplate":"https:\/\/gohike.lv\/ru\/?s={search_term_string}"},"query-input":{"@type":"PropertyValueSpecification","valueRequired":true,"valueName":"search_term_string"}}],"inLanguage":"ru-RU"},{"@type":"Organization","@id":"https:\/\/gohike.lv\/ru\/#organization","name":"GoHike","url":"https:\/\/gohike.lv\/ru\/","logo":{"@type":"ImageObject","inLanguage":"ru-RU","@id":"https:\/\/gohike.lv\/ru\/#\/schema\/logo\/image\/","url":"https:\/\/gohike.lv\/wp-content\/uploads\/2023\/08\/Logo_GoHike.webp","contentUrl":"https:\/\/gohike.lv\/wp-content\/uploads\/2023\/08\/Logo_GoHike.webp","width":512,"height":512,"caption":"GoHike"},"image":{"@id":"https:\/\/gohike.lv\/ru\/#\/schema\/logo\/image\/"},"sameAs":["https:\/\/www.facebook.com\/gohike.shop\/","https:\/\/www.instagram.com\/gohike.shop\/"]}]}},"jetpack_sharing_enabled":true,"_links":{"self":[{"href":"https:\/\/gohike.lv\/ru\/wp-json\/wp\/v2\/product\/52968","targetHints":{"allow":["GET"]}}],"collection":[{"href":"https:\/\/gohike.lv\/ru\/wp-json\/wp\/v2\/product"}],"about":[{"href":"https:\/\/gohike.lv\/ru\/wp-json\/wp\/v2\/types\/product"}],"version-history":[{"count":0,"href":"https:\/\/gohike.lv\/ru\/wp-json\/wp\/v2\/product\/52968\/revisions"}],"wp:featuredmedia":[{"embeddable":true,"href":"https:\/\/gohike.lv\/ru\/wp-json\/wp\/v2\/media\/28913"}],"wp:attachment":[{"href":"https:\/\/gohike.lv\/ru\/wp-json\/wp\/v2\/media?parent=52968"}],"wp:term":[{"taxonomy":"product_brand","embeddable":true,"href":"https:\/\/gohike.lv\/ru\/wp-json\/wp\/v2\/product_brand?post=52968"},{"taxonomy":"product_cat","embeddable":true,"href":"https:\/\/gohike.lv\/ru\/wp-json\/wp\/v2\/product_cat?post=52968"},{"taxonomy":"product_tag","embeddable":true,"href":"https:\/\/gohike.lv\/ru\/wp-json\/wp\/v2\/product_tag?post=52968"}],"curies":[{"name":"wp","href":"https:\/\/api.w.org\/{rel}","templated":true}]}}